{"id":4416,"date":"2018-11-22T11:03:39","date_gmt":"2018-11-22T11:03:39","guid":{"rendered":"https:\/\/tnd.ontesting.co.uk\/odswiezajaca-maska-do-twarzy-z-ogorkiem1\/"},"modified":"2021-02-12T11:30:20","modified_gmt":"2021-02-12T11:30:20","slug":"odswiezajaca-maska-do-twarzy-z-ogorkiem1","status":"publish","type":"product","link":"https:\/\/tiandeproducts.co.uk\/pl\/odswiezajaca-maska-do-twarzy-z-ogorkiem1\/","title":{"rendered":"Od\u015bwie\u017caj\u0105ca maska do twarzy z og\u00f3rkiem,1 szt."},"content":{"rendered":"<div class=\"description\">\n<p><img decoding=\"async\" style=\"max-width: 16px; margin-right: 5px;\" src=\"https:\/\/tiandeproducts.co.uk\/wp-content\/uploads\/points-green.svg\" \/>\u00a0Earn 2 points worth \u00a30.10 when buying this product<\/p>\n<p>Maska ze \u015bwie\u017cego og\u00f3rka by\u0142a stosowana od niepami\u0119tnych czas\u00f3w. Dwie zielone kr\u0105\u017cki na oczach i jeszcze kilka innych na twarzy to klasyka. A po takiej &#8222;sa\u0142atce&#8221; sk\u00f3ra wygl\u0105da naprawd\u0119 \u015bwie\u017co i m\u0142odo. A ile z tymi domowymi maseczkami pracy! Og\u00f3rki spadaj\u0105 i s\u0105 wsz\u0119dzie, ale nie na sk\u00f3rze.<\/p>\n<p>TianDe oferuje odmian\u0119 ze wszystkimi zaletami maski og\u00f3rkowej, a jednocze\u015bnie bez wad. Bardzo drobna struktura maski mocno przylega do sk\u00f3ry i dostarcza najbardziej korzystnych substancji.<\/p>\n<p>Rezultatem jest delikatna, nawil\u017cona i mi\u0119kka cera. Maska ma \u0142agodny efekt rozja\u015bniaj\u0105cy.<\/p>\n<\/div>\n<div class=\"instruction\">\n<p><strong>ZASTOSOWANIE:<\/strong><\/p>\n<p>Na czyst\u0105 sk\u00f3r\u0119 nanie\u015b\u0107 mask\u0119 i pozostawi\u0107 na 15-20 minut, nast\u0119pnie usun\u0105\u0107 i sp\u0142uka\u0107 twarz wod\u0105. Stosowa\u0107 1-2 razy w tygodniu. Zu\u017cy\u0107 tu\u017c po otwarciu opakowania.<\/p>\n<\/div>\n","protected":false},"excerpt":{"rendered":"<p>\u00a0Earn 2 points worth \u00a30.10 when buying this product Maska ze \u015bwie\u017cego og\u00f3rka by\u0142a stosowana od niepami\u0119tnych czas\u00f3w. Dwie zielone kr\u0105\u017cki na oczach i jeszcze kilka innych na twarzy to klasyka. A po takiej &#8222;sa\u0142atce&#8221; sk\u00f3ra wygl\u0105da naprawd\u0119 \u015bwie\u017co i m\u0142odo. A ile z tymi domowymi maseczkami pracy! Og\u00f3rki spadaj\u0105 i s\u0105 wsz\u0119dzie, ale nie [&#8230;]\n","protected":false},"featured_media":2117,"comment_status":"closed","ping_status":"closed","template":"","meta":[],"product_cat":[746,769,901,750],"product_tag":[],"class_list":{"0":"post-4416","1":"product","2":"type-product","3":"status-publish","4":"has-post-thumbnail","6":"product_cat-do-twarzy","7":"product_cat-maseczki-na-twarz","8":"product_cat-nawodnienie-i-odzywienie","9":"product_cat-odwodniona-skora","11":"first","12":"instock","13":"shipping-taxable","14":"purchasable","15":"product-type-simple"},"yoast_head":"<!-- This site is optimized with the Yoast SEO plugin v23.6 - https:\/\/yoast.com\/wordpress\/plugins\/seo\/ -->\n<title>Od\u015bwie\u017caj\u0105ca maska do twarzy z og\u00f3rkiem,1 szt. - TianDe Online Shop - Beauty &amp; Health<\/title>\n<meta name=\"robots\" content=\"index, follow, max-snippet:-1, max-image-preview:large, max-video-preview:-1\" \/>\n<link rel=\"canonical\" href=\"https:\/\/tiandeproducts.co.uk\/pl\/odswiezajaca-maska-do-twarzy-z-ogorkiem1\/\" \/>\n<meta property=\"og:locale\" content=\"pl_PL\" \/>\n<meta property=\"og:type\" content=\"article\" \/>\n<meta property=\"og:title\" content=\"Od\u015bwie\u017caj\u0105ca maska do twarzy z og\u00f3rkiem,1 szt. - TianDe Online Shop - Beauty &amp; Health\" \/>\n<meta property=\"og:description\" content=\"\u00a0Earn 2 points worth \u00a30.10 when buying this product Maska ze \u015bwie\u017cego og\u00f3rka by\u0142a stosowana od niepami\u0119tnych czas\u00f3w. Dwie zielone kr\u0105\u017cki na oczach i jeszcze kilka innych na twarzy to klasyka. A po takiej &#8222;sa\u0142atce&#8221; sk\u00f3ra wygl\u0105da naprawd\u0119 \u015bwie\u017co i m\u0142odo. A ile z tymi domowymi maseczkami pracy! Og\u00f3rki spadaj\u0105 i s\u0105 wsz\u0119dzie, ale nie [...]\" \/>\n<meta property=\"og:url\" content=\"https:\/\/tiandeproducts.co.uk\/pl\/odswiezajaca-maska-do-twarzy-z-ogorkiem1\/\" \/>\n<meta property=\"og:site_name\" content=\"TianDe Online Shop - Beauty &amp; Health\" \/>\n<meta property=\"article:publisher\" content=\"https:\/\/www.facebook.com\/tiande.products.england\/\" \/>\n<meta property=\"article:modified_time\" content=\"2021-02-12T11:30:20+00:00\" \/>\n<meta property=\"og:image\" content=\"https:\/\/tiandeproducts.co.uk\/wp-content\/uploads\/2018\/11\/50117.jpg\" \/>\n\t<meta property=\"og:image:width\" content=\"700\" \/>\n\t<meta property=\"og:image:height\" content=\"700\" \/>\n\t<meta property=\"og:image:type\" content=\"image\/jpeg\" \/>\n<meta name=\"twitter:card\" content=\"summary_large_image\" \/>\n<meta name=\"twitter:label1\" content=\"Szacowany czas czytania\" \/>\n\t<meta name=\"twitter:data1\" content=\"1 minuta\" \/>\n<script type=\"application\/ld+json\" class=\"yoast-schema-graph\">{\"@context\":\"https:\/\/schema.org\",\"@graph\":[{\"@type\":\"WebPage\",\"@id\":\"https:\/\/tiandeproducts.co.uk\/pl\/odswiezajaca-maska-do-twarzy-z-ogorkiem1\/\",\"url\":\"https:\/\/tiandeproducts.co.uk\/pl\/odswiezajaca-maska-do-twarzy-z-ogorkiem1\/\",\"name\":\"Od\u015bwie\u017caj\u0105ca maska do twarzy z og\u00f3rkiem,1 szt. - TianDe Online Shop - Beauty &amp; Health\",\"isPartOf\":{\"@id\":\"https:\/\/tiandeproducts.co.uk\/#website\"},\"primaryImageOfPage\":{\"@id\":\"https:\/\/tiandeproducts.co.uk\/pl\/odswiezajaca-maska-do-twarzy-z-ogorkiem1\/#primaryimage\"},\"image\":{\"@id\":\"https:\/\/tiandeproducts.co.uk\/pl\/odswiezajaca-maska-do-twarzy-z-ogorkiem1\/#primaryimage\"},\"thumbnailUrl\":\"https:\/\/tiandeproducts.co.uk\/wp-content\/uploads\/2018\/11\/50117.jpg\",\"datePublished\":\"2018-11-22T11:03:39+00:00\",\"dateModified\":\"2021-02-12T11:30:20+00:00\",\"breadcrumb\":{\"@id\":\"https:\/\/tiandeproducts.co.uk\/pl\/odswiezajaca-maska-do-twarzy-z-ogorkiem1\/#breadcrumb\"},\"inLanguage\":\"pl-PL\",\"potentialAction\":[{\"@type\":\"ReadAction\",\"target\":[\"https:\/\/tiandeproducts.co.uk\/pl\/odswiezajaca-maska-do-twarzy-z-ogorkiem1\/\"]}]},{\"@type\":\"ImageObject\",\"inLanguage\":\"pl-PL\",\"@id\":\"https:\/\/tiandeproducts.co.uk\/pl\/odswiezajaca-maska-do-twarzy-z-ogorkiem1\/#primaryimage\",\"url\":\"https:\/\/tiandeproducts.co.uk\/wp-content\/uploads\/2018\/11\/50117.jpg\",\"contentUrl\":\"https:\/\/tiandeproducts.co.uk\/wp-content\/uploads\/2018\/11\/50117.jpg\",\"width\":700,\"height\":700,\"caption\":\"Cucumber Fresh Facial Mask,1pc-0\"},{\"@type\":\"BreadcrumbList\",\"@id\":\"https:\/\/tiandeproducts.co.uk\/pl\/odswiezajaca-maska-do-twarzy-z-ogorkiem1\/#breadcrumb\",\"itemListElement\":[{\"@type\":\"ListItem\",\"position\":1,\"name\":\"Home\",\"item\":\"https:\/\/tiandeproducts.co.uk\/pl\/\"},{\"@type\":\"ListItem\",\"position\":2,\"name\":\"Shop\",\"item\":\"https:\/\/tiandeproducts.co.uk\/pl\/shop-2\/\"},{\"@type\":\"ListItem\",\"position\":3,\"name\":\"Od\u015bwie\u017caj\u0105ca maska do twarzy z og\u00f3rkiem,1 szt.\"}]},{\"@type\":\"WebSite\",\"@id\":\"https:\/\/tiandeproducts.co.uk\/#website\",\"url\":\"https:\/\/tiandeproducts.co.uk\/\",\"name\":\"TianDe Online Shop - Beauty & Health\",\"description\":\"Traditional Chinese Medicine\",\"potentialAction\":[{\"@type\":\"SearchAction\",\"target\":{\"@type\":\"EntryPoint\",\"urlTemplate\":\"https:\/\/tiandeproducts.co.uk\/?s={search_term_string}\"},\"query-input\":{\"@type\":\"PropertyValueSpecification\",\"valueRequired\":true,\"valueName\":\"search_term_string\"}}],\"inLanguage\":\"pl-PL\"}]}<\/script>\n<!-- \/ Yoast SEO plugin. -->","yoast_head_json":{"title":"Od\u015bwie\u017caj\u0105ca maska do twarzy z og\u00f3rkiem,1 szt. - TianDe Online Shop - Beauty &amp; Health","robots":{"index":"index","follow":"follow","max-snippet":"max-snippet:-1","max-image-preview":"max-image-preview:large","max-video-preview":"max-video-preview:-1"},"canonical":"https:\/\/tiandeproducts.co.uk\/pl\/odswiezajaca-maska-do-twarzy-z-ogorkiem1\/","og_locale":"pl_PL","og_type":"article","og_title":"Od\u015bwie\u017caj\u0105ca maska do twarzy z og\u00f3rkiem,1 szt. - TianDe Online Shop - Beauty &amp; Health","og_description":"\u00a0Earn 2 points worth \u00a30.10 when buying this product Maska ze \u015bwie\u017cego og\u00f3rka by\u0142a stosowana od niepami\u0119tnych czas\u00f3w. Dwie zielone kr\u0105\u017cki na oczach i jeszcze kilka innych na twarzy to klasyka. A po takiej &#8222;sa\u0142atce&#8221; sk\u00f3ra wygl\u0105da naprawd\u0119 \u015bwie\u017co i m\u0142odo. A ile z tymi domowymi maseczkami pracy! Og\u00f3rki spadaj\u0105 i s\u0105 wsz\u0119dzie, ale nie [...]","og_url":"https:\/\/tiandeproducts.co.uk\/pl\/odswiezajaca-maska-do-twarzy-z-ogorkiem1\/","og_site_name":"TianDe Online Shop - Beauty &amp; Health","article_publisher":"https:\/\/www.facebook.com\/tiande.products.england\/","article_modified_time":"2021-02-12T11:30:20+00:00","og_image":[{"width":700,"height":700,"url":"https:\/\/tiandeproducts.co.uk\/wp-content\/uploads\/2018\/11\/50117.jpg","type":"image\/jpeg"}],"twitter_card":"summary_large_image","twitter_misc":{"Szacowany czas czytania":"1 minuta"},"schema":{"@context":"https:\/\/schema.org","@graph":[{"@type":"WebPage","@id":"https:\/\/tiandeproducts.co.uk\/pl\/odswiezajaca-maska-do-twarzy-z-ogorkiem1\/","url":"https:\/\/tiandeproducts.co.uk\/pl\/odswiezajaca-maska-do-twarzy-z-ogorkiem1\/","name":"Od\u015bwie\u017caj\u0105ca maska do twarzy z og\u00f3rkiem,1 szt. - TianDe Online Shop - Beauty &amp; Health","isPartOf":{"@id":"https:\/\/tiandeproducts.co.uk\/#website"},"primaryImageOfPage":{"@id":"https:\/\/tiandeproducts.co.uk\/pl\/odswiezajaca-maska-do-twarzy-z-ogorkiem1\/#primaryimage"},"image":{"@id":"https:\/\/tiandeproducts.co.uk\/pl\/odswiezajaca-maska-do-twarzy-z-ogorkiem1\/#primaryimage"},"thumbnailUrl":"https:\/\/tiandeproducts.co.uk\/wp-content\/uploads\/2018\/11\/50117.jpg","datePublished":"2018-11-22T11:03:39+00:00","dateModified":"2021-02-12T11:30:20+00:00","breadcrumb":{"@id":"https:\/\/tiandeproducts.co.uk\/pl\/odswiezajaca-maska-do-twarzy-z-ogorkiem1\/#breadcrumb"},"inLanguage":"pl-PL","potentialAction":[{"@type":"ReadAction","target":["https:\/\/tiandeproducts.co.uk\/pl\/odswiezajaca-maska-do-twarzy-z-ogorkiem1\/"]}]},{"@type":"ImageObject","inLanguage":"pl-PL","@id":"https:\/\/tiandeproducts.co.uk\/pl\/odswiezajaca-maska-do-twarzy-z-ogorkiem1\/#primaryimage","url":"https:\/\/tiandeproducts.co.uk\/wp-content\/uploads\/2018\/11\/50117.jpg","contentUrl":"https:\/\/tiandeproducts.co.uk\/wp-content\/uploads\/2018\/11\/50117.jpg","width":700,"height":700,"caption":"Cucumber Fresh Facial Mask,1pc-0"},{"@type":"BreadcrumbList","@id":"https:\/\/tiandeproducts.co.uk\/pl\/odswiezajaca-maska-do-twarzy-z-ogorkiem1\/#breadcrumb","itemListElement":[{"@type":"ListItem","position":1,"name":"Home","item":"https:\/\/tiandeproducts.co.uk\/pl\/"},{"@type":"ListItem","position":2,"name":"Shop","item":"https:\/\/tiandeproducts.co.uk\/pl\/shop-2\/"},{"@type":"ListItem","position":3,"name":"Od\u015bwie\u017caj\u0105ca maska do twarzy z og\u00f3rkiem,1 szt."}]},{"@type":"WebSite","@id":"https:\/\/tiandeproducts.co.uk\/#website","url":"https:\/\/tiandeproducts.co.uk\/","name":"TianDe Online Shop - Beauty & Health","description":"Traditional Chinese Medicine","potentialAction":[{"@type":"SearchAction","target":{"@type":"EntryPoint","urlTemplate":"https:\/\/tiandeproducts.co.uk\/?s={search_term_string}"},"query-input":{"@type":"PropertyValueSpecification","valueRequired":true,"valueName":"search_term_string"}}],"inLanguage":"pl-PL"}]}},"_links":{"self":[{"href":"https:\/\/tiandeproducts.co.uk\/pl\/wp-json\/wp\/v2\/product\/4416","targetHints":{"allow":["GET"]}}],"collection":[{"href":"https:\/\/tiandeproducts.co.uk\/pl\/wp-json\/wp\/v2\/product"}],"about":[{"href":"https:\/\/tiandeproducts.co.uk\/pl\/wp-json\/wp\/v2\/types\/product"}],"replies":[{"embeddable":true,"href":"https:\/\/tiandeproducts.co.uk\/pl\/wp-json\/wp\/v2\/comments?post=4416"}],"wp:featuredmedia":[{"embeddable":true,"href":"https:\/\/tiandeproducts.co.uk\/pl\/wp-json\/wp\/v2\/media\/2117"}],"wp:attachment":[{"href":"https:\/\/tiandeproducts.co.uk\/pl\/wp-json\/wp\/v2\/media?parent=4416"}],"wp:term":[{"taxonomy":"product_cat","embeddable":true,"href":"https:\/\/tiandeproducts.co.uk\/pl\/wp-json\/wp\/v2\/product_cat?post=4416"},{"taxonomy":"product_tag","embeddable":true,"href":"https:\/\/tiandeproducts.co.uk\/pl\/wp-json\/wp\/v2\/product_tag?post=4416"}],"curies":[{"name":"wp","href":"https:\/\/api.w.org\/{rel}","templated":true}]}}