{"id":4415,"date":"2018-11-22T11:14:47","date_gmt":"2018-11-22T11:14:47","guid":{"rendered":"https:\/\/tnd.ontesting.co.uk\/odswiezajaca-maska-do-twarzy-z-aloesem\/"},"modified":"2021-02-12T11:29:18","modified_gmt":"2021-02-12T11:29:18","slug":"odswiezajaca-maska-do-twarzy-z-aloesem","status":"publish","type":"product","link":"https:\/\/tiandeproducts.co.uk\/pl\/odswiezajaca-maska-do-twarzy-z-aloesem\/","title":{"rendered":"Od\u015bwie\u017caj\u0105ca maska do twarzy z aloesem,1 szt."},"content":{"rendered":"<div class=\"description\">\n<p><img decoding=\"async\" style=\"max-width: 16px; margin-right: 5px;\" src=\"https:\/\/tiandeproducts.co.uk\/wp-content\/uploads\/points-green.svg\" \/>\u00a0Earn 3 points worth \u00a30.15 when buying this product<\/p>\n<p>Ta maska pomo\u017ce Ci wykorzysta\u0107 wszystkie w\u0142a\u015bciwo\u015bci aloesu. \u017badna inna ro\u015blina nie ma tyle dobroczynnych w\u0142a\u015bciwo\u015bci. Ze wzgl\u0119du na zawarte biologicznie sk\u0142adniki czynne aloes nie ma sobie r\u00f3wnych w\u015br\u00f3d ro\u015blin.<\/p>\n<p>Sok z aloesu, zawarty w masce, ma zdolno\u015b\u0107 \u0142agodzenia proces\u00f3w zapalnych w sk\u00f3rze. Ponadto pomaga zwalcza\u0107 pierwsze zmarszczki i plamy pigmentowe. Sok z aloesu intensywnie nawil\u017ca i \u0142agodzi sk\u00f3r\u0119.<\/p>\n<p>Fresh maska pomaga przywr\u00f3ci\u0107 naturaln\u0105 r\u00f3wnowag\u0119 wody w sk\u00f3rze, poprawia jej struktur\u0119, wyg\u0142adza drobne zmarszczki i dodaje jej elastyczno\u015bci.<\/p>\n<p>Maska zapewnia doskona\u0142\u0105 piel\u0119gnacj\u0119 nawet bardzo suchej, zm\u0119czonej i podra\u017cnionej sk\u00f3ry, przywracaj\u0105c jej spr\u0119\u017cysto\u015b\u0107 i zdrowy wygl\u0105d.<\/p>\n<\/div>\n<div class=\"instruction\">\n<p><strong>ZASTOSOWANIE:<\/strong><\/p>\n<p>Na czyst\u0105 sk\u00f3r\u0119 nie\u015b\u0107 mask\u0119 i pozostawi\u0107 na 15-20 minut, nast\u0119pnie usun\u0105\u0107 i sp\u0142uka\u0107 twarz wod\u0105. Stosowa\u0107 1-2 razy w tygodniu. Zu\u017cy\u0107 tu\u017c po otwarciu opakowania.<\/p>\n<\/div>\n","protected":false},"excerpt":{"rendered":"<p>\u00a0Earn 3 points worth \u00a30.15 when buying this product Ta maska pomo\u017ce Ci wykorzysta\u0107 wszystkie w\u0142a\u015bciwo\u015bci aloesu. \u017badna inna ro\u015blina nie ma tyle dobroczynnych w\u0142a\u015bciwo\u015bci. Ze wzgl\u0119du na zawarte biologicznie sk\u0142adniki czynne aloes nie ma sobie r\u00f3wnych w\u015br\u00f3d ro\u015blin. Sok z aloesu, zawarty w masce, ma zdolno\u015b\u0107 \u0142agodzenia proces\u00f3w zapalnych w sk\u00f3rze. Ponadto pomaga zwalcza\u0107 [&#8230;]\n","protected":false},"featured_media":2122,"comment_status":"closed","ping_status":"closed","template":"","meta":[],"product_cat":[746,866,769,754,901,750,876,757,758],"product_tag":[],"class_list":{"0":"post-4415","1":"product","2":"type-product","3":"status-publish","4":"has-post-thumbnail","6":"product_cat-do-twarzy","7":"product_cat-korekcja-zmarszczek","8":"product_cat-maseczki-na-twarz","9":"product_cat-nawilzajacy","10":"product_cat-nawodnienie-i-odzywienie","11":"product_cat-odwodniona-skora","12":"product_cat-pielegnacja-anti-aging","13":"product_cat-pigmentacja","14":"product_cat-problematyczna-skora","16":"first","17":"instock","18":"shipping-taxable","19":"purchasable","20":"product-type-simple"},"yoast_head":"<!-- This site is optimized with the Yoast SEO plugin v23.6 - https:\/\/yoast.com\/wordpress\/plugins\/seo\/ -->\n<title>Od\u015bwie\u017caj\u0105ca maska do twarzy z aloesem,1 szt. - TianDe Online Shop - Beauty &amp; Health<\/title>\n<meta name=\"robots\" content=\"index, follow, max-snippet:-1, max-image-preview:large, max-video-preview:-1\" \/>\n<link rel=\"canonical\" href=\"https:\/\/tiandeproducts.co.uk\/pl\/odswiezajaca-maska-do-twarzy-z-aloesem\/\" \/>\n<meta property=\"og:locale\" content=\"pl_PL\" \/>\n<meta property=\"og:type\" content=\"article\" \/>\n<meta property=\"og:title\" content=\"Od\u015bwie\u017caj\u0105ca maska do twarzy z aloesem,1 szt. - TianDe Online Shop - Beauty &amp; Health\" \/>\n<meta property=\"og:description\" content=\"\u00a0Earn 3 points worth \u00a30.15 when buying this product Ta maska pomo\u017ce Ci wykorzysta\u0107 wszystkie w\u0142a\u015bciwo\u015bci aloesu. \u017badna inna ro\u015blina nie ma tyle dobroczynnych w\u0142a\u015bciwo\u015bci. Ze wzgl\u0119du na zawarte biologicznie sk\u0142adniki czynne aloes nie ma sobie r\u00f3wnych w\u015br\u00f3d ro\u015blin. Sok z aloesu, zawarty w masce, ma zdolno\u015b\u0107 \u0142agodzenia proces\u00f3w zapalnych w sk\u00f3rze. Ponadto pomaga zwalcza\u0107 [...]\" \/>\n<meta property=\"og:url\" content=\"https:\/\/tiandeproducts.co.uk\/pl\/odswiezajaca-maska-do-twarzy-z-aloesem\/\" \/>\n<meta property=\"og:site_name\" content=\"TianDe Online Shop - Beauty &amp; Health\" \/>\n<meta property=\"article:publisher\" content=\"https:\/\/www.facebook.com\/tiande.products.england\/\" \/>\n<meta property=\"article:modified_time\" content=\"2021-02-12T11:29:18+00:00\" \/>\n<meta property=\"og:image\" content=\"https:\/\/tiandeproducts.co.uk\/wp-content\/uploads\/2018\/11\/50118.jpg\" \/>\n\t<meta property=\"og:image:width\" content=\"700\" \/>\n\t<meta property=\"og:image:height\" content=\"700\" \/>\n\t<meta property=\"og:image:type\" content=\"image\/jpeg\" \/>\n<meta name=\"twitter:card\" content=\"summary_large_image\" \/>\n<meta name=\"twitter:label1\" content=\"Szacowany czas czytania\" \/>\n\t<meta name=\"twitter:data1\" content=\"1 minuta\" \/>\n<script type=\"application\/ld+json\" class=\"yoast-schema-graph\">{\"@context\":\"https:\/\/schema.org\",\"@graph\":[{\"@type\":\"WebPage\",\"@id\":\"https:\/\/tiandeproducts.co.uk\/pl\/odswiezajaca-maska-do-twarzy-z-aloesem\/\",\"url\":\"https:\/\/tiandeproducts.co.uk\/pl\/odswiezajaca-maska-do-twarzy-z-aloesem\/\",\"name\":\"Od\u015bwie\u017caj\u0105ca maska do twarzy z aloesem,1 szt. - TianDe Online Shop - Beauty &amp; Health\",\"isPartOf\":{\"@id\":\"https:\/\/tiandeproducts.co.uk\/#website\"},\"primaryImageOfPage\":{\"@id\":\"https:\/\/tiandeproducts.co.uk\/pl\/odswiezajaca-maska-do-twarzy-z-aloesem\/#primaryimage\"},\"image\":{\"@id\":\"https:\/\/tiandeproducts.co.uk\/pl\/odswiezajaca-maska-do-twarzy-z-aloesem\/#primaryimage\"},\"thumbnailUrl\":\"https:\/\/tiandeproducts.co.uk\/wp-content\/uploads\/2018\/11\/50118.jpg\",\"datePublished\":\"2018-11-22T11:14:47+00:00\",\"dateModified\":\"2021-02-12T11:29:18+00:00\",\"breadcrumb\":{\"@id\":\"https:\/\/tiandeproducts.co.uk\/pl\/odswiezajaca-maska-do-twarzy-z-aloesem\/#breadcrumb\"},\"inLanguage\":\"pl-PL\",\"potentialAction\":[{\"@type\":\"ReadAction\",\"target\":[\"https:\/\/tiandeproducts.co.uk\/pl\/odswiezajaca-maska-do-twarzy-z-aloesem\/\"]}]},{\"@type\":\"ImageObject\",\"inLanguage\":\"pl-PL\",\"@id\":\"https:\/\/tiandeproducts.co.uk\/pl\/odswiezajaca-maska-do-twarzy-z-aloesem\/#primaryimage\",\"url\":\"https:\/\/tiandeproducts.co.uk\/wp-content\/uploads\/2018\/11\/50118.jpg\",\"contentUrl\":\"https:\/\/tiandeproducts.co.uk\/wp-content\/uploads\/2018\/11\/50118.jpg\",\"width\":700,\"height\":700,\"caption\":\"Aloe Fresh Facial Mask,1pc-0\"},{\"@type\":\"BreadcrumbList\",\"@id\":\"https:\/\/tiandeproducts.co.uk\/pl\/odswiezajaca-maska-do-twarzy-z-aloesem\/#breadcrumb\",\"itemListElement\":[{\"@type\":\"ListItem\",\"position\":1,\"name\":\"Home\",\"item\":\"https:\/\/tiandeproducts.co.uk\/pl\/\"},{\"@type\":\"ListItem\",\"position\":2,\"name\":\"Shop\",\"item\":\"https:\/\/tiandeproducts.co.uk\/pl\/shop-2\/\"},{\"@type\":\"ListItem\",\"position\":3,\"name\":\"Od\u015bwie\u017caj\u0105ca maska do twarzy z aloesem,1 szt.\"}]},{\"@type\":\"WebSite\",\"@id\":\"https:\/\/tiandeproducts.co.uk\/#website\",\"url\":\"https:\/\/tiandeproducts.co.uk\/\",\"name\":\"TianDe Online Shop - Beauty & Health\",\"description\":\"Traditional Chinese Medicine\",\"potentialAction\":[{\"@type\":\"SearchAction\",\"target\":{\"@type\":\"EntryPoint\",\"urlTemplate\":\"https:\/\/tiandeproducts.co.uk\/?s={search_term_string}\"},\"query-input\":{\"@type\":\"PropertyValueSpecification\",\"valueRequired\":true,\"valueName\":\"search_term_string\"}}],\"inLanguage\":\"pl-PL\"}]}<\/script>\n<!-- \/ Yoast SEO plugin. -->","yoast_head_json":{"title":"Od\u015bwie\u017caj\u0105ca maska do twarzy z aloesem,1 szt. - TianDe Online Shop - Beauty &amp; Health","robots":{"index":"index","follow":"follow","max-snippet":"max-snippet:-1","max-image-preview":"max-image-preview:large","max-video-preview":"max-video-preview:-1"},"canonical":"https:\/\/tiandeproducts.co.uk\/pl\/odswiezajaca-maska-do-twarzy-z-aloesem\/","og_locale":"pl_PL","og_type":"article","og_title":"Od\u015bwie\u017caj\u0105ca maska do twarzy z aloesem,1 szt. - TianDe Online Shop - Beauty &amp; Health","og_description":"\u00a0Earn 3 points worth \u00a30.15 when buying this product Ta maska pomo\u017ce Ci wykorzysta\u0107 wszystkie w\u0142a\u015bciwo\u015bci aloesu. \u017badna inna ro\u015blina nie ma tyle dobroczynnych w\u0142a\u015bciwo\u015bci. Ze wzgl\u0119du na zawarte biologicznie sk\u0142adniki czynne aloes nie ma sobie r\u00f3wnych w\u015br\u00f3d ro\u015blin. Sok z aloesu, zawarty w masce, ma zdolno\u015b\u0107 \u0142agodzenia proces\u00f3w zapalnych w sk\u00f3rze. Ponadto pomaga zwalcza\u0107 [...]","og_url":"https:\/\/tiandeproducts.co.uk\/pl\/odswiezajaca-maska-do-twarzy-z-aloesem\/","og_site_name":"TianDe Online Shop - Beauty &amp; Health","article_publisher":"https:\/\/www.facebook.com\/tiande.products.england\/","article_modified_time":"2021-02-12T11:29:18+00:00","og_image":[{"width":700,"height":700,"url":"https:\/\/tiandeproducts.co.uk\/wp-content\/uploads\/2018\/11\/50118.jpg","type":"image\/jpeg"}],"twitter_card":"summary_large_image","twitter_misc":{"Szacowany czas czytania":"1 minuta"},"schema":{"@context":"https:\/\/schema.org","@graph":[{"@type":"WebPage","@id":"https:\/\/tiandeproducts.co.uk\/pl\/odswiezajaca-maska-do-twarzy-z-aloesem\/","url":"https:\/\/tiandeproducts.co.uk\/pl\/odswiezajaca-maska-do-twarzy-z-aloesem\/","name":"Od\u015bwie\u017caj\u0105ca maska do twarzy z aloesem,1 szt. - TianDe Online Shop - Beauty &amp; Health","isPartOf":{"@id":"https:\/\/tiandeproducts.co.uk\/#website"},"primaryImageOfPage":{"@id":"https:\/\/tiandeproducts.co.uk\/pl\/odswiezajaca-maska-do-twarzy-z-aloesem\/#primaryimage"},"image":{"@id":"https:\/\/tiandeproducts.co.uk\/pl\/odswiezajaca-maska-do-twarzy-z-aloesem\/#primaryimage"},"thumbnailUrl":"https:\/\/tiandeproducts.co.uk\/wp-content\/uploads\/2018\/11\/50118.jpg","datePublished":"2018-11-22T11:14:47+00:00","dateModified":"2021-02-12T11:29:18+00:00","breadcrumb":{"@id":"https:\/\/tiandeproducts.co.uk\/pl\/odswiezajaca-maska-do-twarzy-z-aloesem\/#breadcrumb"},"inLanguage":"pl-PL","potentialAction":[{"@type":"ReadAction","target":["https:\/\/tiandeproducts.co.uk\/pl\/odswiezajaca-maska-do-twarzy-z-aloesem\/"]}]},{"@type":"ImageObject","inLanguage":"pl-PL","@id":"https:\/\/tiandeproducts.co.uk\/pl\/odswiezajaca-maska-do-twarzy-z-aloesem\/#primaryimage","url":"https:\/\/tiandeproducts.co.uk\/wp-content\/uploads\/2018\/11\/50118.jpg","contentUrl":"https:\/\/tiandeproducts.co.uk\/wp-content\/uploads\/2018\/11\/50118.jpg","width":700,"height":700,"caption":"Aloe Fresh Facial Mask,1pc-0"},{"@type":"BreadcrumbList","@id":"https:\/\/tiandeproducts.co.uk\/pl\/odswiezajaca-maska-do-twarzy-z-aloesem\/#breadcrumb","itemListElement":[{"@type":"ListItem","position":1,"name":"Home","item":"https:\/\/tiandeproducts.co.uk\/pl\/"},{"@type":"ListItem","position":2,"name":"Shop","item":"https:\/\/tiandeproducts.co.uk\/pl\/shop-2\/"},{"@type":"ListItem","position":3,"name":"Od\u015bwie\u017caj\u0105ca maska do twarzy z aloesem,1 szt."}]},{"@type":"WebSite","@id":"https:\/\/tiandeproducts.co.uk\/#website","url":"https:\/\/tiandeproducts.co.uk\/","name":"TianDe Online Shop - Beauty & Health","description":"Traditional Chinese Medicine","potentialAction":[{"@type":"SearchAction","target":{"@type":"EntryPoint","urlTemplate":"https:\/\/tiandeproducts.co.uk\/?s={search_term_string}"},"query-input":{"@type":"PropertyValueSpecification","valueRequired":true,"valueName":"search_term_string"}}],"inLanguage":"pl-PL"}]}},"_links":{"self":[{"href":"https:\/\/tiandeproducts.co.uk\/pl\/wp-json\/wp\/v2\/product\/4415","targetHints":{"allow":["GET"]}}],"collection":[{"href":"https:\/\/tiandeproducts.co.uk\/pl\/wp-json\/wp\/v2\/product"}],"about":[{"href":"https:\/\/tiandeproducts.co.uk\/pl\/wp-json\/wp\/v2\/types\/product"}],"replies":[{"embeddable":true,"href":"https:\/\/tiandeproducts.co.uk\/pl\/wp-json\/wp\/v2\/comments?post=4415"}],"wp:featuredmedia":[{"embeddable":true,"href":"https:\/\/tiandeproducts.co.uk\/pl\/wp-json\/wp\/v2\/media\/2122"}],"wp:attachment":[{"href":"https:\/\/tiandeproducts.co.uk\/pl\/wp-json\/wp\/v2\/media?parent=4415"}],"wp:term":[{"taxonomy":"product_cat","embeddable":true,"href":"https:\/\/tiandeproducts.co.uk\/pl\/wp-json\/wp\/v2\/product_cat?post=4415"},{"taxonomy":"product_tag","embeddable":true,"href":"https:\/\/tiandeproducts.co.uk\/pl\/wp-json\/wp\/v2\/product_tag?post=4415"}],"curies":[{"name":"wp","href":"https:\/\/api.w.org\/{rel}","templated":true}]}}