{"id":4412,"date":"2019-02-09T19:09:14","date_gmt":"2019-02-09T19:09:14","guid":{"rendered":"https:\/\/tnd.ontesting.co.uk\/hialuronowe-serum-do-twarzy25ml\/"},"modified":"2021-02-12T11:25:36","modified_gmt":"2021-02-12T11:25:36","slug":"hialuronowe-serum-do-twarzy25ml","status":"publish","type":"product","link":"https:\/\/tiandeproducts.co.uk\/pl\/hialuronowe-serum-do-twarzy25ml\/","title":{"rendered":"Hialuronowe serum do twarzy,25ml"},"content":{"rendered":"<div class=\"description\">\n<p><img decoding=\"async\" style=\"max-width: 16px; margin-right: 5px;\" src=\"https:\/\/tiandeproducts.co.uk\/wp-content\/uploads\/points-green.svg\" \/>\u00a0Earn 20 points worth \u00a31.00 when buying this product<\/p>\n<p>Mi\u0119dzy pi\u0119knem a dobrze nawil\u017con\u0105 sk\u00f3r\u0105 mo\u017cemy postawi\u0107 znak r\u00f3wno\u015bci. Je\u015bli odczuwasz nieprzyjemne napi\u0119cie i odwodnienie, to znak, \u017ce musisz zacz\u0105\u0107 natychmiast dzia\u0142a\u0107. Im bardziej sucha sk\u00f3ra tym jest zawsze bardziej podatna na zmarszczki.<\/p>\n<p>Serum hialuronowe do sk\u00f3ry Ocean Riches pomo\u017ce sk\u00f3rze uzupe\u0142ni\u0107 wod\u0119. Jego intensywny sk\u0142ad z wysok\u0105 koncentracj\u0105 sk\u0142adnik\u00f3w aktywnych dzia\u0142a kompleksowo:<br \/>\n&#8211; nawil\u017ca nask\u00f3rek,<br \/>\n&#8211; wzmacnia barier\u0119 hydrolipidow\u0105 sk\u00f3ry,<br \/>\n&#8211; zapobiega powstawaniu zmarszczek,<br \/>\n&#8211; wyg\u0142adza sk\u00f3r\u0119, nadaje jej g\u0142adko\u015bci i mi\u0119kko\u015bci.<\/p>\n<p>Serum rewitalizuje i nawil\u017ca sk\u00f3r\u0119 po przebywaniu na s\u0142o\u0144cu, ekspozycji na suche powietrze, kompensuje sucho\u015b\u0107 starzej\u0105cej si\u0119 sk\u00f3ry.<\/p>\n<p>Ciesz si\u0119 mi\u0119kko\u015bci\u0105 swojej sk\u00f3ry w ka\u017cdym wieku!<\/p>\n<\/div>\n<div class=\"instruction\">\n<p><strong>ZASTOSOWANIE:<\/strong><\/p>\n<p>Nanie\u015b niewielk\u0105 ilo\u015b\u0107 preparatu na wcze\u015bniej oczyszczon\u0105 sk\u00f3r\u0119 twarzy, omijaj\u0105c okolice oczu. Jest kompatybilny z innymi preparatami kosmetycznymi w roli boostera.<\/p>\n<\/div>\n","protected":false},"excerpt":{"rendered":"<p>\u00a0Earn 20 points worth \u00a31.00 when buying this product Mi\u0119dzy pi\u0119knem a dobrze nawil\u017con\u0105 sk\u00f3r\u0105 mo\u017cemy postawi\u0107 znak r\u00f3wno\u015bci. Je\u015bli odczuwasz nieprzyjemne napi\u0119cie i odwodnienie, to znak, \u017ce musisz zacz\u0105\u0107 natychmiast dzia\u0142a\u0107. Im bardziej sucha sk\u00f3ra tym jest zawsze bardziej podatna na zmarszczki. Serum hialuronowe do sk\u00f3ry Ocean Riches pomo\u017ce sk\u00f3rze uzupe\u0142ni\u0107 wod\u0119. Jego intensywny [&#8230;]\n","protected":false},"featured_media":2142,"comment_status":"closed","ping_status":"closed","template":"","meta":[],"product_cat":[746,754,901,578,750],"product_tag":[],"class_list":{"0":"post-4412","1":"product","2":"type-product","3":"status-publish","4":"has-post-thumbnail","6":"product_cat-do-twarzy","7":"product_cat-nawilzajacy","8":"product_cat-nawodnienie-i-odzywienie","9":"product_cat-ocean-riches-pl","10":"product_cat-odwodniona-skora","12":"first","13":"instock","14":"shipping-taxable","15":"purchasable","16":"product-type-simple"},"yoast_head":"<!-- This site is optimized with the Yoast SEO plugin v23.6 - https:\/\/yoast.com\/wordpress\/plugins\/seo\/ -->\n<title>Hialuronowe serum do twarzy,25ml - TianDe Online Shop - Beauty &amp; Health<\/title>\n<meta name=\"robots\" content=\"index, follow, max-snippet:-1, max-image-preview:large, max-video-preview:-1\" \/>\n<link rel=\"canonical\" href=\"https:\/\/tiandeproducts.co.uk\/pl\/hialuronowe-serum-do-twarzy25ml\/\" \/>\n<meta property=\"og:locale\" content=\"pl_PL\" \/>\n<meta property=\"og:type\" content=\"article\" \/>\n<meta property=\"og:title\" content=\"Hialuronowe serum do twarzy,25ml - TianDe Online Shop - Beauty &amp; Health\" \/>\n<meta property=\"og:description\" content=\"\u00a0Earn 20 points worth \u00a31.00 when buying this product Mi\u0119dzy pi\u0119knem a dobrze nawil\u017con\u0105 sk\u00f3r\u0105 mo\u017cemy postawi\u0107 znak r\u00f3wno\u015bci. Je\u015bli odczuwasz nieprzyjemne napi\u0119cie i odwodnienie, to znak, \u017ce musisz zacz\u0105\u0107 natychmiast dzia\u0142a\u0107. Im bardziej sucha sk\u00f3ra tym jest zawsze bardziej podatna na zmarszczki. Serum hialuronowe do sk\u00f3ry Ocean Riches pomo\u017ce sk\u00f3rze uzupe\u0142ni\u0107 wod\u0119. Jego intensywny [...]\" \/>\n<meta property=\"og:url\" content=\"https:\/\/tiandeproducts.co.uk\/pl\/hialuronowe-serum-do-twarzy25ml\/\" \/>\n<meta property=\"og:site_name\" content=\"TianDe Online Shop - Beauty &amp; Health\" \/>\n<meta property=\"article:publisher\" content=\"https:\/\/www.facebook.com\/tiande.products.england\/\" \/>\n<meta property=\"article:modified_time\" content=\"2021-02-12T11:25:36+00:00\" \/>\n<meta property=\"og:image\" content=\"https:\/\/tiandeproducts.co.uk\/wp-content\/uploads\/2019\/02\/16001.jpg\" \/>\n\t<meta property=\"og:image:width\" content=\"800\" \/>\n\t<meta property=\"og:image:height\" content=\"800\" \/>\n\t<meta property=\"og:image:type\" content=\"image\/jpeg\" \/>\n<meta name=\"twitter:card\" content=\"summary_large_image\" \/>\n<meta name=\"twitter:label1\" content=\"Szacowany czas czytania\" \/>\n\t<meta name=\"twitter:data1\" content=\"1 minuta\" \/>\n<script type=\"application\/ld+json\" class=\"yoast-schema-graph\">{\"@context\":\"https:\/\/schema.org\",\"@graph\":[{\"@type\":\"WebPage\",\"@id\":\"https:\/\/tiandeproducts.co.uk\/pl\/hialuronowe-serum-do-twarzy25ml\/\",\"url\":\"https:\/\/tiandeproducts.co.uk\/pl\/hialuronowe-serum-do-twarzy25ml\/\",\"name\":\"Hialuronowe serum do twarzy,25ml - TianDe Online Shop - Beauty &amp; Health\",\"isPartOf\":{\"@id\":\"https:\/\/tiandeproducts.co.uk\/#website\"},\"primaryImageOfPage\":{\"@id\":\"https:\/\/tiandeproducts.co.uk\/pl\/hialuronowe-serum-do-twarzy25ml\/#primaryimage\"},\"image\":{\"@id\":\"https:\/\/tiandeproducts.co.uk\/pl\/hialuronowe-serum-do-twarzy25ml\/#primaryimage\"},\"thumbnailUrl\":\"https:\/\/tiandeproducts.co.uk\/wp-content\/uploads\/2019\/02\/16001.jpg\",\"datePublished\":\"2019-02-09T19:09:14+00:00\",\"dateModified\":\"2021-02-12T11:25:36+00:00\",\"breadcrumb\":{\"@id\":\"https:\/\/tiandeproducts.co.uk\/pl\/hialuronowe-serum-do-twarzy25ml\/#breadcrumb\"},\"inLanguage\":\"pl-PL\",\"potentialAction\":[{\"@type\":\"ReadAction\",\"target\":[\"https:\/\/tiandeproducts.co.uk\/pl\/hialuronowe-serum-do-twarzy25ml\/\"]}]},{\"@type\":\"ImageObject\",\"inLanguage\":\"pl-PL\",\"@id\":\"https:\/\/tiandeproducts.co.uk\/pl\/hialuronowe-serum-do-twarzy25ml\/#primaryimage\",\"url\":\"https:\/\/tiandeproducts.co.uk\/wp-content\/uploads\/2019\/02\/16001.jpg\",\"contentUrl\":\"https:\/\/tiandeproducts.co.uk\/wp-content\/uploads\/2019\/02\/16001.jpg\",\"width\":800,\"height\":800,\"caption\":\"Hyaluronic Face Serum,25ml-0\"},{\"@type\":\"BreadcrumbList\",\"@id\":\"https:\/\/tiandeproducts.co.uk\/pl\/hialuronowe-serum-do-twarzy25ml\/#breadcrumb\",\"itemListElement\":[{\"@type\":\"ListItem\",\"position\":1,\"name\":\"Home\",\"item\":\"https:\/\/tiandeproducts.co.uk\/pl\/\"},{\"@type\":\"ListItem\",\"position\":2,\"name\":\"Shop\",\"item\":\"https:\/\/tiandeproducts.co.uk\/pl\/shop-2\/\"},{\"@type\":\"ListItem\",\"position\":3,\"name\":\"Hialuronowe serum do twarzy,25ml\"}]},{\"@type\":\"WebSite\",\"@id\":\"https:\/\/tiandeproducts.co.uk\/#website\",\"url\":\"https:\/\/tiandeproducts.co.uk\/\",\"name\":\"TianDe Online Shop - Beauty & Health\",\"description\":\"Traditional Chinese Medicine\",\"potentialAction\":[{\"@type\":\"SearchAction\",\"target\":{\"@type\":\"EntryPoint\",\"urlTemplate\":\"https:\/\/tiandeproducts.co.uk\/?s={search_term_string}\"},\"query-input\":{\"@type\":\"PropertyValueSpecification\",\"valueRequired\":true,\"valueName\":\"search_term_string\"}}],\"inLanguage\":\"pl-PL\"}]}<\/script>\n<!-- \/ Yoast SEO plugin. -->","yoast_head_json":{"title":"Hialuronowe serum do twarzy,25ml - TianDe Online Shop - Beauty &amp; Health","robots":{"index":"index","follow":"follow","max-snippet":"max-snippet:-1","max-image-preview":"max-image-preview:large","max-video-preview":"max-video-preview:-1"},"canonical":"https:\/\/tiandeproducts.co.uk\/pl\/hialuronowe-serum-do-twarzy25ml\/","og_locale":"pl_PL","og_type":"article","og_title":"Hialuronowe serum do twarzy,25ml - TianDe Online Shop - Beauty &amp; Health","og_description":"\u00a0Earn 20 points worth \u00a31.00 when buying this product Mi\u0119dzy pi\u0119knem a dobrze nawil\u017con\u0105 sk\u00f3r\u0105 mo\u017cemy postawi\u0107 znak r\u00f3wno\u015bci. Je\u015bli odczuwasz nieprzyjemne napi\u0119cie i odwodnienie, to znak, \u017ce musisz zacz\u0105\u0107 natychmiast dzia\u0142a\u0107. Im bardziej sucha sk\u00f3ra tym jest zawsze bardziej podatna na zmarszczki. Serum hialuronowe do sk\u00f3ry Ocean Riches pomo\u017ce sk\u00f3rze uzupe\u0142ni\u0107 wod\u0119. Jego intensywny [...]","og_url":"https:\/\/tiandeproducts.co.uk\/pl\/hialuronowe-serum-do-twarzy25ml\/","og_site_name":"TianDe Online Shop - Beauty &amp; Health","article_publisher":"https:\/\/www.facebook.com\/tiande.products.england\/","article_modified_time":"2021-02-12T11:25:36+00:00","og_image":[{"width":800,"height":800,"url":"https:\/\/tiandeproducts.co.uk\/wp-content\/uploads\/2019\/02\/16001.jpg","type":"image\/jpeg"}],"twitter_card":"summary_large_image","twitter_misc":{"Szacowany czas czytania":"1 minuta"},"schema":{"@context":"https:\/\/schema.org","@graph":[{"@type":"WebPage","@id":"https:\/\/tiandeproducts.co.uk\/pl\/hialuronowe-serum-do-twarzy25ml\/","url":"https:\/\/tiandeproducts.co.uk\/pl\/hialuronowe-serum-do-twarzy25ml\/","name":"Hialuronowe serum do twarzy,25ml - TianDe Online Shop - Beauty &amp; Health","isPartOf":{"@id":"https:\/\/tiandeproducts.co.uk\/#website"},"primaryImageOfPage":{"@id":"https:\/\/tiandeproducts.co.uk\/pl\/hialuronowe-serum-do-twarzy25ml\/#primaryimage"},"image":{"@id":"https:\/\/tiandeproducts.co.uk\/pl\/hialuronowe-serum-do-twarzy25ml\/#primaryimage"},"thumbnailUrl":"https:\/\/tiandeproducts.co.uk\/wp-content\/uploads\/2019\/02\/16001.jpg","datePublished":"2019-02-09T19:09:14+00:00","dateModified":"2021-02-12T11:25:36+00:00","breadcrumb":{"@id":"https:\/\/tiandeproducts.co.uk\/pl\/hialuronowe-serum-do-twarzy25ml\/#breadcrumb"},"inLanguage":"pl-PL","potentialAction":[{"@type":"ReadAction","target":["https:\/\/tiandeproducts.co.uk\/pl\/hialuronowe-serum-do-twarzy25ml\/"]}]},{"@type":"ImageObject","inLanguage":"pl-PL","@id":"https:\/\/tiandeproducts.co.uk\/pl\/hialuronowe-serum-do-twarzy25ml\/#primaryimage","url":"https:\/\/tiandeproducts.co.uk\/wp-content\/uploads\/2019\/02\/16001.jpg","contentUrl":"https:\/\/tiandeproducts.co.uk\/wp-content\/uploads\/2019\/02\/16001.jpg","width":800,"height":800,"caption":"Hyaluronic Face Serum,25ml-0"},{"@type":"BreadcrumbList","@id":"https:\/\/tiandeproducts.co.uk\/pl\/hialuronowe-serum-do-twarzy25ml\/#breadcrumb","itemListElement":[{"@type":"ListItem","position":1,"name":"Home","item":"https:\/\/tiandeproducts.co.uk\/pl\/"},{"@type":"ListItem","position":2,"name":"Shop","item":"https:\/\/tiandeproducts.co.uk\/pl\/shop-2\/"},{"@type":"ListItem","position":3,"name":"Hialuronowe serum do twarzy,25ml"}]},{"@type":"WebSite","@id":"https:\/\/tiandeproducts.co.uk\/#website","url":"https:\/\/tiandeproducts.co.uk\/","name":"TianDe Online Shop - Beauty & Health","description":"Traditional Chinese Medicine","potentialAction":[{"@type":"SearchAction","target":{"@type":"EntryPoint","urlTemplate":"https:\/\/tiandeproducts.co.uk\/?s={search_term_string}"},"query-input":{"@type":"PropertyValueSpecification","valueRequired":true,"valueName":"search_term_string"}}],"inLanguage":"pl-PL"}]}},"_links":{"self":[{"href":"https:\/\/tiandeproducts.co.uk\/pl\/wp-json\/wp\/v2\/product\/4412","targetHints":{"allow":["GET"]}}],"collection":[{"href":"https:\/\/tiandeproducts.co.uk\/pl\/wp-json\/wp\/v2\/product"}],"about":[{"href":"https:\/\/tiandeproducts.co.uk\/pl\/wp-json\/wp\/v2\/types\/product"}],"replies":[{"embeddable":true,"href":"https:\/\/tiandeproducts.co.uk\/pl\/wp-json\/wp\/v2\/comments?post=4412"}],"wp:featuredmedia":[{"embeddable":true,"href":"https:\/\/tiandeproducts.co.uk\/pl\/wp-json\/wp\/v2\/media\/2142"}],"wp:attachment":[{"href":"https:\/\/tiandeproducts.co.uk\/pl\/wp-json\/wp\/v2\/media?parent=4412"}],"wp:term":[{"taxonomy":"product_cat","embeddable":true,"href":"https:\/\/tiandeproducts.co.uk\/pl\/wp-json\/wp\/v2\/product_cat?post=4412"},{"taxonomy":"product_tag","embeddable":true,"href":"https:\/\/tiandeproducts.co.uk\/pl\/wp-json\/wp\/v2\/product_tag?post=4412"}],"curies":[{"name":"wp","href":"https:\/\/api.w.org\/{rel}","templated":true}]}}