{"id":4390,"date":"2019-02-09T19:36:37","date_gmt":"2019-02-09T19:36:37","guid":{"rendered":"https:\/\/tnd.ontesting.co.uk\/wydluzajacy-tusz-do-rzes-mega-lash-extension7-6g\/"},"modified":"2021-02-12T11:21:59","modified_gmt":"2021-02-12T11:21:59","slug":"wydluzajacy-tusz-do-rzes-mega-lash-extension7-6g","status":"publish","type":"product","link":"https:\/\/tiandeproducts.co.uk\/pl\/wydluzajacy-tusz-do-rzes-mega-lash-extension7-6g\/","title":{"rendered":"Wyd\u0142u\u017caj\u0105cy tusz do rz\u0119s Mega Lash-Extension,7.6g"},"content":{"rendered":"<div class=\"description\">\n<p><img decoding=\"async\" style=\"max-width: 16px; margin-right: 5px;\" src=\"https:\/\/tiandeproducts.co.uk\/wp-content\/uploads\/points-green.svg\" \/>\u00a0Earn 13 points worth \u00a30.65 when buying this product<\/p>\n<p>Co by\u015b zrobi\u0142a, \u017ceby mie\u0107 d\u0142ugie rz\u0119sy? Nie musisz si\u0119 po\u015bwi\u0119ca\u0107, wypr\u00f3buj tusz do rz\u0119s Mega Lash-Extension od TianDe i b\u0105d\u017a zachwycona! Poza tym \u017ce \u0142atwo i szybko przed\u0142u\u017ca nawet te najmniej efektowne rz\u0119sy, b\u0119dzie si\u0119 z nimi delikatnie obchodzi\u0107 \u2013 tusz zawiera wzmacniaj\u0105cy kompleks witamin.<\/p>\n<p>Wygodny silikonowy p\u0119dzelek doskonale oddziela poszczeg\u00f3lne rz\u0119sy i nadaje im naturalny \u201ewachlarzowy\u201d efekt. Dzi\u0119ki swojej trwa\u0142ej kompozycji, tusz do rz\u0119s wytrzyma przez ca\u0142y dzie\u0144, nawet je\u015bli niespodziewanie wskoczysz na p\u00f3\u017an\u0105 imprez\u0119.<\/p>\n<p>To takie proste \u2013 pomaluj rz\u0119sy i zapomnij o tym! Wystarczy tylko \u0142apa\u0107 spojrzenia pe\u0142ne podziwu.<\/p>\n<\/div>\n<div class=\"instruction\">\n<p><strong>ZASTOSOWANIE:<\/strong><\/p>\n<p>Zastosuj tusz do rz\u0119s od cebulek do ko\u0144c\u00f3wek. Nak\u0142adaj w dw\u00f3ch warstwach, aby uzyska\u0107 maksymaln\u0105 obj\u0119to\u015b\u0107 i nasycony kolor.<\/p>\n<\/div>\n","protected":false},"excerpt":{"rendered":"<p>\u00a0Earn 13 points worth \u00a30.65 when buying this product Co by\u015b zrobi\u0142a, \u017ceby mie\u0107 d\u0142ugie rz\u0119sy? Nie musisz si\u0119 po\u015bwi\u0119ca\u0107, wypr\u00f3buj tusz do rz\u0119s Mega Lash-Extension od TianDe i b\u0105d\u017a zachwycona! Poza tym \u017ce \u0142atwo i szybko przed\u0142u\u017ca nawet te najmniej efektowne rz\u0119sy, b\u0119dzie si\u0119 z nimi delikatnie obchodzi\u0107 \u2013 tusz zawiera wzmacniaj\u0105cy kompleks witamin. [&#8230;]\n","protected":false},"featured_media":2152,"comment_status":"closed","ping_status":"closed","template":"","meta":[],"product_cat":[816,882,888],"product_tag":[],"class_list":{"0":"post-4390","1":"product","2":"type-product","3":"status-publish","4":"has-post-thumbnail","6":"product_cat-makijaz-pl","7":"product_cat-oczy","8":"product_cat-tusz-do-rzes","10":"first","11":"instock","12":"shipping-taxable","13":"purchasable","14":"product-type-simple"},"yoast_head":"<!-- This site is optimized with the Yoast SEO plugin v23.6 - https:\/\/yoast.com\/wordpress\/plugins\/seo\/ -->\n<title>Wyd\u0142u\u017caj\u0105cy tusz do rz\u0119s Mega Lash-Extension,7.6g - TianDe Online Shop - Beauty &amp; Health<\/title>\n<meta name=\"robots\" content=\"index, follow, max-snippet:-1, max-image-preview:large, max-video-preview:-1\" \/>\n<link rel=\"canonical\" href=\"https:\/\/tiandeproducts.co.uk\/pl\/wydluzajacy-tusz-do-rzes-mega-lash-extension7-6g\/\" \/>\n<meta property=\"og:locale\" content=\"pl_PL\" \/>\n<meta property=\"og:type\" content=\"article\" \/>\n<meta property=\"og:title\" content=\"Wyd\u0142u\u017caj\u0105cy tusz do rz\u0119s Mega Lash-Extension,7.6g - TianDe Online Shop - Beauty &amp; Health\" \/>\n<meta property=\"og:description\" content=\"\u00a0Earn 13 points worth \u00a30.65 when buying this product Co by\u015b zrobi\u0142a, \u017ceby mie\u0107 d\u0142ugie rz\u0119sy? Nie musisz si\u0119 po\u015bwi\u0119ca\u0107, wypr\u00f3buj tusz do rz\u0119s Mega Lash-Extension od TianDe i b\u0105d\u017a zachwycona! Poza tym \u017ce \u0142atwo i szybko przed\u0142u\u017ca nawet te najmniej efektowne rz\u0119sy, b\u0119dzie si\u0119 z nimi delikatnie obchodzi\u0107 \u2013 tusz zawiera wzmacniaj\u0105cy kompleks witamin. [...]\" \/>\n<meta property=\"og:url\" content=\"https:\/\/tiandeproducts.co.uk\/pl\/wydluzajacy-tusz-do-rzes-mega-lash-extension7-6g\/\" \/>\n<meta property=\"og:site_name\" content=\"TianDe Online Shop - Beauty &amp; Health\" \/>\n<meta property=\"article:publisher\" content=\"https:\/\/www.facebook.com\/tiande.products.england\/\" \/>\n<meta property=\"article:modified_time\" content=\"2021-02-12T11:21:59+00:00\" \/>\n<meta property=\"og:image\" content=\"https:\/\/tiandeproducts.co.uk\/wp-content\/uploads\/2019\/02\/80130.jpg\" \/>\n\t<meta property=\"og:image:width\" content=\"800\" \/>\n\t<meta property=\"og:image:height\" content=\"800\" \/>\n\t<meta property=\"og:image:type\" content=\"image\/jpeg\" \/>\n<meta name=\"twitter:card\" content=\"summary_large_image\" \/>\n<meta name=\"twitter:label1\" content=\"Szacowany czas czytania\" \/>\n\t<meta name=\"twitter:data1\" content=\"1 minuta\" \/>\n<script type=\"application\/ld+json\" class=\"yoast-schema-graph\">{\"@context\":\"https:\/\/schema.org\",\"@graph\":[{\"@type\":\"WebPage\",\"@id\":\"https:\/\/tiandeproducts.co.uk\/pl\/wydluzajacy-tusz-do-rzes-mega-lash-extension7-6g\/\",\"url\":\"https:\/\/tiandeproducts.co.uk\/pl\/wydluzajacy-tusz-do-rzes-mega-lash-extension7-6g\/\",\"name\":\"Wyd\u0142u\u017caj\u0105cy tusz do rz\u0119s Mega Lash-Extension,7.6g - TianDe Online Shop - Beauty &amp; Health\",\"isPartOf\":{\"@id\":\"https:\/\/tiandeproducts.co.uk\/#website\"},\"primaryImageOfPage\":{\"@id\":\"https:\/\/tiandeproducts.co.uk\/pl\/wydluzajacy-tusz-do-rzes-mega-lash-extension7-6g\/#primaryimage\"},\"image\":{\"@id\":\"https:\/\/tiandeproducts.co.uk\/pl\/wydluzajacy-tusz-do-rzes-mega-lash-extension7-6g\/#primaryimage\"},\"thumbnailUrl\":\"https:\/\/tiandeproducts.co.uk\/wp-content\/uploads\/2019\/02\/80130.jpg\",\"datePublished\":\"2019-02-09T19:36:37+00:00\",\"dateModified\":\"2021-02-12T11:21:59+00:00\",\"breadcrumb\":{\"@id\":\"https:\/\/tiandeproducts.co.uk\/pl\/wydluzajacy-tusz-do-rzes-mega-lash-extension7-6g\/#breadcrumb\"},\"inLanguage\":\"pl-PL\",\"potentialAction\":[{\"@type\":\"ReadAction\",\"target\":[\"https:\/\/tiandeproducts.co.uk\/pl\/wydluzajacy-tusz-do-rzes-mega-lash-extension7-6g\/\"]}]},{\"@type\":\"ImageObject\",\"inLanguage\":\"pl-PL\",\"@id\":\"https:\/\/tiandeproducts.co.uk\/pl\/wydluzajacy-tusz-do-rzes-mega-lash-extension7-6g\/#primaryimage\",\"url\":\"https:\/\/tiandeproducts.co.uk\/wp-content\/uploads\/2019\/02\/80130.jpg\",\"contentUrl\":\"https:\/\/tiandeproducts.co.uk\/wp-content\/uploads\/2019\/02\/80130.jpg\",\"width\":800,\"height\":800,\"caption\":\"Mega Lash-Extension Mascara,7,6g-0\"},{\"@type\":\"BreadcrumbList\",\"@id\":\"https:\/\/tiandeproducts.co.uk\/pl\/wydluzajacy-tusz-do-rzes-mega-lash-extension7-6g\/#breadcrumb\",\"itemListElement\":[{\"@type\":\"ListItem\",\"position\":1,\"name\":\"Home\",\"item\":\"https:\/\/tiandeproducts.co.uk\/pl\/\"},{\"@type\":\"ListItem\",\"position\":2,\"name\":\"Shop\",\"item\":\"https:\/\/tiandeproducts.co.uk\/pl\/shop-2\/\"},{\"@type\":\"ListItem\",\"position\":3,\"name\":\"Wyd\u0142u\u017caj\u0105cy tusz do rz\u0119s Mega Lash-Extension,7.6g\"}]},{\"@type\":\"WebSite\",\"@id\":\"https:\/\/tiandeproducts.co.uk\/#website\",\"url\":\"https:\/\/tiandeproducts.co.uk\/\",\"name\":\"TianDe Online Shop - Beauty & Health\",\"description\":\"Traditional Chinese Medicine\",\"potentialAction\":[{\"@type\":\"SearchAction\",\"target\":{\"@type\":\"EntryPoint\",\"urlTemplate\":\"https:\/\/tiandeproducts.co.uk\/?s={search_term_string}\"},\"query-input\":{\"@type\":\"PropertyValueSpecification\",\"valueRequired\":true,\"valueName\":\"search_term_string\"}}],\"inLanguage\":\"pl-PL\"}]}<\/script>\n<!-- \/ Yoast SEO plugin. -->","yoast_head_json":{"title":"Wyd\u0142u\u017caj\u0105cy tusz do rz\u0119s Mega Lash-Extension,7.6g - TianDe Online Shop - Beauty &amp; Health","robots":{"index":"index","follow":"follow","max-snippet":"max-snippet:-1","max-image-preview":"max-image-preview:large","max-video-preview":"max-video-preview:-1"},"canonical":"https:\/\/tiandeproducts.co.uk\/pl\/wydluzajacy-tusz-do-rzes-mega-lash-extension7-6g\/","og_locale":"pl_PL","og_type":"article","og_title":"Wyd\u0142u\u017caj\u0105cy tusz do rz\u0119s Mega Lash-Extension,7.6g - TianDe Online Shop - Beauty &amp; Health","og_description":"\u00a0Earn 13 points worth \u00a30.65 when buying this product Co by\u015b zrobi\u0142a, \u017ceby mie\u0107 d\u0142ugie rz\u0119sy? Nie musisz si\u0119 po\u015bwi\u0119ca\u0107, wypr\u00f3buj tusz do rz\u0119s Mega Lash-Extension od TianDe i b\u0105d\u017a zachwycona! Poza tym \u017ce \u0142atwo i szybko przed\u0142u\u017ca nawet te najmniej efektowne rz\u0119sy, b\u0119dzie si\u0119 z nimi delikatnie obchodzi\u0107 \u2013 tusz zawiera wzmacniaj\u0105cy kompleks witamin. [...]","og_url":"https:\/\/tiandeproducts.co.uk\/pl\/wydluzajacy-tusz-do-rzes-mega-lash-extension7-6g\/","og_site_name":"TianDe Online Shop - Beauty &amp; Health","article_publisher":"https:\/\/www.facebook.com\/tiande.products.england\/","article_modified_time":"2021-02-12T11:21:59+00:00","og_image":[{"width":800,"height":800,"url":"https:\/\/tiandeproducts.co.uk\/wp-content\/uploads\/2019\/02\/80130.jpg","type":"image\/jpeg"}],"twitter_card":"summary_large_image","twitter_misc":{"Szacowany czas czytania":"1 minuta"},"schema":{"@context":"https:\/\/schema.org","@graph":[{"@type":"WebPage","@id":"https:\/\/tiandeproducts.co.uk\/pl\/wydluzajacy-tusz-do-rzes-mega-lash-extension7-6g\/","url":"https:\/\/tiandeproducts.co.uk\/pl\/wydluzajacy-tusz-do-rzes-mega-lash-extension7-6g\/","name":"Wyd\u0142u\u017caj\u0105cy tusz do rz\u0119s Mega Lash-Extension,7.6g - TianDe Online Shop - Beauty &amp; Health","isPartOf":{"@id":"https:\/\/tiandeproducts.co.uk\/#website"},"primaryImageOfPage":{"@id":"https:\/\/tiandeproducts.co.uk\/pl\/wydluzajacy-tusz-do-rzes-mega-lash-extension7-6g\/#primaryimage"},"image":{"@id":"https:\/\/tiandeproducts.co.uk\/pl\/wydluzajacy-tusz-do-rzes-mega-lash-extension7-6g\/#primaryimage"},"thumbnailUrl":"https:\/\/tiandeproducts.co.uk\/wp-content\/uploads\/2019\/02\/80130.jpg","datePublished":"2019-02-09T19:36:37+00:00","dateModified":"2021-02-12T11:21:59+00:00","breadcrumb":{"@id":"https:\/\/tiandeproducts.co.uk\/pl\/wydluzajacy-tusz-do-rzes-mega-lash-extension7-6g\/#breadcrumb"},"inLanguage":"pl-PL","potentialAction":[{"@type":"ReadAction","target":["https:\/\/tiandeproducts.co.uk\/pl\/wydluzajacy-tusz-do-rzes-mega-lash-extension7-6g\/"]}]},{"@type":"ImageObject","inLanguage":"pl-PL","@id":"https:\/\/tiandeproducts.co.uk\/pl\/wydluzajacy-tusz-do-rzes-mega-lash-extension7-6g\/#primaryimage","url":"https:\/\/tiandeproducts.co.uk\/wp-content\/uploads\/2019\/02\/80130.jpg","contentUrl":"https:\/\/tiandeproducts.co.uk\/wp-content\/uploads\/2019\/02\/80130.jpg","width":800,"height":800,"caption":"Mega Lash-Extension Mascara,7,6g-0"},{"@type":"BreadcrumbList","@id":"https:\/\/tiandeproducts.co.uk\/pl\/wydluzajacy-tusz-do-rzes-mega-lash-extension7-6g\/#breadcrumb","itemListElement":[{"@type":"ListItem","position":1,"name":"Home","item":"https:\/\/tiandeproducts.co.uk\/pl\/"},{"@type":"ListItem","position":2,"name":"Shop","item":"https:\/\/tiandeproducts.co.uk\/pl\/shop-2\/"},{"@type":"ListItem","position":3,"name":"Wyd\u0142u\u017caj\u0105cy tusz do rz\u0119s Mega Lash-Extension,7.6g"}]},{"@type":"WebSite","@id":"https:\/\/tiandeproducts.co.uk\/#website","url":"https:\/\/tiandeproducts.co.uk\/","name":"TianDe Online Shop - Beauty & Health","description":"Traditional Chinese Medicine","potentialAction":[{"@type":"SearchAction","target":{"@type":"EntryPoint","urlTemplate":"https:\/\/tiandeproducts.co.uk\/?s={search_term_string}"},"query-input":{"@type":"PropertyValueSpecification","valueRequired":true,"valueName":"search_term_string"}}],"inLanguage":"pl-PL"}]}},"_links":{"self":[{"href":"https:\/\/tiandeproducts.co.uk\/pl\/wp-json\/wp\/v2\/product\/4390","targetHints":{"allow":["GET"]}}],"collection":[{"href":"https:\/\/tiandeproducts.co.uk\/pl\/wp-json\/wp\/v2\/product"}],"about":[{"href":"https:\/\/tiandeproducts.co.uk\/pl\/wp-json\/wp\/v2\/types\/product"}],"replies":[{"embeddable":true,"href":"https:\/\/tiandeproducts.co.uk\/pl\/wp-json\/wp\/v2\/comments?post=4390"}],"wp:featuredmedia":[{"embeddable":true,"href":"https:\/\/tiandeproducts.co.uk\/pl\/wp-json\/wp\/v2\/media\/2152"}],"wp:attachment":[{"href":"https:\/\/tiandeproducts.co.uk\/pl\/wp-json\/wp\/v2\/media?parent=4390"}],"wp:term":[{"taxonomy":"product_cat","embeddable":true,"href":"https:\/\/tiandeproducts.co.uk\/pl\/wp-json\/wp\/v2\/product_cat?post=4390"},{"taxonomy":"product_tag","embeddable":true,"href":"https:\/\/tiandeproducts.co.uk\/pl\/wp-json\/wp\/v2\/product_tag?post=4390"}],"curies":[{"name":"wp","href":"https:\/\/api.w.org\/{rel}","templated":true}]}}