{"id":4366,"date":"2019-07-17T13:21:43","date_gmt":"2019-07-17T12:21:43","guid":{"rendered":"https:\/\/tnd.ontesting.co.uk\/maska-upiekszajaca-do-twarzy-lawendowa-prowansja\/"},"modified":"2021-02-12T11:08:49","modified_gmt":"2021-02-12T11:08:49","slug":"maska-upiekszajaca-do-twarzy-lawendowa-prowansja","status":"publish","type":"product","link":"https:\/\/tiandeproducts.co.uk\/pl\/maska-upiekszajaca-do-twarzy-lawendowa-prowansja\/","title":{"rendered":"Maska upi\u0119kszaj\u0105ca do twarzy \u201eLawendowa Prowansja\u201c,1 szt."},"content":{"rendered":"<div class=\"description\">\n<p><img decoding=\"async\" style=\"max-width: 16px; margin-right: 5px;\" src=\"https:\/\/tiandeproducts.co.uk\/wp-content\/uploads\/points-green.svg\" \/>\u00a0Earn 3 points worth \u00a30.15 when buying this product<\/p>\n<p>Twoja sk\u00f3ra jest cienka, wra\u017cliwa i sk\u0142onna do przesuszania si\u0119? Boisz si\u0119 przedwczesnych zmarszczek? Wybierz mask\u0119 upi\u0119kszaj\u0105c\u0105 do twarzy \u201eLawendowa Prowansja\u201c. Ta delikatna maska pomo\u017ce Ci zanurzy\u0107 si\u0119 po czubek g\u0142owy w lawendowych polach po\u0142udniowo-wschodniej Francji!<\/p>\n<p>Kosmetyk delikatnie z\u0142agodzi i od\u015bwie\u017cy Twoj\u0105 delikatn\u0105 cer\u0119 oraz przywr\u00f3ci jej zdrowy kolor. Sk\u0142adniki aktywne sprzyjaj\u0105 regeneracji kom\u00f3rek i zwi\u0119kszaj\u0105 odporno\u015b\u0107 sk\u00f3ry na powstawanie zmarszczek.<\/p>\n<p>Wra\u017cliwa i cienka sk\u00f3ra wymaga specjalnych kosmetyk\u00f3w, kt\u00f3re b\u0119d\u0105 j\u0105 \u0142agodzi\u0107 i delikatnie piel\u0119gnowa\u0107. Po\u0142\u0105czyli\u015bmy naj\u0142agodniejsze i jednocze\u015bnie najskuteczniejsze sk\u0142adniki i stworzyli\u015bmy wyj\u0105tkow\u0105 piel\u0119gnacj\u0119 dla wymagaj\u0105cej sk\u00f3ry.<\/p>\n<\/div>\n<div class=\"instruction\">\n<p><strong>ZASTOSOWANIE:<\/strong><\/p>\n<p>Nak\u0142adaj maseczk\u0119 stron\u0105 z tkaniny na oczyszczon\u0105 sk\u00f3r\u0119 twarzy w kierunku od g\u00f3ry do do\u0142u, stopniowo oddzielaj\u0105c warstw\u0119 per\u0142owej folii. Po up\u0142ywie 15-20 minut zdejmij mask\u0119 i op\u0142ucz twarz wod\u0105.<\/p>\n<\/div>\n","protected":false},"excerpt":{"rendered":"<p>\u00a0Earn 3 points worth \u00a30.15 when buying this product Twoja sk\u00f3ra jest cienka, wra\u017cliwa i sk\u0142onna do przesuszania si\u0119? Boisz si\u0119 przedwczesnych zmarszczek? Wybierz mask\u0119 upi\u0119kszaj\u0105c\u0105 do twarzy \u201eLawendowa Prowansja\u201c. Ta delikatna maska pomo\u017ce Ci zanurzy\u0107 si\u0119 po czubek g\u0142owy w lawendowych polach po\u0142udniowo-wschodniej Francji! Kosmetyk delikatnie z\u0142agodzi i od\u015bwie\u017cy Twoj\u0105 delikatn\u0105 cer\u0119 oraz przywr\u00f3ci [&#8230;]\n","protected":false},"featured_media":3161,"comment_status":"closed","ping_status":"closed","template":"","meta":[],"product_cat":[746,769,874,598],"product_tag":[],"class_list":{"0":"post-4366","1":"product","2":"type-product","3":"status-publish","4":"has-post-thumbnail","6":"product_cat-do-twarzy","7":"product_cat-maseczki-na-twarz","8":"product_cat-opieki-dla-skory-wrazliwej","9":"product_cat-skin-triumph-pl","11":"first","12":"instock","13":"shipping-taxable","14":"purchasable","15":"product-type-simple"},"yoast_head":"<!-- This site is optimized with the Yoast SEO plugin v23.6 - https:\/\/yoast.com\/wordpress\/plugins\/seo\/ -->\n<title>Maska upi\u0119kszaj\u0105ca do twarzy \u201eLawendowa Prowansja\u201c,1 szt. - TianDe Online Shop - Beauty &amp; Health<\/title>\n<meta name=\"robots\" content=\"index, follow, max-snippet:-1, max-image-preview:large, max-video-preview:-1\" \/>\n<link rel=\"canonical\" href=\"https:\/\/tiandeproducts.co.uk\/pl\/maska-upiekszajaca-do-twarzy-lawendowa-prowansja\/\" \/>\n<meta property=\"og:locale\" content=\"pl_PL\" \/>\n<meta property=\"og:type\" content=\"article\" \/>\n<meta property=\"og:title\" content=\"Maska upi\u0119kszaj\u0105ca do twarzy \u201eLawendowa Prowansja\u201c,1 szt. - TianDe Online Shop - Beauty &amp; Health\" \/>\n<meta property=\"og:description\" content=\"\u00a0Earn 3 points worth \u00a30.15 when buying this product Twoja sk\u00f3ra jest cienka, wra\u017cliwa i sk\u0142onna do przesuszania si\u0119? Boisz si\u0119 przedwczesnych zmarszczek? Wybierz mask\u0119 upi\u0119kszaj\u0105c\u0105 do twarzy \u201eLawendowa Prowansja\u201c. Ta delikatna maska pomo\u017ce Ci zanurzy\u0107 si\u0119 po czubek g\u0142owy w lawendowych polach po\u0142udniowo-wschodniej Francji! Kosmetyk delikatnie z\u0142agodzi i od\u015bwie\u017cy Twoj\u0105 delikatn\u0105 cer\u0119 oraz przywr\u00f3ci [...]\" \/>\n<meta property=\"og:url\" content=\"https:\/\/tiandeproducts.co.uk\/pl\/maska-upiekszajaca-do-twarzy-lawendowa-prowansja\/\" \/>\n<meta property=\"og:site_name\" content=\"TianDe Online Shop - Beauty &amp; Health\" \/>\n<meta property=\"article:publisher\" content=\"https:\/\/www.facebook.com\/tiande.products.england\/\" \/>\n<meta property=\"article:modified_time\" content=\"2021-02-12T11:08:49+00:00\" \/>\n<meta property=\"og:image\" content=\"https:\/\/tiandeproducts.co.uk\/wp-content\/uploads\/54108.png\" \/>\n\t<meta property=\"og:image:width\" content=\"510\" \/>\n\t<meta property=\"og:image:height\" content=\"510\" \/>\n\t<meta property=\"og:image:type\" content=\"image\/png\" \/>\n<meta name=\"twitter:card\" content=\"summary_large_image\" \/>\n<meta name=\"twitter:label1\" content=\"Szacowany czas czytania\" \/>\n\t<meta name=\"twitter:data1\" content=\"1 minuta\" \/>\n<script type=\"application\/ld+json\" class=\"yoast-schema-graph\">{\"@context\":\"https:\/\/schema.org\",\"@graph\":[{\"@type\":\"WebPage\",\"@id\":\"https:\/\/tiandeproducts.co.uk\/pl\/maska-upiekszajaca-do-twarzy-lawendowa-prowansja\/\",\"url\":\"https:\/\/tiandeproducts.co.uk\/pl\/maska-upiekszajaca-do-twarzy-lawendowa-prowansja\/\",\"name\":\"Maska upi\u0119kszaj\u0105ca do twarzy \u201eLawendowa Prowansja\u201c,1 szt. - TianDe Online Shop - Beauty &amp; Health\",\"isPartOf\":{\"@id\":\"https:\/\/tiandeproducts.co.uk\/#website\"},\"primaryImageOfPage\":{\"@id\":\"https:\/\/tiandeproducts.co.uk\/pl\/maska-upiekszajaca-do-twarzy-lawendowa-prowansja\/#primaryimage\"},\"image\":{\"@id\":\"https:\/\/tiandeproducts.co.uk\/pl\/maska-upiekszajaca-do-twarzy-lawendowa-prowansja\/#primaryimage\"},\"thumbnailUrl\":\"https:\/\/tiandeproducts.co.uk\/wp-content\/uploads\/54108.png\",\"datePublished\":\"2019-07-17T12:21:43+00:00\",\"dateModified\":\"2021-02-12T11:08:49+00:00\",\"breadcrumb\":{\"@id\":\"https:\/\/tiandeproducts.co.uk\/pl\/maska-upiekszajaca-do-twarzy-lawendowa-prowansja\/#breadcrumb\"},\"inLanguage\":\"pl-PL\",\"potentialAction\":[{\"@type\":\"ReadAction\",\"target\":[\"https:\/\/tiandeproducts.co.uk\/pl\/maska-upiekszajaca-do-twarzy-lawendowa-prowansja\/\"]}]},{\"@type\":\"ImageObject\",\"inLanguage\":\"pl-PL\",\"@id\":\"https:\/\/tiandeproducts.co.uk\/pl\/maska-upiekszajaca-do-twarzy-lawendowa-prowansja\/#primaryimage\",\"url\":\"https:\/\/tiandeproducts.co.uk\/wp-content\/uploads\/54108.png\",\"contentUrl\":\"https:\/\/tiandeproducts.co.uk\/wp-content\/uploads\/54108.png\",\"width\":510,\"height\":510},{\"@type\":\"BreadcrumbList\",\"@id\":\"https:\/\/tiandeproducts.co.uk\/pl\/maska-upiekszajaca-do-twarzy-lawendowa-prowansja\/#breadcrumb\",\"itemListElement\":[{\"@type\":\"ListItem\",\"position\":1,\"name\":\"Home\",\"item\":\"https:\/\/tiandeproducts.co.uk\/pl\/\"},{\"@type\":\"ListItem\",\"position\":2,\"name\":\"Shop\",\"item\":\"https:\/\/tiandeproducts.co.uk\/pl\/shop-2\/\"},{\"@type\":\"ListItem\",\"position\":3,\"name\":\"Maska upi\u0119kszaj\u0105ca do twarzy \u201eLawendowa Prowansja\u201c,1 szt.\"}]},{\"@type\":\"WebSite\",\"@id\":\"https:\/\/tiandeproducts.co.uk\/#website\",\"url\":\"https:\/\/tiandeproducts.co.uk\/\",\"name\":\"TianDe Online Shop - Beauty & Health\",\"description\":\"Traditional Chinese Medicine\",\"potentialAction\":[{\"@type\":\"SearchAction\",\"target\":{\"@type\":\"EntryPoint\",\"urlTemplate\":\"https:\/\/tiandeproducts.co.uk\/?s={search_term_string}\"},\"query-input\":{\"@type\":\"PropertyValueSpecification\",\"valueRequired\":true,\"valueName\":\"search_term_string\"}}],\"inLanguage\":\"pl-PL\"}]}<\/script>\n<!-- \/ Yoast SEO plugin. -->","yoast_head_json":{"title":"Maska upi\u0119kszaj\u0105ca do twarzy \u201eLawendowa Prowansja\u201c,1 szt. - TianDe Online Shop - Beauty &amp; Health","robots":{"index":"index","follow":"follow","max-snippet":"max-snippet:-1","max-image-preview":"max-image-preview:large","max-video-preview":"max-video-preview:-1"},"canonical":"https:\/\/tiandeproducts.co.uk\/pl\/maska-upiekszajaca-do-twarzy-lawendowa-prowansja\/","og_locale":"pl_PL","og_type":"article","og_title":"Maska upi\u0119kszaj\u0105ca do twarzy \u201eLawendowa Prowansja\u201c,1 szt. - TianDe Online Shop - Beauty &amp; Health","og_description":"\u00a0Earn 3 points worth \u00a30.15 when buying this product Twoja sk\u00f3ra jest cienka, wra\u017cliwa i sk\u0142onna do przesuszania si\u0119? Boisz si\u0119 przedwczesnych zmarszczek? Wybierz mask\u0119 upi\u0119kszaj\u0105c\u0105 do twarzy \u201eLawendowa Prowansja\u201c. Ta delikatna maska pomo\u017ce Ci zanurzy\u0107 si\u0119 po czubek g\u0142owy w lawendowych polach po\u0142udniowo-wschodniej Francji! Kosmetyk delikatnie z\u0142agodzi i od\u015bwie\u017cy Twoj\u0105 delikatn\u0105 cer\u0119 oraz przywr\u00f3ci [...]","og_url":"https:\/\/tiandeproducts.co.uk\/pl\/maska-upiekszajaca-do-twarzy-lawendowa-prowansja\/","og_site_name":"TianDe Online Shop - Beauty &amp; Health","article_publisher":"https:\/\/www.facebook.com\/tiande.products.england\/","article_modified_time":"2021-02-12T11:08:49+00:00","og_image":[{"width":510,"height":510,"url":"https:\/\/tiandeproducts.co.uk\/wp-content\/uploads\/54108.png","type":"image\/png"}],"twitter_card":"summary_large_image","twitter_misc":{"Szacowany czas czytania":"1 minuta"},"schema":{"@context":"https:\/\/schema.org","@graph":[{"@type":"WebPage","@id":"https:\/\/tiandeproducts.co.uk\/pl\/maska-upiekszajaca-do-twarzy-lawendowa-prowansja\/","url":"https:\/\/tiandeproducts.co.uk\/pl\/maska-upiekszajaca-do-twarzy-lawendowa-prowansja\/","name":"Maska upi\u0119kszaj\u0105ca do twarzy \u201eLawendowa Prowansja\u201c,1 szt. - TianDe Online Shop - Beauty &amp; Health","isPartOf":{"@id":"https:\/\/tiandeproducts.co.uk\/#website"},"primaryImageOfPage":{"@id":"https:\/\/tiandeproducts.co.uk\/pl\/maska-upiekszajaca-do-twarzy-lawendowa-prowansja\/#primaryimage"},"image":{"@id":"https:\/\/tiandeproducts.co.uk\/pl\/maska-upiekszajaca-do-twarzy-lawendowa-prowansja\/#primaryimage"},"thumbnailUrl":"https:\/\/tiandeproducts.co.uk\/wp-content\/uploads\/54108.png","datePublished":"2019-07-17T12:21:43+00:00","dateModified":"2021-02-12T11:08:49+00:00","breadcrumb":{"@id":"https:\/\/tiandeproducts.co.uk\/pl\/maska-upiekszajaca-do-twarzy-lawendowa-prowansja\/#breadcrumb"},"inLanguage":"pl-PL","potentialAction":[{"@type":"ReadAction","target":["https:\/\/tiandeproducts.co.uk\/pl\/maska-upiekszajaca-do-twarzy-lawendowa-prowansja\/"]}]},{"@type":"ImageObject","inLanguage":"pl-PL","@id":"https:\/\/tiandeproducts.co.uk\/pl\/maska-upiekszajaca-do-twarzy-lawendowa-prowansja\/#primaryimage","url":"https:\/\/tiandeproducts.co.uk\/wp-content\/uploads\/54108.png","contentUrl":"https:\/\/tiandeproducts.co.uk\/wp-content\/uploads\/54108.png","width":510,"height":510},{"@type":"BreadcrumbList","@id":"https:\/\/tiandeproducts.co.uk\/pl\/maska-upiekszajaca-do-twarzy-lawendowa-prowansja\/#breadcrumb","itemListElement":[{"@type":"ListItem","position":1,"name":"Home","item":"https:\/\/tiandeproducts.co.uk\/pl\/"},{"@type":"ListItem","position":2,"name":"Shop","item":"https:\/\/tiandeproducts.co.uk\/pl\/shop-2\/"},{"@type":"ListItem","position":3,"name":"Maska upi\u0119kszaj\u0105ca do twarzy \u201eLawendowa Prowansja\u201c,1 szt."}]},{"@type":"WebSite","@id":"https:\/\/tiandeproducts.co.uk\/#website","url":"https:\/\/tiandeproducts.co.uk\/","name":"TianDe Online Shop - Beauty & Health","description":"Traditional Chinese Medicine","potentialAction":[{"@type":"SearchAction","target":{"@type":"EntryPoint","urlTemplate":"https:\/\/tiandeproducts.co.uk\/?s={search_term_string}"},"query-input":{"@type":"PropertyValueSpecification","valueRequired":true,"valueName":"search_term_string"}}],"inLanguage":"pl-PL"}]}},"_links":{"self":[{"href":"https:\/\/tiandeproducts.co.uk\/pl\/wp-json\/wp\/v2\/product\/4366","targetHints":{"allow":["GET"]}}],"collection":[{"href":"https:\/\/tiandeproducts.co.uk\/pl\/wp-json\/wp\/v2\/product"}],"about":[{"href":"https:\/\/tiandeproducts.co.uk\/pl\/wp-json\/wp\/v2\/types\/product"}],"replies":[{"embeddable":true,"href":"https:\/\/tiandeproducts.co.uk\/pl\/wp-json\/wp\/v2\/comments?post=4366"}],"wp:featuredmedia":[{"embeddable":true,"href":"https:\/\/tiandeproducts.co.uk\/pl\/wp-json\/wp\/v2\/media\/3161"}],"wp:attachment":[{"href":"https:\/\/tiandeproducts.co.uk\/pl\/wp-json\/wp\/v2\/media?parent=4366"}],"wp:term":[{"taxonomy":"product_cat","embeddable":true,"href":"https:\/\/tiandeproducts.co.uk\/pl\/wp-json\/wp\/v2\/product_cat?post=4366"},{"taxonomy":"product_tag","embeddable":true,"href":"https:\/\/tiandeproducts.co.uk\/pl\/wp-json\/wp\/v2\/product_tag?post=4366"}],"curies":[{"name":"wp","href":"https:\/\/api.w.org\/{rel}","templated":true}]}}