{"id":4361,"date":"2019-07-17T13:25:34","date_gmt":"2019-07-17T12:25:34","guid":{"rendered":"https:\/\/tnd.ontesting.co.uk\/maska-upiekszajaca-do-twarzy-czarny-brylant1-szt\/"},"modified":"2021-02-12T11:08:05","modified_gmt":"2021-02-12T11:08:05","slug":"maska-upiekszajaca-do-twarzy-czarny-brylant1-szt","status":"publish","type":"product","link":"https:\/\/tiandeproducts.co.uk\/pl\/maska-upiekszajaca-do-twarzy-czarny-brylant1-szt\/","title":{"rendered":"Maska upi\u0119kszaj\u0105ca do twarzy \u201eCzarny brylant\u201c,1 szt."},"content":{"rendered":"<div class=\"description\">\n<p><img decoding=\"async\" style=\"max-width: 16px; margin-right: 5px;\" src=\"https:\/\/tiandeproducts.co.uk\/wp-content\/uploads\/points-green.svg\" \/>\u00a0Earn 3 points worth \u00a30.15 when buying this product<\/p>\n<p>Na Twojej sk\u00f3rze cz\u0119sto pojawia si\u0119 t\u0142usty po\u0142ysk? Pory s\u0105 rozszerzone, a zask\u00f3rniki cz\u0119sto goszcz\u0105 na Twojej twarzy? Te objawy \u015bwiadcz\u0105 o tym, \u017ce masz cer\u0119 t\u0142ust\u0105. Ma ona swoje wady i zalety, ale najwa\u017cniejsze, o czym musisz pami\u0119ta\u0107, to oczyszczanie! Cera t\u0142usta jak \u017cadna inna wymaga regularnego starannego oczyszczania. Upi\u0119kszaj\u0105ca maska do twarzy \u201eCzarny brylant\u201c pomo\u017ce Ci uzyska\u0107 natychmiastowe efekty. Dzi\u0119ki zawartym w niej sk\u0142adnikom maska \u0142agodnie i jednocze\u015bnie g\u0142\u0119boko oczyszcza sk\u00f3r\u0119.<\/p>\n<p>G\u0142\u00f3wnym sk\u0142adnikiem oczyszczaj\u0105cym maski jest w\u0119giel drzewny z bambusa. W\u0119giel \u201ewyci\u0105ga\u201c ze sk\u00f3ry zanieczyszczenia i toksyny, w wyniku czego twarz wygl\u0105da czysto i \u015bwie\u017co. B\u0119d\u0105c eksfoliantem, w\u0119giel drzewny usuwa obumar\u0142e kom\u00f3rki sk\u00f3ry sprawiaj\u0105c, \u017ce sk\u00f3ra jest bardziej mi\u0119kka, delikatna i g\u0142adka.<\/p>\n<p>W po\u0142\u0105czeniu z innymi sk\u0142adnikami aktywnymi w\u0119giel drzewny zw\u0119\u017ca pory i nasyca sk\u00f3r\u0119 cennymi substancjami i minera\u0142ami sprawiaj\u0105c, \u017ce jest bardziej nawil\u017cona, spr\u0119\u017cysta i \u015bwie\u017ca.<\/p>\n<\/div>\n<div class=\"instruction\">\n<p><strong>ZASTOSOWANIE:<\/strong><\/p>\n<p>Nak\u0142adaj maseczk\u0119 stron\u0105 tekstyln\u0105 na oczyszczon\u0105 sk\u00f3r\u0119 twarzy w kierunku od g\u00f3ry do do\u0142u, stopniowo oddzielaj\u0105c warstw\u0119 per\u0142owej folii. Po up\u0142ywie 15-20 minut zdejmij mask\u0119 i op\u0142ucz twarz wod\u0105.<\/p>\n<\/div>\n","protected":false},"excerpt":{"rendered":"<p>\u00a0Earn 3 points worth \u00a30.15 when buying this product Na Twojej sk\u00f3rze cz\u0119sto pojawia si\u0119 t\u0142usty po\u0142ysk? Pory s\u0105 rozszerzone, a zask\u00f3rniki cz\u0119sto goszcz\u0105 na Twojej twarzy? Te objawy \u015bwiadcz\u0105 o tym, \u017ce masz cer\u0119 t\u0142ust\u0105. Ma ona swoje wady i zalety, ale najwa\u017cniejsze, o czym musisz pami\u0119ta\u0107, to oczyszczanie! Cera t\u0142usta jak \u017cadna inna [&#8230;]\n","protected":false},"featured_media":3166,"comment_status":"closed","ping_status":"closed","template":"","meta":[],"product_cat":[746,769,598],"product_tag":[],"class_list":{"0":"post-4361","1":"product","2":"type-product","3":"status-publish","4":"has-post-thumbnail","6":"product_cat-do-twarzy","7":"product_cat-maseczki-na-twarz","8":"product_cat-skin-triumph-pl","10":"first","11":"instock","12":"shipping-taxable","13":"purchasable","14":"product-type-simple"},"yoast_head":"<!-- This site is optimized with the Yoast SEO plugin v23.6 - https:\/\/yoast.com\/wordpress\/plugins\/seo\/ -->\n<title>Maska upi\u0119kszaj\u0105ca do twarzy \u201eCzarny brylant\u201c,1 szt. - TianDe Online Shop - Beauty &amp; Health<\/title>\n<meta name=\"robots\" content=\"index, follow, max-snippet:-1, max-image-preview:large, max-video-preview:-1\" \/>\n<link rel=\"canonical\" href=\"https:\/\/tiandeproducts.co.uk\/pl\/maska-upiekszajaca-do-twarzy-czarny-brylant1-szt\/\" \/>\n<meta property=\"og:locale\" content=\"pl_PL\" \/>\n<meta property=\"og:type\" content=\"article\" \/>\n<meta property=\"og:title\" content=\"Maska upi\u0119kszaj\u0105ca do twarzy \u201eCzarny brylant\u201c,1 szt. - TianDe Online Shop - Beauty &amp; Health\" \/>\n<meta property=\"og:description\" content=\"\u00a0Earn 3 points worth \u00a30.15 when buying this product Na Twojej sk\u00f3rze cz\u0119sto pojawia si\u0119 t\u0142usty po\u0142ysk? Pory s\u0105 rozszerzone, a zask\u00f3rniki cz\u0119sto goszcz\u0105 na Twojej twarzy? Te objawy \u015bwiadcz\u0105 o tym, \u017ce masz cer\u0119 t\u0142ust\u0105. Ma ona swoje wady i zalety, ale najwa\u017cniejsze, o czym musisz pami\u0119ta\u0107, to oczyszczanie! Cera t\u0142usta jak \u017cadna inna [...]\" \/>\n<meta property=\"og:url\" content=\"https:\/\/tiandeproducts.co.uk\/pl\/maska-upiekszajaca-do-twarzy-czarny-brylant1-szt\/\" \/>\n<meta property=\"og:site_name\" content=\"TianDe Online Shop - Beauty &amp; Health\" \/>\n<meta property=\"article:publisher\" content=\"https:\/\/www.facebook.com\/tiande.products.england\/\" \/>\n<meta property=\"article:modified_time\" content=\"2021-02-12T11:08:05+00:00\" \/>\n<meta property=\"og:image\" content=\"https:\/\/tiandeproducts.co.uk\/wp-content\/uploads\/54107.png\" \/>\n\t<meta property=\"og:image:width\" content=\"510\" \/>\n\t<meta property=\"og:image:height\" content=\"510\" \/>\n\t<meta property=\"og:image:type\" content=\"image\/png\" \/>\n<meta name=\"twitter:card\" content=\"summary_large_image\" \/>\n<meta name=\"twitter:label1\" content=\"Szacowany czas czytania\" \/>\n\t<meta name=\"twitter:data1\" content=\"1 minuta\" \/>\n<script type=\"application\/ld+json\" class=\"yoast-schema-graph\">{\"@context\":\"https:\/\/schema.org\",\"@graph\":[{\"@type\":\"WebPage\",\"@id\":\"https:\/\/tiandeproducts.co.uk\/pl\/maska-upiekszajaca-do-twarzy-czarny-brylant1-szt\/\",\"url\":\"https:\/\/tiandeproducts.co.uk\/pl\/maska-upiekszajaca-do-twarzy-czarny-brylant1-szt\/\",\"name\":\"Maska upi\u0119kszaj\u0105ca do twarzy \u201eCzarny brylant\u201c,1 szt. - TianDe Online Shop - Beauty &amp; Health\",\"isPartOf\":{\"@id\":\"https:\/\/tiandeproducts.co.uk\/#website\"},\"primaryImageOfPage\":{\"@id\":\"https:\/\/tiandeproducts.co.uk\/pl\/maska-upiekszajaca-do-twarzy-czarny-brylant1-szt\/#primaryimage\"},\"image\":{\"@id\":\"https:\/\/tiandeproducts.co.uk\/pl\/maska-upiekszajaca-do-twarzy-czarny-brylant1-szt\/#primaryimage\"},\"thumbnailUrl\":\"https:\/\/tiandeproducts.co.uk\/wp-content\/uploads\/54107.png\",\"datePublished\":\"2019-07-17T12:25:34+00:00\",\"dateModified\":\"2021-02-12T11:08:05+00:00\",\"breadcrumb\":{\"@id\":\"https:\/\/tiandeproducts.co.uk\/pl\/maska-upiekszajaca-do-twarzy-czarny-brylant1-szt\/#breadcrumb\"},\"inLanguage\":\"pl-PL\",\"potentialAction\":[{\"@type\":\"ReadAction\",\"target\":[\"https:\/\/tiandeproducts.co.uk\/pl\/maska-upiekszajaca-do-twarzy-czarny-brylant1-szt\/\"]}]},{\"@type\":\"ImageObject\",\"inLanguage\":\"pl-PL\",\"@id\":\"https:\/\/tiandeproducts.co.uk\/pl\/maska-upiekszajaca-do-twarzy-czarny-brylant1-szt\/#primaryimage\",\"url\":\"https:\/\/tiandeproducts.co.uk\/wp-content\/uploads\/54107.png\",\"contentUrl\":\"https:\/\/tiandeproducts.co.uk\/wp-content\/uploads\/54107.png\",\"width\":510,\"height\":510},{\"@type\":\"BreadcrumbList\",\"@id\":\"https:\/\/tiandeproducts.co.uk\/pl\/maska-upiekszajaca-do-twarzy-czarny-brylant1-szt\/#breadcrumb\",\"itemListElement\":[{\"@type\":\"ListItem\",\"position\":1,\"name\":\"Home\",\"item\":\"https:\/\/tiandeproducts.co.uk\/pl\/\"},{\"@type\":\"ListItem\",\"position\":2,\"name\":\"Shop\",\"item\":\"https:\/\/tiandeproducts.co.uk\/pl\/shop-2\/\"},{\"@type\":\"ListItem\",\"position\":3,\"name\":\"Maska upi\u0119kszaj\u0105ca do twarzy \u201eCzarny brylant\u201c,1 szt.\"}]},{\"@type\":\"WebSite\",\"@id\":\"https:\/\/tiandeproducts.co.uk\/#website\",\"url\":\"https:\/\/tiandeproducts.co.uk\/\",\"name\":\"TianDe Online Shop - Beauty & Health\",\"description\":\"Traditional Chinese Medicine\",\"potentialAction\":[{\"@type\":\"SearchAction\",\"target\":{\"@type\":\"EntryPoint\",\"urlTemplate\":\"https:\/\/tiandeproducts.co.uk\/?s={search_term_string}\"},\"query-input\":{\"@type\":\"PropertyValueSpecification\",\"valueRequired\":true,\"valueName\":\"search_term_string\"}}],\"inLanguage\":\"pl-PL\"}]}<\/script>\n<!-- \/ Yoast SEO plugin. -->","yoast_head_json":{"title":"Maska upi\u0119kszaj\u0105ca do twarzy \u201eCzarny brylant\u201c,1 szt. - TianDe Online Shop - Beauty &amp; Health","robots":{"index":"index","follow":"follow","max-snippet":"max-snippet:-1","max-image-preview":"max-image-preview:large","max-video-preview":"max-video-preview:-1"},"canonical":"https:\/\/tiandeproducts.co.uk\/pl\/maska-upiekszajaca-do-twarzy-czarny-brylant1-szt\/","og_locale":"pl_PL","og_type":"article","og_title":"Maska upi\u0119kszaj\u0105ca do twarzy \u201eCzarny brylant\u201c,1 szt. - TianDe Online Shop - Beauty &amp; Health","og_description":"\u00a0Earn 3 points worth \u00a30.15 when buying this product Na Twojej sk\u00f3rze cz\u0119sto pojawia si\u0119 t\u0142usty po\u0142ysk? Pory s\u0105 rozszerzone, a zask\u00f3rniki cz\u0119sto goszcz\u0105 na Twojej twarzy? Te objawy \u015bwiadcz\u0105 o tym, \u017ce masz cer\u0119 t\u0142ust\u0105. Ma ona swoje wady i zalety, ale najwa\u017cniejsze, o czym musisz pami\u0119ta\u0107, to oczyszczanie! Cera t\u0142usta jak \u017cadna inna [...]","og_url":"https:\/\/tiandeproducts.co.uk\/pl\/maska-upiekszajaca-do-twarzy-czarny-brylant1-szt\/","og_site_name":"TianDe Online Shop - Beauty &amp; Health","article_publisher":"https:\/\/www.facebook.com\/tiande.products.england\/","article_modified_time":"2021-02-12T11:08:05+00:00","og_image":[{"width":510,"height":510,"url":"https:\/\/tiandeproducts.co.uk\/wp-content\/uploads\/54107.png","type":"image\/png"}],"twitter_card":"summary_large_image","twitter_misc":{"Szacowany czas czytania":"1 minuta"},"schema":{"@context":"https:\/\/schema.org","@graph":[{"@type":"WebPage","@id":"https:\/\/tiandeproducts.co.uk\/pl\/maska-upiekszajaca-do-twarzy-czarny-brylant1-szt\/","url":"https:\/\/tiandeproducts.co.uk\/pl\/maska-upiekszajaca-do-twarzy-czarny-brylant1-szt\/","name":"Maska upi\u0119kszaj\u0105ca do twarzy \u201eCzarny brylant\u201c,1 szt. - TianDe Online Shop - Beauty &amp; Health","isPartOf":{"@id":"https:\/\/tiandeproducts.co.uk\/#website"},"primaryImageOfPage":{"@id":"https:\/\/tiandeproducts.co.uk\/pl\/maska-upiekszajaca-do-twarzy-czarny-brylant1-szt\/#primaryimage"},"image":{"@id":"https:\/\/tiandeproducts.co.uk\/pl\/maska-upiekszajaca-do-twarzy-czarny-brylant1-szt\/#primaryimage"},"thumbnailUrl":"https:\/\/tiandeproducts.co.uk\/wp-content\/uploads\/54107.png","datePublished":"2019-07-17T12:25:34+00:00","dateModified":"2021-02-12T11:08:05+00:00","breadcrumb":{"@id":"https:\/\/tiandeproducts.co.uk\/pl\/maska-upiekszajaca-do-twarzy-czarny-brylant1-szt\/#breadcrumb"},"inLanguage":"pl-PL","potentialAction":[{"@type":"ReadAction","target":["https:\/\/tiandeproducts.co.uk\/pl\/maska-upiekszajaca-do-twarzy-czarny-brylant1-szt\/"]}]},{"@type":"ImageObject","inLanguage":"pl-PL","@id":"https:\/\/tiandeproducts.co.uk\/pl\/maska-upiekszajaca-do-twarzy-czarny-brylant1-szt\/#primaryimage","url":"https:\/\/tiandeproducts.co.uk\/wp-content\/uploads\/54107.png","contentUrl":"https:\/\/tiandeproducts.co.uk\/wp-content\/uploads\/54107.png","width":510,"height":510},{"@type":"BreadcrumbList","@id":"https:\/\/tiandeproducts.co.uk\/pl\/maska-upiekszajaca-do-twarzy-czarny-brylant1-szt\/#breadcrumb","itemListElement":[{"@type":"ListItem","position":1,"name":"Home","item":"https:\/\/tiandeproducts.co.uk\/pl\/"},{"@type":"ListItem","position":2,"name":"Shop","item":"https:\/\/tiandeproducts.co.uk\/pl\/shop-2\/"},{"@type":"ListItem","position":3,"name":"Maska upi\u0119kszaj\u0105ca do twarzy \u201eCzarny brylant\u201c,1 szt."}]},{"@type":"WebSite","@id":"https:\/\/tiandeproducts.co.uk\/#website","url":"https:\/\/tiandeproducts.co.uk\/","name":"TianDe Online Shop - Beauty & Health","description":"Traditional Chinese Medicine","potentialAction":[{"@type":"SearchAction","target":{"@type":"EntryPoint","urlTemplate":"https:\/\/tiandeproducts.co.uk\/?s={search_term_string}"},"query-input":{"@type":"PropertyValueSpecification","valueRequired":true,"valueName":"search_term_string"}}],"inLanguage":"pl-PL"}]}},"_links":{"self":[{"href":"https:\/\/tiandeproducts.co.uk\/pl\/wp-json\/wp\/v2\/product\/4361","targetHints":{"allow":["GET"]}}],"collection":[{"href":"https:\/\/tiandeproducts.co.uk\/pl\/wp-json\/wp\/v2\/product"}],"about":[{"href":"https:\/\/tiandeproducts.co.uk\/pl\/wp-json\/wp\/v2\/types\/product"}],"replies":[{"embeddable":true,"href":"https:\/\/tiandeproducts.co.uk\/pl\/wp-json\/wp\/v2\/comments?post=4361"}],"wp:featuredmedia":[{"embeddable":true,"href":"https:\/\/tiandeproducts.co.uk\/pl\/wp-json\/wp\/v2\/media\/3166"}],"wp:attachment":[{"href":"https:\/\/tiandeproducts.co.uk\/pl\/wp-json\/wp\/v2\/media?parent=4361"}],"wp:term":[{"taxonomy":"product_cat","embeddable":true,"href":"https:\/\/tiandeproducts.co.uk\/pl\/wp-json\/wp\/v2\/product_cat?post=4361"},{"taxonomy":"product_tag","embeddable":true,"href":"https:\/\/tiandeproducts.co.uk\/pl\/wp-json\/wp\/v2\/product_tag?post=4361"}],"curies":[{"name":"wp","href":"https:\/\/api.w.org\/{rel}","templated":true}]}}