{"id":4359,"date":"2019-07-17T18:17:47","date_gmt":"2019-07-17T17:17:47","guid":{"rendered":"https:\/\/tnd.ontesting.co.uk\/fluid-do-powiek25ml\/"},"modified":"2021-02-12T11:04:48","modified_gmt":"2021-02-12T11:04:48","slug":"fluid-do-powiek25ml","status":"publish","type":"product","link":"https:\/\/tiandeproducts.co.uk\/pl\/fluid-do-powiek25ml\/","title":{"rendered":"Fluid do powiek,25ml"},"content":{"rendered":"<div class=\"description\">\n<p><img decoding=\"async\" style=\"max-width: 16px; margin-right: 5px;\" src=\"https:\/\/tiandeproducts.co.uk\/wp-content\/uploads\/points-green.svg\" \/>\u00a0Earn 21 points worth \u00a31.05 when buying this product<\/p>\n<p>Sk\u00f3ra wok\u00f3\u0142 oczu jako pierwsza ujawnia prawdziwy wiek kobiety. Dlaczego? Jest oko\u0142o 6 razy cie\u0144sza od sk\u00f3ry na innych cz\u0119\u015bciach twarzy, wi\u0119c jest najbardziej podatna na podra\u017cnienia i odwodnienie. Du\u017ca koncentracja mi\u0119\u015bni twarzy prowadzi do szybkiego pojawienia si\u0119 zmarszczek.<\/p>\n<p>Fluid na powieki Ocean Riches rozwi\u0105zuje podstawowe wyzwania stoj\u0105ce przed produktem na okolice oczu wysokiej jako\u015bci.<\/p>\n<p>&#8211; Dog\u0142\u0119bna rewitalizacja sk\u00f3ry. Ten nowoczesny termin oznacza dos\u0142ownie &#8222;powr\u00f3t do \u017cycia&#8221;. Zasadniczo zapewnia nawil\u017cenie + odm\u0142odzenie.<br \/>\n&#8211; Efekt liftingu. Dzi\u0119ki sk\u0142adnikom aktywnym fluid napina sk\u00f3r\u0119, wzmacnia j\u0105 i minimalizuje zmarszczki.<br \/>\n&#8211; Wyg\u0142adzanie zmarszczek. Fluid zawiera ekstrakt z je\u017cowca, kt\u00f3ry ma silne dzia\u0142anie odm\u0142adzaj\u0105ce i skutecznie zwalcza zmarszczki.<\/p>\n<p>Dzi\u0119ki niemu delikatna sk\u00f3ra powiek odzyskuje koloryt, elastyczno\u015b\u0107, ogranicza obrz\u0119ki i zwiotczenie spowodowane wiekiem.<\/p>\n<\/div>\n<div class=\"instruction\">\n<p><strong>ZASTOSOWANIE:<\/strong><\/p>\n<p>Preparat delikatnie wklepa\u0107 w sk\u00f3r\u0119 w okolicy oczu.<\/p>\n<\/div>\n","protected":false},"excerpt":{"rendered":"<p>\u00a0Earn 21 points worth \u00a31.05 when buying this product Sk\u00f3ra wok\u00f3\u0142 oczu jako pierwsza ujawnia prawdziwy wiek kobiety. Dlaczego? Jest oko\u0142o 6 razy cie\u0144sza od sk\u00f3ry na innych cz\u0119\u015bciach twarzy, wi\u0119c jest najbardziej podatna na podra\u017cnienia i odwodnienie. Du\u017ca koncentracja mi\u0119\u015bni twarzy prowadzi do szybkiego pojawienia si\u0119 zmarszczek. Fluid na powieki Ocean Riches rozwi\u0105zuje podstawowe [&#8230;]\n","protected":false},"featured_media":3198,"comment_status":"closed","ping_status":"closed","template":"","meta":[],"product_cat":[746,578,870,871],"product_tag":[],"class_list":{"0":"post-4359","1":"product","2":"type-product","3":"status-publish","4":"has-post-thumbnail","6":"product_cat-do-twarzy","7":"product_cat-ocean-riches-pl","8":"product_cat-pielegnacja-skory-wokol-oczu","9":"product_cat-pielegnacja-skory-wokol-oczu-pl","11":"first","12":"instock","13":"shipping-taxable","14":"purchasable","15":"product-type-simple"},"yoast_head":"<!-- This site is optimized with the Yoast SEO plugin v23.6 - https:\/\/yoast.com\/wordpress\/plugins\/seo\/ -->\n<title>Fluid do powiek,25ml - TianDe Online Shop - Beauty &amp; Health<\/title>\n<meta name=\"robots\" content=\"index, follow, max-snippet:-1, max-image-preview:large, max-video-preview:-1\" \/>\n<link rel=\"canonical\" href=\"https:\/\/tiandeproducts.co.uk\/pl\/fluid-do-powiek25ml\/\" \/>\n<meta property=\"og:locale\" content=\"pl_PL\" \/>\n<meta property=\"og:type\" content=\"article\" \/>\n<meta property=\"og:title\" content=\"Fluid do powiek,25ml - TianDe Online Shop - Beauty &amp; Health\" \/>\n<meta property=\"og:description\" content=\"\u00a0Earn 21 points worth \u00a31.05 when buying this product Sk\u00f3ra wok\u00f3\u0142 oczu jako pierwsza ujawnia prawdziwy wiek kobiety. Dlaczego? Jest oko\u0142o 6 razy cie\u0144sza od sk\u00f3ry na innych cz\u0119\u015bciach twarzy, wi\u0119c jest najbardziej podatna na podra\u017cnienia i odwodnienie. Du\u017ca koncentracja mi\u0119\u015bni twarzy prowadzi do szybkiego pojawienia si\u0119 zmarszczek. Fluid na powieki Ocean Riches rozwi\u0105zuje podstawowe [...]\" \/>\n<meta property=\"og:url\" content=\"https:\/\/tiandeproducts.co.uk\/pl\/fluid-do-powiek25ml\/\" \/>\n<meta property=\"og:site_name\" content=\"TianDe Online Shop - Beauty &amp; Health\" \/>\n<meta property=\"article:publisher\" content=\"https:\/\/www.facebook.com\/tiande.products.england\/\" \/>\n<meta property=\"article:modified_time\" content=\"2021-02-12T11:04:48+00:00\" \/>\n<meta property=\"og:image\" content=\"https:\/\/tiandeproducts.co.uk\/wp-content\/uploads\/16002.png\" \/>\n\t<meta property=\"og:image:width\" content=\"700\" \/>\n\t<meta property=\"og:image:height\" content=\"700\" \/>\n\t<meta property=\"og:image:type\" content=\"image\/png\" \/>\n<meta name=\"twitter:card\" content=\"summary_large_image\" \/>\n<meta name=\"twitter:label1\" content=\"Szacowany czas czytania\" \/>\n\t<meta name=\"twitter:data1\" content=\"1 minuta\" \/>\n<script type=\"application\/ld+json\" class=\"yoast-schema-graph\">{\"@context\":\"https:\/\/schema.org\",\"@graph\":[{\"@type\":\"WebPage\",\"@id\":\"https:\/\/tiandeproducts.co.uk\/pl\/fluid-do-powiek25ml\/\",\"url\":\"https:\/\/tiandeproducts.co.uk\/pl\/fluid-do-powiek25ml\/\",\"name\":\"Fluid do powiek,25ml - TianDe Online Shop - Beauty &amp; Health\",\"isPartOf\":{\"@id\":\"https:\/\/tiandeproducts.co.uk\/#website\"},\"primaryImageOfPage\":{\"@id\":\"https:\/\/tiandeproducts.co.uk\/pl\/fluid-do-powiek25ml\/#primaryimage\"},\"image\":{\"@id\":\"https:\/\/tiandeproducts.co.uk\/pl\/fluid-do-powiek25ml\/#primaryimage\"},\"thumbnailUrl\":\"https:\/\/tiandeproducts.co.uk\/wp-content\/uploads\/16002.png\",\"datePublished\":\"2019-07-17T17:17:47+00:00\",\"dateModified\":\"2021-02-12T11:04:48+00:00\",\"breadcrumb\":{\"@id\":\"https:\/\/tiandeproducts.co.uk\/pl\/fluid-do-powiek25ml\/#breadcrumb\"},\"inLanguage\":\"pl-PL\",\"potentialAction\":[{\"@type\":\"ReadAction\",\"target\":[\"https:\/\/tiandeproducts.co.uk\/pl\/fluid-do-powiek25ml\/\"]}]},{\"@type\":\"ImageObject\",\"inLanguage\":\"pl-PL\",\"@id\":\"https:\/\/tiandeproducts.co.uk\/pl\/fluid-do-powiek25ml\/#primaryimage\",\"url\":\"https:\/\/tiandeproducts.co.uk\/wp-content\/uploads\/16002.png\",\"contentUrl\":\"https:\/\/tiandeproducts.co.uk\/wp-content\/uploads\/16002.png\",\"width\":700,\"height\":700},{\"@type\":\"BreadcrumbList\",\"@id\":\"https:\/\/tiandeproducts.co.uk\/pl\/fluid-do-powiek25ml\/#breadcrumb\",\"itemListElement\":[{\"@type\":\"ListItem\",\"position\":1,\"name\":\"Home\",\"item\":\"https:\/\/tiandeproducts.co.uk\/pl\/\"},{\"@type\":\"ListItem\",\"position\":2,\"name\":\"Shop\",\"item\":\"https:\/\/tiandeproducts.co.uk\/pl\/shop-2\/\"},{\"@type\":\"ListItem\",\"position\":3,\"name\":\"Fluid do powiek,25ml\"}]},{\"@type\":\"WebSite\",\"@id\":\"https:\/\/tiandeproducts.co.uk\/#website\",\"url\":\"https:\/\/tiandeproducts.co.uk\/\",\"name\":\"TianDe Online Shop - Beauty & Health\",\"description\":\"Traditional Chinese Medicine\",\"potentialAction\":[{\"@type\":\"SearchAction\",\"target\":{\"@type\":\"EntryPoint\",\"urlTemplate\":\"https:\/\/tiandeproducts.co.uk\/?s={search_term_string}\"},\"query-input\":{\"@type\":\"PropertyValueSpecification\",\"valueRequired\":true,\"valueName\":\"search_term_string\"}}],\"inLanguage\":\"pl-PL\"}]}<\/script>\n<!-- \/ Yoast SEO plugin. -->","yoast_head_json":{"title":"Fluid do powiek,25ml - TianDe Online Shop - Beauty &amp; Health","robots":{"index":"index","follow":"follow","max-snippet":"max-snippet:-1","max-image-preview":"max-image-preview:large","max-video-preview":"max-video-preview:-1"},"canonical":"https:\/\/tiandeproducts.co.uk\/pl\/fluid-do-powiek25ml\/","og_locale":"pl_PL","og_type":"article","og_title":"Fluid do powiek,25ml - TianDe Online Shop - Beauty &amp; Health","og_description":"\u00a0Earn 21 points worth \u00a31.05 when buying this product Sk\u00f3ra wok\u00f3\u0142 oczu jako pierwsza ujawnia prawdziwy wiek kobiety. Dlaczego? Jest oko\u0142o 6 razy cie\u0144sza od sk\u00f3ry na innych cz\u0119\u015bciach twarzy, wi\u0119c jest najbardziej podatna na podra\u017cnienia i odwodnienie. Du\u017ca koncentracja mi\u0119\u015bni twarzy prowadzi do szybkiego pojawienia si\u0119 zmarszczek. Fluid na powieki Ocean Riches rozwi\u0105zuje podstawowe [...]","og_url":"https:\/\/tiandeproducts.co.uk\/pl\/fluid-do-powiek25ml\/","og_site_name":"TianDe Online Shop - Beauty &amp; Health","article_publisher":"https:\/\/www.facebook.com\/tiande.products.england\/","article_modified_time":"2021-02-12T11:04:48+00:00","og_image":[{"width":700,"height":700,"url":"https:\/\/tiandeproducts.co.uk\/wp-content\/uploads\/16002.png","type":"image\/png"}],"twitter_card":"summary_large_image","twitter_misc":{"Szacowany czas czytania":"1 minuta"},"schema":{"@context":"https:\/\/schema.org","@graph":[{"@type":"WebPage","@id":"https:\/\/tiandeproducts.co.uk\/pl\/fluid-do-powiek25ml\/","url":"https:\/\/tiandeproducts.co.uk\/pl\/fluid-do-powiek25ml\/","name":"Fluid do powiek,25ml - TianDe Online Shop - Beauty &amp; Health","isPartOf":{"@id":"https:\/\/tiandeproducts.co.uk\/#website"},"primaryImageOfPage":{"@id":"https:\/\/tiandeproducts.co.uk\/pl\/fluid-do-powiek25ml\/#primaryimage"},"image":{"@id":"https:\/\/tiandeproducts.co.uk\/pl\/fluid-do-powiek25ml\/#primaryimage"},"thumbnailUrl":"https:\/\/tiandeproducts.co.uk\/wp-content\/uploads\/16002.png","datePublished":"2019-07-17T17:17:47+00:00","dateModified":"2021-02-12T11:04:48+00:00","breadcrumb":{"@id":"https:\/\/tiandeproducts.co.uk\/pl\/fluid-do-powiek25ml\/#breadcrumb"},"inLanguage":"pl-PL","potentialAction":[{"@type":"ReadAction","target":["https:\/\/tiandeproducts.co.uk\/pl\/fluid-do-powiek25ml\/"]}]},{"@type":"ImageObject","inLanguage":"pl-PL","@id":"https:\/\/tiandeproducts.co.uk\/pl\/fluid-do-powiek25ml\/#primaryimage","url":"https:\/\/tiandeproducts.co.uk\/wp-content\/uploads\/16002.png","contentUrl":"https:\/\/tiandeproducts.co.uk\/wp-content\/uploads\/16002.png","width":700,"height":700},{"@type":"BreadcrumbList","@id":"https:\/\/tiandeproducts.co.uk\/pl\/fluid-do-powiek25ml\/#breadcrumb","itemListElement":[{"@type":"ListItem","position":1,"name":"Home","item":"https:\/\/tiandeproducts.co.uk\/pl\/"},{"@type":"ListItem","position":2,"name":"Shop","item":"https:\/\/tiandeproducts.co.uk\/pl\/shop-2\/"},{"@type":"ListItem","position":3,"name":"Fluid do powiek,25ml"}]},{"@type":"WebSite","@id":"https:\/\/tiandeproducts.co.uk\/#website","url":"https:\/\/tiandeproducts.co.uk\/","name":"TianDe Online Shop - Beauty & Health","description":"Traditional Chinese Medicine","potentialAction":[{"@type":"SearchAction","target":{"@type":"EntryPoint","urlTemplate":"https:\/\/tiandeproducts.co.uk\/?s={search_term_string}"},"query-input":{"@type":"PropertyValueSpecification","valueRequired":true,"valueName":"search_term_string"}}],"inLanguage":"pl-PL"}]}},"_links":{"self":[{"href":"https:\/\/tiandeproducts.co.uk\/pl\/wp-json\/wp\/v2\/product\/4359","targetHints":{"allow":["GET"]}}],"collection":[{"href":"https:\/\/tiandeproducts.co.uk\/pl\/wp-json\/wp\/v2\/product"}],"about":[{"href":"https:\/\/tiandeproducts.co.uk\/pl\/wp-json\/wp\/v2\/types\/product"}],"replies":[{"embeddable":true,"href":"https:\/\/tiandeproducts.co.uk\/pl\/wp-json\/wp\/v2\/comments?post=4359"}],"wp:featuredmedia":[{"embeddable":true,"href":"https:\/\/tiandeproducts.co.uk\/pl\/wp-json\/wp\/v2\/media\/3198"}],"wp:attachment":[{"href":"https:\/\/tiandeproducts.co.uk\/pl\/wp-json\/wp\/v2\/media?parent=4359"}],"wp:term":[{"taxonomy":"product_cat","embeddable":true,"href":"https:\/\/tiandeproducts.co.uk\/pl\/wp-json\/wp\/v2\/product_cat?post=4359"},{"taxonomy":"product_tag","embeddable":true,"href":"https:\/\/tiandeproducts.co.uk\/pl\/wp-json\/wp\/v2\/product_tag?post=4359"}],"curies":[{"name":"wp","href":"https:\/\/api.w.org\/{rel}","templated":true}]}}