{"id":4356,"date":"2019-07-17T19:17:50","date_gmt":"2019-07-17T18:17:50","guid":{"rendered":"https:\/\/tnd.ontesting.co.uk\/termoochronny-spray-z-keratyna-do-wlosow-farbowanych200ml\/"},"modified":"2021-02-12T11:03:09","modified_gmt":"2021-02-12T11:03:09","slug":"termoochronny-spray-z-keratyna-do-wlosow-farbowanych200ml","status":"publish","type":"product","link":"https:\/\/tiandeproducts.co.uk\/pl\/termoochronny-spray-z-keratyna-do-wlosow-farbowanych200ml\/","title":{"rendered":"Termoochronny spray z keratyn\u0105 do w\u0142os\u00f3w farbowanych,200ml"},"content":{"rendered":"<div class=\"description\">\n<p><img decoding=\"async\" style=\"max-width: 16px; margin-right: 5px;\" src=\"https:\/\/tiandeproducts.co.uk\/wp-content\/uploads\/points-green.svg\" \/>\u00a0Earn 12 points worth \u00a30.60 when buying this product<\/p>\n<p>Codziennie w\u0142osy s\u0105 nara\u017cane na negatywne wp\u0142ywy \u015brodowiska. A co gorsza, z pewno\u015bci\u0105 je suszysz suszark\u0105 do w\u0142os\u00f3w, prostujesz prostownic\u0105 i regularnie kr\u0119cisz na gor\u0105cej lok\u00f3wce. Z tych szybkich i wygodnych sposob\u00f3w uk\u0142adania w\u0142os\u00f3w cz\u0142owiek tak \u0142atwo nie zrezygnuje, a nawet nie musi. Wa\u017cne jest jednak minimalizowa\u0107 szkodliwe dzia\u0142anie nowoczesnych urz\u0105dze\u0144. Pomo\u017ce Ci w tym termoochronny spray z keratyn\u0105 do farbowanych w\u0142os\u00f3w od TianDe.<\/p>\n<p>Termoochronny spray z keratyn\u0105 do w\u0142os\u00f3w farbowanych:<br \/>\n&#8211; skutecznie chroni sk\u00f3r\u0119 przed ciep\u0142em<br \/>\n&#8211; zmniejsza szkodliwe efekty uk\u0142adania w\u0142os\u00f3w urz\u0105dzeniami elektrycznymi<br \/>\n&#8211; nadaje obj\u0119to\u015bci<br \/>\n&#8211; chroni intensywne kolory farbowanych w\u0142os\u00f3w<br \/>\n&#8211; ma dzia\u0142anie antystatyczne<\/p>\n<p>Dzi\u0119ki swojemu bogatemu sk\u0142adowi spray g\u0142\u0119boko nawil\u017ca w\u0142osy, nadaje im delikatno\u015bci i mi\u0119kko\u015bci. Neutralizuje elektryczno\u015b\u0107 statyczn\u0105 i trzyma Twoje loki pod kontrol\u0105. Aktywne sk\u0142adniki dbaj\u0105 o Twoje w\u0142osy i zapobiegaj\u0105 wyp\u0142ukiwaniu koloru. Teraz Twoje w\u0142osy b\u0119d\u0105 zawsze jasne i b\u0119d\u0105 mie\u0107 intensywny kolor.<\/p>\n<\/div>\n<div class=\"instruction\">\n<p><strong>ZASTOSOWANIE:<\/strong><\/p>\n<p>Spryska\u0107 preparatem wilgotne lub suche w\u0142osy na ca\u0142ej ich d\u0142ugo\u015bci, w celu uzyskania wi\u0119kszej obj\u0119to\u015bci nanie\u015b\u0107 do cebulek w\u0142os\u00f3w.<\/p>\n<\/div>\n<blockquote>\n<div class=\"n_cicate\">\n<div class=\"kovi\"><\/div>\n<\/div>\n<\/blockquote>\n","protected":false},"excerpt":{"rendered":"<p>\u00a0Earn 12 points worth \u00a30.60 when buying this product Codziennie w\u0142osy s\u0105 nara\u017cane na negatywne wp\u0142ywy \u015brodowiska. A co gorsza, z pewno\u015bci\u0105 je suszysz suszark\u0105 do w\u0142os\u00f3w, prostujesz prostownic\u0105 i regularnie kr\u0119cisz na gor\u0105cej lok\u00f3wce. Z tych szybkich i wygodnych sposob\u00f3w uk\u0142adania w\u0142os\u00f3w cz\u0142owiek tak \u0142atwo nie zrezygnuje, a nawet nie musi. Wa\u017cne jest jednak [&#8230;]\n","protected":false},"featured_media":3208,"comment_status":"closed","ping_status":"closed","template":"","meta":[],"product_cat":[843,851,849,788],"product_tag":[],"class_list":{"0":"post-4356","1":"product","2":"type-product","3":"status-publish","4":"has-post-thumbnail","6":"product_cat-do-wlosow","7":"product_cat-skuteczna-ochrona","8":"product_cat-srodki-nie-wymagajace-splukiwania","9":"product_cat-wieksza-objetosc","11":"first","12":"outofstock","13":"shipping-taxable","14":"purchasable","15":"product-type-simple"},"yoast_head":"<!-- This site is optimized with the Yoast SEO plugin v23.6 - https:\/\/yoast.com\/wordpress\/plugins\/seo\/ -->\n<title>Termoochronny spray z keratyn\u0105 do w\u0142os\u00f3w farbowanych,200ml - TianDe Online Shop - Beauty &amp; Health<\/title>\n<meta name=\"robots\" content=\"index, follow, max-snippet:-1, max-image-preview:large, max-video-preview:-1\" \/>\n<link rel=\"canonical\" href=\"https:\/\/tiandeproducts.co.uk\/pl\/termoochronny-spray-z-keratyna-do-wlosow-farbowanych200ml\/\" \/>\n<meta property=\"og:locale\" content=\"pl_PL\" \/>\n<meta property=\"og:type\" content=\"article\" \/>\n<meta property=\"og:title\" content=\"Termoochronny spray z keratyn\u0105 do w\u0142os\u00f3w farbowanych,200ml - TianDe Online Shop - Beauty &amp; Health\" \/>\n<meta property=\"og:description\" content=\"\u00a0Earn 12 points worth \u00a30.60 when buying this product Codziennie w\u0142osy s\u0105 nara\u017cane na negatywne wp\u0142ywy \u015brodowiska. A co gorsza, z pewno\u015bci\u0105 je suszysz suszark\u0105 do w\u0142os\u00f3w, prostujesz prostownic\u0105 i regularnie kr\u0119cisz na gor\u0105cej lok\u00f3wce. Z tych szybkich i wygodnych sposob\u00f3w uk\u0142adania w\u0142os\u00f3w cz\u0142owiek tak \u0142atwo nie zrezygnuje, a nawet nie musi. Wa\u017cne jest jednak [...]\" \/>\n<meta property=\"og:url\" content=\"https:\/\/tiandeproducts.co.uk\/pl\/termoochronny-spray-z-keratyna-do-wlosow-farbowanych200ml\/\" \/>\n<meta property=\"og:site_name\" content=\"TianDe Online Shop - Beauty &amp; Health\" \/>\n<meta property=\"article:publisher\" content=\"https:\/\/www.facebook.com\/tiande.products.england\/\" \/>\n<meta property=\"article:modified_time\" content=\"2021-02-12T11:03:09+00:00\" \/>\n<meta property=\"og:image\" content=\"https:\/\/tiandeproducts.co.uk\/wp-content\/uploads\/201481.png\" \/>\n\t<meta property=\"og:image:width\" content=\"700\" \/>\n\t<meta property=\"og:image:height\" content=\"700\" \/>\n\t<meta property=\"og:image:type\" content=\"image\/png\" \/>\n<meta name=\"twitter:card\" content=\"summary_large_image\" \/>\n<meta name=\"twitter:label1\" content=\"Szacowany czas czytania\" \/>\n\t<meta name=\"twitter:data1\" content=\"1 minuta\" \/>\n<script type=\"application\/ld+json\" class=\"yoast-schema-graph\">{\"@context\":\"https:\/\/schema.org\",\"@graph\":[{\"@type\":\"WebPage\",\"@id\":\"https:\/\/tiandeproducts.co.uk\/pl\/termoochronny-spray-z-keratyna-do-wlosow-farbowanych200ml\/\",\"url\":\"https:\/\/tiandeproducts.co.uk\/pl\/termoochronny-spray-z-keratyna-do-wlosow-farbowanych200ml\/\",\"name\":\"Termoochronny spray z keratyn\u0105 do w\u0142os\u00f3w farbowanych,200ml - TianDe Online Shop - Beauty &amp; Health\",\"isPartOf\":{\"@id\":\"https:\/\/tiandeproducts.co.uk\/#website\"},\"primaryImageOfPage\":{\"@id\":\"https:\/\/tiandeproducts.co.uk\/pl\/termoochronny-spray-z-keratyna-do-wlosow-farbowanych200ml\/#primaryimage\"},\"image\":{\"@id\":\"https:\/\/tiandeproducts.co.uk\/pl\/termoochronny-spray-z-keratyna-do-wlosow-farbowanych200ml\/#primaryimage\"},\"thumbnailUrl\":\"https:\/\/tiandeproducts.co.uk\/wp-content\/uploads\/201481.png\",\"datePublished\":\"2019-07-17T18:17:50+00:00\",\"dateModified\":\"2021-02-12T11:03:09+00:00\",\"breadcrumb\":{\"@id\":\"https:\/\/tiandeproducts.co.uk\/pl\/termoochronny-spray-z-keratyna-do-wlosow-farbowanych200ml\/#breadcrumb\"},\"inLanguage\":\"pl-PL\",\"potentialAction\":[{\"@type\":\"ReadAction\",\"target\":[\"https:\/\/tiandeproducts.co.uk\/pl\/termoochronny-spray-z-keratyna-do-wlosow-farbowanych200ml\/\"]}]},{\"@type\":\"ImageObject\",\"inLanguage\":\"pl-PL\",\"@id\":\"https:\/\/tiandeproducts.co.uk\/pl\/termoochronny-spray-z-keratyna-do-wlosow-farbowanych200ml\/#primaryimage\",\"url\":\"https:\/\/tiandeproducts.co.uk\/wp-content\/uploads\/201481.png\",\"contentUrl\":\"https:\/\/tiandeproducts.co.uk\/wp-content\/uploads\/201481.png\",\"width\":700,\"height\":700},{\"@type\":\"BreadcrumbList\",\"@id\":\"https:\/\/tiandeproducts.co.uk\/pl\/termoochronny-spray-z-keratyna-do-wlosow-farbowanych200ml\/#breadcrumb\",\"itemListElement\":[{\"@type\":\"ListItem\",\"position\":1,\"name\":\"Home\",\"item\":\"https:\/\/tiandeproducts.co.uk\/pl\/\"},{\"@type\":\"ListItem\",\"position\":2,\"name\":\"Shop\",\"item\":\"https:\/\/tiandeproducts.co.uk\/pl\/shop-2\/\"},{\"@type\":\"ListItem\",\"position\":3,\"name\":\"Termoochronny spray z keratyn\u0105 do w\u0142os\u00f3w farbowanych,200ml\"}]},{\"@type\":\"WebSite\",\"@id\":\"https:\/\/tiandeproducts.co.uk\/#website\",\"url\":\"https:\/\/tiandeproducts.co.uk\/\",\"name\":\"TianDe Online Shop - Beauty & Health\",\"description\":\"Traditional Chinese Medicine\",\"potentialAction\":[{\"@type\":\"SearchAction\",\"target\":{\"@type\":\"EntryPoint\",\"urlTemplate\":\"https:\/\/tiandeproducts.co.uk\/?s={search_term_string}\"},\"query-input\":{\"@type\":\"PropertyValueSpecification\",\"valueRequired\":true,\"valueName\":\"search_term_string\"}}],\"inLanguage\":\"pl-PL\"}]}<\/script>\n<!-- \/ Yoast SEO plugin. -->","yoast_head_json":{"title":"Termoochronny spray z keratyn\u0105 do w\u0142os\u00f3w farbowanych,200ml - TianDe Online Shop - Beauty &amp; Health","robots":{"index":"index","follow":"follow","max-snippet":"max-snippet:-1","max-image-preview":"max-image-preview:large","max-video-preview":"max-video-preview:-1"},"canonical":"https:\/\/tiandeproducts.co.uk\/pl\/termoochronny-spray-z-keratyna-do-wlosow-farbowanych200ml\/","og_locale":"pl_PL","og_type":"article","og_title":"Termoochronny spray z keratyn\u0105 do w\u0142os\u00f3w farbowanych,200ml - TianDe Online Shop - Beauty &amp; Health","og_description":"\u00a0Earn 12 points worth \u00a30.60 when buying this product Codziennie w\u0142osy s\u0105 nara\u017cane na negatywne wp\u0142ywy \u015brodowiska. A co gorsza, z pewno\u015bci\u0105 je suszysz suszark\u0105 do w\u0142os\u00f3w, prostujesz prostownic\u0105 i regularnie kr\u0119cisz na gor\u0105cej lok\u00f3wce. Z tych szybkich i wygodnych sposob\u00f3w uk\u0142adania w\u0142os\u00f3w cz\u0142owiek tak \u0142atwo nie zrezygnuje, a nawet nie musi. Wa\u017cne jest jednak [...]","og_url":"https:\/\/tiandeproducts.co.uk\/pl\/termoochronny-spray-z-keratyna-do-wlosow-farbowanych200ml\/","og_site_name":"TianDe Online Shop - Beauty &amp; Health","article_publisher":"https:\/\/www.facebook.com\/tiande.products.england\/","article_modified_time":"2021-02-12T11:03:09+00:00","og_image":[{"width":700,"height":700,"url":"https:\/\/tiandeproducts.co.uk\/wp-content\/uploads\/201481.png","type":"image\/png"}],"twitter_card":"summary_large_image","twitter_misc":{"Szacowany czas czytania":"1 minuta"},"schema":{"@context":"https:\/\/schema.org","@graph":[{"@type":"WebPage","@id":"https:\/\/tiandeproducts.co.uk\/pl\/termoochronny-spray-z-keratyna-do-wlosow-farbowanych200ml\/","url":"https:\/\/tiandeproducts.co.uk\/pl\/termoochronny-spray-z-keratyna-do-wlosow-farbowanych200ml\/","name":"Termoochronny spray z keratyn\u0105 do w\u0142os\u00f3w farbowanych,200ml - TianDe Online Shop - Beauty &amp; Health","isPartOf":{"@id":"https:\/\/tiandeproducts.co.uk\/#website"},"primaryImageOfPage":{"@id":"https:\/\/tiandeproducts.co.uk\/pl\/termoochronny-spray-z-keratyna-do-wlosow-farbowanych200ml\/#primaryimage"},"image":{"@id":"https:\/\/tiandeproducts.co.uk\/pl\/termoochronny-spray-z-keratyna-do-wlosow-farbowanych200ml\/#primaryimage"},"thumbnailUrl":"https:\/\/tiandeproducts.co.uk\/wp-content\/uploads\/201481.png","datePublished":"2019-07-17T18:17:50+00:00","dateModified":"2021-02-12T11:03:09+00:00","breadcrumb":{"@id":"https:\/\/tiandeproducts.co.uk\/pl\/termoochronny-spray-z-keratyna-do-wlosow-farbowanych200ml\/#breadcrumb"},"inLanguage":"pl-PL","potentialAction":[{"@type":"ReadAction","target":["https:\/\/tiandeproducts.co.uk\/pl\/termoochronny-spray-z-keratyna-do-wlosow-farbowanych200ml\/"]}]},{"@type":"ImageObject","inLanguage":"pl-PL","@id":"https:\/\/tiandeproducts.co.uk\/pl\/termoochronny-spray-z-keratyna-do-wlosow-farbowanych200ml\/#primaryimage","url":"https:\/\/tiandeproducts.co.uk\/wp-content\/uploads\/201481.png","contentUrl":"https:\/\/tiandeproducts.co.uk\/wp-content\/uploads\/201481.png","width":700,"height":700},{"@type":"BreadcrumbList","@id":"https:\/\/tiandeproducts.co.uk\/pl\/termoochronny-spray-z-keratyna-do-wlosow-farbowanych200ml\/#breadcrumb","itemListElement":[{"@type":"ListItem","position":1,"name":"Home","item":"https:\/\/tiandeproducts.co.uk\/pl\/"},{"@type":"ListItem","position":2,"name":"Shop","item":"https:\/\/tiandeproducts.co.uk\/pl\/shop-2\/"},{"@type":"ListItem","position":3,"name":"Termoochronny spray z keratyn\u0105 do w\u0142os\u00f3w farbowanych,200ml"}]},{"@type":"WebSite","@id":"https:\/\/tiandeproducts.co.uk\/#website","url":"https:\/\/tiandeproducts.co.uk\/","name":"TianDe Online Shop - Beauty & Health","description":"Traditional Chinese Medicine","potentialAction":[{"@type":"SearchAction","target":{"@type":"EntryPoint","urlTemplate":"https:\/\/tiandeproducts.co.uk\/?s={search_term_string}"},"query-input":{"@type":"PropertyValueSpecification","valueRequired":true,"valueName":"search_term_string"}}],"inLanguage":"pl-PL"}]}},"_links":{"self":[{"href":"https:\/\/tiandeproducts.co.uk\/pl\/wp-json\/wp\/v2\/product\/4356","targetHints":{"allow":["GET"]}}],"collection":[{"href":"https:\/\/tiandeproducts.co.uk\/pl\/wp-json\/wp\/v2\/product"}],"about":[{"href":"https:\/\/tiandeproducts.co.uk\/pl\/wp-json\/wp\/v2\/types\/product"}],"replies":[{"embeddable":true,"href":"https:\/\/tiandeproducts.co.uk\/pl\/wp-json\/wp\/v2\/comments?post=4356"}],"wp:featuredmedia":[{"embeddable":true,"href":"https:\/\/tiandeproducts.co.uk\/pl\/wp-json\/wp\/v2\/media\/3208"}],"wp:attachment":[{"href":"https:\/\/tiandeproducts.co.uk\/pl\/wp-json\/wp\/v2\/media?parent=4356"}],"wp:term":[{"taxonomy":"product_cat","embeddable":true,"href":"https:\/\/tiandeproducts.co.uk\/pl\/wp-json\/wp\/v2\/product_cat?post=4356"},{"taxonomy":"product_tag","embeddable":true,"href":"https:\/\/tiandeproducts.co.uk\/pl\/wp-json\/wp\/v2\/product_tag?post=4356"}],"curies":[{"name":"wp","href":"https:\/\/api.w.org\/{rel}","templated":true}]}}