{"id":4352,"date":"2019-07-17T19:37:08","date_gmt":"2019-07-17T18:37:08","guid":{"rendered":"https:\/\/tnd.ontesting.co.uk\/szpatulka-kosmetyczna-do-kremu\/"},"modified":"2021-12-21T23:46:19","modified_gmt":"2021-12-21T23:46:19","slug":"szpatulka-kosmetyczna-do-kremu","status":"publish","type":"product","link":"https:\/\/tiandeproducts.co.uk\/pl\/szpatulka-kosmetyczna-do-kremu\/","title":{"rendered":"Szpatu\u0142ka kosmetyczna do kremu,1 szt."},"content":{"rendered":"<div class=\"description\">\n<p><img decoding=\"async\" style=\"max-width: 16px; margin-right: 5px;\" src=\"https:\/\/tiandeproducts.co.uk\/wp-content\/uploads\/points-green.svg\" \/>\u00a0Earn 1 points worth \u00a30.05 when buying this product<\/p>\n<p>Szpatu\u0142ka kosmetyczna do kremu to gad\u017cet, kt\u00f3ry sprawi, \u017ce codzienny zabieg piel\u0119gnacji sk\u00f3ry b\u0119dzie jeszcze bardziej wygodny i bezpieczny.<\/p>\n<p>Przy u\u017cywaniu szpatu\u0142ki krem oraz inne kosmetyki d\u0142u\u017cej zachowuj\u0105 swoj\u0105 trwa\u0142o\u015b\u0107, poniewa\u017c zostaje zminimalizowane ryzyko przenikania do kosmetyku bakterii, kt\u00f3re skracaj\u0105 termin jego wa\u017cno\u015bci.<\/p>\n<p>Wyprodukowana z tworzywa sztucznego wysokiej jako\u015bci.<\/p>\n<\/div>\n<div class=\"instruction\">\n<p><strong>ZASTOSOWANIE:<\/strong><\/p>\n<p>Po u\u017cyciu nale\u017cy oczy\u015bci\u0107 szpatu\u0142k\u0119 z pozosta\u0142o\u015bci kremu, u\u017cywaj\u0105c \u015brodka myj\u0105cego, a nast\u0119pnie przetrze\u0107 na sucho.<\/p>\n<\/div>\n","protected":false},"excerpt":{"rendered":"<p>\u00a0Earn 1 points worth \u00a30.05 when buying this product Szpatu\u0142ka kosmetyczna do kremu to gad\u017cet, kt\u00f3ry sprawi, \u017ce codzienny zabieg piel\u0119gnacji sk\u00f3ry b\u0119dzie jeszcze bardziej wygodny i bezpieczny. Przy u\u017cywaniu szpatu\u0142ki krem oraz inne kosmetyki d\u0142u\u017cej zachowuj\u0105 swoj\u0105 trwa\u0142o\u015b\u0107, poniewa\u017c zostaje zminimalizowane ryzyko przenikania do kosmetyku bakterii, kt\u00f3re skracaj\u0105 termin jego wa\u017cno\u015bci. Wyprodukowana z tworzywa [&#8230;]\n","protected":false},"featured_media":3228,"comment_status":"closed","ping_status":"closed","template":"","meta":[],"product_cat":[462,468,746],"product_tag":[],"class_list":{"0":"post-4352","1":"product","2":"type-product","3":"status-publish","4":"has-post-thumbnail","6":"product_cat-akcesoria","7":"product_cat-akcesoria-kosmetyczne","8":"product_cat-do-twarzy","10":"first","11":"instock","12":"shipping-taxable","13":"purchasable","14":"product-type-simple"},"yoast_head":"<!-- This site is optimized with the Yoast SEO plugin v23.6 - https:\/\/yoast.com\/wordpress\/plugins\/seo\/ -->\n<title>Szpatu\u0142ka kosmetyczna do kremu,1 szt. - TianDe Online Shop - Beauty &amp; Health<\/title>\n<meta name=\"robots\" content=\"index, follow, max-snippet:-1, max-image-preview:large, max-video-preview:-1\" \/>\n<link rel=\"canonical\" href=\"https:\/\/tiandeproducts.co.uk\/pl\/szpatulka-kosmetyczna-do-kremu\/\" \/>\n<meta property=\"og:locale\" content=\"pl_PL\" \/>\n<meta property=\"og:type\" content=\"article\" \/>\n<meta property=\"og:title\" content=\"Szpatu\u0142ka kosmetyczna do kremu,1 szt. - TianDe Online Shop - Beauty &amp; Health\" \/>\n<meta property=\"og:description\" content=\"\u00a0Earn 1 points worth \u00a30.05 when buying this product Szpatu\u0142ka kosmetyczna do kremu to gad\u017cet, kt\u00f3ry sprawi, \u017ce codzienny zabieg piel\u0119gnacji sk\u00f3ry b\u0119dzie jeszcze bardziej wygodny i bezpieczny. Przy u\u017cywaniu szpatu\u0142ki krem oraz inne kosmetyki d\u0142u\u017cej zachowuj\u0105 swoj\u0105 trwa\u0142o\u015b\u0107, poniewa\u017c zostaje zminimalizowane ryzyko przenikania do kosmetyku bakterii, kt\u00f3re skracaj\u0105 termin jego wa\u017cno\u015bci. Wyprodukowana z tworzywa [...]\" \/>\n<meta property=\"og:url\" content=\"https:\/\/tiandeproducts.co.uk\/pl\/szpatulka-kosmetyczna-do-kremu\/\" \/>\n<meta property=\"og:site_name\" content=\"TianDe Online Shop - Beauty &amp; Health\" \/>\n<meta property=\"article:publisher\" content=\"https:\/\/www.facebook.com\/tiande.products.england\/\" \/>\n<meta property=\"article:modified_time\" content=\"2021-12-21T23:46:19+00:00\" \/>\n<meta property=\"og:image\" content=\"https:\/\/tiandeproducts.co.uk\/wp-content\/uploads\/90186.png\" \/>\n\t<meta property=\"og:image:width\" content=\"700\" \/>\n\t<meta property=\"og:image:height\" content=\"700\" \/>\n\t<meta property=\"og:image:type\" content=\"image\/png\" \/>\n<meta name=\"twitter:card\" content=\"summary_large_image\" \/>\n<script type=\"application\/ld+json\" class=\"yoast-schema-graph\">{\"@context\":\"https:\/\/schema.org\",\"@graph\":[{\"@type\":\"WebPage\",\"@id\":\"https:\/\/tiandeproducts.co.uk\/pl\/szpatulka-kosmetyczna-do-kremu\/\",\"url\":\"https:\/\/tiandeproducts.co.uk\/pl\/szpatulka-kosmetyczna-do-kremu\/\",\"name\":\"Szpatu\u0142ka kosmetyczna do kremu,1 szt. - TianDe Online Shop - Beauty &amp; Health\",\"isPartOf\":{\"@id\":\"https:\/\/tiandeproducts.co.uk\/#website\"},\"primaryImageOfPage\":{\"@id\":\"https:\/\/tiandeproducts.co.uk\/pl\/szpatulka-kosmetyczna-do-kremu\/#primaryimage\"},\"image\":{\"@id\":\"https:\/\/tiandeproducts.co.uk\/pl\/szpatulka-kosmetyczna-do-kremu\/#primaryimage\"},\"thumbnailUrl\":\"https:\/\/tiandeproducts.co.uk\/wp-content\/uploads\/90186.png\",\"datePublished\":\"2019-07-17T18:37:08+00:00\",\"dateModified\":\"2021-12-21T23:46:19+00:00\",\"breadcrumb\":{\"@id\":\"https:\/\/tiandeproducts.co.uk\/pl\/szpatulka-kosmetyczna-do-kremu\/#breadcrumb\"},\"inLanguage\":\"pl-PL\",\"potentialAction\":[{\"@type\":\"ReadAction\",\"target\":[\"https:\/\/tiandeproducts.co.uk\/pl\/szpatulka-kosmetyczna-do-kremu\/\"]}]},{\"@type\":\"ImageObject\",\"inLanguage\":\"pl-PL\",\"@id\":\"https:\/\/tiandeproducts.co.uk\/pl\/szpatulka-kosmetyczna-do-kremu\/#primaryimage\",\"url\":\"https:\/\/tiandeproducts.co.uk\/wp-content\/uploads\/90186.png\",\"contentUrl\":\"https:\/\/tiandeproducts.co.uk\/wp-content\/uploads\/90186.png\",\"width\":700,\"height\":700},{\"@type\":\"BreadcrumbList\",\"@id\":\"https:\/\/tiandeproducts.co.uk\/pl\/szpatulka-kosmetyczna-do-kremu\/#breadcrumb\",\"itemListElement\":[{\"@type\":\"ListItem\",\"position\":1,\"name\":\"Home\",\"item\":\"https:\/\/tiandeproducts.co.uk\/pl\/\"},{\"@type\":\"ListItem\",\"position\":2,\"name\":\"Shop\",\"item\":\"https:\/\/tiandeproducts.co.uk\/pl\/shop-2\/\"},{\"@type\":\"ListItem\",\"position\":3,\"name\":\"Szpatu\u0142ka kosmetyczna do kremu,1 szt.\"}]},{\"@type\":\"WebSite\",\"@id\":\"https:\/\/tiandeproducts.co.uk\/#website\",\"url\":\"https:\/\/tiandeproducts.co.uk\/\",\"name\":\"TianDe Online Shop - Beauty & Health\",\"description\":\"Traditional Chinese Medicine\",\"potentialAction\":[{\"@type\":\"SearchAction\",\"target\":{\"@type\":\"EntryPoint\",\"urlTemplate\":\"https:\/\/tiandeproducts.co.uk\/?s={search_term_string}\"},\"query-input\":{\"@type\":\"PropertyValueSpecification\",\"valueRequired\":true,\"valueName\":\"search_term_string\"}}],\"inLanguage\":\"pl-PL\"}]}<\/script>\n<!-- \/ Yoast SEO plugin. -->","yoast_head_json":{"title":"Szpatu\u0142ka kosmetyczna do kremu,1 szt. - TianDe Online Shop - Beauty &amp; Health","robots":{"index":"index","follow":"follow","max-snippet":"max-snippet:-1","max-image-preview":"max-image-preview:large","max-video-preview":"max-video-preview:-1"},"canonical":"https:\/\/tiandeproducts.co.uk\/pl\/szpatulka-kosmetyczna-do-kremu\/","og_locale":"pl_PL","og_type":"article","og_title":"Szpatu\u0142ka kosmetyczna do kremu,1 szt. - TianDe Online Shop - Beauty &amp; Health","og_description":"\u00a0Earn 1 points worth \u00a30.05 when buying this product Szpatu\u0142ka kosmetyczna do kremu to gad\u017cet, kt\u00f3ry sprawi, \u017ce codzienny zabieg piel\u0119gnacji sk\u00f3ry b\u0119dzie jeszcze bardziej wygodny i bezpieczny. Przy u\u017cywaniu szpatu\u0142ki krem oraz inne kosmetyki d\u0142u\u017cej zachowuj\u0105 swoj\u0105 trwa\u0142o\u015b\u0107, poniewa\u017c zostaje zminimalizowane ryzyko przenikania do kosmetyku bakterii, kt\u00f3re skracaj\u0105 termin jego wa\u017cno\u015bci. Wyprodukowana z tworzywa [...]","og_url":"https:\/\/tiandeproducts.co.uk\/pl\/szpatulka-kosmetyczna-do-kremu\/","og_site_name":"TianDe Online Shop - Beauty &amp; Health","article_publisher":"https:\/\/www.facebook.com\/tiande.products.england\/","article_modified_time":"2021-12-21T23:46:19+00:00","og_image":[{"width":700,"height":700,"url":"https:\/\/tiandeproducts.co.uk\/wp-content\/uploads\/90186.png","type":"image\/png"}],"twitter_card":"summary_large_image","schema":{"@context":"https:\/\/schema.org","@graph":[{"@type":"WebPage","@id":"https:\/\/tiandeproducts.co.uk\/pl\/szpatulka-kosmetyczna-do-kremu\/","url":"https:\/\/tiandeproducts.co.uk\/pl\/szpatulka-kosmetyczna-do-kremu\/","name":"Szpatu\u0142ka kosmetyczna do kremu,1 szt. - TianDe Online Shop - Beauty &amp; Health","isPartOf":{"@id":"https:\/\/tiandeproducts.co.uk\/#website"},"primaryImageOfPage":{"@id":"https:\/\/tiandeproducts.co.uk\/pl\/szpatulka-kosmetyczna-do-kremu\/#primaryimage"},"image":{"@id":"https:\/\/tiandeproducts.co.uk\/pl\/szpatulka-kosmetyczna-do-kremu\/#primaryimage"},"thumbnailUrl":"https:\/\/tiandeproducts.co.uk\/wp-content\/uploads\/90186.png","datePublished":"2019-07-17T18:37:08+00:00","dateModified":"2021-12-21T23:46:19+00:00","breadcrumb":{"@id":"https:\/\/tiandeproducts.co.uk\/pl\/szpatulka-kosmetyczna-do-kremu\/#breadcrumb"},"inLanguage":"pl-PL","potentialAction":[{"@type":"ReadAction","target":["https:\/\/tiandeproducts.co.uk\/pl\/szpatulka-kosmetyczna-do-kremu\/"]}]},{"@type":"ImageObject","inLanguage":"pl-PL","@id":"https:\/\/tiandeproducts.co.uk\/pl\/szpatulka-kosmetyczna-do-kremu\/#primaryimage","url":"https:\/\/tiandeproducts.co.uk\/wp-content\/uploads\/90186.png","contentUrl":"https:\/\/tiandeproducts.co.uk\/wp-content\/uploads\/90186.png","width":700,"height":700},{"@type":"BreadcrumbList","@id":"https:\/\/tiandeproducts.co.uk\/pl\/szpatulka-kosmetyczna-do-kremu\/#breadcrumb","itemListElement":[{"@type":"ListItem","position":1,"name":"Home","item":"https:\/\/tiandeproducts.co.uk\/pl\/"},{"@type":"ListItem","position":2,"name":"Shop","item":"https:\/\/tiandeproducts.co.uk\/pl\/shop-2\/"},{"@type":"ListItem","position":3,"name":"Szpatu\u0142ka kosmetyczna do kremu,1 szt."}]},{"@type":"WebSite","@id":"https:\/\/tiandeproducts.co.uk\/#website","url":"https:\/\/tiandeproducts.co.uk\/","name":"TianDe Online Shop - Beauty & Health","description":"Traditional Chinese Medicine","potentialAction":[{"@type":"SearchAction","target":{"@type":"EntryPoint","urlTemplate":"https:\/\/tiandeproducts.co.uk\/?s={search_term_string}"},"query-input":{"@type":"PropertyValueSpecification","valueRequired":true,"valueName":"search_term_string"}}],"inLanguage":"pl-PL"}]}},"_links":{"self":[{"href":"https:\/\/tiandeproducts.co.uk\/pl\/wp-json\/wp\/v2\/product\/4352","targetHints":{"allow":["GET"]}}],"collection":[{"href":"https:\/\/tiandeproducts.co.uk\/pl\/wp-json\/wp\/v2\/product"}],"about":[{"href":"https:\/\/tiandeproducts.co.uk\/pl\/wp-json\/wp\/v2\/types\/product"}],"replies":[{"embeddable":true,"href":"https:\/\/tiandeproducts.co.uk\/pl\/wp-json\/wp\/v2\/comments?post=4352"}],"wp:featuredmedia":[{"embeddable":true,"href":"https:\/\/tiandeproducts.co.uk\/pl\/wp-json\/wp\/v2\/media\/3228"}],"wp:attachment":[{"href":"https:\/\/tiandeproducts.co.uk\/pl\/wp-json\/wp\/v2\/media?parent=4352"}],"wp:term":[{"taxonomy":"product_cat","embeddable":true,"href":"https:\/\/tiandeproducts.co.uk\/pl\/wp-json\/wp\/v2\/product_cat?post=4352"},{"taxonomy":"product_tag","embeddable":true,"href":"https:\/\/tiandeproducts.co.uk\/pl\/wp-json\/wp\/v2\/product_tag?post=4352"}],"curies":[{"name":"wp","href":"https:\/\/api.w.org\/{rel}","templated":true}]}}