{"id":4346,"date":"2019-07-17T13:37:08","date_gmt":"2019-07-17T12:37:08","guid":{"rendered":"https:\/\/tnd.ontesting.co.uk\/kompleks-pielegnacyjny-do-skory-z-tendencja-do-pigmentacji365g\/"},"modified":"2021-02-12T11:06:34","modified_gmt":"2021-02-12T11:06:34","slug":"kompleks-pielegnacyjny-do-skory-z-tendencja-do-pigmentacji365g","status":"publish","type":"product","link":"https:\/\/tiandeproducts.co.uk\/pl\/kompleks-pielegnacyjny-do-skory-z-tendencja-do-pigmentacji365g\/","title":{"rendered":"Kompleks piel\u0119gnacyjny do sk\u00f3ry z tendencj\u0105 do pigmentacji,36+5g"},"content":{"rendered":"<div class=\"description\">\n<p><img decoding=\"async\" style=\"max-width: 16px; margin-right: 5px;\" src=\"https:\/\/tiandeproducts.co.uk\/wp-content\/uploads\/points-green.svg\" \/>\u00a0Earn 3 points worth \u00a30.15 when buying this product<\/p>\n<p>Czy Twoja sk\u00f3ra ma tendencj\u0119 do pigmentacji i pr\u00f3bujesz unika\u0107 promieni s\u0142onecznych? Dobrze Ci idzie, ale to nie wystarczy! Twoja sk\u00f3ra wymaga specjalnej piel\u0119gnacji. Pigmentacja to nie tylko piegi, kt\u00f3re zdobi\u0105 twarze niekt\u00f3rych kobiet, dla wielu stanowi\u0105 du\u017cy problem. Sk\u00f3ra ze sk\u0142onno\u015bci\u0105 do pigmentacji wymaga niezawodnej ochrony.<\/p>\n<p>Kompleksowa piel\u0119gnacja sk\u00f3ry z tendencj\u0105 do pigmentacji \u2013 to \u015bwietny duet dw\u00f3ch preparat\u00f3w, kt\u00f3re pomog\u0105 Ci w walce z \u201eplamami\u201d!<\/p>\n<p>Krok 1: maseczka\u2013eliksir z wyci\u0105giem z korzenia lukrecji i opuncji:<br \/>\n&#8211; wyr\u00f3wnuje koloryt sk\u00f3ry<br \/>\n&#8211; skutecznie walczy z pigmentacj\u0105 i poprawia tekstur\u0119 sk\u00f3ry<\/p>\n<p>Krok 2: dobroczynny krem, kt\u00f3ry:<br \/>\n&#8211; wzmacnia dzia\u0142anie maseczki i g\u0142\u0119boko nawil\u017ca sk\u00f3r\u0119<br \/>\n&#8211; dzi\u0119ki naturalnym kwasom w sk\u0142adzie stymuluje regeneracj\u0119 sk\u00f3ry<\/p>\n<p>Krem ma bardzo delikatn\u0105 struktur\u0119, \u0142atwo si\u0119 wch\u0142ania i nie powoduje uczucia ci\u0119\u017cko\u015bci na twarzy.<\/p>\n<p>Regularne stosowanie zapewnia g\u0142adk\u0105, nawil\u017con\u0105 sk\u00f3r\u0119, pe\u0142en wdzi\u0119ku koloryt, wyg\u0142adzenie p\u0142ytkich zmarszczek i elastyczno\u015b\u0107!<\/p>\n<p>Tego zestawu mo\u017cna u\u017cy\u0107 nie tylko, je\u015bli Twoja sk\u00f3ra ma tendencj\u0119 do pigmentowania, ale tak\u017ce do wyr\u00f3wnania kolorytu sk\u00f3ry. Dbaj o ochron\u0119 sk\u00f3ry przed promieniowaniem ultrafioletowym i pami\u0119taj, \u017ce s\u0142o\u0144ce jest aktywne przez ca\u0142y rok!<\/p>\n<\/div>\n<div class=\"instruction\">\n<p><strong>ZASTOSOWANIE:<\/strong><\/p>\n<p>Krok 1: nanie\u015b\u0107 maseczk\u0119-eliksir na czyst\u0105 sk\u00f3r\u0119 twarzy, pozostawi\u0107 na 15-20 minut, nast\u0119pnie maseczk\u0119 zdj\u0105\u0107, a twarz sp\u0142uka\u0107 wod\u0105.<\/p>\n<p>Krok 2: natychmiast lub w ci\u0105gu 10-12 godzin po u\u017cyciu maseczki zastosuj na sk\u00f3r\u0119 dobroczynny krem. Mo\u017cna stosowa\u0107 jako krem na noc. Stosowa\u0107 kompleksow\u0105 piel\u0119gnacj\u0119 1-2 razy w tygodniu. Zu\u017cy\u0107 tu\u017c po otwarciu.<\/p>\n<\/div>\n","protected":false},"excerpt":{"rendered":"<p>\u00a0Earn 3 points worth \u00a30.15 when buying this product Czy Twoja sk\u00f3ra ma tendencj\u0119 do pigmentacji i pr\u00f3bujesz unika\u0107 promieni s\u0142onecznych? Dobrze Ci idzie, ale to nie wystarczy! Twoja sk\u00f3ra wymaga specjalnej piel\u0119gnacji. Pigmentacja to nie tylko piegi, kt\u00f3re zdobi\u0105 twarze niekt\u00f3rych kobiet, dla wielu stanowi\u0105 du\u017cy problem. Sk\u00f3ra ze sk\u0142onno\u015bci\u0105 do pigmentacji wymaga niezawodnej [&#8230;]\n","protected":false},"featured_media":3176,"comment_status":"closed","ping_status":"closed","template":"","meta":[],"product_cat":[746,769,757],"product_tag":[],"class_list":{"0":"post-4346","1":"product","2":"type-product","3":"status-publish","4":"has-post-thumbnail","6":"product_cat-do-twarzy","7":"product_cat-maseczki-na-twarz","8":"product_cat-pigmentacja","10":"first","11":"outofstock","12":"shipping-taxable","13":"purchasable","14":"product-type-simple"},"yoast_head":"<!-- This site is optimized with the Yoast SEO plugin v23.6 - https:\/\/yoast.com\/wordpress\/plugins\/seo\/ -->\n<title>Kompleks piel\u0119gnacyjny do sk\u00f3ry z tendencj\u0105 do pigmentacji,36+5g - TianDe Online Shop - Beauty &amp; Health<\/title>\n<meta name=\"robots\" content=\"index, follow, max-snippet:-1, max-image-preview:large, max-video-preview:-1\" \/>\n<link rel=\"canonical\" href=\"https:\/\/tiandeproducts.co.uk\/pl\/kompleks-pielegnacyjny-do-skory-z-tendencja-do-pigmentacji365g\/\" \/>\n<meta property=\"og:locale\" content=\"pl_PL\" \/>\n<meta property=\"og:type\" content=\"article\" \/>\n<meta property=\"og:title\" content=\"Kompleks piel\u0119gnacyjny do sk\u00f3ry z tendencj\u0105 do pigmentacji,36+5g - TianDe Online Shop - Beauty &amp; Health\" \/>\n<meta property=\"og:description\" content=\"\u00a0Earn 3 points worth \u00a30.15 when buying this product Czy Twoja sk\u00f3ra ma tendencj\u0119 do pigmentacji i pr\u00f3bujesz unika\u0107 promieni s\u0142onecznych? Dobrze Ci idzie, ale to nie wystarczy! Twoja sk\u00f3ra wymaga specjalnej piel\u0119gnacji. Pigmentacja to nie tylko piegi, kt\u00f3re zdobi\u0105 twarze niekt\u00f3rych kobiet, dla wielu stanowi\u0105 du\u017cy problem. Sk\u00f3ra ze sk\u0142onno\u015bci\u0105 do pigmentacji wymaga niezawodnej [...]\" \/>\n<meta property=\"og:url\" content=\"https:\/\/tiandeproducts.co.uk\/pl\/kompleks-pielegnacyjny-do-skory-z-tendencja-do-pigmentacji365g\/\" \/>\n<meta property=\"og:site_name\" content=\"TianDe Online Shop - Beauty &amp; Health\" \/>\n<meta property=\"article:publisher\" content=\"https:\/\/www.facebook.com\/tiande.products.england\/\" \/>\n<meta property=\"article:modified_time\" content=\"2021-02-12T11:06:34+00:00\" \/>\n<meta property=\"og:image\" content=\"https:\/\/tiandeproducts.co.uk\/wp-content\/uploads\/56202.png\" \/>\n\t<meta property=\"og:image:width\" content=\"700\" \/>\n\t<meta property=\"og:image:height\" content=\"700\" \/>\n\t<meta property=\"og:image:type\" content=\"image\/png\" \/>\n<meta name=\"twitter:card\" content=\"summary_large_image\" \/>\n<meta name=\"twitter:label1\" content=\"Szacowany czas czytania\" \/>\n\t<meta name=\"twitter:data1\" content=\"1 minuta\" \/>\n<script type=\"application\/ld+json\" class=\"yoast-schema-graph\">{\"@context\":\"https:\/\/schema.org\",\"@graph\":[{\"@type\":\"WebPage\",\"@id\":\"https:\/\/tiandeproducts.co.uk\/pl\/kompleks-pielegnacyjny-do-skory-z-tendencja-do-pigmentacji365g\/\",\"url\":\"https:\/\/tiandeproducts.co.uk\/pl\/kompleks-pielegnacyjny-do-skory-z-tendencja-do-pigmentacji365g\/\",\"name\":\"Kompleks piel\u0119gnacyjny do sk\u00f3ry z tendencj\u0105 do pigmentacji,36+5g - TianDe Online Shop - Beauty &amp; Health\",\"isPartOf\":{\"@id\":\"https:\/\/tiandeproducts.co.uk\/#website\"},\"primaryImageOfPage\":{\"@id\":\"https:\/\/tiandeproducts.co.uk\/pl\/kompleks-pielegnacyjny-do-skory-z-tendencja-do-pigmentacji365g\/#primaryimage\"},\"image\":{\"@id\":\"https:\/\/tiandeproducts.co.uk\/pl\/kompleks-pielegnacyjny-do-skory-z-tendencja-do-pigmentacji365g\/#primaryimage\"},\"thumbnailUrl\":\"https:\/\/tiandeproducts.co.uk\/wp-content\/uploads\/56202.png\",\"datePublished\":\"2019-07-17T12:37:08+00:00\",\"dateModified\":\"2021-02-12T11:06:34+00:00\",\"breadcrumb\":{\"@id\":\"https:\/\/tiandeproducts.co.uk\/pl\/kompleks-pielegnacyjny-do-skory-z-tendencja-do-pigmentacji365g\/#breadcrumb\"},\"inLanguage\":\"pl-PL\",\"potentialAction\":[{\"@type\":\"ReadAction\",\"target\":[\"https:\/\/tiandeproducts.co.uk\/pl\/kompleks-pielegnacyjny-do-skory-z-tendencja-do-pigmentacji365g\/\"]}]},{\"@type\":\"ImageObject\",\"inLanguage\":\"pl-PL\",\"@id\":\"https:\/\/tiandeproducts.co.uk\/pl\/kompleks-pielegnacyjny-do-skory-z-tendencja-do-pigmentacji365g\/#primaryimage\",\"url\":\"https:\/\/tiandeproducts.co.uk\/wp-content\/uploads\/56202.png\",\"contentUrl\":\"https:\/\/tiandeproducts.co.uk\/wp-content\/uploads\/56202.png\",\"width\":700,\"height\":700},{\"@type\":\"BreadcrumbList\",\"@id\":\"https:\/\/tiandeproducts.co.uk\/pl\/kompleks-pielegnacyjny-do-skory-z-tendencja-do-pigmentacji365g\/#breadcrumb\",\"itemListElement\":[{\"@type\":\"ListItem\",\"position\":1,\"name\":\"Home\",\"item\":\"https:\/\/tiandeproducts.co.uk\/pl\/\"},{\"@type\":\"ListItem\",\"position\":2,\"name\":\"Shop\",\"item\":\"https:\/\/tiandeproducts.co.uk\/pl\/shop-2\/\"},{\"@type\":\"ListItem\",\"position\":3,\"name\":\"Kompleks piel\u0119gnacyjny do sk\u00f3ry z tendencj\u0105 do pigmentacji,36+5g\"}]},{\"@type\":\"WebSite\",\"@id\":\"https:\/\/tiandeproducts.co.uk\/#website\",\"url\":\"https:\/\/tiandeproducts.co.uk\/\",\"name\":\"TianDe Online Shop - Beauty & Health\",\"description\":\"Traditional Chinese Medicine\",\"potentialAction\":[{\"@type\":\"SearchAction\",\"target\":{\"@type\":\"EntryPoint\",\"urlTemplate\":\"https:\/\/tiandeproducts.co.uk\/?s={search_term_string}\"},\"query-input\":{\"@type\":\"PropertyValueSpecification\",\"valueRequired\":true,\"valueName\":\"search_term_string\"}}],\"inLanguage\":\"pl-PL\"}]}<\/script>\n<!-- \/ Yoast SEO plugin. -->","yoast_head_json":{"title":"Kompleks piel\u0119gnacyjny do sk\u00f3ry z tendencj\u0105 do pigmentacji,36+5g - TianDe Online Shop - Beauty &amp; Health","robots":{"index":"index","follow":"follow","max-snippet":"max-snippet:-1","max-image-preview":"max-image-preview:large","max-video-preview":"max-video-preview:-1"},"canonical":"https:\/\/tiandeproducts.co.uk\/pl\/kompleks-pielegnacyjny-do-skory-z-tendencja-do-pigmentacji365g\/","og_locale":"pl_PL","og_type":"article","og_title":"Kompleks piel\u0119gnacyjny do sk\u00f3ry z tendencj\u0105 do pigmentacji,36+5g - TianDe Online Shop - Beauty &amp; Health","og_description":"\u00a0Earn 3 points worth \u00a30.15 when buying this product Czy Twoja sk\u00f3ra ma tendencj\u0119 do pigmentacji i pr\u00f3bujesz unika\u0107 promieni s\u0142onecznych? Dobrze Ci idzie, ale to nie wystarczy! Twoja sk\u00f3ra wymaga specjalnej piel\u0119gnacji. Pigmentacja to nie tylko piegi, kt\u00f3re zdobi\u0105 twarze niekt\u00f3rych kobiet, dla wielu stanowi\u0105 du\u017cy problem. Sk\u00f3ra ze sk\u0142onno\u015bci\u0105 do pigmentacji wymaga niezawodnej [...]","og_url":"https:\/\/tiandeproducts.co.uk\/pl\/kompleks-pielegnacyjny-do-skory-z-tendencja-do-pigmentacji365g\/","og_site_name":"TianDe Online Shop - Beauty &amp; Health","article_publisher":"https:\/\/www.facebook.com\/tiande.products.england\/","article_modified_time":"2021-02-12T11:06:34+00:00","og_image":[{"width":700,"height":700,"url":"https:\/\/tiandeproducts.co.uk\/wp-content\/uploads\/56202.png","type":"image\/png"}],"twitter_card":"summary_large_image","twitter_misc":{"Szacowany czas czytania":"1 minuta"},"schema":{"@context":"https:\/\/schema.org","@graph":[{"@type":"WebPage","@id":"https:\/\/tiandeproducts.co.uk\/pl\/kompleks-pielegnacyjny-do-skory-z-tendencja-do-pigmentacji365g\/","url":"https:\/\/tiandeproducts.co.uk\/pl\/kompleks-pielegnacyjny-do-skory-z-tendencja-do-pigmentacji365g\/","name":"Kompleks piel\u0119gnacyjny do sk\u00f3ry z tendencj\u0105 do pigmentacji,36+5g - TianDe Online Shop - Beauty &amp; Health","isPartOf":{"@id":"https:\/\/tiandeproducts.co.uk\/#website"},"primaryImageOfPage":{"@id":"https:\/\/tiandeproducts.co.uk\/pl\/kompleks-pielegnacyjny-do-skory-z-tendencja-do-pigmentacji365g\/#primaryimage"},"image":{"@id":"https:\/\/tiandeproducts.co.uk\/pl\/kompleks-pielegnacyjny-do-skory-z-tendencja-do-pigmentacji365g\/#primaryimage"},"thumbnailUrl":"https:\/\/tiandeproducts.co.uk\/wp-content\/uploads\/56202.png","datePublished":"2019-07-17T12:37:08+00:00","dateModified":"2021-02-12T11:06:34+00:00","breadcrumb":{"@id":"https:\/\/tiandeproducts.co.uk\/pl\/kompleks-pielegnacyjny-do-skory-z-tendencja-do-pigmentacji365g\/#breadcrumb"},"inLanguage":"pl-PL","potentialAction":[{"@type":"ReadAction","target":["https:\/\/tiandeproducts.co.uk\/pl\/kompleks-pielegnacyjny-do-skory-z-tendencja-do-pigmentacji365g\/"]}]},{"@type":"ImageObject","inLanguage":"pl-PL","@id":"https:\/\/tiandeproducts.co.uk\/pl\/kompleks-pielegnacyjny-do-skory-z-tendencja-do-pigmentacji365g\/#primaryimage","url":"https:\/\/tiandeproducts.co.uk\/wp-content\/uploads\/56202.png","contentUrl":"https:\/\/tiandeproducts.co.uk\/wp-content\/uploads\/56202.png","width":700,"height":700},{"@type":"BreadcrumbList","@id":"https:\/\/tiandeproducts.co.uk\/pl\/kompleks-pielegnacyjny-do-skory-z-tendencja-do-pigmentacji365g\/#breadcrumb","itemListElement":[{"@type":"ListItem","position":1,"name":"Home","item":"https:\/\/tiandeproducts.co.uk\/pl\/"},{"@type":"ListItem","position":2,"name":"Shop","item":"https:\/\/tiandeproducts.co.uk\/pl\/shop-2\/"},{"@type":"ListItem","position":3,"name":"Kompleks piel\u0119gnacyjny do sk\u00f3ry z tendencj\u0105 do pigmentacji,36+5g"}]},{"@type":"WebSite","@id":"https:\/\/tiandeproducts.co.uk\/#website","url":"https:\/\/tiandeproducts.co.uk\/","name":"TianDe Online Shop - Beauty & Health","description":"Traditional Chinese Medicine","potentialAction":[{"@type":"SearchAction","target":{"@type":"EntryPoint","urlTemplate":"https:\/\/tiandeproducts.co.uk\/?s={search_term_string}"},"query-input":{"@type":"PropertyValueSpecification","valueRequired":true,"valueName":"search_term_string"}}],"inLanguage":"pl-PL"}]}},"_links":{"self":[{"href":"https:\/\/tiandeproducts.co.uk\/pl\/wp-json\/wp\/v2\/product\/4346","targetHints":{"allow":["GET"]}}],"collection":[{"href":"https:\/\/tiandeproducts.co.uk\/pl\/wp-json\/wp\/v2\/product"}],"about":[{"href":"https:\/\/tiandeproducts.co.uk\/pl\/wp-json\/wp\/v2\/types\/product"}],"replies":[{"embeddable":true,"href":"https:\/\/tiandeproducts.co.uk\/pl\/wp-json\/wp\/v2\/comments?post=4346"}],"wp:featuredmedia":[{"embeddable":true,"href":"https:\/\/tiandeproducts.co.uk\/pl\/wp-json\/wp\/v2\/media\/3176"}],"wp:attachment":[{"href":"https:\/\/tiandeproducts.co.uk\/pl\/wp-json\/wp\/v2\/media?parent=4346"}],"wp:term":[{"taxonomy":"product_cat","embeddable":true,"href":"https:\/\/tiandeproducts.co.uk\/pl\/wp-json\/wp\/v2\/product_cat?post=4346"},{"taxonomy":"product_tag","embeddable":true,"href":"https:\/\/tiandeproducts.co.uk\/pl\/wp-json\/wp\/v2\/product_tag?post=4346"}],"curies":[{"name":"wp","href":"https:\/\/api.w.org\/{rel}","templated":true}]}}