{"id":4342,"date":"2019-07-17T13:50:43","date_gmt":"2019-07-17T12:50:43","guid":{"rendered":"https:\/\/tnd.ontesting.co.uk\/kompleks-pielegnacyjny-do-twarzy-napinajacyi-zwiekszajacy-elastycznosc-skory365g\/"},"modified":"2021-12-24T01:26:31","modified_gmt":"2021-12-24T01:26:31","slug":"kompleks-pielegnacyjny-do-twarzy-napinajacyi-zwiekszajacy-elastycznosc-skory365g","status":"publish","type":"product","link":"https:\/\/tiandeproducts.co.uk\/pl\/kompleks-pielegnacyjny-do-twarzy-napinajacyi-zwiekszajacy-elastycznosc-skory365g\/","title":{"rendered":"Kompleks piel\u0119gnacyjny do twarzy napinaj\u0105cyi zwi\u0119kszaj\u0105cy elastyczno\u015b\u0107 sk\u00f3ry,36+5g"},"content":{"rendered":"<div class=\"description\">\n<p><img decoding=\"async\" style=\"max-width: 16px; margin-right: 5px;\" src=\"https:\/\/tiandeproducts.co.uk\/wp-content\/uploads\/points-green.svg\" \/>\u00a0Earn 3 points worth \u00a30.15 when buying this product<\/p>\n<p>Po przekroczeniu 25 roku \u017cycia nasze procesy metaboliczne zwalniaj\u0105, w sk\u00f3rze spada poziom produkcji kolagenu i stopniowo zaczyna si\u0119 proces opadania sk\u00f3ry. Czy zauwa\u017cy\u0142a\u015b s\u0142absz\u0105 elastyczno\u015b\u0107 sk\u00f3ry i pierwsze zmarszczki na twarzy? Jeste\u015b w stanie przed\u0142u\u017cy\u0107 swoj\u0105 m\u0142odo\u015b\u0107 mo\u017cliwie najd\u0142u\u017cej!<\/p>\n<p>Kompleksowa piel\u0119gnacja w celu napi\u0119cia i zwi\u0119kszenia elastyczno\u015bci sk\u00f3ry doskonale nawil\u017ca i od\u017cywia sk\u00f3r\u0119, wzmacnia barier\u0119 lipidow\u0105 i pomaga wyg\u0142adzi\u0107 zmarszczki. Dwa proste kroki i zn\u00f3w b\u0119dziesz si\u0119 u\u015bmiecha\u0107 na swoje odbicie w lustrze!<\/p>\n<p>Krok 1: maseczka-eliksir z wyci\u0105gami z w\u0105kroty azjatyckiej, chmielu i korzenia lukrecji:<br \/>\n&#8211; pomaga regenerowa\u0107 i napi\u0105\u0107 sk\u00f3r\u0119<br \/>\n&#8211; poprawia je si\u0142\u0119 i elastyczno\u015b\u0107<br \/>\n&#8211; piel\u0119gnuje wra\u017cliw\u0105 i problematyczn\u0105 sk\u00f3r\u0119<\/p>\n<p>Krok 2: krem od\u017cywczy, kt\u00f3ry wzmacnia dzia\u0142anie maseczki:<br \/>\n&#8211; g\u0142\u0119boko nawil\u017ca i rozja\u015bnia sk\u00f3r\u0119<br \/>\n&#8211; dzi\u0119ki naturalnym kwasom w sk\u0142adzie stymuluje regeneracj\u0119 sk\u00f3ry<\/p>\n<p>Krem ma bardzo delikatn\u0105 tekstur\u0119, \u0142atwo si\u0119 wch\u0142ania i nie powoduje uczucia ci\u0119\u017cko\u015bci na twarzy.<\/p>\n<p>W wyniku regularnego stosowania sk\u00f3ra jest odnowiona i napi\u0119ta.<\/p>\n<\/div>\n<div class=\"instruction\">\n<p><strong>ZASTOSOWANIE:<\/strong><\/p>\n<p>Krok 1: nanie\u015b\u0107 maseczk\u0119-eliksir na czyst\u0105 sk\u00f3r\u0119 twarzy, pozostawi\u0107 na 15-20 minut, nast\u0119pnie maseczk\u0119 zdj\u0105\u0107, a twarz sp\u0142uka\u0107 wod\u0105.<\/p>\n<p>Krok 2: natychmiast lub w ci\u0105gu 10-12 godzin po u\u017cyciu maseczki zastosuj na sk\u00f3r\u0119 dobroczynny krem. Mo\u017cna stosowa\u0107 jako krem na noc. Stosowa\u0107 kompleksow\u0105 piel\u0119gnacj\u0119 1-2 razy w tygodniu. Zu\u017cy\u0107 tu\u017c po otwarciu.<\/p>\n<\/div>\n","protected":false},"excerpt":{"rendered":"<p>\u00a0Earn 3 points worth \u00a30.15 when buying this product Po przekroczeniu 25 roku \u017cycia nasze procesy metaboliczne zwalniaj\u0105, w sk\u00f3rze spada poziom produkcji kolagenu i stopniowo zaczyna si\u0119 proces opadania sk\u00f3ry. Czy zauwa\u017cy\u0142a\u015b s\u0142absz\u0105 elastyczno\u015b\u0107 sk\u00f3ry i pierwsze zmarszczki na twarzy? Jeste\u015b w stanie przed\u0142u\u017cy\u0107 swoj\u0105 m\u0142odo\u015b\u0107 mo\u017cliwie najd\u0142u\u017cej! Kompleksowa piel\u0119gnacja w celu napi\u0119cia i [&#8230;]\n","protected":false},"featured_media":3181,"comment_status":"closed","ping_status":"closed","template":"","meta":[],"product_cat":[746,864,769,753],"product_tag":[],"class_list":{"0":"post-4342","1":"product","2":"type-product","3":"status-publish","4":"has-post-thumbnail","6":"product_cat-do-twarzy","7":"product_cat-jedrnosc-i-elastycznosc","8":"product_cat-maseczki-na-twarz","9":"product_cat-podnoszenie","11":"first","12":"outofstock","13":"shipping-taxable","14":"purchasable","15":"product-type-simple"},"yoast_head":"<!-- This site is optimized with the Yoast SEO plugin v23.6 - https:\/\/yoast.com\/wordpress\/plugins\/seo\/ -->\n<title>Kompleks piel\u0119gnacyjny do twarzy napinaj\u0105cyi zwi\u0119kszaj\u0105cy elastyczno\u015b\u0107 sk\u00f3ry,36+5g - TianDe Online Shop - Beauty &amp; Health<\/title>\n<meta name=\"robots\" content=\"index, follow, max-snippet:-1, max-image-preview:large, max-video-preview:-1\" \/>\n<link rel=\"canonical\" href=\"https:\/\/tiandeproducts.co.uk\/pl\/kompleks-pielegnacyjny-do-twarzy-napinajacyi-zwiekszajacy-elastycznosc-skory365g\/\" \/>\n<meta property=\"og:locale\" content=\"pl_PL\" \/>\n<meta property=\"og:type\" content=\"article\" \/>\n<meta property=\"og:title\" content=\"Kompleks piel\u0119gnacyjny do twarzy napinaj\u0105cyi zwi\u0119kszaj\u0105cy elastyczno\u015b\u0107 sk\u00f3ry,36+5g - TianDe Online Shop - Beauty &amp; Health\" \/>\n<meta property=\"og:description\" content=\"\u00a0Earn 3 points worth \u00a30.15 when buying this product Po przekroczeniu 25 roku \u017cycia nasze procesy metaboliczne zwalniaj\u0105, w sk\u00f3rze spada poziom produkcji kolagenu i stopniowo zaczyna si\u0119 proces opadania sk\u00f3ry. Czy zauwa\u017cy\u0142a\u015b s\u0142absz\u0105 elastyczno\u015b\u0107 sk\u00f3ry i pierwsze zmarszczki na twarzy? Jeste\u015b w stanie przed\u0142u\u017cy\u0107 swoj\u0105 m\u0142odo\u015b\u0107 mo\u017cliwie najd\u0142u\u017cej! Kompleksowa piel\u0119gnacja w celu napi\u0119cia i [...]\" \/>\n<meta property=\"og:url\" content=\"https:\/\/tiandeproducts.co.uk\/pl\/kompleks-pielegnacyjny-do-twarzy-napinajacyi-zwiekszajacy-elastycznosc-skory365g\/\" \/>\n<meta property=\"og:site_name\" content=\"TianDe Online Shop - Beauty &amp; Health\" \/>\n<meta property=\"article:publisher\" content=\"https:\/\/www.facebook.com\/tiande.products.england\/\" \/>\n<meta property=\"article:modified_time\" content=\"2021-12-24T01:26:31+00:00\" \/>\n<meta property=\"og:image\" content=\"https:\/\/tiandeproducts.co.uk\/wp-content\/uploads\/56203.png\" \/>\n\t<meta property=\"og:image:width\" content=\"700\" \/>\n\t<meta property=\"og:image:height\" content=\"700\" \/>\n\t<meta property=\"og:image:type\" content=\"image\/png\" \/>\n<meta name=\"twitter:card\" content=\"summary_large_image\" \/>\n<meta name=\"twitter:label1\" content=\"Szacowany czas czytania\" \/>\n\t<meta name=\"twitter:data1\" content=\"1 minuta\" \/>\n<script type=\"application\/ld+json\" class=\"yoast-schema-graph\">{\"@context\":\"https:\/\/schema.org\",\"@graph\":[{\"@type\":\"WebPage\",\"@id\":\"https:\/\/tiandeproducts.co.uk\/pl\/kompleks-pielegnacyjny-do-twarzy-napinajacyi-zwiekszajacy-elastycznosc-skory365g\/\",\"url\":\"https:\/\/tiandeproducts.co.uk\/pl\/kompleks-pielegnacyjny-do-twarzy-napinajacyi-zwiekszajacy-elastycznosc-skory365g\/\",\"name\":\"Kompleks piel\u0119gnacyjny do twarzy napinaj\u0105cyi zwi\u0119kszaj\u0105cy elastyczno\u015b\u0107 sk\u00f3ry,36+5g - TianDe Online Shop - Beauty &amp; Health\",\"isPartOf\":{\"@id\":\"https:\/\/tiandeproducts.co.uk\/#website\"},\"primaryImageOfPage\":{\"@id\":\"https:\/\/tiandeproducts.co.uk\/pl\/kompleks-pielegnacyjny-do-twarzy-napinajacyi-zwiekszajacy-elastycznosc-skory365g\/#primaryimage\"},\"image\":{\"@id\":\"https:\/\/tiandeproducts.co.uk\/pl\/kompleks-pielegnacyjny-do-twarzy-napinajacyi-zwiekszajacy-elastycznosc-skory365g\/#primaryimage\"},\"thumbnailUrl\":\"https:\/\/tiandeproducts.co.uk\/wp-content\/uploads\/56203.png\",\"datePublished\":\"2019-07-17T12:50:43+00:00\",\"dateModified\":\"2021-12-24T01:26:31+00:00\",\"breadcrumb\":{\"@id\":\"https:\/\/tiandeproducts.co.uk\/pl\/kompleks-pielegnacyjny-do-twarzy-napinajacyi-zwiekszajacy-elastycznosc-skory365g\/#breadcrumb\"},\"inLanguage\":\"pl-PL\",\"potentialAction\":[{\"@type\":\"ReadAction\",\"target\":[\"https:\/\/tiandeproducts.co.uk\/pl\/kompleks-pielegnacyjny-do-twarzy-napinajacyi-zwiekszajacy-elastycznosc-skory365g\/\"]}]},{\"@type\":\"ImageObject\",\"inLanguage\":\"pl-PL\",\"@id\":\"https:\/\/tiandeproducts.co.uk\/pl\/kompleks-pielegnacyjny-do-twarzy-napinajacyi-zwiekszajacy-elastycznosc-skory365g\/#primaryimage\",\"url\":\"https:\/\/tiandeproducts.co.uk\/wp-content\/uploads\/56203.png\",\"contentUrl\":\"https:\/\/tiandeproducts.co.uk\/wp-content\/uploads\/56203.png\",\"width\":700,\"height\":700},{\"@type\":\"BreadcrumbList\",\"@id\":\"https:\/\/tiandeproducts.co.uk\/pl\/kompleks-pielegnacyjny-do-twarzy-napinajacyi-zwiekszajacy-elastycznosc-skory365g\/#breadcrumb\",\"itemListElement\":[{\"@type\":\"ListItem\",\"position\":1,\"name\":\"Home\",\"item\":\"https:\/\/tiandeproducts.co.uk\/pl\/\"},{\"@type\":\"ListItem\",\"position\":2,\"name\":\"Shop\",\"item\":\"https:\/\/tiandeproducts.co.uk\/pl\/shop-2\/\"},{\"@type\":\"ListItem\",\"position\":3,\"name\":\"Kompleks piel\u0119gnacyjny do twarzy napinaj\u0105cyi zwi\u0119kszaj\u0105cy elastyczno\u015b\u0107 sk\u00f3ry,36+5g\"}]},{\"@type\":\"WebSite\",\"@id\":\"https:\/\/tiandeproducts.co.uk\/#website\",\"url\":\"https:\/\/tiandeproducts.co.uk\/\",\"name\":\"TianDe Online Shop - Beauty & Health\",\"description\":\"Traditional Chinese Medicine\",\"potentialAction\":[{\"@type\":\"SearchAction\",\"target\":{\"@type\":\"EntryPoint\",\"urlTemplate\":\"https:\/\/tiandeproducts.co.uk\/?s={search_term_string}\"},\"query-input\":{\"@type\":\"PropertyValueSpecification\",\"valueRequired\":true,\"valueName\":\"search_term_string\"}}],\"inLanguage\":\"pl-PL\"}]}<\/script>\n<!-- \/ Yoast SEO plugin. -->","yoast_head_json":{"title":"Kompleks piel\u0119gnacyjny do twarzy napinaj\u0105cyi zwi\u0119kszaj\u0105cy elastyczno\u015b\u0107 sk\u00f3ry,36+5g - TianDe Online Shop - Beauty &amp; Health","robots":{"index":"index","follow":"follow","max-snippet":"max-snippet:-1","max-image-preview":"max-image-preview:large","max-video-preview":"max-video-preview:-1"},"canonical":"https:\/\/tiandeproducts.co.uk\/pl\/kompleks-pielegnacyjny-do-twarzy-napinajacyi-zwiekszajacy-elastycznosc-skory365g\/","og_locale":"pl_PL","og_type":"article","og_title":"Kompleks piel\u0119gnacyjny do twarzy napinaj\u0105cyi zwi\u0119kszaj\u0105cy elastyczno\u015b\u0107 sk\u00f3ry,36+5g - TianDe Online Shop - Beauty &amp; Health","og_description":"\u00a0Earn 3 points worth \u00a30.15 when buying this product Po przekroczeniu 25 roku \u017cycia nasze procesy metaboliczne zwalniaj\u0105, w sk\u00f3rze spada poziom produkcji kolagenu i stopniowo zaczyna si\u0119 proces opadania sk\u00f3ry. Czy zauwa\u017cy\u0142a\u015b s\u0142absz\u0105 elastyczno\u015b\u0107 sk\u00f3ry i pierwsze zmarszczki na twarzy? Jeste\u015b w stanie przed\u0142u\u017cy\u0107 swoj\u0105 m\u0142odo\u015b\u0107 mo\u017cliwie najd\u0142u\u017cej! Kompleksowa piel\u0119gnacja w celu napi\u0119cia i [...]","og_url":"https:\/\/tiandeproducts.co.uk\/pl\/kompleks-pielegnacyjny-do-twarzy-napinajacyi-zwiekszajacy-elastycznosc-skory365g\/","og_site_name":"TianDe Online Shop - Beauty &amp; Health","article_publisher":"https:\/\/www.facebook.com\/tiande.products.england\/","article_modified_time":"2021-12-24T01:26:31+00:00","og_image":[{"width":700,"height":700,"url":"https:\/\/tiandeproducts.co.uk\/wp-content\/uploads\/56203.png","type":"image\/png"}],"twitter_card":"summary_large_image","twitter_misc":{"Szacowany czas czytania":"1 minuta"},"schema":{"@context":"https:\/\/schema.org","@graph":[{"@type":"WebPage","@id":"https:\/\/tiandeproducts.co.uk\/pl\/kompleks-pielegnacyjny-do-twarzy-napinajacyi-zwiekszajacy-elastycznosc-skory365g\/","url":"https:\/\/tiandeproducts.co.uk\/pl\/kompleks-pielegnacyjny-do-twarzy-napinajacyi-zwiekszajacy-elastycznosc-skory365g\/","name":"Kompleks piel\u0119gnacyjny do twarzy napinaj\u0105cyi zwi\u0119kszaj\u0105cy elastyczno\u015b\u0107 sk\u00f3ry,36+5g - TianDe Online Shop - Beauty &amp; Health","isPartOf":{"@id":"https:\/\/tiandeproducts.co.uk\/#website"},"primaryImageOfPage":{"@id":"https:\/\/tiandeproducts.co.uk\/pl\/kompleks-pielegnacyjny-do-twarzy-napinajacyi-zwiekszajacy-elastycznosc-skory365g\/#primaryimage"},"image":{"@id":"https:\/\/tiandeproducts.co.uk\/pl\/kompleks-pielegnacyjny-do-twarzy-napinajacyi-zwiekszajacy-elastycznosc-skory365g\/#primaryimage"},"thumbnailUrl":"https:\/\/tiandeproducts.co.uk\/wp-content\/uploads\/56203.png","datePublished":"2019-07-17T12:50:43+00:00","dateModified":"2021-12-24T01:26:31+00:00","breadcrumb":{"@id":"https:\/\/tiandeproducts.co.uk\/pl\/kompleks-pielegnacyjny-do-twarzy-napinajacyi-zwiekszajacy-elastycznosc-skory365g\/#breadcrumb"},"inLanguage":"pl-PL","potentialAction":[{"@type":"ReadAction","target":["https:\/\/tiandeproducts.co.uk\/pl\/kompleks-pielegnacyjny-do-twarzy-napinajacyi-zwiekszajacy-elastycznosc-skory365g\/"]}]},{"@type":"ImageObject","inLanguage":"pl-PL","@id":"https:\/\/tiandeproducts.co.uk\/pl\/kompleks-pielegnacyjny-do-twarzy-napinajacyi-zwiekszajacy-elastycznosc-skory365g\/#primaryimage","url":"https:\/\/tiandeproducts.co.uk\/wp-content\/uploads\/56203.png","contentUrl":"https:\/\/tiandeproducts.co.uk\/wp-content\/uploads\/56203.png","width":700,"height":700},{"@type":"BreadcrumbList","@id":"https:\/\/tiandeproducts.co.uk\/pl\/kompleks-pielegnacyjny-do-twarzy-napinajacyi-zwiekszajacy-elastycznosc-skory365g\/#breadcrumb","itemListElement":[{"@type":"ListItem","position":1,"name":"Home","item":"https:\/\/tiandeproducts.co.uk\/pl\/"},{"@type":"ListItem","position":2,"name":"Shop","item":"https:\/\/tiandeproducts.co.uk\/pl\/shop-2\/"},{"@type":"ListItem","position":3,"name":"Kompleks piel\u0119gnacyjny do twarzy napinaj\u0105cyi zwi\u0119kszaj\u0105cy elastyczno\u015b\u0107 sk\u00f3ry,36+5g"}]},{"@type":"WebSite","@id":"https:\/\/tiandeproducts.co.uk\/#website","url":"https:\/\/tiandeproducts.co.uk\/","name":"TianDe Online Shop - Beauty & Health","description":"Traditional Chinese Medicine","potentialAction":[{"@type":"SearchAction","target":{"@type":"EntryPoint","urlTemplate":"https:\/\/tiandeproducts.co.uk\/?s={search_term_string}"},"query-input":{"@type":"PropertyValueSpecification","valueRequired":true,"valueName":"search_term_string"}}],"inLanguage":"pl-PL"}]}},"_links":{"self":[{"href":"https:\/\/tiandeproducts.co.uk\/pl\/wp-json\/wp\/v2\/product\/4342","targetHints":{"allow":["GET"]}}],"collection":[{"href":"https:\/\/tiandeproducts.co.uk\/pl\/wp-json\/wp\/v2\/product"}],"about":[{"href":"https:\/\/tiandeproducts.co.uk\/pl\/wp-json\/wp\/v2\/types\/product"}],"replies":[{"embeddable":true,"href":"https:\/\/tiandeproducts.co.uk\/pl\/wp-json\/wp\/v2\/comments?post=4342"}],"wp:featuredmedia":[{"embeddable":true,"href":"https:\/\/tiandeproducts.co.uk\/pl\/wp-json\/wp\/v2\/media\/3181"}],"wp:attachment":[{"href":"https:\/\/tiandeproducts.co.uk\/pl\/wp-json\/wp\/v2\/media?parent=4342"}],"wp:term":[{"taxonomy":"product_cat","embeddable":true,"href":"https:\/\/tiandeproducts.co.uk\/pl\/wp-json\/wp\/v2\/product_cat?post=4342"},{"taxonomy":"product_tag","embeddable":true,"href":"https:\/\/tiandeproducts.co.uk\/pl\/wp-json\/wp\/v2\/product_tag?post=4342"}],"curies":[{"name":"wp","href":"https:\/\/api.w.org\/{rel}","templated":true}]}}