{"id":4340,"date":"2019-07-17T20:19:46","date_gmt":"2019-07-17T19:19:46","guid":{"rendered":"https:\/\/tnd.ontesting.co.uk\/spray-ziolowy-z-propolisem-odswiezajacy-oddech50ml\/"},"modified":"2021-02-05T18:48:58","modified_gmt":"2021-02-05T18:48:58","slug":"spray-ziolowy-z-propolisem-odswiezajacy-oddech50ml","status":"publish","type":"product","link":"https:\/\/tiandeproducts.co.uk\/pl\/spray-ziolowy-z-propolisem-odswiezajacy-oddech50ml\/","title":{"rendered":"Spray zio\u0142owy z propolisem od\u015bwie\u017caj\u0105cy oddech,50ml"},"content":{"rendered":"<div class=\"description\">\n<p><img decoding=\"async\" style=\"max-width: 16px; margin-right: 5px;\" src=\"https:\/\/tiandeproducts.co.uk\/wp-content\/uploads\/points-green.svg\" \/>\u00a0Earn 11 points worth \u00a30.55 when buying this product<\/p>\n<p>Fitospray walczy z przyczynami nieprzyjemnego zapachu i problemami jamy ustnej \u2013 z bakteriami. Nie maskuje problemu, ale poprawia stan dzi\u0105se\u0142 i b\u0142ony \u015bluzowej jamy ustnej dzie\u0144 po dniu.<\/p>\n<p>Ten \u015brodek dzia\u0142a skutecznie dzi\u0119ki 100% naturalnemu sk\u0142adnikowi propolisu. Propolis jest znany ze swoich w\u0142a\u015bciwo\u015bci antybakteryjnych i regeneracyjnych. W celu zwi\u0119kszenia efektu spray zawiera szczodrak krokoszowaty i bergeni\u0119.<\/p>\n<p>Fitospray nadaje si\u0119 nie tylko do od\u015bwie\u017cania oddechu, ale r\u00f3wnie\u017c do usuwania przyczyny nieprzyjemnego zapachu. NIE ZAWIERA alkoholu, jest produkowany na bazie wody! Dzi\u0119ki wygodnemu rozpylaczowi produkt b\u0119dzie trwa\u0142y. Wystarcza na oko\u0142o 250 wstrzykni\u0119\u0107.<\/p>\n<\/div>\n<div class=\"instruction\">\n<p><strong>ZASTOSOWANIE:<\/strong><\/p>\n<p>Wstrz\u0105sn\u0105\u0107 butelk\u0105 i wstrzykn\u0105\u0107 preparat do jamy ustnej (\u015bciskaj\u0105c 1-2 razy), nast\u0119pnie przez 30 minut nie je\u015b\u0107 i nie pi\u0107. Zaleca si\u0119 stosowa\u0107 4-6 razy na dzie\u0144.<\/p>\n<\/div>\n","protected":false},"excerpt":{"rendered":"<p>\u00a0Earn 11 points worth \u00a30.55 when buying this product Fitospray walczy z przyczynami nieprzyjemnego zapachu i problemami jamy ustnej \u2013 z bakteriami. Nie maskuje problemu, ale poprawia stan dzi\u0105se\u0142 i b\u0142ony \u015bluzowej jamy ustnej dzie\u0144 po dniu. Ten \u015brodek dzia\u0142a skutecznie dzi\u0119ki 100% naturalnemu sk\u0142adnikowi propolisu. Propolis jest znany ze swoich w\u0142a\u015bciwo\u015bci antybakteryjnych i regeneracyjnych. [&#8230;]\n","protected":false},"featured_media":3243,"comment_status":"closed","ping_status":"closed","template":"","meta":[],"product_cat":[784,803,799],"product_tag":[],"class_list":{"0":"post-4340","1":"product","2":"type-product","3":"status-publish","4":"has-post-thumbnail","6":"product_cat-higiena-pl","7":"product_cat-higiena-jamy-ustnej-pl","8":"product_cat-pasta-do-zebow","10":"first","11":"outofstock","12":"shipping-taxable","13":"purchasable","14":"product-type-simple"},"yoast_head":"<!-- This site is optimized with the Yoast SEO plugin v23.6 - https:\/\/yoast.com\/wordpress\/plugins\/seo\/ -->\n<title>Spray zio\u0142owy z propolisem od\u015bwie\u017caj\u0105cy oddech,50ml - TianDe Online Shop - Beauty &amp; Health<\/title>\n<meta name=\"robots\" content=\"index, follow, max-snippet:-1, max-image-preview:large, max-video-preview:-1\" \/>\n<link rel=\"canonical\" href=\"https:\/\/tiandeproducts.co.uk\/pl\/spray-ziolowy-z-propolisem-odswiezajacy-oddech50ml\/\" \/>\n<meta property=\"og:locale\" content=\"pl_PL\" \/>\n<meta property=\"og:type\" content=\"article\" \/>\n<meta property=\"og:title\" content=\"Spray zio\u0142owy z propolisem od\u015bwie\u017caj\u0105cy oddech,50ml - TianDe Online Shop - Beauty &amp; Health\" \/>\n<meta property=\"og:description\" content=\"\u00a0Earn 11 points worth \u00a30.55 when buying this product Fitospray walczy z przyczynami nieprzyjemnego zapachu i problemami jamy ustnej \u2013 z bakteriami. Nie maskuje problemu, ale poprawia stan dzi\u0105se\u0142 i b\u0142ony \u015bluzowej jamy ustnej dzie\u0144 po dniu. Ten \u015brodek dzia\u0142a skutecznie dzi\u0119ki 100% naturalnemu sk\u0142adnikowi propolisu. Propolis jest znany ze swoich w\u0142a\u015bciwo\u015bci antybakteryjnych i regeneracyjnych. [...]\" \/>\n<meta property=\"og:url\" content=\"https:\/\/tiandeproducts.co.uk\/pl\/spray-ziolowy-z-propolisem-odswiezajacy-oddech50ml\/\" \/>\n<meta property=\"og:site_name\" content=\"TianDe Online Shop - Beauty &amp; Health\" \/>\n<meta property=\"article:publisher\" content=\"https:\/\/www.facebook.com\/tiande.products.england\/\" \/>\n<meta property=\"article:modified_time\" content=\"2021-02-05T18:48:58+00:00\" \/>\n<meta property=\"og:image\" content=\"https:\/\/tiandeproducts.co.uk\/wp-content\/uploads\/65901.png\" \/>\n\t<meta property=\"og:image:width\" content=\"510\" \/>\n\t<meta property=\"og:image:height\" content=\"510\" \/>\n\t<meta property=\"og:image:type\" content=\"image\/png\" \/>\n<meta name=\"twitter:card\" content=\"summary_large_image\" \/>\n<meta name=\"twitter:label1\" content=\"Szacowany czas czytania\" \/>\n\t<meta name=\"twitter:data1\" content=\"1 minuta\" \/>\n<script type=\"application\/ld+json\" class=\"yoast-schema-graph\">{\"@context\":\"https:\/\/schema.org\",\"@graph\":[{\"@type\":\"WebPage\",\"@id\":\"https:\/\/tiandeproducts.co.uk\/pl\/spray-ziolowy-z-propolisem-odswiezajacy-oddech50ml\/\",\"url\":\"https:\/\/tiandeproducts.co.uk\/pl\/spray-ziolowy-z-propolisem-odswiezajacy-oddech50ml\/\",\"name\":\"Spray zio\u0142owy z propolisem od\u015bwie\u017caj\u0105cy oddech,50ml - TianDe Online Shop - Beauty &amp; Health\",\"isPartOf\":{\"@id\":\"https:\/\/tiandeproducts.co.uk\/#website\"},\"primaryImageOfPage\":{\"@id\":\"https:\/\/tiandeproducts.co.uk\/pl\/spray-ziolowy-z-propolisem-odswiezajacy-oddech50ml\/#primaryimage\"},\"image\":{\"@id\":\"https:\/\/tiandeproducts.co.uk\/pl\/spray-ziolowy-z-propolisem-odswiezajacy-oddech50ml\/#primaryimage\"},\"thumbnailUrl\":\"https:\/\/tiandeproducts.co.uk\/wp-content\/uploads\/65901.png\",\"datePublished\":\"2019-07-17T19:19:46+00:00\",\"dateModified\":\"2021-02-05T18:48:58+00:00\",\"breadcrumb\":{\"@id\":\"https:\/\/tiandeproducts.co.uk\/pl\/spray-ziolowy-z-propolisem-odswiezajacy-oddech50ml\/#breadcrumb\"},\"inLanguage\":\"pl-PL\",\"potentialAction\":[{\"@type\":\"ReadAction\",\"target\":[\"https:\/\/tiandeproducts.co.uk\/pl\/spray-ziolowy-z-propolisem-odswiezajacy-oddech50ml\/\"]}]},{\"@type\":\"ImageObject\",\"inLanguage\":\"pl-PL\",\"@id\":\"https:\/\/tiandeproducts.co.uk\/pl\/spray-ziolowy-z-propolisem-odswiezajacy-oddech50ml\/#primaryimage\",\"url\":\"https:\/\/tiandeproducts.co.uk\/wp-content\/uploads\/65901.png\",\"contentUrl\":\"https:\/\/tiandeproducts.co.uk\/wp-content\/uploads\/65901.png\",\"width\":510,\"height\":510},{\"@type\":\"BreadcrumbList\",\"@id\":\"https:\/\/tiandeproducts.co.uk\/pl\/spray-ziolowy-z-propolisem-odswiezajacy-oddech50ml\/#breadcrumb\",\"itemListElement\":[{\"@type\":\"ListItem\",\"position\":1,\"name\":\"Home\",\"item\":\"https:\/\/tiandeproducts.co.uk\/pl\/\"},{\"@type\":\"ListItem\",\"position\":2,\"name\":\"Shop\",\"item\":\"https:\/\/tiandeproducts.co.uk\/pl\/shop-2\/\"},{\"@type\":\"ListItem\",\"position\":3,\"name\":\"Spray zio\u0142owy z propolisem od\u015bwie\u017caj\u0105cy oddech,50ml\"}]},{\"@type\":\"WebSite\",\"@id\":\"https:\/\/tiandeproducts.co.uk\/#website\",\"url\":\"https:\/\/tiandeproducts.co.uk\/\",\"name\":\"TianDe Online Shop - Beauty & Health\",\"description\":\"Traditional Chinese Medicine\",\"potentialAction\":[{\"@type\":\"SearchAction\",\"target\":{\"@type\":\"EntryPoint\",\"urlTemplate\":\"https:\/\/tiandeproducts.co.uk\/?s={search_term_string}\"},\"query-input\":{\"@type\":\"PropertyValueSpecification\",\"valueRequired\":true,\"valueName\":\"search_term_string\"}}],\"inLanguage\":\"pl-PL\"}]}<\/script>\n<!-- \/ Yoast SEO plugin. -->","yoast_head_json":{"title":"Spray zio\u0142owy z propolisem od\u015bwie\u017caj\u0105cy oddech,50ml - TianDe Online Shop - Beauty &amp; Health","robots":{"index":"index","follow":"follow","max-snippet":"max-snippet:-1","max-image-preview":"max-image-preview:large","max-video-preview":"max-video-preview:-1"},"canonical":"https:\/\/tiandeproducts.co.uk\/pl\/spray-ziolowy-z-propolisem-odswiezajacy-oddech50ml\/","og_locale":"pl_PL","og_type":"article","og_title":"Spray zio\u0142owy z propolisem od\u015bwie\u017caj\u0105cy oddech,50ml - TianDe Online Shop - Beauty &amp; Health","og_description":"\u00a0Earn 11 points worth \u00a30.55 when buying this product Fitospray walczy z przyczynami nieprzyjemnego zapachu i problemami jamy ustnej \u2013 z bakteriami. Nie maskuje problemu, ale poprawia stan dzi\u0105se\u0142 i b\u0142ony \u015bluzowej jamy ustnej dzie\u0144 po dniu. Ten \u015brodek dzia\u0142a skutecznie dzi\u0119ki 100% naturalnemu sk\u0142adnikowi propolisu. Propolis jest znany ze swoich w\u0142a\u015bciwo\u015bci antybakteryjnych i regeneracyjnych. [...]","og_url":"https:\/\/tiandeproducts.co.uk\/pl\/spray-ziolowy-z-propolisem-odswiezajacy-oddech50ml\/","og_site_name":"TianDe Online Shop - Beauty &amp; Health","article_publisher":"https:\/\/www.facebook.com\/tiande.products.england\/","article_modified_time":"2021-02-05T18:48:58+00:00","og_image":[{"width":510,"height":510,"url":"https:\/\/tiandeproducts.co.uk\/wp-content\/uploads\/65901.png","type":"image\/png"}],"twitter_card":"summary_large_image","twitter_misc":{"Szacowany czas czytania":"1 minuta"},"schema":{"@context":"https:\/\/schema.org","@graph":[{"@type":"WebPage","@id":"https:\/\/tiandeproducts.co.uk\/pl\/spray-ziolowy-z-propolisem-odswiezajacy-oddech50ml\/","url":"https:\/\/tiandeproducts.co.uk\/pl\/spray-ziolowy-z-propolisem-odswiezajacy-oddech50ml\/","name":"Spray zio\u0142owy z propolisem od\u015bwie\u017caj\u0105cy oddech,50ml - TianDe Online Shop - Beauty &amp; Health","isPartOf":{"@id":"https:\/\/tiandeproducts.co.uk\/#website"},"primaryImageOfPage":{"@id":"https:\/\/tiandeproducts.co.uk\/pl\/spray-ziolowy-z-propolisem-odswiezajacy-oddech50ml\/#primaryimage"},"image":{"@id":"https:\/\/tiandeproducts.co.uk\/pl\/spray-ziolowy-z-propolisem-odswiezajacy-oddech50ml\/#primaryimage"},"thumbnailUrl":"https:\/\/tiandeproducts.co.uk\/wp-content\/uploads\/65901.png","datePublished":"2019-07-17T19:19:46+00:00","dateModified":"2021-02-05T18:48:58+00:00","breadcrumb":{"@id":"https:\/\/tiandeproducts.co.uk\/pl\/spray-ziolowy-z-propolisem-odswiezajacy-oddech50ml\/#breadcrumb"},"inLanguage":"pl-PL","potentialAction":[{"@type":"ReadAction","target":["https:\/\/tiandeproducts.co.uk\/pl\/spray-ziolowy-z-propolisem-odswiezajacy-oddech50ml\/"]}]},{"@type":"ImageObject","inLanguage":"pl-PL","@id":"https:\/\/tiandeproducts.co.uk\/pl\/spray-ziolowy-z-propolisem-odswiezajacy-oddech50ml\/#primaryimage","url":"https:\/\/tiandeproducts.co.uk\/wp-content\/uploads\/65901.png","contentUrl":"https:\/\/tiandeproducts.co.uk\/wp-content\/uploads\/65901.png","width":510,"height":510},{"@type":"BreadcrumbList","@id":"https:\/\/tiandeproducts.co.uk\/pl\/spray-ziolowy-z-propolisem-odswiezajacy-oddech50ml\/#breadcrumb","itemListElement":[{"@type":"ListItem","position":1,"name":"Home","item":"https:\/\/tiandeproducts.co.uk\/pl\/"},{"@type":"ListItem","position":2,"name":"Shop","item":"https:\/\/tiandeproducts.co.uk\/pl\/shop-2\/"},{"@type":"ListItem","position":3,"name":"Spray zio\u0142owy z propolisem od\u015bwie\u017caj\u0105cy oddech,50ml"}]},{"@type":"WebSite","@id":"https:\/\/tiandeproducts.co.uk\/#website","url":"https:\/\/tiandeproducts.co.uk\/","name":"TianDe Online Shop - Beauty & Health","description":"Traditional Chinese Medicine","potentialAction":[{"@type":"SearchAction","target":{"@type":"EntryPoint","urlTemplate":"https:\/\/tiandeproducts.co.uk\/?s={search_term_string}"},"query-input":{"@type":"PropertyValueSpecification","valueRequired":true,"valueName":"search_term_string"}}],"inLanguage":"pl-PL"}]}},"_links":{"self":[{"href":"https:\/\/tiandeproducts.co.uk\/pl\/wp-json\/wp\/v2\/product\/4340","targetHints":{"allow":["GET"]}}],"collection":[{"href":"https:\/\/tiandeproducts.co.uk\/pl\/wp-json\/wp\/v2\/product"}],"about":[{"href":"https:\/\/tiandeproducts.co.uk\/pl\/wp-json\/wp\/v2\/types\/product"}],"replies":[{"embeddable":true,"href":"https:\/\/tiandeproducts.co.uk\/pl\/wp-json\/wp\/v2\/comments?post=4340"}],"wp:featuredmedia":[{"embeddable":true,"href":"https:\/\/tiandeproducts.co.uk\/pl\/wp-json\/wp\/v2\/media\/3243"}],"wp:attachment":[{"href":"https:\/\/tiandeproducts.co.uk\/pl\/wp-json\/wp\/v2\/media?parent=4340"}],"wp:term":[{"taxonomy":"product_cat","embeddable":true,"href":"https:\/\/tiandeproducts.co.uk\/pl\/wp-json\/wp\/v2\/product_cat?post=4340"},{"taxonomy":"product_tag","embeddable":true,"href":"https:\/\/tiandeproducts.co.uk\/pl\/wp-json\/wp\/v2\/product_tag?post=4340"}],"curies":[{"name":"wp","href":"https:\/\/api.w.org\/{rel}","templated":true}]}}