{"id":4336,"date":"2019-07-17T20:45:34","date_gmt":"2019-07-17T19:45:34","guid":{"rendered":"https:\/\/tnd.ontesting.co.uk\/damskie-wkladki-nefrytowa-swiezosc-na-bazie-ziol-supercienkie\/"},"modified":"2025-07-30T23:39:48","modified_gmt":"2025-07-30T22:39:48","slug":"damskie-wkladki-nefrytowa-swiezosc-na-bazie-ziol-supercienkie","status":"publish","type":"product","link":"https:\/\/tiandeproducts.co.uk\/pl\/damskie-wkladki-nefrytowa-swiezosc-na-bazie-ziol-supercienkie\/","title":{"rendered":"Damskie wk\u0142adki Nefrytowa \u015bwie\u017co\u015b\u0107 na bazie zi\u00f3\u0142, supercienkie,25 szt."},"content":{"rendered":"<div class=\"description\">\n<p><img decoding=\"async\" style=\"max-width: 16px; margin-right: 5px;\" src=\"https:\/\/tiandeproducts.co.uk\/wp-content\/uploads\/points-green.svg\" \/>\u00a0Earn 6 points worth \u00a30.30 when buying this product<\/p>\n<p>Czy prowadzisz aktywny styl \u017cycia i nie lubisz zastanawia\u0107 si\u0119 nad drobiazgami? Super cienkie damskie wk\u0142adki zio\u0142owe do codziennego u\u017cytku pozwalaj\u0105 skupi\u0107 si\u0119 na tym co wa\u017cne. \u0141atwo dopasowuje si\u0119 do kszta\u0142tu Twojego cia\u0142a i pasuje do bielizny dowolnego kroju. S\u0105 delikatne, jakby by\u0142y tylko drug\u0105 warstw\u0105 Twojej sk\u00f3ry. Zapewniaj\u0105 Ci komfort i ochron\u0119 ka\u017cdego dnia.<\/p>\n<p>O Twoje zdrowie zadba fitokompleks z wyci\u0105g\u00f3w mi\u0119ty pieprzowej i kamelii japo\u0144skiej oraz olejek z go\u017adzik\u00f3w, kt\u00f3ry:<br \/>\n&#8211; usuwa bakterie i nieprzyjemny zapach;<br \/>\n&#8211; usuwa uczucie sw\u0119dzenia i podra\u017cnienia;<br \/>\n&#8211; dba o zdrowie kobiet, zwi\u0119ksza poczucie komfortu i \u015bwie\u017co\u015bci.<\/p>\n<\/div>\n<div class=\"instruction\">\n<p><strong>ZASTOSOWANIE:<\/strong><\/p>\n<p>Do codziennego stosowania.<\/p>\n<\/div>\n","protected":false},"excerpt":{"rendered":"<p>\u00a0Earn 6 points worth \u00a30.30 when buying this product Czy prowadzisz aktywny styl \u017cycia i nie lubisz zastanawia\u0107 si\u0119 nad drobiazgami? Super cienkie damskie wk\u0142adki zio\u0142owe do codziennego u\u017cytku pozwalaj\u0105 skupi\u0107 si\u0119 na tym co wa\u017cne. \u0141atwo dopasowuje si\u0119 do kszta\u0142tu Twojego cia\u0142a i pasuje do bielizny dowolnego kroju. S\u0105 delikatne, jakby by\u0142y tylko drug\u0105 [&#8230;]\n","protected":false},"featured_media":3253,"comment_status":"closed","ping_status":"closed","template":"","meta":[],"product_cat":[808,784,804],"product_tag":[],"class_list":{"0":"post-4336","1":"product","2":"type-product","3":"status-publish","4":"has-post-thumbnail","6":"product_cat-dzienne-podpaski","7":"product_cat-higiena-pl","8":"product_cat-higiena-intymna","10":"first","11":"instock","12":"shipping-taxable","13":"purchasable","14":"product-type-simple"},"yoast_head":"<!-- This site is optimized with the Yoast SEO plugin v23.6 - https:\/\/yoast.com\/wordpress\/plugins\/seo\/ -->\n<title>Damskie wk\u0142adki Nefrytowa \u015bwie\u017co\u015b\u0107 na bazie zi\u00f3\u0142, supercienkie,25 szt. - TianDe Online Shop - Beauty &amp; Health<\/title>\n<meta name=\"robots\" content=\"index, follow, max-snippet:-1, max-image-preview:large, max-video-preview:-1\" \/>\n<link rel=\"canonical\" href=\"https:\/\/tiandeproducts.co.uk\/pl\/damskie-wkladki-nefrytowa-swiezosc-na-bazie-ziol-supercienkie\/\" \/>\n<meta property=\"og:locale\" content=\"pl_PL\" \/>\n<meta property=\"og:type\" content=\"article\" \/>\n<meta property=\"og:title\" content=\"Damskie wk\u0142adki Nefrytowa \u015bwie\u017co\u015b\u0107 na bazie zi\u00f3\u0142, supercienkie,25 szt. - TianDe Online Shop - Beauty &amp; Health\" \/>\n<meta property=\"og:description\" content=\"\u00a0Earn 6 points worth \u00a30.30 when buying this product Czy prowadzisz aktywny styl \u017cycia i nie lubisz zastanawia\u0107 si\u0119 nad drobiazgami? Super cienkie damskie wk\u0142adki zio\u0142owe do codziennego u\u017cytku pozwalaj\u0105 skupi\u0107 si\u0119 na tym co wa\u017cne. \u0141atwo dopasowuje si\u0119 do kszta\u0142tu Twojego cia\u0142a i pasuje do bielizny dowolnego kroju. S\u0105 delikatne, jakby by\u0142y tylko drug\u0105 [...]\" \/>\n<meta property=\"og:url\" content=\"https:\/\/tiandeproducts.co.uk\/pl\/damskie-wkladki-nefrytowa-swiezosc-na-bazie-ziol-supercienkie\/\" \/>\n<meta property=\"og:site_name\" content=\"TianDe Online Shop - Beauty &amp; Health\" \/>\n<meta property=\"article:publisher\" content=\"https:\/\/www.facebook.com\/tiande.products.england\/\" \/>\n<meta property=\"article:modified_time\" content=\"2025-07-30T22:39:48+00:00\" \/>\n<meta property=\"og:image\" content=\"https:\/\/tiandeproducts.co.uk\/wp-content\/uploads\/61921.png\" \/>\n\t<meta property=\"og:image:width\" content=\"700\" \/>\n\t<meta property=\"og:image:height\" content=\"700\" \/>\n\t<meta property=\"og:image:type\" content=\"image\/png\" \/>\n<meta name=\"twitter:card\" content=\"summary_large_image\" \/>\n<meta name=\"twitter:label1\" content=\"Szacowany czas czytania\" \/>\n\t<meta name=\"twitter:data1\" content=\"1 minuta\" \/>\n<script type=\"application\/ld+json\" class=\"yoast-schema-graph\">{\"@context\":\"https:\/\/schema.org\",\"@graph\":[{\"@type\":\"WebPage\",\"@id\":\"https:\/\/tiandeproducts.co.uk\/pl\/damskie-wkladki-nefrytowa-swiezosc-na-bazie-ziol-supercienkie\/\",\"url\":\"https:\/\/tiandeproducts.co.uk\/pl\/damskie-wkladki-nefrytowa-swiezosc-na-bazie-ziol-supercienkie\/\",\"name\":\"Damskie wk\u0142adki Nefrytowa \u015bwie\u017co\u015b\u0107 na bazie zi\u00f3\u0142, supercienkie,25 szt. - TianDe Online Shop - Beauty &amp; Health\",\"isPartOf\":{\"@id\":\"https:\/\/tiandeproducts.co.uk\/#website\"},\"primaryImageOfPage\":{\"@id\":\"https:\/\/tiandeproducts.co.uk\/pl\/damskie-wkladki-nefrytowa-swiezosc-na-bazie-ziol-supercienkie\/#primaryimage\"},\"image\":{\"@id\":\"https:\/\/tiandeproducts.co.uk\/pl\/damskie-wkladki-nefrytowa-swiezosc-na-bazie-ziol-supercienkie\/#primaryimage\"},\"thumbnailUrl\":\"https:\/\/tiandeproducts.co.uk\/wp-content\/uploads\/61921.png\",\"datePublished\":\"2019-07-17T19:45:34+00:00\",\"dateModified\":\"2025-07-30T22:39:48+00:00\",\"breadcrumb\":{\"@id\":\"https:\/\/tiandeproducts.co.uk\/pl\/damskie-wkladki-nefrytowa-swiezosc-na-bazie-ziol-supercienkie\/#breadcrumb\"},\"inLanguage\":\"pl-PL\",\"potentialAction\":[{\"@type\":\"ReadAction\",\"target\":[\"https:\/\/tiandeproducts.co.uk\/pl\/damskie-wkladki-nefrytowa-swiezosc-na-bazie-ziol-supercienkie\/\"]}]},{\"@type\":\"ImageObject\",\"inLanguage\":\"pl-PL\",\"@id\":\"https:\/\/tiandeproducts.co.uk\/pl\/damskie-wkladki-nefrytowa-swiezosc-na-bazie-ziol-supercienkie\/#primaryimage\",\"url\":\"https:\/\/tiandeproducts.co.uk\/wp-content\/uploads\/61921.png\",\"contentUrl\":\"https:\/\/tiandeproducts.co.uk\/wp-content\/uploads\/61921.png\",\"width\":700,\"height\":700},{\"@type\":\"BreadcrumbList\",\"@id\":\"https:\/\/tiandeproducts.co.uk\/pl\/damskie-wkladki-nefrytowa-swiezosc-na-bazie-ziol-supercienkie\/#breadcrumb\",\"itemListElement\":[{\"@type\":\"ListItem\",\"position\":1,\"name\":\"Home\",\"item\":\"https:\/\/tiandeproducts.co.uk\/pl\/\"},{\"@type\":\"ListItem\",\"position\":2,\"name\":\"Shop\",\"item\":\"https:\/\/tiandeproducts.co.uk\/pl\/shop-2\/\"},{\"@type\":\"ListItem\",\"position\":3,\"name\":\"Damskie wk\u0142adki Nefrytowa \u015bwie\u017co\u015b\u0107 na bazie zi\u00f3\u0142, supercienkie,25 szt.\"}]},{\"@type\":\"WebSite\",\"@id\":\"https:\/\/tiandeproducts.co.uk\/#website\",\"url\":\"https:\/\/tiandeproducts.co.uk\/\",\"name\":\"TianDe Online Shop - Beauty & Health\",\"description\":\"Traditional Chinese Medicine\",\"potentialAction\":[{\"@type\":\"SearchAction\",\"target\":{\"@type\":\"EntryPoint\",\"urlTemplate\":\"https:\/\/tiandeproducts.co.uk\/?s={search_term_string}\"},\"query-input\":{\"@type\":\"PropertyValueSpecification\",\"valueRequired\":true,\"valueName\":\"search_term_string\"}}],\"inLanguage\":\"pl-PL\"}]}<\/script>\n<!-- \/ Yoast SEO plugin. -->","yoast_head_json":{"title":"Damskie wk\u0142adki Nefrytowa \u015bwie\u017co\u015b\u0107 na bazie zi\u00f3\u0142, supercienkie,25 szt. - TianDe Online Shop - Beauty &amp; Health","robots":{"index":"index","follow":"follow","max-snippet":"max-snippet:-1","max-image-preview":"max-image-preview:large","max-video-preview":"max-video-preview:-1"},"canonical":"https:\/\/tiandeproducts.co.uk\/pl\/damskie-wkladki-nefrytowa-swiezosc-na-bazie-ziol-supercienkie\/","og_locale":"pl_PL","og_type":"article","og_title":"Damskie wk\u0142adki Nefrytowa \u015bwie\u017co\u015b\u0107 na bazie zi\u00f3\u0142, supercienkie,25 szt. - TianDe Online Shop - Beauty &amp; Health","og_description":"\u00a0Earn 6 points worth \u00a30.30 when buying this product Czy prowadzisz aktywny styl \u017cycia i nie lubisz zastanawia\u0107 si\u0119 nad drobiazgami? Super cienkie damskie wk\u0142adki zio\u0142owe do codziennego u\u017cytku pozwalaj\u0105 skupi\u0107 si\u0119 na tym co wa\u017cne. \u0141atwo dopasowuje si\u0119 do kszta\u0142tu Twojego cia\u0142a i pasuje do bielizny dowolnego kroju. S\u0105 delikatne, jakby by\u0142y tylko drug\u0105 [...]","og_url":"https:\/\/tiandeproducts.co.uk\/pl\/damskie-wkladki-nefrytowa-swiezosc-na-bazie-ziol-supercienkie\/","og_site_name":"TianDe Online Shop - Beauty &amp; Health","article_publisher":"https:\/\/www.facebook.com\/tiande.products.england\/","article_modified_time":"2025-07-30T22:39:48+00:00","og_image":[{"width":700,"height":700,"url":"https:\/\/tiandeproducts.co.uk\/wp-content\/uploads\/61921.png","type":"image\/png"}],"twitter_card":"summary_large_image","twitter_misc":{"Szacowany czas czytania":"1 minuta"},"schema":{"@context":"https:\/\/schema.org","@graph":[{"@type":"WebPage","@id":"https:\/\/tiandeproducts.co.uk\/pl\/damskie-wkladki-nefrytowa-swiezosc-na-bazie-ziol-supercienkie\/","url":"https:\/\/tiandeproducts.co.uk\/pl\/damskie-wkladki-nefrytowa-swiezosc-na-bazie-ziol-supercienkie\/","name":"Damskie wk\u0142adki Nefrytowa \u015bwie\u017co\u015b\u0107 na bazie zi\u00f3\u0142, supercienkie,25 szt. - TianDe Online Shop - Beauty &amp; Health","isPartOf":{"@id":"https:\/\/tiandeproducts.co.uk\/#website"},"primaryImageOfPage":{"@id":"https:\/\/tiandeproducts.co.uk\/pl\/damskie-wkladki-nefrytowa-swiezosc-na-bazie-ziol-supercienkie\/#primaryimage"},"image":{"@id":"https:\/\/tiandeproducts.co.uk\/pl\/damskie-wkladki-nefrytowa-swiezosc-na-bazie-ziol-supercienkie\/#primaryimage"},"thumbnailUrl":"https:\/\/tiandeproducts.co.uk\/wp-content\/uploads\/61921.png","datePublished":"2019-07-17T19:45:34+00:00","dateModified":"2025-07-30T22:39:48+00:00","breadcrumb":{"@id":"https:\/\/tiandeproducts.co.uk\/pl\/damskie-wkladki-nefrytowa-swiezosc-na-bazie-ziol-supercienkie\/#breadcrumb"},"inLanguage":"pl-PL","potentialAction":[{"@type":"ReadAction","target":["https:\/\/tiandeproducts.co.uk\/pl\/damskie-wkladki-nefrytowa-swiezosc-na-bazie-ziol-supercienkie\/"]}]},{"@type":"ImageObject","inLanguage":"pl-PL","@id":"https:\/\/tiandeproducts.co.uk\/pl\/damskie-wkladki-nefrytowa-swiezosc-na-bazie-ziol-supercienkie\/#primaryimage","url":"https:\/\/tiandeproducts.co.uk\/wp-content\/uploads\/61921.png","contentUrl":"https:\/\/tiandeproducts.co.uk\/wp-content\/uploads\/61921.png","width":700,"height":700},{"@type":"BreadcrumbList","@id":"https:\/\/tiandeproducts.co.uk\/pl\/damskie-wkladki-nefrytowa-swiezosc-na-bazie-ziol-supercienkie\/#breadcrumb","itemListElement":[{"@type":"ListItem","position":1,"name":"Home","item":"https:\/\/tiandeproducts.co.uk\/pl\/"},{"@type":"ListItem","position":2,"name":"Shop","item":"https:\/\/tiandeproducts.co.uk\/pl\/shop-2\/"},{"@type":"ListItem","position":3,"name":"Damskie wk\u0142adki Nefrytowa \u015bwie\u017co\u015b\u0107 na bazie zi\u00f3\u0142, supercienkie,25 szt."}]},{"@type":"WebSite","@id":"https:\/\/tiandeproducts.co.uk\/#website","url":"https:\/\/tiandeproducts.co.uk\/","name":"TianDe Online Shop - Beauty & Health","description":"Traditional Chinese Medicine","potentialAction":[{"@type":"SearchAction","target":{"@type":"EntryPoint","urlTemplate":"https:\/\/tiandeproducts.co.uk\/?s={search_term_string}"},"query-input":{"@type":"PropertyValueSpecification","valueRequired":true,"valueName":"search_term_string"}}],"inLanguage":"pl-PL"}]}},"_links":{"self":[{"href":"https:\/\/tiandeproducts.co.uk\/pl\/wp-json\/wp\/v2\/product\/4336","targetHints":{"allow":["GET"]}}],"collection":[{"href":"https:\/\/tiandeproducts.co.uk\/pl\/wp-json\/wp\/v2\/product"}],"about":[{"href":"https:\/\/tiandeproducts.co.uk\/pl\/wp-json\/wp\/v2\/types\/product"}],"replies":[{"embeddable":true,"href":"https:\/\/tiandeproducts.co.uk\/pl\/wp-json\/wp\/v2\/comments?post=4336"}],"wp:featuredmedia":[{"embeddable":true,"href":"https:\/\/tiandeproducts.co.uk\/pl\/wp-json\/wp\/v2\/media\/3253"}],"wp:attachment":[{"href":"https:\/\/tiandeproducts.co.uk\/pl\/wp-json\/wp\/v2\/media?parent=4336"}],"wp:term":[{"taxonomy":"product_cat","embeddable":true,"href":"https:\/\/tiandeproducts.co.uk\/pl\/wp-json\/wp\/v2\/product_cat?post=4336"},{"taxonomy":"product_tag","embeddable":true,"href":"https:\/\/tiandeproducts.co.uk\/pl\/wp-json\/wp\/v2\/product_tag?post=4336"}],"curies":[{"name":"wp","href":"https:\/\/api.w.org\/{rel}","templated":true}]}}