{"id":4335,"date":"2019-07-17T20:58:31","date_gmt":"2019-07-17T19:58:31","guid":{"rendered":"https:\/\/tnd.ontesting.co.uk\/wkladki-higieniczne-ze-srebrem-na-co-dzien-ultracienkie\/"},"modified":"2021-10-02T13:02:08","modified_gmt":"2021-10-02T12:02:08","slug":"wkladki-higieniczne-ze-srebrem-na-co-dzien-ultracienkie","status":"publish","type":"product","link":"https:\/\/tiandeproducts.co.uk\/pl\/wkladki-higieniczne-ze-srebrem-na-co-dzien-ultracienkie\/","title":{"rendered":"Wk\u0142adki higieniczne ze srebrem na co dzie\u0144 ultracienkie,20 szt."},"content":{"rendered":"<div class=\"description\">\n<p><img decoding=\"async\" style=\"max-width: 16px; margin-right: 5px;\" src=\"https:\/\/tiandeproducts.co.uk\/wp-content\/uploads\/points-green.svg\" \/>\u00a0Earn 6 points worth \u00a30.30 when buying this product<\/p>\n<p>Aktywny tryb \u017cycia wsp\u00f3\u0142czesnej kobiety dyktuje swoje regu\u0142y. Ka\u017cdy nowy dzie\u0144 przynosi nie tylko nowe spotkania, emocje i zadania, ale te\u017c test pewno\u015bci siebie.<\/p>\n<p>Wk\u0142adki higieniczne ze srebrem na co dzie\u0144 In Top daj\u0105 uczucie komfortu i pewno\u015bci w ka\u017cdej sytuacji, a dodatkowo skutecznie dbaj\u0105 o kobiece zdrowie.<\/p>\n<p>&#8211; Znajduj\u0105ce si\u0119 w specjalnej wk\u0142adce mikrocz\u0105steczki srebra dobroczynnie wp\u0142ywaj\u0105 na flor\u0119 bakteryjn\u0105 i hamuj\u0105 powstawanie infekcji.<br \/>\n&#8211; Warstwa g\u00f3rna jest wykonana z celulozy &#8211; naturalnego nietkanego materia\u0142u, kt\u00f3ry pozwala sk\u00f3rze oddycha\u0107 i nie tworzy \u201eefektu cieplarnianego\u201c. Przez ca\u0142y dzie\u0144 czujesz tylko mi\u0119kko\u015b\u0107 i komfort.<br \/>\n&#8211; Wk\u0142adki higieniczne idealnie dostosowuj\u0105 si\u0119 do fizjonomii kobiecego cia\u0142a i nie przeszkadzaj\u0105 nawet podczas zwi\u0119kszonej aktywno\u015bci &#8211; mo\u017cesz uprawia\u0107 sport, zajmowa\u0107 si\u0119 tym co zwykle, spotyka\u0107 si\u0119 z przyjaci\u00f3\u0142mi, a wk\u0142adka b\u0119dzie zawsze na swoim miejscu.<br \/>\n&#8211; Kompaktowe rozmiary b\u0119d\u0105 pasowa\u0107 do bielizny ka\u017cdej modelki.<\/p>\n<\/div>\n<div class=\"instruction\">\n<p><strong>ZASTOSOWANIE:<\/strong><\/p>\n<p>Odpowiednie do codziennego stosowania.<\/p>\n<\/div>\n","protected":false},"excerpt":{"rendered":"<p>\u00a0Earn 6 points worth \u00a30.30 when buying this product Aktywny tryb \u017cycia wsp\u00f3\u0142czesnej kobiety dyktuje swoje regu\u0142y. Ka\u017cdy nowy dzie\u0144 przynosi nie tylko nowe spotkania, emocje i zadania, ale te\u017c test pewno\u015bci siebie. Wk\u0142adki higieniczne ze srebrem na co dzie\u0144 In Top daj\u0105 uczucie komfortu i pewno\u015bci w ka\u017cdej sytuacji, a dodatkowo skutecznie dbaj\u0105 o [&#8230;]\n","protected":false},"featured_media":3264,"comment_status":"closed","ping_status":"closed","template":"","meta":[],"product_cat":[808,784,804],"product_tag":[],"class_list":{"0":"post-4335","1":"product","2":"type-product","3":"status-publish","4":"has-post-thumbnail","6":"product_cat-dzienne-podpaski","7":"product_cat-higiena-pl","8":"product_cat-higiena-intymna","10":"first","11":"outofstock","12":"shipping-taxable","13":"purchasable","14":"product-type-simple"},"yoast_head":"<!-- This site is optimized with the Yoast SEO plugin v23.6 - https:\/\/yoast.com\/wordpress\/plugins\/seo\/ -->\n<title>Wk\u0142adki higieniczne ze srebrem na co dzie\u0144 ultracienkie,20 szt. - TianDe Online Shop - Beauty &amp; Health<\/title>\n<meta name=\"description\" content=\"Active protection and freshness thanks to silver ions.Natural,soft,&quot;breathing&quot; upper layer.Ideal for delicate,sensitive skin.Silver - is a natural antibiotic with high antibacterial activity.\" \/>\n<meta name=\"robots\" content=\"index, follow, max-snippet:-1, max-image-preview:large, max-video-preview:-1\" \/>\n<link rel=\"canonical\" href=\"https:\/\/tiandeproducts.co.uk\/pl\/wkladki-higieniczne-ze-srebrem-na-co-dzien-ultracienkie\/\" \/>\n<meta property=\"og:locale\" content=\"pl_PL\" \/>\n<meta property=\"og:type\" content=\"article\" \/>\n<meta property=\"og:title\" content=\"Wk\u0142adki higieniczne ze srebrem na co dzie\u0144 ultracienkie,20 szt. - TianDe Online Shop - Beauty &amp; Health\" \/>\n<meta property=\"og:description\" content=\"Active protection and freshness thanks to silver ions.Natural,soft,&quot;breathing&quot; upper layer.Ideal for delicate,sensitive skin.Silver - is a natural antibiotic with high antibacterial activity.\" \/>\n<meta property=\"og:url\" content=\"https:\/\/tiandeproducts.co.uk\/pl\/wkladki-higieniczne-ze-srebrem-na-co-dzien-ultracienkie\/\" \/>\n<meta property=\"og:site_name\" content=\"TianDe Online Shop - Beauty &amp; Health\" \/>\n<meta property=\"article:publisher\" content=\"https:\/\/www.facebook.com\/tiande.products.england\/\" \/>\n<meta property=\"article:modified_time\" content=\"2021-10-02T12:02:08+00:00\" \/>\n<meta property=\"og:image\" content=\"https:\/\/tiandeproducts.co.uk\/wp-content\/uploads\/65512.png\" \/>\n\t<meta property=\"og:image:width\" content=\"700\" \/>\n\t<meta property=\"og:image:height\" content=\"700\" \/>\n\t<meta property=\"og:image:type\" content=\"image\/png\" \/>\n<meta name=\"twitter:card\" content=\"summary_large_image\" \/>\n<meta name=\"twitter:label1\" content=\"Szacowany czas czytania\" \/>\n\t<meta name=\"twitter:data1\" content=\"1 minuta\" \/>\n<script type=\"application\/ld+json\" class=\"yoast-schema-graph\">{\"@context\":\"https:\/\/schema.org\",\"@graph\":[{\"@type\":\"WebPage\",\"@id\":\"https:\/\/tiandeproducts.co.uk\/pl\/wkladki-higieniczne-ze-srebrem-na-co-dzien-ultracienkie\/\",\"url\":\"https:\/\/tiandeproducts.co.uk\/pl\/wkladki-higieniczne-ze-srebrem-na-co-dzien-ultracienkie\/\",\"name\":\"Wk\u0142adki higieniczne ze srebrem na co dzie\u0144 ultracienkie,20 szt. - TianDe Online Shop - Beauty &amp; Health\",\"isPartOf\":{\"@id\":\"https:\/\/tiandeproducts.co.uk\/#website\"},\"primaryImageOfPage\":{\"@id\":\"https:\/\/tiandeproducts.co.uk\/pl\/wkladki-higieniczne-ze-srebrem-na-co-dzien-ultracienkie\/#primaryimage\"},\"image\":{\"@id\":\"https:\/\/tiandeproducts.co.uk\/pl\/wkladki-higieniczne-ze-srebrem-na-co-dzien-ultracienkie\/#primaryimage\"},\"thumbnailUrl\":\"https:\/\/tiandeproducts.co.uk\/wp-content\/uploads\/65512.png\",\"datePublished\":\"2019-07-17T19:58:31+00:00\",\"dateModified\":\"2021-10-02T12:02:08+00:00\",\"description\":\"Active protection and freshness thanks to silver ions.Natural,soft,\\\"breathing\\\" upper layer.Ideal for delicate,sensitive skin.Silver - is a natural antibiotic with high antibacterial activity.\",\"breadcrumb\":{\"@id\":\"https:\/\/tiandeproducts.co.uk\/pl\/wkladki-higieniczne-ze-srebrem-na-co-dzien-ultracienkie\/#breadcrumb\"},\"inLanguage\":\"pl-PL\",\"potentialAction\":[{\"@type\":\"ReadAction\",\"target\":[\"https:\/\/tiandeproducts.co.uk\/pl\/wkladki-higieniczne-ze-srebrem-na-co-dzien-ultracienkie\/\"]}]},{\"@type\":\"ImageObject\",\"inLanguage\":\"pl-PL\",\"@id\":\"https:\/\/tiandeproducts.co.uk\/pl\/wkladki-higieniczne-ze-srebrem-na-co-dzien-ultracienkie\/#primaryimage\",\"url\":\"https:\/\/tiandeproducts.co.uk\/wp-content\/uploads\/65512.png\",\"contentUrl\":\"https:\/\/tiandeproducts.co.uk\/wp-content\/uploads\/65512.png\",\"width\":700,\"height\":700},{\"@type\":\"BreadcrumbList\",\"@id\":\"https:\/\/tiandeproducts.co.uk\/pl\/wkladki-higieniczne-ze-srebrem-na-co-dzien-ultracienkie\/#breadcrumb\",\"itemListElement\":[{\"@type\":\"ListItem\",\"position\":1,\"name\":\"Home\",\"item\":\"https:\/\/tiandeproducts.co.uk\/pl\/\"},{\"@type\":\"ListItem\",\"position\":2,\"name\":\"Shop\",\"item\":\"https:\/\/tiandeproducts.co.uk\/pl\/shop-2\/\"},{\"@type\":\"ListItem\",\"position\":3,\"name\":\"Wk\u0142adki higieniczne ze srebrem na co dzie\u0144 ultracienkie,20 szt.\"}]},{\"@type\":\"WebSite\",\"@id\":\"https:\/\/tiandeproducts.co.uk\/#website\",\"url\":\"https:\/\/tiandeproducts.co.uk\/\",\"name\":\"TianDe Online Shop - Beauty & Health\",\"description\":\"Traditional Chinese Medicine\",\"potentialAction\":[{\"@type\":\"SearchAction\",\"target\":{\"@type\":\"EntryPoint\",\"urlTemplate\":\"https:\/\/tiandeproducts.co.uk\/?s={search_term_string}\"},\"query-input\":{\"@type\":\"PropertyValueSpecification\",\"valueRequired\":true,\"valueName\":\"search_term_string\"}}],\"inLanguage\":\"pl-PL\"}]}<\/script>\n<!-- \/ Yoast SEO plugin. -->","yoast_head_json":{"title":"Wk\u0142adki higieniczne ze srebrem na co dzie\u0144 ultracienkie,20 szt. - TianDe Online Shop - Beauty &amp; Health","description":"Active protection and freshness thanks to silver ions.Natural,soft,\"breathing\" upper layer.Ideal for delicate,sensitive skin.Silver - is a natural antibiotic with high antibacterial activity.","robots":{"index":"index","follow":"follow","max-snippet":"max-snippet:-1","max-image-preview":"max-image-preview:large","max-video-preview":"max-video-preview:-1"},"canonical":"https:\/\/tiandeproducts.co.uk\/pl\/wkladki-higieniczne-ze-srebrem-na-co-dzien-ultracienkie\/","og_locale":"pl_PL","og_type":"article","og_title":"Wk\u0142adki higieniczne ze srebrem na co dzie\u0144 ultracienkie,20 szt. - TianDe Online Shop - Beauty &amp; Health","og_description":"Active protection and freshness thanks to silver ions.Natural,soft,\"breathing\" upper layer.Ideal for delicate,sensitive skin.Silver - is a natural antibiotic with high antibacterial activity.","og_url":"https:\/\/tiandeproducts.co.uk\/pl\/wkladki-higieniczne-ze-srebrem-na-co-dzien-ultracienkie\/","og_site_name":"TianDe Online Shop - Beauty &amp; Health","article_publisher":"https:\/\/www.facebook.com\/tiande.products.england\/","article_modified_time":"2021-10-02T12:02:08+00:00","og_image":[{"width":700,"height":700,"url":"https:\/\/tiandeproducts.co.uk\/wp-content\/uploads\/65512.png","type":"image\/png"}],"twitter_card":"summary_large_image","twitter_misc":{"Szacowany czas czytania":"1 minuta"},"schema":{"@context":"https:\/\/schema.org","@graph":[{"@type":"WebPage","@id":"https:\/\/tiandeproducts.co.uk\/pl\/wkladki-higieniczne-ze-srebrem-na-co-dzien-ultracienkie\/","url":"https:\/\/tiandeproducts.co.uk\/pl\/wkladki-higieniczne-ze-srebrem-na-co-dzien-ultracienkie\/","name":"Wk\u0142adki higieniczne ze srebrem na co dzie\u0144 ultracienkie,20 szt. - TianDe Online Shop - Beauty &amp; Health","isPartOf":{"@id":"https:\/\/tiandeproducts.co.uk\/#website"},"primaryImageOfPage":{"@id":"https:\/\/tiandeproducts.co.uk\/pl\/wkladki-higieniczne-ze-srebrem-na-co-dzien-ultracienkie\/#primaryimage"},"image":{"@id":"https:\/\/tiandeproducts.co.uk\/pl\/wkladki-higieniczne-ze-srebrem-na-co-dzien-ultracienkie\/#primaryimage"},"thumbnailUrl":"https:\/\/tiandeproducts.co.uk\/wp-content\/uploads\/65512.png","datePublished":"2019-07-17T19:58:31+00:00","dateModified":"2021-10-02T12:02:08+00:00","description":"Active protection and freshness thanks to silver ions.Natural,soft,\"breathing\" upper layer.Ideal for delicate,sensitive skin.Silver - is a natural antibiotic with high antibacterial activity.","breadcrumb":{"@id":"https:\/\/tiandeproducts.co.uk\/pl\/wkladki-higieniczne-ze-srebrem-na-co-dzien-ultracienkie\/#breadcrumb"},"inLanguage":"pl-PL","potentialAction":[{"@type":"ReadAction","target":["https:\/\/tiandeproducts.co.uk\/pl\/wkladki-higieniczne-ze-srebrem-na-co-dzien-ultracienkie\/"]}]},{"@type":"ImageObject","inLanguage":"pl-PL","@id":"https:\/\/tiandeproducts.co.uk\/pl\/wkladki-higieniczne-ze-srebrem-na-co-dzien-ultracienkie\/#primaryimage","url":"https:\/\/tiandeproducts.co.uk\/wp-content\/uploads\/65512.png","contentUrl":"https:\/\/tiandeproducts.co.uk\/wp-content\/uploads\/65512.png","width":700,"height":700},{"@type":"BreadcrumbList","@id":"https:\/\/tiandeproducts.co.uk\/pl\/wkladki-higieniczne-ze-srebrem-na-co-dzien-ultracienkie\/#breadcrumb","itemListElement":[{"@type":"ListItem","position":1,"name":"Home","item":"https:\/\/tiandeproducts.co.uk\/pl\/"},{"@type":"ListItem","position":2,"name":"Shop","item":"https:\/\/tiandeproducts.co.uk\/pl\/shop-2\/"},{"@type":"ListItem","position":3,"name":"Wk\u0142adki higieniczne ze srebrem na co dzie\u0144 ultracienkie,20 szt."}]},{"@type":"WebSite","@id":"https:\/\/tiandeproducts.co.uk\/#website","url":"https:\/\/tiandeproducts.co.uk\/","name":"TianDe Online Shop - Beauty & Health","description":"Traditional Chinese Medicine","potentialAction":[{"@type":"SearchAction","target":{"@type":"EntryPoint","urlTemplate":"https:\/\/tiandeproducts.co.uk\/?s={search_term_string}"},"query-input":{"@type":"PropertyValueSpecification","valueRequired":true,"valueName":"search_term_string"}}],"inLanguage":"pl-PL"}]}},"_links":{"self":[{"href":"https:\/\/tiandeproducts.co.uk\/pl\/wp-json\/wp\/v2\/product\/4335","targetHints":{"allow":["GET"]}}],"collection":[{"href":"https:\/\/tiandeproducts.co.uk\/pl\/wp-json\/wp\/v2\/product"}],"about":[{"href":"https:\/\/tiandeproducts.co.uk\/pl\/wp-json\/wp\/v2\/types\/product"}],"replies":[{"embeddable":true,"href":"https:\/\/tiandeproducts.co.uk\/pl\/wp-json\/wp\/v2\/comments?post=4335"}],"wp:featuredmedia":[{"embeddable":true,"href":"https:\/\/tiandeproducts.co.uk\/pl\/wp-json\/wp\/v2\/media\/3264"}],"wp:attachment":[{"href":"https:\/\/tiandeproducts.co.uk\/pl\/wp-json\/wp\/v2\/media?parent=4335"}],"wp:term":[{"taxonomy":"product_cat","embeddable":true,"href":"https:\/\/tiandeproducts.co.uk\/pl\/wp-json\/wp\/v2\/product_cat?post=4335"},{"taxonomy":"product_tag","embeddable":true,"href":"https:\/\/tiandeproducts.co.uk\/pl\/wp-json\/wp\/v2\/product_tag?post=4335"}],"curies":[{"name":"wp","href":"https:\/\/api.w.org\/{rel}","templated":true}]}}