{"id":4324,"date":"2019-07-17T19:11:50","date_gmt":"2019-07-17T18:11:50","guid":{"rendered":"https:\/\/tnd.ontesting.co.uk\/nawilzajaca-baza-pod-makijaz40ml\/"},"modified":"2021-02-12T11:04:00","modified_gmt":"2021-02-12T11:04:00","slug":"nawilzajaca-baza-pod-makijaz40ml","status":"publish","type":"product","link":"https:\/\/tiandeproducts.co.uk\/pl\/nawilzajaca-baza-pod-makijaz40ml\/","title":{"rendered":"Nawil\u017caj\u0105ca baza pod makija\u017c,40ml"},"content":{"rendered":"<div class=\"description\">\n<p><img decoding=\"async\" style=\"max-width: 16px; margin-right: 5px;\" src=\"https:\/\/tiandeproducts.co.uk\/wp-content\/uploads\/points-green.svg\" \/>\u00a0Earn 20 points worth \u00a31.00 when buying this product<\/p>\n<p>Czy uwa\u017casz, \u017ce idealnie r\u00f3wnomierna i g\u0142adka sk\u00f3ra wyst\u0119puje tylko na \u0142amach czasopism i jest efektem Photoshopa? Nie, nie i jeszcze raz nie! Cer\u0119 jak z ok\u0142adki magazynu modowego mog\u0105 mie\u0107 teraz wszyscy, kt\u00f3rzy znaj\u0105 produkty TianDe.<\/p>\n<p>Nawil\u017caj\u0105ca baza pod makija\u017c Ocean Riches b\u0119dzie doskona\u0142\u0105 podstaw\u0105, dzi\u0119ki kt\u00f3rej produkt tonuj\u0105cy b\u0119dzie stanowi\u0107 doskona\u0142y welon i ukryje wszelkie niedoskona\u0142o\u015bci!<\/p>\n<p>Baza jest lekka jak pi\u00f3rko, pomaga zamaskowa\u0107 pory, wype\u0142ni\u0107 zmarszczki i uczyni\u0107 sk\u00f3r\u0119 jedwabist\u0105 i idealnie g\u0142adk\u0105. Teraz Twoja sk\u00f3ra b\u0119dzie jak z ok\u0142adek najlepszych magazyn\u00f3w modowych!<\/p>\n<p>Baza Ocean Riches wp\u0142ywa nie tylko na zewn\u0119trzne pi\u0119kno sk\u00f3ry, ale dzi\u0119ki aktywnemu sk\u0142adowi r\u00f3wnie\u017c g\u0142\u0119boko od\u017cywia i zapobiega powstawaniu zmarszczek.<\/p>\n<\/div>\n<div class=\"instruction\">\n<p><strong>ZASTOSOWANIE:<\/strong><\/p>\n<p>Preparat mo\u017cna stosowa\u0107 jako baz\u0119 pod makija\u017c i samodzielnie. Podczas aplikacji omijaj okolice oczu.<\/p>\n<\/div>\n","protected":false},"excerpt":{"rendered":"<p>\u00a0Earn 20 points worth \u00a31.00 when buying this product Czy uwa\u017casz, \u017ce idealnie r\u00f3wnomierna i g\u0142adka sk\u00f3ra wyst\u0119puje tylko na \u0142amach czasopism i jest efektem Photoshopa? Nie, nie i jeszcze raz nie! Cer\u0119 jak z ok\u0142adki magazynu modowego mog\u0105 mie\u0107 teraz wszyscy, kt\u00f3rzy znaj\u0105 produkty TianDe. Nawil\u017caj\u0105ca baza pod makija\u017c Ocean Riches b\u0119dzie doskona\u0142\u0105 podstaw\u0105, [&#8230;]\n","protected":false},"featured_media":3203,"comment_status":"closed","ping_status":"closed","template":"","meta":[],"product_cat":[896,816],"product_tag":[],"class_list":{"0":"post-4324","1":"product","2":"type-product","3":"status-publish","4":"has-post-thumbnail","6":"product_cat-kremowy-puder","7":"product_cat-makijaz-pl","9":"first","10":"instock","11":"shipping-taxable","12":"purchasable","13":"product-type-simple"},"yoast_head":"<!-- This site is optimized with the Yoast SEO plugin v23.6 - https:\/\/yoast.com\/wordpress\/plugins\/seo\/ -->\n<title>Nawil\u017caj\u0105ca baza pod makija\u017c,40ml - TianDe Online Shop - Beauty &amp; Health<\/title>\n<meta name=\"robots\" content=\"index, follow, max-snippet:-1, max-image-preview:large, max-video-preview:-1\" \/>\n<link rel=\"canonical\" href=\"https:\/\/tiandeproducts.co.uk\/pl\/nawilzajaca-baza-pod-makijaz40ml\/\" \/>\n<meta property=\"og:locale\" content=\"pl_PL\" \/>\n<meta property=\"og:type\" content=\"article\" \/>\n<meta property=\"og:title\" content=\"Nawil\u017caj\u0105ca baza pod makija\u017c,40ml - TianDe Online Shop - Beauty &amp; Health\" \/>\n<meta property=\"og:description\" content=\"\u00a0Earn 20 points worth \u00a31.00 when buying this product Czy uwa\u017casz, \u017ce idealnie r\u00f3wnomierna i g\u0142adka sk\u00f3ra wyst\u0119puje tylko na \u0142amach czasopism i jest efektem Photoshopa? Nie, nie i jeszcze raz nie! Cer\u0119 jak z ok\u0142adki magazynu modowego mog\u0105 mie\u0107 teraz wszyscy, kt\u00f3rzy znaj\u0105 produkty TianDe. Nawil\u017caj\u0105ca baza pod makija\u017c Ocean Riches b\u0119dzie doskona\u0142\u0105 podstaw\u0105, [...]\" \/>\n<meta property=\"og:url\" content=\"https:\/\/tiandeproducts.co.uk\/pl\/nawilzajaca-baza-pod-makijaz40ml\/\" \/>\n<meta property=\"og:site_name\" content=\"TianDe Online Shop - Beauty &amp; Health\" \/>\n<meta property=\"article:publisher\" content=\"https:\/\/www.facebook.com\/tiande.products.england\/\" \/>\n<meta property=\"article:modified_time\" content=\"2021-02-12T11:04:00+00:00\" \/>\n<meta property=\"og:image\" content=\"https:\/\/tiandeproducts.co.uk\/wp-content\/uploads\/86004.png\" \/>\n\t<meta property=\"og:image:width\" content=\"700\" \/>\n\t<meta property=\"og:image:height\" content=\"700\" \/>\n\t<meta property=\"og:image:type\" content=\"image\/png\" \/>\n<meta name=\"twitter:card\" content=\"summary_large_image\" \/>\n<meta name=\"twitter:label1\" content=\"Szacowany czas czytania\" \/>\n\t<meta name=\"twitter:data1\" content=\"1 minuta\" \/>\n<script type=\"application\/ld+json\" class=\"yoast-schema-graph\">{\"@context\":\"https:\/\/schema.org\",\"@graph\":[{\"@type\":\"WebPage\",\"@id\":\"https:\/\/tiandeproducts.co.uk\/pl\/nawilzajaca-baza-pod-makijaz40ml\/\",\"url\":\"https:\/\/tiandeproducts.co.uk\/pl\/nawilzajaca-baza-pod-makijaz40ml\/\",\"name\":\"Nawil\u017caj\u0105ca baza pod makija\u017c,40ml - TianDe Online Shop - Beauty &amp; Health\",\"isPartOf\":{\"@id\":\"https:\/\/tiandeproducts.co.uk\/#website\"},\"primaryImageOfPage\":{\"@id\":\"https:\/\/tiandeproducts.co.uk\/pl\/nawilzajaca-baza-pod-makijaz40ml\/#primaryimage\"},\"image\":{\"@id\":\"https:\/\/tiandeproducts.co.uk\/pl\/nawilzajaca-baza-pod-makijaz40ml\/#primaryimage\"},\"thumbnailUrl\":\"https:\/\/tiandeproducts.co.uk\/wp-content\/uploads\/86004.png\",\"datePublished\":\"2019-07-17T18:11:50+00:00\",\"dateModified\":\"2021-02-12T11:04:00+00:00\",\"breadcrumb\":{\"@id\":\"https:\/\/tiandeproducts.co.uk\/pl\/nawilzajaca-baza-pod-makijaz40ml\/#breadcrumb\"},\"inLanguage\":\"pl-PL\",\"potentialAction\":[{\"@type\":\"ReadAction\",\"target\":[\"https:\/\/tiandeproducts.co.uk\/pl\/nawilzajaca-baza-pod-makijaz40ml\/\"]}]},{\"@type\":\"ImageObject\",\"inLanguage\":\"pl-PL\",\"@id\":\"https:\/\/tiandeproducts.co.uk\/pl\/nawilzajaca-baza-pod-makijaz40ml\/#primaryimage\",\"url\":\"https:\/\/tiandeproducts.co.uk\/wp-content\/uploads\/86004.png\",\"contentUrl\":\"https:\/\/tiandeproducts.co.uk\/wp-content\/uploads\/86004.png\",\"width\":700,\"height\":700},{\"@type\":\"BreadcrumbList\",\"@id\":\"https:\/\/tiandeproducts.co.uk\/pl\/nawilzajaca-baza-pod-makijaz40ml\/#breadcrumb\",\"itemListElement\":[{\"@type\":\"ListItem\",\"position\":1,\"name\":\"Home\",\"item\":\"https:\/\/tiandeproducts.co.uk\/pl\/\"},{\"@type\":\"ListItem\",\"position\":2,\"name\":\"Shop\",\"item\":\"https:\/\/tiandeproducts.co.uk\/pl\/shop-2\/\"},{\"@type\":\"ListItem\",\"position\":3,\"name\":\"Nawil\u017caj\u0105ca baza pod makija\u017c,40ml\"}]},{\"@type\":\"WebSite\",\"@id\":\"https:\/\/tiandeproducts.co.uk\/#website\",\"url\":\"https:\/\/tiandeproducts.co.uk\/\",\"name\":\"TianDe Online Shop - Beauty & Health\",\"description\":\"Traditional Chinese Medicine\",\"potentialAction\":[{\"@type\":\"SearchAction\",\"target\":{\"@type\":\"EntryPoint\",\"urlTemplate\":\"https:\/\/tiandeproducts.co.uk\/?s={search_term_string}\"},\"query-input\":{\"@type\":\"PropertyValueSpecification\",\"valueRequired\":true,\"valueName\":\"search_term_string\"}}],\"inLanguage\":\"pl-PL\"}]}<\/script>\n<!-- \/ Yoast SEO plugin. -->","yoast_head_json":{"title":"Nawil\u017caj\u0105ca baza pod makija\u017c,40ml - TianDe Online Shop - Beauty &amp; Health","robots":{"index":"index","follow":"follow","max-snippet":"max-snippet:-1","max-image-preview":"max-image-preview:large","max-video-preview":"max-video-preview:-1"},"canonical":"https:\/\/tiandeproducts.co.uk\/pl\/nawilzajaca-baza-pod-makijaz40ml\/","og_locale":"pl_PL","og_type":"article","og_title":"Nawil\u017caj\u0105ca baza pod makija\u017c,40ml - TianDe Online Shop - Beauty &amp; Health","og_description":"\u00a0Earn 20 points worth \u00a31.00 when buying this product Czy uwa\u017casz, \u017ce idealnie r\u00f3wnomierna i g\u0142adka sk\u00f3ra wyst\u0119puje tylko na \u0142amach czasopism i jest efektem Photoshopa? Nie, nie i jeszcze raz nie! Cer\u0119 jak z ok\u0142adki magazynu modowego mog\u0105 mie\u0107 teraz wszyscy, kt\u00f3rzy znaj\u0105 produkty TianDe. Nawil\u017caj\u0105ca baza pod makija\u017c Ocean Riches b\u0119dzie doskona\u0142\u0105 podstaw\u0105, [...]","og_url":"https:\/\/tiandeproducts.co.uk\/pl\/nawilzajaca-baza-pod-makijaz40ml\/","og_site_name":"TianDe Online Shop - Beauty &amp; Health","article_publisher":"https:\/\/www.facebook.com\/tiande.products.england\/","article_modified_time":"2021-02-12T11:04:00+00:00","og_image":[{"width":700,"height":700,"url":"https:\/\/tiandeproducts.co.uk\/wp-content\/uploads\/86004.png","type":"image\/png"}],"twitter_card":"summary_large_image","twitter_misc":{"Szacowany czas czytania":"1 minuta"},"schema":{"@context":"https:\/\/schema.org","@graph":[{"@type":"WebPage","@id":"https:\/\/tiandeproducts.co.uk\/pl\/nawilzajaca-baza-pod-makijaz40ml\/","url":"https:\/\/tiandeproducts.co.uk\/pl\/nawilzajaca-baza-pod-makijaz40ml\/","name":"Nawil\u017caj\u0105ca baza pod makija\u017c,40ml - TianDe Online Shop - Beauty &amp; Health","isPartOf":{"@id":"https:\/\/tiandeproducts.co.uk\/#website"},"primaryImageOfPage":{"@id":"https:\/\/tiandeproducts.co.uk\/pl\/nawilzajaca-baza-pod-makijaz40ml\/#primaryimage"},"image":{"@id":"https:\/\/tiandeproducts.co.uk\/pl\/nawilzajaca-baza-pod-makijaz40ml\/#primaryimage"},"thumbnailUrl":"https:\/\/tiandeproducts.co.uk\/wp-content\/uploads\/86004.png","datePublished":"2019-07-17T18:11:50+00:00","dateModified":"2021-02-12T11:04:00+00:00","breadcrumb":{"@id":"https:\/\/tiandeproducts.co.uk\/pl\/nawilzajaca-baza-pod-makijaz40ml\/#breadcrumb"},"inLanguage":"pl-PL","potentialAction":[{"@type":"ReadAction","target":["https:\/\/tiandeproducts.co.uk\/pl\/nawilzajaca-baza-pod-makijaz40ml\/"]}]},{"@type":"ImageObject","inLanguage":"pl-PL","@id":"https:\/\/tiandeproducts.co.uk\/pl\/nawilzajaca-baza-pod-makijaz40ml\/#primaryimage","url":"https:\/\/tiandeproducts.co.uk\/wp-content\/uploads\/86004.png","contentUrl":"https:\/\/tiandeproducts.co.uk\/wp-content\/uploads\/86004.png","width":700,"height":700},{"@type":"BreadcrumbList","@id":"https:\/\/tiandeproducts.co.uk\/pl\/nawilzajaca-baza-pod-makijaz40ml\/#breadcrumb","itemListElement":[{"@type":"ListItem","position":1,"name":"Home","item":"https:\/\/tiandeproducts.co.uk\/pl\/"},{"@type":"ListItem","position":2,"name":"Shop","item":"https:\/\/tiandeproducts.co.uk\/pl\/shop-2\/"},{"@type":"ListItem","position":3,"name":"Nawil\u017caj\u0105ca baza pod makija\u017c,40ml"}]},{"@type":"WebSite","@id":"https:\/\/tiandeproducts.co.uk\/#website","url":"https:\/\/tiandeproducts.co.uk\/","name":"TianDe Online Shop - Beauty & Health","description":"Traditional Chinese Medicine","potentialAction":[{"@type":"SearchAction","target":{"@type":"EntryPoint","urlTemplate":"https:\/\/tiandeproducts.co.uk\/?s={search_term_string}"},"query-input":{"@type":"PropertyValueSpecification","valueRequired":true,"valueName":"search_term_string"}}],"inLanguage":"pl-PL"}]}},"_links":{"self":[{"href":"https:\/\/tiandeproducts.co.uk\/pl\/wp-json\/wp\/v2\/product\/4324","targetHints":{"allow":["GET"]}}],"collection":[{"href":"https:\/\/tiandeproducts.co.uk\/pl\/wp-json\/wp\/v2\/product"}],"about":[{"href":"https:\/\/tiandeproducts.co.uk\/pl\/wp-json\/wp\/v2\/types\/product"}],"replies":[{"embeddable":true,"href":"https:\/\/tiandeproducts.co.uk\/pl\/wp-json\/wp\/v2\/comments?post=4324"}],"wp:featuredmedia":[{"embeddable":true,"href":"https:\/\/tiandeproducts.co.uk\/pl\/wp-json\/wp\/v2\/media\/3203"}],"wp:attachment":[{"href":"https:\/\/tiandeproducts.co.uk\/pl\/wp-json\/wp\/v2\/media?parent=4324"}],"wp:term":[{"taxonomy":"product_cat","embeddable":true,"href":"https:\/\/tiandeproducts.co.uk\/pl\/wp-json\/wp\/v2\/product_cat?post=4324"},{"taxonomy":"product_tag","embeddable":true,"href":"https:\/\/tiandeproducts.co.uk\/pl\/wp-json\/wp\/v2\/product_tag?post=4324"}],"curies":[{"name":"wp","href":"https:\/\/api.w.org\/{rel}","templated":true}]}}