{"id":4311,"date":"2019-07-17T21:10:20","date_gmt":"2019-07-17T20:10:20","guid":{"rendered":"https:\/\/tnd.ontesting.co.uk\/wzmacniajace-serum-do-rzes-i-brwi5ml\/"},"modified":"2021-02-05T18:45:12","modified_gmt":"2021-02-05T18:45:12","slug":"wzmacniajace-serum-do-rzes-i-brwi5ml","status":"publish","type":"product","link":"https:\/\/tiandeproducts.co.uk\/pl\/wzmacniajace-serum-do-rzes-i-brwi5ml\/","title":{"rendered":"Wzmacniaj\u0105ce serum do rz\u0119s i brwi,5ml"},"content":{"rendered":"<div class=\"description\">\n<p><img decoding=\"async\" style=\"max-width: 16px; margin-right: 5px;\" src=\"https:\/\/tiandeproducts.co.uk\/wp-content\/uploads\/points-green.svg\" \/>\u00a0Earn 21 points worth \u00a31.05 when buying this product<\/p>\n<p>Czy marzysz o d\u0142ugich g\u0119stych rz\u0119sach, ale jednocze\u015bnie chcesz wygl\u0105da\u0107 naturalnie? Nie udaje Ci si\u0119 nada\u0107 brwiom odpowiedniego kszta\u0142tu i rozwa\u017casz makija\u017c permanentny? Nie spiesz si\u0119! Przed\u0142u\u017canie rz\u0119s i makija\u017c permanentny brwi uczyni \u017cycie \u0142atwiejszym, ale nie zawsze z daleka wygl\u0105da tak, jak by\u015b sobie wyobra\u017ca\u0142a. Wzmacniaj\u0105ce serum do rz\u0119s i brwi firmy TianDe pomo\u017ce wygl\u0105da\u0107 luksusowo i naturalnie jednocze\u015bnie!<\/p>\n<p>Efektywny sk\u0142ad z kompleksem peptydowym i ekstraktami ro\u015blinnymi:<br \/>\n&#8211; odznacza si\u0119 efektem kompleksowym, przed\u0142u\u017ca faz\u0119 wzrostu w\u0142osk\u00f3w,<br \/>\n&#8211; pobudza cebulki w\u0142osowe, aktywuje wzrost rz\u0119s i brwi,<br \/>\n&#8211; wzmacnia w\u0142oski, zag\u0119szcza ich struktur\u0119.<\/p>\n<p>Dzi\u0119ki lekkiej konsystencji serum szybko si\u0119 wch\u0142ania i zaczyna natychmiast dzia\u0142a\u0107. Szczoteczka zapewnia precyzyjne nak\u0142adanie produktu na linii wzrostu rz\u0119s i pomaga skorygowa\u0107 kszta\u0142t brwi.<\/p>\n<p>Serum TianDe zapewnia naturalne, d\u0142ugie, mocne rz\u0119sy i pi\u0119kne, g\u0119ste brwi. Ciesz si\u0119 swoim naturalnym pi\u0119knem!<\/p>\n<\/div>\n<div class=\"instruction\">\n<p><strong>ZASTOSOWANIE:<\/strong><\/p>\n<p>Serum nanosi\u0107 w miejsce wzrostu rz\u0119s i brwi 1-2 razy dziennie przez 3-4 tygodnie.<\/p>\n<\/div>\n","protected":false},"excerpt":{"rendered":"<p>\u00a0Earn 21 points worth \u00a31.05 when buying this product Czy marzysz o d\u0142ugich g\u0119stych rz\u0119sach, ale jednocze\u015bnie chcesz wygl\u0105da\u0107 naturalnie? Nie udaje Ci si\u0119 nada\u0107 brwiom odpowiedniego kszta\u0142tu i rozwa\u017casz makija\u017c permanentny? Nie spiesz si\u0119! Przed\u0142u\u017canie rz\u0119s i makija\u017c permanentny brwi uczyni \u017cycie \u0142atwiejszym, ale nie zawsze z daleka wygl\u0105da tak, jak by\u015b sobie wyobra\u017ca\u0142a. [&#8230;]\n","protected":false},"featured_media":3269,"comment_status":"closed","ping_status":"closed","template":"","meta":[],"product_cat":[816,882,711,888],"product_tag":[],"class_list":{"0":"post-4311","1":"product","2":"type-product","3":"status-publish","4":"has-post-thumbnail","6":"product_cat-makijaz-pl","7":"product_cat-oczy","8":"product_cat-pro-visage-pl-2","9":"product_cat-tusz-do-rzes","11":"first","12":"outofstock","13":"shipping-taxable","14":"purchasable","15":"product-type-simple"},"yoast_head":"<!-- This site is optimized with the Yoast SEO plugin v23.6 - https:\/\/yoast.com\/wordpress\/plugins\/seo\/ -->\n<title>Wzmacniaj\u0105ce serum do rz\u0119s i brwi,5ml - TianDe Online Shop - Beauty &amp; Health<\/title>\n<meta name=\"robots\" content=\"index, follow, max-snippet:-1, max-image-preview:large, max-video-preview:-1\" \/>\n<link rel=\"canonical\" href=\"https:\/\/tiandeproducts.co.uk\/pl\/wzmacniajace-serum-do-rzes-i-brwi5ml\/\" \/>\n<meta property=\"og:locale\" content=\"pl_PL\" \/>\n<meta property=\"og:type\" content=\"article\" \/>\n<meta property=\"og:title\" content=\"Wzmacniaj\u0105ce serum do rz\u0119s i brwi,5ml - TianDe Online Shop - Beauty &amp; Health\" \/>\n<meta property=\"og:description\" content=\"\u00a0Earn 21 points worth \u00a31.05 when buying this product Czy marzysz o d\u0142ugich g\u0119stych rz\u0119sach, ale jednocze\u015bnie chcesz wygl\u0105da\u0107 naturalnie? Nie udaje Ci si\u0119 nada\u0107 brwiom odpowiedniego kszta\u0142tu i rozwa\u017casz makija\u017c permanentny? Nie spiesz si\u0119! Przed\u0142u\u017canie rz\u0119s i makija\u017c permanentny brwi uczyni \u017cycie \u0142atwiejszym, ale nie zawsze z daleka wygl\u0105da tak, jak by\u015b sobie wyobra\u017ca\u0142a. [...]\" \/>\n<meta property=\"og:url\" content=\"https:\/\/tiandeproducts.co.uk\/pl\/wzmacniajace-serum-do-rzes-i-brwi5ml\/\" \/>\n<meta property=\"og:site_name\" content=\"TianDe Online Shop - Beauty &amp; Health\" \/>\n<meta property=\"article:publisher\" content=\"https:\/\/www.facebook.com\/tiande.products.england\/\" \/>\n<meta property=\"article:modified_time\" content=\"2021-02-05T18:45:12+00:00\" \/>\n<meta property=\"og:image\" content=\"https:\/\/tiandeproducts.co.uk\/wp-content\/uploads\/80916.png\" \/>\n\t<meta property=\"og:image:width\" content=\"700\" \/>\n\t<meta property=\"og:image:height\" content=\"700\" \/>\n\t<meta property=\"og:image:type\" content=\"image\/png\" \/>\n<meta name=\"twitter:card\" content=\"summary_large_image\" \/>\n<meta name=\"twitter:label1\" content=\"Szacowany czas czytania\" \/>\n\t<meta name=\"twitter:data1\" content=\"1 minuta\" \/>\n<script type=\"application\/ld+json\" class=\"yoast-schema-graph\">{\"@context\":\"https:\/\/schema.org\",\"@graph\":[{\"@type\":\"WebPage\",\"@id\":\"https:\/\/tiandeproducts.co.uk\/pl\/wzmacniajace-serum-do-rzes-i-brwi5ml\/\",\"url\":\"https:\/\/tiandeproducts.co.uk\/pl\/wzmacniajace-serum-do-rzes-i-brwi5ml\/\",\"name\":\"Wzmacniaj\u0105ce serum do rz\u0119s i brwi,5ml - TianDe Online Shop - Beauty &amp; Health\",\"isPartOf\":{\"@id\":\"https:\/\/tiandeproducts.co.uk\/#website\"},\"primaryImageOfPage\":{\"@id\":\"https:\/\/tiandeproducts.co.uk\/pl\/wzmacniajace-serum-do-rzes-i-brwi5ml\/#primaryimage\"},\"image\":{\"@id\":\"https:\/\/tiandeproducts.co.uk\/pl\/wzmacniajace-serum-do-rzes-i-brwi5ml\/#primaryimage\"},\"thumbnailUrl\":\"https:\/\/tiandeproducts.co.uk\/wp-content\/uploads\/80916.png\",\"datePublished\":\"2019-07-17T20:10:20+00:00\",\"dateModified\":\"2021-02-05T18:45:12+00:00\",\"breadcrumb\":{\"@id\":\"https:\/\/tiandeproducts.co.uk\/pl\/wzmacniajace-serum-do-rzes-i-brwi5ml\/#breadcrumb\"},\"inLanguage\":\"pl-PL\",\"potentialAction\":[{\"@type\":\"ReadAction\",\"target\":[\"https:\/\/tiandeproducts.co.uk\/pl\/wzmacniajace-serum-do-rzes-i-brwi5ml\/\"]}]},{\"@type\":\"ImageObject\",\"inLanguage\":\"pl-PL\",\"@id\":\"https:\/\/tiandeproducts.co.uk\/pl\/wzmacniajace-serum-do-rzes-i-brwi5ml\/#primaryimage\",\"url\":\"https:\/\/tiandeproducts.co.uk\/wp-content\/uploads\/80916.png\",\"contentUrl\":\"https:\/\/tiandeproducts.co.uk\/wp-content\/uploads\/80916.png\",\"width\":700,\"height\":700},{\"@type\":\"BreadcrumbList\",\"@id\":\"https:\/\/tiandeproducts.co.uk\/pl\/wzmacniajace-serum-do-rzes-i-brwi5ml\/#breadcrumb\",\"itemListElement\":[{\"@type\":\"ListItem\",\"position\":1,\"name\":\"Home\",\"item\":\"https:\/\/tiandeproducts.co.uk\/pl\/\"},{\"@type\":\"ListItem\",\"position\":2,\"name\":\"Shop\",\"item\":\"https:\/\/tiandeproducts.co.uk\/pl\/shop-2\/\"},{\"@type\":\"ListItem\",\"position\":3,\"name\":\"Wzmacniaj\u0105ce serum do rz\u0119s i brwi,5ml\"}]},{\"@type\":\"WebSite\",\"@id\":\"https:\/\/tiandeproducts.co.uk\/#website\",\"url\":\"https:\/\/tiandeproducts.co.uk\/\",\"name\":\"TianDe Online Shop - Beauty & Health\",\"description\":\"Traditional Chinese Medicine\",\"potentialAction\":[{\"@type\":\"SearchAction\",\"target\":{\"@type\":\"EntryPoint\",\"urlTemplate\":\"https:\/\/tiandeproducts.co.uk\/?s={search_term_string}\"},\"query-input\":{\"@type\":\"PropertyValueSpecification\",\"valueRequired\":true,\"valueName\":\"search_term_string\"}}],\"inLanguage\":\"pl-PL\"}]}<\/script>\n<!-- \/ Yoast SEO plugin. -->","yoast_head_json":{"title":"Wzmacniaj\u0105ce serum do rz\u0119s i brwi,5ml - TianDe Online Shop - Beauty &amp; Health","robots":{"index":"index","follow":"follow","max-snippet":"max-snippet:-1","max-image-preview":"max-image-preview:large","max-video-preview":"max-video-preview:-1"},"canonical":"https:\/\/tiandeproducts.co.uk\/pl\/wzmacniajace-serum-do-rzes-i-brwi5ml\/","og_locale":"pl_PL","og_type":"article","og_title":"Wzmacniaj\u0105ce serum do rz\u0119s i brwi,5ml - TianDe Online Shop - Beauty &amp; Health","og_description":"\u00a0Earn 21 points worth \u00a31.05 when buying this product Czy marzysz o d\u0142ugich g\u0119stych rz\u0119sach, ale jednocze\u015bnie chcesz wygl\u0105da\u0107 naturalnie? Nie udaje Ci si\u0119 nada\u0107 brwiom odpowiedniego kszta\u0142tu i rozwa\u017casz makija\u017c permanentny? Nie spiesz si\u0119! Przed\u0142u\u017canie rz\u0119s i makija\u017c permanentny brwi uczyni \u017cycie \u0142atwiejszym, ale nie zawsze z daleka wygl\u0105da tak, jak by\u015b sobie wyobra\u017ca\u0142a. [...]","og_url":"https:\/\/tiandeproducts.co.uk\/pl\/wzmacniajace-serum-do-rzes-i-brwi5ml\/","og_site_name":"TianDe Online Shop - Beauty &amp; Health","article_publisher":"https:\/\/www.facebook.com\/tiande.products.england\/","article_modified_time":"2021-02-05T18:45:12+00:00","og_image":[{"width":700,"height":700,"url":"https:\/\/tiandeproducts.co.uk\/wp-content\/uploads\/80916.png","type":"image\/png"}],"twitter_card":"summary_large_image","twitter_misc":{"Szacowany czas czytania":"1 minuta"},"schema":{"@context":"https:\/\/schema.org","@graph":[{"@type":"WebPage","@id":"https:\/\/tiandeproducts.co.uk\/pl\/wzmacniajace-serum-do-rzes-i-brwi5ml\/","url":"https:\/\/tiandeproducts.co.uk\/pl\/wzmacniajace-serum-do-rzes-i-brwi5ml\/","name":"Wzmacniaj\u0105ce serum do rz\u0119s i brwi,5ml - TianDe Online Shop - Beauty &amp; Health","isPartOf":{"@id":"https:\/\/tiandeproducts.co.uk\/#website"},"primaryImageOfPage":{"@id":"https:\/\/tiandeproducts.co.uk\/pl\/wzmacniajace-serum-do-rzes-i-brwi5ml\/#primaryimage"},"image":{"@id":"https:\/\/tiandeproducts.co.uk\/pl\/wzmacniajace-serum-do-rzes-i-brwi5ml\/#primaryimage"},"thumbnailUrl":"https:\/\/tiandeproducts.co.uk\/wp-content\/uploads\/80916.png","datePublished":"2019-07-17T20:10:20+00:00","dateModified":"2021-02-05T18:45:12+00:00","breadcrumb":{"@id":"https:\/\/tiandeproducts.co.uk\/pl\/wzmacniajace-serum-do-rzes-i-brwi5ml\/#breadcrumb"},"inLanguage":"pl-PL","potentialAction":[{"@type":"ReadAction","target":["https:\/\/tiandeproducts.co.uk\/pl\/wzmacniajace-serum-do-rzes-i-brwi5ml\/"]}]},{"@type":"ImageObject","inLanguage":"pl-PL","@id":"https:\/\/tiandeproducts.co.uk\/pl\/wzmacniajace-serum-do-rzes-i-brwi5ml\/#primaryimage","url":"https:\/\/tiandeproducts.co.uk\/wp-content\/uploads\/80916.png","contentUrl":"https:\/\/tiandeproducts.co.uk\/wp-content\/uploads\/80916.png","width":700,"height":700},{"@type":"BreadcrumbList","@id":"https:\/\/tiandeproducts.co.uk\/pl\/wzmacniajace-serum-do-rzes-i-brwi5ml\/#breadcrumb","itemListElement":[{"@type":"ListItem","position":1,"name":"Home","item":"https:\/\/tiandeproducts.co.uk\/pl\/"},{"@type":"ListItem","position":2,"name":"Shop","item":"https:\/\/tiandeproducts.co.uk\/pl\/shop-2\/"},{"@type":"ListItem","position":3,"name":"Wzmacniaj\u0105ce serum do rz\u0119s i brwi,5ml"}]},{"@type":"WebSite","@id":"https:\/\/tiandeproducts.co.uk\/#website","url":"https:\/\/tiandeproducts.co.uk\/","name":"TianDe Online Shop - Beauty & Health","description":"Traditional Chinese Medicine","potentialAction":[{"@type":"SearchAction","target":{"@type":"EntryPoint","urlTemplate":"https:\/\/tiandeproducts.co.uk\/?s={search_term_string}"},"query-input":{"@type":"PropertyValueSpecification","valueRequired":true,"valueName":"search_term_string"}}],"inLanguage":"pl-PL"}]}},"_links":{"self":[{"href":"https:\/\/tiandeproducts.co.uk\/pl\/wp-json\/wp\/v2\/product\/4311","targetHints":{"allow":["GET"]}}],"collection":[{"href":"https:\/\/tiandeproducts.co.uk\/pl\/wp-json\/wp\/v2\/product"}],"about":[{"href":"https:\/\/tiandeproducts.co.uk\/pl\/wp-json\/wp\/v2\/types\/product"}],"replies":[{"embeddable":true,"href":"https:\/\/tiandeproducts.co.uk\/pl\/wp-json\/wp\/v2\/comments?post=4311"}],"wp:featuredmedia":[{"embeddable":true,"href":"https:\/\/tiandeproducts.co.uk\/pl\/wp-json\/wp\/v2\/media\/3269"}],"wp:attachment":[{"href":"https:\/\/tiandeproducts.co.uk\/pl\/wp-json\/wp\/v2\/media?parent=4311"}],"wp:term":[{"taxonomy":"product_cat","embeddable":true,"href":"https:\/\/tiandeproducts.co.uk\/pl\/wp-json\/wp\/v2\/product_cat?post=4311"},{"taxonomy":"product_tag","embeddable":true,"href":"https:\/\/tiandeproducts.co.uk\/pl\/wp-json\/wp\/v2\/product_tag?post=4311"}],"curies":[{"name":"wp","href":"https:\/\/api.w.org\/{rel}","templated":true}]}}