{"id":4250,"date":"2019-08-19T20:30:39","date_gmt":"2019-08-19T19:30:39","guid":{"rendered":"https:\/\/tnd.ontesting.co.uk\/lagodzaca-oczyszczajaca-pianka-do-twarzy160ml\/"},"modified":"2021-04-09T15:02:53","modified_gmt":"2021-04-09T14:02:53","slug":"lagodzaca-oczyszczajaca-pianka-do-twarzy160ml","status":"publish","type":"product","link":"https:\/\/tiandeproducts.co.uk\/pl\/lagodzaca-oczyszczajaca-pianka-do-twarzy160ml\/","title":{"rendered":"\u0141agodz\u0105ca oczyszczaj\u0105ca pianka do twarzy,160ml"},"content":{"rendered":"<div class=\"description\">\n<p><img decoding=\"async\" style=\"max-width: 16px; margin-right: 5px;\" src=\"https:\/\/tiandeproducts.co.uk\/wp-content\/uploads\/points-green.svg\" \/>\u00a0Earn 23 points worth \u00a31.15 when buying this product<\/p>\n<p>Seria Vita Derm s\u0142u\u017cy jako prawdziwa fitoos\u0142ona dla sk\u00f3ry naturalnie wra\u017cliwej lub kt\u00f3ra sta\u0142a si\u0119 nadwra\u017cliwa w obecnych warunkach miejskich.<\/p>\n<p>Pierwszy krok piel\u0119gnacja \u2013 czyszczenie \u2013 musi by\u0107 naprawd\u0119 delikatne. Sk\u00f3ra jest cz\u0119sto nadwra\u017cliwa, zw\u0142aszcza z powodu niew\u0142a\u015bciwego mycia. \u0141agodz\u0105ca pianka Vita Derm przenosi czyszczenie na nowy poziom. Pianka:<br \/>\n&#8211; bardzo delikatnie czy\u015bci ka\u017cdy rodzaj sk\u00f3ry i wspiera jej barier\u0119 ochronn\u0105<br \/>\n&#8211; nie powoduje \u015bci\u0105gni\u0119cia<br \/>\n&#8211; zapewnia przyjemne odczucie delikatnej sk\u00f3ry<\/p>\n<p>Wa\u017cne: pianka jest odpowiednia dla wszystkich typ\u00f3w sk\u00f3ry<\/p>\n<p>Pianka zawiera skuteczne kompleksy regeneruj\u0105ce i \u0142agodz\u0105ce + beta glukan, pantenol i hialuronian sodu.<\/p>\n<p>Zastosowanie produktu to prawdziwa przyjemno\u015b\u0107: dzi\u0119ki praktycznemu dozownikowi otrzymasz powietrzn\u0105 chmurk\u0119 delikatnej pianki. Bonus stanowi ekonomiczna oszcz\u0119dno\u015b\u0107.<\/p>\n<p>Nie zawiera paraben\u00f3w ani barwnik\u00f3w!<\/p>\n<\/div>\n<div class=\"instruction\">\n<p><strong>ZASTOSOWANIE:<\/strong><\/p>\n<p>Piank\u0119 delikatnie nanie\u015b\u0107 na wilgotn\u0105 sk\u00f3r\u0119 i lekkimi ruchami wmasowa\u0107. Sp\u0142uka\u0107 ciep\u0105 wod\u0105. Stosowa\u0107 rano i wieczorem.<\/p>\n<\/div>\n","protected":false},"excerpt":{"rendered":"<p>\u00a0Earn 23 points worth \u00a31.15 when buying this product Seria Vita Derm s\u0142u\u017cy jako prawdziwa fitoos\u0142ona dla sk\u00f3ry naturalnie wra\u017cliwej lub kt\u00f3ra sta\u0142a si\u0119 nadwra\u017cliwa w obecnych warunkach miejskich. Pierwszy krok piel\u0119gnacja \u2013 czyszczenie \u2013 musi by\u0107 naprawd\u0119 delikatne. Sk\u00f3ra jest cz\u0119sto nadwra\u017cliwa, zw\u0142aszcza z powodu niew\u0142a\u015bciwego mycia. \u0141agodz\u0105ca pianka Vita Derm przenosi czyszczenie na [&#8230;]\n","protected":false},"featured_media":4246,"comment_status":"open","ping_status":"closed","template":"","meta":[],"product_cat":[746,877,874,1322],"product_tag":[],"class_list":{"0":"post-4250","1":"product","2":"type-product","3":"status-publish","4":"has-post-thumbnail","6":"product_cat-do-twarzy","7":"product_cat-mycie-twarzy-i-peelingi","8":"product_cat-opieki-dla-skory-wrazliwej","9":"product_cat-vita-derm-pl","11":"first","12":"instock","13":"shipping-taxable","14":"purchasable","15":"product-type-simple"},"yoast_head":"<!-- This site is optimized with the Yoast SEO plugin v23.6 - https:\/\/yoast.com\/wordpress\/plugins\/seo\/ -->\n<title>\u0141agodz\u0105ca oczyszczaj\u0105ca pianka do twarzy,160ml - TianDe Online Shop - Beauty &amp; Health<\/title>\n<meta name=\"robots\" content=\"index, follow, max-snippet:-1, max-image-preview:large, max-video-preview:-1\" \/>\n<link rel=\"canonical\" href=\"https:\/\/tiandeproducts.co.uk\/pl\/lagodzaca-oczyszczajaca-pianka-do-twarzy160ml\/\" \/>\n<meta property=\"og:locale\" content=\"pl_PL\" \/>\n<meta property=\"og:type\" content=\"article\" \/>\n<meta property=\"og:title\" content=\"\u0141agodz\u0105ca oczyszczaj\u0105ca pianka do twarzy,160ml - TianDe Online Shop - Beauty &amp; Health\" \/>\n<meta property=\"og:description\" content=\"\u00a0Earn 23 points worth \u00a31.15 when buying this product Seria Vita Derm s\u0142u\u017cy jako prawdziwa fitoos\u0142ona dla sk\u00f3ry naturalnie wra\u017cliwej lub kt\u00f3ra sta\u0142a si\u0119 nadwra\u017cliwa w obecnych warunkach miejskich. Pierwszy krok piel\u0119gnacja \u2013 czyszczenie \u2013 musi by\u0107 naprawd\u0119 delikatne. Sk\u00f3ra jest cz\u0119sto nadwra\u017cliwa, zw\u0142aszcza z powodu niew\u0142a\u015bciwego mycia. \u0141agodz\u0105ca pianka Vita Derm przenosi czyszczenie na [...]\" \/>\n<meta property=\"og:url\" content=\"https:\/\/tiandeproducts.co.uk\/pl\/lagodzaca-oczyszczajaca-pianka-do-twarzy160ml\/\" \/>\n<meta property=\"og:site_name\" content=\"TianDe Online Shop - Beauty &amp; Health\" \/>\n<meta property=\"article:publisher\" content=\"https:\/\/www.facebook.com\/tiande.products.england\/\" \/>\n<meta property=\"article:modified_time\" content=\"2021-04-09T14:02:53+00:00\" \/>\n<meta property=\"og:image\" content=\"https:\/\/tiandeproducts.co.uk\/wp-content\/uploads\/16304.png\" \/>\n\t<meta property=\"og:image:width\" content=\"700\" \/>\n\t<meta property=\"og:image:height\" content=\"700\" \/>\n\t<meta property=\"og:image:type\" content=\"image\/png\" \/>\n<meta name=\"twitter:card\" content=\"summary_large_image\" \/>\n<meta name=\"twitter:label1\" content=\"Szacowany czas czytania\" \/>\n\t<meta name=\"twitter:data1\" content=\"1 minuta\" \/>\n<script type=\"application\/ld+json\" class=\"yoast-schema-graph\">{\"@context\":\"https:\/\/schema.org\",\"@graph\":[{\"@type\":\"WebPage\",\"@id\":\"https:\/\/tiandeproducts.co.uk\/pl\/lagodzaca-oczyszczajaca-pianka-do-twarzy160ml\/\",\"url\":\"https:\/\/tiandeproducts.co.uk\/pl\/lagodzaca-oczyszczajaca-pianka-do-twarzy160ml\/\",\"name\":\"\u0141agodz\u0105ca oczyszczaj\u0105ca pianka do twarzy,160ml - TianDe Online Shop - Beauty &amp; Health\",\"isPartOf\":{\"@id\":\"https:\/\/tiandeproducts.co.uk\/#website\"},\"primaryImageOfPage\":{\"@id\":\"https:\/\/tiandeproducts.co.uk\/pl\/lagodzaca-oczyszczajaca-pianka-do-twarzy160ml\/#primaryimage\"},\"image\":{\"@id\":\"https:\/\/tiandeproducts.co.uk\/pl\/lagodzaca-oczyszczajaca-pianka-do-twarzy160ml\/#primaryimage\"},\"thumbnailUrl\":\"https:\/\/tiandeproducts.co.uk\/wp-content\/uploads\/16304.png\",\"datePublished\":\"2019-08-19T19:30:39+00:00\",\"dateModified\":\"2021-04-09T14:02:53+00:00\",\"breadcrumb\":{\"@id\":\"https:\/\/tiandeproducts.co.uk\/pl\/lagodzaca-oczyszczajaca-pianka-do-twarzy160ml\/#breadcrumb\"},\"inLanguage\":\"pl-PL\",\"potentialAction\":[{\"@type\":\"ReadAction\",\"target\":[\"https:\/\/tiandeproducts.co.uk\/pl\/lagodzaca-oczyszczajaca-pianka-do-twarzy160ml\/\"]}]},{\"@type\":\"ImageObject\",\"inLanguage\":\"pl-PL\",\"@id\":\"https:\/\/tiandeproducts.co.uk\/pl\/lagodzaca-oczyszczajaca-pianka-do-twarzy160ml\/#primaryimage\",\"url\":\"https:\/\/tiandeproducts.co.uk\/wp-content\/uploads\/16304.png\",\"contentUrl\":\"https:\/\/tiandeproducts.co.uk\/wp-content\/uploads\/16304.png\",\"width\":700,\"height\":700},{\"@type\":\"BreadcrumbList\",\"@id\":\"https:\/\/tiandeproducts.co.uk\/pl\/lagodzaca-oczyszczajaca-pianka-do-twarzy160ml\/#breadcrumb\",\"itemListElement\":[{\"@type\":\"ListItem\",\"position\":1,\"name\":\"Home\",\"item\":\"https:\/\/tiandeproducts.co.uk\/pl\/\"},{\"@type\":\"ListItem\",\"position\":2,\"name\":\"Shop\",\"item\":\"https:\/\/tiandeproducts.co.uk\/pl\/shop-2\/\"},{\"@type\":\"ListItem\",\"position\":3,\"name\":\"\u0141agodz\u0105ca oczyszczaj\u0105ca pianka do twarzy,160ml\"}]},{\"@type\":\"WebSite\",\"@id\":\"https:\/\/tiandeproducts.co.uk\/#website\",\"url\":\"https:\/\/tiandeproducts.co.uk\/\",\"name\":\"TianDe Online Shop - Beauty & Health\",\"description\":\"Traditional Chinese Medicine\",\"potentialAction\":[{\"@type\":\"SearchAction\",\"target\":{\"@type\":\"EntryPoint\",\"urlTemplate\":\"https:\/\/tiandeproducts.co.uk\/?s={search_term_string}\"},\"query-input\":{\"@type\":\"PropertyValueSpecification\",\"valueRequired\":true,\"valueName\":\"search_term_string\"}}],\"inLanguage\":\"pl-PL\"}]}<\/script>\n<!-- \/ Yoast SEO plugin. -->","yoast_head_json":{"title":"\u0141agodz\u0105ca oczyszczaj\u0105ca pianka do twarzy,160ml - TianDe Online Shop - Beauty &amp; Health","robots":{"index":"index","follow":"follow","max-snippet":"max-snippet:-1","max-image-preview":"max-image-preview:large","max-video-preview":"max-video-preview:-1"},"canonical":"https:\/\/tiandeproducts.co.uk\/pl\/lagodzaca-oczyszczajaca-pianka-do-twarzy160ml\/","og_locale":"pl_PL","og_type":"article","og_title":"\u0141agodz\u0105ca oczyszczaj\u0105ca pianka do twarzy,160ml - TianDe Online Shop - Beauty &amp; Health","og_description":"\u00a0Earn 23 points worth \u00a31.15 when buying this product Seria Vita Derm s\u0142u\u017cy jako prawdziwa fitoos\u0142ona dla sk\u00f3ry naturalnie wra\u017cliwej lub kt\u00f3ra sta\u0142a si\u0119 nadwra\u017cliwa w obecnych warunkach miejskich. Pierwszy krok piel\u0119gnacja \u2013 czyszczenie \u2013 musi by\u0107 naprawd\u0119 delikatne. Sk\u00f3ra jest cz\u0119sto nadwra\u017cliwa, zw\u0142aszcza z powodu niew\u0142a\u015bciwego mycia. \u0141agodz\u0105ca pianka Vita Derm przenosi czyszczenie na [...]","og_url":"https:\/\/tiandeproducts.co.uk\/pl\/lagodzaca-oczyszczajaca-pianka-do-twarzy160ml\/","og_site_name":"TianDe Online Shop - Beauty &amp; Health","article_publisher":"https:\/\/www.facebook.com\/tiande.products.england\/","article_modified_time":"2021-04-09T14:02:53+00:00","og_image":[{"width":700,"height":700,"url":"https:\/\/tiandeproducts.co.uk\/wp-content\/uploads\/16304.png","type":"image\/png"}],"twitter_card":"summary_large_image","twitter_misc":{"Szacowany czas czytania":"1 minuta"},"schema":{"@context":"https:\/\/schema.org","@graph":[{"@type":"WebPage","@id":"https:\/\/tiandeproducts.co.uk\/pl\/lagodzaca-oczyszczajaca-pianka-do-twarzy160ml\/","url":"https:\/\/tiandeproducts.co.uk\/pl\/lagodzaca-oczyszczajaca-pianka-do-twarzy160ml\/","name":"\u0141agodz\u0105ca oczyszczaj\u0105ca pianka do twarzy,160ml - TianDe Online Shop - Beauty &amp; Health","isPartOf":{"@id":"https:\/\/tiandeproducts.co.uk\/#website"},"primaryImageOfPage":{"@id":"https:\/\/tiandeproducts.co.uk\/pl\/lagodzaca-oczyszczajaca-pianka-do-twarzy160ml\/#primaryimage"},"image":{"@id":"https:\/\/tiandeproducts.co.uk\/pl\/lagodzaca-oczyszczajaca-pianka-do-twarzy160ml\/#primaryimage"},"thumbnailUrl":"https:\/\/tiandeproducts.co.uk\/wp-content\/uploads\/16304.png","datePublished":"2019-08-19T19:30:39+00:00","dateModified":"2021-04-09T14:02:53+00:00","breadcrumb":{"@id":"https:\/\/tiandeproducts.co.uk\/pl\/lagodzaca-oczyszczajaca-pianka-do-twarzy160ml\/#breadcrumb"},"inLanguage":"pl-PL","potentialAction":[{"@type":"ReadAction","target":["https:\/\/tiandeproducts.co.uk\/pl\/lagodzaca-oczyszczajaca-pianka-do-twarzy160ml\/"]}]},{"@type":"ImageObject","inLanguage":"pl-PL","@id":"https:\/\/tiandeproducts.co.uk\/pl\/lagodzaca-oczyszczajaca-pianka-do-twarzy160ml\/#primaryimage","url":"https:\/\/tiandeproducts.co.uk\/wp-content\/uploads\/16304.png","contentUrl":"https:\/\/tiandeproducts.co.uk\/wp-content\/uploads\/16304.png","width":700,"height":700},{"@type":"BreadcrumbList","@id":"https:\/\/tiandeproducts.co.uk\/pl\/lagodzaca-oczyszczajaca-pianka-do-twarzy160ml\/#breadcrumb","itemListElement":[{"@type":"ListItem","position":1,"name":"Home","item":"https:\/\/tiandeproducts.co.uk\/pl\/"},{"@type":"ListItem","position":2,"name":"Shop","item":"https:\/\/tiandeproducts.co.uk\/pl\/shop-2\/"},{"@type":"ListItem","position":3,"name":"\u0141agodz\u0105ca oczyszczaj\u0105ca pianka do twarzy,160ml"}]},{"@type":"WebSite","@id":"https:\/\/tiandeproducts.co.uk\/#website","url":"https:\/\/tiandeproducts.co.uk\/","name":"TianDe Online Shop - Beauty & Health","description":"Traditional Chinese Medicine","potentialAction":[{"@type":"SearchAction","target":{"@type":"EntryPoint","urlTemplate":"https:\/\/tiandeproducts.co.uk\/?s={search_term_string}"},"query-input":{"@type":"PropertyValueSpecification","valueRequired":true,"valueName":"search_term_string"}}],"inLanguage":"pl-PL"}]}},"_links":{"self":[{"href":"https:\/\/tiandeproducts.co.uk\/pl\/wp-json\/wp\/v2\/product\/4250","targetHints":{"allow":["GET"]}}],"collection":[{"href":"https:\/\/tiandeproducts.co.uk\/pl\/wp-json\/wp\/v2\/product"}],"about":[{"href":"https:\/\/tiandeproducts.co.uk\/pl\/wp-json\/wp\/v2\/types\/product"}],"replies":[{"embeddable":true,"href":"https:\/\/tiandeproducts.co.uk\/pl\/wp-json\/wp\/v2\/comments?post=4250"}],"wp:featuredmedia":[{"embeddable":true,"href":"https:\/\/tiandeproducts.co.uk\/pl\/wp-json\/wp\/v2\/media\/4246"}],"wp:attachment":[{"href":"https:\/\/tiandeproducts.co.uk\/pl\/wp-json\/wp\/v2\/media?parent=4250"}],"wp:term":[{"taxonomy":"product_cat","embeddable":true,"href":"https:\/\/tiandeproducts.co.uk\/pl\/wp-json\/wp\/v2\/product_cat?post=4250"},{"taxonomy":"product_tag","embeddable":true,"href":"https:\/\/tiandeproducts.co.uk\/pl\/wp-json\/wp\/v2\/product_tag?post=4250"}],"curies":[{"name":"wp","href":"https:\/\/api.w.org\/{rel}","templated":true}]}}