{"id":4226,"date":"2019-08-19T19:59:20","date_gmt":"2019-08-19T18:59:20","guid":{"rendered":"https:\/\/tnd.ontesting.co.uk\/lagodzacy-krem-ochronny-do-twarzy50g\/"},"modified":"2022-09-14T16:49:08","modified_gmt":"2022-09-14T15:49:08","slug":"lagodzacy-krem-ochronny-do-twarzy50g","status":"publish","type":"product","link":"https:\/\/tiandeproducts.co.uk\/pl\/lagodzacy-krem-ochronny-do-twarzy50g\/","title":{"rendered":"\u0141agodz\u0105cy krem ochronny do twarzy,50g"},"content":{"rendered":"<div class=\"description\">\n<p><img decoding=\"async\" style=\"max-width: 16px; margin-right: 5px;\" src=\"https:\/\/tiandeproducts.co.uk\/wp-content\/uploads\/points-green.svg\" \/>\u00a0Earn 20 points worth \u00a31.00 when buying this product<\/p>\n<p>Seria Vita Derm s\u0142u\u017cy jako prawdziwa fitoos\u0142ona dla sk\u00f3ry naturalnie wra\u017cliwej lub kt\u00f3ra sta\u0142a si\u0119 nadwra\u017cliwa w obecnych warunkach miejskich.<\/p>\n<p>\u0141agodz\u0105cy krem ochronny do sk\u00f3ry skutecznie piel\u0119gnuje sk\u00f3r\u0119 i chroni j\u0105 przed negatywnymi skutkami otaczaj\u0105cego \u015brodowiska. Krem:<br \/>\n&#8211; przywraca naturaln\u0105 funkcj\u0119 ochronn\u0105 sk\u00f3ry;<br \/>\n&#8211; wzmacnia barier\u0119 lipidow\u0105 i intensywnie nawil\u017ca;<br \/>\n&#8211; wyg\u0142adza zmarszczki mimiczne;<br \/>\n&#8211; przywraca sk\u00f3rze spr\u0119\u017cysto\u015b\u0107 i elastyczno\u015b\u0107.<\/p>\n<p>Preparat zawiera skuteczne kompleksy regeneruj\u0105ce i \u0142agodz\u0105ce + beta glukan, pantenol i hialuronian sodu. Nie zawiera paraben\u00f3w ani barwnik\u00f3w!<\/p>\n<\/div>\n<div class=\"instruction\">\n<p><strong>ZASTOSOWANIE:<\/strong><\/p>\n<p>Delikatnymi okr\u0119\u017cnymi ruchami nanie\u015b\u0107 niewielk\u0105 ilo\u015b\u0107 preparatu na wcze\u015bniej oczyszczon\u0105 sk\u00f3r\u0119 twarzy i szyi, omijaj\u0105c okolice oczu. W celu osi\u0105gni\u0119cia lepszego efektu stosowa\u0107 rano i wieczorem.<\/p>\n<\/div>\n","protected":false},"excerpt":{"rendered":"<p>\u00a0Earn 20 points worth \u00a31.00 when buying this product Seria Vita Derm s\u0142u\u017cy jako prawdziwa fitoos\u0142ona dla sk\u00f3ry naturalnie wra\u017cliwej lub kt\u00f3ra sta\u0142a si\u0119 nadwra\u017cliwa w obecnych warunkach miejskich. \u0141agodz\u0105cy krem ochronny do sk\u00f3ry skutecznie piel\u0119gnuje sk\u00f3r\u0119 i chroni j\u0105 przed negatywnymi skutkami otaczaj\u0105cego \u015brodowiska. Krem: &#8211; przywraca naturaln\u0105 funkcj\u0119 ochronn\u0105 sk\u00f3ry; &#8211; wzmacnia barier\u0119 [&#8230;]\n","protected":false},"featured_media":4222,"comment_status":"open","ping_status":"closed","template":"","meta":[],"product_cat":[746,864,754,750,874,1322],"product_tag":[],"class_list":{"0":"post-4226","1":"product","2":"type-product","3":"status-publish","4":"has-post-thumbnail","6":"product_cat-do-twarzy","7":"product_cat-jedrnosc-i-elastycznosc","8":"product_cat-nawilzajacy","9":"product_cat-odwodniona-skora","10":"product_cat-opieki-dla-skory-wrazliwej","11":"product_cat-vita-derm-pl","13":"first","14":"instock","15":"shipping-taxable","16":"purchasable","17":"product-type-simple"},"yoast_head":"<!-- This site is optimized with the Yoast SEO plugin v23.6 - https:\/\/yoast.com\/wordpress\/plugins\/seo\/ -->\n<title>\u0141agodz\u0105cy krem ochronny do twarzy,50g - TianDe Online Shop - Beauty &amp; Health<\/title>\n<meta name=\"robots\" content=\"index, follow, max-snippet:-1, max-image-preview:large, max-video-preview:-1\" \/>\n<link rel=\"canonical\" href=\"https:\/\/tiandeproducts.co.uk\/pl\/lagodzacy-krem-ochronny-do-twarzy50g\/\" \/>\n<meta property=\"og:locale\" content=\"pl_PL\" \/>\n<meta property=\"og:type\" content=\"article\" \/>\n<meta property=\"og:title\" content=\"\u0141agodz\u0105cy krem ochronny do twarzy,50g - TianDe Online Shop - Beauty &amp; Health\" \/>\n<meta property=\"og:description\" content=\"\u00a0Earn 20 points worth \u00a31.00 when buying this product Seria Vita Derm s\u0142u\u017cy jako prawdziwa fitoos\u0142ona dla sk\u00f3ry naturalnie wra\u017cliwej lub kt\u00f3ra sta\u0142a si\u0119 nadwra\u017cliwa w obecnych warunkach miejskich. \u0141agodz\u0105cy krem ochronny do sk\u00f3ry skutecznie piel\u0119gnuje sk\u00f3r\u0119 i chroni j\u0105 przed negatywnymi skutkami otaczaj\u0105cego \u015brodowiska. Krem: &#8211; przywraca naturaln\u0105 funkcj\u0119 ochronn\u0105 sk\u00f3ry; &#8211; wzmacnia barier\u0119 [...]\" \/>\n<meta property=\"og:url\" content=\"https:\/\/tiandeproducts.co.uk\/pl\/lagodzacy-krem-ochronny-do-twarzy50g\/\" \/>\n<meta property=\"og:site_name\" content=\"TianDe Online Shop - Beauty &amp; Health\" \/>\n<meta property=\"article:publisher\" content=\"https:\/\/www.facebook.com\/tiande.products.england\/\" \/>\n<meta property=\"article:modified_time\" content=\"2022-09-14T15:49:08+00:00\" \/>\n<meta property=\"og:image\" content=\"https:\/\/tiandeproducts.co.uk\/wp-content\/uploads\/16301.png\" \/>\n\t<meta property=\"og:image:width\" content=\"700\" \/>\n\t<meta property=\"og:image:height\" content=\"700\" \/>\n\t<meta property=\"og:image:type\" content=\"image\/png\" \/>\n<meta name=\"twitter:card\" content=\"summary_large_image\" \/>\n<meta name=\"twitter:label1\" content=\"Szacowany czas czytania\" \/>\n\t<meta name=\"twitter:data1\" content=\"1 minuta\" \/>\n<script type=\"application\/ld+json\" class=\"yoast-schema-graph\">{\"@context\":\"https:\/\/schema.org\",\"@graph\":[{\"@type\":\"WebPage\",\"@id\":\"https:\/\/tiandeproducts.co.uk\/pl\/lagodzacy-krem-ochronny-do-twarzy50g\/\",\"url\":\"https:\/\/tiandeproducts.co.uk\/pl\/lagodzacy-krem-ochronny-do-twarzy50g\/\",\"name\":\"\u0141agodz\u0105cy krem ochronny do twarzy,50g - TianDe Online Shop - Beauty &amp; Health\",\"isPartOf\":{\"@id\":\"https:\/\/tiandeproducts.co.uk\/#website\"},\"primaryImageOfPage\":{\"@id\":\"https:\/\/tiandeproducts.co.uk\/pl\/lagodzacy-krem-ochronny-do-twarzy50g\/#primaryimage\"},\"image\":{\"@id\":\"https:\/\/tiandeproducts.co.uk\/pl\/lagodzacy-krem-ochronny-do-twarzy50g\/#primaryimage\"},\"thumbnailUrl\":\"https:\/\/tiandeproducts.co.uk\/wp-content\/uploads\/16301.png\",\"datePublished\":\"2019-08-19T18:59:20+00:00\",\"dateModified\":\"2022-09-14T15:49:08+00:00\",\"breadcrumb\":{\"@id\":\"https:\/\/tiandeproducts.co.uk\/pl\/lagodzacy-krem-ochronny-do-twarzy50g\/#breadcrumb\"},\"inLanguage\":\"pl-PL\",\"potentialAction\":[{\"@type\":\"ReadAction\",\"target\":[\"https:\/\/tiandeproducts.co.uk\/pl\/lagodzacy-krem-ochronny-do-twarzy50g\/\"]}]},{\"@type\":\"ImageObject\",\"inLanguage\":\"pl-PL\",\"@id\":\"https:\/\/tiandeproducts.co.uk\/pl\/lagodzacy-krem-ochronny-do-twarzy50g\/#primaryimage\",\"url\":\"https:\/\/tiandeproducts.co.uk\/wp-content\/uploads\/16301.png\",\"contentUrl\":\"https:\/\/tiandeproducts.co.uk\/wp-content\/uploads\/16301.png\",\"width\":700,\"height\":700},{\"@type\":\"BreadcrumbList\",\"@id\":\"https:\/\/tiandeproducts.co.uk\/pl\/lagodzacy-krem-ochronny-do-twarzy50g\/#breadcrumb\",\"itemListElement\":[{\"@type\":\"ListItem\",\"position\":1,\"name\":\"Home\",\"item\":\"https:\/\/tiandeproducts.co.uk\/pl\/\"},{\"@type\":\"ListItem\",\"position\":2,\"name\":\"Shop\",\"item\":\"https:\/\/tiandeproducts.co.uk\/pl\/shop-2\/\"},{\"@type\":\"ListItem\",\"position\":3,\"name\":\"\u0141agodz\u0105cy krem ochronny do twarzy,50g\"}]},{\"@type\":\"WebSite\",\"@id\":\"https:\/\/tiandeproducts.co.uk\/#website\",\"url\":\"https:\/\/tiandeproducts.co.uk\/\",\"name\":\"TianDe Online Shop - Beauty & Health\",\"description\":\"Traditional Chinese Medicine\",\"potentialAction\":[{\"@type\":\"SearchAction\",\"target\":{\"@type\":\"EntryPoint\",\"urlTemplate\":\"https:\/\/tiandeproducts.co.uk\/?s={search_term_string}\"},\"query-input\":{\"@type\":\"PropertyValueSpecification\",\"valueRequired\":true,\"valueName\":\"search_term_string\"}}],\"inLanguage\":\"pl-PL\"}]}<\/script>\n<!-- \/ Yoast SEO plugin. -->","yoast_head_json":{"title":"\u0141agodz\u0105cy krem ochronny do twarzy,50g - TianDe Online Shop - Beauty &amp; Health","robots":{"index":"index","follow":"follow","max-snippet":"max-snippet:-1","max-image-preview":"max-image-preview:large","max-video-preview":"max-video-preview:-1"},"canonical":"https:\/\/tiandeproducts.co.uk\/pl\/lagodzacy-krem-ochronny-do-twarzy50g\/","og_locale":"pl_PL","og_type":"article","og_title":"\u0141agodz\u0105cy krem ochronny do twarzy,50g - TianDe Online Shop - Beauty &amp; Health","og_description":"\u00a0Earn 20 points worth \u00a31.00 when buying this product Seria Vita Derm s\u0142u\u017cy jako prawdziwa fitoos\u0142ona dla sk\u00f3ry naturalnie wra\u017cliwej lub kt\u00f3ra sta\u0142a si\u0119 nadwra\u017cliwa w obecnych warunkach miejskich. \u0141agodz\u0105cy krem ochronny do sk\u00f3ry skutecznie piel\u0119gnuje sk\u00f3r\u0119 i chroni j\u0105 przed negatywnymi skutkami otaczaj\u0105cego \u015brodowiska. Krem: &#8211; przywraca naturaln\u0105 funkcj\u0119 ochronn\u0105 sk\u00f3ry; &#8211; wzmacnia barier\u0119 [...]","og_url":"https:\/\/tiandeproducts.co.uk\/pl\/lagodzacy-krem-ochronny-do-twarzy50g\/","og_site_name":"TianDe Online Shop - Beauty &amp; Health","article_publisher":"https:\/\/www.facebook.com\/tiande.products.england\/","article_modified_time":"2022-09-14T15:49:08+00:00","og_image":[{"width":700,"height":700,"url":"https:\/\/tiandeproducts.co.uk\/wp-content\/uploads\/16301.png","type":"image\/png"}],"twitter_card":"summary_large_image","twitter_misc":{"Szacowany czas czytania":"1 minuta"},"schema":{"@context":"https:\/\/schema.org","@graph":[{"@type":"WebPage","@id":"https:\/\/tiandeproducts.co.uk\/pl\/lagodzacy-krem-ochronny-do-twarzy50g\/","url":"https:\/\/tiandeproducts.co.uk\/pl\/lagodzacy-krem-ochronny-do-twarzy50g\/","name":"\u0141agodz\u0105cy krem ochronny do twarzy,50g - TianDe Online Shop - Beauty &amp; Health","isPartOf":{"@id":"https:\/\/tiandeproducts.co.uk\/#website"},"primaryImageOfPage":{"@id":"https:\/\/tiandeproducts.co.uk\/pl\/lagodzacy-krem-ochronny-do-twarzy50g\/#primaryimage"},"image":{"@id":"https:\/\/tiandeproducts.co.uk\/pl\/lagodzacy-krem-ochronny-do-twarzy50g\/#primaryimage"},"thumbnailUrl":"https:\/\/tiandeproducts.co.uk\/wp-content\/uploads\/16301.png","datePublished":"2019-08-19T18:59:20+00:00","dateModified":"2022-09-14T15:49:08+00:00","breadcrumb":{"@id":"https:\/\/tiandeproducts.co.uk\/pl\/lagodzacy-krem-ochronny-do-twarzy50g\/#breadcrumb"},"inLanguage":"pl-PL","potentialAction":[{"@type":"ReadAction","target":["https:\/\/tiandeproducts.co.uk\/pl\/lagodzacy-krem-ochronny-do-twarzy50g\/"]}]},{"@type":"ImageObject","inLanguage":"pl-PL","@id":"https:\/\/tiandeproducts.co.uk\/pl\/lagodzacy-krem-ochronny-do-twarzy50g\/#primaryimage","url":"https:\/\/tiandeproducts.co.uk\/wp-content\/uploads\/16301.png","contentUrl":"https:\/\/tiandeproducts.co.uk\/wp-content\/uploads\/16301.png","width":700,"height":700},{"@type":"BreadcrumbList","@id":"https:\/\/tiandeproducts.co.uk\/pl\/lagodzacy-krem-ochronny-do-twarzy50g\/#breadcrumb","itemListElement":[{"@type":"ListItem","position":1,"name":"Home","item":"https:\/\/tiandeproducts.co.uk\/pl\/"},{"@type":"ListItem","position":2,"name":"Shop","item":"https:\/\/tiandeproducts.co.uk\/pl\/shop-2\/"},{"@type":"ListItem","position":3,"name":"\u0141agodz\u0105cy krem ochronny do twarzy,50g"}]},{"@type":"WebSite","@id":"https:\/\/tiandeproducts.co.uk\/#website","url":"https:\/\/tiandeproducts.co.uk\/","name":"TianDe Online Shop - Beauty & Health","description":"Traditional Chinese Medicine","potentialAction":[{"@type":"SearchAction","target":{"@type":"EntryPoint","urlTemplate":"https:\/\/tiandeproducts.co.uk\/?s={search_term_string}"},"query-input":{"@type":"PropertyValueSpecification","valueRequired":true,"valueName":"search_term_string"}}],"inLanguage":"pl-PL"}]}},"_links":{"self":[{"href":"https:\/\/tiandeproducts.co.uk\/pl\/wp-json\/wp\/v2\/product\/4226","targetHints":{"allow":["GET"]}}],"collection":[{"href":"https:\/\/tiandeproducts.co.uk\/pl\/wp-json\/wp\/v2\/product"}],"about":[{"href":"https:\/\/tiandeproducts.co.uk\/pl\/wp-json\/wp\/v2\/types\/product"}],"replies":[{"embeddable":true,"href":"https:\/\/tiandeproducts.co.uk\/pl\/wp-json\/wp\/v2\/comments?post=4226"}],"wp:featuredmedia":[{"embeddable":true,"href":"https:\/\/tiandeproducts.co.uk\/pl\/wp-json\/wp\/v2\/media\/4222"}],"wp:attachment":[{"href":"https:\/\/tiandeproducts.co.uk\/pl\/wp-json\/wp\/v2\/media?parent=4226"}],"wp:term":[{"taxonomy":"product_cat","embeddable":true,"href":"https:\/\/tiandeproducts.co.uk\/pl\/wp-json\/wp\/v2\/product_cat?post=4226"},{"taxonomy":"product_tag","embeddable":true,"href":"https:\/\/tiandeproducts.co.uk\/pl\/wp-json\/wp\/v2\/product_tag?post=4226"}],"curies":[{"name":"wp","href":"https:\/\/api.w.org\/{rel}","templated":true}]}}