{"id":4218,"date":"2019-08-19T19:46:26","date_gmt":"2019-08-19T18:46:26","guid":{"rendered":"https:\/\/tnd.ontesting.co.uk\/3d-masazer-do-liftingu-skory-twarzy-i-ciala\/"},"modified":"2021-02-05T18:34:33","modified_gmt":"2021-02-05T18:34:33","slug":"3d-masazer-do-liftingu-skory-twarzy-i-ciala","status":"publish","type":"product","link":"https:\/\/tiandeproducts.co.uk\/pl\/3d-masazer-do-liftingu-skory-twarzy-i-ciala\/","title":{"rendered":"3D-masa\u017cer do liftingu sk\u00f3ry twarzy i cia\u0142a,1 szt."},"content":{"rendered":"<div class=\"description\">\n<p><img decoding=\"async\" style=\"max-width: 16px; margin-right: 5px;\" src=\"https:\/\/tiandeproducts.co.uk\/wp-content\/uploads\/points-green.svg\" \/>\u00a0Earn 32 points worth \u00a31.6 when buying this product<\/p>\n<p>Wygodny w u\u017cyciu gad\u017cet b\u0119dzie Twoim osobistym domowym \u201emasa\u017cyst\u0105\u201c i idealn\u0105 alternatyw\u0105 dla zabieg\u00f3w w salonie kosmetycznym. Po\u015bwi\u0119caj\u0105c zaledwie 10-15 minut dziennie na strefy problematyczne bardzo szybko uzyskasz wspania\u0142e rezultaty: widoczny lifting twarzy i j\u0119drne cia\u0142o.<\/p>\n<p>&#8211; Dwie rolki do drena\u017cu limfatycznego, kt\u00f3rych promie\u0144 obrotu wynosi 360\u00b0, chwytaj\u0105 mi\u0119dzy siebie warstw\u0119 sk\u00f3ry skutecznie j\u0105 masuj\u0105c.<br \/>\n&#8211; Niewielkie tr\u00f3jk\u0105tne kraw\u0119dzie rolek dodatkowo poprawiaj\u0105 miejscowe kr\u0105\u017cenie.<\/p>\n<p>Przyrz\u0105d do masa\u017cu b\u0119dzie bardzo pomocny przy tworzeniu rze\u017aby ca\u0142ej sylwetki. Regularne u\u017cywanie przyrz\u0105du do masa\u017cu pomo\u017ce:<br \/>\n&#8211; pozby\u0107 si\u0119 drugiego podbr\u00f3dka, poprawi\u0107 owal twarzy;<br \/>\n&#8211; przywr\u00f3ci\u0107 sk\u00f3rze \u015bwie\u017co\u015b\u0107 i elastyczno\u015b\u0107 oraz poprawi\u0107 jej og\u00f3lny stan;<br \/>\n&#8211; zwi\u0119kszy\u0107 plastyczno\u015b\u0107 mi\u0119\u015bni, zmniejszy\u0107 widoczno\u015b\u0107 zmarszczek.<\/p>\n<p>Przyrz\u0105d do masa\u017cu jest bardzo pomocny przy kszta\u0142towaniu sylwetki. Pomaga:<br \/>\n&#8211; zmniejszy\u0107 widoczne rozst\u0119py;<br \/>\n&#8211; poprawi\u0107 wygl\u0105d sk\u00f3ry w strefach problematycznych;<br \/>\n&#8211; zapobiega\u0107 powstawaniu obrz\u0119k\u00f3w i cellulitu.<\/p>\n<p>Chcesz wzmocni\u0107 efekty? U\u017cywaj przyrz\u0105du do masa\u017cu razem z maskami, kremami lub kosmetykami antycellulitowymi od TianDe!<\/p>\n<\/div>\n<div class=\"instruction\">\n<p><strong>ZASTOSOWANIE:<\/strong><\/p>\n<p>Czas masa\u017cu wynosi 10-15 minut. Masa\u017c twarzy i cia\u0142a nale\u017cy wykonywa\u0107 wzd\u0142u\u017c linii masa\u017cu, nie rozci\u0105gaj\u0105c sk\u00f3ry. Przy silnym zaczerwienieniu lub b\u00f3lu nale\u017cy zaprzesta\u0107 u\u017cywania przyrz\u0105du do masa\u017cu.<\/p>\n<\/div>\n","protected":false},"excerpt":{"rendered":"<p>\u00a0Earn 32 points worth \u00a31.6 when buying this product Wygodny w u\u017cyciu gad\u017cet b\u0119dzie Twoim osobistym domowym \u201emasa\u017cyst\u0105\u201c i idealn\u0105 alternatyw\u0105 dla zabieg\u00f3w w salonie kosmetycznym. Po\u015bwi\u0119caj\u0105c zaledwie 10-15 minut dziennie na strefy problematyczne bardzo szybko uzyskasz wspania\u0142e rezultaty: widoczny lifting twarzy i j\u0119drne cia\u0142o. &#8211; Dwie rolki do drena\u017cu limfatycznego, kt\u00f3rych promie\u0144 obrotu wynosi [&#8230;]\n","protected":false},"featured_media":4214,"comment_status":"open","ping_status":"closed","template":"","meta":[],"product_cat":[483],"product_tag":[],"class_list":{"0":"post-4218","1":"product","2":"type-product","3":"status-publish","4":"has-post-thumbnail","6":"product_cat-masaz","8":"first","9":"instock","10":"shipping-taxable","11":"purchasable","12":"product-type-simple"},"yoast_head":"<!-- This site is optimized with the Yoast SEO plugin v23.6 - https:\/\/yoast.com\/wordpress\/plugins\/seo\/ -->\n<title>3D-masa\u017cer do liftingu sk\u00f3ry twarzy i cia\u0142a,1 szt. - TianDe Online Shop - Beauty &amp; Health<\/title>\n<meta name=\"robots\" content=\"index, follow, max-snippet:-1, max-image-preview:large, max-video-preview:-1\" \/>\n<link rel=\"canonical\" href=\"https:\/\/tiandeproducts.co.uk\/pl\/3d-masazer-do-liftingu-skory-twarzy-i-ciala\/\" \/>\n<meta property=\"og:locale\" content=\"pl_PL\" \/>\n<meta property=\"og:type\" content=\"article\" \/>\n<meta property=\"og:title\" content=\"3D-masa\u017cer do liftingu sk\u00f3ry twarzy i cia\u0142a,1 szt. - TianDe Online Shop - Beauty &amp; Health\" \/>\n<meta property=\"og:description\" content=\"\u00a0Earn 32 points worth \u00a31.6 when buying this product Wygodny w u\u017cyciu gad\u017cet b\u0119dzie Twoim osobistym domowym \u201emasa\u017cyst\u0105\u201c i idealn\u0105 alternatyw\u0105 dla zabieg\u00f3w w salonie kosmetycznym. Po\u015bwi\u0119caj\u0105c zaledwie 10-15 minut dziennie na strefy problematyczne bardzo szybko uzyskasz wspania\u0142e rezultaty: widoczny lifting twarzy i j\u0119drne cia\u0142o. &#8211; Dwie rolki do drena\u017cu limfatycznego, kt\u00f3rych promie\u0144 obrotu wynosi [...]\" \/>\n<meta property=\"og:url\" content=\"https:\/\/tiandeproducts.co.uk\/pl\/3d-masazer-do-liftingu-skory-twarzy-i-ciala\/\" \/>\n<meta property=\"og:site_name\" content=\"TianDe Online Shop - Beauty &amp; Health\" \/>\n<meta property=\"article:publisher\" content=\"https:\/\/www.facebook.com\/tiande.products.england\/\" \/>\n<meta property=\"article:modified_time\" content=\"2021-02-05T18:34:33+00:00\" \/>\n<meta property=\"og:image\" content=\"https:\/\/tiandeproducts.co.uk\/wp-content\/uploads\/90187.png\" \/>\n\t<meta property=\"og:image:width\" content=\"700\" \/>\n\t<meta property=\"og:image:height\" content=\"700\" \/>\n\t<meta property=\"og:image:type\" content=\"image\/png\" \/>\n<meta name=\"twitter:card\" content=\"summary_large_image\" \/>\n<meta name=\"twitter:label1\" content=\"Szacowany czas czytania\" \/>\n\t<meta name=\"twitter:data1\" content=\"1 minuta\" \/>\n<script type=\"application\/ld+json\" class=\"yoast-schema-graph\">{\"@context\":\"https:\/\/schema.org\",\"@graph\":[{\"@type\":\"WebPage\",\"@id\":\"https:\/\/tiandeproducts.co.uk\/pl\/3d-masazer-do-liftingu-skory-twarzy-i-ciala\/\",\"url\":\"https:\/\/tiandeproducts.co.uk\/pl\/3d-masazer-do-liftingu-skory-twarzy-i-ciala\/\",\"name\":\"3D-masa\u017cer do liftingu sk\u00f3ry twarzy i cia\u0142a,1 szt. - TianDe Online Shop - Beauty &amp; Health\",\"isPartOf\":{\"@id\":\"https:\/\/tiandeproducts.co.uk\/#website\"},\"primaryImageOfPage\":{\"@id\":\"https:\/\/tiandeproducts.co.uk\/pl\/3d-masazer-do-liftingu-skory-twarzy-i-ciala\/#primaryimage\"},\"image\":{\"@id\":\"https:\/\/tiandeproducts.co.uk\/pl\/3d-masazer-do-liftingu-skory-twarzy-i-ciala\/#primaryimage\"},\"thumbnailUrl\":\"https:\/\/tiandeproducts.co.uk\/wp-content\/uploads\/90187.png\",\"datePublished\":\"2019-08-19T18:46:26+00:00\",\"dateModified\":\"2021-02-05T18:34:33+00:00\",\"breadcrumb\":{\"@id\":\"https:\/\/tiandeproducts.co.uk\/pl\/3d-masazer-do-liftingu-skory-twarzy-i-ciala\/#breadcrumb\"},\"inLanguage\":\"pl-PL\",\"potentialAction\":[{\"@type\":\"ReadAction\",\"target\":[\"https:\/\/tiandeproducts.co.uk\/pl\/3d-masazer-do-liftingu-skory-twarzy-i-ciala\/\"]}]},{\"@type\":\"ImageObject\",\"inLanguage\":\"pl-PL\",\"@id\":\"https:\/\/tiandeproducts.co.uk\/pl\/3d-masazer-do-liftingu-skory-twarzy-i-ciala\/#primaryimage\",\"url\":\"https:\/\/tiandeproducts.co.uk\/wp-content\/uploads\/90187.png\",\"contentUrl\":\"https:\/\/tiandeproducts.co.uk\/wp-content\/uploads\/90187.png\",\"width\":700,\"height\":700},{\"@type\":\"BreadcrumbList\",\"@id\":\"https:\/\/tiandeproducts.co.uk\/pl\/3d-masazer-do-liftingu-skory-twarzy-i-ciala\/#breadcrumb\",\"itemListElement\":[{\"@type\":\"ListItem\",\"position\":1,\"name\":\"Home\",\"item\":\"https:\/\/tiandeproducts.co.uk\/pl\/\"},{\"@type\":\"ListItem\",\"position\":2,\"name\":\"Shop\",\"item\":\"https:\/\/tiandeproducts.co.uk\/pl\/shop-2\/\"},{\"@type\":\"ListItem\",\"position\":3,\"name\":\"3D-masa\u017cer do liftingu sk\u00f3ry twarzy i cia\u0142a,1 szt.\"}]},{\"@type\":\"WebSite\",\"@id\":\"https:\/\/tiandeproducts.co.uk\/#website\",\"url\":\"https:\/\/tiandeproducts.co.uk\/\",\"name\":\"TianDe Online Shop - Beauty & Health\",\"description\":\"Traditional Chinese Medicine\",\"potentialAction\":[{\"@type\":\"SearchAction\",\"target\":{\"@type\":\"EntryPoint\",\"urlTemplate\":\"https:\/\/tiandeproducts.co.uk\/?s={search_term_string}\"},\"query-input\":{\"@type\":\"PropertyValueSpecification\",\"valueRequired\":true,\"valueName\":\"search_term_string\"}}],\"inLanguage\":\"pl-PL\"}]}<\/script>\n<!-- \/ Yoast SEO plugin. -->","yoast_head_json":{"title":"3D-masa\u017cer do liftingu sk\u00f3ry twarzy i cia\u0142a,1 szt. - TianDe Online Shop - Beauty &amp; Health","robots":{"index":"index","follow":"follow","max-snippet":"max-snippet:-1","max-image-preview":"max-image-preview:large","max-video-preview":"max-video-preview:-1"},"canonical":"https:\/\/tiandeproducts.co.uk\/pl\/3d-masazer-do-liftingu-skory-twarzy-i-ciala\/","og_locale":"pl_PL","og_type":"article","og_title":"3D-masa\u017cer do liftingu sk\u00f3ry twarzy i cia\u0142a,1 szt. - TianDe Online Shop - Beauty &amp; Health","og_description":"\u00a0Earn 32 points worth \u00a31.6 when buying this product Wygodny w u\u017cyciu gad\u017cet b\u0119dzie Twoim osobistym domowym \u201emasa\u017cyst\u0105\u201c i idealn\u0105 alternatyw\u0105 dla zabieg\u00f3w w salonie kosmetycznym. Po\u015bwi\u0119caj\u0105c zaledwie 10-15 minut dziennie na strefy problematyczne bardzo szybko uzyskasz wspania\u0142e rezultaty: widoczny lifting twarzy i j\u0119drne cia\u0142o. &#8211; Dwie rolki do drena\u017cu limfatycznego, kt\u00f3rych promie\u0144 obrotu wynosi [...]","og_url":"https:\/\/tiandeproducts.co.uk\/pl\/3d-masazer-do-liftingu-skory-twarzy-i-ciala\/","og_site_name":"TianDe Online Shop - Beauty &amp; Health","article_publisher":"https:\/\/www.facebook.com\/tiande.products.england\/","article_modified_time":"2021-02-05T18:34:33+00:00","og_image":[{"width":700,"height":700,"url":"https:\/\/tiandeproducts.co.uk\/wp-content\/uploads\/90187.png","type":"image\/png"}],"twitter_card":"summary_large_image","twitter_misc":{"Szacowany czas czytania":"1 minuta"},"schema":{"@context":"https:\/\/schema.org","@graph":[{"@type":"WebPage","@id":"https:\/\/tiandeproducts.co.uk\/pl\/3d-masazer-do-liftingu-skory-twarzy-i-ciala\/","url":"https:\/\/tiandeproducts.co.uk\/pl\/3d-masazer-do-liftingu-skory-twarzy-i-ciala\/","name":"3D-masa\u017cer do liftingu sk\u00f3ry twarzy i cia\u0142a,1 szt. - TianDe Online Shop - Beauty &amp; Health","isPartOf":{"@id":"https:\/\/tiandeproducts.co.uk\/#website"},"primaryImageOfPage":{"@id":"https:\/\/tiandeproducts.co.uk\/pl\/3d-masazer-do-liftingu-skory-twarzy-i-ciala\/#primaryimage"},"image":{"@id":"https:\/\/tiandeproducts.co.uk\/pl\/3d-masazer-do-liftingu-skory-twarzy-i-ciala\/#primaryimage"},"thumbnailUrl":"https:\/\/tiandeproducts.co.uk\/wp-content\/uploads\/90187.png","datePublished":"2019-08-19T18:46:26+00:00","dateModified":"2021-02-05T18:34:33+00:00","breadcrumb":{"@id":"https:\/\/tiandeproducts.co.uk\/pl\/3d-masazer-do-liftingu-skory-twarzy-i-ciala\/#breadcrumb"},"inLanguage":"pl-PL","potentialAction":[{"@type":"ReadAction","target":["https:\/\/tiandeproducts.co.uk\/pl\/3d-masazer-do-liftingu-skory-twarzy-i-ciala\/"]}]},{"@type":"ImageObject","inLanguage":"pl-PL","@id":"https:\/\/tiandeproducts.co.uk\/pl\/3d-masazer-do-liftingu-skory-twarzy-i-ciala\/#primaryimage","url":"https:\/\/tiandeproducts.co.uk\/wp-content\/uploads\/90187.png","contentUrl":"https:\/\/tiandeproducts.co.uk\/wp-content\/uploads\/90187.png","width":700,"height":700},{"@type":"BreadcrumbList","@id":"https:\/\/tiandeproducts.co.uk\/pl\/3d-masazer-do-liftingu-skory-twarzy-i-ciala\/#breadcrumb","itemListElement":[{"@type":"ListItem","position":1,"name":"Home","item":"https:\/\/tiandeproducts.co.uk\/pl\/"},{"@type":"ListItem","position":2,"name":"Shop","item":"https:\/\/tiandeproducts.co.uk\/pl\/shop-2\/"},{"@type":"ListItem","position":3,"name":"3D-masa\u017cer do liftingu sk\u00f3ry twarzy i cia\u0142a,1 szt."}]},{"@type":"WebSite","@id":"https:\/\/tiandeproducts.co.uk\/#website","url":"https:\/\/tiandeproducts.co.uk\/","name":"TianDe Online Shop - Beauty & Health","description":"Traditional Chinese Medicine","potentialAction":[{"@type":"SearchAction","target":{"@type":"EntryPoint","urlTemplate":"https:\/\/tiandeproducts.co.uk\/?s={search_term_string}"},"query-input":{"@type":"PropertyValueSpecification","valueRequired":true,"valueName":"search_term_string"}}],"inLanguage":"pl-PL"}]}},"_links":{"self":[{"href":"https:\/\/tiandeproducts.co.uk\/pl\/wp-json\/wp\/v2\/product\/4218","targetHints":{"allow":["GET"]}}],"collection":[{"href":"https:\/\/tiandeproducts.co.uk\/pl\/wp-json\/wp\/v2\/product"}],"about":[{"href":"https:\/\/tiandeproducts.co.uk\/pl\/wp-json\/wp\/v2\/types\/product"}],"replies":[{"embeddable":true,"href":"https:\/\/tiandeproducts.co.uk\/pl\/wp-json\/wp\/v2\/comments?post=4218"}],"wp:featuredmedia":[{"embeddable":true,"href":"https:\/\/tiandeproducts.co.uk\/pl\/wp-json\/wp\/v2\/media\/4214"}],"wp:attachment":[{"href":"https:\/\/tiandeproducts.co.uk\/pl\/wp-json\/wp\/v2\/media?parent=4218"}],"wp:term":[{"taxonomy":"product_cat","embeddable":true,"href":"https:\/\/tiandeproducts.co.uk\/pl\/wp-json\/wp\/v2\/product_cat?post=4218"},{"taxonomy":"product_tag","embeddable":true,"href":"https:\/\/tiandeproducts.co.uk\/pl\/wp-json\/wp\/v2\/product_tag?post=4218"}],"curies":[{"name":"wp","href":"https:\/\/api.w.org\/{rel}","templated":true}]}}