{"id":16066,"date":"2021-03-29T14:26:19","date_gmt":"2021-03-29T13:26:19","guid":{"rendered":"https:\/\/www.tiandeproducts.co.uk\/podpaski-dla-kobiet-na-bazie-ziol-nefrytowa-swiezosc-na-noc-maxi4-szt\/"},"modified":"2021-03-29T14:26:19","modified_gmt":"2021-03-29T13:26:19","slug":"podpaski-dla-kobiet-na-bazie-ziol-nefrytowa-swiezosc-na-noc-maxi4-szt","status":"publish","type":"product","link":"https:\/\/tiandeproducts.co.uk\/pl\/podpaski-dla-kobiet-na-bazie-ziol-nefrytowa-swiezosc-na-noc-maxi4-szt\/","title":{"rendered":"Podpaski dla kobiet na bazie zi\u00f3\u0142 \u201eNefrytowa \u015bwie\u017co\u015b\u0107\u201c na noc, maxi,4 szt."},"content":{"rendered":"<p><img decoding=\"async\" style=\"max-width: 16px; margin-right: 5px;\" src=\"https:\/\/tiandeproducts.co.uk\/wp-content\/uploads\/points-green.svg\" \/> Earn 11 points worth \u00a30.55 when buying this product<\/p>\n<p>Podpaski dla kobiet na noc maxi zosta\u0142y stworzone, aby skutecznie chroni\u0107, zapewni\u0107 pe\u0142ny komfort i kobiece zdrowie! Zwi\u0119kszone wch\u0142anianie, wi\u0119kszy rozmiar i jeszcze bardziej skuteczne mocowanie uchroni\u0105 przed przeciekaniem nawet przy obfitym miesi\u0105czkowaniu.<\/p>\n<p>&#8211; D\u0142ugo\u015b\u0107 podpaski \u2013 420 mm.<br \/>\n&#8211; 6 warstw i skrzyde\u0142ka max size z niezawodn\u0105 warstw\u0105 mocuj\u0105c\u0105.<br \/>\n&#8211; Wysokie brzegi wk\u0142adki chroni\u0105ce przed przeciekaniem.<br \/>\n&#8211; Bardzo ch\u0142onna warstwa Sumitomo o zwi\u0119kszonym wch\u0142anianiu.<br \/>\n&#8211; Naturalna \u201eoddychaj\u0105ca\u201c warstwa zewn\u0119trzna zapewniaj\u0105ca dobry przep\u0142yw powietrza i zapobiegaj\u0105ca namna\u017caniu si\u0119 bakterii, co jest szczeg\u00f3lnie wa\u017cne w nocy, gdy cz\u0119sta zmiana podpaski jest niemo\u017cliwa.<br \/>\n&#8211; Podpaski zawieraj\u0105 opatentowany kompleks zio\u0142owy o w\u0142a\u015bciwo\u015bciach przeciwzapalnych i przeciwbakteryjnych opracowany w Instytucie Naukowo-Badawczym w Kantonie.<\/p>\n<p>Podpaski na noc maxi b\u0119d\u0105 idealne dla delikatnej wra\u017cliwej sk\u00f3ry, zapewni\u0105 zwi\u0119kszon\u0105 ochron\u0119 noc\u0105, komfort kobiety w czasie obfitych miesi\u0105czek oraz ochroni\u0105 i dodadz\u0105 pewno\u015bci siebie przy wa\u017cnych okazjach.<\/p>\n<p>Produkty te b\u0119d\u0105 skutecznymi pomocnikami kobiety w szczeg\u00f3lnym okresie menopauzy. Znajduj\u0105cy si\u0119 w nich kompleks zio\u0142owy oddzia\u0142uje na flor\u0119 bakteryjn\u0105 i pomaga pozby\u0107 si\u0119 uczucia dyskomfortu i sucho\u015bci, a tak\u017ce rozwi\u0105za\u0107 inne kobiece problemy w tym okresie. Dzi\u0119ki wi\u0119kszemu rozmiarowi podpaski na noc maxi zagwarantuj\u0105 spok\u00f3j przy obfitych krwawieniach i mo\u017cliwych objawach nietrzymania moczu.<\/p>\n","protected":false},"excerpt":{"rendered":"<p>Earn 11 points worth \u00a30.55 when buying this product Podpaski dla kobiet na noc maxi zosta\u0142y stworzone, aby skutecznie chroni\u0107, zapewni\u0107 pe\u0142ny komfort i kobiece zdrowie! Zwi\u0119kszone wch\u0142anianie, wi\u0119kszy rozmiar i jeszcze bardziej skuteczne mocowanie uchroni\u0105 przed przeciekaniem nawet przy obfitym miesi\u0105czkowaniu. &#8211; D\u0142ugo\u015b\u0107 podpaski \u2013 420 mm. &#8211; 6 warstw i skrzyde\u0142ka max size [&#8230;]\n","protected":false},"featured_media":15878,"comment_status":"open","ping_status":"closed","template":"","meta":[],"product_cat":[812,1378,784],"product_tag":[],"class_list":{"0":"post-16066","1":"product","2":"type-product","3":"status-publish","4":"has-post-thumbnail","6":"product_cat-czas-noc-podpaski","7":"product_cat-ecodeviva-pl","8":"product_cat-higiena-pl","10":"first","11":"instock","12":"shipping-taxable","13":"purchasable","14":"product-type-simple"},"yoast_head":"<!-- This site is optimized with the Yoast SEO plugin v23.6 - https:\/\/yoast.com\/wordpress\/plugins\/seo\/ -->\n<title>Podpaski dla kobiet na bazie zi\u00f3\u0142 \u201eNefrytowa \u015bwie\u017co\u015b\u0107\u201c na noc, maxi,4 szt. - TianDe Online Shop - Beauty &amp; Health<\/title>\n<meta name=\"robots\" content=\"index, follow, max-snippet:-1, max-image-preview:large, max-video-preview:-1\" \/>\n<link rel=\"canonical\" href=\"https:\/\/tiandeproducts.co.uk\/pl\/podpaski-dla-kobiet-na-bazie-ziol-nefrytowa-swiezosc-na-noc-maxi4-szt\/\" \/>\n<meta property=\"og:locale\" content=\"pl_PL\" \/>\n<meta property=\"og:type\" content=\"article\" \/>\n<meta property=\"og:title\" content=\"Podpaski dla kobiet na bazie zi\u00f3\u0142 \u201eNefrytowa \u015bwie\u017co\u015b\u0107\u201c na noc, maxi,4 szt. - TianDe Online Shop - Beauty &amp; Health\" \/>\n<meta property=\"og:description\" content=\"Earn 11 points worth \u00a30.55 when buying this product Podpaski dla kobiet na noc maxi zosta\u0142y stworzone, aby skutecznie chroni\u0107, zapewni\u0107 pe\u0142ny komfort i kobiece zdrowie! Zwi\u0119kszone wch\u0142anianie, wi\u0119kszy rozmiar i jeszcze bardziej skuteczne mocowanie uchroni\u0105 przed przeciekaniem nawet przy obfitym miesi\u0105czkowaniu. &#8211; D\u0142ugo\u015b\u0107 podpaski \u2013 420 mm. &#8211; 6 warstw i skrzyde\u0142ka max size [...]\" \/>\n<meta property=\"og:url\" content=\"https:\/\/tiandeproducts.co.uk\/pl\/podpaski-dla-kobiet-na-bazie-ziol-nefrytowa-swiezosc-na-noc-maxi4-szt\/\" \/>\n<meta property=\"og:site_name\" content=\"TianDe Online Shop - Beauty &amp; Health\" \/>\n<meta property=\"article:publisher\" content=\"https:\/\/www.facebook.com\/tiande.products.england\/\" \/>\n<meta property=\"og:image\" content=\"https:\/\/tiandeproducts.co.uk\/wp-content\/uploads\/681922.png\" \/>\n\t<meta property=\"og:image:width\" content=\"700\" \/>\n\t<meta property=\"og:image:height\" content=\"700\" \/>\n\t<meta property=\"og:image:type\" content=\"image\/png\" \/>\n<meta name=\"twitter:card\" content=\"summary_large_image\" \/>\n<meta name=\"twitter:label1\" content=\"Szacowany czas czytania\" \/>\n\t<meta name=\"twitter:data1\" content=\"1 minuta\" \/>\n<script type=\"application\/ld+json\" class=\"yoast-schema-graph\">{\"@context\":\"https:\/\/schema.org\",\"@graph\":[{\"@type\":\"WebPage\",\"@id\":\"https:\/\/tiandeproducts.co.uk\/pl\/podpaski-dla-kobiet-na-bazie-ziol-nefrytowa-swiezosc-na-noc-maxi4-szt\/\",\"url\":\"https:\/\/tiandeproducts.co.uk\/pl\/podpaski-dla-kobiet-na-bazie-ziol-nefrytowa-swiezosc-na-noc-maxi4-szt\/\",\"name\":\"Podpaski dla kobiet na bazie zi\u00f3\u0142 \u201eNefrytowa \u015bwie\u017co\u015b\u0107\u201c na noc, maxi,4 szt. - TianDe Online Shop - Beauty &amp; Health\",\"isPartOf\":{\"@id\":\"https:\/\/tiandeproducts.co.uk\/#website\"},\"primaryImageOfPage\":{\"@id\":\"https:\/\/tiandeproducts.co.uk\/pl\/podpaski-dla-kobiet-na-bazie-ziol-nefrytowa-swiezosc-na-noc-maxi4-szt\/#primaryimage\"},\"image\":{\"@id\":\"https:\/\/tiandeproducts.co.uk\/pl\/podpaski-dla-kobiet-na-bazie-ziol-nefrytowa-swiezosc-na-noc-maxi4-szt\/#primaryimage\"},\"thumbnailUrl\":\"https:\/\/tiandeproducts.co.uk\/wp-content\/uploads\/681922.png\",\"datePublished\":\"2021-03-29T13:26:19+00:00\",\"dateModified\":\"2021-03-29T13:26:19+00:00\",\"breadcrumb\":{\"@id\":\"https:\/\/tiandeproducts.co.uk\/pl\/podpaski-dla-kobiet-na-bazie-ziol-nefrytowa-swiezosc-na-noc-maxi4-szt\/#breadcrumb\"},\"inLanguage\":\"pl-PL\",\"potentialAction\":[{\"@type\":\"ReadAction\",\"target\":[\"https:\/\/tiandeproducts.co.uk\/pl\/podpaski-dla-kobiet-na-bazie-ziol-nefrytowa-swiezosc-na-noc-maxi4-szt\/\"]}]},{\"@type\":\"ImageObject\",\"inLanguage\":\"pl-PL\",\"@id\":\"https:\/\/tiandeproducts.co.uk\/pl\/podpaski-dla-kobiet-na-bazie-ziol-nefrytowa-swiezosc-na-noc-maxi4-szt\/#primaryimage\",\"url\":\"https:\/\/tiandeproducts.co.uk\/wp-content\/uploads\/681922.png\",\"contentUrl\":\"https:\/\/tiandeproducts.co.uk\/wp-content\/uploads\/681922.png\",\"width\":700,\"height\":700},{\"@type\":\"BreadcrumbList\",\"@id\":\"https:\/\/tiandeproducts.co.uk\/pl\/podpaski-dla-kobiet-na-bazie-ziol-nefrytowa-swiezosc-na-noc-maxi4-szt\/#breadcrumb\",\"itemListElement\":[{\"@type\":\"ListItem\",\"position\":1,\"name\":\"Home\",\"item\":\"https:\/\/tiandeproducts.co.uk\/pl\/\"},{\"@type\":\"ListItem\",\"position\":2,\"name\":\"Shop\",\"item\":\"https:\/\/tiandeproducts.co.uk\/pl\/shop-2\/\"},{\"@type\":\"ListItem\",\"position\":3,\"name\":\"Podpaski dla kobiet na bazie zi\u00f3\u0142 \u201eNefrytowa \u015bwie\u017co\u015b\u0107\u201c na noc, maxi,4 szt.\"}]},{\"@type\":\"WebSite\",\"@id\":\"https:\/\/tiandeproducts.co.uk\/#website\",\"url\":\"https:\/\/tiandeproducts.co.uk\/\",\"name\":\"TianDe Online Shop - Beauty & Health\",\"description\":\"Traditional Chinese Medicine\",\"potentialAction\":[{\"@type\":\"SearchAction\",\"target\":{\"@type\":\"EntryPoint\",\"urlTemplate\":\"https:\/\/tiandeproducts.co.uk\/?s={search_term_string}\"},\"query-input\":{\"@type\":\"PropertyValueSpecification\",\"valueRequired\":true,\"valueName\":\"search_term_string\"}}],\"inLanguage\":\"pl-PL\"}]}<\/script>\n<!-- \/ Yoast SEO plugin. -->","yoast_head_json":{"title":"Podpaski dla kobiet na bazie zi\u00f3\u0142 \u201eNefrytowa \u015bwie\u017co\u015b\u0107\u201c na noc, maxi,4 szt. - TianDe Online Shop - Beauty &amp; Health","robots":{"index":"index","follow":"follow","max-snippet":"max-snippet:-1","max-image-preview":"max-image-preview:large","max-video-preview":"max-video-preview:-1"},"canonical":"https:\/\/tiandeproducts.co.uk\/pl\/podpaski-dla-kobiet-na-bazie-ziol-nefrytowa-swiezosc-na-noc-maxi4-szt\/","og_locale":"pl_PL","og_type":"article","og_title":"Podpaski dla kobiet na bazie zi\u00f3\u0142 \u201eNefrytowa \u015bwie\u017co\u015b\u0107\u201c na noc, maxi,4 szt. - TianDe Online Shop - Beauty &amp; Health","og_description":"Earn 11 points worth \u00a30.55 when buying this product Podpaski dla kobiet na noc maxi zosta\u0142y stworzone, aby skutecznie chroni\u0107, zapewni\u0107 pe\u0142ny komfort i kobiece zdrowie! Zwi\u0119kszone wch\u0142anianie, wi\u0119kszy rozmiar i jeszcze bardziej skuteczne mocowanie uchroni\u0105 przed przeciekaniem nawet przy obfitym miesi\u0105czkowaniu. &#8211; D\u0142ugo\u015b\u0107 podpaski \u2013 420 mm. &#8211; 6 warstw i skrzyde\u0142ka max size [...]","og_url":"https:\/\/tiandeproducts.co.uk\/pl\/podpaski-dla-kobiet-na-bazie-ziol-nefrytowa-swiezosc-na-noc-maxi4-szt\/","og_site_name":"TianDe Online Shop - Beauty &amp; Health","article_publisher":"https:\/\/www.facebook.com\/tiande.products.england\/","og_image":[{"width":700,"height":700,"url":"https:\/\/tiandeproducts.co.uk\/wp-content\/uploads\/681922.png","type":"image\/png"}],"twitter_card":"summary_large_image","twitter_misc":{"Szacowany czas czytania":"1 minuta"},"schema":{"@context":"https:\/\/schema.org","@graph":[{"@type":"WebPage","@id":"https:\/\/tiandeproducts.co.uk\/pl\/podpaski-dla-kobiet-na-bazie-ziol-nefrytowa-swiezosc-na-noc-maxi4-szt\/","url":"https:\/\/tiandeproducts.co.uk\/pl\/podpaski-dla-kobiet-na-bazie-ziol-nefrytowa-swiezosc-na-noc-maxi4-szt\/","name":"Podpaski dla kobiet na bazie zi\u00f3\u0142 \u201eNefrytowa \u015bwie\u017co\u015b\u0107\u201c na noc, maxi,4 szt. - TianDe Online Shop - Beauty &amp; Health","isPartOf":{"@id":"https:\/\/tiandeproducts.co.uk\/#website"},"primaryImageOfPage":{"@id":"https:\/\/tiandeproducts.co.uk\/pl\/podpaski-dla-kobiet-na-bazie-ziol-nefrytowa-swiezosc-na-noc-maxi4-szt\/#primaryimage"},"image":{"@id":"https:\/\/tiandeproducts.co.uk\/pl\/podpaski-dla-kobiet-na-bazie-ziol-nefrytowa-swiezosc-na-noc-maxi4-szt\/#primaryimage"},"thumbnailUrl":"https:\/\/tiandeproducts.co.uk\/wp-content\/uploads\/681922.png","datePublished":"2021-03-29T13:26:19+00:00","dateModified":"2021-03-29T13:26:19+00:00","breadcrumb":{"@id":"https:\/\/tiandeproducts.co.uk\/pl\/podpaski-dla-kobiet-na-bazie-ziol-nefrytowa-swiezosc-na-noc-maxi4-szt\/#breadcrumb"},"inLanguage":"pl-PL","potentialAction":[{"@type":"ReadAction","target":["https:\/\/tiandeproducts.co.uk\/pl\/podpaski-dla-kobiet-na-bazie-ziol-nefrytowa-swiezosc-na-noc-maxi4-szt\/"]}]},{"@type":"ImageObject","inLanguage":"pl-PL","@id":"https:\/\/tiandeproducts.co.uk\/pl\/podpaski-dla-kobiet-na-bazie-ziol-nefrytowa-swiezosc-na-noc-maxi4-szt\/#primaryimage","url":"https:\/\/tiandeproducts.co.uk\/wp-content\/uploads\/681922.png","contentUrl":"https:\/\/tiandeproducts.co.uk\/wp-content\/uploads\/681922.png","width":700,"height":700},{"@type":"BreadcrumbList","@id":"https:\/\/tiandeproducts.co.uk\/pl\/podpaski-dla-kobiet-na-bazie-ziol-nefrytowa-swiezosc-na-noc-maxi4-szt\/#breadcrumb","itemListElement":[{"@type":"ListItem","position":1,"name":"Home","item":"https:\/\/tiandeproducts.co.uk\/pl\/"},{"@type":"ListItem","position":2,"name":"Shop","item":"https:\/\/tiandeproducts.co.uk\/pl\/shop-2\/"},{"@type":"ListItem","position":3,"name":"Podpaski dla kobiet na bazie zi\u00f3\u0142 \u201eNefrytowa \u015bwie\u017co\u015b\u0107\u201c na noc, maxi,4 szt."}]},{"@type":"WebSite","@id":"https:\/\/tiandeproducts.co.uk\/#website","url":"https:\/\/tiandeproducts.co.uk\/","name":"TianDe Online Shop - Beauty & Health","description":"Traditional Chinese Medicine","potentialAction":[{"@type":"SearchAction","target":{"@type":"EntryPoint","urlTemplate":"https:\/\/tiandeproducts.co.uk\/?s={search_term_string}"},"query-input":{"@type":"PropertyValueSpecification","valueRequired":true,"valueName":"search_term_string"}}],"inLanguage":"pl-PL"}]}},"_links":{"self":[{"href":"https:\/\/tiandeproducts.co.uk\/pl\/wp-json\/wp\/v2\/product\/16066","targetHints":{"allow":["GET"]}}],"collection":[{"href":"https:\/\/tiandeproducts.co.uk\/pl\/wp-json\/wp\/v2\/product"}],"about":[{"href":"https:\/\/tiandeproducts.co.uk\/pl\/wp-json\/wp\/v2\/types\/product"}],"replies":[{"embeddable":true,"href":"https:\/\/tiandeproducts.co.uk\/pl\/wp-json\/wp\/v2\/comments?post=16066"}],"wp:featuredmedia":[{"embeddable":true,"href":"https:\/\/tiandeproducts.co.uk\/pl\/wp-json\/wp\/v2\/media\/15878"}],"wp:attachment":[{"href":"https:\/\/tiandeproducts.co.uk\/pl\/wp-json\/wp\/v2\/media?parent=16066"}],"wp:term":[{"taxonomy":"product_cat","embeddable":true,"href":"https:\/\/tiandeproducts.co.uk\/pl\/wp-json\/wp\/v2\/product_cat?post=16066"},{"taxonomy":"product_tag","embeddable":true,"href":"https:\/\/tiandeproducts.co.uk\/pl\/wp-json\/wp\/v2\/product_tag?post=16066"}],"curies":[{"name":"wp","href":"https:\/\/api.w.org\/{rel}","templated":true}]}}