{"id":16064,"date":"2021-03-29T14:18:34","date_gmt":"2021-03-29T13:18:34","guid":{"rendered":"https:\/\/www.tiandeproducts.co.uk\/zestaw-do-pielegnacji-dloni-jedwabista-doskonalosc-12015080g\/"},"modified":"2021-07-06T08:51:05","modified_gmt":"2021-07-06T07:51:05","slug":"zestaw-do-pielegnacji-dloni-jedwabista-doskonalosc-12015080g","status":"publish","type":"product","link":"https:\/\/tiandeproducts.co.uk\/pl\/zestaw-do-pielegnacji-dloni-jedwabista-doskonalosc-12015080g\/","title":{"rendered":"Zestaw do piel\u0119gnacji d\u0142oni \u201eJedwabista doskona\u0142o\u015b\u0107\u201d, 120+150+80g"},"content":{"rendered":"<p><img decoding=\"async\" style=\"max-width: 16px; margin-right: 5px;\" src=\"https:\/\/tiandeproducts.co.uk\/wp-content\/uploads\/points-green.svg\" \/> Earn 23 points worth \u00a31.15 when buying this product<\/p>\n<div class=\"description\">\n<p>Kompleksowa procedura dla delikatnej sk\u00f3ry d\u0142oni:<br \/>\n&#8211; peeling-\u017cel usuwa zrogowacia\u0142\u0105 warstw\u0119 sk\u00f3ry, oczyszcza, czyni sk\u00f3r\u0119 elastyczn\u0105 i j\u0119drn\u0105;<br \/>\n&#8211; s\u00f3l-scrub poprawia kr\u0105\u017cenie, nasyca sk\u00f3r\u0119 witaminami; zapewnia g\u0142adko\u015b\u0107 i jedwabisto\u015b\u0107;<br \/>\n&#8211; krem nawil\u017ca, od\u017cywia i odbudowuje sk\u00f3r\u0119, zapewnia mi\u0119kko\u015b\u0107 i delikatno\u015b\u0107.<\/p>\n<\/div>\n<div class=\"instruction\">\n<p><strong>ZASTOSOWANIE:<\/strong><\/p>\n<p>Krok 1: na\u0142\u00f3\u017c niewielk\u0105 ilo\u015b\u0107 peeling- \u017celu na wilgotn\u0105 sk\u00f3r\u0119,nast\u0119pnie dok\u0142adnie zmyj wod\u0105.<\/p>\n<p>Krok 2: na\u0142\u00f3\u017c niewielk\u0105 ilo\u015b\u0107 \u015brodka na wilgotn\u0105 sk\u00f3r\u0119. Pozostaw &#8211; by zadzia\u0142a\u0142 \u2013 na 2-3 minuty, nast\u0119pnie zmyj wod\u0105.<\/p>\n<p>Krok 3 : na\u0142\u00f3\u017c krem na czyst\u0105 sk\u00f3r\u0119 d\u0142oni.<\/p>\n<\/div>\n","protected":false},"excerpt":{"rendered":"<p>Earn 23 points worth \u00a31.15 when buying this product Kompleksowa procedura dla delikatnej sk\u00f3ry d\u0142oni: &#8211; peeling-\u017cel usuwa zrogowacia\u0142\u0105 warstw\u0119 sk\u00f3ry, oczyszcza, czyni sk\u00f3r\u0119 elastyczn\u0105 i j\u0119drn\u0105; &#8211; s\u00f3l-scrub poprawia kr\u0105\u017cenie, nasyca sk\u00f3r\u0119 witaminami; zapewnia g\u0142adko\u015b\u0107 i jedwabisto\u015b\u0107; &#8211; krem nawil\u017ca, od\u017cywia i odbudowuje sk\u00f3r\u0119, zapewnia mi\u0119kko\u015b\u0107 i delikatno\u015b\u0107. ZASTOSOWANIE: Krok 1: na\u0142\u00f3\u017c niewielk\u0105 ilo\u015b\u0107 [&#8230;]\n","protected":false},"featured_media":15873,"comment_status":"open","ping_status":"closed","template":"","meta":[],"product_cat":[498,740],"product_tag":[],"class_list":{"0":"post-16064","1":"product","2":"type-product","3":"status-publish","4":"has-post-thumbnail","6":"product_cat-pielegnacja-ciala","7":"product_cat-pielegnacja-dloni","9":"first","10":"instock","11":"shipping-taxable","12":"purchasable","13":"product-type-simple"},"yoast_head":"<!-- This site is optimized with the Yoast SEO plugin v23.6 - https:\/\/yoast.com\/wordpress\/plugins\/seo\/ -->\n<title>Zestaw do piel\u0119gnacji d\u0142oni \u201eJedwabista doskona\u0142o\u015b\u0107\u201d, 120+150+80g - TianDe Online Shop - Beauty &amp; Health<\/title>\n<meta name=\"robots\" content=\"index, follow, max-snippet:-1, max-image-preview:large, max-video-preview:-1\" \/>\n<link rel=\"canonical\" href=\"https:\/\/tiandeproducts.co.uk\/pl\/zestaw-do-pielegnacji-dloni-jedwabista-doskonalosc-12015080g\/\" \/>\n<meta property=\"og:locale\" content=\"pl_PL\" \/>\n<meta property=\"og:type\" content=\"article\" \/>\n<meta property=\"og:title\" content=\"Zestaw do piel\u0119gnacji d\u0142oni \u201eJedwabista doskona\u0142o\u015b\u0107\u201d, 120+150+80g - TianDe Online Shop - Beauty &amp; Health\" \/>\n<meta property=\"og:description\" content=\"Earn 23 points worth \u00a31.15 when buying this product Kompleksowa procedura dla delikatnej sk\u00f3ry d\u0142oni: &#8211; peeling-\u017cel usuwa zrogowacia\u0142\u0105 warstw\u0119 sk\u00f3ry, oczyszcza, czyni sk\u00f3r\u0119 elastyczn\u0105 i j\u0119drn\u0105; &#8211; s\u00f3l-scrub poprawia kr\u0105\u017cenie, nasyca sk\u00f3r\u0119 witaminami; zapewnia g\u0142adko\u015b\u0107 i jedwabisto\u015b\u0107; &#8211; krem nawil\u017ca, od\u017cywia i odbudowuje sk\u00f3r\u0119, zapewnia mi\u0119kko\u015b\u0107 i delikatno\u015b\u0107. ZASTOSOWANIE: Krok 1: na\u0142\u00f3\u017c niewielk\u0105 ilo\u015b\u0107 [...]\" \/>\n<meta property=\"og:url\" content=\"https:\/\/tiandeproducts.co.uk\/pl\/zestaw-do-pielegnacji-dloni-jedwabista-doskonalosc-12015080g\/\" \/>\n<meta property=\"og:site_name\" content=\"TianDe Online Shop - Beauty &amp; Health\" \/>\n<meta property=\"article:publisher\" content=\"https:\/\/www.facebook.com\/tiande.products.england\/\" \/>\n<meta property=\"article:modified_time\" content=\"2021-07-06T07:51:05+00:00\" \/>\n<meta property=\"og:image\" content=\"https:\/\/tiandeproducts.co.uk\/wp-content\/uploads\/43301_new.png\" \/>\n\t<meta property=\"og:image:width\" content=\"400\" \/>\n\t<meta property=\"og:image:height\" content=\"400\" \/>\n\t<meta property=\"og:image:type\" content=\"image\/png\" \/>\n<meta name=\"twitter:card\" content=\"summary_large_image\" \/>\n<meta name=\"twitter:label1\" content=\"Szacowany czas czytania\" \/>\n\t<meta name=\"twitter:data1\" content=\"1 minuta\" \/>\n<script type=\"application\/ld+json\" class=\"yoast-schema-graph\">{\"@context\":\"https:\/\/schema.org\",\"@graph\":[{\"@type\":\"WebPage\",\"@id\":\"https:\/\/tiandeproducts.co.uk\/pl\/zestaw-do-pielegnacji-dloni-jedwabista-doskonalosc-12015080g\/\",\"url\":\"https:\/\/tiandeproducts.co.uk\/pl\/zestaw-do-pielegnacji-dloni-jedwabista-doskonalosc-12015080g\/\",\"name\":\"Zestaw do piel\u0119gnacji d\u0142oni \u201eJedwabista doskona\u0142o\u015b\u0107\u201d, 120+150+80g - TianDe Online Shop - Beauty &amp; Health\",\"isPartOf\":{\"@id\":\"https:\/\/tiandeproducts.co.uk\/#website\"},\"primaryImageOfPage\":{\"@id\":\"https:\/\/tiandeproducts.co.uk\/pl\/zestaw-do-pielegnacji-dloni-jedwabista-doskonalosc-12015080g\/#primaryimage\"},\"image\":{\"@id\":\"https:\/\/tiandeproducts.co.uk\/pl\/zestaw-do-pielegnacji-dloni-jedwabista-doskonalosc-12015080g\/#primaryimage\"},\"thumbnailUrl\":\"https:\/\/tiandeproducts.co.uk\/wp-content\/uploads\/43301_new.png\",\"datePublished\":\"2021-03-29T13:18:34+00:00\",\"dateModified\":\"2021-07-06T07:51:05+00:00\",\"breadcrumb\":{\"@id\":\"https:\/\/tiandeproducts.co.uk\/pl\/zestaw-do-pielegnacji-dloni-jedwabista-doskonalosc-12015080g\/#breadcrumb\"},\"inLanguage\":\"pl-PL\",\"potentialAction\":[{\"@type\":\"ReadAction\",\"target\":[\"https:\/\/tiandeproducts.co.uk\/pl\/zestaw-do-pielegnacji-dloni-jedwabista-doskonalosc-12015080g\/\"]}]},{\"@type\":\"ImageObject\",\"inLanguage\":\"pl-PL\",\"@id\":\"https:\/\/tiandeproducts.co.uk\/pl\/zestaw-do-pielegnacji-dloni-jedwabista-doskonalosc-12015080g\/#primaryimage\",\"url\":\"https:\/\/tiandeproducts.co.uk\/wp-content\/uploads\/43301_new.png\",\"contentUrl\":\"https:\/\/tiandeproducts.co.uk\/wp-content\/uploads\/43301_new.png\",\"width\":400,\"height\":400},{\"@type\":\"BreadcrumbList\",\"@id\":\"https:\/\/tiandeproducts.co.uk\/pl\/zestaw-do-pielegnacji-dloni-jedwabista-doskonalosc-12015080g\/#breadcrumb\",\"itemListElement\":[{\"@type\":\"ListItem\",\"position\":1,\"name\":\"Home\",\"item\":\"https:\/\/tiandeproducts.co.uk\/pl\/\"},{\"@type\":\"ListItem\",\"position\":2,\"name\":\"Shop\",\"item\":\"https:\/\/tiandeproducts.co.uk\/pl\/shop-2\/\"},{\"@type\":\"ListItem\",\"position\":3,\"name\":\"Zestaw do piel\u0119gnacji d\u0142oni \u201eJedwabista doskona\u0142o\u015b\u0107\u201d, 120+150+80g\"}]},{\"@type\":\"WebSite\",\"@id\":\"https:\/\/tiandeproducts.co.uk\/#website\",\"url\":\"https:\/\/tiandeproducts.co.uk\/\",\"name\":\"TianDe Online Shop - Beauty & Health\",\"description\":\"Traditional Chinese Medicine\",\"potentialAction\":[{\"@type\":\"SearchAction\",\"target\":{\"@type\":\"EntryPoint\",\"urlTemplate\":\"https:\/\/tiandeproducts.co.uk\/?s={search_term_string}\"},\"query-input\":{\"@type\":\"PropertyValueSpecification\",\"valueRequired\":true,\"valueName\":\"search_term_string\"}}],\"inLanguage\":\"pl-PL\"}]}<\/script>\n<!-- \/ Yoast SEO plugin. -->","yoast_head_json":{"title":"Zestaw do piel\u0119gnacji d\u0142oni \u201eJedwabista doskona\u0142o\u015b\u0107\u201d, 120+150+80g - TianDe Online Shop - Beauty &amp; Health","robots":{"index":"index","follow":"follow","max-snippet":"max-snippet:-1","max-image-preview":"max-image-preview:large","max-video-preview":"max-video-preview:-1"},"canonical":"https:\/\/tiandeproducts.co.uk\/pl\/zestaw-do-pielegnacji-dloni-jedwabista-doskonalosc-12015080g\/","og_locale":"pl_PL","og_type":"article","og_title":"Zestaw do piel\u0119gnacji d\u0142oni \u201eJedwabista doskona\u0142o\u015b\u0107\u201d, 120+150+80g - TianDe Online Shop - Beauty &amp; Health","og_description":"Earn 23 points worth \u00a31.15 when buying this product Kompleksowa procedura dla delikatnej sk\u00f3ry d\u0142oni: &#8211; peeling-\u017cel usuwa zrogowacia\u0142\u0105 warstw\u0119 sk\u00f3ry, oczyszcza, czyni sk\u00f3r\u0119 elastyczn\u0105 i j\u0119drn\u0105; &#8211; s\u00f3l-scrub poprawia kr\u0105\u017cenie, nasyca sk\u00f3r\u0119 witaminami; zapewnia g\u0142adko\u015b\u0107 i jedwabisto\u015b\u0107; &#8211; krem nawil\u017ca, od\u017cywia i odbudowuje sk\u00f3r\u0119, zapewnia mi\u0119kko\u015b\u0107 i delikatno\u015b\u0107. ZASTOSOWANIE: Krok 1: na\u0142\u00f3\u017c niewielk\u0105 ilo\u015b\u0107 [...]","og_url":"https:\/\/tiandeproducts.co.uk\/pl\/zestaw-do-pielegnacji-dloni-jedwabista-doskonalosc-12015080g\/","og_site_name":"TianDe Online Shop - Beauty &amp; Health","article_publisher":"https:\/\/www.facebook.com\/tiande.products.england\/","article_modified_time":"2021-07-06T07:51:05+00:00","og_image":[{"width":400,"height":400,"url":"https:\/\/tiandeproducts.co.uk\/wp-content\/uploads\/43301_new.png","type":"image\/png"}],"twitter_card":"summary_large_image","twitter_misc":{"Szacowany czas czytania":"1 minuta"},"schema":{"@context":"https:\/\/schema.org","@graph":[{"@type":"WebPage","@id":"https:\/\/tiandeproducts.co.uk\/pl\/zestaw-do-pielegnacji-dloni-jedwabista-doskonalosc-12015080g\/","url":"https:\/\/tiandeproducts.co.uk\/pl\/zestaw-do-pielegnacji-dloni-jedwabista-doskonalosc-12015080g\/","name":"Zestaw do piel\u0119gnacji d\u0142oni \u201eJedwabista doskona\u0142o\u015b\u0107\u201d, 120+150+80g - TianDe Online Shop - Beauty &amp; Health","isPartOf":{"@id":"https:\/\/tiandeproducts.co.uk\/#website"},"primaryImageOfPage":{"@id":"https:\/\/tiandeproducts.co.uk\/pl\/zestaw-do-pielegnacji-dloni-jedwabista-doskonalosc-12015080g\/#primaryimage"},"image":{"@id":"https:\/\/tiandeproducts.co.uk\/pl\/zestaw-do-pielegnacji-dloni-jedwabista-doskonalosc-12015080g\/#primaryimage"},"thumbnailUrl":"https:\/\/tiandeproducts.co.uk\/wp-content\/uploads\/43301_new.png","datePublished":"2021-03-29T13:18:34+00:00","dateModified":"2021-07-06T07:51:05+00:00","breadcrumb":{"@id":"https:\/\/tiandeproducts.co.uk\/pl\/zestaw-do-pielegnacji-dloni-jedwabista-doskonalosc-12015080g\/#breadcrumb"},"inLanguage":"pl-PL","potentialAction":[{"@type":"ReadAction","target":["https:\/\/tiandeproducts.co.uk\/pl\/zestaw-do-pielegnacji-dloni-jedwabista-doskonalosc-12015080g\/"]}]},{"@type":"ImageObject","inLanguage":"pl-PL","@id":"https:\/\/tiandeproducts.co.uk\/pl\/zestaw-do-pielegnacji-dloni-jedwabista-doskonalosc-12015080g\/#primaryimage","url":"https:\/\/tiandeproducts.co.uk\/wp-content\/uploads\/43301_new.png","contentUrl":"https:\/\/tiandeproducts.co.uk\/wp-content\/uploads\/43301_new.png","width":400,"height":400},{"@type":"BreadcrumbList","@id":"https:\/\/tiandeproducts.co.uk\/pl\/zestaw-do-pielegnacji-dloni-jedwabista-doskonalosc-12015080g\/#breadcrumb","itemListElement":[{"@type":"ListItem","position":1,"name":"Home","item":"https:\/\/tiandeproducts.co.uk\/pl\/"},{"@type":"ListItem","position":2,"name":"Shop","item":"https:\/\/tiandeproducts.co.uk\/pl\/shop-2\/"},{"@type":"ListItem","position":3,"name":"Zestaw do piel\u0119gnacji d\u0142oni \u201eJedwabista doskona\u0142o\u015b\u0107\u201d, 120+150+80g"}]},{"@type":"WebSite","@id":"https:\/\/tiandeproducts.co.uk\/#website","url":"https:\/\/tiandeproducts.co.uk\/","name":"TianDe Online Shop - Beauty & Health","description":"Traditional Chinese Medicine","potentialAction":[{"@type":"SearchAction","target":{"@type":"EntryPoint","urlTemplate":"https:\/\/tiandeproducts.co.uk\/?s={search_term_string}"},"query-input":{"@type":"PropertyValueSpecification","valueRequired":true,"valueName":"search_term_string"}}],"inLanguage":"pl-PL"}]}},"_links":{"self":[{"href":"https:\/\/tiandeproducts.co.uk\/pl\/wp-json\/wp\/v2\/product\/16064","targetHints":{"allow":["GET"]}}],"collection":[{"href":"https:\/\/tiandeproducts.co.uk\/pl\/wp-json\/wp\/v2\/product"}],"about":[{"href":"https:\/\/tiandeproducts.co.uk\/pl\/wp-json\/wp\/v2\/types\/product"}],"replies":[{"embeddable":true,"href":"https:\/\/tiandeproducts.co.uk\/pl\/wp-json\/wp\/v2\/comments?post=16064"}],"wp:featuredmedia":[{"embeddable":true,"href":"https:\/\/tiandeproducts.co.uk\/pl\/wp-json\/wp\/v2\/media\/15873"}],"wp:attachment":[{"href":"https:\/\/tiandeproducts.co.uk\/pl\/wp-json\/wp\/v2\/media?parent=16064"}],"wp:term":[{"taxonomy":"product_cat","embeddable":true,"href":"https:\/\/tiandeproducts.co.uk\/pl\/wp-json\/wp\/v2\/product_cat?post=16064"},{"taxonomy":"product_tag","embeddable":true,"href":"https:\/\/tiandeproducts.co.uk\/pl\/wp-json\/wp\/v2\/product_tag?post=16064"}],"curies":[{"name":"wp","href":"https:\/\/api.w.org\/{rel}","templated":true}]}}