{"id":15727,"date":"2020-09-22T10:56:06","date_gmt":"2020-09-22T09:56:06","guid":{"rendered":"https:\/\/www.tiandeproducts.co.uk\/zel-pod-prysznic-kawa-po-wiedensku250g\/"},"modified":"2020-09-22T10:56:06","modified_gmt":"2020-09-22T09:56:06","slug":"zel-pod-prysznic-kawa-po-wiedensku250g","status":"publish","type":"product","link":"https:\/\/tiandeproducts.co.uk\/pl\/zel-pod-prysznic-kawa-po-wiedensku250g\/","title":{"rendered":"\u017bel pod prysznic Kawa po wiede\u0144sku,250g"},"content":{"rendered":"<div class=\"desc_points\"><img decoding=\"async\" style=\"max-width: 16px; margin-right: 5px;\" src=\"https:\/\/tiandeproducts.co.uk\/wp-content\/uploads\/points-green.svg\" \/> Earn 6 points worth \u00a30.30 when buying this product<\/div>\n<div class=\"instruction\">\n<div class=\"description\">\n<p>Wyobra\u017a sobie, \u017ce siedzisz w przytulnej kawiarni i delektujesz si\u0119 aromatem wy\u015bmienitej kawy\u2026 Jest tak bogata i \u015bwie\u017ca, pe\u0142na i wyrazista! Takiego relaksu do\u015bwiadczysz ka\u017cdego dnia z \u017celem pod prysznic Kawa po wiede\u0144sku z luksusowej serii Hainan Tao! Zapewni Tobie inspiracj\u0119 i dobry nastr\u00f3j na ca\u0142y dzie\u0144.<\/p>\n<p>Zapach kawy jest niepowtarzalny. Kawa tonizuje, inspiruje i jest w stanie r\u00f3wnie\u017c pobudzi\u0107. W jednej butelce znajdziesz zapach, kt\u00f3ry przyprawi Ci\u0119 o zawr\u00f3t g\u0142owy, mi\u0119kk\u0105 piank\u0119 i delikatn\u0105 piel\u0119gnacj\u0119 sk\u00f3ry.<\/p>\n<p>Niech zwyk\u0142y prysznic stanie si\u0119 prawdziw\u0105 przyjemno\u015bci\u0105 SPA.<\/p>\n<\/div>\n<div class=\"instruction\">\n<p><strong>ZASTOSOWANIE:<\/strong><\/p>\n<p>Na\u0142\u00f3\u017c r\u00f3wnomiernie na wilgotn\u0105 sk\u00f3r\u0119, dok\u0142adnie sp\u0142ucz wod\u0105.<\/p>\n<\/div>\n<\/div>\n","protected":false},"excerpt":{"rendered":"<p>Earn 6 points worth \u00a30.30 when buying this product Wyobra\u017a sobie, \u017ce siedzisz w przytulnej kawiarni i delektujesz si\u0119 aromatem wy\u015bmienitej kawy\u2026 Jest tak bogata i \u015bwie\u017ca, pe\u0142na i wyrazista! Takiego relaksu do\u015bwiadczysz ka\u017cdego dnia z \u017celem pod prysznic Kawa po wiede\u0144sku z luksusowej serii Hainan Tao! Zapewni Tobie inspiracj\u0119 i dobry nastr\u00f3j na ca\u0142y [&#8230;]\n","protected":false},"featured_media":14518,"comment_status":"open","ping_status":"closed","template":"","meta":[],"product_cat":[498,736],"product_tag":[],"class_list":{"0":"post-15727","1":"product","2":"type-product","3":"status-publish","4":"has-post-thumbnail","6":"product_cat-pielegnacja-ciala","7":"product_cat-zel-do-mycia-ciala","9":"first","10":"outofstock","11":"shipping-taxable","12":"purchasable","13":"product-type-simple"},"yoast_head":"<!-- This site is optimized with the Yoast SEO plugin v23.6 - https:\/\/yoast.com\/wordpress\/plugins\/seo\/ -->\n<title>\u017bel pod prysznic Kawa po wiede\u0144sku,250g - TianDe Online Shop - Beauty &amp; Health<\/title>\n<meta name=\"robots\" content=\"index, follow, max-snippet:-1, max-image-preview:large, max-video-preview:-1\" \/>\n<link rel=\"canonical\" href=\"https:\/\/tiandeproducts.co.uk\/pl\/zel-pod-prysznic-kawa-po-wiedensku250g\/\" \/>\n<meta property=\"og:locale\" content=\"pl_PL\" \/>\n<meta property=\"og:type\" content=\"article\" \/>\n<meta property=\"og:title\" content=\"\u017bel pod prysznic Kawa po wiede\u0144sku,250g - TianDe Online Shop - Beauty &amp; Health\" \/>\n<meta property=\"og:description\" content=\"Earn 6 points worth \u00a30.30 when buying this product Wyobra\u017a sobie, \u017ce siedzisz w przytulnej kawiarni i delektujesz si\u0119 aromatem wy\u015bmienitej kawy\u2026 Jest tak bogata i \u015bwie\u017ca, pe\u0142na i wyrazista! Takiego relaksu do\u015bwiadczysz ka\u017cdego dnia z \u017celem pod prysznic Kawa po wiede\u0144sku z luksusowej serii Hainan Tao! Zapewni Tobie inspiracj\u0119 i dobry nastr\u00f3j na ca\u0142y [...]\" \/>\n<meta property=\"og:url\" content=\"https:\/\/tiandeproducts.co.uk\/pl\/zel-pod-prysznic-kawa-po-wiedensku250g\/\" \/>\n<meta property=\"og:site_name\" content=\"TianDe Online Shop - Beauty &amp; Health\" \/>\n<meta property=\"article:publisher\" content=\"https:\/\/www.facebook.com\/tiande.products.england\/\" \/>\n<meta property=\"og:image\" content=\"https:\/\/tiandeproducts.co.uk\/wp-content\/uploads\/32621_.png\" \/>\n\t<meta property=\"og:image:width\" content=\"700\" \/>\n\t<meta property=\"og:image:height\" content=\"700\" \/>\n\t<meta property=\"og:image:type\" content=\"image\/png\" \/>\n<meta name=\"twitter:card\" content=\"summary_large_image\" \/>\n<meta name=\"twitter:label1\" content=\"Szacowany czas czytania\" \/>\n\t<meta name=\"twitter:data1\" content=\"1 minuta\" \/>\n<script type=\"application\/ld+json\" class=\"yoast-schema-graph\">{\"@context\":\"https:\/\/schema.org\",\"@graph\":[{\"@type\":\"WebPage\",\"@id\":\"https:\/\/tiandeproducts.co.uk\/pl\/zel-pod-prysznic-kawa-po-wiedensku250g\/\",\"url\":\"https:\/\/tiandeproducts.co.uk\/pl\/zel-pod-prysznic-kawa-po-wiedensku250g\/\",\"name\":\"\u017bel pod prysznic Kawa po wiede\u0144sku,250g - TianDe Online Shop - Beauty &amp; Health\",\"isPartOf\":{\"@id\":\"https:\/\/tiandeproducts.co.uk\/#website\"},\"primaryImageOfPage\":{\"@id\":\"https:\/\/tiandeproducts.co.uk\/pl\/zel-pod-prysznic-kawa-po-wiedensku250g\/#primaryimage\"},\"image\":{\"@id\":\"https:\/\/tiandeproducts.co.uk\/pl\/zel-pod-prysznic-kawa-po-wiedensku250g\/#primaryimage\"},\"thumbnailUrl\":\"https:\/\/tiandeproducts.co.uk\/wp-content\/uploads\/32621_.png\",\"datePublished\":\"2020-09-22T09:56:06+00:00\",\"dateModified\":\"2020-09-22T09:56:06+00:00\",\"breadcrumb\":{\"@id\":\"https:\/\/tiandeproducts.co.uk\/pl\/zel-pod-prysznic-kawa-po-wiedensku250g\/#breadcrumb\"},\"inLanguage\":\"pl-PL\",\"potentialAction\":[{\"@type\":\"ReadAction\",\"target\":[\"https:\/\/tiandeproducts.co.uk\/pl\/zel-pod-prysznic-kawa-po-wiedensku250g\/\"]}]},{\"@type\":\"ImageObject\",\"inLanguage\":\"pl-PL\",\"@id\":\"https:\/\/tiandeproducts.co.uk\/pl\/zel-pod-prysznic-kawa-po-wiedensku250g\/#primaryimage\",\"url\":\"https:\/\/tiandeproducts.co.uk\/wp-content\/uploads\/32621_.png\",\"contentUrl\":\"https:\/\/tiandeproducts.co.uk\/wp-content\/uploads\/32621_.png\",\"width\":700,\"height\":700},{\"@type\":\"BreadcrumbList\",\"@id\":\"https:\/\/tiandeproducts.co.uk\/pl\/zel-pod-prysznic-kawa-po-wiedensku250g\/#breadcrumb\",\"itemListElement\":[{\"@type\":\"ListItem\",\"position\":1,\"name\":\"Home\",\"item\":\"https:\/\/tiandeproducts.co.uk\/pl\/\"},{\"@type\":\"ListItem\",\"position\":2,\"name\":\"Shop\",\"item\":\"https:\/\/tiandeproducts.co.uk\/pl\/shop-2\/\"},{\"@type\":\"ListItem\",\"position\":3,\"name\":\"\u017bel pod prysznic Kawa po wiede\u0144sku,250g\"}]},{\"@type\":\"WebSite\",\"@id\":\"https:\/\/tiandeproducts.co.uk\/#website\",\"url\":\"https:\/\/tiandeproducts.co.uk\/\",\"name\":\"TianDe Online Shop - Beauty & Health\",\"description\":\"Traditional Chinese Medicine\",\"potentialAction\":[{\"@type\":\"SearchAction\",\"target\":{\"@type\":\"EntryPoint\",\"urlTemplate\":\"https:\/\/tiandeproducts.co.uk\/?s={search_term_string}\"},\"query-input\":{\"@type\":\"PropertyValueSpecification\",\"valueRequired\":true,\"valueName\":\"search_term_string\"}}],\"inLanguage\":\"pl-PL\"}]}<\/script>\n<!-- \/ Yoast SEO plugin. -->","yoast_head_json":{"title":"\u017bel pod prysznic Kawa po wiede\u0144sku,250g - TianDe Online Shop - Beauty &amp; Health","robots":{"index":"index","follow":"follow","max-snippet":"max-snippet:-1","max-image-preview":"max-image-preview:large","max-video-preview":"max-video-preview:-1"},"canonical":"https:\/\/tiandeproducts.co.uk\/pl\/zel-pod-prysznic-kawa-po-wiedensku250g\/","og_locale":"pl_PL","og_type":"article","og_title":"\u017bel pod prysznic Kawa po wiede\u0144sku,250g - TianDe Online Shop - Beauty &amp; Health","og_description":"Earn 6 points worth \u00a30.30 when buying this product Wyobra\u017a sobie, \u017ce siedzisz w przytulnej kawiarni i delektujesz si\u0119 aromatem wy\u015bmienitej kawy\u2026 Jest tak bogata i \u015bwie\u017ca, pe\u0142na i wyrazista! Takiego relaksu do\u015bwiadczysz ka\u017cdego dnia z \u017celem pod prysznic Kawa po wiede\u0144sku z luksusowej serii Hainan Tao! Zapewni Tobie inspiracj\u0119 i dobry nastr\u00f3j na ca\u0142y [...]","og_url":"https:\/\/tiandeproducts.co.uk\/pl\/zel-pod-prysznic-kawa-po-wiedensku250g\/","og_site_name":"TianDe Online Shop - Beauty &amp; Health","article_publisher":"https:\/\/www.facebook.com\/tiande.products.england\/","og_image":[{"width":700,"height":700,"url":"https:\/\/tiandeproducts.co.uk\/wp-content\/uploads\/32621_.png","type":"image\/png"}],"twitter_card":"summary_large_image","twitter_misc":{"Szacowany czas czytania":"1 minuta"},"schema":{"@context":"https:\/\/schema.org","@graph":[{"@type":"WebPage","@id":"https:\/\/tiandeproducts.co.uk\/pl\/zel-pod-prysznic-kawa-po-wiedensku250g\/","url":"https:\/\/tiandeproducts.co.uk\/pl\/zel-pod-prysznic-kawa-po-wiedensku250g\/","name":"\u017bel pod prysznic Kawa po wiede\u0144sku,250g - TianDe Online Shop - Beauty &amp; Health","isPartOf":{"@id":"https:\/\/tiandeproducts.co.uk\/#website"},"primaryImageOfPage":{"@id":"https:\/\/tiandeproducts.co.uk\/pl\/zel-pod-prysznic-kawa-po-wiedensku250g\/#primaryimage"},"image":{"@id":"https:\/\/tiandeproducts.co.uk\/pl\/zel-pod-prysznic-kawa-po-wiedensku250g\/#primaryimage"},"thumbnailUrl":"https:\/\/tiandeproducts.co.uk\/wp-content\/uploads\/32621_.png","datePublished":"2020-09-22T09:56:06+00:00","dateModified":"2020-09-22T09:56:06+00:00","breadcrumb":{"@id":"https:\/\/tiandeproducts.co.uk\/pl\/zel-pod-prysznic-kawa-po-wiedensku250g\/#breadcrumb"},"inLanguage":"pl-PL","potentialAction":[{"@type":"ReadAction","target":["https:\/\/tiandeproducts.co.uk\/pl\/zel-pod-prysznic-kawa-po-wiedensku250g\/"]}]},{"@type":"ImageObject","inLanguage":"pl-PL","@id":"https:\/\/tiandeproducts.co.uk\/pl\/zel-pod-prysznic-kawa-po-wiedensku250g\/#primaryimage","url":"https:\/\/tiandeproducts.co.uk\/wp-content\/uploads\/32621_.png","contentUrl":"https:\/\/tiandeproducts.co.uk\/wp-content\/uploads\/32621_.png","width":700,"height":700},{"@type":"BreadcrumbList","@id":"https:\/\/tiandeproducts.co.uk\/pl\/zel-pod-prysznic-kawa-po-wiedensku250g\/#breadcrumb","itemListElement":[{"@type":"ListItem","position":1,"name":"Home","item":"https:\/\/tiandeproducts.co.uk\/pl\/"},{"@type":"ListItem","position":2,"name":"Shop","item":"https:\/\/tiandeproducts.co.uk\/pl\/shop-2\/"},{"@type":"ListItem","position":3,"name":"\u017bel pod prysznic Kawa po wiede\u0144sku,250g"}]},{"@type":"WebSite","@id":"https:\/\/tiandeproducts.co.uk\/#website","url":"https:\/\/tiandeproducts.co.uk\/","name":"TianDe Online Shop - Beauty & Health","description":"Traditional Chinese Medicine","potentialAction":[{"@type":"SearchAction","target":{"@type":"EntryPoint","urlTemplate":"https:\/\/tiandeproducts.co.uk\/?s={search_term_string}"},"query-input":{"@type":"PropertyValueSpecification","valueRequired":true,"valueName":"search_term_string"}}],"inLanguage":"pl-PL"}]}},"_links":{"self":[{"href":"https:\/\/tiandeproducts.co.uk\/pl\/wp-json\/wp\/v2\/product\/15727","targetHints":{"allow":["GET"]}}],"collection":[{"href":"https:\/\/tiandeproducts.co.uk\/pl\/wp-json\/wp\/v2\/product"}],"about":[{"href":"https:\/\/tiandeproducts.co.uk\/pl\/wp-json\/wp\/v2\/types\/product"}],"replies":[{"embeddable":true,"href":"https:\/\/tiandeproducts.co.uk\/pl\/wp-json\/wp\/v2\/comments?post=15727"}],"wp:featuredmedia":[{"embeddable":true,"href":"https:\/\/tiandeproducts.co.uk\/pl\/wp-json\/wp\/v2\/media\/14518"}],"wp:attachment":[{"href":"https:\/\/tiandeproducts.co.uk\/pl\/wp-json\/wp\/v2\/media?parent=15727"}],"wp:term":[{"taxonomy":"product_cat","embeddable":true,"href":"https:\/\/tiandeproducts.co.uk\/pl\/wp-json\/wp\/v2\/product_cat?post=15727"},{"taxonomy":"product_tag","embeddable":true,"href":"https:\/\/tiandeproducts.co.uk\/pl\/wp-json\/wp\/v2\/product_tag?post=15727"}],"curies":[{"name":"wp","href":"https:\/\/api.w.org\/{rel}","templated":true}]}}