{"id":15723,"date":"2020-09-22T11:02:48","date_gmt":"2020-09-22T10:02:48","guid":{"rendered":"https:\/\/www.tiandeproducts.co.uk\/zel-pod-prysznic-likier-mandarynkowy250g\/"},"modified":"2020-09-22T11:02:48","modified_gmt":"2020-09-22T10:02:48","slug":"zel-pod-prysznic-likier-mandarynkowy250g","status":"publish","type":"product","link":"https:\/\/tiandeproducts.co.uk\/pl\/zel-pod-prysznic-likier-mandarynkowy250g\/","title":{"rendered":"\u017bel pod prysznic Likier mandarynkowy,250g"},"content":{"rendered":"<div class=\"desc_points\"><img decoding=\"async\" style=\"max-width: 16px; margin-right: 5px;\" src=\"https:\/\/tiandeproducts.co.uk\/wp-content\/uploads\/points-green.svg\" \/> Earn 6 points worth \u00a30.30 when buying this product<\/div>\n<div class=\"description\"><\/div>\n<div class=\"instruction\">\n<div class=\"description\">\n<p>Podaruj sobie luksusowe SPA, spok\u00f3j i wyj\u0105tkowe wra\u017cenia. Poczuj odurzaj\u0105cy zapach mandarynki, skorzystaj z mo\u017cliwo\u015bci, by pozby\u0107 si\u0119 problem\u00f3w i znale\u017a\u0107 si\u0119 w malutkim zak\u0105tku raju, stworzonym specjalnie dla Ciebie\u2026 a wszystko to we w\u0142asnej \u0142azience.<\/p>\n<p>\u017bel pod prysznic Likier mandarynkowy z serii Hainan Tao to zapach, kt\u00f3ry przyprawi Ci\u0119 o zawr\u00f3t g\u0142owy, ale to te\u017c mi\u0119kka pianka i delikatna piel\u0119gnacja sk\u00f3ry w jednym.<\/p>\n<p>Zapach ma niesamowit\u0105 w\u0142a\u015bciwo\u015b\u0107: podoba si\u0119 ka\u017cdemu, niezale\u017cnie od wieku i p\u0142ci. S\u0142odki i pe\u0142ny aromat przyci\u0105ga po\u0142\u0105czeniem gorzkich ton\u00f3w z kwiatowo-owocow\u0105 baz\u0105.<\/p>\n<p>\u017bel pod prysznic Likier mandarynkowy pomo\u017ce rozpocz\u0105\u0107 i zako\u0144czy\u0107 dzie\u0144 pozytywnymi my\u015blami, uwolni\u0107 si\u0119 od nudy i nape\u0142ni\u0107 rado\u015bci\u0105.<\/p>\n<\/div>\n<div class=\"instruction\">\n<p><strong>ZASTOSOWANIE:<\/strong><\/p>\n<p>Na\u0142\u00f3\u017c r\u00f3wnomiernie na wilgotn\u0105 sk\u00f3r\u0119, dok\u0142adnie sp\u0142ucz wod\u0105.<\/p>\n<\/div>\n<\/div>\n","protected":false},"excerpt":{"rendered":"<p>Earn 6 points worth \u00a30.30 when buying this product Podaruj sobie luksusowe SPA, spok\u00f3j i wyj\u0105tkowe wra\u017cenia. Poczuj odurzaj\u0105cy zapach mandarynki, skorzystaj z mo\u017cliwo\u015bci, by pozby\u0107 si\u0119 problem\u00f3w i znale\u017a\u0107 si\u0119 w malutkim zak\u0105tku raju, stworzonym specjalnie dla Ciebie\u2026 a wszystko to we w\u0142asnej \u0142azience. \u017bel pod prysznic Likier mandarynkowy z serii Hainan Tao to [&#8230;]\n","protected":false},"featured_media":14529,"comment_status":"open","ping_status":"closed","template":"","meta":[],"product_cat":[498,736],"product_tag":[],"class_list":{"0":"post-15723","1":"product","2":"type-product","3":"status-publish","4":"has-post-thumbnail","6":"product_cat-pielegnacja-ciala","7":"product_cat-zel-do-mycia-ciala","9":"first","10":"instock","11":"sale","12":"shipping-taxable","13":"purchasable","14":"product-type-simple"},"yoast_head":"<!-- This site is optimized with the Yoast SEO plugin v23.6 - https:\/\/yoast.com\/wordpress\/plugins\/seo\/ -->\n<title>\u017bel pod prysznic Likier mandarynkowy,250g - TianDe Online Shop - Beauty &amp; Health<\/title>\n<meta name=\"robots\" content=\"index, follow, max-snippet:-1, max-image-preview:large, max-video-preview:-1\" \/>\n<link rel=\"canonical\" href=\"https:\/\/tiandeproducts.co.uk\/pl\/zel-pod-prysznic-likier-mandarynkowy250g\/\" \/>\n<meta property=\"og:locale\" content=\"pl_PL\" \/>\n<meta property=\"og:type\" content=\"article\" \/>\n<meta property=\"og:title\" content=\"\u017bel pod prysznic Likier mandarynkowy,250g - TianDe Online Shop - Beauty &amp; Health\" \/>\n<meta property=\"og:description\" content=\"Earn 6 points worth \u00a30.30 when buying this product Podaruj sobie luksusowe SPA, spok\u00f3j i wyj\u0105tkowe wra\u017cenia. Poczuj odurzaj\u0105cy zapach mandarynki, skorzystaj z mo\u017cliwo\u015bci, by pozby\u0107 si\u0119 problem\u00f3w i znale\u017a\u0107 si\u0119 w malutkim zak\u0105tku raju, stworzonym specjalnie dla Ciebie\u2026 a wszystko to we w\u0142asnej \u0142azience. \u017bel pod prysznic Likier mandarynkowy z serii Hainan Tao to [...]\" \/>\n<meta property=\"og:url\" content=\"https:\/\/tiandeproducts.co.uk\/pl\/zel-pod-prysznic-likier-mandarynkowy250g\/\" \/>\n<meta property=\"og:site_name\" content=\"TianDe Online Shop - Beauty &amp; Health\" \/>\n<meta property=\"article:publisher\" content=\"https:\/\/www.facebook.com\/tiande.products.england\/\" \/>\n<meta property=\"og:image\" content=\"https:\/\/tiandeproducts.co.uk\/wp-content\/uploads\/32623.png\" \/>\n\t<meta property=\"og:image:width\" content=\"700\" \/>\n\t<meta property=\"og:image:height\" content=\"700\" \/>\n\t<meta property=\"og:image:type\" content=\"image\/png\" \/>\n<meta name=\"twitter:card\" content=\"summary_large_image\" \/>\n<meta name=\"twitter:label1\" content=\"Szacowany czas czytania\" \/>\n\t<meta name=\"twitter:data1\" content=\"1 minuta\" \/>\n<script type=\"application\/ld+json\" class=\"yoast-schema-graph\">{\"@context\":\"https:\/\/schema.org\",\"@graph\":[{\"@type\":\"WebPage\",\"@id\":\"https:\/\/tiandeproducts.co.uk\/pl\/zel-pod-prysznic-likier-mandarynkowy250g\/\",\"url\":\"https:\/\/tiandeproducts.co.uk\/pl\/zel-pod-prysznic-likier-mandarynkowy250g\/\",\"name\":\"\u017bel pod prysznic Likier mandarynkowy,250g - TianDe Online Shop - Beauty &amp; Health\",\"isPartOf\":{\"@id\":\"https:\/\/tiandeproducts.co.uk\/#website\"},\"primaryImageOfPage\":{\"@id\":\"https:\/\/tiandeproducts.co.uk\/pl\/zel-pod-prysznic-likier-mandarynkowy250g\/#primaryimage\"},\"image\":{\"@id\":\"https:\/\/tiandeproducts.co.uk\/pl\/zel-pod-prysznic-likier-mandarynkowy250g\/#primaryimage\"},\"thumbnailUrl\":\"https:\/\/tiandeproducts.co.uk\/wp-content\/uploads\/32623.png\",\"datePublished\":\"2020-09-22T10:02:48+00:00\",\"dateModified\":\"2020-09-22T10:02:48+00:00\",\"breadcrumb\":{\"@id\":\"https:\/\/tiandeproducts.co.uk\/pl\/zel-pod-prysznic-likier-mandarynkowy250g\/#breadcrumb\"},\"inLanguage\":\"pl-PL\",\"potentialAction\":[{\"@type\":\"ReadAction\",\"target\":[\"https:\/\/tiandeproducts.co.uk\/pl\/zel-pod-prysznic-likier-mandarynkowy250g\/\"]}]},{\"@type\":\"ImageObject\",\"inLanguage\":\"pl-PL\",\"@id\":\"https:\/\/tiandeproducts.co.uk\/pl\/zel-pod-prysznic-likier-mandarynkowy250g\/#primaryimage\",\"url\":\"https:\/\/tiandeproducts.co.uk\/wp-content\/uploads\/32623.png\",\"contentUrl\":\"https:\/\/tiandeproducts.co.uk\/wp-content\/uploads\/32623.png\",\"width\":700,\"height\":700},{\"@type\":\"BreadcrumbList\",\"@id\":\"https:\/\/tiandeproducts.co.uk\/pl\/zel-pod-prysznic-likier-mandarynkowy250g\/#breadcrumb\",\"itemListElement\":[{\"@type\":\"ListItem\",\"position\":1,\"name\":\"Home\",\"item\":\"https:\/\/tiandeproducts.co.uk\/pl\/\"},{\"@type\":\"ListItem\",\"position\":2,\"name\":\"Shop\",\"item\":\"https:\/\/tiandeproducts.co.uk\/pl\/shop-2\/\"},{\"@type\":\"ListItem\",\"position\":3,\"name\":\"\u017bel pod prysznic Likier mandarynkowy,250g\"}]},{\"@type\":\"WebSite\",\"@id\":\"https:\/\/tiandeproducts.co.uk\/#website\",\"url\":\"https:\/\/tiandeproducts.co.uk\/\",\"name\":\"TianDe Online Shop - Beauty & Health\",\"description\":\"Traditional Chinese Medicine\",\"potentialAction\":[{\"@type\":\"SearchAction\",\"target\":{\"@type\":\"EntryPoint\",\"urlTemplate\":\"https:\/\/tiandeproducts.co.uk\/?s={search_term_string}\"},\"query-input\":{\"@type\":\"PropertyValueSpecification\",\"valueRequired\":true,\"valueName\":\"search_term_string\"}}],\"inLanguage\":\"pl-PL\"}]}<\/script>\n<!-- \/ Yoast SEO plugin. -->","yoast_head_json":{"title":"\u017bel pod prysznic Likier mandarynkowy,250g - TianDe Online Shop - Beauty &amp; Health","robots":{"index":"index","follow":"follow","max-snippet":"max-snippet:-1","max-image-preview":"max-image-preview:large","max-video-preview":"max-video-preview:-1"},"canonical":"https:\/\/tiandeproducts.co.uk\/pl\/zel-pod-prysznic-likier-mandarynkowy250g\/","og_locale":"pl_PL","og_type":"article","og_title":"\u017bel pod prysznic Likier mandarynkowy,250g - TianDe Online Shop - Beauty &amp; Health","og_description":"Earn 6 points worth \u00a30.30 when buying this product Podaruj sobie luksusowe SPA, spok\u00f3j i wyj\u0105tkowe wra\u017cenia. Poczuj odurzaj\u0105cy zapach mandarynki, skorzystaj z mo\u017cliwo\u015bci, by pozby\u0107 si\u0119 problem\u00f3w i znale\u017a\u0107 si\u0119 w malutkim zak\u0105tku raju, stworzonym specjalnie dla Ciebie\u2026 a wszystko to we w\u0142asnej \u0142azience. \u017bel pod prysznic Likier mandarynkowy z serii Hainan Tao to [...]","og_url":"https:\/\/tiandeproducts.co.uk\/pl\/zel-pod-prysznic-likier-mandarynkowy250g\/","og_site_name":"TianDe Online Shop - Beauty &amp; Health","article_publisher":"https:\/\/www.facebook.com\/tiande.products.england\/","og_image":[{"width":700,"height":700,"url":"https:\/\/tiandeproducts.co.uk\/wp-content\/uploads\/32623.png","type":"image\/png"}],"twitter_card":"summary_large_image","twitter_misc":{"Szacowany czas czytania":"1 minuta"},"schema":{"@context":"https:\/\/schema.org","@graph":[{"@type":"WebPage","@id":"https:\/\/tiandeproducts.co.uk\/pl\/zel-pod-prysznic-likier-mandarynkowy250g\/","url":"https:\/\/tiandeproducts.co.uk\/pl\/zel-pod-prysznic-likier-mandarynkowy250g\/","name":"\u017bel pod prysznic Likier mandarynkowy,250g - TianDe Online Shop - Beauty &amp; Health","isPartOf":{"@id":"https:\/\/tiandeproducts.co.uk\/#website"},"primaryImageOfPage":{"@id":"https:\/\/tiandeproducts.co.uk\/pl\/zel-pod-prysznic-likier-mandarynkowy250g\/#primaryimage"},"image":{"@id":"https:\/\/tiandeproducts.co.uk\/pl\/zel-pod-prysznic-likier-mandarynkowy250g\/#primaryimage"},"thumbnailUrl":"https:\/\/tiandeproducts.co.uk\/wp-content\/uploads\/32623.png","datePublished":"2020-09-22T10:02:48+00:00","dateModified":"2020-09-22T10:02:48+00:00","breadcrumb":{"@id":"https:\/\/tiandeproducts.co.uk\/pl\/zel-pod-prysznic-likier-mandarynkowy250g\/#breadcrumb"},"inLanguage":"pl-PL","potentialAction":[{"@type":"ReadAction","target":["https:\/\/tiandeproducts.co.uk\/pl\/zel-pod-prysznic-likier-mandarynkowy250g\/"]}]},{"@type":"ImageObject","inLanguage":"pl-PL","@id":"https:\/\/tiandeproducts.co.uk\/pl\/zel-pod-prysznic-likier-mandarynkowy250g\/#primaryimage","url":"https:\/\/tiandeproducts.co.uk\/wp-content\/uploads\/32623.png","contentUrl":"https:\/\/tiandeproducts.co.uk\/wp-content\/uploads\/32623.png","width":700,"height":700},{"@type":"BreadcrumbList","@id":"https:\/\/tiandeproducts.co.uk\/pl\/zel-pod-prysznic-likier-mandarynkowy250g\/#breadcrumb","itemListElement":[{"@type":"ListItem","position":1,"name":"Home","item":"https:\/\/tiandeproducts.co.uk\/pl\/"},{"@type":"ListItem","position":2,"name":"Shop","item":"https:\/\/tiandeproducts.co.uk\/pl\/shop-2\/"},{"@type":"ListItem","position":3,"name":"\u017bel pod prysznic Likier mandarynkowy,250g"}]},{"@type":"WebSite","@id":"https:\/\/tiandeproducts.co.uk\/#website","url":"https:\/\/tiandeproducts.co.uk\/","name":"TianDe Online Shop - Beauty & Health","description":"Traditional Chinese Medicine","potentialAction":[{"@type":"SearchAction","target":{"@type":"EntryPoint","urlTemplate":"https:\/\/tiandeproducts.co.uk\/?s={search_term_string}"},"query-input":{"@type":"PropertyValueSpecification","valueRequired":true,"valueName":"search_term_string"}}],"inLanguage":"pl-PL"}]}},"_links":{"self":[{"href":"https:\/\/tiandeproducts.co.uk\/pl\/wp-json\/wp\/v2\/product\/15723","targetHints":{"allow":["GET"]}}],"collection":[{"href":"https:\/\/tiandeproducts.co.uk\/pl\/wp-json\/wp\/v2\/product"}],"about":[{"href":"https:\/\/tiandeproducts.co.uk\/pl\/wp-json\/wp\/v2\/types\/product"}],"replies":[{"embeddable":true,"href":"https:\/\/tiandeproducts.co.uk\/pl\/wp-json\/wp\/v2\/comments?post=15723"}],"wp:featuredmedia":[{"embeddable":true,"href":"https:\/\/tiandeproducts.co.uk\/pl\/wp-json\/wp\/v2\/media\/14529"}],"wp:attachment":[{"href":"https:\/\/tiandeproducts.co.uk\/pl\/wp-json\/wp\/v2\/media?parent=15723"}],"wp:term":[{"taxonomy":"product_cat","embeddable":true,"href":"https:\/\/tiandeproducts.co.uk\/pl\/wp-json\/wp\/v2\/product_cat?post=15723"},{"taxonomy":"product_tag","embeddable":true,"href":"https:\/\/tiandeproducts.co.uk\/pl\/wp-json\/wp\/v2\/product_tag?post=15723"}],"curies":[{"name":"wp","href":"https:\/\/api.w.org\/{rel}","templated":true}]}}