{"id":15720,"date":"2020-09-22T11:09:24","date_gmt":"2020-09-22T10:09:24","guid":{"rendered":"https:\/\/www.tiandeproducts.co.uk\/lawendowy-plaster-do-stop\/"},"modified":"2020-09-22T11:09:24","modified_gmt":"2020-09-22T10:09:24","slug":"lawendowy-plaster-do-stop","status":"publish","type":"product","link":"https:\/\/tiandeproducts.co.uk\/pl\/lawendowy-plaster-do-stop\/","title":{"rendered":"Lawendowy plaster do st\u00f3p,2 szt."},"content":{"rendered":"<div class=\"desc_points\"><img decoding=\"async\" style=\"max-width: 16px; margin-right: 5px;\" src=\"https:\/\/tiandeproducts.co.uk\/wp-content\/uploads\/points-green.svg\" \/> Earn 5 points worth \u00a30.25 when buying this product<\/div>\n<div class=\"description\"><\/div>\n<div class=\"instruction\">\n<div class=\"description\">\n<p>Czujesz zm\u0119czenie zaraz po przebudzeniu i szybkie znu\u017cenie? Wydaje Ci si\u0119, \u017ce cz\u0119\u015bciej ulegasz przezi\u0119bieniom i alergiom, a stan sk\u00f3ry i w\u0142os\u00f3w pogorszy\u0142 si\u0119? Uczucie ci\u0119\u017cko\u015bci w organizmie, os\u0142abienie, senno\u015b\u0107, spadek apetytu, rozdra\u017cnienie \u2013 wszystko to tylko cz\u0119\u015b\u0107 objaw\u00f3w zatrucia toksynami. Tw\u00f3j organizm potrzebuje oczyszczania!<\/p>\n<p>Lawendowy plaster do st\u00f3p od TianDe to po\u0142\u0105czenie wielowiekowych tradycji Chin i nowoczesnych technologii. Sk\u0142adniki aktywne plastra:<br \/>\n&#8211; oddzia\u0142uj\u0105 na punkty akupresurowe, znajduj\u0105ce si\u0119 na stopie, sprzyjaj\u0105c oczyszczaniu organizmu;<br \/>\n&#8211; aktywuj\u0105 procesy usuwania toksyn i szkodliwych substancji z organizmu;<br \/>\n&#8211; pomagaj\u0105 zmniejszy\u0107 dyskomfort, zm\u0119czenie, nadmierne napi\u0119cie i uczucie \u201eci\u0119\u017ckich n\u00f3g\u201c.<\/p>\n<p>Sk\u0142ad plastra jest wzbogacony o turmalin, kt\u00f3ry poprawia przep\u0142yw limfy, przyspieszaj\u0105c procesy oczyszczania.<\/p>\n<p>Efekty regularnego i kompleksowego oczyszczania organizmu to poprawa og\u00f3lnego samopoczucia, lekko\u015b\u0107 od wewn\u0105trz i pi\u0119kno na zewn\u0105trz!<\/p>\n<\/div>\n<div class=\"instruction\">\n<p><strong>ZASTOSOWANIE:<\/strong><\/p>\n<p>U\u017cywa\u0107 w czasie snu przez 6-8 godzin. Zdejmij papier ochronny, naklej plaster na czyste stopy i doci\u015bnij, aby przymocowa\u0107. Rano zdejmij plaster i op\u0142ucz stopy wod\u0105. Nale\u017cy u\u017cy\u0107 niezw\u0142ocznie po otwarciu opakowania.<\/p>\n<\/div>\n<\/div>\n","protected":false},"excerpt":{"rendered":"<p>Earn 5 points worth \u00a30.25 when buying this product Czujesz zm\u0119czenie zaraz po przebudzeniu i szybkie znu\u017cenie? Wydaje Ci si\u0119, \u017ce cz\u0119\u015bciej ulegasz przezi\u0119bieniom i alergiom, a stan sk\u00f3ry i w\u0142os\u00f3w pogorszy\u0142 si\u0119? Uczucie ci\u0119\u017cko\u015bci w organizmie, os\u0142abienie, senno\u015b\u0107, spadek apetytu, rozdra\u017cnienie \u2013 wszystko to tylko cz\u0119\u015b\u0107 objaw\u00f3w zatrucia toksynami. Tw\u00f3j organizm potrzebuje oczyszczania! Lawendowy [&#8230;]\n","protected":false},"featured_media":14539,"comment_status":"open","ping_status":"closed","template":"","meta":[],"product_cat":[498,552,836,833,745],"product_tag":[],"class_list":{"0":"post-15720","1":"product","2":"type-product","3":"status-publish","4":"has-post-thumbnail","6":"product_cat-pielegnacja-ciala","7":"product_cat-master-herb-pl","8":"product_cat-plastry-fito","9":"product_cat-wellness-pl","10":"product_cat-zdrowie","12":"first","13":"instock","14":"shipping-taxable","15":"purchasable","16":"product-type-simple"},"yoast_head":"<!-- This site is optimized with the Yoast SEO plugin v23.6 - https:\/\/yoast.com\/wordpress\/plugins\/seo\/ -->\n<title>Lawendowy plaster do st\u00f3p,2 szt. - TianDe Online Shop - Beauty &amp; Health<\/title>\n<meta name=\"robots\" content=\"index, follow, max-snippet:-1, max-image-preview:large, max-video-preview:-1\" \/>\n<link rel=\"canonical\" href=\"https:\/\/tiandeproducts.co.uk\/pl\/lawendowy-plaster-do-stop\/\" \/>\n<meta property=\"og:locale\" content=\"pl_PL\" \/>\n<meta property=\"og:type\" content=\"article\" \/>\n<meta property=\"og:title\" content=\"Lawendowy plaster do st\u00f3p,2 szt. - TianDe Online Shop - Beauty &amp; Health\" \/>\n<meta property=\"og:description\" content=\"Earn 5 points worth \u00a30.25 when buying this product Czujesz zm\u0119czenie zaraz po przebudzeniu i szybkie znu\u017cenie? Wydaje Ci si\u0119, \u017ce cz\u0119\u015bciej ulegasz przezi\u0119bieniom i alergiom, a stan sk\u00f3ry i w\u0142os\u00f3w pogorszy\u0142 si\u0119? Uczucie ci\u0119\u017cko\u015bci w organizmie, os\u0142abienie, senno\u015b\u0107, spadek apetytu, rozdra\u017cnienie \u2013 wszystko to tylko cz\u0119\u015b\u0107 objaw\u00f3w zatrucia toksynami. Tw\u00f3j organizm potrzebuje oczyszczania! Lawendowy [...]\" \/>\n<meta property=\"og:url\" content=\"https:\/\/tiandeproducts.co.uk\/pl\/lawendowy-plaster-do-stop\/\" \/>\n<meta property=\"og:site_name\" content=\"TianDe Online Shop - Beauty &amp; Health\" \/>\n<meta property=\"article:publisher\" content=\"https:\/\/www.facebook.com\/tiande.products.england\/\" \/>\n<meta property=\"og:image\" content=\"https:\/\/tiandeproducts.co.uk\/wp-content\/uploads\/master-herb-\u043b\u0430\u0432\u0430\u043d\u0434\u0430.png\" \/>\n\t<meta property=\"og:image:width\" content=\"700\" \/>\n\t<meta property=\"og:image:height\" content=\"700\" \/>\n\t<meta property=\"og:image:type\" content=\"image\/png\" \/>\n<meta name=\"twitter:card\" content=\"summary_large_image\" \/>\n<meta name=\"twitter:label1\" content=\"Szacowany czas czytania\" \/>\n\t<meta name=\"twitter:data1\" content=\"1 minuta\" \/>\n<script type=\"application\/ld+json\" class=\"yoast-schema-graph\">{\"@context\":\"https:\/\/schema.org\",\"@graph\":[{\"@type\":\"WebPage\",\"@id\":\"https:\/\/tiandeproducts.co.uk\/pl\/lawendowy-plaster-do-stop\/\",\"url\":\"https:\/\/tiandeproducts.co.uk\/pl\/lawendowy-plaster-do-stop\/\",\"name\":\"Lawendowy plaster do st\u00f3p,2 szt. - TianDe Online Shop - Beauty &amp; Health\",\"isPartOf\":{\"@id\":\"https:\/\/tiandeproducts.co.uk\/#website\"},\"primaryImageOfPage\":{\"@id\":\"https:\/\/tiandeproducts.co.uk\/pl\/lawendowy-plaster-do-stop\/#primaryimage\"},\"image\":{\"@id\":\"https:\/\/tiandeproducts.co.uk\/pl\/lawendowy-plaster-do-stop\/#primaryimage\"},\"thumbnailUrl\":\"https:\/\/tiandeproducts.co.uk\/wp-content\/uploads\/master-herb-\u043b\u0430\u0432\u0430\u043d\u0434\u0430.png\",\"datePublished\":\"2020-09-22T10:09:24+00:00\",\"dateModified\":\"2020-09-22T10:09:24+00:00\",\"breadcrumb\":{\"@id\":\"https:\/\/tiandeproducts.co.uk\/pl\/lawendowy-plaster-do-stop\/#breadcrumb\"},\"inLanguage\":\"pl-PL\",\"potentialAction\":[{\"@type\":\"ReadAction\",\"target\":[\"https:\/\/tiandeproducts.co.uk\/pl\/lawendowy-plaster-do-stop\/\"]}]},{\"@type\":\"ImageObject\",\"inLanguage\":\"pl-PL\",\"@id\":\"https:\/\/tiandeproducts.co.uk\/pl\/lawendowy-plaster-do-stop\/#primaryimage\",\"url\":\"https:\/\/tiandeproducts.co.uk\/wp-content\/uploads\/master-herb-\u043b\u0430\u0432\u0430\u043d\u0434\u0430.png\",\"contentUrl\":\"https:\/\/tiandeproducts.co.uk\/wp-content\/uploads\/master-herb-\u043b\u0430\u0432\u0430\u043d\u0434\u0430.png\",\"width\":700,\"height\":700},{\"@type\":\"BreadcrumbList\",\"@id\":\"https:\/\/tiandeproducts.co.uk\/pl\/lawendowy-plaster-do-stop\/#breadcrumb\",\"itemListElement\":[{\"@type\":\"ListItem\",\"position\":1,\"name\":\"Home\",\"item\":\"https:\/\/tiandeproducts.co.uk\/pl\/\"},{\"@type\":\"ListItem\",\"position\":2,\"name\":\"Shop\",\"item\":\"https:\/\/tiandeproducts.co.uk\/pl\/shop-2\/\"},{\"@type\":\"ListItem\",\"position\":3,\"name\":\"Lawendowy plaster do st\u00f3p,2 szt.\"}]},{\"@type\":\"WebSite\",\"@id\":\"https:\/\/tiandeproducts.co.uk\/#website\",\"url\":\"https:\/\/tiandeproducts.co.uk\/\",\"name\":\"TianDe Online Shop - Beauty & Health\",\"description\":\"Traditional Chinese Medicine\",\"potentialAction\":[{\"@type\":\"SearchAction\",\"target\":{\"@type\":\"EntryPoint\",\"urlTemplate\":\"https:\/\/tiandeproducts.co.uk\/?s={search_term_string}\"},\"query-input\":{\"@type\":\"PropertyValueSpecification\",\"valueRequired\":true,\"valueName\":\"search_term_string\"}}],\"inLanguage\":\"pl-PL\"}]}<\/script>\n<!-- \/ Yoast SEO plugin. -->","yoast_head_json":{"title":"Lawendowy plaster do st\u00f3p,2 szt. - TianDe Online Shop - Beauty &amp; Health","robots":{"index":"index","follow":"follow","max-snippet":"max-snippet:-1","max-image-preview":"max-image-preview:large","max-video-preview":"max-video-preview:-1"},"canonical":"https:\/\/tiandeproducts.co.uk\/pl\/lawendowy-plaster-do-stop\/","og_locale":"pl_PL","og_type":"article","og_title":"Lawendowy plaster do st\u00f3p,2 szt. - TianDe Online Shop - Beauty &amp; Health","og_description":"Earn 5 points worth \u00a30.25 when buying this product Czujesz zm\u0119czenie zaraz po przebudzeniu i szybkie znu\u017cenie? Wydaje Ci si\u0119, \u017ce cz\u0119\u015bciej ulegasz przezi\u0119bieniom i alergiom, a stan sk\u00f3ry i w\u0142os\u00f3w pogorszy\u0142 si\u0119? Uczucie ci\u0119\u017cko\u015bci w organizmie, os\u0142abienie, senno\u015b\u0107, spadek apetytu, rozdra\u017cnienie \u2013 wszystko to tylko cz\u0119\u015b\u0107 objaw\u00f3w zatrucia toksynami. Tw\u00f3j organizm potrzebuje oczyszczania! Lawendowy [...]","og_url":"https:\/\/tiandeproducts.co.uk\/pl\/lawendowy-plaster-do-stop\/","og_site_name":"TianDe Online Shop - Beauty &amp; Health","article_publisher":"https:\/\/www.facebook.com\/tiande.products.england\/","og_image":[{"width":700,"height":700,"url":"https:\/\/tiandeproducts.co.uk\/wp-content\/uploads\/master-herb-\u043b\u0430\u0432\u0430\u043d\u0434\u0430.png","type":"image\/png"}],"twitter_card":"summary_large_image","twitter_misc":{"Szacowany czas czytania":"1 minuta"},"schema":{"@context":"https:\/\/schema.org","@graph":[{"@type":"WebPage","@id":"https:\/\/tiandeproducts.co.uk\/pl\/lawendowy-plaster-do-stop\/","url":"https:\/\/tiandeproducts.co.uk\/pl\/lawendowy-plaster-do-stop\/","name":"Lawendowy plaster do st\u00f3p,2 szt. - TianDe Online Shop - Beauty &amp; Health","isPartOf":{"@id":"https:\/\/tiandeproducts.co.uk\/#website"},"primaryImageOfPage":{"@id":"https:\/\/tiandeproducts.co.uk\/pl\/lawendowy-plaster-do-stop\/#primaryimage"},"image":{"@id":"https:\/\/tiandeproducts.co.uk\/pl\/lawendowy-plaster-do-stop\/#primaryimage"},"thumbnailUrl":"https:\/\/tiandeproducts.co.uk\/wp-content\/uploads\/master-herb-\u043b\u0430\u0432\u0430\u043d\u0434\u0430.png","datePublished":"2020-09-22T10:09:24+00:00","dateModified":"2020-09-22T10:09:24+00:00","breadcrumb":{"@id":"https:\/\/tiandeproducts.co.uk\/pl\/lawendowy-plaster-do-stop\/#breadcrumb"},"inLanguage":"pl-PL","potentialAction":[{"@type":"ReadAction","target":["https:\/\/tiandeproducts.co.uk\/pl\/lawendowy-plaster-do-stop\/"]}]},{"@type":"ImageObject","inLanguage":"pl-PL","@id":"https:\/\/tiandeproducts.co.uk\/pl\/lawendowy-plaster-do-stop\/#primaryimage","url":"https:\/\/tiandeproducts.co.uk\/wp-content\/uploads\/master-herb-\u043b\u0430\u0432\u0430\u043d\u0434\u0430.png","contentUrl":"https:\/\/tiandeproducts.co.uk\/wp-content\/uploads\/master-herb-\u043b\u0430\u0432\u0430\u043d\u0434\u0430.png","width":700,"height":700},{"@type":"BreadcrumbList","@id":"https:\/\/tiandeproducts.co.uk\/pl\/lawendowy-plaster-do-stop\/#breadcrumb","itemListElement":[{"@type":"ListItem","position":1,"name":"Home","item":"https:\/\/tiandeproducts.co.uk\/pl\/"},{"@type":"ListItem","position":2,"name":"Shop","item":"https:\/\/tiandeproducts.co.uk\/pl\/shop-2\/"},{"@type":"ListItem","position":3,"name":"Lawendowy plaster do st\u00f3p,2 szt."}]},{"@type":"WebSite","@id":"https:\/\/tiandeproducts.co.uk\/#website","url":"https:\/\/tiandeproducts.co.uk\/","name":"TianDe Online Shop - Beauty & Health","description":"Traditional Chinese Medicine","potentialAction":[{"@type":"SearchAction","target":{"@type":"EntryPoint","urlTemplate":"https:\/\/tiandeproducts.co.uk\/?s={search_term_string}"},"query-input":{"@type":"PropertyValueSpecification","valueRequired":true,"valueName":"search_term_string"}}],"inLanguage":"pl-PL"}]}},"_links":{"self":[{"href":"https:\/\/tiandeproducts.co.uk\/pl\/wp-json\/wp\/v2\/product\/15720","targetHints":{"allow":["GET"]}}],"collection":[{"href":"https:\/\/tiandeproducts.co.uk\/pl\/wp-json\/wp\/v2\/product"}],"about":[{"href":"https:\/\/tiandeproducts.co.uk\/pl\/wp-json\/wp\/v2\/types\/product"}],"replies":[{"embeddable":true,"href":"https:\/\/tiandeproducts.co.uk\/pl\/wp-json\/wp\/v2\/comments?post=15720"}],"wp:featuredmedia":[{"embeddable":true,"href":"https:\/\/tiandeproducts.co.uk\/pl\/wp-json\/wp\/v2\/media\/14539"}],"wp:attachment":[{"href":"https:\/\/tiandeproducts.co.uk\/pl\/wp-json\/wp\/v2\/media?parent=15720"}],"wp:term":[{"taxonomy":"product_cat","embeddable":true,"href":"https:\/\/tiandeproducts.co.uk\/pl\/wp-json\/wp\/v2\/product_cat?post=15720"},{"taxonomy":"product_tag","embeddable":true,"href":"https:\/\/tiandeproducts.co.uk\/pl\/wp-json\/wp\/v2\/product_tag?post=15720"}],"curies":[{"name":"wp","href":"https:\/\/api.w.org\/{rel}","templated":true}]}}