{"id":15716,"date":"2020-09-22T11:12:02","date_gmt":"2020-09-22T10:12:02","guid":{"rendered":"https:\/\/www.tiandeproducts.co.uk\/krem-do-rak-dla-mezczyzn75g\/"},"modified":"2020-09-22T11:12:02","modified_gmt":"2020-09-22T10:12:02","slug":"krem-do-rak-dla-mezczyzn75g","status":"publish","type":"product","link":"https:\/\/tiandeproducts.co.uk\/pl\/krem-do-rak-dla-mezczyzn75g\/","title":{"rendered":"Krem do r\u0105k dla m\u0119\u017cczyzn,75g"},"content":{"rendered":"<div class=\"desc_points\"><img decoding=\"async\" style=\"max-width: 16px; margin-right: 5px;\" src=\"https:\/\/tiandeproducts.co.uk\/wp-content\/uploads\/points-green.svg\" \/> Earn 4 points worth \u00a30.20 when buying this product<\/div>\n<div class=\"description\"><\/div>\n<div class=\"instruction\">\n<div class=\"description\">\n<p>Pomimo tego, \u017ce m\u0119ska sk\u00f3ra jest grubsza, r\u00f3wnie\u017c potrzebuje odpowiedniej piel\u0119gnacji. Praca fizyczna, w\u0142a\u015bciwe hobby ka\u017cdego faceta, czasem nawet w wyj\u0105tkowo wymagaj\u0105cych warunkach, sprawia, \u017ce sk\u00f3ra silniejszej p\u0142ci staje si\u0119 naprawd\u0119 zniszczona.<\/p>\n<p>Specjalny krem do r\u0105k powsta\u0142 z my\u015bl\u0105 o silnych m\u0119\u017cczyznach, przyzwyczajonych do dzier\u017cenia sukcesu w swoich d\u0142oniach. Zapewnia sk\u00f3rze niezb\u0119dny poziom nawil\u017cenia, zmi\u0119kcza j\u0105 i od\u017cywia, skutecznie chroni przed p\u0119kaniem i \u0142uszczeniem, potrafi szybko doprowadzi\u0107 d\u0142onie do porz\u0105dku.<\/p>\n<p>Krem nadaje si\u0119 do bardzo suchej, szorstkiej sk\u00f3ry d\u0142oni. Wystarczy intensywna piel\u0119gnacja i precz z szorstko\u015bci\u0105!<\/p>\n<\/div>\n<div class=\"instruction\">\n<p><strong>ZASTOSOWANIE:<\/strong><\/p>\n<p>Krem nanie\u015b\u0107 krem na czyst\u0105 sk\u00f3r\u0119 r\u0105k.<\/p>\n<\/div>\n<\/div>\n","protected":false},"excerpt":{"rendered":"<p>Earn 4 points worth \u00a30.20 when buying this product Pomimo tego, \u017ce m\u0119ska sk\u00f3ra jest grubsza, r\u00f3wnie\u017c potrzebuje odpowiedniej piel\u0119gnacji. Praca fizyczna, w\u0142a\u015bciwe hobby ka\u017cdego faceta, czasem nawet w wyj\u0105tkowo wymagaj\u0105cych warunkach, sprawia, \u017ce sk\u00f3ra silniejszej p\u0142ci staje si\u0119 naprawd\u0119 zniszczona. Specjalny krem do r\u0105k powsta\u0142 z my\u015bl\u0105 o silnych m\u0119\u017cczyznach, przyzwyczajonych do dzier\u017cenia sukcesu [&#8230;]\n","protected":false},"featured_media":14544,"comment_status":"open","ping_status":"closed","template":"","meta":[],"product_cat":[774,498,740,855],"product_tag":[],"class_list":{"0":"post-15716","1":"product","2":"type-product","3":"status-publish","4":"has-post-thumbnail","6":"product_cat-dla-mezczyzn","7":"product_cat-pielegnacja-ciala","8":"product_cat-pielegnacja-dloni","9":"product_cat-produkty-kosmetyczne","11":"first","12":"outofstock","13":"shipping-taxable","14":"purchasable","15":"product-type-simple"},"yoast_head":"<!-- This site is optimized with the Yoast SEO plugin v23.6 - https:\/\/yoast.com\/wordpress\/plugins\/seo\/ -->\n<title>Krem do r\u0105k dla m\u0119\u017cczyzn,75g - TianDe Online Shop - Beauty &amp; Health<\/title>\n<meta name=\"robots\" content=\"index, follow, max-snippet:-1, max-image-preview:large, max-video-preview:-1\" \/>\n<link rel=\"canonical\" href=\"https:\/\/tiandeproducts.co.uk\/pl\/krem-do-rak-dla-mezczyzn75g\/\" \/>\n<meta property=\"og:locale\" content=\"pl_PL\" \/>\n<meta property=\"og:type\" content=\"article\" \/>\n<meta property=\"og:title\" content=\"Krem do r\u0105k dla m\u0119\u017cczyzn,75g - TianDe Online Shop - Beauty &amp; Health\" \/>\n<meta property=\"og:description\" content=\"Earn 4 points worth \u00a30.20 when buying this product Pomimo tego, \u017ce m\u0119ska sk\u00f3ra jest grubsza, r\u00f3wnie\u017c potrzebuje odpowiedniej piel\u0119gnacji. Praca fizyczna, w\u0142a\u015bciwe hobby ka\u017cdego faceta, czasem nawet w wyj\u0105tkowo wymagaj\u0105cych warunkach, sprawia, \u017ce sk\u00f3ra silniejszej p\u0142ci staje si\u0119 naprawd\u0119 zniszczona. Specjalny krem do r\u0105k powsta\u0142 z my\u015bl\u0105 o silnych m\u0119\u017cczyznach, przyzwyczajonych do dzier\u017cenia sukcesu [...]\" \/>\n<meta property=\"og:url\" content=\"https:\/\/tiandeproducts.co.uk\/pl\/krem-do-rak-dla-mezczyzn75g\/\" \/>\n<meta property=\"og:site_name\" content=\"TianDe Online Shop - Beauty &amp; Health\" \/>\n<meta property=\"article:publisher\" content=\"https:\/\/www.facebook.com\/tiande.products.england\/\" \/>\n<meta property=\"og:image\" content=\"https:\/\/tiandeproducts.co.uk\/wp-content\/uploads\/Screenshot-2022-03-05-at-17.17.53.png\" \/>\n\t<meta property=\"og:image:width\" content=\"404\" \/>\n\t<meta property=\"og:image:height\" content=\"796\" \/>\n\t<meta property=\"og:image:type\" content=\"image\/png\" \/>\n<meta name=\"twitter:card\" content=\"summary_large_image\" \/>\n<meta name=\"twitter:label1\" content=\"Szacowany czas czytania\" \/>\n\t<meta name=\"twitter:data1\" content=\"1 minuta\" \/>\n<script type=\"application\/ld+json\" class=\"yoast-schema-graph\">{\"@context\":\"https:\/\/schema.org\",\"@graph\":[{\"@type\":\"WebPage\",\"@id\":\"https:\/\/tiandeproducts.co.uk\/pl\/krem-do-rak-dla-mezczyzn75g\/\",\"url\":\"https:\/\/tiandeproducts.co.uk\/pl\/krem-do-rak-dla-mezczyzn75g\/\",\"name\":\"Krem do r\u0105k dla m\u0119\u017cczyzn,75g - TianDe Online Shop - Beauty &amp; Health\",\"isPartOf\":{\"@id\":\"https:\/\/tiandeproducts.co.uk\/#website\"},\"primaryImageOfPage\":{\"@id\":\"https:\/\/tiandeproducts.co.uk\/pl\/krem-do-rak-dla-mezczyzn75g\/#primaryimage\"},\"image\":{\"@id\":\"https:\/\/tiandeproducts.co.uk\/pl\/krem-do-rak-dla-mezczyzn75g\/#primaryimage\"},\"thumbnailUrl\":\"https:\/\/tiandeproducts.co.uk\/wp-content\/uploads\/40129.png\",\"datePublished\":\"2020-09-22T10:12:02+00:00\",\"dateModified\":\"2020-09-22T10:12:02+00:00\",\"breadcrumb\":{\"@id\":\"https:\/\/tiandeproducts.co.uk\/pl\/krem-do-rak-dla-mezczyzn75g\/#breadcrumb\"},\"inLanguage\":\"pl-PL\",\"potentialAction\":[{\"@type\":\"ReadAction\",\"target\":[\"https:\/\/tiandeproducts.co.uk\/pl\/krem-do-rak-dla-mezczyzn75g\/\"]}]},{\"@type\":\"ImageObject\",\"inLanguage\":\"pl-PL\",\"@id\":\"https:\/\/tiandeproducts.co.uk\/pl\/krem-do-rak-dla-mezczyzn75g\/#primaryimage\",\"url\":\"https:\/\/tiandeproducts.co.uk\/wp-content\/uploads\/40129.png\",\"contentUrl\":\"https:\/\/tiandeproducts.co.uk\/wp-content\/uploads\/40129.png\",\"width\":700,\"height\":700},{\"@type\":\"BreadcrumbList\",\"@id\":\"https:\/\/tiandeproducts.co.uk\/pl\/krem-do-rak-dla-mezczyzn75g\/#breadcrumb\",\"itemListElement\":[{\"@type\":\"ListItem\",\"position\":1,\"name\":\"Home\",\"item\":\"https:\/\/tiandeproducts.co.uk\/pl\/\"},{\"@type\":\"ListItem\",\"position\":2,\"name\":\"Shop\",\"item\":\"https:\/\/tiandeproducts.co.uk\/pl\/shop-2\/\"},{\"@type\":\"ListItem\",\"position\":3,\"name\":\"Krem do r\u0105k dla m\u0119\u017cczyzn,75g\"}]},{\"@type\":\"WebSite\",\"@id\":\"https:\/\/tiandeproducts.co.uk\/#website\",\"url\":\"https:\/\/tiandeproducts.co.uk\/\",\"name\":\"TianDe Online Shop - Beauty & Health\",\"description\":\"Traditional Chinese Medicine\",\"potentialAction\":[{\"@type\":\"SearchAction\",\"target\":{\"@type\":\"EntryPoint\",\"urlTemplate\":\"https:\/\/tiandeproducts.co.uk\/?s={search_term_string}\"},\"query-input\":{\"@type\":\"PropertyValueSpecification\",\"valueRequired\":true,\"valueName\":\"search_term_string\"}}],\"inLanguage\":\"pl-PL\"}]}<\/script>\n<!-- \/ Yoast SEO plugin. -->","yoast_head_json":{"title":"Krem do r\u0105k dla m\u0119\u017cczyzn,75g - TianDe Online Shop - Beauty &amp; Health","robots":{"index":"index","follow":"follow","max-snippet":"max-snippet:-1","max-image-preview":"max-image-preview:large","max-video-preview":"max-video-preview:-1"},"canonical":"https:\/\/tiandeproducts.co.uk\/pl\/krem-do-rak-dla-mezczyzn75g\/","og_locale":"pl_PL","og_type":"article","og_title":"Krem do r\u0105k dla m\u0119\u017cczyzn,75g - TianDe Online Shop - Beauty &amp; Health","og_description":"Earn 4 points worth \u00a30.20 when buying this product Pomimo tego, \u017ce m\u0119ska sk\u00f3ra jest grubsza, r\u00f3wnie\u017c potrzebuje odpowiedniej piel\u0119gnacji. Praca fizyczna, w\u0142a\u015bciwe hobby ka\u017cdego faceta, czasem nawet w wyj\u0105tkowo wymagaj\u0105cych warunkach, sprawia, \u017ce sk\u00f3ra silniejszej p\u0142ci staje si\u0119 naprawd\u0119 zniszczona. Specjalny krem do r\u0105k powsta\u0142 z my\u015bl\u0105 o silnych m\u0119\u017cczyznach, przyzwyczajonych do dzier\u017cenia sukcesu [...]","og_url":"https:\/\/tiandeproducts.co.uk\/pl\/krem-do-rak-dla-mezczyzn75g\/","og_site_name":"TianDe Online Shop - Beauty &amp; Health","article_publisher":"https:\/\/www.facebook.com\/tiande.products.england\/","og_image":[{"width":404,"height":796,"url":"https:\/\/tiandeproducts.co.uk\/wp-content\/uploads\/Screenshot-2022-03-05-at-17.17.53.png","type":"image\/png"}],"twitter_card":"summary_large_image","twitter_misc":{"Szacowany czas czytania":"1 minuta"},"schema":{"@context":"https:\/\/schema.org","@graph":[{"@type":"WebPage","@id":"https:\/\/tiandeproducts.co.uk\/pl\/krem-do-rak-dla-mezczyzn75g\/","url":"https:\/\/tiandeproducts.co.uk\/pl\/krem-do-rak-dla-mezczyzn75g\/","name":"Krem do r\u0105k dla m\u0119\u017cczyzn,75g - TianDe Online Shop - Beauty &amp; Health","isPartOf":{"@id":"https:\/\/tiandeproducts.co.uk\/#website"},"primaryImageOfPage":{"@id":"https:\/\/tiandeproducts.co.uk\/pl\/krem-do-rak-dla-mezczyzn75g\/#primaryimage"},"image":{"@id":"https:\/\/tiandeproducts.co.uk\/pl\/krem-do-rak-dla-mezczyzn75g\/#primaryimage"},"thumbnailUrl":"https:\/\/tiandeproducts.co.uk\/wp-content\/uploads\/40129.png","datePublished":"2020-09-22T10:12:02+00:00","dateModified":"2020-09-22T10:12:02+00:00","breadcrumb":{"@id":"https:\/\/tiandeproducts.co.uk\/pl\/krem-do-rak-dla-mezczyzn75g\/#breadcrumb"},"inLanguage":"pl-PL","potentialAction":[{"@type":"ReadAction","target":["https:\/\/tiandeproducts.co.uk\/pl\/krem-do-rak-dla-mezczyzn75g\/"]}]},{"@type":"ImageObject","inLanguage":"pl-PL","@id":"https:\/\/tiandeproducts.co.uk\/pl\/krem-do-rak-dla-mezczyzn75g\/#primaryimage","url":"https:\/\/tiandeproducts.co.uk\/wp-content\/uploads\/40129.png","contentUrl":"https:\/\/tiandeproducts.co.uk\/wp-content\/uploads\/40129.png","width":700,"height":700},{"@type":"BreadcrumbList","@id":"https:\/\/tiandeproducts.co.uk\/pl\/krem-do-rak-dla-mezczyzn75g\/#breadcrumb","itemListElement":[{"@type":"ListItem","position":1,"name":"Home","item":"https:\/\/tiandeproducts.co.uk\/pl\/"},{"@type":"ListItem","position":2,"name":"Shop","item":"https:\/\/tiandeproducts.co.uk\/pl\/shop-2\/"},{"@type":"ListItem","position":3,"name":"Krem do r\u0105k dla m\u0119\u017cczyzn,75g"}]},{"@type":"WebSite","@id":"https:\/\/tiandeproducts.co.uk\/#website","url":"https:\/\/tiandeproducts.co.uk\/","name":"TianDe Online Shop - Beauty & Health","description":"Traditional Chinese Medicine","potentialAction":[{"@type":"SearchAction","target":{"@type":"EntryPoint","urlTemplate":"https:\/\/tiandeproducts.co.uk\/?s={search_term_string}"},"query-input":{"@type":"PropertyValueSpecification","valueRequired":true,"valueName":"search_term_string"}}],"inLanguage":"pl-PL"}]}},"_links":{"self":[{"href":"https:\/\/tiandeproducts.co.uk\/pl\/wp-json\/wp\/v2\/product\/15716","targetHints":{"allow":["GET"]}}],"collection":[{"href":"https:\/\/tiandeproducts.co.uk\/pl\/wp-json\/wp\/v2\/product"}],"about":[{"href":"https:\/\/tiandeproducts.co.uk\/pl\/wp-json\/wp\/v2\/types\/product"}],"replies":[{"embeddable":true,"href":"https:\/\/tiandeproducts.co.uk\/pl\/wp-json\/wp\/v2\/comments?post=15716"}],"wp:featuredmedia":[{"embeddable":true,"href":"https:\/\/tiandeproducts.co.uk\/pl\/wp-json\/wp\/v2\/media\/14544"}],"wp:attachment":[{"href":"https:\/\/tiandeproducts.co.uk\/pl\/wp-json\/wp\/v2\/media?parent=15716"}],"wp:term":[{"taxonomy":"product_cat","embeddable":true,"href":"https:\/\/tiandeproducts.co.uk\/pl\/wp-json\/wp\/v2\/product_cat?post=15716"},{"taxonomy":"product_tag","embeddable":true,"href":"https:\/\/tiandeproducts.co.uk\/pl\/wp-json\/wp\/v2\/product_tag?post=15716"}],"curies":[{"name":"wp","href":"https:\/\/api.w.org\/{rel}","templated":true}]}}