{"id":15712,"date":"2020-09-22T11:18:32","date_gmt":"2020-09-22T10:18:32","guid":{"rendered":"https:\/\/www.tiandeproducts.co.uk\/balsam-do-ciala-z-olejkiem-z-pestek-granatu250g\/"},"modified":"2020-09-22T11:18:32","modified_gmt":"2020-09-22T10:18:32","slug":"balsam-do-ciala-z-olejkiem-z-pestek-granatu250g","status":"publish","type":"product","link":"https:\/\/tiandeproducts.co.uk\/pl\/balsam-do-ciala-z-olejkiem-z-pestek-granatu250g\/","title":{"rendered":"Balsam do cia\u0142a z olejkiem z pestek granatu,250g"},"content":{"rendered":"<div class=\"desc_points\"><img decoding=\"async\" style=\"max-width: 16px; margin-right: 5px;\" src=\"https:\/\/tiandeproducts.co.uk\/wp-content\/uploads\/points-green.svg\" \/> Earn 17 points worth \u00a30.85 when buying this product<\/div>\n<div class=\"description\"><\/div>\n<div class=\"instruction\">\n<div class=\"description\">\n<p>Chcesz poczu\u0107 lekk\u0105 \u015br\u00f3dziemnomorsk\u0105 bryz\u0119, delikatny zapach i niesamowit\u0105 mi\u0119kko\u015b\u0107 sk\u00f3ry po zabiegach wodnych? Poczuj si\u0119 jak prawdziwa bogini dzi\u0119ki mleczku do cia\u0142a z luksusowej linii Cyprida.<\/p>\n<p>Mleczko do cia\u0142a z soczystym olejkiem z granatu, D-pantenolem i woskiem pszczelim przywr\u00f3ci mi\u0119kko\u015b\u0107 Twojej sk\u00f3rze. Idealnie nadaje si\u0119 do codziennego stosowania do piel\u0119gnacji ka\u017cdego rodzaju sk\u00f3ry, tak\u017ce bardzo suchej i zm\u0119czonej.<\/p>\n<p>Dzi\u0119ki lekkiej strukturze, szybkiemu wch\u0142anianiu i wyj\u0105tkowym sk\u0142adnikom aktywnym mleczko ka\u017cdego dnia zadba o to, \u017ce sk\u00f3ra b\u0119dzie delikatniejsza, nawil\u017cona i zregenerowana. Zwi\u0119ksza jej elastyczno\u015b\u0107, zapobiega \u0142uszczeniu si\u0119, poprawia stan nask\u00f3rka po nadmiernej ekspozycji na \u015bwiat\u0142o s\u0142oneczne.<\/p>\n<p>Zapewnij swojej sk\u00f3rze niesko\u0144czone pi\u0119kno i poczucie prawdziwego komfortu.<\/p>\n<\/div>\n<div class=\"instruction\">\n<p><strong>ZASTOSOWANIE:<\/strong><\/p>\n<p>Nanie\u015b na such\u0105 i czyst\u0105 sk\u00f3r\u0119 okr\u0119\u017cnymi ruchami. Zaleca si\u0119 stosowa\u0107 po k\u0105pieli. Produkt nadaje si\u0119 do codziennego stosowania.<\/p>\n<\/div>\n<\/div>\n","protected":false},"excerpt":{"rendered":"<p>Earn 17 points worth \u00a30.85 when buying this product Chcesz poczu\u0107 lekk\u0105 \u015br\u00f3dziemnomorsk\u0105 bryz\u0119, delikatny zapach i niesamowit\u0105 mi\u0119kko\u015b\u0107 sk\u00f3ry po zabiegach wodnych? Poczuj si\u0119 jak prawdziwa bogini dzi\u0119ki mleczku do cia\u0142a z luksusowej linii Cyprida. Mleczko do cia\u0142a z soczystym olejkiem z granatu, D-pantenolem i woskiem pszczelim przywr\u00f3ci mi\u0119kko\u015b\u0107 Twojej sk\u00f3rze. Idealnie nadaje si\u0119 [&#8230;]\n","protected":false},"featured_media":14559,"comment_status":"open","ping_status":"closed","template":"","meta":[],"product_cat":[498,735],"product_tag":[],"class_list":{"0":"post-15712","1":"product","2":"type-product","3":"status-publish","4":"has-post-thumbnail","6":"product_cat-pielegnacja-ciala","7":"product_cat-kremy","9":"first","10":"instock","11":"shipping-taxable","12":"purchasable","13":"product-type-simple"},"yoast_head":"<!-- This site is optimized with the Yoast SEO plugin v23.6 - https:\/\/yoast.com\/wordpress\/plugins\/seo\/ -->\n<title>Balsam do cia\u0142a z olejkiem z pestek granatu,250g - TianDe Online Shop - Beauty &amp; Health<\/title>\n<meta name=\"robots\" content=\"index, follow, max-snippet:-1, max-image-preview:large, max-video-preview:-1\" \/>\n<link rel=\"canonical\" href=\"https:\/\/tiandeproducts.co.uk\/pl\/balsam-do-ciala-z-olejkiem-z-pestek-granatu250g\/\" \/>\n<meta property=\"og:locale\" content=\"pl_PL\" \/>\n<meta property=\"og:type\" content=\"article\" \/>\n<meta property=\"og:title\" content=\"Balsam do cia\u0142a z olejkiem z pestek granatu,250g - TianDe Online Shop - Beauty &amp; Health\" \/>\n<meta property=\"og:description\" content=\"Earn 17 points worth \u00a30.85 when buying this product Chcesz poczu\u0107 lekk\u0105 \u015br\u00f3dziemnomorsk\u0105 bryz\u0119, delikatny zapach i niesamowit\u0105 mi\u0119kko\u015b\u0107 sk\u00f3ry po zabiegach wodnych? Poczuj si\u0119 jak prawdziwa bogini dzi\u0119ki mleczku do cia\u0142a z luksusowej linii Cyprida. Mleczko do cia\u0142a z soczystym olejkiem z granatu, D-pantenolem i woskiem pszczelim przywr\u00f3ci mi\u0119kko\u015b\u0107 Twojej sk\u00f3rze. Idealnie nadaje si\u0119 [...]\" \/>\n<meta property=\"og:url\" content=\"https:\/\/tiandeproducts.co.uk\/pl\/balsam-do-ciala-z-olejkiem-z-pestek-granatu250g\/\" \/>\n<meta property=\"og:site_name\" content=\"TianDe Online Shop - Beauty &amp; Health\" \/>\n<meta property=\"article:publisher\" content=\"https:\/\/www.facebook.com\/tiande.products.england\/\" \/>\n<meta property=\"og:image\" content=\"https:\/\/tiandeproducts.co.uk\/wp-content\/uploads\/36601.png\" \/>\n\t<meta property=\"og:image:width\" content=\"700\" \/>\n\t<meta property=\"og:image:height\" content=\"700\" \/>\n\t<meta property=\"og:image:type\" content=\"image\/png\" \/>\n<meta name=\"twitter:card\" content=\"summary_large_image\" \/>\n<meta name=\"twitter:label1\" content=\"Szacowany czas czytania\" \/>\n\t<meta name=\"twitter:data1\" content=\"1 minuta\" \/>\n<script type=\"application\/ld+json\" class=\"yoast-schema-graph\">{\"@context\":\"https:\/\/schema.org\",\"@graph\":[{\"@type\":\"WebPage\",\"@id\":\"https:\/\/tiandeproducts.co.uk\/pl\/balsam-do-ciala-z-olejkiem-z-pestek-granatu250g\/\",\"url\":\"https:\/\/tiandeproducts.co.uk\/pl\/balsam-do-ciala-z-olejkiem-z-pestek-granatu250g\/\",\"name\":\"Balsam do cia\u0142a z olejkiem z pestek granatu,250g - TianDe Online Shop - Beauty &amp; Health\",\"isPartOf\":{\"@id\":\"https:\/\/tiandeproducts.co.uk\/#website\"},\"primaryImageOfPage\":{\"@id\":\"https:\/\/tiandeproducts.co.uk\/pl\/balsam-do-ciala-z-olejkiem-z-pestek-granatu250g\/#primaryimage\"},\"image\":{\"@id\":\"https:\/\/tiandeproducts.co.uk\/pl\/balsam-do-ciala-z-olejkiem-z-pestek-granatu250g\/#primaryimage\"},\"thumbnailUrl\":\"https:\/\/tiandeproducts.co.uk\/wp-content\/uploads\/36601.png\",\"datePublished\":\"2020-09-22T10:18:32+00:00\",\"dateModified\":\"2020-09-22T10:18:32+00:00\",\"breadcrumb\":{\"@id\":\"https:\/\/tiandeproducts.co.uk\/pl\/balsam-do-ciala-z-olejkiem-z-pestek-granatu250g\/#breadcrumb\"},\"inLanguage\":\"pl-PL\",\"potentialAction\":[{\"@type\":\"ReadAction\",\"target\":[\"https:\/\/tiandeproducts.co.uk\/pl\/balsam-do-ciala-z-olejkiem-z-pestek-granatu250g\/\"]}]},{\"@type\":\"ImageObject\",\"inLanguage\":\"pl-PL\",\"@id\":\"https:\/\/tiandeproducts.co.uk\/pl\/balsam-do-ciala-z-olejkiem-z-pestek-granatu250g\/#primaryimage\",\"url\":\"https:\/\/tiandeproducts.co.uk\/wp-content\/uploads\/36601.png\",\"contentUrl\":\"https:\/\/tiandeproducts.co.uk\/wp-content\/uploads\/36601.png\",\"width\":700,\"height\":700},{\"@type\":\"BreadcrumbList\",\"@id\":\"https:\/\/tiandeproducts.co.uk\/pl\/balsam-do-ciala-z-olejkiem-z-pestek-granatu250g\/#breadcrumb\",\"itemListElement\":[{\"@type\":\"ListItem\",\"position\":1,\"name\":\"Home\",\"item\":\"https:\/\/tiandeproducts.co.uk\/pl\/\"},{\"@type\":\"ListItem\",\"position\":2,\"name\":\"Shop\",\"item\":\"https:\/\/tiandeproducts.co.uk\/pl\/shop-2\/\"},{\"@type\":\"ListItem\",\"position\":3,\"name\":\"Balsam do cia\u0142a z olejkiem z pestek granatu,250g\"}]},{\"@type\":\"WebSite\",\"@id\":\"https:\/\/tiandeproducts.co.uk\/#website\",\"url\":\"https:\/\/tiandeproducts.co.uk\/\",\"name\":\"TianDe Online Shop - Beauty & Health\",\"description\":\"Traditional Chinese Medicine\",\"potentialAction\":[{\"@type\":\"SearchAction\",\"target\":{\"@type\":\"EntryPoint\",\"urlTemplate\":\"https:\/\/tiandeproducts.co.uk\/?s={search_term_string}\"},\"query-input\":{\"@type\":\"PropertyValueSpecification\",\"valueRequired\":true,\"valueName\":\"search_term_string\"}}],\"inLanguage\":\"pl-PL\"}]}<\/script>\n<!-- \/ Yoast SEO plugin. -->","yoast_head_json":{"title":"Balsam do cia\u0142a z olejkiem z pestek granatu,250g - TianDe Online Shop - Beauty &amp; Health","robots":{"index":"index","follow":"follow","max-snippet":"max-snippet:-1","max-image-preview":"max-image-preview:large","max-video-preview":"max-video-preview:-1"},"canonical":"https:\/\/tiandeproducts.co.uk\/pl\/balsam-do-ciala-z-olejkiem-z-pestek-granatu250g\/","og_locale":"pl_PL","og_type":"article","og_title":"Balsam do cia\u0142a z olejkiem z pestek granatu,250g - TianDe Online Shop - Beauty &amp; Health","og_description":"Earn 17 points worth \u00a30.85 when buying this product Chcesz poczu\u0107 lekk\u0105 \u015br\u00f3dziemnomorsk\u0105 bryz\u0119, delikatny zapach i niesamowit\u0105 mi\u0119kko\u015b\u0107 sk\u00f3ry po zabiegach wodnych? Poczuj si\u0119 jak prawdziwa bogini dzi\u0119ki mleczku do cia\u0142a z luksusowej linii Cyprida. Mleczko do cia\u0142a z soczystym olejkiem z granatu, D-pantenolem i woskiem pszczelim przywr\u00f3ci mi\u0119kko\u015b\u0107 Twojej sk\u00f3rze. Idealnie nadaje si\u0119 [...]","og_url":"https:\/\/tiandeproducts.co.uk\/pl\/balsam-do-ciala-z-olejkiem-z-pestek-granatu250g\/","og_site_name":"TianDe Online Shop - Beauty &amp; Health","article_publisher":"https:\/\/www.facebook.com\/tiande.products.england\/","og_image":[{"width":700,"height":700,"url":"https:\/\/tiandeproducts.co.uk\/wp-content\/uploads\/36601.png","type":"image\/png"}],"twitter_card":"summary_large_image","twitter_misc":{"Szacowany czas czytania":"1 minuta"},"schema":{"@context":"https:\/\/schema.org","@graph":[{"@type":"WebPage","@id":"https:\/\/tiandeproducts.co.uk\/pl\/balsam-do-ciala-z-olejkiem-z-pestek-granatu250g\/","url":"https:\/\/tiandeproducts.co.uk\/pl\/balsam-do-ciala-z-olejkiem-z-pestek-granatu250g\/","name":"Balsam do cia\u0142a z olejkiem z pestek granatu,250g - TianDe Online Shop - Beauty &amp; Health","isPartOf":{"@id":"https:\/\/tiandeproducts.co.uk\/#website"},"primaryImageOfPage":{"@id":"https:\/\/tiandeproducts.co.uk\/pl\/balsam-do-ciala-z-olejkiem-z-pestek-granatu250g\/#primaryimage"},"image":{"@id":"https:\/\/tiandeproducts.co.uk\/pl\/balsam-do-ciala-z-olejkiem-z-pestek-granatu250g\/#primaryimage"},"thumbnailUrl":"https:\/\/tiandeproducts.co.uk\/wp-content\/uploads\/36601.png","datePublished":"2020-09-22T10:18:32+00:00","dateModified":"2020-09-22T10:18:32+00:00","breadcrumb":{"@id":"https:\/\/tiandeproducts.co.uk\/pl\/balsam-do-ciala-z-olejkiem-z-pestek-granatu250g\/#breadcrumb"},"inLanguage":"pl-PL","potentialAction":[{"@type":"ReadAction","target":["https:\/\/tiandeproducts.co.uk\/pl\/balsam-do-ciala-z-olejkiem-z-pestek-granatu250g\/"]}]},{"@type":"ImageObject","inLanguage":"pl-PL","@id":"https:\/\/tiandeproducts.co.uk\/pl\/balsam-do-ciala-z-olejkiem-z-pestek-granatu250g\/#primaryimage","url":"https:\/\/tiandeproducts.co.uk\/wp-content\/uploads\/36601.png","contentUrl":"https:\/\/tiandeproducts.co.uk\/wp-content\/uploads\/36601.png","width":700,"height":700},{"@type":"BreadcrumbList","@id":"https:\/\/tiandeproducts.co.uk\/pl\/balsam-do-ciala-z-olejkiem-z-pestek-granatu250g\/#breadcrumb","itemListElement":[{"@type":"ListItem","position":1,"name":"Home","item":"https:\/\/tiandeproducts.co.uk\/pl\/"},{"@type":"ListItem","position":2,"name":"Shop","item":"https:\/\/tiandeproducts.co.uk\/pl\/shop-2\/"},{"@type":"ListItem","position":3,"name":"Balsam do cia\u0142a z olejkiem z pestek granatu,250g"}]},{"@type":"WebSite","@id":"https:\/\/tiandeproducts.co.uk\/#website","url":"https:\/\/tiandeproducts.co.uk\/","name":"TianDe Online Shop - Beauty & Health","description":"Traditional Chinese Medicine","potentialAction":[{"@type":"SearchAction","target":{"@type":"EntryPoint","urlTemplate":"https:\/\/tiandeproducts.co.uk\/?s={search_term_string}"},"query-input":{"@type":"PropertyValueSpecification","valueRequired":true,"valueName":"search_term_string"}}],"inLanguage":"pl-PL"}]}},"_links":{"self":[{"href":"https:\/\/tiandeproducts.co.uk\/pl\/wp-json\/wp\/v2\/product\/15712","targetHints":{"allow":["GET"]}}],"collection":[{"href":"https:\/\/tiandeproducts.co.uk\/pl\/wp-json\/wp\/v2\/product"}],"about":[{"href":"https:\/\/tiandeproducts.co.uk\/pl\/wp-json\/wp\/v2\/types\/product"}],"replies":[{"embeddable":true,"href":"https:\/\/tiandeproducts.co.uk\/pl\/wp-json\/wp\/v2\/comments?post=15712"}],"wp:featuredmedia":[{"embeddable":true,"href":"https:\/\/tiandeproducts.co.uk\/pl\/wp-json\/wp\/v2\/media\/14559"}],"wp:attachment":[{"href":"https:\/\/tiandeproducts.co.uk\/pl\/wp-json\/wp\/v2\/media?parent=15712"}],"wp:term":[{"taxonomy":"product_cat","embeddable":true,"href":"https:\/\/tiandeproducts.co.uk\/pl\/wp-json\/wp\/v2\/product_cat?post=15712"},{"taxonomy":"product_tag","embeddable":true,"href":"https:\/\/tiandeproducts.co.uk\/pl\/wp-json\/wp\/v2\/product_tag?post=15712"}],"curies":[{"name":"wp","href":"https:\/\/api.w.org\/{rel}","templated":true}]}}