{"id":15709,"date":"2020-11-04T10:57:03","date_gmt":"2020-11-04T10:57:03","guid":{"rendered":"https:\/\/www.tiandeproducts.co.uk\/woda-perfumowana-dla-mezczyzn-pleasure-planet50ml\/"},"modified":"2020-11-04T10:57:03","modified_gmt":"2020-11-04T10:57:03","slug":"woda-perfumowana-dla-mezczyzn-pleasure-planet50ml","status":"publish","type":"product","link":"https:\/\/tiandeproducts.co.uk\/pl\/woda-perfumowana-dla-mezczyzn-pleasure-planet50ml\/","title":{"rendered":"Woda perfumowana dla m\u0119\u017cczyzn Pleasure Planet,50ml"},"content":{"rendered":"<div class=\"desc_points\"><img decoding=\"async\" style=\"max-width: 16px; margin-right: 5px;\" src=\"https:\/\/tiandeproducts.co.uk\/wp-content\/uploads\/points-green.svg\" \/> Earn 33 points worth \u00a31.65 when buying this product<\/div>\n<p>Pleasure Planet to m\u0142odo\u015b\u0107, niebezpiecze\u0144stwo i pasja! Tacy m\u0119\u017cczy\u017ani zdobywaj\u0105 najwy\u017csze g\u00f3ry i najbardziej niedost\u0119pne szczyty.<\/p>\n<p>Pleasure Planet najpierw rozwija nut\u0119 cytrusow\u0105 \u2013 to cierpka orze\u017awiaj\u0105ca bergamotka i soczysty grejpfrut, kt\u00f3rych ostro\u015b\u0107 \u0142agodzi s\u0142odsza mandarynka.<\/p>\n<p>Po intensywnym pocz\u0105tku przychodzi kolej na bardzo seksown\u0105 nut\u0119 serca: upajaj\u0105cy zapach r\u00f3\u017cowego pieprzu, s\u0142odko-gorzka \u017cywica galbanum, kwiatowo-drzewny zapach hedione i li\u015bci pomara\u0144czy z delikatn\u0105 nut\u0105 kamfory.<\/p>\n<p>Nuta g\u0142\u0119bi to bardzo m\u0119ski \u015bwie\u017cy zapach drzew, do kt\u00f3rego do\u0142\u0105cza g\u0142\u0119boki aromat wetiwerii.<\/p>\n<p>Pleasure Planet to zapach dla poszukiwacza przyg\u00f3d i my\u015bliwego, kt\u00f3ry kradnie kobiece serca \u2013 bardzo zmys\u0142owy, a jednocze\u015bnie brutalny.<\/p>\n","protected":false},"excerpt":{"rendered":"<p>Earn 33 points worth \u00a31.65 when buying this product Pleasure Planet to m\u0142odo\u015b\u0107, niebezpiecze\u0144stwo i pasja! Tacy m\u0119\u017cczy\u017ani zdobywaj\u0105 najwy\u017csze g\u00f3ry i najbardziej niedost\u0119pne szczyty. Pleasure Planet najpierw rozwija nut\u0119 cytrusow\u0105 \u2013 to cierpka orze\u017awiaj\u0105ca bergamotka i soczysty grejpfrut, kt\u00f3rych ostro\u015b\u0107 \u0142agodzi s\u0142odsza mandarynka. Po intensywnym pocz\u0105tku przychodzi kolej na bardzo seksown\u0105 nut\u0119 serca: upajaj\u0105cy [&#8230;]\n","protected":false},"featured_media":14777,"comment_status":"open","ping_status":"closed","template":"","meta":[],"product_cat":[790,774,783,777],"product_tag":[],"class_list":{"0":"post-15709","1":"product","2":"type-product","3":"status-publish","4":"has-post-thumbnail","6":"product_cat-dla-mezczyzn-pl","7":"product_cat-dla-mezczyzn","8":"product_cat-perfumy-pl","9":"product_cat-perfumy","11":"first","12":"instock","13":"shipping-taxable","14":"purchasable","15":"product-type-simple"},"yoast_head":"<!-- This site is optimized with the Yoast SEO plugin v23.6 - https:\/\/yoast.com\/wordpress\/plugins\/seo\/ -->\n<title>Woda perfumowana dla m\u0119\u017cczyzn Pleasure Planet,50ml - TianDe Online Shop - Beauty &amp; Health<\/title>\n<meta name=\"robots\" content=\"index, follow, max-snippet:-1, max-image-preview:large, max-video-preview:-1\" \/>\n<link rel=\"canonical\" href=\"https:\/\/tiandeproducts.co.uk\/pl\/woda-perfumowana-dla-mezczyzn-pleasure-planet50ml\/\" \/>\n<meta property=\"og:locale\" content=\"pl_PL\" \/>\n<meta property=\"og:type\" content=\"article\" \/>\n<meta property=\"og:title\" content=\"Woda perfumowana dla m\u0119\u017cczyzn Pleasure Planet,50ml - TianDe Online Shop - Beauty &amp; Health\" \/>\n<meta property=\"og:description\" content=\"Earn 33 points worth \u00a31.65 when buying this product Pleasure Planet to m\u0142odo\u015b\u0107, niebezpiecze\u0144stwo i pasja! Tacy m\u0119\u017cczy\u017ani zdobywaj\u0105 najwy\u017csze g\u00f3ry i najbardziej niedost\u0119pne szczyty. Pleasure Planet najpierw rozwija nut\u0119 cytrusow\u0105 \u2013 to cierpka orze\u017awiaj\u0105ca bergamotka i soczysty grejpfrut, kt\u00f3rych ostro\u015b\u0107 \u0142agodzi s\u0142odsza mandarynka. Po intensywnym pocz\u0105tku przychodzi kolej na bardzo seksown\u0105 nut\u0119 serca: upajaj\u0105cy [...]\" \/>\n<meta property=\"og:url\" content=\"https:\/\/tiandeproducts.co.uk\/pl\/woda-perfumowana-dla-mezczyzn-pleasure-planet50ml\/\" \/>\n<meta property=\"og:site_name\" content=\"TianDe Online Shop - Beauty &amp; Health\" \/>\n<meta property=\"article:publisher\" content=\"https:\/\/www.facebook.com\/tiande.products.england\/\" \/>\n<meta property=\"og:image\" content=\"https:\/\/tiandeproducts.co.uk\/wp-content\/uploads\/70146.png\" \/>\n\t<meta property=\"og:image:width\" content=\"700\" \/>\n\t<meta property=\"og:image:height\" content=\"700\" \/>\n\t<meta property=\"og:image:type\" content=\"image\/png\" \/>\n<meta name=\"twitter:card\" content=\"summary_large_image\" \/>\n<meta name=\"twitter:label1\" content=\"Szacowany czas czytania\" \/>\n\t<meta name=\"twitter:data1\" content=\"1 minuta\" \/>\n<script type=\"application\/ld+json\" class=\"yoast-schema-graph\">{\"@context\":\"https:\/\/schema.org\",\"@graph\":[{\"@type\":\"WebPage\",\"@id\":\"https:\/\/tiandeproducts.co.uk\/pl\/woda-perfumowana-dla-mezczyzn-pleasure-planet50ml\/\",\"url\":\"https:\/\/tiandeproducts.co.uk\/pl\/woda-perfumowana-dla-mezczyzn-pleasure-planet50ml\/\",\"name\":\"Woda perfumowana dla m\u0119\u017cczyzn Pleasure Planet,50ml - TianDe Online Shop - Beauty &amp; Health\",\"isPartOf\":{\"@id\":\"https:\/\/tiandeproducts.co.uk\/#website\"},\"primaryImageOfPage\":{\"@id\":\"https:\/\/tiandeproducts.co.uk\/pl\/woda-perfumowana-dla-mezczyzn-pleasure-planet50ml\/#primaryimage\"},\"image\":{\"@id\":\"https:\/\/tiandeproducts.co.uk\/pl\/woda-perfumowana-dla-mezczyzn-pleasure-planet50ml\/#primaryimage\"},\"thumbnailUrl\":\"https:\/\/tiandeproducts.co.uk\/wp-content\/uploads\/70146.png\",\"datePublished\":\"2020-11-04T10:57:03+00:00\",\"dateModified\":\"2020-11-04T10:57:03+00:00\",\"breadcrumb\":{\"@id\":\"https:\/\/tiandeproducts.co.uk\/pl\/woda-perfumowana-dla-mezczyzn-pleasure-planet50ml\/#breadcrumb\"},\"inLanguage\":\"pl-PL\",\"potentialAction\":[{\"@type\":\"ReadAction\",\"target\":[\"https:\/\/tiandeproducts.co.uk\/pl\/woda-perfumowana-dla-mezczyzn-pleasure-planet50ml\/\"]}]},{\"@type\":\"ImageObject\",\"inLanguage\":\"pl-PL\",\"@id\":\"https:\/\/tiandeproducts.co.uk\/pl\/woda-perfumowana-dla-mezczyzn-pleasure-planet50ml\/#primaryimage\",\"url\":\"https:\/\/tiandeproducts.co.uk\/wp-content\/uploads\/70146.png\",\"contentUrl\":\"https:\/\/tiandeproducts.co.uk\/wp-content\/uploads\/70146.png\",\"width\":700,\"height\":700},{\"@type\":\"BreadcrumbList\",\"@id\":\"https:\/\/tiandeproducts.co.uk\/pl\/woda-perfumowana-dla-mezczyzn-pleasure-planet50ml\/#breadcrumb\",\"itemListElement\":[{\"@type\":\"ListItem\",\"position\":1,\"name\":\"Home\",\"item\":\"https:\/\/tiandeproducts.co.uk\/pl\/\"},{\"@type\":\"ListItem\",\"position\":2,\"name\":\"Shop\",\"item\":\"https:\/\/tiandeproducts.co.uk\/pl\/shop-2\/\"},{\"@type\":\"ListItem\",\"position\":3,\"name\":\"Woda perfumowana dla m\u0119\u017cczyzn Pleasure Planet,50ml\"}]},{\"@type\":\"WebSite\",\"@id\":\"https:\/\/tiandeproducts.co.uk\/#website\",\"url\":\"https:\/\/tiandeproducts.co.uk\/\",\"name\":\"TianDe Online Shop - Beauty & Health\",\"description\":\"Traditional Chinese Medicine\",\"potentialAction\":[{\"@type\":\"SearchAction\",\"target\":{\"@type\":\"EntryPoint\",\"urlTemplate\":\"https:\/\/tiandeproducts.co.uk\/?s={search_term_string}\"},\"query-input\":{\"@type\":\"PropertyValueSpecification\",\"valueRequired\":true,\"valueName\":\"search_term_string\"}}],\"inLanguage\":\"pl-PL\"}]}<\/script>\n<!-- \/ Yoast SEO plugin. -->","yoast_head_json":{"title":"Woda perfumowana dla m\u0119\u017cczyzn Pleasure Planet,50ml - TianDe Online Shop - Beauty &amp; Health","robots":{"index":"index","follow":"follow","max-snippet":"max-snippet:-1","max-image-preview":"max-image-preview:large","max-video-preview":"max-video-preview:-1"},"canonical":"https:\/\/tiandeproducts.co.uk\/pl\/woda-perfumowana-dla-mezczyzn-pleasure-planet50ml\/","og_locale":"pl_PL","og_type":"article","og_title":"Woda perfumowana dla m\u0119\u017cczyzn Pleasure Planet,50ml - TianDe Online Shop - Beauty &amp; Health","og_description":"Earn 33 points worth \u00a31.65 when buying this product Pleasure Planet to m\u0142odo\u015b\u0107, niebezpiecze\u0144stwo i pasja! Tacy m\u0119\u017cczy\u017ani zdobywaj\u0105 najwy\u017csze g\u00f3ry i najbardziej niedost\u0119pne szczyty. Pleasure Planet najpierw rozwija nut\u0119 cytrusow\u0105 \u2013 to cierpka orze\u017awiaj\u0105ca bergamotka i soczysty grejpfrut, kt\u00f3rych ostro\u015b\u0107 \u0142agodzi s\u0142odsza mandarynka. Po intensywnym pocz\u0105tku przychodzi kolej na bardzo seksown\u0105 nut\u0119 serca: upajaj\u0105cy [...]","og_url":"https:\/\/tiandeproducts.co.uk\/pl\/woda-perfumowana-dla-mezczyzn-pleasure-planet50ml\/","og_site_name":"TianDe Online Shop - Beauty &amp; Health","article_publisher":"https:\/\/www.facebook.com\/tiande.products.england\/","og_image":[{"width":700,"height":700,"url":"https:\/\/tiandeproducts.co.uk\/wp-content\/uploads\/70146.png","type":"image\/png"}],"twitter_card":"summary_large_image","twitter_misc":{"Szacowany czas czytania":"1 minuta"},"schema":{"@context":"https:\/\/schema.org","@graph":[{"@type":"WebPage","@id":"https:\/\/tiandeproducts.co.uk\/pl\/woda-perfumowana-dla-mezczyzn-pleasure-planet50ml\/","url":"https:\/\/tiandeproducts.co.uk\/pl\/woda-perfumowana-dla-mezczyzn-pleasure-planet50ml\/","name":"Woda perfumowana dla m\u0119\u017cczyzn Pleasure Planet,50ml - TianDe Online Shop - Beauty &amp; Health","isPartOf":{"@id":"https:\/\/tiandeproducts.co.uk\/#website"},"primaryImageOfPage":{"@id":"https:\/\/tiandeproducts.co.uk\/pl\/woda-perfumowana-dla-mezczyzn-pleasure-planet50ml\/#primaryimage"},"image":{"@id":"https:\/\/tiandeproducts.co.uk\/pl\/woda-perfumowana-dla-mezczyzn-pleasure-planet50ml\/#primaryimage"},"thumbnailUrl":"https:\/\/tiandeproducts.co.uk\/wp-content\/uploads\/70146.png","datePublished":"2020-11-04T10:57:03+00:00","dateModified":"2020-11-04T10:57:03+00:00","breadcrumb":{"@id":"https:\/\/tiandeproducts.co.uk\/pl\/woda-perfumowana-dla-mezczyzn-pleasure-planet50ml\/#breadcrumb"},"inLanguage":"pl-PL","potentialAction":[{"@type":"ReadAction","target":["https:\/\/tiandeproducts.co.uk\/pl\/woda-perfumowana-dla-mezczyzn-pleasure-planet50ml\/"]}]},{"@type":"ImageObject","inLanguage":"pl-PL","@id":"https:\/\/tiandeproducts.co.uk\/pl\/woda-perfumowana-dla-mezczyzn-pleasure-planet50ml\/#primaryimage","url":"https:\/\/tiandeproducts.co.uk\/wp-content\/uploads\/70146.png","contentUrl":"https:\/\/tiandeproducts.co.uk\/wp-content\/uploads\/70146.png","width":700,"height":700},{"@type":"BreadcrumbList","@id":"https:\/\/tiandeproducts.co.uk\/pl\/woda-perfumowana-dla-mezczyzn-pleasure-planet50ml\/#breadcrumb","itemListElement":[{"@type":"ListItem","position":1,"name":"Home","item":"https:\/\/tiandeproducts.co.uk\/pl\/"},{"@type":"ListItem","position":2,"name":"Shop","item":"https:\/\/tiandeproducts.co.uk\/pl\/shop-2\/"},{"@type":"ListItem","position":3,"name":"Woda perfumowana dla m\u0119\u017cczyzn Pleasure Planet,50ml"}]},{"@type":"WebSite","@id":"https:\/\/tiandeproducts.co.uk\/#website","url":"https:\/\/tiandeproducts.co.uk\/","name":"TianDe Online Shop - Beauty & Health","description":"Traditional Chinese Medicine","potentialAction":[{"@type":"SearchAction","target":{"@type":"EntryPoint","urlTemplate":"https:\/\/tiandeproducts.co.uk\/?s={search_term_string}"},"query-input":{"@type":"PropertyValueSpecification","valueRequired":true,"valueName":"search_term_string"}}],"inLanguage":"pl-PL"}]}},"_links":{"self":[{"href":"https:\/\/tiandeproducts.co.uk\/pl\/wp-json\/wp\/v2\/product\/15709","targetHints":{"allow":["GET"]}}],"collection":[{"href":"https:\/\/tiandeproducts.co.uk\/pl\/wp-json\/wp\/v2\/product"}],"about":[{"href":"https:\/\/tiandeproducts.co.uk\/pl\/wp-json\/wp\/v2\/types\/product"}],"replies":[{"embeddable":true,"href":"https:\/\/tiandeproducts.co.uk\/pl\/wp-json\/wp\/v2\/comments?post=15709"}],"wp:featuredmedia":[{"embeddable":true,"href":"https:\/\/tiandeproducts.co.uk\/pl\/wp-json\/wp\/v2\/media\/14777"}],"wp:attachment":[{"href":"https:\/\/tiandeproducts.co.uk\/pl\/wp-json\/wp\/v2\/media?parent=15709"}],"wp:term":[{"taxonomy":"product_cat","embeddable":true,"href":"https:\/\/tiandeproducts.co.uk\/pl\/wp-json\/wp\/v2\/product_cat?post=15709"},{"taxonomy":"product_tag","embeddable":true,"href":"https:\/\/tiandeproducts.co.uk\/pl\/wp-json\/wp\/v2\/product_tag?post=15709"}],"curies":[{"name":"wp","href":"https:\/\/api.w.org\/{rel}","templated":true}]}}