{"id":15703,"date":"2020-11-04T11:13:41","date_gmt":"2020-11-04T11:13:41","guid":{"rendered":"https:\/\/www.tiandeproducts.co.uk\/pedzel-do-makijazu-3-w-1\/"},"modified":"2020-11-04T11:13:41","modified_gmt":"2020-11-04T11:13:41","slug":"pedzel-do-makijazu-3-w-1","status":"publish","type":"product","link":"https:\/\/tiandeproducts.co.uk\/pl\/pedzel-do-makijazu-3-w-1\/","title":{"rendered":"P\u0119dzel do makija\u017cu 3 w 1,1 szt."},"content":{"rendered":"<div class=\"desc_points\"><img decoding=\"async\" style=\"max-width: 16px; margin-right: 5px;\" src=\"https:\/\/tiandeproducts.co.uk\/wp-content\/uploads\/points-green.svg\" \/> Earn 20 points worth \u00a31.00 when buying this product<\/div>\n<p>G\u0105bka do podk\u0142adu, p\u0119dzel do pudru, p\u0119dzelek do pomadki i do cieni \u2013 aby wykona\u0107 idealny makija\u017c, potrzebnych jest wiele p\u0119dzelk\u00f3w o r\u00f3\u017cnej wielko\u015bci lub&#8230; Jeden p\u0119dzel 3 w 1 od TianDe!<\/p>\n<p>W jednym wygodnym stylowym opakowaniu znajduj\u0105 si\u0119 jednocze\u015bnie 3 p\u0119dzle:<br \/>\n&#8211; du\u017cy \u2013 do nak\u0142adania i rozprowadzania pudru i r\u00f3\u017cu;<br \/>\n&#8211; p\u0119dzel-g\u0105bka do nak\u0142adania podk\u0142adu i bazy pod makija\u017c;<br \/>\n&#8211; ma\u0142y p\u0119dzelek ze \u015bci\u0119t\u0105 ko\u0144c\u00f3wk\u0105 do nak\u0142adania pomadki i b\u0142yszczyka do ust, cieni do powiek, malowania brwi i kresek na powiekach.<\/p>\n<p>Ten kompaktowy i wygodny gad\u017cet do makija\u017cu z \u0142atwo\u015bci\u0105 zmie\u015bci si\u0119 w kopert\u00f3wce i zawsze b\u0119dzie dba\u0107 o Tw\u00f3j perfekcyjny wygl\u0105d.<\/p>\n","protected":false},"excerpt":{"rendered":"<p>Earn 20 points worth \u00a31.00 when buying this product G\u0105bka do podk\u0142adu, p\u0119dzel do pudru, p\u0119dzelek do pomadki i do cieni \u2013 aby wykona\u0107 idealny makija\u017c, potrzebnych jest wiele p\u0119dzelk\u00f3w o r\u00f3\u017cnej wielko\u015bci lub&#8230; Jeden p\u0119dzel 3 w 1 od TianDe! W jednym wygodnym stylowym opakowaniu znajduj\u0105 si\u0119 jednocze\u015bnie 3 p\u0119dzle: &#8211; du\u017cy \u2013 do [&#8230;]\n","protected":false},"featured_media":14792,"comment_status":"open","ping_status":"closed","template":"","meta":[],"product_cat":[462,468,477,1353,830],"product_tag":[],"class_list":{"0":"post-15703","1":"product","2":"type-product","3":"status-publish","4":"has-post-thumbnail","6":"product_cat-akcesoria","7":"product_cat-akcesoria-kosmetyczne","8":"product_cat-makijaz","9":"product_cat-produkty-kosmetyczne-pl","10":"product_cat-promocje","12":"first","13":"instock","14":"shipping-taxable","15":"purchasable","16":"product-type-simple"},"yoast_head":"<!-- This site is optimized with the Yoast SEO plugin v23.6 - https:\/\/yoast.com\/wordpress\/plugins\/seo\/ -->\n<title>P\u0119dzel do makija\u017cu 3 w 1,1 szt. - TianDe Online Shop - Beauty &amp; Health<\/title>\n<meta name=\"robots\" content=\"index, follow, max-snippet:-1, max-image-preview:large, max-video-preview:-1\" \/>\n<link rel=\"canonical\" href=\"https:\/\/tiandeproducts.co.uk\/pl\/pedzel-do-makijazu-3-w-1\/\" \/>\n<meta property=\"og:locale\" content=\"pl_PL\" \/>\n<meta property=\"og:type\" content=\"article\" \/>\n<meta property=\"og:title\" content=\"P\u0119dzel do makija\u017cu 3 w 1,1 szt. - TianDe Online Shop - Beauty &amp; Health\" \/>\n<meta property=\"og:description\" content=\"Earn 20 points worth \u00a31.00 when buying this product G\u0105bka do podk\u0142adu, p\u0119dzel do pudru, p\u0119dzelek do pomadki i do cieni \u2013 aby wykona\u0107 idealny makija\u017c, potrzebnych jest wiele p\u0119dzelk\u00f3w o r\u00f3\u017cnej wielko\u015bci lub&#8230; Jeden p\u0119dzel 3 w 1 od TianDe! W jednym wygodnym stylowym opakowaniu znajduj\u0105 si\u0119 jednocze\u015bnie 3 p\u0119dzle: &#8211; du\u017cy \u2013 do [...]\" \/>\n<meta property=\"og:url\" content=\"https:\/\/tiandeproducts.co.uk\/pl\/pedzel-do-makijazu-3-w-1\/\" \/>\n<meta property=\"og:site_name\" content=\"TianDe Online Shop - Beauty &amp; Health\" \/>\n<meta property=\"article:publisher\" content=\"https:\/\/www.facebook.com\/tiande.products.england\/\" \/>\n<meta property=\"og:image\" content=\"https:\/\/tiandeproducts.co.uk\/wp-content\/uploads\/90194.png\" \/>\n\t<meta property=\"og:image:width\" content=\"700\" \/>\n\t<meta property=\"og:image:height\" content=\"700\" \/>\n\t<meta property=\"og:image:type\" content=\"image\/png\" \/>\n<meta name=\"twitter:card\" content=\"summary_large_image\" \/>\n<meta name=\"twitter:label1\" content=\"Szacowany czas czytania\" \/>\n\t<meta name=\"twitter:data1\" content=\"1 minuta\" \/>\n<script type=\"application\/ld+json\" class=\"yoast-schema-graph\">{\"@context\":\"https:\/\/schema.org\",\"@graph\":[{\"@type\":\"WebPage\",\"@id\":\"https:\/\/tiandeproducts.co.uk\/pl\/pedzel-do-makijazu-3-w-1\/\",\"url\":\"https:\/\/tiandeproducts.co.uk\/pl\/pedzel-do-makijazu-3-w-1\/\",\"name\":\"P\u0119dzel do makija\u017cu 3 w 1,1 szt. - TianDe Online Shop - Beauty &amp; Health\",\"isPartOf\":{\"@id\":\"https:\/\/tiandeproducts.co.uk\/#website\"},\"primaryImageOfPage\":{\"@id\":\"https:\/\/tiandeproducts.co.uk\/pl\/pedzel-do-makijazu-3-w-1\/#primaryimage\"},\"image\":{\"@id\":\"https:\/\/tiandeproducts.co.uk\/pl\/pedzel-do-makijazu-3-w-1\/#primaryimage\"},\"thumbnailUrl\":\"https:\/\/tiandeproducts.co.uk\/wp-content\/uploads\/90194.png\",\"datePublished\":\"2020-11-04T11:13:41+00:00\",\"dateModified\":\"2020-11-04T11:13:41+00:00\",\"breadcrumb\":{\"@id\":\"https:\/\/tiandeproducts.co.uk\/pl\/pedzel-do-makijazu-3-w-1\/#breadcrumb\"},\"inLanguage\":\"pl-PL\",\"potentialAction\":[{\"@type\":\"ReadAction\",\"target\":[\"https:\/\/tiandeproducts.co.uk\/pl\/pedzel-do-makijazu-3-w-1\/\"]}]},{\"@type\":\"ImageObject\",\"inLanguage\":\"pl-PL\",\"@id\":\"https:\/\/tiandeproducts.co.uk\/pl\/pedzel-do-makijazu-3-w-1\/#primaryimage\",\"url\":\"https:\/\/tiandeproducts.co.uk\/wp-content\/uploads\/90194.png\",\"contentUrl\":\"https:\/\/tiandeproducts.co.uk\/wp-content\/uploads\/90194.png\",\"width\":700,\"height\":700},{\"@type\":\"BreadcrumbList\",\"@id\":\"https:\/\/tiandeproducts.co.uk\/pl\/pedzel-do-makijazu-3-w-1\/#breadcrumb\",\"itemListElement\":[{\"@type\":\"ListItem\",\"position\":1,\"name\":\"Home\",\"item\":\"https:\/\/tiandeproducts.co.uk\/pl\/\"},{\"@type\":\"ListItem\",\"position\":2,\"name\":\"Shop\",\"item\":\"https:\/\/tiandeproducts.co.uk\/pl\/shop-2\/\"},{\"@type\":\"ListItem\",\"position\":3,\"name\":\"P\u0119dzel do makija\u017cu 3 w 1,1 szt.\"}]},{\"@type\":\"WebSite\",\"@id\":\"https:\/\/tiandeproducts.co.uk\/#website\",\"url\":\"https:\/\/tiandeproducts.co.uk\/\",\"name\":\"TianDe Online Shop - Beauty & Health\",\"description\":\"Traditional Chinese Medicine\",\"potentialAction\":[{\"@type\":\"SearchAction\",\"target\":{\"@type\":\"EntryPoint\",\"urlTemplate\":\"https:\/\/tiandeproducts.co.uk\/?s={search_term_string}\"},\"query-input\":{\"@type\":\"PropertyValueSpecification\",\"valueRequired\":true,\"valueName\":\"search_term_string\"}}],\"inLanguage\":\"pl-PL\"}]}<\/script>\n<!-- \/ Yoast SEO plugin. -->","yoast_head_json":{"title":"P\u0119dzel do makija\u017cu 3 w 1,1 szt. - TianDe Online Shop - Beauty &amp; Health","robots":{"index":"index","follow":"follow","max-snippet":"max-snippet:-1","max-image-preview":"max-image-preview:large","max-video-preview":"max-video-preview:-1"},"canonical":"https:\/\/tiandeproducts.co.uk\/pl\/pedzel-do-makijazu-3-w-1\/","og_locale":"pl_PL","og_type":"article","og_title":"P\u0119dzel do makija\u017cu 3 w 1,1 szt. - TianDe Online Shop - Beauty &amp; Health","og_description":"Earn 20 points worth \u00a31.00 when buying this product G\u0105bka do podk\u0142adu, p\u0119dzel do pudru, p\u0119dzelek do pomadki i do cieni \u2013 aby wykona\u0107 idealny makija\u017c, potrzebnych jest wiele p\u0119dzelk\u00f3w o r\u00f3\u017cnej wielko\u015bci lub&#8230; Jeden p\u0119dzel 3 w 1 od TianDe! W jednym wygodnym stylowym opakowaniu znajduj\u0105 si\u0119 jednocze\u015bnie 3 p\u0119dzle: &#8211; du\u017cy \u2013 do [...]","og_url":"https:\/\/tiandeproducts.co.uk\/pl\/pedzel-do-makijazu-3-w-1\/","og_site_name":"TianDe Online Shop - Beauty &amp; Health","article_publisher":"https:\/\/www.facebook.com\/tiande.products.england\/","og_image":[{"width":700,"height":700,"url":"https:\/\/tiandeproducts.co.uk\/wp-content\/uploads\/90194.png","type":"image\/png"}],"twitter_card":"summary_large_image","twitter_misc":{"Szacowany czas czytania":"1 minuta"},"schema":{"@context":"https:\/\/schema.org","@graph":[{"@type":"WebPage","@id":"https:\/\/tiandeproducts.co.uk\/pl\/pedzel-do-makijazu-3-w-1\/","url":"https:\/\/tiandeproducts.co.uk\/pl\/pedzel-do-makijazu-3-w-1\/","name":"P\u0119dzel do makija\u017cu 3 w 1,1 szt. - TianDe Online Shop - Beauty &amp; Health","isPartOf":{"@id":"https:\/\/tiandeproducts.co.uk\/#website"},"primaryImageOfPage":{"@id":"https:\/\/tiandeproducts.co.uk\/pl\/pedzel-do-makijazu-3-w-1\/#primaryimage"},"image":{"@id":"https:\/\/tiandeproducts.co.uk\/pl\/pedzel-do-makijazu-3-w-1\/#primaryimage"},"thumbnailUrl":"https:\/\/tiandeproducts.co.uk\/wp-content\/uploads\/90194.png","datePublished":"2020-11-04T11:13:41+00:00","dateModified":"2020-11-04T11:13:41+00:00","breadcrumb":{"@id":"https:\/\/tiandeproducts.co.uk\/pl\/pedzel-do-makijazu-3-w-1\/#breadcrumb"},"inLanguage":"pl-PL","potentialAction":[{"@type":"ReadAction","target":["https:\/\/tiandeproducts.co.uk\/pl\/pedzel-do-makijazu-3-w-1\/"]}]},{"@type":"ImageObject","inLanguage":"pl-PL","@id":"https:\/\/tiandeproducts.co.uk\/pl\/pedzel-do-makijazu-3-w-1\/#primaryimage","url":"https:\/\/tiandeproducts.co.uk\/wp-content\/uploads\/90194.png","contentUrl":"https:\/\/tiandeproducts.co.uk\/wp-content\/uploads\/90194.png","width":700,"height":700},{"@type":"BreadcrumbList","@id":"https:\/\/tiandeproducts.co.uk\/pl\/pedzel-do-makijazu-3-w-1\/#breadcrumb","itemListElement":[{"@type":"ListItem","position":1,"name":"Home","item":"https:\/\/tiandeproducts.co.uk\/pl\/"},{"@type":"ListItem","position":2,"name":"Shop","item":"https:\/\/tiandeproducts.co.uk\/pl\/shop-2\/"},{"@type":"ListItem","position":3,"name":"P\u0119dzel do makija\u017cu 3 w 1,1 szt."}]},{"@type":"WebSite","@id":"https:\/\/tiandeproducts.co.uk\/#website","url":"https:\/\/tiandeproducts.co.uk\/","name":"TianDe Online Shop - Beauty & Health","description":"Traditional Chinese Medicine","potentialAction":[{"@type":"SearchAction","target":{"@type":"EntryPoint","urlTemplate":"https:\/\/tiandeproducts.co.uk\/?s={search_term_string}"},"query-input":{"@type":"PropertyValueSpecification","valueRequired":true,"valueName":"search_term_string"}}],"inLanguage":"pl-PL"}]}},"_links":{"self":[{"href":"https:\/\/tiandeproducts.co.uk\/pl\/wp-json\/wp\/v2\/product\/15703","targetHints":{"allow":["GET"]}}],"collection":[{"href":"https:\/\/tiandeproducts.co.uk\/pl\/wp-json\/wp\/v2\/product"}],"about":[{"href":"https:\/\/tiandeproducts.co.uk\/pl\/wp-json\/wp\/v2\/types\/product"}],"replies":[{"embeddable":true,"href":"https:\/\/tiandeproducts.co.uk\/pl\/wp-json\/wp\/v2\/comments?post=15703"}],"wp:featuredmedia":[{"embeddable":true,"href":"https:\/\/tiandeproducts.co.uk\/pl\/wp-json\/wp\/v2\/media\/14792"}],"wp:attachment":[{"href":"https:\/\/tiandeproducts.co.uk\/pl\/wp-json\/wp\/v2\/media?parent=15703"}],"wp:term":[{"taxonomy":"product_cat","embeddable":true,"href":"https:\/\/tiandeproducts.co.uk\/pl\/wp-json\/wp\/v2\/product_cat?post=15703"},{"taxonomy":"product_tag","embeddable":true,"href":"https:\/\/tiandeproducts.co.uk\/pl\/wp-json\/wp\/v2\/product_tag?post=15703"}],"curies":[{"name":"wp","href":"https:\/\/api.w.org\/{rel}","templated":true}]}}