{"id":15699,"date":"2020-11-04T11:22:20","date_gmt":"2020-11-04T11:22:20","guid":{"rendered":"https:\/\/www.tiandeproducts.co.uk\/maska-zluszczajaca-do-ust-bubble-coctail12ml\/"},"modified":"2020-11-04T11:22:20","modified_gmt":"2020-11-04T11:22:20","slug":"maska-zluszczajaca-do-ust-bubble-coctail12ml","status":"publish","type":"product","link":"https:\/\/tiandeproducts.co.uk\/pl\/maska-zluszczajaca-do-ust-bubble-coctail12ml\/","title":{"rendered":"Maska z\u0142uszczaj\u0105ca do ust Bubble Coctail,12ml"},"content":{"rendered":"<div class=\"desc_points\"><img decoding=\"async\" style=\"max-width: 16px; margin-right: 5px;\" src=\"https:\/\/tiandeproducts.co.uk\/wp-content\/uploads\/points-green.svg\" \/> Earn 26 points worth \u00a31.30 when buying this product<\/div>\n<div class=\"description\"><\/div>\n<div class=\"instruction\">\n<div class=\"description\">\n<p>Czy Twoje usta s\u0105 zawsze gotowe do poca\u0142unku? Sk\u00f3ra ust wymaga bardzo delikatnej piel\u0119gnacji. Nie posiada gruczo\u0142\u00f3w \u0142ojowych, wi\u0119c szybko staje si\u0119 szorstka i wysycha. Dzi\u0119ki maseczce z\u0142uszczaj\u0105cej &#8222;Bubble Cocktail&#8221; z korea\u0144skiej serii \u0421hoahae* zawsze mo\u017cesz by\u0107 pewna mi\u0119kko\u015bci swoich ust.<\/p>\n<p>Po\u015bwi\u0119\u0107 kilka minut przyjemnej i niezwyk\u0142ej kuracji, a zdziwisz si\u0119, jak Twoje usta stan\u0105 si\u0119 delikatne. Mieszanka magicznych b\u0105belk\u00f3w i aktywnych sk\u0142adnik\u00f3w delikatnie zadba o Twoje usta:<br \/>\n&#8211; delikatnie je oczyszcza, usuwaj\u0105c zrogowacia\u0142y nask\u00f3rek<br \/>\n&#8211; sprzyja nawil\u017ceniu i regeneracji<\/p>\n<p>* \u0421hoahae &#8211; \u201eczoachae\u201d z korea\u0144skiego oznacza \u201eLubi\u0119 ci\u0119!\u201d Dlaczego w\u0142a\u015bnie taka nazwa? Zrozumiesz, kiedy po zastosowaniu produkt\u00f3w z tej serii, zobaczysz swoje odbicie w lustrze.<\/p>\n<\/div>\n<div class=\"instruction\">\n<p><strong>ZASTOSOWANIE:<\/strong><\/p>\n<p>Nanie\u015b maseczk\u0119 na suche usta i odczekaj a\u017c utworzy si\u0119 pianka, po 3-5 minutach masuj usta opuszkami palc\u00f3w, a nast\u0119pnie sp\u0142ucz wod\u0105. Po u\u017cyciu maski zalecamy na\u0142o\u017cenie na usta kremu nawil\u017caj\u0105cego. Tylko do u\u017cytku zewn\u0119trznego.<\/p>\n<\/div>\n<\/div>\n","protected":false},"excerpt":{"rendered":"<p>Earn 26 points worth \u00a31.30 when buying this product Czy Twoje usta s\u0105 zawsze gotowe do poca\u0142unku? Sk\u00f3ra ust wymaga bardzo delikatnej piel\u0119gnacji. Nie posiada gruczo\u0142\u00f3w \u0142ojowych, wi\u0119c szybko staje si\u0119 szorstka i wysycha. Dzi\u0119ki maseczce z\u0142uszczaj\u0105cej &#8222;Bubble Cocktail&#8221; z korea\u0144skiej serii \u0421hoahae* zawsze mo\u017cesz by\u0107 pewna mi\u0119kko\u015bci swoich ust. Po\u015bwi\u0119\u0107 kilka minut przyjemnej i [&#8230;]\n","protected":false},"featured_media":14797,"comment_status":"open","ping_status":"closed","template":"","meta":[],"product_cat":[816,898],"product_tag":[],"class_list":{"0":"post-15699","1":"product","2":"type-product","3":"status-publish","4":"has-post-thumbnail","6":"product_cat-makijaz-pl","7":"product_cat-usta-pl","9":"first","10":"outofstock","11":"shipping-taxable","12":"purchasable","13":"product-type-simple"},"yoast_head":"<!-- This site is optimized with the Yoast SEO plugin v23.6 - https:\/\/yoast.com\/wordpress\/plugins\/seo\/ -->\n<title>Maska z\u0142uszczaj\u0105ca do ust Bubble Coctail,12ml - TianDe Online Shop - Beauty &amp; Health<\/title>\n<meta name=\"robots\" content=\"index, follow, max-snippet:-1, max-image-preview:large, max-video-preview:-1\" \/>\n<link rel=\"canonical\" href=\"https:\/\/tiandeproducts.co.uk\/pl\/maska-zluszczajaca-do-ust-bubble-coctail12ml\/\" \/>\n<meta property=\"og:locale\" content=\"pl_PL\" \/>\n<meta property=\"og:type\" content=\"article\" \/>\n<meta property=\"og:title\" content=\"Maska z\u0142uszczaj\u0105ca do ust Bubble Coctail,12ml - TianDe Online Shop - Beauty &amp; Health\" \/>\n<meta property=\"og:description\" content=\"Earn 26 points worth \u00a31.30 when buying this product Czy Twoje usta s\u0105 zawsze gotowe do poca\u0142unku? Sk\u00f3ra ust wymaga bardzo delikatnej piel\u0119gnacji. Nie posiada gruczo\u0142\u00f3w \u0142ojowych, wi\u0119c szybko staje si\u0119 szorstka i wysycha. Dzi\u0119ki maseczce z\u0142uszczaj\u0105cej &#8222;Bubble Cocktail&#8221; z korea\u0144skiej serii \u0421hoahae* zawsze mo\u017cesz by\u0107 pewna mi\u0119kko\u015bci swoich ust. Po\u015bwi\u0119\u0107 kilka minut przyjemnej i [...]\" \/>\n<meta property=\"og:url\" content=\"https:\/\/tiandeproducts.co.uk\/pl\/maska-zluszczajaca-do-ust-bubble-coctail12ml\/\" \/>\n<meta property=\"og:site_name\" content=\"TianDe Online Shop - Beauty &amp; Health\" \/>\n<meta property=\"article:publisher\" content=\"https:\/\/www.facebook.com\/tiande.products.england\/\" \/>\n<meta property=\"og:image\" content=\"https:\/\/tiandeproducts.co.uk\/wp-content\/uploads\/86503.png\" \/>\n\t<meta property=\"og:image:width\" content=\"700\" \/>\n\t<meta property=\"og:image:height\" content=\"700\" \/>\n\t<meta property=\"og:image:type\" content=\"image\/png\" \/>\n<meta name=\"twitter:card\" content=\"summary_large_image\" \/>\n<meta name=\"twitter:label1\" content=\"Szacowany czas czytania\" \/>\n\t<meta name=\"twitter:data1\" content=\"1 minuta\" \/>\n<script type=\"application\/ld+json\" class=\"yoast-schema-graph\">{\"@context\":\"https:\/\/schema.org\",\"@graph\":[{\"@type\":\"WebPage\",\"@id\":\"https:\/\/tiandeproducts.co.uk\/pl\/maska-zluszczajaca-do-ust-bubble-coctail12ml\/\",\"url\":\"https:\/\/tiandeproducts.co.uk\/pl\/maska-zluszczajaca-do-ust-bubble-coctail12ml\/\",\"name\":\"Maska z\u0142uszczaj\u0105ca do ust Bubble Coctail,12ml - TianDe Online Shop - Beauty &amp; Health\",\"isPartOf\":{\"@id\":\"https:\/\/tiandeproducts.co.uk\/#website\"},\"primaryImageOfPage\":{\"@id\":\"https:\/\/tiandeproducts.co.uk\/pl\/maska-zluszczajaca-do-ust-bubble-coctail12ml\/#primaryimage\"},\"image\":{\"@id\":\"https:\/\/tiandeproducts.co.uk\/pl\/maska-zluszczajaca-do-ust-bubble-coctail12ml\/#primaryimage\"},\"thumbnailUrl\":\"https:\/\/tiandeproducts.co.uk\/wp-content\/uploads\/86503.png\",\"datePublished\":\"2020-11-04T11:22:20+00:00\",\"dateModified\":\"2020-11-04T11:22:20+00:00\",\"breadcrumb\":{\"@id\":\"https:\/\/tiandeproducts.co.uk\/pl\/maska-zluszczajaca-do-ust-bubble-coctail12ml\/#breadcrumb\"},\"inLanguage\":\"pl-PL\",\"potentialAction\":[{\"@type\":\"ReadAction\",\"target\":[\"https:\/\/tiandeproducts.co.uk\/pl\/maska-zluszczajaca-do-ust-bubble-coctail12ml\/\"]}]},{\"@type\":\"ImageObject\",\"inLanguage\":\"pl-PL\",\"@id\":\"https:\/\/tiandeproducts.co.uk\/pl\/maska-zluszczajaca-do-ust-bubble-coctail12ml\/#primaryimage\",\"url\":\"https:\/\/tiandeproducts.co.uk\/wp-content\/uploads\/86503.png\",\"contentUrl\":\"https:\/\/tiandeproducts.co.uk\/wp-content\/uploads\/86503.png\",\"width\":700,\"height\":700},{\"@type\":\"BreadcrumbList\",\"@id\":\"https:\/\/tiandeproducts.co.uk\/pl\/maska-zluszczajaca-do-ust-bubble-coctail12ml\/#breadcrumb\",\"itemListElement\":[{\"@type\":\"ListItem\",\"position\":1,\"name\":\"Home\",\"item\":\"https:\/\/tiandeproducts.co.uk\/pl\/\"},{\"@type\":\"ListItem\",\"position\":2,\"name\":\"Shop\",\"item\":\"https:\/\/tiandeproducts.co.uk\/pl\/shop-2\/\"},{\"@type\":\"ListItem\",\"position\":3,\"name\":\"Maska z\u0142uszczaj\u0105ca do ust Bubble Coctail,12ml\"}]},{\"@type\":\"WebSite\",\"@id\":\"https:\/\/tiandeproducts.co.uk\/#website\",\"url\":\"https:\/\/tiandeproducts.co.uk\/\",\"name\":\"TianDe Online Shop - Beauty & Health\",\"description\":\"Traditional Chinese Medicine\",\"potentialAction\":[{\"@type\":\"SearchAction\",\"target\":{\"@type\":\"EntryPoint\",\"urlTemplate\":\"https:\/\/tiandeproducts.co.uk\/?s={search_term_string}\"},\"query-input\":{\"@type\":\"PropertyValueSpecification\",\"valueRequired\":true,\"valueName\":\"search_term_string\"}}],\"inLanguage\":\"pl-PL\"}]}<\/script>\n<!-- \/ Yoast SEO plugin. -->","yoast_head_json":{"title":"Maska z\u0142uszczaj\u0105ca do ust Bubble Coctail,12ml - TianDe Online Shop - Beauty &amp; Health","robots":{"index":"index","follow":"follow","max-snippet":"max-snippet:-1","max-image-preview":"max-image-preview:large","max-video-preview":"max-video-preview:-1"},"canonical":"https:\/\/tiandeproducts.co.uk\/pl\/maska-zluszczajaca-do-ust-bubble-coctail12ml\/","og_locale":"pl_PL","og_type":"article","og_title":"Maska z\u0142uszczaj\u0105ca do ust Bubble Coctail,12ml - TianDe Online Shop - Beauty &amp; Health","og_description":"Earn 26 points worth \u00a31.30 when buying this product Czy Twoje usta s\u0105 zawsze gotowe do poca\u0142unku? Sk\u00f3ra ust wymaga bardzo delikatnej piel\u0119gnacji. Nie posiada gruczo\u0142\u00f3w \u0142ojowych, wi\u0119c szybko staje si\u0119 szorstka i wysycha. Dzi\u0119ki maseczce z\u0142uszczaj\u0105cej &#8222;Bubble Cocktail&#8221; z korea\u0144skiej serii \u0421hoahae* zawsze mo\u017cesz by\u0107 pewna mi\u0119kko\u015bci swoich ust. Po\u015bwi\u0119\u0107 kilka minut przyjemnej i [...]","og_url":"https:\/\/tiandeproducts.co.uk\/pl\/maska-zluszczajaca-do-ust-bubble-coctail12ml\/","og_site_name":"TianDe Online Shop - Beauty &amp; Health","article_publisher":"https:\/\/www.facebook.com\/tiande.products.england\/","og_image":[{"width":700,"height":700,"url":"https:\/\/tiandeproducts.co.uk\/wp-content\/uploads\/86503.png","type":"image\/png"}],"twitter_card":"summary_large_image","twitter_misc":{"Szacowany czas czytania":"1 minuta"},"schema":{"@context":"https:\/\/schema.org","@graph":[{"@type":"WebPage","@id":"https:\/\/tiandeproducts.co.uk\/pl\/maska-zluszczajaca-do-ust-bubble-coctail12ml\/","url":"https:\/\/tiandeproducts.co.uk\/pl\/maska-zluszczajaca-do-ust-bubble-coctail12ml\/","name":"Maska z\u0142uszczaj\u0105ca do ust Bubble Coctail,12ml - TianDe Online Shop - Beauty &amp; Health","isPartOf":{"@id":"https:\/\/tiandeproducts.co.uk\/#website"},"primaryImageOfPage":{"@id":"https:\/\/tiandeproducts.co.uk\/pl\/maska-zluszczajaca-do-ust-bubble-coctail12ml\/#primaryimage"},"image":{"@id":"https:\/\/tiandeproducts.co.uk\/pl\/maska-zluszczajaca-do-ust-bubble-coctail12ml\/#primaryimage"},"thumbnailUrl":"https:\/\/tiandeproducts.co.uk\/wp-content\/uploads\/86503.png","datePublished":"2020-11-04T11:22:20+00:00","dateModified":"2020-11-04T11:22:20+00:00","breadcrumb":{"@id":"https:\/\/tiandeproducts.co.uk\/pl\/maska-zluszczajaca-do-ust-bubble-coctail12ml\/#breadcrumb"},"inLanguage":"pl-PL","potentialAction":[{"@type":"ReadAction","target":["https:\/\/tiandeproducts.co.uk\/pl\/maska-zluszczajaca-do-ust-bubble-coctail12ml\/"]}]},{"@type":"ImageObject","inLanguage":"pl-PL","@id":"https:\/\/tiandeproducts.co.uk\/pl\/maska-zluszczajaca-do-ust-bubble-coctail12ml\/#primaryimage","url":"https:\/\/tiandeproducts.co.uk\/wp-content\/uploads\/86503.png","contentUrl":"https:\/\/tiandeproducts.co.uk\/wp-content\/uploads\/86503.png","width":700,"height":700},{"@type":"BreadcrumbList","@id":"https:\/\/tiandeproducts.co.uk\/pl\/maska-zluszczajaca-do-ust-bubble-coctail12ml\/#breadcrumb","itemListElement":[{"@type":"ListItem","position":1,"name":"Home","item":"https:\/\/tiandeproducts.co.uk\/pl\/"},{"@type":"ListItem","position":2,"name":"Shop","item":"https:\/\/tiandeproducts.co.uk\/pl\/shop-2\/"},{"@type":"ListItem","position":3,"name":"Maska z\u0142uszczaj\u0105ca do ust Bubble Coctail,12ml"}]},{"@type":"WebSite","@id":"https:\/\/tiandeproducts.co.uk\/#website","url":"https:\/\/tiandeproducts.co.uk\/","name":"TianDe Online Shop - Beauty & Health","description":"Traditional Chinese Medicine","potentialAction":[{"@type":"SearchAction","target":{"@type":"EntryPoint","urlTemplate":"https:\/\/tiandeproducts.co.uk\/?s={search_term_string}"},"query-input":{"@type":"PropertyValueSpecification","valueRequired":true,"valueName":"search_term_string"}}],"inLanguage":"pl-PL"}]}},"_links":{"self":[{"href":"https:\/\/tiandeproducts.co.uk\/pl\/wp-json\/wp\/v2\/product\/15699","targetHints":{"allow":["GET"]}}],"collection":[{"href":"https:\/\/tiandeproducts.co.uk\/pl\/wp-json\/wp\/v2\/product"}],"about":[{"href":"https:\/\/tiandeproducts.co.uk\/pl\/wp-json\/wp\/v2\/types\/product"}],"replies":[{"embeddable":true,"href":"https:\/\/tiandeproducts.co.uk\/pl\/wp-json\/wp\/v2\/comments?post=15699"}],"wp:featuredmedia":[{"embeddable":true,"href":"https:\/\/tiandeproducts.co.uk\/pl\/wp-json\/wp\/v2\/media\/14797"}],"wp:attachment":[{"href":"https:\/\/tiandeproducts.co.uk\/pl\/wp-json\/wp\/v2\/media?parent=15699"}],"wp:term":[{"taxonomy":"product_cat","embeddable":true,"href":"https:\/\/tiandeproducts.co.uk\/pl\/wp-json\/wp\/v2\/product_cat?post=15699"},{"taxonomy":"product_tag","embeddable":true,"href":"https:\/\/tiandeproducts.co.uk\/pl\/wp-json\/wp\/v2\/product_tag?post=15699"}],"curies":[{"name":"wp","href":"https:\/\/api.w.org\/{rel}","templated":true}]}}