{"id":15642,"date":"2020-11-04T11:30:00","date_gmt":"2020-11-04T11:30:00","guid":{"rendered":"https:\/\/www.tiandeproducts.co.uk\/kasza-jaglana-z-figami-morelami-i-dynia35g\/"},"modified":"2020-11-04T11:30:00","modified_gmt":"2020-11-04T11:30:00","slug":"kasza-jaglana-z-figami-morelami-i-dynia35g","status":"publish","type":"product","link":"https:\/\/tiandeproducts.co.uk\/pl\/kasza-jaglana-z-figami-morelami-i-dynia35g\/","title":{"rendered":"Kasza jaglana z figami, morelami i dyni\u0105,35g"},"content":{"rendered":"<div class=\"desc_points\"><img decoding=\"async\" style=\"max-width: 16px; margin-right: 5px;\" src=\"https:\/\/tiandeproducts.co.uk\/wp-content\/uploads\/points-green.svg\" \/> Earn 2 points worth \u00a30.10 when buying this product<\/div>\n<div class=\"description\">\n<div class=\"description\">\n<p>Jeste\u015bmy za zdrowym, naturalnym i racjonalnym od\u017cywianiem! Kasza jaglana z figami, morelami i dyni\u0105 jest korzystna dla zdrowia i \u015bwietnie smakuje. To idealny wyb\u00f3r na \u015bniadanie lub posi\u0142ek w ci\u0105gu dnia.<\/p>\n<p>Nie zawiera konserwant\u00f3w, glutenu, wzmacniaczy smaku. Sk\u0142adniki produktu dostarcza organizmowi wa\u017cnych substancji:<br \/>\n&#8211; karotenoidy maj\u0105 pozytywny wp\u0142yw na wzrok<br \/>\n&#8211; figi, morele i dynie stabilizuj\u0105 prac\u0119 uk\u0142adu pokarmowego<br \/>\n&#8211; kasza jest bogata w witaminy A i PP, kt\u00f3re wspomagaj\u0105 regeneracj\u0119 sk\u00f3ry<br \/>\n&#8211; kasza jaglana zawiera \u017celazo i krzem, budulec w\u0142os\u00f3w, z\u0119b\u00f3w i paznokci<\/p>\n<p>Ka\u017cda porcja zawiera tylko 103 kalorie. Kasza jaglana dodaje d\u0142ugotrwa\u0142ego uczucia syto\u015bci i \u015bwietnie sprawdzi si\u0119 u os\u00f3b, kt\u00f3re dbaj\u0105 o swoj\u0105 sylwetk\u0119. Doceni\u0105 go r\u00f3wnie\u017c sportowcy i osoby wykonuj\u0105ce prac\u0119 fizyczn\u0105. Kasza doda im energii i si\u0142.<\/p>\n<\/div>\n<div class=\"instruction\">\n<p><strong>ZASTOSOWANIE:<\/strong><\/p>\n<p>Aby przygotowa\u0107 owsiank\u0119, wystarczy doda\u0107 60-70 ml gor\u0105cej wody i dok\u0142adnie wymiesza\u0107. Po 3-5 minut owsianka jest gotowa do spo\u017cycia.<\/p>\n<\/div>\n<\/div>\n","protected":false},"excerpt":{"rendered":"<p>Earn 2 points worth \u00a30.10 when buying this product Jeste\u015bmy za zdrowym, naturalnym i racjonalnym od\u017cywianiem! Kasza jaglana z figami, morelami i dyni\u0105 jest korzystna dla zdrowia i \u015bwietnie smakuje. To idealny wyb\u00f3r na \u015bniadanie lub posi\u0142ek w ci\u0105gu dnia. Nie zawiera konserwant\u00f3w, glutenu, wzmacniaczy smaku. Sk\u0142adniki produktu dostarcza organizmowi wa\u017cnych substancji: &#8211; karotenoidy maj\u0105 [&#8230;]\n","protected":false},"featured_media":14803,"comment_status":"open","ping_status":"closed","template":"","meta":[],"product_cat":[721,833,1371],"product_tag":[],"class_list":{"0":"post-15642","1":"product","2":"type-product","3":"status-publish","4":"has-post-thumbnail","6":"product_cat-active-life-pl","7":"product_cat-wellness-pl","8":"product_cat-zdrowe-jedzenie","10":"first","11":"instock","12":"shipping-taxable","13":"purchasable","14":"product-type-simple"},"yoast_head":"<!-- This site is optimized with the Yoast SEO plugin v23.6 - https:\/\/yoast.com\/wordpress\/plugins\/seo\/ -->\n<title>Kasza jaglana z figami, morelami i dyni\u0105,35g - TianDe Online Shop - Beauty &amp; Health<\/title>\n<meta name=\"robots\" content=\"index, follow, max-snippet:-1, max-image-preview:large, max-video-preview:-1\" \/>\n<link rel=\"canonical\" href=\"https:\/\/tiandeproducts.co.uk\/pl\/kasza-jaglana-z-figami-morelami-i-dynia35g\/\" \/>\n<meta property=\"og:locale\" content=\"pl_PL\" \/>\n<meta property=\"og:type\" content=\"article\" \/>\n<meta property=\"og:title\" content=\"Kasza jaglana z figami, morelami i dyni\u0105,35g - TianDe Online Shop - Beauty &amp; Health\" \/>\n<meta property=\"og:description\" content=\"Earn 2 points worth \u00a30.10 when buying this product Jeste\u015bmy za zdrowym, naturalnym i racjonalnym od\u017cywianiem! Kasza jaglana z figami, morelami i dyni\u0105 jest korzystna dla zdrowia i \u015bwietnie smakuje. To idealny wyb\u00f3r na \u015bniadanie lub posi\u0142ek w ci\u0105gu dnia. Nie zawiera konserwant\u00f3w, glutenu, wzmacniaczy smaku. Sk\u0142adniki produktu dostarcza organizmowi wa\u017cnych substancji: &#8211; karotenoidy maj\u0105 [...]\" \/>\n<meta property=\"og:url\" content=\"https:\/\/tiandeproducts.co.uk\/pl\/kasza-jaglana-z-figami-morelami-i-dynia35g\/\" \/>\n<meta property=\"og:site_name\" content=\"TianDe Online Shop - Beauty &amp; Health\" \/>\n<meta property=\"article:publisher\" content=\"https:\/\/www.facebook.com\/tiande.products.england\/\" \/>\n<meta property=\"og:image\" content=\"https:\/\/tiandeproducts.co.uk\/wp-content\/uploads\/195438-1.png\" \/>\n\t<meta property=\"og:image:width\" content=\"400\" \/>\n\t<meta property=\"og:image:height\" content=\"400\" \/>\n\t<meta property=\"og:image:type\" content=\"image\/png\" \/>\n<meta name=\"twitter:card\" content=\"summary_large_image\" \/>\n<meta name=\"twitter:label1\" content=\"Szacowany czas czytania\" \/>\n\t<meta name=\"twitter:data1\" content=\"1 minuta\" \/>\n<script type=\"application\/ld+json\" class=\"yoast-schema-graph\">{\"@context\":\"https:\/\/schema.org\",\"@graph\":[{\"@type\":\"WebPage\",\"@id\":\"https:\/\/tiandeproducts.co.uk\/pl\/kasza-jaglana-z-figami-morelami-i-dynia35g\/\",\"url\":\"https:\/\/tiandeproducts.co.uk\/pl\/kasza-jaglana-z-figami-morelami-i-dynia35g\/\",\"name\":\"Kasza jaglana z figami, morelami i dyni\u0105,35g - TianDe Online Shop - Beauty &amp; Health\",\"isPartOf\":{\"@id\":\"https:\/\/tiandeproducts.co.uk\/#website\"},\"primaryImageOfPage\":{\"@id\":\"https:\/\/tiandeproducts.co.uk\/pl\/kasza-jaglana-z-figami-morelami-i-dynia35g\/#primaryimage\"},\"image\":{\"@id\":\"https:\/\/tiandeproducts.co.uk\/pl\/kasza-jaglana-z-figami-morelami-i-dynia35g\/#primaryimage\"},\"thumbnailUrl\":\"https:\/\/tiandeproducts.co.uk\/wp-content\/uploads\/195438-1.png\",\"datePublished\":\"2020-11-04T11:30:00+00:00\",\"dateModified\":\"2020-11-04T11:30:00+00:00\",\"breadcrumb\":{\"@id\":\"https:\/\/tiandeproducts.co.uk\/pl\/kasza-jaglana-z-figami-morelami-i-dynia35g\/#breadcrumb\"},\"inLanguage\":\"pl-PL\",\"potentialAction\":[{\"@type\":\"ReadAction\",\"target\":[\"https:\/\/tiandeproducts.co.uk\/pl\/kasza-jaglana-z-figami-morelami-i-dynia35g\/\"]}]},{\"@type\":\"ImageObject\",\"inLanguage\":\"pl-PL\",\"@id\":\"https:\/\/tiandeproducts.co.uk\/pl\/kasza-jaglana-z-figami-morelami-i-dynia35g\/#primaryimage\",\"url\":\"https:\/\/tiandeproducts.co.uk\/wp-content\/uploads\/195438-1.png\",\"contentUrl\":\"https:\/\/tiandeproducts.co.uk\/wp-content\/uploads\/195438-1.png\",\"width\":400,\"height\":400},{\"@type\":\"BreadcrumbList\",\"@id\":\"https:\/\/tiandeproducts.co.uk\/pl\/kasza-jaglana-z-figami-morelami-i-dynia35g\/#breadcrumb\",\"itemListElement\":[{\"@type\":\"ListItem\",\"position\":1,\"name\":\"Home\",\"item\":\"https:\/\/tiandeproducts.co.uk\/pl\/\"},{\"@type\":\"ListItem\",\"position\":2,\"name\":\"Shop\",\"item\":\"https:\/\/tiandeproducts.co.uk\/pl\/shop-2\/\"},{\"@type\":\"ListItem\",\"position\":3,\"name\":\"Kasza jaglana z figami, morelami i dyni\u0105,35g\"}]},{\"@type\":\"WebSite\",\"@id\":\"https:\/\/tiandeproducts.co.uk\/#website\",\"url\":\"https:\/\/tiandeproducts.co.uk\/\",\"name\":\"TianDe Online Shop - Beauty & Health\",\"description\":\"Traditional Chinese Medicine\",\"potentialAction\":[{\"@type\":\"SearchAction\",\"target\":{\"@type\":\"EntryPoint\",\"urlTemplate\":\"https:\/\/tiandeproducts.co.uk\/?s={search_term_string}\"},\"query-input\":{\"@type\":\"PropertyValueSpecification\",\"valueRequired\":true,\"valueName\":\"search_term_string\"}}],\"inLanguage\":\"pl-PL\"}]}<\/script>\n<!-- \/ Yoast SEO plugin. -->","yoast_head_json":{"title":"Kasza jaglana z figami, morelami i dyni\u0105,35g - TianDe Online Shop - Beauty &amp; Health","robots":{"index":"index","follow":"follow","max-snippet":"max-snippet:-1","max-image-preview":"max-image-preview:large","max-video-preview":"max-video-preview:-1"},"canonical":"https:\/\/tiandeproducts.co.uk\/pl\/kasza-jaglana-z-figami-morelami-i-dynia35g\/","og_locale":"pl_PL","og_type":"article","og_title":"Kasza jaglana z figami, morelami i dyni\u0105,35g - TianDe Online Shop - Beauty &amp; Health","og_description":"Earn 2 points worth \u00a30.10 when buying this product Jeste\u015bmy za zdrowym, naturalnym i racjonalnym od\u017cywianiem! Kasza jaglana z figami, morelami i dyni\u0105 jest korzystna dla zdrowia i \u015bwietnie smakuje. To idealny wyb\u00f3r na \u015bniadanie lub posi\u0142ek w ci\u0105gu dnia. Nie zawiera konserwant\u00f3w, glutenu, wzmacniaczy smaku. Sk\u0142adniki produktu dostarcza organizmowi wa\u017cnych substancji: &#8211; karotenoidy maj\u0105 [...]","og_url":"https:\/\/tiandeproducts.co.uk\/pl\/kasza-jaglana-z-figami-morelami-i-dynia35g\/","og_site_name":"TianDe Online Shop - Beauty &amp; Health","article_publisher":"https:\/\/www.facebook.com\/tiande.products.england\/","og_image":[{"width":400,"height":400,"url":"https:\/\/tiandeproducts.co.uk\/wp-content\/uploads\/195438-1.png","type":"image\/png"}],"twitter_card":"summary_large_image","twitter_misc":{"Szacowany czas czytania":"1 minuta"},"schema":{"@context":"https:\/\/schema.org","@graph":[{"@type":"WebPage","@id":"https:\/\/tiandeproducts.co.uk\/pl\/kasza-jaglana-z-figami-morelami-i-dynia35g\/","url":"https:\/\/tiandeproducts.co.uk\/pl\/kasza-jaglana-z-figami-morelami-i-dynia35g\/","name":"Kasza jaglana z figami, morelami i dyni\u0105,35g - TianDe Online Shop - Beauty &amp; Health","isPartOf":{"@id":"https:\/\/tiandeproducts.co.uk\/#website"},"primaryImageOfPage":{"@id":"https:\/\/tiandeproducts.co.uk\/pl\/kasza-jaglana-z-figami-morelami-i-dynia35g\/#primaryimage"},"image":{"@id":"https:\/\/tiandeproducts.co.uk\/pl\/kasza-jaglana-z-figami-morelami-i-dynia35g\/#primaryimage"},"thumbnailUrl":"https:\/\/tiandeproducts.co.uk\/wp-content\/uploads\/195438-1.png","datePublished":"2020-11-04T11:30:00+00:00","dateModified":"2020-11-04T11:30:00+00:00","breadcrumb":{"@id":"https:\/\/tiandeproducts.co.uk\/pl\/kasza-jaglana-z-figami-morelami-i-dynia35g\/#breadcrumb"},"inLanguage":"pl-PL","potentialAction":[{"@type":"ReadAction","target":["https:\/\/tiandeproducts.co.uk\/pl\/kasza-jaglana-z-figami-morelami-i-dynia35g\/"]}]},{"@type":"ImageObject","inLanguage":"pl-PL","@id":"https:\/\/tiandeproducts.co.uk\/pl\/kasza-jaglana-z-figami-morelami-i-dynia35g\/#primaryimage","url":"https:\/\/tiandeproducts.co.uk\/wp-content\/uploads\/195438-1.png","contentUrl":"https:\/\/tiandeproducts.co.uk\/wp-content\/uploads\/195438-1.png","width":400,"height":400},{"@type":"BreadcrumbList","@id":"https:\/\/tiandeproducts.co.uk\/pl\/kasza-jaglana-z-figami-morelami-i-dynia35g\/#breadcrumb","itemListElement":[{"@type":"ListItem","position":1,"name":"Home","item":"https:\/\/tiandeproducts.co.uk\/pl\/"},{"@type":"ListItem","position":2,"name":"Shop","item":"https:\/\/tiandeproducts.co.uk\/pl\/shop-2\/"},{"@type":"ListItem","position":3,"name":"Kasza jaglana z figami, morelami i dyni\u0105,35g"}]},{"@type":"WebSite","@id":"https:\/\/tiandeproducts.co.uk\/#website","url":"https:\/\/tiandeproducts.co.uk\/","name":"TianDe Online Shop - Beauty & Health","description":"Traditional Chinese Medicine","potentialAction":[{"@type":"SearchAction","target":{"@type":"EntryPoint","urlTemplate":"https:\/\/tiandeproducts.co.uk\/?s={search_term_string}"},"query-input":{"@type":"PropertyValueSpecification","valueRequired":true,"valueName":"search_term_string"}}],"inLanguage":"pl-PL"}]}},"_links":{"self":[{"href":"https:\/\/tiandeproducts.co.uk\/pl\/wp-json\/wp\/v2\/product\/15642","targetHints":{"allow":["GET"]}}],"collection":[{"href":"https:\/\/tiandeproducts.co.uk\/pl\/wp-json\/wp\/v2\/product"}],"about":[{"href":"https:\/\/tiandeproducts.co.uk\/pl\/wp-json\/wp\/v2\/types\/product"}],"replies":[{"embeddable":true,"href":"https:\/\/tiandeproducts.co.uk\/pl\/wp-json\/wp\/v2\/comments?post=15642"}],"wp:featuredmedia":[{"embeddable":true,"href":"https:\/\/tiandeproducts.co.uk\/pl\/wp-json\/wp\/v2\/media\/14803"}],"wp:attachment":[{"href":"https:\/\/tiandeproducts.co.uk\/pl\/wp-json\/wp\/v2\/media?parent=15642"}],"wp:term":[{"taxonomy":"product_cat","embeddable":true,"href":"https:\/\/tiandeproducts.co.uk\/pl\/wp-json\/wp\/v2\/product_cat?post=15642"},{"taxonomy":"product_tag","embeddable":true,"href":"https:\/\/tiandeproducts.co.uk\/pl\/wp-json\/wp\/v2\/product_tag?post=15642"}],"curies":[{"name":"wp","href":"https:\/\/api.w.org\/{rel}","templated":true}]}}