{"id":15640,"date":"2020-11-04T11:34:12","date_gmt":"2020-11-04T11:34:12","guid":{"rendered":"https:\/\/www.tiandeproducts.co.uk\/szampon-ze-srebrem-dla-mezczyzn250g\/"},"modified":"2020-11-04T11:34:12","modified_gmt":"2020-11-04T11:34:12","slug":"szampon-ze-srebrem-dla-mezczyzn250g","status":"publish","type":"product","link":"https:\/\/tiandeproducts.co.uk\/pl\/szampon-ze-srebrem-dla-mezczyzn250g\/","title":{"rendered":"Szampon ze srebrem dla m\u0119\u017cczyzn,250g"},"content":{"rendered":"<div class=\"desc_points\"><img decoding=\"async\" style=\"max-width: 16px; margin-right: 5px;\" src=\"https:\/\/tiandeproducts.co.uk\/wp-content\/uploads\/points-green.svg\" \/> Earn 10 points worth \u00a30.50 when buying this product<\/div>\n<div class=\"description\">\n<div class=\"description\">\n<p>Dla pewnych siebie m\u0119\u017cczyzn konieczne s\u0105 prawdziwe m\u0119skie kosmetyki. Takie jak szampon ze srebrem od TianDe.<\/p>\n<p>Ten produkt zosta\u0142 zaprojektowany z my\u015bl\u0105 o fizjologicznych potrzebach m\u0119skiej sk\u00f3ry. Dzia\u0142a jednocze\u015bnie na trzech poziomach:<br \/>\n&#8211; wzmacnia w\u0142osy<br \/>\n&#8211; kontroluje wydzielanie sebum u ich nasady<br \/>\n&#8211; chroni sk\u00f3r\u0119 przed podra\u017cnieniem<\/p>\n<p>Szampon dla m\u0119\u017cczyzn od TianDe to doskona\u0142e rozwi\u0105zanie dla sportowc\u00f3w i mi\u0142o\u015bnik\u00f3w aktywnego odpoczynku. Produkt zawiera srebro koloidalne, kt\u00f3re dzia\u0142a przeciwbakteryjnie. Przy wzmo\u017conym poceniu si\u0119 doskonale oczyszcza oraz od\u015bwie\u017ca sk\u00f3r\u0119 g\u0142owy i w\u0142osy.<\/p>\n<\/div>\n<div class=\"instruction\">\n<p><strong>ZASTOSOWANIE:<\/strong><\/p>\n<p>Nanie\u015b\u0107 na wilgotne w\u0142osy, wmasowa\u0107, a nast\u0119pnie sp\u0142uka\u0107.<\/p>\n<\/div>\n<\/div>\n","protected":false},"excerpt":{"rendered":"<p>Earn 10 points worth \u00a30.50 when buying this product Dla pewnych siebie m\u0119\u017cczyzn konieczne s\u0105 prawdziwe m\u0119skie kosmetyki. Takie jak szampon ze srebrem od TianDe. Ten produkt zosta\u0142 zaprojektowany z my\u015bl\u0105 o fizjologicznych potrzebach m\u0119skiej sk\u00f3ry. Dzia\u0142a jednocze\u015bnie na trzech poziomach: &#8211; wzmacnia w\u0142osy &#8211; kontroluje wydzielanie sebum u ich nasady &#8211; chroni sk\u00f3r\u0119 przed [&#8230;]\n","protected":false},"featured_media":14808,"comment_status":"open","ping_status":"closed","template":"","meta":[],"product_cat":[774,843,855,787],"product_tag":[],"class_list":{"0":"post-15640","1":"product","2":"type-product","3":"status-publish","4":"has-post-thumbnail","6":"product_cat-dla-mezczyzn","7":"product_cat-do-wlosow","8":"product_cat-produkty-kosmetyczne","9":"product_cat-szampony","11":"first","12":"outofstock","13":"shipping-taxable","14":"purchasable","15":"product-type-simple"},"yoast_head":"<!-- This site is optimized with the Yoast SEO plugin v23.6 - https:\/\/yoast.com\/wordpress\/plugins\/seo\/ -->\n<title>Szampon ze srebrem dla m\u0119\u017cczyzn,250g - TianDe Online Shop - Beauty &amp; Health<\/title>\n<meta name=\"robots\" content=\"index, follow, max-snippet:-1, max-image-preview:large, max-video-preview:-1\" \/>\n<link rel=\"canonical\" href=\"https:\/\/tiandeproducts.co.uk\/pl\/szampon-ze-srebrem-dla-mezczyzn250g\/\" \/>\n<meta property=\"og:locale\" content=\"pl_PL\" \/>\n<meta property=\"og:type\" content=\"article\" \/>\n<meta property=\"og:title\" content=\"Szampon ze srebrem dla m\u0119\u017cczyzn,250g - TianDe Online Shop - Beauty &amp; Health\" \/>\n<meta property=\"og:description\" content=\"Earn 10 points worth \u00a30.50 when buying this product Dla pewnych siebie m\u0119\u017cczyzn konieczne s\u0105 prawdziwe m\u0119skie kosmetyki. Takie jak szampon ze srebrem od TianDe. Ten produkt zosta\u0142 zaprojektowany z my\u015bl\u0105 o fizjologicznych potrzebach m\u0119skiej sk\u00f3ry. Dzia\u0142a jednocze\u015bnie na trzech poziomach: &#8211; wzmacnia w\u0142osy &#8211; kontroluje wydzielanie sebum u ich nasady &#8211; chroni sk\u00f3r\u0119 przed [...]\" \/>\n<meta property=\"og:url\" content=\"https:\/\/tiandeproducts.co.uk\/pl\/szampon-ze-srebrem-dla-mezczyzn250g\/\" \/>\n<meta property=\"og:site_name\" content=\"TianDe Online Shop - Beauty &amp; Health\" \/>\n<meta property=\"article:publisher\" content=\"https:\/\/www.facebook.com\/tiande.products.england\/\" \/>\n<meta property=\"og:image\" content=\"https:\/\/tiandeproducts.co.uk\/wp-content\/uploads\/20150.png\" \/>\n\t<meta property=\"og:image:width\" content=\"700\" \/>\n\t<meta property=\"og:image:height\" content=\"700\" \/>\n\t<meta property=\"og:image:type\" content=\"image\/png\" \/>\n<meta name=\"twitter:card\" content=\"summary_large_image\" \/>\n<meta name=\"twitter:label1\" content=\"Szacowany czas czytania\" \/>\n\t<meta name=\"twitter:data1\" content=\"1 minuta\" \/>\n<script type=\"application\/ld+json\" class=\"yoast-schema-graph\">{\"@context\":\"https:\/\/schema.org\",\"@graph\":[{\"@type\":\"WebPage\",\"@id\":\"https:\/\/tiandeproducts.co.uk\/pl\/szampon-ze-srebrem-dla-mezczyzn250g\/\",\"url\":\"https:\/\/tiandeproducts.co.uk\/pl\/szampon-ze-srebrem-dla-mezczyzn250g\/\",\"name\":\"Szampon ze srebrem dla m\u0119\u017cczyzn,250g - TianDe Online Shop - Beauty &amp; Health\",\"isPartOf\":{\"@id\":\"https:\/\/tiandeproducts.co.uk\/#website\"},\"primaryImageOfPage\":{\"@id\":\"https:\/\/tiandeproducts.co.uk\/pl\/szampon-ze-srebrem-dla-mezczyzn250g\/#primaryimage\"},\"image\":{\"@id\":\"https:\/\/tiandeproducts.co.uk\/pl\/szampon-ze-srebrem-dla-mezczyzn250g\/#primaryimage\"},\"thumbnailUrl\":\"https:\/\/tiandeproducts.co.uk\/wp-content\/uploads\/20150.png\",\"datePublished\":\"2020-11-04T11:34:12+00:00\",\"dateModified\":\"2020-11-04T11:34:12+00:00\",\"breadcrumb\":{\"@id\":\"https:\/\/tiandeproducts.co.uk\/pl\/szampon-ze-srebrem-dla-mezczyzn250g\/#breadcrumb\"},\"inLanguage\":\"pl-PL\",\"potentialAction\":[{\"@type\":\"ReadAction\",\"target\":[\"https:\/\/tiandeproducts.co.uk\/pl\/szampon-ze-srebrem-dla-mezczyzn250g\/\"]}]},{\"@type\":\"ImageObject\",\"inLanguage\":\"pl-PL\",\"@id\":\"https:\/\/tiandeproducts.co.uk\/pl\/szampon-ze-srebrem-dla-mezczyzn250g\/#primaryimage\",\"url\":\"https:\/\/tiandeproducts.co.uk\/wp-content\/uploads\/20150.png\",\"contentUrl\":\"https:\/\/tiandeproducts.co.uk\/wp-content\/uploads\/20150.png\",\"width\":700,\"height\":700},{\"@type\":\"BreadcrumbList\",\"@id\":\"https:\/\/tiandeproducts.co.uk\/pl\/szampon-ze-srebrem-dla-mezczyzn250g\/#breadcrumb\",\"itemListElement\":[{\"@type\":\"ListItem\",\"position\":1,\"name\":\"Home\",\"item\":\"https:\/\/tiandeproducts.co.uk\/pl\/\"},{\"@type\":\"ListItem\",\"position\":2,\"name\":\"Shop\",\"item\":\"https:\/\/tiandeproducts.co.uk\/pl\/shop-2\/\"},{\"@type\":\"ListItem\",\"position\":3,\"name\":\"Szampon ze srebrem dla m\u0119\u017cczyzn,250g\"}]},{\"@type\":\"WebSite\",\"@id\":\"https:\/\/tiandeproducts.co.uk\/#website\",\"url\":\"https:\/\/tiandeproducts.co.uk\/\",\"name\":\"TianDe Online Shop - Beauty & Health\",\"description\":\"Traditional Chinese Medicine\",\"potentialAction\":[{\"@type\":\"SearchAction\",\"target\":{\"@type\":\"EntryPoint\",\"urlTemplate\":\"https:\/\/tiandeproducts.co.uk\/?s={search_term_string}\"},\"query-input\":{\"@type\":\"PropertyValueSpecification\",\"valueRequired\":true,\"valueName\":\"search_term_string\"}}],\"inLanguage\":\"pl-PL\"}]}<\/script>\n<!-- \/ Yoast SEO plugin. -->","yoast_head_json":{"title":"Szampon ze srebrem dla m\u0119\u017cczyzn,250g - TianDe Online Shop - Beauty &amp; Health","robots":{"index":"index","follow":"follow","max-snippet":"max-snippet:-1","max-image-preview":"max-image-preview:large","max-video-preview":"max-video-preview:-1"},"canonical":"https:\/\/tiandeproducts.co.uk\/pl\/szampon-ze-srebrem-dla-mezczyzn250g\/","og_locale":"pl_PL","og_type":"article","og_title":"Szampon ze srebrem dla m\u0119\u017cczyzn,250g - TianDe Online Shop - Beauty &amp; Health","og_description":"Earn 10 points worth \u00a30.50 when buying this product Dla pewnych siebie m\u0119\u017cczyzn konieczne s\u0105 prawdziwe m\u0119skie kosmetyki. Takie jak szampon ze srebrem od TianDe. Ten produkt zosta\u0142 zaprojektowany z my\u015bl\u0105 o fizjologicznych potrzebach m\u0119skiej sk\u00f3ry. Dzia\u0142a jednocze\u015bnie na trzech poziomach: &#8211; wzmacnia w\u0142osy &#8211; kontroluje wydzielanie sebum u ich nasady &#8211; chroni sk\u00f3r\u0119 przed [...]","og_url":"https:\/\/tiandeproducts.co.uk\/pl\/szampon-ze-srebrem-dla-mezczyzn250g\/","og_site_name":"TianDe Online Shop - Beauty &amp; Health","article_publisher":"https:\/\/www.facebook.com\/tiande.products.england\/","og_image":[{"width":700,"height":700,"url":"https:\/\/tiandeproducts.co.uk\/wp-content\/uploads\/20150.png","type":"image\/png"}],"twitter_card":"summary_large_image","twitter_misc":{"Szacowany czas czytania":"1 minuta"},"schema":{"@context":"https:\/\/schema.org","@graph":[{"@type":"WebPage","@id":"https:\/\/tiandeproducts.co.uk\/pl\/szampon-ze-srebrem-dla-mezczyzn250g\/","url":"https:\/\/tiandeproducts.co.uk\/pl\/szampon-ze-srebrem-dla-mezczyzn250g\/","name":"Szampon ze srebrem dla m\u0119\u017cczyzn,250g - TianDe Online Shop - Beauty &amp; Health","isPartOf":{"@id":"https:\/\/tiandeproducts.co.uk\/#website"},"primaryImageOfPage":{"@id":"https:\/\/tiandeproducts.co.uk\/pl\/szampon-ze-srebrem-dla-mezczyzn250g\/#primaryimage"},"image":{"@id":"https:\/\/tiandeproducts.co.uk\/pl\/szampon-ze-srebrem-dla-mezczyzn250g\/#primaryimage"},"thumbnailUrl":"https:\/\/tiandeproducts.co.uk\/wp-content\/uploads\/20150.png","datePublished":"2020-11-04T11:34:12+00:00","dateModified":"2020-11-04T11:34:12+00:00","breadcrumb":{"@id":"https:\/\/tiandeproducts.co.uk\/pl\/szampon-ze-srebrem-dla-mezczyzn250g\/#breadcrumb"},"inLanguage":"pl-PL","potentialAction":[{"@type":"ReadAction","target":["https:\/\/tiandeproducts.co.uk\/pl\/szampon-ze-srebrem-dla-mezczyzn250g\/"]}]},{"@type":"ImageObject","inLanguage":"pl-PL","@id":"https:\/\/tiandeproducts.co.uk\/pl\/szampon-ze-srebrem-dla-mezczyzn250g\/#primaryimage","url":"https:\/\/tiandeproducts.co.uk\/wp-content\/uploads\/20150.png","contentUrl":"https:\/\/tiandeproducts.co.uk\/wp-content\/uploads\/20150.png","width":700,"height":700},{"@type":"BreadcrumbList","@id":"https:\/\/tiandeproducts.co.uk\/pl\/szampon-ze-srebrem-dla-mezczyzn250g\/#breadcrumb","itemListElement":[{"@type":"ListItem","position":1,"name":"Home","item":"https:\/\/tiandeproducts.co.uk\/pl\/"},{"@type":"ListItem","position":2,"name":"Shop","item":"https:\/\/tiandeproducts.co.uk\/pl\/shop-2\/"},{"@type":"ListItem","position":3,"name":"Szampon ze srebrem dla m\u0119\u017cczyzn,250g"}]},{"@type":"WebSite","@id":"https:\/\/tiandeproducts.co.uk\/#website","url":"https:\/\/tiandeproducts.co.uk\/","name":"TianDe Online Shop - Beauty & Health","description":"Traditional Chinese Medicine","potentialAction":[{"@type":"SearchAction","target":{"@type":"EntryPoint","urlTemplate":"https:\/\/tiandeproducts.co.uk\/?s={search_term_string}"},"query-input":{"@type":"PropertyValueSpecification","valueRequired":true,"valueName":"search_term_string"}}],"inLanguage":"pl-PL"}]}},"_links":{"self":[{"href":"https:\/\/tiandeproducts.co.uk\/pl\/wp-json\/wp\/v2\/product\/15640","targetHints":{"allow":["GET"]}}],"collection":[{"href":"https:\/\/tiandeproducts.co.uk\/pl\/wp-json\/wp\/v2\/product"}],"about":[{"href":"https:\/\/tiandeproducts.co.uk\/pl\/wp-json\/wp\/v2\/types\/product"}],"replies":[{"embeddable":true,"href":"https:\/\/tiandeproducts.co.uk\/pl\/wp-json\/wp\/v2\/comments?post=15640"}],"wp:featuredmedia":[{"embeddable":true,"href":"https:\/\/tiandeproducts.co.uk\/pl\/wp-json\/wp\/v2\/media\/14808"}],"wp:attachment":[{"href":"https:\/\/tiandeproducts.co.uk\/pl\/wp-json\/wp\/v2\/media?parent=15640"}],"wp:term":[{"taxonomy":"product_cat","embeddable":true,"href":"https:\/\/tiandeproducts.co.uk\/pl\/wp-json\/wp\/v2\/product_cat?post=15640"},{"taxonomy":"product_tag","embeddable":true,"href":"https:\/\/tiandeproducts.co.uk\/pl\/wp-json\/wp\/v2\/product_tag?post=15640"}],"curies":[{"name":"wp","href":"https:\/\/api.w.org\/{rel}","templated":true}]}}