{"id":15636,"date":"2021-01-16T11:17:07","date_gmt":"2021-01-16T11:17:07","guid":{"rendered":"https:\/\/www.tiandeproducts.co.uk\/galaretka-o-smaku-wisni-i-granatu-z-kolagenem\/"},"modified":"2021-01-16T11:17:07","modified_gmt":"2021-01-16T11:17:07","slug":"galaretka-o-smaku-wisni-i-granatu-z-kolagenem","status":"publish","type":"product","link":"https:\/\/tiandeproducts.co.uk\/pl\/galaretka-o-smaku-wisni-i-granatu-z-kolagenem\/","title":{"rendered":"Galaretka o smaku wi\u015bni i granatu z kolagenem,21 saszetek po 12g"},"content":{"rendered":"<div class=\"desc_points\"><img decoding=\"async\" style=\"max-width: 16px; margin-right: 5px;\" src=\"https:\/\/tiandeproducts.co.uk\/wp-content\/uploads\/points-green.svg\" \/> Earn 32 points worth \u00a31.60 when buying this product<\/div>\n<div class=\"description\">\n<p>Sk\u0142ad: hydrolizowany kolagen (wo\u0142owy), sok z wi\u015bni, woda, sok z granatu, substancja \u017celuj\u0105ca: pektyna; regulator kwasowo\u015bci: kwas cytrynowy; substancja konserwuj\u0105ca: sorbinian potasu; substancja s\u0142odz\u0105ca: glikozydy stewiolowe.<\/p>\n<p>Nie przekracza\u0107 zalecanej dziennej dawki. Suplement diety nie mo\u017ce by\u0107 stosowany jako substytut zr\u00f3\u017cnicowanej diety.<br \/>\nPrzechowywa\u0107 w miejscu niedost\u0119pnym dla dzieci, w temperaturze poni\u017cej 25\u00b0C, przy wilgotno\u015bci wzgl\u0119dnej &lt;75%.<br \/>\nNajlepiej spo\u017cy\u0107 przed: patrz opakowanie.<br \/>\nNr partii: patrz opakowanie.<\/p>\n<\/div>\n<div class=\"instruction\">\n<p><strong>ZASTOSOWANIE:<\/strong><\/p>\n<p>Stosowa\u0107 jedn\u0105 saszetk\u0119 dziennie, osobno lub rozcie\u0144czy\u0107 wod\u0105. Spo\u017cy\u0107 natychmiast po otwarciu.<\/p>\n<\/div>\n","protected":false},"excerpt":{"rendered":"<p>Earn 32 points worth \u00a31.60 when buying this product Sk\u0142ad: hydrolizowany kolagen (wo\u0142owy), sok z wi\u015bni, woda, sok z granatu, substancja \u017celuj\u0105ca: pektyna; regulator kwasowo\u015bci: kwas cytrynowy; substancja konserwuj\u0105ca: sorbinian potasu; substancja s\u0142odz\u0105ca: glikozydy stewiolowe. Nie przekracza\u0107 zalecanej dziennej dawki. Suplement diety nie mo\u017ce by\u0107 stosowany jako substytut zr\u00f3\u017cnicowanej diety. Przechowywa\u0107 w miejscu niedost\u0119pnym dla [&#8230;]\n","protected":false},"featured_media":15544,"comment_status":"open","ping_status":"closed","template":"","meta":[],"product_cat":[721,835,833],"product_tag":[],"class_list":{"0":"post-15636","1":"product","2":"type-product","3":"status-publish","4":"has-post-thumbnail","6":"product_cat-active-life-pl","7":"product_cat-suplementy","8":"product_cat-wellness-pl","10":"first","11":"outofstock","12":"shipping-taxable","13":"purchasable","14":"product-type-simple"},"yoast_head":"<!-- This site is optimized with the Yoast SEO plugin v23.6 - https:\/\/yoast.com\/wordpress\/plugins\/seo\/ -->\n<title>Galaretka o smaku wi\u015bni i granatu z kolagenem,21 saszetek po 12g - TianDe Online Shop - Beauty &amp; Health<\/title>\n<meta name=\"robots\" content=\"index, follow, max-snippet:-1, max-image-preview:large, max-video-preview:-1\" \/>\n<link rel=\"canonical\" href=\"https:\/\/tiandeproducts.co.uk\/pl\/galaretka-o-smaku-wisni-i-granatu-z-kolagenem\/\" \/>\n<meta property=\"og:locale\" content=\"pl_PL\" \/>\n<meta property=\"og:type\" content=\"article\" \/>\n<meta property=\"og:title\" content=\"Galaretka o smaku wi\u015bni i granatu z kolagenem,21 saszetek po 12g - TianDe Online Shop - Beauty &amp; Health\" \/>\n<meta property=\"og:description\" content=\"Earn 32 points worth \u00a31.60 when buying this product Sk\u0142ad: hydrolizowany kolagen (wo\u0142owy), sok z wi\u015bni, woda, sok z granatu, substancja \u017celuj\u0105ca: pektyna; regulator kwasowo\u015bci: kwas cytrynowy; substancja konserwuj\u0105ca: sorbinian potasu; substancja s\u0142odz\u0105ca: glikozydy stewiolowe. Nie przekracza\u0107 zalecanej dziennej dawki. Suplement diety nie mo\u017ce by\u0107 stosowany jako substytut zr\u00f3\u017cnicowanej diety. Przechowywa\u0107 w miejscu niedost\u0119pnym dla [...]\" \/>\n<meta property=\"og:url\" content=\"https:\/\/tiandeproducts.co.uk\/pl\/galaretka-o-smaku-wisni-i-granatu-z-kolagenem\/\" \/>\n<meta property=\"og:site_name\" content=\"TianDe Online Shop - Beauty &amp; Health\" \/>\n<meta property=\"article:publisher\" content=\"https:\/\/www.facebook.com\/tiande.products.england\/\" \/>\n<meta property=\"og:image\" content=\"https:\/\/tiandeproducts.co.uk\/wp-content\/uploads\/195429_box.png\" \/>\n\t<meta property=\"og:image:width\" content=\"700\" \/>\n\t<meta property=\"og:image:height\" content=\"700\" \/>\n\t<meta property=\"og:image:type\" content=\"image\/png\" \/>\n<meta name=\"twitter:card\" content=\"summary_large_image\" \/>\n<meta name=\"twitter:label1\" content=\"Szacowany czas czytania\" \/>\n\t<meta name=\"twitter:data1\" content=\"1 minuta\" \/>\n<script type=\"application\/ld+json\" class=\"yoast-schema-graph\">{\"@context\":\"https:\/\/schema.org\",\"@graph\":[{\"@type\":\"WebPage\",\"@id\":\"https:\/\/tiandeproducts.co.uk\/pl\/galaretka-o-smaku-wisni-i-granatu-z-kolagenem\/\",\"url\":\"https:\/\/tiandeproducts.co.uk\/pl\/galaretka-o-smaku-wisni-i-granatu-z-kolagenem\/\",\"name\":\"Galaretka o smaku wi\u015bni i granatu z kolagenem,21 saszetek po 12g - TianDe Online Shop - Beauty &amp; Health\",\"isPartOf\":{\"@id\":\"https:\/\/tiandeproducts.co.uk\/#website\"},\"primaryImageOfPage\":{\"@id\":\"https:\/\/tiandeproducts.co.uk\/pl\/galaretka-o-smaku-wisni-i-granatu-z-kolagenem\/#primaryimage\"},\"image\":{\"@id\":\"https:\/\/tiandeproducts.co.uk\/pl\/galaretka-o-smaku-wisni-i-granatu-z-kolagenem\/#primaryimage\"},\"thumbnailUrl\":\"https:\/\/tiandeproducts.co.uk\/wp-content\/uploads\/195429_box.png\",\"datePublished\":\"2021-01-16T11:17:07+00:00\",\"dateModified\":\"2021-01-16T11:17:07+00:00\",\"breadcrumb\":{\"@id\":\"https:\/\/tiandeproducts.co.uk\/pl\/galaretka-o-smaku-wisni-i-granatu-z-kolagenem\/#breadcrumb\"},\"inLanguage\":\"pl-PL\",\"potentialAction\":[{\"@type\":\"ReadAction\",\"target\":[\"https:\/\/tiandeproducts.co.uk\/pl\/galaretka-o-smaku-wisni-i-granatu-z-kolagenem\/\"]}]},{\"@type\":\"ImageObject\",\"inLanguage\":\"pl-PL\",\"@id\":\"https:\/\/tiandeproducts.co.uk\/pl\/galaretka-o-smaku-wisni-i-granatu-z-kolagenem\/#primaryimage\",\"url\":\"https:\/\/tiandeproducts.co.uk\/wp-content\/uploads\/195429_box.png\",\"contentUrl\":\"https:\/\/tiandeproducts.co.uk\/wp-content\/uploads\/195429_box.png\",\"width\":700,\"height\":700},{\"@type\":\"BreadcrumbList\",\"@id\":\"https:\/\/tiandeproducts.co.uk\/pl\/galaretka-o-smaku-wisni-i-granatu-z-kolagenem\/#breadcrumb\",\"itemListElement\":[{\"@type\":\"ListItem\",\"position\":1,\"name\":\"Home\",\"item\":\"https:\/\/tiandeproducts.co.uk\/pl\/\"},{\"@type\":\"ListItem\",\"position\":2,\"name\":\"Shop\",\"item\":\"https:\/\/tiandeproducts.co.uk\/pl\/shop-2\/\"},{\"@type\":\"ListItem\",\"position\":3,\"name\":\"Galaretka o smaku wi\u015bni i granatu z kolagenem,21 saszetek po 12g\"}]},{\"@type\":\"WebSite\",\"@id\":\"https:\/\/tiandeproducts.co.uk\/#website\",\"url\":\"https:\/\/tiandeproducts.co.uk\/\",\"name\":\"TianDe Online Shop - Beauty & Health\",\"description\":\"Traditional Chinese Medicine\",\"potentialAction\":[{\"@type\":\"SearchAction\",\"target\":{\"@type\":\"EntryPoint\",\"urlTemplate\":\"https:\/\/tiandeproducts.co.uk\/?s={search_term_string}\"},\"query-input\":{\"@type\":\"PropertyValueSpecification\",\"valueRequired\":true,\"valueName\":\"search_term_string\"}}],\"inLanguage\":\"pl-PL\"}]}<\/script>\n<!-- \/ Yoast SEO plugin. -->","yoast_head_json":{"title":"Galaretka o smaku wi\u015bni i granatu z kolagenem,21 saszetek po 12g - TianDe Online Shop - Beauty &amp; Health","robots":{"index":"index","follow":"follow","max-snippet":"max-snippet:-1","max-image-preview":"max-image-preview:large","max-video-preview":"max-video-preview:-1"},"canonical":"https:\/\/tiandeproducts.co.uk\/pl\/galaretka-o-smaku-wisni-i-granatu-z-kolagenem\/","og_locale":"pl_PL","og_type":"article","og_title":"Galaretka o smaku wi\u015bni i granatu z kolagenem,21 saszetek po 12g - TianDe Online Shop - Beauty &amp; Health","og_description":"Earn 32 points worth \u00a31.60 when buying this product Sk\u0142ad: hydrolizowany kolagen (wo\u0142owy), sok z wi\u015bni, woda, sok z granatu, substancja \u017celuj\u0105ca: pektyna; regulator kwasowo\u015bci: kwas cytrynowy; substancja konserwuj\u0105ca: sorbinian potasu; substancja s\u0142odz\u0105ca: glikozydy stewiolowe. Nie przekracza\u0107 zalecanej dziennej dawki. Suplement diety nie mo\u017ce by\u0107 stosowany jako substytut zr\u00f3\u017cnicowanej diety. Przechowywa\u0107 w miejscu niedost\u0119pnym dla [...]","og_url":"https:\/\/tiandeproducts.co.uk\/pl\/galaretka-o-smaku-wisni-i-granatu-z-kolagenem\/","og_site_name":"TianDe Online Shop - Beauty &amp; Health","article_publisher":"https:\/\/www.facebook.com\/tiande.products.england\/","og_image":[{"width":700,"height":700,"url":"https:\/\/tiandeproducts.co.uk\/wp-content\/uploads\/195429_box.png","type":"image\/png"}],"twitter_card":"summary_large_image","twitter_misc":{"Szacowany czas czytania":"1 minuta"},"schema":{"@context":"https:\/\/schema.org","@graph":[{"@type":"WebPage","@id":"https:\/\/tiandeproducts.co.uk\/pl\/galaretka-o-smaku-wisni-i-granatu-z-kolagenem\/","url":"https:\/\/tiandeproducts.co.uk\/pl\/galaretka-o-smaku-wisni-i-granatu-z-kolagenem\/","name":"Galaretka o smaku wi\u015bni i granatu z kolagenem,21 saszetek po 12g - TianDe Online Shop - Beauty &amp; Health","isPartOf":{"@id":"https:\/\/tiandeproducts.co.uk\/#website"},"primaryImageOfPage":{"@id":"https:\/\/tiandeproducts.co.uk\/pl\/galaretka-o-smaku-wisni-i-granatu-z-kolagenem\/#primaryimage"},"image":{"@id":"https:\/\/tiandeproducts.co.uk\/pl\/galaretka-o-smaku-wisni-i-granatu-z-kolagenem\/#primaryimage"},"thumbnailUrl":"https:\/\/tiandeproducts.co.uk\/wp-content\/uploads\/195429_box.png","datePublished":"2021-01-16T11:17:07+00:00","dateModified":"2021-01-16T11:17:07+00:00","breadcrumb":{"@id":"https:\/\/tiandeproducts.co.uk\/pl\/galaretka-o-smaku-wisni-i-granatu-z-kolagenem\/#breadcrumb"},"inLanguage":"pl-PL","potentialAction":[{"@type":"ReadAction","target":["https:\/\/tiandeproducts.co.uk\/pl\/galaretka-o-smaku-wisni-i-granatu-z-kolagenem\/"]}]},{"@type":"ImageObject","inLanguage":"pl-PL","@id":"https:\/\/tiandeproducts.co.uk\/pl\/galaretka-o-smaku-wisni-i-granatu-z-kolagenem\/#primaryimage","url":"https:\/\/tiandeproducts.co.uk\/wp-content\/uploads\/195429_box.png","contentUrl":"https:\/\/tiandeproducts.co.uk\/wp-content\/uploads\/195429_box.png","width":700,"height":700},{"@type":"BreadcrumbList","@id":"https:\/\/tiandeproducts.co.uk\/pl\/galaretka-o-smaku-wisni-i-granatu-z-kolagenem\/#breadcrumb","itemListElement":[{"@type":"ListItem","position":1,"name":"Home","item":"https:\/\/tiandeproducts.co.uk\/pl\/"},{"@type":"ListItem","position":2,"name":"Shop","item":"https:\/\/tiandeproducts.co.uk\/pl\/shop-2\/"},{"@type":"ListItem","position":3,"name":"Galaretka o smaku wi\u015bni i granatu z kolagenem,21 saszetek po 12g"}]},{"@type":"WebSite","@id":"https:\/\/tiandeproducts.co.uk\/#website","url":"https:\/\/tiandeproducts.co.uk\/","name":"TianDe Online Shop - Beauty & Health","description":"Traditional Chinese Medicine","potentialAction":[{"@type":"SearchAction","target":{"@type":"EntryPoint","urlTemplate":"https:\/\/tiandeproducts.co.uk\/?s={search_term_string}"},"query-input":{"@type":"PropertyValueSpecification","valueRequired":true,"valueName":"search_term_string"}}],"inLanguage":"pl-PL"}]}},"_links":{"self":[{"href":"https:\/\/tiandeproducts.co.uk\/pl\/wp-json\/wp\/v2\/product\/15636","targetHints":{"allow":["GET"]}}],"collection":[{"href":"https:\/\/tiandeproducts.co.uk\/pl\/wp-json\/wp\/v2\/product"}],"about":[{"href":"https:\/\/tiandeproducts.co.uk\/pl\/wp-json\/wp\/v2\/types\/product"}],"replies":[{"embeddable":true,"href":"https:\/\/tiandeproducts.co.uk\/pl\/wp-json\/wp\/v2\/comments?post=15636"}],"wp:featuredmedia":[{"embeddable":true,"href":"https:\/\/tiandeproducts.co.uk\/pl\/wp-json\/wp\/v2\/media\/15544"}],"wp:attachment":[{"href":"https:\/\/tiandeproducts.co.uk\/pl\/wp-json\/wp\/v2\/media?parent=15636"}],"wp:term":[{"taxonomy":"product_cat","embeddable":true,"href":"https:\/\/tiandeproducts.co.uk\/pl\/wp-json\/wp\/v2\/product_cat?post=15636"},{"taxonomy":"product_tag","embeddable":true,"href":"https:\/\/tiandeproducts.co.uk\/pl\/wp-json\/wp\/v2\/product_tag?post=15636"}],"curies":[{"name":"wp","href":"https:\/\/api.w.org\/{rel}","templated":true}]}}