{"id":15633,"date":"2021-01-16T11:27:45","date_gmt":"2021-01-16T11:27:45","guid":{"rendered":"https:\/\/www.tiandeproducts.co.uk\/%d0%bd%d0%b0%d0%ba%d0%be%d0%bb%d0%b5%d0%bd%d0%bd%d0%b8%d0%ba%d0%b8-%d1%81-%d1%82%d0%be%d1%87%d0%b5%d1%87%d0%bd%d1%8b%d0%bc-%d0%bd%d0%b0%d0%bd%d0%b5%d1%81%d0%b5%d0%bd%d0%b8%d0%b5%d0%bc-%d1%82%d1%83\/"},"modified":"2021-01-23T16:07:18","modified_gmt":"2021-01-23T16:07:18","slug":"nakolanniki-z-punktowo-naniesionym-turmalinem2-szt","status":"publish","type":"product","link":"https:\/\/tiandeproducts.co.uk\/pl\/nakolanniki-z-punktowo-naniesionym-turmalinem2-szt\/","title":{"rendered":"Nakolanniki z punktowo naniesionym turmalinem,2 szt."},"content":{"rendered":"<div class=\"desc_points\"><img decoding=\"async\" style=\"max-width: 16px; margin-right: 5px;\" src=\"https:\/\/tiandeproducts.co.uk\/wp-content\/uploads\/points-green.svg\" \/> Earn 67 points worth \u00a33.35 when buying this product<\/div>\n<div class=\"description\">\n<div class=\"description\">\n<p>Turmalin pomo\u017ce usun\u0105\u0107 napi\u0119cie mi\u0119\u015bni, zapewniaj\u0105c komfort przy chodzeniu. Zaleca si\u0119 osobom, nara\u017conym na d\u0142ugotrwa\u0142e, statyczne przeci\u0105\u017cenia w stawie kolanowy.<\/p>\n<\/div>\n<div class=\"instruction\">\n<p><strong>ZASTOSOWANIE:<\/strong><\/p>\n<p>Na kolano na\u0142o\u017cy\u0107 wilgotn\u0105 chusteczk\u0119, z wierzchu zamocowa\u0107 nakolannik. Od 1 do 7 dnia nakolannik stosowa\u0107 przez 10 minut, 2 razy dziennie. Je\u015bli brak b\u0119dzie jakichkolwiek reakcji niepo\u017c\u0105danych w nast\u0119pne dni czas trwania ka\u017cdego seansu mo\u017cna zwi\u0119ksza\u0107 o 1 minut\u0119, doprowadzi\u0107 czas do 20 minut, 2 razy dziennie i utrzymywa\u0107 taki tryb w ci\u0105gu 3 miesi\u0119cy. Po miesi\u0119cznej przerwie seans mo\u017cna powt\u00f3rzy\u0107, uwzgl\u0119dniaj\u0105c taki sam tryb dzia\u0142ania. Uwaga! Na obszarach, gdzie by\u0142y stosowane nakolanniki mog\u0105 powsta\u0107 zaczerwienienia sk\u00f3ry i uczucie pieczenia. Jest to normalna reakcja, kt\u00f3ra ust\u0105pi po 3-4 godzinach po zdj\u0119ciu nakolannik\u00f3w&#8221;.<\/p>\n<\/div>\n<\/div>\n","protected":false},"excerpt":{"rendered":"<p>Earn 67 points worth \u00a33.35 when buying this product Turmalin pomo\u017ce usun\u0105\u0107 napi\u0119cie mi\u0119\u015bni, zapewniaj\u0105c komfort przy chodzeniu. Zaleca si\u0119 osobom, nara\u017conym na d\u0142ugotrwa\u0142e, statyczne przeci\u0105\u017cenia w stawie kolanowy. ZASTOSOWANIE: Na kolano na\u0142o\u017cy\u0107 wilgotn\u0105 chusteczk\u0119, z wierzchu zamocowa\u0107 nakolannik. Od 1 do 7 dnia nakolannik stosowa\u0107 przez 10 minut, 2 razy dziennie. Je\u015bli brak b\u0119dzie [&#8230;]\n","protected":false},"featured_media":15549,"comment_status":"open","ping_status":"closed","template":"","meta":[],"product_cat":[862,830,833],"product_tag":[],"class_list":{"0":"post-15633","1":"product","2":"type-product","3":"status-publish","4":"has-post-thumbnail","6":"product_cat-produkty-z-turmalinem","7":"product_cat-promocje","8":"product_cat-wellness-pl","10":"first","11":"instock","12":"sale","13":"shipping-taxable","14":"purchasable","15":"product-type-simple"},"yoast_head":"<!-- This site is optimized with the Yoast SEO plugin v23.6 - https:\/\/yoast.com\/wordpress\/plugins\/seo\/ -->\n<title>Nakolanniki z punktowo naniesionym turmalinem,2 szt. - TianDe Online Shop - Beauty &amp; Health<\/title>\n<meta name=\"robots\" content=\"index, follow, max-snippet:-1, max-image-preview:large, max-video-preview:-1\" \/>\n<link rel=\"canonical\" href=\"https:\/\/tiandeproducts.co.uk\/pl\/nakolanniki-z-punktowo-naniesionym-turmalinem2-szt\/\" \/>\n<meta property=\"og:locale\" content=\"pl_PL\" \/>\n<meta property=\"og:type\" content=\"article\" \/>\n<meta property=\"og:title\" content=\"Nakolanniki z punktowo naniesionym turmalinem,2 szt. - TianDe Online Shop - Beauty &amp; Health\" \/>\n<meta property=\"og:description\" content=\"Earn 67 points worth \u00a33.35 when buying this product Turmalin pomo\u017ce usun\u0105\u0107 napi\u0119cie mi\u0119\u015bni, zapewniaj\u0105c komfort przy chodzeniu. Zaleca si\u0119 osobom, nara\u017conym na d\u0142ugotrwa\u0142e, statyczne przeci\u0105\u017cenia w stawie kolanowy. ZASTOSOWANIE: Na kolano na\u0142o\u017cy\u0107 wilgotn\u0105 chusteczk\u0119, z wierzchu zamocowa\u0107 nakolannik. Od 1 do 7 dnia nakolannik stosowa\u0107 przez 10 minut, 2 razy dziennie. Je\u015bli brak b\u0119dzie [...]\" \/>\n<meta property=\"og:url\" content=\"https:\/\/tiandeproducts.co.uk\/pl\/nakolanniki-z-punktowo-naniesionym-turmalinem2-szt\/\" \/>\n<meta property=\"og:site_name\" content=\"TianDe Online Shop - Beauty &amp; Health\" \/>\n<meta property=\"article:publisher\" content=\"https:\/\/www.facebook.com\/tiande.products.england\/\" \/>\n<meta property=\"article:modified_time\" content=\"2021-01-23T16:07:18+00:00\" \/>\n<meta property=\"og:image\" content=\"https:\/\/tiandeproducts.co.uk\/wp-content\/uploads\/30129.png\" \/>\n\t<meta property=\"og:image:width\" content=\"700\" \/>\n\t<meta property=\"og:image:height\" content=\"700\" \/>\n\t<meta property=\"og:image:type\" content=\"image\/png\" \/>\n<meta name=\"twitter:card\" content=\"summary_large_image\" \/>\n<meta name=\"twitter:label1\" content=\"Szacowany czas czytania\" \/>\n\t<meta name=\"twitter:data1\" content=\"1 minuta\" \/>\n<script type=\"application\/ld+json\" class=\"yoast-schema-graph\">{\"@context\":\"https:\/\/schema.org\",\"@graph\":[{\"@type\":\"WebPage\",\"@id\":\"https:\/\/tiandeproducts.co.uk\/pl\/nakolanniki-z-punktowo-naniesionym-turmalinem2-szt\/\",\"url\":\"https:\/\/tiandeproducts.co.uk\/pl\/nakolanniki-z-punktowo-naniesionym-turmalinem2-szt\/\",\"name\":\"Nakolanniki z punktowo naniesionym turmalinem,2 szt. - TianDe Online Shop - Beauty &amp; Health\",\"isPartOf\":{\"@id\":\"https:\/\/tiandeproducts.co.uk\/#website\"},\"primaryImageOfPage\":{\"@id\":\"https:\/\/tiandeproducts.co.uk\/pl\/nakolanniki-z-punktowo-naniesionym-turmalinem2-szt\/#primaryimage\"},\"image\":{\"@id\":\"https:\/\/tiandeproducts.co.uk\/pl\/nakolanniki-z-punktowo-naniesionym-turmalinem2-szt\/#primaryimage\"},\"thumbnailUrl\":\"https:\/\/tiandeproducts.co.uk\/wp-content\/uploads\/30129.png\",\"datePublished\":\"2021-01-16T11:27:45+00:00\",\"dateModified\":\"2021-01-23T16:07:18+00:00\",\"breadcrumb\":{\"@id\":\"https:\/\/tiandeproducts.co.uk\/pl\/nakolanniki-z-punktowo-naniesionym-turmalinem2-szt\/#breadcrumb\"},\"inLanguage\":\"pl-PL\",\"potentialAction\":[{\"@type\":\"ReadAction\",\"target\":[\"https:\/\/tiandeproducts.co.uk\/pl\/nakolanniki-z-punktowo-naniesionym-turmalinem2-szt\/\"]}]},{\"@type\":\"ImageObject\",\"inLanguage\":\"pl-PL\",\"@id\":\"https:\/\/tiandeproducts.co.uk\/pl\/nakolanniki-z-punktowo-naniesionym-turmalinem2-szt\/#primaryimage\",\"url\":\"https:\/\/tiandeproducts.co.uk\/wp-content\/uploads\/30129.png\",\"contentUrl\":\"https:\/\/tiandeproducts.co.uk\/wp-content\/uploads\/30129.png\",\"width\":700,\"height\":700},{\"@type\":\"BreadcrumbList\",\"@id\":\"https:\/\/tiandeproducts.co.uk\/pl\/nakolanniki-z-punktowo-naniesionym-turmalinem2-szt\/#breadcrumb\",\"itemListElement\":[{\"@type\":\"ListItem\",\"position\":1,\"name\":\"Home\",\"item\":\"https:\/\/tiandeproducts.co.uk\/pl\/\"},{\"@type\":\"ListItem\",\"position\":2,\"name\":\"Shop\",\"item\":\"https:\/\/tiandeproducts.co.uk\/pl\/shop-2\/\"},{\"@type\":\"ListItem\",\"position\":3,\"name\":\"Nakolanniki z punktowo naniesionym turmalinem,2 szt.\"}]},{\"@type\":\"WebSite\",\"@id\":\"https:\/\/tiandeproducts.co.uk\/#website\",\"url\":\"https:\/\/tiandeproducts.co.uk\/\",\"name\":\"TianDe Online Shop - Beauty & Health\",\"description\":\"Traditional Chinese Medicine\",\"potentialAction\":[{\"@type\":\"SearchAction\",\"target\":{\"@type\":\"EntryPoint\",\"urlTemplate\":\"https:\/\/tiandeproducts.co.uk\/?s={search_term_string}\"},\"query-input\":{\"@type\":\"PropertyValueSpecification\",\"valueRequired\":true,\"valueName\":\"search_term_string\"}}],\"inLanguage\":\"pl-PL\"}]}<\/script>\n<!-- \/ Yoast SEO plugin. -->","yoast_head_json":{"title":"Nakolanniki z punktowo naniesionym turmalinem,2 szt. - TianDe Online Shop - Beauty &amp; Health","robots":{"index":"index","follow":"follow","max-snippet":"max-snippet:-1","max-image-preview":"max-image-preview:large","max-video-preview":"max-video-preview:-1"},"canonical":"https:\/\/tiandeproducts.co.uk\/pl\/nakolanniki-z-punktowo-naniesionym-turmalinem2-szt\/","og_locale":"pl_PL","og_type":"article","og_title":"Nakolanniki z punktowo naniesionym turmalinem,2 szt. - TianDe Online Shop - Beauty &amp; Health","og_description":"Earn 67 points worth \u00a33.35 when buying this product Turmalin pomo\u017ce usun\u0105\u0107 napi\u0119cie mi\u0119\u015bni, zapewniaj\u0105c komfort przy chodzeniu. Zaleca si\u0119 osobom, nara\u017conym na d\u0142ugotrwa\u0142e, statyczne przeci\u0105\u017cenia w stawie kolanowy. ZASTOSOWANIE: Na kolano na\u0142o\u017cy\u0107 wilgotn\u0105 chusteczk\u0119, z wierzchu zamocowa\u0107 nakolannik. Od 1 do 7 dnia nakolannik stosowa\u0107 przez 10 minut, 2 razy dziennie. Je\u015bli brak b\u0119dzie [...]","og_url":"https:\/\/tiandeproducts.co.uk\/pl\/nakolanniki-z-punktowo-naniesionym-turmalinem2-szt\/","og_site_name":"TianDe Online Shop - Beauty &amp; Health","article_publisher":"https:\/\/www.facebook.com\/tiande.products.england\/","article_modified_time":"2021-01-23T16:07:18+00:00","og_image":[{"width":700,"height":700,"url":"https:\/\/tiandeproducts.co.uk\/wp-content\/uploads\/30129.png","type":"image\/png"}],"twitter_card":"summary_large_image","twitter_misc":{"Szacowany czas czytania":"1 minuta"},"schema":{"@context":"https:\/\/schema.org","@graph":[{"@type":"WebPage","@id":"https:\/\/tiandeproducts.co.uk\/pl\/nakolanniki-z-punktowo-naniesionym-turmalinem2-szt\/","url":"https:\/\/tiandeproducts.co.uk\/pl\/nakolanniki-z-punktowo-naniesionym-turmalinem2-szt\/","name":"Nakolanniki z punktowo naniesionym turmalinem,2 szt. - TianDe Online Shop - Beauty &amp; Health","isPartOf":{"@id":"https:\/\/tiandeproducts.co.uk\/#website"},"primaryImageOfPage":{"@id":"https:\/\/tiandeproducts.co.uk\/pl\/nakolanniki-z-punktowo-naniesionym-turmalinem2-szt\/#primaryimage"},"image":{"@id":"https:\/\/tiandeproducts.co.uk\/pl\/nakolanniki-z-punktowo-naniesionym-turmalinem2-szt\/#primaryimage"},"thumbnailUrl":"https:\/\/tiandeproducts.co.uk\/wp-content\/uploads\/30129.png","datePublished":"2021-01-16T11:27:45+00:00","dateModified":"2021-01-23T16:07:18+00:00","breadcrumb":{"@id":"https:\/\/tiandeproducts.co.uk\/pl\/nakolanniki-z-punktowo-naniesionym-turmalinem2-szt\/#breadcrumb"},"inLanguage":"pl-PL","potentialAction":[{"@type":"ReadAction","target":["https:\/\/tiandeproducts.co.uk\/pl\/nakolanniki-z-punktowo-naniesionym-turmalinem2-szt\/"]}]},{"@type":"ImageObject","inLanguage":"pl-PL","@id":"https:\/\/tiandeproducts.co.uk\/pl\/nakolanniki-z-punktowo-naniesionym-turmalinem2-szt\/#primaryimage","url":"https:\/\/tiandeproducts.co.uk\/wp-content\/uploads\/30129.png","contentUrl":"https:\/\/tiandeproducts.co.uk\/wp-content\/uploads\/30129.png","width":700,"height":700},{"@type":"BreadcrumbList","@id":"https:\/\/tiandeproducts.co.uk\/pl\/nakolanniki-z-punktowo-naniesionym-turmalinem2-szt\/#breadcrumb","itemListElement":[{"@type":"ListItem","position":1,"name":"Home","item":"https:\/\/tiandeproducts.co.uk\/pl\/"},{"@type":"ListItem","position":2,"name":"Shop","item":"https:\/\/tiandeproducts.co.uk\/pl\/shop-2\/"},{"@type":"ListItem","position":3,"name":"Nakolanniki z punktowo naniesionym turmalinem,2 szt."}]},{"@type":"WebSite","@id":"https:\/\/tiandeproducts.co.uk\/#website","url":"https:\/\/tiandeproducts.co.uk\/","name":"TianDe Online Shop - Beauty & Health","description":"Traditional Chinese Medicine","potentialAction":[{"@type":"SearchAction","target":{"@type":"EntryPoint","urlTemplate":"https:\/\/tiandeproducts.co.uk\/?s={search_term_string}"},"query-input":{"@type":"PropertyValueSpecification","valueRequired":true,"valueName":"search_term_string"}}],"inLanguage":"pl-PL"}]}},"_links":{"self":[{"href":"https:\/\/tiandeproducts.co.uk\/pl\/wp-json\/wp\/v2\/product\/15633","targetHints":{"allow":["GET"]}}],"collection":[{"href":"https:\/\/tiandeproducts.co.uk\/pl\/wp-json\/wp\/v2\/product"}],"about":[{"href":"https:\/\/tiandeproducts.co.uk\/pl\/wp-json\/wp\/v2\/types\/product"}],"replies":[{"embeddable":true,"href":"https:\/\/tiandeproducts.co.uk\/pl\/wp-json\/wp\/v2\/comments?post=15633"}],"wp:featuredmedia":[{"embeddable":true,"href":"https:\/\/tiandeproducts.co.uk\/pl\/wp-json\/wp\/v2\/media\/15549"}],"wp:attachment":[{"href":"https:\/\/tiandeproducts.co.uk\/pl\/wp-json\/wp\/v2\/media?parent=15633"}],"wp:term":[{"taxonomy":"product_cat","embeddable":true,"href":"https:\/\/tiandeproducts.co.uk\/pl\/wp-json\/wp\/v2\/product_cat?post=15633"},{"taxonomy":"product_tag","embeddable":true,"href":"https:\/\/tiandeproducts.co.uk\/pl\/wp-json\/wp\/v2\/product_tag?post=15633"}],"curies":[{"name":"wp","href":"https:\/\/api.w.org\/{rel}","templated":true}]}}