{"id":14766,"date":"2020-09-22T11:21:36","date_gmt":"2020-09-22T10:21:36","guid":{"rendered":"https:\/\/www.tiandeproducts.co.uk\/platynowa-peptydowa-maska-peelingujaca-do-liftingu-skory60ml\/"},"modified":"2021-02-05T17:41:05","modified_gmt":"2021-02-05T17:41:05","slug":"platynowa-peptydowa-maska-peelingujaca-do-liftingu-skory60ml","status":"publish","type":"product","link":"https:\/\/tiandeproducts.co.uk\/pl\/platynowa-peptydowa-maska-peelingujaca-do-liftingu-skory60ml\/","title":{"rendered":"Platynowa peptydowa maska peelinguj\u0105ca do liftingu sk\u00f3ry,60ml"},"content":{"rendered":"<p><img decoding=\"async\" style=\"max-width: 16px; margin-right: 5px;\" src=\"https:\/\/tiandeproducts.co.uk\/wp-content\/uploads\/points-green.svg\" \/>\u00a0Earn 22 points worth \u00a31.10 when buying this product<\/p>\n<p><strong>Peeling, oczyszczenie i odm\u0142odzenie \u2013 to wszystko efekty stosowania jednej maski!<\/strong><\/p>\n<p>Platynowa peptydowa maska z\u0142uszczaj\u0105ca do liftingu sk\u00f3ry z korea\u0144skiej serii \u0421hoahae * to produkt \u201e2 w 1\u201d!<\/p>\n<p>Peptydowa maska z\u0142uszczaj\u0105ca:<br \/>\n&#8211; \u201ewyci\u0105ga\u201d nagromadzony brud i czarne kropki z por\u00f3w<br \/>\n&#8211; usuwa zrogowacia\u0142e nask\u00f3rek, dzia\u0142a jak peeling<br \/>\n&#8211; wyr\u00f3wnuje koloryt i struktur\u0119 sk\u00f3ry, inicjuj\u0105c tym samym proces regeneracji<\/p>\n<p>Po na\u0142o\u017ceniu maski na twarz nast\u0119puje bardzo skuteczny proces regeneracji. Zawiera dok\u0142adnie 6 kompleks\u00f3w peptydowych, platyn\u0119 koloidaln\u0105, olejki eteryczne z pomara\u0144czy i lawendy, ekstrakty z 16 rodzaj\u00f3w ro\u015blin, ekstrakty z pere\u0142 oraz 2 rodzaje kolagenu!<\/p>\n<p>Maska z\u0142uszczaj\u0105ca zawiera ca\u0142y kompleks piel\u0119gnacyjny, dzi\u0119ki czemu:<br \/>\n&#8211; pobudza produkcj\u0119 kolagenu i dzia\u0142a liftinguj\u0105co<br \/>\n&#8211; przyspiesza regeneracj\u0119 sk\u00f3ry<br \/>\n&#8211; sk\u00f3ra jest j\u0119drniejsza, bardziej elastyczna i bardziej zrelaksowana.<\/p>\n<p>Jedno opakowanie maseczki z\u0142uszczaj\u0105cej wystarczy na minimum 6 zabieg\u00f3w!<\/p>\n<div class=\"description\">\n<p>* \u0421hoahae \u2013 \u201eCzoachae\u201d w t\u0142umaczeniu z j\u0119zyka korea\u0144skiego oznacza \u201ePodobasz mi si\u0119!\u201d . Dlaczego w\u0142a\u015bnie taka nazwa? Zrozumiesz, kiedy po zastosowaniu produkt\u00f3w z tej serii, zobaczysz swoje odbicie w lustrze.<\/p>\n<\/div>\n<div class=\"instruction\">\n<p><strong>ZASTOSOWANIE:<\/strong><\/p>\n<p>Na\u0142o\u017cy\u0107 grub\u0105 warstw\u0119 maseczki na czyst\u0105, such\u0105 sk\u00f3r\u0119, omijaj\u0105c okolice brwi, oczu i ust. Pozostawi\u0107 na 15-20 minut, a\u017c stwardnieje, a nast\u0119pnie delikatnie j\u0105 usun\u0105\u0107. Cz\u0119stotliwo\u015b\u0107 u\u017cycia: 2-3 razy w tygodniu.<\/p>\n<\/div>\n","protected":false},"excerpt":{"rendered":"<p>\u00a0Earn 22 points worth \u00a31.10 when buying this product Peeling, oczyszczenie i odm\u0142odzenie \u2013 to wszystko efekty stosowania jednej maski! Platynowa peptydowa maska z\u0142uszczaj\u0105ca do liftingu sk\u00f3ry z korea\u0144skiej serii \u0421hoahae * to produkt \u201e2 w 1\u201d! Peptydowa maska z\u0142uszczaj\u0105ca: &#8211; \u201ewyci\u0105ga\u201d nagromadzony brud i czarne kropki z por\u00f3w &#8211; usuwa zrogowacia\u0142e nask\u00f3rek, dzia\u0142a jak [&#8230;]\n","protected":false},"featured_media":14564,"comment_status":"open","ping_status":"closed","template":"","meta":[],"product_cat":[746,769,753],"product_tag":[],"class_list":{"0":"post-14766","1":"product","2":"type-product","3":"status-publish","4":"has-post-thumbnail","6":"product_cat-do-twarzy","7":"product_cat-maseczki-na-twarz","8":"product_cat-podnoszenie","10":"first","11":"instock","12":"shipping-taxable","13":"purchasable","14":"product-type-simple"},"yoast_head":"<!-- This site is optimized with the Yoast SEO plugin v23.6 - https:\/\/yoast.com\/wordpress\/plugins\/seo\/ -->\n<title>Platynowa peptydowa maska peelinguj\u0105ca do liftingu sk\u00f3ry,60ml - TianDe Online Shop - Beauty &amp; Health<\/title>\n<meta name=\"robots\" content=\"index, follow, max-snippet:-1, max-image-preview:large, max-video-preview:-1\" \/>\n<link rel=\"canonical\" href=\"https:\/\/tiandeproducts.co.uk\/pl\/platynowa-peptydowa-maska-peelingujaca-do-liftingu-skory60ml\/\" \/>\n<meta property=\"og:locale\" content=\"pl_PL\" \/>\n<meta property=\"og:type\" content=\"article\" \/>\n<meta property=\"og:title\" content=\"Platynowa peptydowa maska peelinguj\u0105ca do liftingu sk\u00f3ry,60ml - TianDe Online Shop - Beauty &amp; Health\" \/>\n<meta property=\"og:description\" content=\"\u00a0Earn 22 points worth \u00a31.10 when buying this product Peeling, oczyszczenie i odm\u0142odzenie \u2013 to wszystko efekty stosowania jednej maski! Platynowa peptydowa maska z\u0142uszczaj\u0105ca do liftingu sk\u00f3ry z korea\u0144skiej serii \u0421hoahae * to produkt \u201e2 w 1\u201d! Peptydowa maska z\u0142uszczaj\u0105ca: &#8211; \u201ewyci\u0105ga\u201d nagromadzony brud i czarne kropki z por\u00f3w &#8211; usuwa zrogowacia\u0142e nask\u00f3rek, dzia\u0142a jak [...]\" \/>\n<meta property=\"og:url\" content=\"https:\/\/tiandeproducts.co.uk\/pl\/platynowa-peptydowa-maska-peelingujaca-do-liftingu-skory60ml\/\" \/>\n<meta property=\"og:site_name\" content=\"TianDe Online Shop - Beauty &amp; Health\" \/>\n<meta property=\"article:publisher\" content=\"https:\/\/www.facebook.com\/tiande.products.england\/\" \/>\n<meta property=\"article:modified_time\" content=\"2021-02-05T17:41:05+00:00\" \/>\n<meta property=\"og:image\" content=\"https:\/\/tiandeproducts.co.uk\/wp-content\/uploads\/56505.png\" \/>\n\t<meta property=\"og:image:width\" content=\"700\" \/>\n\t<meta property=\"og:image:height\" content=\"700\" \/>\n\t<meta property=\"og:image:type\" content=\"image\/png\" \/>\n<meta name=\"twitter:card\" content=\"summary_large_image\" \/>\n<meta name=\"twitter:label1\" content=\"Szacowany czas czytania\" \/>\n\t<meta name=\"twitter:data1\" content=\"1 minuta\" \/>\n<script type=\"application\/ld+json\" class=\"yoast-schema-graph\">{\"@context\":\"https:\/\/schema.org\",\"@graph\":[{\"@type\":\"WebPage\",\"@id\":\"https:\/\/tiandeproducts.co.uk\/pl\/platynowa-peptydowa-maska-peelingujaca-do-liftingu-skory60ml\/\",\"url\":\"https:\/\/tiandeproducts.co.uk\/pl\/platynowa-peptydowa-maska-peelingujaca-do-liftingu-skory60ml\/\",\"name\":\"Platynowa peptydowa maska peelinguj\u0105ca do liftingu sk\u00f3ry,60ml - TianDe Online Shop - Beauty &amp; Health\",\"isPartOf\":{\"@id\":\"https:\/\/tiandeproducts.co.uk\/#website\"},\"primaryImageOfPage\":{\"@id\":\"https:\/\/tiandeproducts.co.uk\/pl\/platynowa-peptydowa-maska-peelingujaca-do-liftingu-skory60ml\/#primaryimage\"},\"image\":{\"@id\":\"https:\/\/tiandeproducts.co.uk\/pl\/platynowa-peptydowa-maska-peelingujaca-do-liftingu-skory60ml\/#primaryimage\"},\"thumbnailUrl\":\"https:\/\/tiandeproducts.co.uk\/wp-content\/uploads\/56505.png\",\"datePublished\":\"2020-09-22T10:21:36+00:00\",\"dateModified\":\"2021-02-05T17:41:05+00:00\",\"breadcrumb\":{\"@id\":\"https:\/\/tiandeproducts.co.uk\/pl\/platynowa-peptydowa-maska-peelingujaca-do-liftingu-skory60ml\/#breadcrumb\"},\"inLanguage\":\"pl-PL\",\"potentialAction\":[{\"@type\":\"ReadAction\",\"target\":[\"https:\/\/tiandeproducts.co.uk\/pl\/platynowa-peptydowa-maska-peelingujaca-do-liftingu-skory60ml\/\"]}]},{\"@type\":\"ImageObject\",\"inLanguage\":\"pl-PL\",\"@id\":\"https:\/\/tiandeproducts.co.uk\/pl\/platynowa-peptydowa-maska-peelingujaca-do-liftingu-skory60ml\/#primaryimage\",\"url\":\"https:\/\/tiandeproducts.co.uk\/wp-content\/uploads\/56505.png\",\"contentUrl\":\"https:\/\/tiandeproducts.co.uk\/wp-content\/uploads\/56505.png\",\"width\":700,\"height\":700},{\"@type\":\"BreadcrumbList\",\"@id\":\"https:\/\/tiandeproducts.co.uk\/pl\/platynowa-peptydowa-maska-peelingujaca-do-liftingu-skory60ml\/#breadcrumb\",\"itemListElement\":[{\"@type\":\"ListItem\",\"position\":1,\"name\":\"Home\",\"item\":\"https:\/\/tiandeproducts.co.uk\/pl\/\"},{\"@type\":\"ListItem\",\"position\":2,\"name\":\"Shop\",\"item\":\"https:\/\/tiandeproducts.co.uk\/pl\/shop-2\/\"},{\"@type\":\"ListItem\",\"position\":3,\"name\":\"Platynowa peptydowa maska peelinguj\u0105ca do liftingu sk\u00f3ry,60ml\"}]},{\"@type\":\"WebSite\",\"@id\":\"https:\/\/tiandeproducts.co.uk\/#website\",\"url\":\"https:\/\/tiandeproducts.co.uk\/\",\"name\":\"TianDe Online Shop - Beauty & Health\",\"description\":\"Traditional Chinese Medicine\",\"potentialAction\":[{\"@type\":\"SearchAction\",\"target\":{\"@type\":\"EntryPoint\",\"urlTemplate\":\"https:\/\/tiandeproducts.co.uk\/?s={search_term_string}\"},\"query-input\":{\"@type\":\"PropertyValueSpecification\",\"valueRequired\":true,\"valueName\":\"search_term_string\"}}],\"inLanguage\":\"pl-PL\"}]}<\/script>\n<!-- \/ Yoast SEO plugin. -->","yoast_head_json":{"title":"Platynowa peptydowa maska peelinguj\u0105ca do liftingu sk\u00f3ry,60ml - TianDe Online Shop - Beauty &amp; Health","robots":{"index":"index","follow":"follow","max-snippet":"max-snippet:-1","max-image-preview":"max-image-preview:large","max-video-preview":"max-video-preview:-1"},"canonical":"https:\/\/tiandeproducts.co.uk\/pl\/platynowa-peptydowa-maska-peelingujaca-do-liftingu-skory60ml\/","og_locale":"pl_PL","og_type":"article","og_title":"Platynowa peptydowa maska peelinguj\u0105ca do liftingu sk\u00f3ry,60ml - TianDe Online Shop - Beauty &amp; Health","og_description":"\u00a0Earn 22 points worth \u00a31.10 when buying this product Peeling, oczyszczenie i odm\u0142odzenie \u2013 to wszystko efekty stosowania jednej maski! Platynowa peptydowa maska z\u0142uszczaj\u0105ca do liftingu sk\u00f3ry z korea\u0144skiej serii \u0421hoahae * to produkt \u201e2 w 1\u201d! Peptydowa maska z\u0142uszczaj\u0105ca: &#8211; \u201ewyci\u0105ga\u201d nagromadzony brud i czarne kropki z por\u00f3w &#8211; usuwa zrogowacia\u0142e nask\u00f3rek, dzia\u0142a jak [...]","og_url":"https:\/\/tiandeproducts.co.uk\/pl\/platynowa-peptydowa-maska-peelingujaca-do-liftingu-skory60ml\/","og_site_name":"TianDe Online Shop - Beauty &amp; Health","article_publisher":"https:\/\/www.facebook.com\/tiande.products.england\/","article_modified_time":"2021-02-05T17:41:05+00:00","og_image":[{"width":700,"height":700,"url":"https:\/\/tiandeproducts.co.uk\/wp-content\/uploads\/56505.png","type":"image\/png"}],"twitter_card":"summary_large_image","twitter_misc":{"Szacowany czas czytania":"1 minuta"},"schema":{"@context":"https:\/\/schema.org","@graph":[{"@type":"WebPage","@id":"https:\/\/tiandeproducts.co.uk\/pl\/platynowa-peptydowa-maska-peelingujaca-do-liftingu-skory60ml\/","url":"https:\/\/tiandeproducts.co.uk\/pl\/platynowa-peptydowa-maska-peelingujaca-do-liftingu-skory60ml\/","name":"Platynowa peptydowa maska peelinguj\u0105ca do liftingu sk\u00f3ry,60ml - TianDe Online Shop - Beauty &amp; Health","isPartOf":{"@id":"https:\/\/tiandeproducts.co.uk\/#website"},"primaryImageOfPage":{"@id":"https:\/\/tiandeproducts.co.uk\/pl\/platynowa-peptydowa-maska-peelingujaca-do-liftingu-skory60ml\/#primaryimage"},"image":{"@id":"https:\/\/tiandeproducts.co.uk\/pl\/platynowa-peptydowa-maska-peelingujaca-do-liftingu-skory60ml\/#primaryimage"},"thumbnailUrl":"https:\/\/tiandeproducts.co.uk\/wp-content\/uploads\/56505.png","datePublished":"2020-09-22T10:21:36+00:00","dateModified":"2021-02-05T17:41:05+00:00","breadcrumb":{"@id":"https:\/\/tiandeproducts.co.uk\/pl\/platynowa-peptydowa-maska-peelingujaca-do-liftingu-skory60ml\/#breadcrumb"},"inLanguage":"pl-PL","potentialAction":[{"@type":"ReadAction","target":["https:\/\/tiandeproducts.co.uk\/pl\/platynowa-peptydowa-maska-peelingujaca-do-liftingu-skory60ml\/"]}]},{"@type":"ImageObject","inLanguage":"pl-PL","@id":"https:\/\/tiandeproducts.co.uk\/pl\/platynowa-peptydowa-maska-peelingujaca-do-liftingu-skory60ml\/#primaryimage","url":"https:\/\/tiandeproducts.co.uk\/wp-content\/uploads\/56505.png","contentUrl":"https:\/\/tiandeproducts.co.uk\/wp-content\/uploads\/56505.png","width":700,"height":700},{"@type":"BreadcrumbList","@id":"https:\/\/tiandeproducts.co.uk\/pl\/platynowa-peptydowa-maska-peelingujaca-do-liftingu-skory60ml\/#breadcrumb","itemListElement":[{"@type":"ListItem","position":1,"name":"Home","item":"https:\/\/tiandeproducts.co.uk\/pl\/"},{"@type":"ListItem","position":2,"name":"Shop","item":"https:\/\/tiandeproducts.co.uk\/pl\/shop-2\/"},{"@type":"ListItem","position":3,"name":"Platynowa peptydowa maska peelinguj\u0105ca do liftingu sk\u00f3ry,60ml"}]},{"@type":"WebSite","@id":"https:\/\/tiandeproducts.co.uk\/#website","url":"https:\/\/tiandeproducts.co.uk\/","name":"TianDe Online Shop - Beauty & Health","description":"Traditional Chinese Medicine","potentialAction":[{"@type":"SearchAction","target":{"@type":"EntryPoint","urlTemplate":"https:\/\/tiandeproducts.co.uk\/?s={search_term_string}"},"query-input":{"@type":"PropertyValueSpecification","valueRequired":true,"valueName":"search_term_string"}}],"inLanguage":"pl-PL"}]}},"_links":{"self":[{"href":"https:\/\/tiandeproducts.co.uk\/pl\/wp-json\/wp\/v2\/product\/14766","targetHints":{"allow":["GET"]}}],"collection":[{"href":"https:\/\/tiandeproducts.co.uk\/pl\/wp-json\/wp\/v2\/product"}],"about":[{"href":"https:\/\/tiandeproducts.co.uk\/pl\/wp-json\/wp\/v2\/types\/product"}],"replies":[{"embeddable":true,"href":"https:\/\/tiandeproducts.co.uk\/pl\/wp-json\/wp\/v2\/comments?post=14766"}],"wp:featuredmedia":[{"embeddable":true,"href":"https:\/\/tiandeproducts.co.uk\/pl\/wp-json\/wp\/v2\/media\/14564"}],"wp:attachment":[{"href":"https:\/\/tiandeproducts.co.uk\/pl\/wp-json\/wp\/v2\/media?parent=14766"}],"wp:term":[{"taxonomy":"product_cat","embeddable":true,"href":"https:\/\/tiandeproducts.co.uk\/pl\/wp-json\/wp\/v2\/product_cat?post=14766"},{"taxonomy":"product_tag","embeddable":true,"href":"https:\/\/tiandeproducts.co.uk\/pl\/wp-json\/wp\/v2\/product_tag?post=14766"}],"curies":[{"name":"wp","href":"https:\/\/api.w.org\/{rel}","templated":true}]}}