{"id":14765,"date":"2020-09-22T11:26:53","date_gmt":"2020-09-22T10:26:53","guid":{"rendered":"https:\/\/www.tiandeproducts.co.uk\/regenerujacy-i-ochronny-krem-do-twarzy50g\/"},"modified":"2021-02-05T17:39:57","modified_gmt":"2021-02-05T17:39:57","slug":"regenerujacy-i-ochronny-krem-do-twarzy50g","status":"publish","type":"product","link":"https:\/\/tiandeproducts.co.uk\/pl\/regenerujacy-i-ochronny-krem-do-twarzy50g\/","title":{"rendered":"Regeneruj\u0105cy i ochronny krem do twarzy,50g"},"content":{"rendered":"<p><img decoding=\"async\" style=\"max-width: 16px; margin-right: 5px;\" src=\"https:\/\/tiandeproducts.co.uk\/wp-content\/uploads\/points-green.svg\" \/>\u00a0Earn 29 points worth \u00a31.45 when buying this product<\/p>\n<p>Jak cz\u0119sto korzystasz ze smartfona, tabletu, komputera? Najpewniej cz\u0119sto\u2026<\/p>\n<p>Naukowcy odkryli, \u017ce wszystkie monitory, ekrany, a nawet \u017car\u00f3wki energooszcz\u0119dne emituj\u0105 niebieskie \u015bwiat\u0142o, kt\u00f3re ma negatywny wp\u0142yw na sk\u00f3r\u0119. Promieniowanie HEV wnika g\u0142\u0119boko w warstwy sk\u00f3ry, powoduj\u0105c przedwczesne starzenie si\u0119 i pigmentacj\u0119. Jak si\u0119 przed tym zabezpieczy\u0107? Silnymi przeciwutleniaczami!<\/p>\n<p>Regeneruj\u0105cy i ochronny krem do twarzy Vita Derm na bazie opatentowanego kompleksu antyoksydacyjnego Myramaze\u2122, witaminy C, zwi\u0105zk\u00f3w nawil\u017caj\u0105cych i regeneruj\u0105cych:<br \/>\n&#8211; chroni sk\u00f3r\u0119 przed promieniowaniem HEV, zapobiegaj\u0105c \u201ecyfrowemu starzeniu si\u0119\u201d;<br \/>\n&#8211; regeneruje i wzmacnia barier\u0119 hydrolipidow\u0105 sk\u00f3ry;<br \/>\n&#8211; neutralizuje stres oksydacyjny;<br \/>\n&#8211; chroni b\u0142ony kom\u00f3rkowe przed odwodnieniem;<br \/>\n&#8211; delikatnie regeneruje;<br \/>\n&#8211; wyg\u0142adza zmarszczki mimiczne.<\/p>\n<p>Regeneruj\u0105cy i ochronny krem do sk\u00f3ry zosta\u0142 r\u00f3wnie\u017c wzbogacony o filtr UV. Powsta\u0142 specjalnie do sk\u00f3ry normalnej.<\/p>\n<p><strong>ZASTOSOWANIE:<\/strong><\/p>\n<p>Nanie\u015b\u0107 delikatnymi okr\u0119\u017cnymi ruchami niewielk\u0105 ilo\u015b\u0107 kremu na wcze\u015bniej oczyszczon\u0105 sk\u00f3r\u0119 twarzy i szyi, pomin\u0105\u0107 okolice oczu. W celu osi\u0105gni\u0119cia lepszego efektu stosowa\u0107 rano i wieczorem.<\/p>\n","protected":false},"excerpt":{"rendered":"<p>\u00a0Earn 29 points worth \u00a31.45 when buying this product Jak cz\u0119sto korzystasz ze smartfona, tabletu, komputera? Najpewniej cz\u0119sto\u2026 Naukowcy odkryli, \u017ce wszystkie monitory, ekrany, a nawet \u017car\u00f3wki energooszcz\u0119dne emituj\u0105 niebieskie \u015bwiat\u0142o, kt\u00f3re ma negatywny wp\u0142yw na sk\u00f3r\u0119. Promieniowanie HEV wnika g\u0142\u0119boko w warstwy sk\u00f3ry, powoduj\u0105c przedwczesne starzenie si\u0119 i pigmentacj\u0119. Jak si\u0119 przed tym zabezpieczy\u0107? [&#8230;]\n","protected":false},"featured_media":14569,"comment_status":"open","ping_status":"closed","template":"","meta":[],"product_cat":[746,874,876,868,770,1322],"product_tag":[],"class_list":{"0":"post-14765","1":"product","2":"type-product","3":"status-publish","4":"has-post-thumbnail","6":"product_cat-do-twarzy","7":"product_cat-opieki-dla-skory-wrazliwej","8":"product_cat-pielegnacja-anti-aging","9":"product_cat-produkty-specjalistyczne","10":"product_cat-przeciwutleniacze","11":"product_cat-vita-derm-pl","13":"first","14":"instock","15":"shipping-taxable","16":"purchasable","17":"product-type-simple"},"yoast_head":"<!-- This site is optimized with the Yoast SEO plugin v23.6 - https:\/\/yoast.com\/wordpress\/plugins\/seo\/ -->\n<title>Regeneruj\u0105cy i ochronny krem do twarzy,50g - TianDe Online Shop - Beauty &amp; Health<\/title>\n<meta name=\"robots\" content=\"index, follow, max-snippet:-1, max-image-preview:large, max-video-preview:-1\" \/>\n<link rel=\"canonical\" href=\"https:\/\/tiandeproducts.co.uk\/pl\/regenerujacy-i-ochronny-krem-do-twarzy50g\/\" \/>\n<meta property=\"og:locale\" content=\"pl_PL\" \/>\n<meta property=\"og:type\" content=\"article\" \/>\n<meta property=\"og:title\" content=\"Regeneruj\u0105cy i ochronny krem do twarzy,50g - TianDe Online Shop - Beauty &amp; Health\" \/>\n<meta property=\"og:description\" content=\"\u00a0Earn 29 points worth \u00a31.45 when buying this product Jak cz\u0119sto korzystasz ze smartfona, tabletu, komputera? Najpewniej cz\u0119sto\u2026 Naukowcy odkryli, \u017ce wszystkie monitory, ekrany, a nawet \u017car\u00f3wki energooszcz\u0119dne emituj\u0105 niebieskie \u015bwiat\u0142o, kt\u00f3re ma negatywny wp\u0142yw na sk\u00f3r\u0119. Promieniowanie HEV wnika g\u0142\u0119boko w warstwy sk\u00f3ry, powoduj\u0105c przedwczesne starzenie si\u0119 i pigmentacj\u0119. Jak si\u0119 przed tym zabezpieczy\u0107? [...]\" \/>\n<meta property=\"og:url\" content=\"https:\/\/tiandeproducts.co.uk\/pl\/regenerujacy-i-ochronny-krem-do-twarzy50g\/\" \/>\n<meta property=\"og:site_name\" content=\"TianDe Online Shop - Beauty &amp; Health\" \/>\n<meta property=\"article:publisher\" content=\"https:\/\/www.facebook.com\/tiande.products.england\/\" \/>\n<meta property=\"article:modified_time\" content=\"2021-02-05T17:39:57+00:00\" \/>\n<meta property=\"og:image\" content=\"https:\/\/tiandeproducts.co.uk\/wp-content\/uploads\/16306.png\" \/>\n\t<meta property=\"og:image:width\" content=\"700\" \/>\n\t<meta property=\"og:image:height\" content=\"700\" \/>\n\t<meta property=\"og:image:type\" content=\"image\/png\" \/>\n<meta name=\"twitter:card\" content=\"summary_large_image\" \/>\n<meta name=\"twitter:label1\" content=\"Szacowany czas czytania\" \/>\n\t<meta name=\"twitter:data1\" content=\"1 minuta\" \/>\n<script type=\"application\/ld+json\" class=\"yoast-schema-graph\">{\"@context\":\"https:\/\/schema.org\",\"@graph\":[{\"@type\":\"WebPage\",\"@id\":\"https:\/\/tiandeproducts.co.uk\/pl\/regenerujacy-i-ochronny-krem-do-twarzy50g\/\",\"url\":\"https:\/\/tiandeproducts.co.uk\/pl\/regenerujacy-i-ochronny-krem-do-twarzy50g\/\",\"name\":\"Regeneruj\u0105cy i ochronny krem do twarzy,50g - TianDe Online Shop - Beauty &amp; Health\",\"isPartOf\":{\"@id\":\"https:\/\/tiandeproducts.co.uk\/#website\"},\"primaryImageOfPage\":{\"@id\":\"https:\/\/tiandeproducts.co.uk\/pl\/regenerujacy-i-ochronny-krem-do-twarzy50g\/#primaryimage\"},\"image\":{\"@id\":\"https:\/\/tiandeproducts.co.uk\/pl\/regenerujacy-i-ochronny-krem-do-twarzy50g\/#primaryimage\"},\"thumbnailUrl\":\"https:\/\/tiandeproducts.co.uk\/wp-content\/uploads\/16306.png\",\"datePublished\":\"2020-09-22T10:26:53+00:00\",\"dateModified\":\"2021-02-05T17:39:57+00:00\",\"breadcrumb\":{\"@id\":\"https:\/\/tiandeproducts.co.uk\/pl\/regenerujacy-i-ochronny-krem-do-twarzy50g\/#breadcrumb\"},\"inLanguage\":\"pl-PL\",\"potentialAction\":[{\"@type\":\"ReadAction\",\"target\":[\"https:\/\/tiandeproducts.co.uk\/pl\/regenerujacy-i-ochronny-krem-do-twarzy50g\/\"]}]},{\"@type\":\"ImageObject\",\"inLanguage\":\"pl-PL\",\"@id\":\"https:\/\/tiandeproducts.co.uk\/pl\/regenerujacy-i-ochronny-krem-do-twarzy50g\/#primaryimage\",\"url\":\"https:\/\/tiandeproducts.co.uk\/wp-content\/uploads\/16306.png\",\"contentUrl\":\"https:\/\/tiandeproducts.co.uk\/wp-content\/uploads\/16306.png\",\"width\":700,\"height\":700},{\"@type\":\"BreadcrumbList\",\"@id\":\"https:\/\/tiandeproducts.co.uk\/pl\/regenerujacy-i-ochronny-krem-do-twarzy50g\/#breadcrumb\",\"itemListElement\":[{\"@type\":\"ListItem\",\"position\":1,\"name\":\"Home\",\"item\":\"https:\/\/tiandeproducts.co.uk\/pl\/\"},{\"@type\":\"ListItem\",\"position\":2,\"name\":\"Shop\",\"item\":\"https:\/\/tiandeproducts.co.uk\/pl\/shop-2\/\"},{\"@type\":\"ListItem\",\"position\":3,\"name\":\"Regeneruj\u0105cy i ochronny krem do twarzy,50g\"}]},{\"@type\":\"WebSite\",\"@id\":\"https:\/\/tiandeproducts.co.uk\/#website\",\"url\":\"https:\/\/tiandeproducts.co.uk\/\",\"name\":\"TianDe Online Shop - Beauty & Health\",\"description\":\"Traditional Chinese Medicine\",\"potentialAction\":[{\"@type\":\"SearchAction\",\"target\":{\"@type\":\"EntryPoint\",\"urlTemplate\":\"https:\/\/tiandeproducts.co.uk\/?s={search_term_string}\"},\"query-input\":{\"@type\":\"PropertyValueSpecification\",\"valueRequired\":true,\"valueName\":\"search_term_string\"}}],\"inLanguage\":\"pl-PL\"}]}<\/script>\n<!-- \/ Yoast SEO plugin. -->","yoast_head_json":{"title":"Regeneruj\u0105cy i ochronny krem do twarzy,50g - TianDe Online Shop - Beauty &amp; Health","robots":{"index":"index","follow":"follow","max-snippet":"max-snippet:-1","max-image-preview":"max-image-preview:large","max-video-preview":"max-video-preview:-1"},"canonical":"https:\/\/tiandeproducts.co.uk\/pl\/regenerujacy-i-ochronny-krem-do-twarzy50g\/","og_locale":"pl_PL","og_type":"article","og_title":"Regeneruj\u0105cy i ochronny krem do twarzy,50g - TianDe Online Shop - Beauty &amp; Health","og_description":"\u00a0Earn 29 points worth \u00a31.45 when buying this product Jak cz\u0119sto korzystasz ze smartfona, tabletu, komputera? Najpewniej cz\u0119sto\u2026 Naukowcy odkryli, \u017ce wszystkie monitory, ekrany, a nawet \u017car\u00f3wki energooszcz\u0119dne emituj\u0105 niebieskie \u015bwiat\u0142o, kt\u00f3re ma negatywny wp\u0142yw na sk\u00f3r\u0119. Promieniowanie HEV wnika g\u0142\u0119boko w warstwy sk\u00f3ry, powoduj\u0105c przedwczesne starzenie si\u0119 i pigmentacj\u0119. Jak si\u0119 przed tym zabezpieczy\u0107? [...]","og_url":"https:\/\/tiandeproducts.co.uk\/pl\/regenerujacy-i-ochronny-krem-do-twarzy50g\/","og_site_name":"TianDe Online Shop - Beauty &amp; Health","article_publisher":"https:\/\/www.facebook.com\/tiande.products.england\/","article_modified_time":"2021-02-05T17:39:57+00:00","og_image":[{"width":700,"height":700,"url":"https:\/\/tiandeproducts.co.uk\/wp-content\/uploads\/16306.png","type":"image\/png"}],"twitter_card":"summary_large_image","twitter_misc":{"Szacowany czas czytania":"1 minuta"},"schema":{"@context":"https:\/\/schema.org","@graph":[{"@type":"WebPage","@id":"https:\/\/tiandeproducts.co.uk\/pl\/regenerujacy-i-ochronny-krem-do-twarzy50g\/","url":"https:\/\/tiandeproducts.co.uk\/pl\/regenerujacy-i-ochronny-krem-do-twarzy50g\/","name":"Regeneruj\u0105cy i ochronny krem do twarzy,50g - TianDe Online Shop - Beauty &amp; Health","isPartOf":{"@id":"https:\/\/tiandeproducts.co.uk\/#website"},"primaryImageOfPage":{"@id":"https:\/\/tiandeproducts.co.uk\/pl\/regenerujacy-i-ochronny-krem-do-twarzy50g\/#primaryimage"},"image":{"@id":"https:\/\/tiandeproducts.co.uk\/pl\/regenerujacy-i-ochronny-krem-do-twarzy50g\/#primaryimage"},"thumbnailUrl":"https:\/\/tiandeproducts.co.uk\/wp-content\/uploads\/16306.png","datePublished":"2020-09-22T10:26:53+00:00","dateModified":"2021-02-05T17:39:57+00:00","breadcrumb":{"@id":"https:\/\/tiandeproducts.co.uk\/pl\/regenerujacy-i-ochronny-krem-do-twarzy50g\/#breadcrumb"},"inLanguage":"pl-PL","potentialAction":[{"@type":"ReadAction","target":["https:\/\/tiandeproducts.co.uk\/pl\/regenerujacy-i-ochronny-krem-do-twarzy50g\/"]}]},{"@type":"ImageObject","inLanguage":"pl-PL","@id":"https:\/\/tiandeproducts.co.uk\/pl\/regenerujacy-i-ochronny-krem-do-twarzy50g\/#primaryimage","url":"https:\/\/tiandeproducts.co.uk\/wp-content\/uploads\/16306.png","contentUrl":"https:\/\/tiandeproducts.co.uk\/wp-content\/uploads\/16306.png","width":700,"height":700},{"@type":"BreadcrumbList","@id":"https:\/\/tiandeproducts.co.uk\/pl\/regenerujacy-i-ochronny-krem-do-twarzy50g\/#breadcrumb","itemListElement":[{"@type":"ListItem","position":1,"name":"Home","item":"https:\/\/tiandeproducts.co.uk\/pl\/"},{"@type":"ListItem","position":2,"name":"Shop","item":"https:\/\/tiandeproducts.co.uk\/pl\/shop-2\/"},{"@type":"ListItem","position":3,"name":"Regeneruj\u0105cy i ochronny krem do twarzy,50g"}]},{"@type":"WebSite","@id":"https:\/\/tiandeproducts.co.uk\/#website","url":"https:\/\/tiandeproducts.co.uk\/","name":"TianDe Online Shop - Beauty & Health","description":"Traditional Chinese Medicine","potentialAction":[{"@type":"SearchAction","target":{"@type":"EntryPoint","urlTemplate":"https:\/\/tiandeproducts.co.uk\/?s={search_term_string}"},"query-input":{"@type":"PropertyValueSpecification","valueRequired":true,"valueName":"search_term_string"}}],"inLanguage":"pl-PL"}]}},"_links":{"self":[{"href":"https:\/\/tiandeproducts.co.uk\/pl\/wp-json\/wp\/v2\/product\/14765","targetHints":{"allow":["GET"]}}],"collection":[{"href":"https:\/\/tiandeproducts.co.uk\/pl\/wp-json\/wp\/v2\/product"}],"about":[{"href":"https:\/\/tiandeproducts.co.uk\/pl\/wp-json\/wp\/v2\/types\/product"}],"replies":[{"embeddable":true,"href":"https:\/\/tiandeproducts.co.uk\/pl\/wp-json\/wp\/v2\/comments?post=14765"}],"wp:featuredmedia":[{"embeddable":true,"href":"https:\/\/tiandeproducts.co.uk\/pl\/wp-json\/wp\/v2\/media\/14569"}],"wp:attachment":[{"href":"https:\/\/tiandeproducts.co.uk\/pl\/wp-json\/wp\/v2\/media?parent=14765"}],"wp:term":[{"taxonomy":"product_cat","embeddable":true,"href":"https:\/\/tiandeproducts.co.uk\/pl\/wp-json\/wp\/v2\/product_cat?post=14765"},{"taxonomy":"product_tag","embeddable":true,"href":"https:\/\/tiandeproducts.co.uk\/pl\/wp-json\/wp\/v2\/product_tag?post=14765"}],"curies":[{"name":"wp","href":"https:\/\/api.w.org\/{rel}","templated":true}]}}