{"id":13492,"date":"2020-03-03T10:18:16","date_gmt":"2020-03-03T10:21:31","guid":{"rendered":"https:\/\/www.tiandeproducts.co.uk\/?post_type=product&#038;p=13492"},"modified":"2021-02-05T18:11:02","modified_gmt":"2021-02-05T18:11:02","slug":"hydrozelowy-fitoplaster-dla-kobiet1-szt","status":"publish","type":"product","link":"https:\/\/tiandeproducts.co.uk\/pl\/hydrozelowy-fitoplaster-dla-kobiet1-szt\/","title":{"rendered":"Hydro\u017celowy fitoplaster dla kobiet,1 szt."},"content":{"rendered":"<p><img decoding=\"async\" style=\"max-width: 16px; margin-right: 5px;\" src=\"https:\/\/tiandeproducts.co.uk\/wp-content\/uploads\/points-green.svg\" \/>\u00a0Earn 11 points worth \u00a30.55 when buying this product<\/p>\n<p><strong>Komfort nawet w trakcie kobiecych dni!<\/strong><\/p>\n<div class=\"description\">\n<p>Odczucie napi\u0119cia, dyskomfortu, og\u00f3lne os\u0142abienie, ch\u0119\u0107 pozostania w domu i otulenia si\u0119 kocem. Czy znasz te odczucia? Wi\u0119kszo\u015b\u0107 kobiet przechodzi je co miesi\u0105c.<\/p>\n<p>Jak z\u0142agodzi\u0107 nieprzyjemne odczucia i prowadzi\u0107 pe\u0142ne i zr\u00f3\u017cnicowane \u017cycie nawet w tym czasie? Korea\u0144scy naukowcy znale\u017ali rozwi\u0105zanie. Hydro\u017celowy fitoplaster dla kobiet pomo\u017ce poprawi\u0107 og\u00f3lne samopoczucie i przywr\u00f3ci dech w piersiach. Plaster:<br \/>\n&#8211; poprawia stan sk\u00f3ry w podbrzuszu, pozostawia j\u0105 delikatn\u0105 i g\u0142adk\u0105<br \/>\n&#8211; \u0142agodzi dyskomfort w trakcie &#8222;tych dni&#8221;<br \/>\n&#8211; jest niewidoczny pod ubraniem i praktycznie nie b\u0119dziesz go czu\u0107<br \/>\n&#8211; zapewnia umiarkowane odczucie ciep\u0142a<br \/>\n&#8211; pomaga prowadzi\u0107 codzienne \u017cycie niezale\u017cnie od dnia miesi\u0105ca<\/p>\n<p>Przyklej fitoplaster w okolicy podbrzusza, a wkr\u00f3tce poczujesz ulg\u0119. Ciesz si\u0119 pe\u0142ni\u0105 \u017cycia ka\u017cdego dnia!<\/p>\n<\/div>\n<div class=\"instruction\">\n<p><strong>ZASTOSOWANIE:<\/strong><\/p>\n<p>Usu\u0144 foli\u0119 ochronn\u0105 i przyklej na oczyszczon\u0105 i wysuszon\u0105 sk\u00f3r\u0119 podbrzusza. Stosuj raz dziennie przez 3-4 godziny (mo\u017ce by\u0107 stosowany podczas snu \u2013 do 7-8 godzin). Do jednorazowego u\u017cytku. Nale\u017cy zu\u017cy\u0107 tu\u017c po otwarciu.<\/p>\n<\/div>\n","protected":false},"excerpt":{"rendered":"<p>\u00a0Earn 11 points worth \u00a30.55 when buying this product Komfort nawet w trakcie kobiecych dni! Odczucie napi\u0119cia, dyskomfortu, og\u00f3lne os\u0142abienie, ch\u0119\u0107 pozostania w domu i otulenia si\u0119 kocem. Czy znasz te odczucia? Wi\u0119kszo\u015b\u0107 kobiet przechodzi je co miesi\u0105c. Jak z\u0142agodzi\u0107 nieprzyjemne odczucia i prowadzi\u0107 pe\u0142ne i zr\u00f3\u017cnicowane \u017cycie nawet w tym czasie? Korea\u0144scy naukowcy znale\u017ali [&#8230;]\n","protected":false},"featured_media":13489,"comment_status":"open","ping_status":"closed","template":"","meta":[],"product_cat":[833],"product_tag":[],"class_list":{"0":"post-13492","1":"product","2":"type-product","3":"status-publish","4":"has-post-thumbnail","6":"product_cat-wellness-pl","8":"first","9":"instock","10":"shipping-taxable","11":"purchasable","12":"product-type-simple"},"yoast_head":"<!-- This site is optimized with the Yoast SEO plugin v23.6 - https:\/\/yoast.com\/wordpress\/plugins\/seo\/ -->\n<title>Hydro\u017celowy fitoplaster dla kobiet,1 szt. - TianDe Online Shop - Beauty &amp; Health<\/title>\n<meta name=\"robots\" content=\"index, follow, max-snippet:-1, max-image-preview:large, max-video-preview:-1\" \/>\n<link rel=\"canonical\" href=\"https:\/\/tiandeproducts.co.uk\/pl\/hydrozelowy-fitoplaster-dla-kobiet1-szt\/\" \/>\n<meta property=\"og:locale\" content=\"pl_PL\" \/>\n<meta property=\"og:type\" content=\"article\" \/>\n<meta property=\"og:title\" content=\"Hydro\u017celowy fitoplaster dla kobiet,1 szt. - TianDe Online Shop - Beauty &amp; Health\" \/>\n<meta property=\"og:description\" content=\"\u00a0Earn 11 points worth \u00a30.55 when buying this product Komfort nawet w trakcie kobiecych dni! Odczucie napi\u0119cia, dyskomfortu, og\u00f3lne os\u0142abienie, ch\u0119\u0107 pozostania w domu i otulenia si\u0119 kocem. Czy znasz te odczucia? Wi\u0119kszo\u015b\u0107 kobiet przechodzi je co miesi\u0105c. Jak z\u0142agodzi\u0107 nieprzyjemne odczucia i prowadzi\u0107 pe\u0142ne i zr\u00f3\u017cnicowane \u017cycie nawet w tym czasie? Korea\u0144scy naukowcy znale\u017ali [...]\" \/>\n<meta property=\"og:url\" content=\"https:\/\/tiandeproducts.co.uk\/pl\/hydrozelowy-fitoplaster-dla-kobiet1-szt\/\" \/>\n<meta property=\"og:site_name\" content=\"TianDe Online Shop - Beauty &amp; Health\" \/>\n<meta property=\"article:publisher\" content=\"https:\/\/www.facebook.com\/tiande.products.england\/\" \/>\n<meta property=\"article:modified_time\" content=\"2021-02-05T18:11:02+00:00\" \/>\n<meta property=\"og:image\" content=\"https:\/\/tiandeproducts.co.uk\/wp-content\/uploads\/66502.png\" \/>\n\t<meta property=\"og:image:width\" content=\"700\" \/>\n\t<meta property=\"og:image:height\" content=\"700\" \/>\n\t<meta property=\"og:image:type\" content=\"image\/png\" \/>\n<meta name=\"twitter:card\" content=\"summary_large_image\" \/>\n<meta name=\"twitter:label1\" content=\"Szacowany czas czytania\" \/>\n\t<meta name=\"twitter:data1\" content=\"1 minuta\" \/>\n<script type=\"application\/ld+json\" class=\"yoast-schema-graph\">{\"@context\":\"https:\/\/schema.org\",\"@graph\":[{\"@type\":\"WebPage\",\"@id\":\"https:\/\/tiandeproducts.co.uk\/pl\/hydrozelowy-fitoplaster-dla-kobiet1-szt\/\",\"url\":\"https:\/\/tiandeproducts.co.uk\/pl\/hydrozelowy-fitoplaster-dla-kobiet1-szt\/\",\"name\":\"Hydro\u017celowy fitoplaster dla kobiet,1 szt. - TianDe Online Shop - Beauty &amp; Health\",\"isPartOf\":{\"@id\":\"https:\/\/tiandeproducts.co.uk\/#website\"},\"primaryImageOfPage\":{\"@id\":\"https:\/\/tiandeproducts.co.uk\/pl\/hydrozelowy-fitoplaster-dla-kobiet1-szt\/#primaryimage\"},\"image\":{\"@id\":\"https:\/\/tiandeproducts.co.uk\/pl\/hydrozelowy-fitoplaster-dla-kobiet1-szt\/#primaryimage\"},\"thumbnailUrl\":\"https:\/\/tiandeproducts.co.uk\/wp-content\/uploads\/66502.png\",\"datePublished\":\"2020-03-03T10:21:31+00:00\",\"dateModified\":\"2021-02-05T18:11:02+00:00\",\"breadcrumb\":{\"@id\":\"https:\/\/tiandeproducts.co.uk\/pl\/hydrozelowy-fitoplaster-dla-kobiet1-szt\/#breadcrumb\"},\"inLanguage\":\"pl-PL\",\"potentialAction\":[{\"@type\":\"ReadAction\",\"target\":[\"https:\/\/tiandeproducts.co.uk\/pl\/hydrozelowy-fitoplaster-dla-kobiet1-szt\/\"]}]},{\"@type\":\"ImageObject\",\"inLanguage\":\"pl-PL\",\"@id\":\"https:\/\/tiandeproducts.co.uk\/pl\/hydrozelowy-fitoplaster-dla-kobiet1-szt\/#primaryimage\",\"url\":\"https:\/\/tiandeproducts.co.uk\/wp-content\/uploads\/66502.png\",\"contentUrl\":\"https:\/\/tiandeproducts.co.uk\/wp-content\/uploads\/66502.png\",\"width\":700,\"height\":700},{\"@type\":\"BreadcrumbList\",\"@id\":\"https:\/\/tiandeproducts.co.uk\/pl\/hydrozelowy-fitoplaster-dla-kobiet1-szt\/#breadcrumb\",\"itemListElement\":[{\"@type\":\"ListItem\",\"position\":1,\"name\":\"Home\",\"item\":\"https:\/\/tiandeproducts.co.uk\/pl\/\"},{\"@type\":\"ListItem\",\"position\":2,\"name\":\"Shop\",\"item\":\"https:\/\/tiandeproducts.co.uk\/pl\/shop-2\/\"},{\"@type\":\"ListItem\",\"position\":3,\"name\":\"Hydro\u017celowy fitoplaster dla kobiet,1 szt.\"}]},{\"@type\":\"WebSite\",\"@id\":\"https:\/\/tiandeproducts.co.uk\/#website\",\"url\":\"https:\/\/tiandeproducts.co.uk\/\",\"name\":\"TianDe Online Shop - Beauty & Health\",\"description\":\"Traditional Chinese Medicine\",\"potentialAction\":[{\"@type\":\"SearchAction\",\"target\":{\"@type\":\"EntryPoint\",\"urlTemplate\":\"https:\/\/tiandeproducts.co.uk\/?s={search_term_string}\"},\"query-input\":{\"@type\":\"PropertyValueSpecification\",\"valueRequired\":true,\"valueName\":\"search_term_string\"}}],\"inLanguage\":\"pl-PL\"}]}<\/script>\n<!-- \/ Yoast SEO plugin. -->","yoast_head_json":{"title":"Hydro\u017celowy fitoplaster dla kobiet,1 szt. - TianDe Online Shop - Beauty &amp; Health","robots":{"index":"index","follow":"follow","max-snippet":"max-snippet:-1","max-image-preview":"max-image-preview:large","max-video-preview":"max-video-preview:-1"},"canonical":"https:\/\/tiandeproducts.co.uk\/pl\/hydrozelowy-fitoplaster-dla-kobiet1-szt\/","og_locale":"pl_PL","og_type":"article","og_title":"Hydro\u017celowy fitoplaster dla kobiet,1 szt. - TianDe Online Shop - Beauty &amp; Health","og_description":"\u00a0Earn 11 points worth \u00a30.55 when buying this product Komfort nawet w trakcie kobiecych dni! Odczucie napi\u0119cia, dyskomfortu, og\u00f3lne os\u0142abienie, ch\u0119\u0107 pozostania w domu i otulenia si\u0119 kocem. Czy znasz te odczucia? Wi\u0119kszo\u015b\u0107 kobiet przechodzi je co miesi\u0105c. Jak z\u0142agodzi\u0107 nieprzyjemne odczucia i prowadzi\u0107 pe\u0142ne i zr\u00f3\u017cnicowane \u017cycie nawet w tym czasie? Korea\u0144scy naukowcy znale\u017ali [...]","og_url":"https:\/\/tiandeproducts.co.uk\/pl\/hydrozelowy-fitoplaster-dla-kobiet1-szt\/","og_site_name":"TianDe Online Shop - Beauty &amp; Health","article_publisher":"https:\/\/www.facebook.com\/tiande.products.england\/","article_modified_time":"2021-02-05T18:11:02+00:00","og_image":[{"width":700,"height":700,"url":"https:\/\/tiandeproducts.co.uk\/wp-content\/uploads\/66502.png","type":"image\/png"}],"twitter_card":"summary_large_image","twitter_misc":{"Szacowany czas czytania":"1 minuta"},"schema":{"@context":"https:\/\/schema.org","@graph":[{"@type":"WebPage","@id":"https:\/\/tiandeproducts.co.uk\/pl\/hydrozelowy-fitoplaster-dla-kobiet1-szt\/","url":"https:\/\/tiandeproducts.co.uk\/pl\/hydrozelowy-fitoplaster-dla-kobiet1-szt\/","name":"Hydro\u017celowy fitoplaster dla kobiet,1 szt. - TianDe Online Shop - Beauty &amp; Health","isPartOf":{"@id":"https:\/\/tiandeproducts.co.uk\/#website"},"primaryImageOfPage":{"@id":"https:\/\/tiandeproducts.co.uk\/pl\/hydrozelowy-fitoplaster-dla-kobiet1-szt\/#primaryimage"},"image":{"@id":"https:\/\/tiandeproducts.co.uk\/pl\/hydrozelowy-fitoplaster-dla-kobiet1-szt\/#primaryimage"},"thumbnailUrl":"https:\/\/tiandeproducts.co.uk\/wp-content\/uploads\/66502.png","datePublished":"2020-03-03T10:21:31+00:00","dateModified":"2021-02-05T18:11:02+00:00","breadcrumb":{"@id":"https:\/\/tiandeproducts.co.uk\/pl\/hydrozelowy-fitoplaster-dla-kobiet1-szt\/#breadcrumb"},"inLanguage":"pl-PL","potentialAction":[{"@type":"ReadAction","target":["https:\/\/tiandeproducts.co.uk\/pl\/hydrozelowy-fitoplaster-dla-kobiet1-szt\/"]}]},{"@type":"ImageObject","inLanguage":"pl-PL","@id":"https:\/\/tiandeproducts.co.uk\/pl\/hydrozelowy-fitoplaster-dla-kobiet1-szt\/#primaryimage","url":"https:\/\/tiandeproducts.co.uk\/wp-content\/uploads\/66502.png","contentUrl":"https:\/\/tiandeproducts.co.uk\/wp-content\/uploads\/66502.png","width":700,"height":700},{"@type":"BreadcrumbList","@id":"https:\/\/tiandeproducts.co.uk\/pl\/hydrozelowy-fitoplaster-dla-kobiet1-szt\/#breadcrumb","itemListElement":[{"@type":"ListItem","position":1,"name":"Home","item":"https:\/\/tiandeproducts.co.uk\/pl\/"},{"@type":"ListItem","position":2,"name":"Shop","item":"https:\/\/tiandeproducts.co.uk\/pl\/shop-2\/"},{"@type":"ListItem","position":3,"name":"Hydro\u017celowy fitoplaster dla kobiet,1 szt."}]},{"@type":"WebSite","@id":"https:\/\/tiandeproducts.co.uk\/#website","url":"https:\/\/tiandeproducts.co.uk\/","name":"TianDe Online Shop - Beauty & Health","description":"Traditional Chinese Medicine","potentialAction":[{"@type":"SearchAction","target":{"@type":"EntryPoint","urlTemplate":"https:\/\/tiandeproducts.co.uk\/?s={search_term_string}"},"query-input":{"@type":"PropertyValueSpecification","valueRequired":true,"valueName":"search_term_string"}}],"inLanguage":"pl-PL"}]}},"_links":{"self":[{"href":"https:\/\/tiandeproducts.co.uk\/pl\/wp-json\/wp\/v2\/product\/13492","targetHints":{"allow":["GET"]}}],"collection":[{"href":"https:\/\/tiandeproducts.co.uk\/pl\/wp-json\/wp\/v2\/product"}],"about":[{"href":"https:\/\/tiandeproducts.co.uk\/pl\/wp-json\/wp\/v2\/types\/product"}],"replies":[{"embeddable":true,"href":"https:\/\/tiandeproducts.co.uk\/pl\/wp-json\/wp\/v2\/comments?post=13492"}],"wp:featuredmedia":[{"embeddable":true,"href":"https:\/\/tiandeproducts.co.uk\/pl\/wp-json\/wp\/v2\/media\/13489"}],"wp:attachment":[{"href":"https:\/\/tiandeproducts.co.uk\/pl\/wp-json\/wp\/v2\/media?parent=13492"}],"wp:term":[{"taxonomy":"product_cat","embeddable":true,"href":"https:\/\/tiandeproducts.co.uk\/pl\/wp-json\/wp\/v2\/product_cat?post=13492"},{"taxonomy":"product_tag","embeddable":true,"href":"https:\/\/tiandeproducts.co.uk\/pl\/wp-json\/wp\/v2\/product_tag?post=13492"}],"curies":[{"name":"wp","href":"https:\/\/api.w.org\/{rel}","templated":true}]}}