{"id":13441,"date":"2020-02-21T12:31:00","date_gmt":"2020-03-02T14:21:33","guid":{"rendered":"https:\/\/www.tiandeproducts.co.uk\/?post_type=product&#038;p=13441"},"modified":"2021-02-05T18:13:48","modified_gmt":"2021-02-05T18:13:48","slug":"maska-oklad-na-piety-i-lokcie2-szt","status":"publish","type":"product","link":"https:\/\/tiandeproducts.co.uk\/pl\/maska-oklad-na-piety-i-lokcie2-szt\/","title":{"rendered":"Maska \u2013 ok\u0142ad na pi\u0119ty i \u0142okcie,2 szt."},"content":{"rendered":"<div class=\"description\">\n<p><img decoding=\"async\" style=\"max-width: 16px; margin-right: 5px;\" src=\"https:\/\/tiandeproducts.co.uk\/wp-content\/uploads\/points-green.svg\" \/>\u00a0Earn 12 points worth \u00a30.60 when buying this product<\/p>\n<p>Suche \u0142okcie i twarde pi\u0119ty to ju\u017c przesz\u0142o\u015b\u0107! Nadszed\u0142 czas, aby przywr\u00f3ci\u0107 im delikatno\u015b\u0107 i zadbany wygl\u0105d.<\/p>\n<p>Maska na pi\u0119ty i \u0142okcie z korea\u0144skiej linii produkt\u00f3w \u0421hoahae*:<br \/>\n&#8211; skutecznie zmi\u0119kcza sk\u00f3r\u0119<br \/>\n&#8211; wspomaga maksymaln\u0105 regeneracj\u0119 uszkodzonej sk\u00f3ry<br \/>\n&#8211; nawil\u017ca i zwi\u0119ksza wytrzyma\u0142o\u015b\u0107<br \/>\n&#8211; czyni sk\u00f3r\u0119 mi\u0119kk\u0105 i elastyczn\u0105<\/p>\n<p>Nie musisz po\u015bwi\u0119ca\u0107 swojego czasu! Wystarczy przyklei\u0107 ok\u0142ad na \u0142okciach i pi\u0119tach i po\u015bwi\u0119ci\u0107 si\u0119 swoim zwyk\u0142ym czynno\u015bciom. Ok\u0142ad ma kszta\u0142t czterolistnej koniczyny i dzi\u0119ki temu dok\u0142adnie przylega, co z jednej strony zapewnia szybkie zmi\u0119kczenie sk\u00f3ry, z drugiej \u2013 komfort podczas aplikacji.<\/p>\n<p>*\u0421hoahae \u2013 w t\u0142umaczeniu z korea\u0144skiego oznacza \u201ePodobasz mi si\u0119\u201c.<\/p>\n<\/div>\n<div class=\"instruction\">\n<p><strong>ZASTOSOWANIE:<\/strong><\/p>\n<p>Usu\u0144 papier ochronny i mocno przyklej na suchej, oczyszczonej sk\u00f3rze pi\u0119t lub \u0142okci. Pozostaw na 1-2 godziny w zale\u017cno\u015bci od stanu sk\u00f3ry, a nast\u0119pnie sp\u0142ucz wod\u0105. W razie potrzeby usu\u0144 warstw\u0119 rogow\u0105 z pi\u0119t za pomoc\u0105 pilnika do st\u00f3p. Nale\u017cy zu\u017cy\u0107 tu\u017c po otwarciu.<\/p>\n<\/div>\n","protected":false},"excerpt":{"rendered":"<p>\u00a0Earn 12 points worth \u00a30.60 when buying this product Suche \u0142okcie i twarde pi\u0119ty to ju\u017c przesz\u0142o\u015b\u0107! Nadszed\u0142 czas, aby przywr\u00f3ci\u0107 im delikatno\u015b\u0107 i zadbany wygl\u0105d. Maska na pi\u0119ty i \u0142okcie z korea\u0144skiej linii produkt\u00f3w \u0421hoahae*: &#8211; skutecznie zmi\u0119kcza sk\u00f3r\u0119 &#8211; wspomaga maksymaln\u0105 regeneracj\u0119 uszkodzonej sk\u00f3ry &#8211; nawil\u017ca i zwi\u0119ksza wytrzyma\u0142o\u015b\u0107 &#8211; czyni sk\u00f3r\u0119 mi\u0119kk\u0105 [&#8230;]\n","protected":false},"featured_media":12684,"comment_status":"open","ping_status":"closed","template":"","meta":[],"product_cat":[739],"product_tag":[],"class_list":{"0":"post-13441","1":"product","2":"type-product","3":"status-publish","4":"has-post-thumbnail","6":"product_cat-pielegnacja-stop","8":"first","9":"instock","10":"shipping-taxable","11":"purchasable","12":"product-type-simple"},"yoast_head":"<!-- This site is optimized with the Yoast SEO plugin v23.6 - https:\/\/yoast.com\/wordpress\/plugins\/seo\/ -->\n<title>Maska \u2013 ok\u0142ad na pi\u0119ty i \u0142okcie,2 szt. - TianDe Online Shop - Beauty &amp; Health<\/title>\n<meta name=\"robots\" content=\"index, follow, max-snippet:-1, max-image-preview:large, max-video-preview:-1\" \/>\n<link rel=\"canonical\" href=\"https:\/\/tiandeproducts.co.uk\/pl\/maska-oklad-na-piety-i-lokcie2-szt\/\" \/>\n<meta property=\"og:locale\" content=\"pl_PL\" \/>\n<meta property=\"og:type\" content=\"article\" \/>\n<meta property=\"og:title\" content=\"Maska \u2013 ok\u0142ad na pi\u0119ty i \u0142okcie,2 szt. - TianDe Online Shop - Beauty &amp; Health\" \/>\n<meta property=\"og:description\" content=\"\u00a0Earn 12 points worth \u00a30.60 when buying this product Suche \u0142okcie i twarde pi\u0119ty to ju\u017c przesz\u0142o\u015b\u0107! Nadszed\u0142 czas, aby przywr\u00f3ci\u0107 im delikatno\u015b\u0107 i zadbany wygl\u0105d. Maska na pi\u0119ty i \u0142okcie z korea\u0144skiej linii produkt\u00f3w \u0421hoahae*: &#8211; skutecznie zmi\u0119kcza sk\u00f3r\u0119 &#8211; wspomaga maksymaln\u0105 regeneracj\u0119 uszkodzonej sk\u00f3ry &#8211; nawil\u017ca i zwi\u0119ksza wytrzyma\u0142o\u015b\u0107 &#8211; czyni sk\u00f3r\u0119 mi\u0119kk\u0105 [...]\" \/>\n<meta property=\"og:url\" content=\"https:\/\/tiandeproducts.co.uk\/pl\/maska-oklad-na-piety-i-lokcie2-szt\/\" \/>\n<meta property=\"og:site_name\" content=\"TianDe Online Shop - Beauty &amp; Health\" \/>\n<meta property=\"article:publisher\" content=\"https:\/\/www.facebook.com\/tiande.products.england\/\" \/>\n<meta property=\"article:modified_time\" content=\"2021-02-05T18:13:48+00:00\" \/>\n<meta property=\"og:image\" content=\"https:\/\/tiandeproducts.co.uk\/wp-content\/uploads\/56501.png\" \/>\n\t<meta property=\"og:image:width\" content=\"700\" \/>\n\t<meta property=\"og:image:height\" content=\"700\" \/>\n\t<meta property=\"og:image:type\" content=\"image\/png\" \/>\n<meta name=\"twitter:card\" content=\"summary_large_image\" \/>\n<meta name=\"twitter:label1\" content=\"Szacowany czas czytania\" \/>\n\t<meta name=\"twitter:data1\" content=\"1 minuta\" \/>\n<script type=\"application\/ld+json\" class=\"yoast-schema-graph\">{\"@context\":\"https:\/\/schema.org\",\"@graph\":[{\"@type\":\"WebPage\",\"@id\":\"https:\/\/tiandeproducts.co.uk\/pl\/maska-oklad-na-piety-i-lokcie2-szt\/\",\"url\":\"https:\/\/tiandeproducts.co.uk\/pl\/maska-oklad-na-piety-i-lokcie2-szt\/\",\"name\":\"Maska \u2013 ok\u0142ad na pi\u0119ty i \u0142okcie,2 szt. - TianDe Online Shop - Beauty &amp; Health\",\"isPartOf\":{\"@id\":\"https:\/\/tiandeproducts.co.uk\/#website\"},\"primaryImageOfPage\":{\"@id\":\"https:\/\/tiandeproducts.co.uk\/pl\/maska-oklad-na-piety-i-lokcie2-szt\/#primaryimage\"},\"image\":{\"@id\":\"https:\/\/tiandeproducts.co.uk\/pl\/maska-oklad-na-piety-i-lokcie2-szt\/#primaryimage\"},\"thumbnailUrl\":\"https:\/\/tiandeproducts.co.uk\/wp-content\/uploads\/56501.png\",\"datePublished\":\"2020-03-02T14:21:33+00:00\",\"dateModified\":\"2021-02-05T18:13:48+00:00\",\"breadcrumb\":{\"@id\":\"https:\/\/tiandeproducts.co.uk\/pl\/maska-oklad-na-piety-i-lokcie2-szt\/#breadcrumb\"},\"inLanguage\":\"pl-PL\",\"potentialAction\":[{\"@type\":\"ReadAction\",\"target\":[\"https:\/\/tiandeproducts.co.uk\/pl\/maska-oklad-na-piety-i-lokcie2-szt\/\"]}]},{\"@type\":\"ImageObject\",\"inLanguage\":\"pl-PL\",\"@id\":\"https:\/\/tiandeproducts.co.uk\/pl\/maska-oklad-na-piety-i-lokcie2-szt\/#primaryimage\",\"url\":\"https:\/\/tiandeproducts.co.uk\/wp-content\/uploads\/56501.png\",\"contentUrl\":\"https:\/\/tiandeproducts.co.uk\/wp-content\/uploads\/56501.png\",\"width\":700,\"height\":700},{\"@type\":\"BreadcrumbList\",\"@id\":\"https:\/\/tiandeproducts.co.uk\/pl\/maska-oklad-na-piety-i-lokcie2-szt\/#breadcrumb\",\"itemListElement\":[{\"@type\":\"ListItem\",\"position\":1,\"name\":\"Home\",\"item\":\"https:\/\/tiandeproducts.co.uk\/pl\/\"},{\"@type\":\"ListItem\",\"position\":2,\"name\":\"Shop\",\"item\":\"https:\/\/tiandeproducts.co.uk\/pl\/shop-2\/\"},{\"@type\":\"ListItem\",\"position\":3,\"name\":\"Maska \u2013 ok\u0142ad na pi\u0119ty i \u0142okcie,2 szt.\"}]},{\"@type\":\"WebSite\",\"@id\":\"https:\/\/tiandeproducts.co.uk\/#website\",\"url\":\"https:\/\/tiandeproducts.co.uk\/\",\"name\":\"TianDe Online Shop - Beauty & Health\",\"description\":\"Traditional Chinese Medicine\",\"potentialAction\":[{\"@type\":\"SearchAction\",\"target\":{\"@type\":\"EntryPoint\",\"urlTemplate\":\"https:\/\/tiandeproducts.co.uk\/?s={search_term_string}\"},\"query-input\":{\"@type\":\"PropertyValueSpecification\",\"valueRequired\":true,\"valueName\":\"search_term_string\"}}],\"inLanguage\":\"pl-PL\"}]}<\/script>\n<!-- \/ Yoast SEO plugin. -->","yoast_head_json":{"title":"Maska \u2013 ok\u0142ad na pi\u0119ty i \u0142okcie,2 szt. - TianDe Online Shop - Beauty &amp; Health","robots":{"index":"index","follow":"follow","max-snippet":"max-snippet:-1","max-image-preview":"max-image-preview:large","max-video-preview":"max-video-preview:-1"},"canonical":"https:\/\/tiandeproducts.co.uk\/pl\/maska-oklad-na-piety-i-lokcie2-szt\/","og_locale":"pl_PL","og_type":"article","og_title":"Maska \u2013 ok\u0142ad na pi\u0119ty i \u0142okcie,2 szt. - TianDe Online Shop - Beauty &amp; Health","og_description":"\u00a0Earn 12 points worth \u00a30.60 when buying this product Suche \u0142okcie i twarde pi\u0119ty to ju\u017c przesz\u0142o\u015b\u0107! Nadszed\u0142 czas, aby przywr\u00f3ci\u0107 im delikatno\u015b\u0107 i zadbany wygl\u0105d. Maska na pi\u0119ty i \u0142okcie z korea\u0144skiej linii produkt\u00f3w \u0421hoahae*: &#8211; skutecznie zmi\u0119kcza sk\u00f3r\u0119 &#8211; wspomaga maksymaln\u0105 regeneracj\u0119 uszkodzonej sk\u00f3ry &#8211; nawil\u017ca i zwi\u0119ksza wytrzyma\u0142o\u015b\u0107 &#8211; czyni sk\u00f3r\u0119 mi\u0119kk\u0105 [...]","og_url":"https:\/\/tiandeproducts.co.uk\/pl\/maska-oklad-na-piety-i-lokcie2-szt\/","og_site_name":"TianDe Online Shop - Beauty &amp; Health","article_publisher":"https:\/\/www.facebook.com\/tiande.products.england\/","article_modified_time":"2021-02-05T18:13:48+00:00","og_image":[{"width":700,"height":700,"url":"https:\/\/tiandeproducts.co.uk\/wp-content\/uploads\/56501.png","type":"image\/png"}],"twitter_card":"summary_large_image","twitter_misc":{"Szacowany czas czytania":"1 minuta"},"schema":{"@context":"https:\/\/schema.org","@graph":[{"@type":"WebPage","@id":"https:\/\/tiandeproducts.co.uk\/pl\/maska-oklad-na-piety-i-lokcie2-szt\/","url":"https:\/\/tiandeproducts.co.uk\/pl\/maska-oklad-na-piety-i-lokcie2-szt\/","name":"Maska \u2013 ok\u0142ad na pi\u0119ty i \u0142okcie,2 szt. - TianDe Online Shop - Beauty &amp; Health","isPartOf":{"@id":"https:\/\/tiandeproducts.co.uk\/#website"},"primaryImageOfPage":{"@id":"https:\/\/tiandeproducts.co.uk\/pl\/maska-oklad-na-piety-i-lokcie2-szt\/#primaryimage"},"image":{"@id":"https:\/\/tiandeproducts.co.uk\/pl\/maska-oklad-na-piety-i-lokcie2-szt\/#primaryimage"},"thumbnailUrl":"https:\/\/tiandeproducts.co.uk\/wp-content\/uploads\/56501.png","datePublished":"2020-03-02T14:21:33+00:00","dateModified":"2021-02-05T18:13:48+00:00","breadcrumb":{"@id":"https:\/\/tiandeproducts.co.uk\/pl\/maska-oklad-na-piety-i-lokcie2-szt\/#breadcrumb"},"inLanguage":"pl-PL","potentialAction":[{"@type":"ReadAction","target":["https:\/\/tiandeproducts.co.uk\/pl\/maska-oklad-na-piety-i-lokcie2-szt\/"]}]},{"@type":"ImageObject","inLanguage":"pl-PL","@id":"https:\/\/tiandeproducts.co.uk\/pl\/maska-oklad-na-piety-i-lokcie2-szt\/#primaryimage","url":"https:\/\/tiandeproducts.co.uk\/wp-content\/uploads\/56501.png","contentUrl":"https:\/\/tiandeproducts.co.uk\/wp-content\/uploads\/56501.png","width":700,"height":700},{"@type":"BreadcrumbList","@id":"https:\/\/tiandeproducts.co.uk\/pl\/maska-oklad-na-piety-i-lokcie2-szt\/#breadcrumb","itemListElement":[{"@type":"ListItem","position":1,"name":"Home","item":"https:\/\/tiandeproducts.co.uk\/pl\/"},{"@type":"ListItem","position":2,"name":"Shop","item":"https:\/\/tiandeproducts.co.uk\/pl\/shop-2\/"},{"@type":"ListItem","position":3,"name":"Maska \u2013 ok\u0142ad na pi\u0119ty i \u0142okcie,2 szt."}]},{"@type":"WebSite","@id":"https:\/\/tiandeproducts.co.uk\/#website","url":"https:\/\/tiandeproducts.co.uk\/","name":"TianDe Online Shop - Beauty & Health","description":"Traditional Chinese Medicine","potentialAction":[{"@type":"SearchAction","target":{"@type":"EntryPoint","urlTemplate":"https:\/\/tiandeproducts.co.uk\/?s={search_term_string}"},"query-input":{"@type":"PropertyValueSpecification","valueRequired":true,"valueName":"search_term_string"}}],"inLanguage":"pl-PL"}]}},"_links":{"self":[{"href":"https:\/\/tiandeproducts.co.uk\/pl\/wp-json\/wp\/v2\/product\/13441","targetHints":{"allow":["GET"]}}],"collection":[{"href":"https:\/\/tiandeproducts.co.uk\/pl\/wp-json\/wp\/v2\/product"}],"about":[{"href":"https:\/\/tiandeproducts.co.uk\/pl\/wp-json\/wp\/v2\/types\/product"}],"replies":[{"embeddable":true,"href":"https:\/\/tiandeproducts.co.uk\/pl\/wp-json\/wp\/v2\/comments?post=13441"}],"wp:featuredmedia":[{"embeddable":true,"href":"https:\/\/tiandeproducts.co.uk\/pl\/wp-json\/wp\/v2\/media\/12684"}],"wp:attachment":[{"href":"https:\/\/tiandeproducts.co.uk\/pl\/wp-json\/wp\/v2\/media?parent=13441"}],"wp:term":[{"taxonomy":"product_cat","embeddable":true,"href":"https:\/\/tiandeproducts.co.uk\/pl\/wp-json\/wp\/v2\/product_cat?post=13441"},{"taxonomy":"product_tag","embeddable":true,"href":"https:\/\/tiandeproducts.co.uk\/pl\/wp-json\/wp\/v2\/product_tag?post=13441"}],"curies":[{"name":"wp","href":"https:\/\/api.w.org\/{rel}","templated":true}]}}