{"id":12954,"date":"2020-02-26T11:04:36","date_gmt":"2020-02-26T11:04:36","guid":{"rendered":"https:\/\/www.tiandeproducts.co.uk\/?post_type=product&#038;p=12954"},"modified":"2021-02-05T18:12:11","modified_gmt":"2021-02-05T18:12:11","slug":"plyn-micelarny-z-fitokompleksem200g","status":"publish","type":"product","link":"https:\/\/tiandeproducts.co.uk\/pl\/plyn-micelarny-z-fitokompleksem200g\/","title":{"rendered":"P\u0142yn micelarny z fitokompleksem,200g"},"content":{"rendered":"<p><img decoding=\"async\" style=\"max-width: 16px; margin-right: 5px;\" src=\"https:\/\/tiandeproducts.co.uk\/wp-content\/uploads\/points-green.svg\" \/>\u00a0Earn 9 points worth \u00a30.45 when buying this product<\/p>\n<p><strong>Pozw\u00f3l swojej sk\u00f3rze oddycha\u0107<\/strong><\/p>\n<div class=\"description\">\n<p>Woda micelarna z fitokompleksem usuwa makija\u017c jednym ruchem bez konieczno\u015bci tarcia i bez efektu \u201epandy\u201d. To produkt \u201e2 w 1\u201d, kt\u00f3ry gwarantuje skuteczne oczyszczanie i delikatn\u0105 piel\u0119gnacj\u0119.<\/p>\n<p>&#8211; Micele zawarte w produkcie dzia\u0142aj\u0105 jak magnes i przyci\u0105gaj\u0105 cz\u0105steczki brudu i makija\u017cu<br \/>\n&#8211; Fitokompleks na bazie chmielu, rumianku, kasztanowca, oczaru wirginijskiego (hamamelis), tymianku, rozmarynu i oliwy delikatnie piel\u0119gnuje sk\u00f3r\u0119, nape\u0142nia j\u0105 si\u0142\u0105 \u017cyciow\u0105 i \u015bwie\u017co\u015bci\u0105, uspokaja i \u0142agodzi zaczerwienienia<\/p>\n<p>Woda micelarna jest odpowiednia dla wszystkich typ\u00f3w sk\u00f3ry, nawet dla wra\u017cliwej sk\u00f3ry wok\u00f3\u0142 oczu.<\/p>\n<\/div>\n<div class=\"instruction\">\n<p><strong>ZASTOSOWANIE:<\/strong><\/p>\n<p>Zwil\u017c bawe\u0142niany wacik wod\u0105 micelarn\u0105, oczy\u015b\u0107 sk\u00f3r\u0119 i na koniec zmyj resztki preparatu wod\u0105.<\/p>\n<\/div>\n<p>&nbsp;<\/p>\n","protected":false},"excerpt":{"rendered":"<p>\u00a0Earn 9 points worth \u00a30.45 when buying this product Pozw\u00f3l swojej sk\u00f3rze oddycha\u0107 Woda micelarna z fitokompleksem usuwa makija\u017c jednym ruchem bez konieczno\u015bci tarcia i bez efektu \u201epandy\u201d. To produkt \u201e2 w 1\u201d, kt\u00f3ry gwarantuje skuteczne oczyszczanie i delikatn\u0105 piel\u0119gnacj\u0119. &#8211; Micele zawarte w produkcie dzia\u0142aj\u0105 jak magnes i przyci\u0105gaj\u0105 cz\u0105steczki brudu i makija\u017cu &#8211; [&#8230;]\n","protected":false},"featured_media":12951,"comment_status":"open","ping_status":"closed","template":"","meta":[],"product_cat":[746,877,592,761],"product_tag":[],"class_list":{"0":"post-12954","1":"product","2":"type-product","3":"status-publish","4":"has-post-thumbnail","6":"product_cat-do-twarzy","7":"product_cat-mycie-twarzy-i-peelingi","8":"product_cat-spa-technology-pl-2","9":"product_cat-tonery-i-plyny","11":"first","12":"instock","13":"shipping-taxable","14":"purchasable","15":"product-type-simple"},"yoast_head":"<!-- This site is optimized with the Yoast SEO plugin v23.6 - https:\/\/yoast.com\/wordpress\/plugins\/seo\/ -->\n<title>P\u0142yn micelarny z fitokompleksem,200g - TianDe Online Shop - Beauty &amp; Health<\/title>\n<meta name=\"robots\" content=\"index, follow, max-snippet:-1, max-image-preview:large, max-video-preview:-1\" \/>\n<link rel=\"canonical\" href=\"https:\/\/tiandeproducts.co.uk\/pl\/plyn-micelarny-z-fitokompleksem200g\/\" \/>\n<meta property=\"og:locale\" content=\"pl_PL\" \/>\n<meta property=\"og:type\" content=\"article\" \/>\n<meta property=\"og:title\" content=\"P\u0142yn micelarny z fitokompleksem,200g - TianDe Online Shop - Beauty &amp; Health\" \/>\n<meta property=\"og:description\" content=\"\u00a0Earn 9 points worth \u00a30.45 when buying this product Pozw\u00f3l swojej sk\u00f3rze oddycha\u0107 Woda micelarna z fitokompleksem usuwa makija\u017c jednym ruchem bez konieczno\u015bci tarcia i bez efektu \u201epandy\u201d. To produkt \u201e2 w 1\u201d, kt\u00f3ry gwarantuje skuteczne oczyszczanie i delikatn\u0105 piel\u0119gnacj\u0119. &#8211; Micele zawarte w produkcie dzia\u0142aj\u0105 jak magnes i przyci\u0105gaj\u0105 cz\u0105steczki brudu i makija\u017cu &#8211; [...]\" \/>\n<meta property=\"og:url\" content=\"https:\/\/tiandeproducts.co.uk\/pl\/plyn-micelarny-z-fitokompleksem200g\/\" \/>\n<meta property=\"og:site_name\" content=\"TianDe Online Shop - Beauty &amp; Health\" \/>\n<meta property=\"article:publisher\" content=\"https:\/\/www.facebook.com\/tiande.products.england\/\" \/>\n<meta property=\"article:modified_time\" content=\"2021-02-05T18:12:11+00:00\" \/>\n<meta property=\"og:image\" content=\"https:\/\/tiandeproducts.co.uk\/wp-content\/uploads\/10206.png\" \/>\n\t<meta property=\"og:image:width\" content=\"700\" \/>\n\t<meta property=\"og:image:height\" content=\"700\" \/>\n\t<meta property=\"og:image:type\" content=\"image\/png\" \/>\n<meta name=\"twitter:card\" content=\"summary_large_image\" \/>\n<meta name=\"twitter:label1\" content=\"Szacowany czas czytania\" \/>\n\t<meta name=\"twitter:data1\" content=\"1 minuta\" \/>\n<script type=\"application\/ld+json\" class=\"yoast-schema-graph\">{\"@context\":\"https:\/\/schema.org\",\"@graph\":[{\"@type\":\"WebPage\",\"@id\":\"https:\/\/tiandeproducts.co.uk\/pl\/plyn-micelarny-z-fitokompleksem200g\/\",\"url\":\"https:\/\/tiandeproducts.co.uk\/pl\/plyn-micelarny-z-fitokompleksem200g\/\",\"name\":\"P\u0142yn micelarny z fitokompleksem,200g - TianDe Online Shop - Beauty &amp; Health\",\"isPartOf\":{\"@id\":\"https:\/\/tiandeproducts.co.uk\/#website\"},\"primaryImageOfPage\":{\"@id\":\"https:\/\/tiandeproducts.co.uk\/pl\/plyn-micelarny-z-fitokompleksem200g\/#primaryimage\"},\"image\":{\"@id\":\"https:\/\/tiandeproducts.co.uk\/pl\/plyn-micelarny-z-fitokompleksem200g\/#primaryimage\"},\"thumbnailUrl\":\"https:\/\/tiandeproducts.co.uk\/wp-content\/uploads\/10206.png\",\"datePublished\":\"2020-02-26T11:04:36+00:00\",\"dateModified\":\"2021-02-05T18:12:11+00:00\",\"breadcrumb\":{\"@id\":\"https:\/\/tiandeproducts.co.uk\/pl\/plyn-micelarny-z-fitokompleksem200g\/#breadcrumb\"},\"inLanguage\":\"pl-PL\",\"potentialAction\":[{\"@type\":\"ReadAction\",\"target\":[\"https:\/\/tiandeproducts.co.uk\/pl\/plyn-micelarny-z-fitokompleksem200g\/\"]}]},{\"@type\":\"ImageObject\",\"inLanguage\":\"pl-PL\",\"@id\":\"https:\/\/tiandeproducts.co.uk\/pl\/plyn-micelarny-z-fitokompleksem200g\/#primaryimage\",\"url\":\"https:\/\/tiandeproducts.co.uk\/wp-content\/uploads\/10206.png\",\"contentUrl\":\"https:\/\/tiandeproducts.co.uk\/wp-content\/uploads\/10206.png\",\"width\":700,\"height\":700},{\"@type\":\"BreadcrumbList\",\"@id\":\"https:\/\/tiandeproducts.co.uk\/pl\/plyn-micelarny-z-fitokompleksem200g\/#breadcrumb\",\"itemListElement\":[{\"@type\":\"ListItem\",\"position\":1,\"name\":\"Home\",\"item\":\"https:\/\/tiandeproducts.co.uk\/pl\/\"},{\"@type\":\"ListItem\",\"position\":2,\"name\":\"Shop\",\"item\":\"https:\/\/tiandeproducts.co.uk\/pl\/shop-2\/\"},{\"@type\":\"ListItem\",\"position\":3,\"name\":\"P\u0142yn micelarny z fitokompleksem,200g\"}]},{\"@type\":\"WebSite\",\"@id\":\"https:\/\/tiandeproducts.co.uk\/#website\",\"url\":\"https:\/\/tiandeproducts.co.uk\/\",\"name\":\"TianDe Online Shop - Beauty & Health\",\"description\":\"Traditional Chinese Medicine\",\"potentialAction\":[{\"@type\":\"SearchAction\",\"target\":{\"@type\":\"EntryPoint\",\"urlTemplate\":\"https:\/\/tiandeproducts.co.uk\/?s={search_term_string}\"},\"query-input\":{\"@type\":\"PropertyValueSpecification\",\"valueRequired\":true,\"valueName\":\"search_term_string\"}}],\"inLanguage\":\"pl-PL\"}]}<\/script>\n<!-- \/ Yoast SEO plugin. -->","yoast_head_json":{"title":"P\u0142yn micelarny z fitokompleksem,200g - TianDe Online Shop - Beauty &amp; Health","robots":{"index":"index","follow":"follow","max-snippet":"max-snippet:-1","max-image-preview":"max-image-preview:large","max-video-preview":"max-video-preview:-1"},"canonical":"https:\/\/tiandeproducts.co.uk\/pl\/plyn-micelarny-z-fitokompleksem200g\/","og_locale":"pl_PL","og_type":"article","og_title":"P\u0142yn micelarny z fitokompleksem,200g - TianDe Online Shop - Beauty &amp; Health","og_description":"\u00a0Earn 9 points worth \u00a30.45 when buying this product Pozw\u00f3l swojej sk\u00f3rze oddycha\u0107 Woda micelarna z fitokompleksem usuwa makija\u017c jednym ruchem bez konieczno\u015bci tarcia i bez efektu \u201epandy\u201d. To produkt \u201e2 w 1\u201d, kt\u00f3ry gwarantuje skuteczne oczyszczanie i delikatn\u0105 piel\u0119gnacj\u0119. &#8211; Micele zawarte w produkcie dzia\u0142aj\u0105 jak magnes i przyci\u0105gaj\u0105 cz\u0105steczki brudu i makija\u017cu &#8211; [...]","og_url":"https:\/\/tiandeproducts.co.uk\/pl\/plyn-micelarny-z-fitokompleksem200g\/","og_site_name":"TianDe Online Shop - Beauty &amp; Health","article_publisher":"https:\/\/www.facebook.com\/tiande.products.england\/","article_modified_time":"2021-02-05T18:12:11+00:00","og_image":[{"width":700,"height":700,"url":"https:\/\/tiandeproducts.co.uk\/wp-content\/uploads\/10206.png","type":"image\/png"}],"twitter_card":"summary_large_image","twitter_misc":{"Szacowany czas czytania":"1 minuta"},"schema":{"@context":"https:\/\/schema.org","@graph":[{"@type":"WebPage","@id":"https:\/\/tiandeproducts.co.uk\/pl\/plyn-micelarny-z-fitokompleksem200g\/","url":"https:\/\/tiandeproducts.co.uk\/pl\/plyn-micelarny-z-fitokompleksem200g\/","name":"P\u0142yn micelarny z fitokompleksem,200g - TianDe Online Shop - Beauty &amp; Health","isPartOf":{"@id":"https:\/\/tiandeproducts.co.uk\/#website"},"primaryImageOfPage":{"@id":"https:\/\/tiandeproducts.co.uk\/pl\/plyn-micelarny-z-fitokompleksem200g\/#primaryimage"},"image":{"@id":"https:\/\/tiandeproducts.co.uk\/pl\/plyn-micelarny-z-fitokompleksem200g\/#primaryimage"},"thumbnailUrl":"https:\/\/tiandeproducts.co.uk\/wp-content\/uploads\/10206.png","datePublished":"2020-02-26T11:04:36+00:00","dateModified":"2021-02-05T18:12:11+00:00","breadcrumb":{"@id":"https:\/\/tiandeproducts.co.uk\/pl\/plyn-micelarny-z-fitokompleksem200g\/#breadcrumb"},"inLanguage":"pl-PL","potentialAction":[{"@type":"ReadAction","target":["https:\/\/tiandeproducts.co.uk\/pl\/plyn-micelarny-z-fitokompleksem200g\/"]}]},{"@type":"ImageObject","inLanguage":"pl-PL","@id":"https:\/\/tiandeproducts.co.uk\/pl\/plyn-micelarny-z-fitokompleksem200g\/#primaryimage","url":"https:\/\/tiandeproducts.co.uk\/wp-content\/uploads\/10206.png","contentUrl":"https:\/\/tiandeproducts.co.uk\/wp-content\/uploads\/10206.png","width":700,"height":700},{"@type":"BreadcrumbList","@id":"https:\/\/tiandeproducts.co.uk\/pl\/plyn-micelarny-z-fitokompleksem200g\/#breadcrumb","itemListElement":[{"@type":"ListItem","position":1,"name":"Home","item":"https:\/\/tiandeproducts.co.uk\/pl\/"},{"@type":"ListItem","position":2,"name":"Shop","item":"https:\/\/tiandeproducts.co.uk\/pl\/shop-2\/"},{"@type":"ListItem","position":3,"name":"P\u0142yn micelarny z fitokompleksem,200g"}]},{"@type":"WebSite","@id":"https:\/\/tiandeproducts.co.uk\/#website","url":"https:\/\/tiandeproducts.co.uk\/","name":"TianDe Online Shop - Beauty & Health","description":"Traditional Chinese Medicine","potentialAction":[{"@type":"SearchAction","target":{"@type":"EntryPoint","urlTemplate":"https:\/\/tiandeproducts.co.uk\/?s={search_term_string}"},"query-input":{"@type":"PropertyValueSpecification","valueRequired":true,"valueName":"search_term_string"}}],"inLanguage":"pl-PL"}]}},"_links":{"self":[{"href":"https:\/\/tiandeproducts.co.uk\/pl\/wp-json\/wp\/v2\/product\/12954","targetHints":{"allow":["GET"]}}],"collection":[{"href":"https:\/\/tiandeproducts.co.uk\/pl\/wp-json\/wp\/v2\/product"}],"about":[{"href":"https:\/\/tiandeproducts.co.uk\/pl\/wp-json\/wp\/v2\/types\/product"}],"replies":[{"embeddable":true,"href":"https:\/\/tiandeproducts.co.uk\/pl\/wp-json\/wp\/v2\/comments?post=12954"}],"wp:featuredmedia":[{"embeddable":true,"href":"https:\/\/tiandeproducts.co.uk\/pl\/wp-json\/wp\/v2\/media\/12951"}],"wp:attachment":[{"href":"https:\/\/tiandeproducts.co.uk\/pl\/wp-json\/wp\/v2\/media?parent=12954"}],"wp:term":[{"taxonomy":"product_cat","embeddable":true,"href":"https:\/\/tiandeproducts.co.uk\/pl\/wp-json\/wp\/v2\/product_cat?post=12954"},{"taxonomy":"product_tag","embeddable":true,"href":"https:\/\/tiandeproducts.co.uk\/pl\/wp-json\/wp\/v2\/product_tag?post=12954"}],"curies":[{"name":"wp","href":"https:\/\/api.w.org\/{rel}","templated":true}]}}