{"id":12676,"date":"2020-02-21T12:15:38","date_gmt":"2020-02-21T12:17:21","guid":{"rendered":"https:\/\/www.tiandeproducts.co.uk\/?post_type=product&#038;p=12676"},"modified":"2024-02-27T18:30:04","modified_gmt":"2024-02-27T18:30:04","slug":"maska-zluszczajaca-do-twarzy-placenta80g","status":"publish","type":"product","link":"https:\/\/tiandeproducts.co.uk\/pl\/maska-zluszczajaca-do-twarzy-placenta80g\/","title":{"rendered":"Maska z\u0142uszczaj\u0105ca do twarzy \u201ePlacenta\u201c,80g"},"content":{"rendered":"<div class=\"description\">\n<p><img decoding=\"async\" style=\"max-width: 16px; margin-right: 5px;\" src=\"https:\/\/tiandeproducts.co.uk\/wp-content\/uploads\/points-green.svg\" \/>\u00a0Earn 9 points worth \u00a30.45 when buying this product<\/p>\n<p>Maska \u2013 folia kompleksowo dzia\u0142a na sk\u00f3r\u0119 twarzy, zast\u0119puj\u0105c mechaniczne oczyszczenie. Maska g\u0142\u0119boko oczyszcza i uwalnia sk\u00f3r\u0119 z obumar\u0142ych kom\u00f3rek. Jej aktywne sk\u0142adniki od\u017cywiaj\u0105 i nawil\u017caj\u0105, stymuluj\u0105c mechanizmy odnowy kom\u00f3rek, wyr\u00f3wnuj\u0105c kolor i struktur\u0119 twarzy. Maska dzia\u0142a profilaktycznie na zmarszczki, odm\u0142adzaj\u0105co i napinaj\u0105co.<\/p>\n<\/div>\n<div class=\"instruction\">\n<p><strong>ZASTOSOWANIE:<\/strong><\/p>\n<p>Na\u0142\u00f3\u017c g\u0119st\u0105 warstw\u0119 maski na oczyszczon\u0105 such\u0105 twarz, omijaj\u0105c usta, brwi i okolice oczu. Pozostaw na 18-20 minut. Usuwaj mask\u0119 w kierunku z do\u0142u do g\u00f3ry, oddzielaj\u0105c jej kraw\u0119dzie od sk\u00f3ry. Je\u015bli na twarzy pozosta\u0142y niewielkie fragmenty folii \u2013 przetrzyj twarz wilgotnym wacikiem.<\/p>\n<\/div>\n","protected":false},"excerpt":{"rendered":"<p>\u00a0Earn 9 points worth \u00a30.45 when buying this product Maska \u2013 folia kompleksowo dzia\u0142a na sk\u00f3r\u0119 twarzy, zast\u0119puj\u0105c mechaniczne oczyszczenie. Maska g\u0142\u0119boko oczyszcza i uwalnia sk\u00f3r\u0119 z obumar\u0142ych kom\u00f3rek. Jej aktywne sk\u0142adniki od\u017cywiaj\u0105 i nawil\u017caj\u0105, stymuluj\u0105c mechanizmy odnowy kom\u00f3rek, wyr\u00f3wnuj\u0105c kolor i struktur\u0119 twarzy. Maska dzia\u0142a profilaktycznie na zmarszczki, odm\u0142adzaj\u0105co i napinaj\u0105co. ZASTOSOWANIE: Na\u0142\u00f3\u017c g\u0119st\u0105 [&#8230;]\n","protected":false},"featured_media":12673,"comment_status":"open","ping_status":"closed","template":"","meta":[],"product_cat":[746,864,769,753],"product_tag":[],"class_list":{"0":"post-12676","1":"product","2":"type-product","3":"status-publish","4":"has-post-thumbnail","6":"product_cat-do-twarzy","7":"product_cat-jedrnosc-i-elastycznosc","8":"product_cat-maseczki-na-twarz","9":"product_cat-podnoszenie","11":"first","12":"outofstock","13":"shipping-taxable","14":"purchasable","15":"product-type-simple"},"yoast_head":"<!-- This site is optimized with the Yoast SEO plugin v23.6 - https:\/\/yoast.com\/wordpress\/plugins\/seo\/ -->\n<title>Maska z\u0142uszczaj\u0105ca do twarzy \u201ePlacenta\u201c,80g - TianDe Online Shop - Beauty &amp; Health<\/title>\n<meta name=\"robots\" content=\"index, follow, max-snippet:-1, max-image-preview:large, max-video-preview:-1\" \/>\n<link rel=\"canonical\" href=\"https:\/\/tiandeproducts.co.uk\/pl\/maska-zluszczajaca-do-twarzy-placenta80g\/\" \/>\n<meta property=\"og:locale\" content=\"pl_PL\" \/>\n<meta property=\"og:type\" content=\"article\" \/>\n<meta property=\"og:title\" content=\"Maska z\u0142uszczaj\u0105ca do twarzy \u201ePlacenta\u201c,80g - TianDe Online Shop - Beauty &amp; Health\" \/>\n<meta property=\"og:description\" content=\"\u00a0Earn 9 points worth \u00a30.45 when buying this product Maska \u2013 folia kompleksowo dzia\u0142a na sk\u00f3r\u0119 twarzy, zast\u0119puj\u0105c mechaniczne oczyszczenie. Maska g\u0142\u0119boko oczyszcza i uwalnia sk\u00f3r\u0119 z obumar\u0142ych kom\u00f3rek. Jej aktywne sk\u0142adniki od\u017cywiaj\u0105 i nawil\u017caj\u0105, stymuluj\u0105c mechanizmy odnowy kom\u00f3rek, wyr\u00f3wnuj\u0105c kolor i struktur\u0119 twarzy. Maska dzia\u0142a profilaktycznie na zmarszczki, odm\u0142adzaj\u0105co i napinaj\u0105co. ZASTOSOWANIE: Na\u0142\u00f3\u017c g\u0119st\u0105 [...]\" \/>\n<meta property=\"og:url\" content=\"https:\/\/tiandeproducts.co.uk\/pl\/maska-zluszczajaca-do-twarzy-placenta80g\/\" \/>\n<meta property=\"og:site_name\" content=\"TianDe Online Shop - Beauty &amp; Health\" \/>\n<meta property=\"article:publisher\" content=\"https:\/\/www.facebook.com\/tiande.products.england\/\" \/>\n<meta property=\"article:modified_time\" content=\"2024-02-27T18:30:04+00:00\" \/>\n<meta property=\"og:image\" content=\"https:\/\/tiandeproducts.co.uk\/wp-content\/uploads\/50202_new.png\" \/>\n\t<meta property=\"og:image:width\" content=\"700\" \/>\n\t<meta property=\"og:image:height\" content=\"700\" \/>\n\t<meta property=\"og:image:type\" content=\"image\/png\" \/>\n<meta name=\"twitter:card\" content=\"summary_large_image\" \/>\n<meta name=\"twitter:label1\" content=\"Szacowany czas czytania\" \/>\n\t<meta name=\"twitter:data1\" content=\"1 minuta\" \/>\n<script type=\"application\/ld+json\" class=\"yoast-schema-graph\">{\"@context\":\"https:\/\/schema.org\",\"@graph\":[{\"@type\":\"WebPage\",\"@id\":\"https:\/\/tiandeproducts.co.uk\/pl\/maska-zluszczajaca-do-twarzy-placenta80g\/\",\"url\":\"https:\/\/tiandeproducts.co.uk\/pl\/maska-zluszczajaca-do-twarzy-placenta80g\/\",\"name\":\"Maska z\u0142uszczaj\u0105ca do twarzy \u201ePlacenta\u201c,80g - TianDe Online Shop - Beauty &amp; Health\",\"isPartOf\":{\"@id\":\"https:\/\/tiandeproducts.co.uk\/#website\"},\"primaryImageOfPage\":{\"@id\":\"https:\/\/tiandeproducts.co.uk\/pl\/maska-zluszczajaca-do-twarzy-placenta80g\/#primaryimage\"},\"image\":{\"@id\":\"https:\/\/tiandeproducts.co.uk\/pl\/maska-zluszczajaca-do-twarzy-placenta80g\/#primaryimage\"},\"thumbnailUrl\":\"https:\/\/tiandeproducts.co.uk\/wp-content\/uploads\/50202_new.png\",\"datePublished\":\"2020-02-21T12:17:21+00:00\",\"dateModified\":\"2024-02-27T18:30:04+00:00\",\"breadcrumb\":{\"@id\":\"https:\/\/tiandeproducts.co.uk\/pl\/maska-zluszczajaca-do-twarzy-placenta80g\/#breadcrumb\"},\"inLanguage\":\"pl-PL\",\"potentialAction\":[{\"@type\":\"ReadAction\",\"target\":[\"https:\/\/tiandeproducts.co.uk\/pl\/maska-zluszczajaca-do-twarzy-placenta80g\/\"]}]},{\"@type\":\"ImageObject\",\"inLanguage\":\"pl-PL\",\"@id\":\"https:\/\/tiandeproducts.co.uk\/pl\/maska-zluszczajaca-do-twarzy-placenta80g\/#primaryimage\",\"url\":\"https:\/\/tiandeproducts.co.uk\/wp-content\/uploads\/50202_new.png\",\"contentUrl\":\"https:\/\/tiandeproducts.co.uk\/wp-content\/uploads\/50202_new.png\",\"width\":700,\"height\":700},{\"@type\":\"BreadcrumbList\",\"@id\":\"https:\/\/tiandeproducts.co.uk\/pl\/maska-zluszczajaca-do-twarzy-placenta80g\/#breadcrumb\",\"itemListElement\":[{\"@type\":\"ListItem\",\"position\":1,\"name\":\"Home\",\"item\":\"https:\/\/tiandeproducts.co.uk\/pl\/\"},{\"@type\":\"ListItem\",\"position\":2,\"name\":\"Shop\",\"item\":\"https:\/\/tiandeproducts.co.uk\/pl\/shop-2\/\"},{\"@type\":\"ListItem\",\"position\":3,\"name\":\"Maska z\u0142uszczaj\u0105ca do twarzy \u201ePlacenta\u201c,80g\"}]},{\"@type\":\"WebSite\",\"@id\":\"https:\/\/tiandeproducts.co.uk\/#website\",\"url\":\"https:\/\/tiandeproducts.co.uk\/\",\"name\":\"TianDe Online Shop - Beauty & Health\",\"description\":\"Traditional Chinese Medicine\",\"potentialAction\":[{\"@type\":\"SearchAction\",\"target\":{\"@type\":\"EntryPoint\",\"urlTemplate\":\"https:\/\/tiandeproducts.co.uk\/?s={search_term_string}\"},\"query-input\":{\"@type\":\"PropertyValueSpecification\",\"valueRequired\":true,\"valueName\":\"search_term_string\"}}],\"inLanguage\":\"pl-PL\"}]}<\/script>\n<!-- \/ Yoast SEO plugin. -->","yoast_head_json":{"title":"Maska z\u0142uszczaj\u0105ca do twarzy \u201ePlacenta\u201c,80g - TianDe Online Shop - Beauty &amp; Health","robots":{"index":"index","follow":"follow","max-snippet":"max-snippet:-1","max-image-preview":"max-image-preview:large","max-video-preview":"max-video-preview:-1"},"canonical":"https:\/\/tiandeproducts.co.uk\/pl\/maska-zluszczajaca-do-twarzy-placenta80g\/","og_locale":"pl_PL","og_type":"article","og_title":"Maska z\u0142uszczaj\u0105ca do twarzy \u201ePlacenta\u201c,80g - TianDe Online Shop - Beauty &amp; Health","og_description":"\u00a0Earn 9 points worth \u00a30.45 when buying this product Maska \u2013 folia kompleksowo dzia\u0142a na sk\u00f3r\u0119 twarzy, zast\u0119puj\u0105c mechaniczne oczyszczenie. Maska g\u0142\u0119boko oczyszcza i uwalnia sk\u00f3r\u0119 z obumar\u0142ych kom\u00f3rek. Jej aktywne sk\u0142adniki od\u017cywiaj\u0105 i nawil\u017caj\u0105, stymuluj\u0105c mechanizmy odnowy kom\u00f3rek, wyr\u00f3wnuj\u0105c kolor i struktur\u0119 twarzy. Maska dzia\u0142a profilaktycznie na zmarszczki, odm\u0142adzaj\u0105co i napinaj\u0105co. ZASTOSOWANIE: Na\u0142\u00f3\u017c g\u0119st\u0105 [...]","og_url":"https:\/\/tiandeproducts.co.uk\/pl\/maska-zluszczajaca-do-twarzy-placenta80g\/","og_site_name":"TianDe Online Shop - Beauty &amp; Health","article_publisher":"https:\/\/www.facebook.com\/tiande.products.england\/","article_modified_time":"2024-02-27T18:30:04+00:00","og_image":[{"width":700,"height":700,"url":"https:\/\/tiandeproducts.co.uk\/wp-content\/uploads\/50202_new.png","type":"image\/png"}],"twitter_card":"summary_large_image","twitter_misc":{"Szacowany czas czytania":"1 minuta"},"schema":{"@context":"https:\/\/schema.org","@graph":[{"@type":"WebPage","@id":"https:\/\/tiandeproducts.co.uk\/pl\/maska-zluszczajaca-do-twarzy-placenta80g\/","url":"https:\/\/tiandeproducts.co.uk\/pl\/maska-zluszczajaca-do-twarzy-placenta80g\/","name":"Maska z\u0142uszczaj\u0105ca do twarzy \u201ePlacenta\u201c,80g - TianDe Online Shop - Beauty &amp; Health","isPartOf":{"@id":"https:\/\/tiandeproducts.co.uk\/#website"},"primaryImageOfPage":{"@id":"https:\/\/tiandeproducts.co.uk\/pl\/maska-zluszczajaca-do-twarzy-placenta80g\/#primaryimage"},"image":{"@id":"https:\/\/tiandeproducts.co.uk\/pl\/maska-zluszczajaca-do-twarzy-placenta80g\/#primaryimage"},"thumbnailUrl":"https:\/\/tiandeproducts.co.uk\/wp-content\/uploads\/50202_new.png","datePublished":"2020-02-21T12:17:21+00:00","dateModified":"2024-02-27T18:30:04+00:00","breadcrumb":{"@id":"https:\/\/tiandeproducts.co.uk\/pl\/maska-zluszczajaca-do-twarzy-placenta80g\/#breadcrumb"},"inLanguage":"pl-PL","potentialAction":[{"@type":"ReadAction","target":["https:\/\/tiandeproducts.co.uk\/pl\/maska-zluszczajaca-do-twarzy-placenta80g\/"]}]},{"@type":"ImageObject","inLanguage":"pl-PL","@id":"https:\/\/tiandeproducts.co.uk\/pl\/maska-zluszczajaca-do-twarzy-placenta80g\/#primaryimage","url":"https:\/\/tiandeproducts.co.uk\/wp-content\/uploads\/50202_new.png","contentUrl":"https:\/\/tiandeproducts.co.uk\/wp-content\/uploads\/50202_new.png","width":700,"height":700},{"@type":"BreadcrumbList","@id":"https:\/\/tiandeproducts.co.uk\/pl\/maska-zluszczajaca-do-twarzy-placenta80g\/#breadcrumb","itemListElement":[{"@type":"ListItem","position":1,"name":"Home","item":"https:\/\/tiandeproducts.co.uk\/pl\/"},{"@type":"ListItem","position":2,"name":"Shop","item":"https:\/\/tiandeproducts.co.uk\/pl\/shop-2\/"},{"@type":"ListItem","position":3,"name":"Maska z\u0142uszczaj\u0105ca do twarzy \u201ePlacenta\u201c,80g"}]},{"@type":"WebSite","@id":"https:\/\/tiandeproducts.co.uk\/#website","url":"https:\/\/tiandeproducts.co.uk\/","name":"TianDe Online Shop - Beauty & Health","description":"Traditional Chinese Medicine","potentialAction":[{"@type":"SearchAction","target":{"@type":"EntryPoint","urlTemplate":"https:\/\/tiandeproducts.co.uk\/?s={search_term_string}"},"query-input":{"@type":"PropertyValueSpecification","valueRequired":true,"valueName":"search_term_string"}}],"inLanguage":"pl-PL"}]}},"_links":{"self":[{"href":"https:\/\/tiandeproducts.co.uk\/pl\/wp-json\/wp\/v2\/product\/12676","targetHints":{"allow":["GET"]}}],"collection":[{"href":"https:\/\/tiandeproducts.co.uk\/pl\/wp-json\/wp\/v2\/product"}],"about":[{"href":"https:\/\/tiandeproducts.co.uk\/pl\/wp-json\/wp\/v2\/types\/product"}],"replies":[{"embeddable":true,"href":"https:\/\/tiandeproducts.co.uk\/pl\/wp-json\/wp\/v2\/comments?post=12676"}],"wp:featuredmedia":[{"embeddable":true,"href":"https:\/\/tiandeproducts.co.uk\/pl\/wp-json\/wp\/v2\/media\/12673"}],"wp:attachment":[{"href":"https:\/\/tiandeproducts.co.uk\/pl\/wp-json\/wp\/v2\/media?parent=12676"}],"wp:term":[{"taxonomy":"product_cat","embeddable":true,"href":"https:\/\/tiandeproducts.co.uk\/pl\/wp-json\/wp\/v2\/product_cat?post=12676"},{"taxonomy":"product_tag","embeddable":true,"href":"https:\/\/tiandeproducts.co.uk\/pl\/wp-json\/wp\/v2\/product_tag?post=12676"}],"curies":[{"name":"wp","href":"https:\/\/api.w.org\/{rel}","templated":true}]}}