{"id":12669,"date":"2020-02-21T12:02:55","date_gmt":"2020-02-21T12:07:05","guid":{"rendered":"https:\/\/www.tiandeproducts.co.uk\/?post_type=product&#038;p=12669"},"modified":"2021-02-05T18:16:00","modified_gmt":"2021-02-05T18:16:00","slug":"regenerujacy-i-ochronny-fluid-do-twarzy110ml","status":"publish","type":"product","link":"https:\/\/tiandeproducts.co.uk\/pl\/regenerujacy-i-ochronny-fluid-do-twarzy110ml\/","title":{"rendered":"Regeneruj\u0105cy i ochronny fluid do twarzy,110ml"},"content":{"rendered":"<p><img decoding=\"async\" style=\"max-width: 16px; margin-right: 5px;\" src=\"https:\/\/tiandeproducts.co.uk\/wp-content\/uploads\/points-green.svg\" \/>\u00a0Earn 29 points worth \u00a31.45 when buying this product<\/p>\n<p><strong>Do\u0142aduj sk\u00f3rze baterie. Sk\u00f3ra bez objaw\u00f3w zm\u0119czenia i stresu!<\/strong><\/p>\n<p>W dzisiejszym \u015bwiecie nie mo\u017cemy sobie pozwoli\u0107 na prac\u0119 bez nowoczesnej technologii \u2013 komputery i smartfony s\u0105 wszechobecne\u2026<\/p>\n<p>Naukowcy odkryli, \u017ce wszystkie monitory, ekrany, a nawet \u017car\u00f3wki energooszcz\u0119dne emituj\u0105 niebieskie \u015bwiat\u0142o, kt\u00f3re ma negatywny wp\u0142yw na sk\u00f3r\u0119. Promieniowanie HEV wnika g\u0142\u0119boko w warstwy sk\u00f3ry, powoduj\u0105c przedwczesne starzenie si\u0119 i pigmentacj\u0119. Jak si\u0119 przed tym zabezpieczy\u0107? Silnymi przeciwutleniaczami!<\/p>\n<p>Regeneracyjny i ochronny fluid do twarzy Vita Derm opiera si\u0119 na bazie opatentowanego kompleksu antyoksydacyjnego Myramaze\u2122, witaminy C, zwi\u0105zk\u00f3w nawil\u017caj\u0105cych i regeneruj\u0105cych:<br \/>\n&#8211; chroni sk\u00f3r\u0119 przed promieniowaniem HEV, zapobiegaj\u0105c \u201ecyfrowemu starzeniu si\u0119;<br \/>\n&#8211; chroni lipidy sk\u00f3ry przed oksydacj\u0105;<br \/>\n&#8211; wzmacnia barier\u0119 sk\u00f3rn\u0105;<br \/>\n&#8211; wyg\u0142adza zmarszczki mimiczne;<br \/>\n&#8211; g\u0142\u0119boko nawil\u017ca; zapewnia d\u0142ugotrwa\u0142\u0105 \u015bwie\u017co\u015b\u0107.<\/p>\n<p>Regeneracyjny i ochronny fluid do twarzy jest odpowiedni dla wszystkich, kt\u00f3rzy u\u017cywaj\u0105 smartfon\u00f3w i pracuj\u0105 przy komputerach. Dla wszystkich i zawsze! Odpowiedni dla wszystkich typ\u00f3w sk\u00f3ry.<\/p>\n<div class=\"instruction\">\n<p><strong>ZASTOSOWANIE:<\/strong><\/p>\n<p>Nak\u0142ada\u0107 na sk\u00f3r\u0119 opuszkami palc\u00f3w. Stosowa\u0107 przed naniesieniem kremu lub samodzielnie jako preparat do piel\u0119gnacji sk\u00f3ry. Nie sp\u0142ukiwa\u0107. W celu zwi\u0119kszenia efektu stosowa\u0107 rano i wieczorem.<\/p>\n<\/div>\n","protected":false},"excerpt":{"rendered":"<p>\u00a0Earn 29 points worth \u00a31.45 when buying this product Do\u0142aduj sk\u00f3rze baterie. Sk\u00f3ra bez objaw\u00f3w zm\u0119czenia i stresu! W dzisiejszym \u015bwiecie nie mo\u017cemy sobie pozwoli\u0107 na prac\u0119 bez nowoczesnej technologii \u2013 komputery i smartfony s\u0105 wszechobecne\u2026 Naukowcy odkryli, \u017ce wszystkie monitory, ekrany, a nawet \u017car\u00f3wki energooszcz\u0119dne emituj\u0105 niebieskie \u015bwiat\u0142o, kt\u00f3re ma negatywny wp\u0142yw na sk\u00f3r\u0119. [&#8230;]\n","protected":false},"featured_media":12665,"comment_status":"open","ping_status":"closed","template":"","meta":[],"product_cat":[746,874,761,1322],"product_tag":[],"class_list":{"0":"post-12669","1":"product","2":"type-product","3":"status-publish","4":"has-post-thumbnail","6":"product_cat-do-twarzy","7":"product_cat-opieki-dla-skory-wrazliwej","8":"product_cat-tonery-i-plyny","9":"product_cat-vita-derm-pl","11":"first","12":"instock","13":"shipping-taxable","14":"purchasable","15":"product-type-simple"},"yoast_head":"<!-- This site is optimized with the Yoast SEO plugin v23.6 - https:\/\/yoast.com\/wordpress\/plugins\/seo\/ -->\n<title>Regeneruj\u0105cy i ochronny fluid do twarzy,110ml - TianDe Online Shop - Beauty &amp; Health<\/title>\n<meta name=\"robots\" content=\"index, follow, max-snippet:-1, max-image-preview:large, max-video-preview:-1\" \/>\n<link rel=\"canonical\" href=\"https:\/\/tiandeproducts.co.uk\/pl\/regenerujacy-i-ochronny-fluid-do-twarzy110ml\/\" \/>\n<meta property=\"og:locale\" content=\"pl_PL\" \/>\n<meta property=\"og:type\" content=\"article\" \/>\n<meta property=\"og:title\" content=\"Regeneruj\u0105cy i ochronny fluid do twarzy,110ml - TianDe Online Shop - Beauty &amp; Health\" \/>\n<meta property=\"og:description\" content=\"\u00a0Earn 29 points worth \u00a31.45 when buying this product Do\u0142aduj sk\u00f3rze baterie. Sk\u00f3ra bez objaw\u00f3w zm\u0119czenia i stresu! W dzisiejszym \u015bwiecie nie mo\u017cemy sobie pozwoli\u0107 na prac\u0119 bez nowoczesnej technologii \u2013 komputery i smartfony s\u0105 wszechobecne\u2026 Naukowcy odkryli, \u017ce wszystkie monitory, ekrany, a nawet \u017car\u00f3wki energooszcz\u0119dne emituj\u0105 niebieskie \u015bwiat\u0142o, kt\u00f3re ma negatywny wp\u0142yw na sk\u00f3r\u0119. [...]\" \/>\n<meta property=\"og:url\" content=\"https:\/\/tiandeproducts.co.uk\/pl\/regenerujacy-i-ochronny-fluid-do-twarzy110ml\/\" \/>\n<meta property=\"og:site_name\" content=\"TianDe Online Shop - Beauty &amp; Health\" \/>\n<meta property=\"article:publisher\" content=\"https:\/\/www.facebook.com\/tiande.products.england\/\" \/>\n<meta property=\"article:modified_time\" content=\"2021-02-05T18:16:00+00:00\" \/>\n<meta property=\"og:image\" content=\"https:\/\/tiandeproducts.co.uk\/wp-content\/uploads\/16307.png\" \/>\n\t<meta property=\"og:image:width\" content=\"700\" \/>\n\t<meta property=\"og:image:height\" content=\"700\" \/>\n\t<meta property=\"og:image:type\" content=\"image\/png\" \/>\n<meta name=\"twitter:card\" content=\"summary_large_image\" \/>\n<meta name=\"twitter:label1\" content=\"Szacowany czas czytania\" \/>\n\t<meta name=\"twitter:data1\" content=\"1 minuta\" \/>\n<script type=\"application\/ld+json\" class=\"yoast-schema-graph\">{\"@context\":\"https:\/\/schema.org\",\"@graph\":[{\"@type\":\"WebPage\",\"@id\":\"https:\/\/tiandeproducts.co.uk\/pl\/regenerujacy-i-ochronny-fluid-do-twarzy110ml\/\",\"url\":\"https:\/\/tiandeproducts.co.uk\/pl\/regenerujacy-i-ochronny-fluid-do-twarzy110ml\/\",\"name\":\"Regeneruj\u0105cy i ochronny fluid do twarzy,110ml - TianDe Online Shop - Beauty &amp; Health\",\"isPartOf\":{\"@id\":\"https:\/\/tiandeproducts.co.uk\/#website\"},\"primaryImageOfPage\":{\"@id\":\"https:\/\/tiandeproducts.co.uk\/pl\/regenerujacy-i-ochronny-fluid-do-twarzy110ml\/#primaryimage\"},\"image\":{\"@id\":\"https:\/\/tiandeproducts.co.uk\/pl\/regenerujacy-i-ochronny-fluid-do-twarzy110ml\/#primaryimage\"},\"thumbnailUrl\":\"https:\/\/tiandeproducts.co.uk\/wp-content\/uploads\/16307.png\",\"datePublished\":\"2020-02-21T12:07:05+00:00\",\"dateModified\":\"2021-02-05T18:16:00+00:00\",\"breadcrumb\":{\"@id\":\"https:\/\/tiandeproducts.co.uk\/pl\/regenerujacy-i-ochronny-fluid-do-twarzy110ml\/#breadcrumb\"},\"inLanguage\":\"pl-PL\",\"potentialAction\":[{\"@type\":\"ReadAction\",\"target\":[\"https:\/\/tiandeproducts.co.uk\/pl\/regenerujacy-i-ochronny-fluid-do-twarzy110ml\/\"]}]},{\"@type\":\"ImageObject\",\"inLanguage\":\"pl-PL\",\"@id\":\"https:\/\/tiandeproducts.co.uk\/pl\/regenerujacy-i-ochronny-fluid-do-twarzy110ml\/#primaryimage\",\"url\":\"https:\/\/tiandeproducts.co.uk\/wp-content\/uploads\/16307.png\",\"contentUrl\":\"https:\/\/tiandeproducts.co.uk\/wp-content\/uploads\/16307.png\",\"width\":700,\"height\":700},{\"@type\":\"BreadcrumbList\",\"@id\":\"https:\/\/tiandeproducts.co.uk\/pl\/regenerujacy-i-ochronny-fluid-do-twarzy110ml\/#breadcrumb\",\"itemListElement\":[{\"@type\":\"ListItem\",\"position\":1,\"name\":\"Home\",\"item\":\"https:\/\/tiandeproducts.co.uk\/pl\/\"},{\"@type\":\"ListItem\",\"position\":2,\"name\":\"Shop\",\"item\":\"https:\/\/tiandeproducts.co.uk\/pl\/shop-2\/\"},{\"@type\":\"ListItem\",\"position\":3,\"name\":\"Regeneruj\u0105cy i ochronny fluid do twarzy,110ml\"}]},{\"@type\":\"WebSite\",\"@id\":\"https:\/\/tiandeproducts.co.uk\/#website\",\"url\":\"https:\/\/tiandeproducts.co.uk\/\",\"name\":\"TianDe Online Shop - Beauty & Health\",\"description\":\"Traditional Chinese Medicine\",\"potentialAction\":[{\"@type\":\"SearchAction\",\"target\":{\"@type\":\"EntryPoint\",\"urlTemplate\":\"https:\/\/tiandeproducts.co.uk\/?s={search_term_string}\"},\"query-input\":{\"@type\":\"PropertyValueSpecification\",\"valueRequired\":true,\"valueName\":\"search_term_string\"}}],\"inLanguage\":\"pl-PL\"}]}<\/script>\n<!-- \/ Yoast SEO plugin. -->","yoast_head_json":{"title":"Regeneruj\u0105cy i ochronny fluid do twarzy,110ml - TianDe Online Shop - Beauty &amp; Health","robots":{"index":"index","follow":"follow","max-snippet":"max-snippet:-1","max-image-preview":"max-image-preview:large","max-video-preview":"max-video-preview:-1"},"canonical":"https:\/\/tiandeproducts.co.uk\/pl\/regenerujacy-i-ochronny-fluid-do-twarzy110ml\/","og_locale":"pl_PL","og_type":"article","og_title":"Regeneruj\u0105cy i ochronny fluid do twarzy,110ml - TianDe Online Shop - Beauty &amp; Health","og_description":"\u00a0Earn 29 points worth \u00a31.45 when buying this product Do\u0142aduj sk\u00f3rze baterie. Sk\u00f3ra bez objaw\u00f3w zm\u0119czenia i stresu! W dzisiejszym \u015bwiecie nie mo\u017cemy sobie pozwoli\u0107 na prac\u0119 bez nowoczesnej technologii \u2013 komputery i smartfony s\u0105 wszechobecne\u2026 Naukowcy odkryli, \u017ce wszystkie monitory, ekrany, a nawet \u017car\u00f3wki energooszcz\u0119dne emituj\u0105 niebieskie \u015bwiat\u0142o, kt\u00f3re ma negatywny wp\u0142yw na sk\u00f3r\u0119. [...]","og_url":"https:\/\/tiandeproducts.co.uk\/pl\/regenerujacy-i-ochronny-fluid-do-twarzy110ml\/","og_site_name":"TianDe Online Shop - Beauty &amp; Health","article_publisher":"https:\/\/www.facebook.com\/tiande.products.england\/","article_modified_time":"2021-02-05T18:16:00+00:00","og_image":[{"width":700,"height":700,"url":"https:\/\/tiandeproducts.co.uk\/wp-content\/uploads\/16307.png","type":"image\/png"}],"twitter_card":"summary_large_image","twitter_misc":{"Szacowany czas czytania":"1 minuta"},"schema":{"@context":"https:\/\/schema.org","@graph":[{"@type":"WebPage","@id":"https:\/\/tiandeproducts.co.uk\/pl\/regenerujacy-i-ochronny-fluid-do-twarzy110ml\/","url":"https:\/\/tiandeproducts.co.uk\/pl\/regenerujacy-i-ochronny-fluid-do-twarzy110ml\/","name":"Regeneruj\u0105cy i ochronny fluid do twarzy,110ml - TianDe Online Shop - Beauty &amp; Health","isPartOf":{"@id":"https:\/\/tiandeproducts.co.uk\/#website"},"primaryImageOfPage":{"@id":"https:\/\/tiandeproducts.co.uk\/pl\/regenerujacy-i-ochronny-fluid-do-twarzy110ml\/#primaryimage"},"image":{"@id":"https:\/\/tiandeproducts.co.uk\/pl\/regenerujacy-i-ochronny-fluid-do-twarzy110ml\/#primaryimage"},"thumbnailUrl":"https:\/\/tiandeproducts.co.uk\/wp-content\/uploads\/16307.png","datePublished":"2020-02-21T12:07:05+00:00","dateModified":"2021-02-05T18:16:00+00:00","breadcrumb":{"@id":"https:\/\/tiandeproducts.co.uk\/pl\/regenerujacy-i-ochronny-fluid-do-twarzy110ml\/#breadcrumb"},"inLanguage":"pl-PL","potentialAction":[{"@type":"ReadAction","target":["https:\/\/tiandeproducts.co.uk\/pl\/regenerujacy-i-ochronny-fluid-do-twarzy110ml\/"]}]},{"@type":"ImageObject","inLanguage":"pl-PL","@id":"https:\/\/tiandeproducts.co.uk\/pl\/regenerujacy-i-ochronny-fluid-do-twarzy110ml\/#primaryimage","url":"https:\/\/tiandeproducts.co.uk\/wp-content\/uploads\/16307.png","contentUrl":"https:\/\/tiandeproducts.co.uk\/wp-content\/uploads\/16307.png","width":700,"height":700},{"@type":"BreadcrumbList","@id":"https:\/\/tiandeproducts.co.uk\/pl\/regenerujacy-i-ochronny-fluid-do-twarzy110ml\/#breadcrumb","itemListElement":[{"@type":"ListItem","position":1,"name":"Home","item":"https:\/\/tiandeproducts.co.uk\/pl\/"},{"@type":"ListItem","position":2,"name":"Shop","item":"https:\/\/tiandeproducts.co.uk\/pl\/shop-2\/"},{"@type":"ListItem","position":3,"name":"Regeneruj\u0105cy i ochronny fluid do twarzy,110ml"}]},{"@type":"WebSite","@id":"https:\/\/tiandeproducts.co.uk\/#website","url":"https:\/\/tiandeproducts.co.uk\/","name":"TianDe Online Shop - Beauty & Health","description":"Traditional Chinese Medicine","potentialAction":[{"@type":"SearchAction","target":{"@type":"EntryPoint","urlTemplate":"https:\/\/tiandeproducts.co.uk\/?s={search_term_string}"},"query-input":{"@type":"PropertyValueSpecification","valueRequired":true,"valueName":"search_term_string"}}],"inLanguage":"pl-PL"}]}},"_links":{"self":[{"href":"https:\/\/tiandeproducts.co.uk\/pl\/wp-json\/wp\/v2\/product\/12669","targetHints":{"allow":["GET"]}}],"collection":[{"href":"https:\/\/tiandeproducts.co.uk\/pl\/wp-json\/wp\/v2\/product"}],"about":[{"href":"https:\/\/tiandeproducts.co.uk\/pl\/wp-json\/wp\/v2\/types\/product"}],"replies":[{"embeddable":true,"href":"https:\/\/tiandeproducts.co.uk\/pl\/wp-json\/wp\/v2\/comments?post=12669"}],"wp:featuredmedia":[{"embeddable":true,"href":"https:\/\/tiandeproducts.co.uk\/pl\/wp-json\/wp\/v2\/media\/12665"}],"wp:attachment":[{"href":"https:\/\/tiandeproducts.co.uk\/pl\/wp-json\/wp\/v2\/media?parent=12669"}],"wp:term":[{"taxonomy":"product_cat","embeddable":true,"href":"https:\/\/tiandeproducts.co.uk\/pl\/wp-json\/wp\/v2\/product_cat?post=12669"},{"taxonomy":"product_tag","embeddable":true,"href":"https:\/\/tiandeproducts.co.uk\/pl\/wp-json\/wp\/v2\/product_tag?post=12669"}],"curies":[{"name":"wp","href":"https:\/\/api.w.org\/{rel}","templated":true}]}}