{"id":12660,"date":"2020-02-21T11:46:49","date_gmt":"2020-02-21T11:46:49","guid":{"rendered":"https:\/\/www.tiandeproducts.co.uk\/?post_type=product&#038;p=12660"},"modified":"2021-02-05T18:16:57","modified_gmt":"2021-02-05T18:16:57","slug":"sciereczka-skraber-do-sprzatania-2-w-1-1-szt","status":"publish","type":"product","link":"https:\/\/tiandeproducts.co.uk\/pl\/sciereczka-skraber-do-sprzatania-2-w-1-1-szt\/","title":{"rendered":"\u015aciereczka-skraber do sprz\u0105tania \u201e2 w 1\u201d, 1 szt."},"content":{"rendered":"<p><img decoding=\"async\" style=\"max-width: 16px; margin-right: 5px;\" src=\"https:\/\/tiandeproducts.co.uk\/wp-content\/uploads\/points-green.svg\" \/>\u00a0Earn 9 points worth \u00a30.45 when buying this product<\/p>\n<p><strong>Czy chcesz, aby Tw\u00f3j dom zosta\u0142 wysprz\u0105tany w jak najkr\u00f3tszym czasie i bez wysi\u0142ku?<\/strong><\/p>\n<p>Wszechstronna dwustronna \u015bcierka \u2013 skrobak czyszcz\u0105cy \u201e2 w 1\u201d pomo\u017ce Ci szybko i skutecznie poradzi\u0107 sobie z pracami domowymi:<br \/>\n&#8211; delikatna strona z mikrofibry usuwa wszelki brud, kurz i t\u0142uszcz z ka\u017cdej powierzchni;<br \/>\n&#8211; skrobak o twardej, ale elastycznej powierzchni usuwa nawet najodporniejsze nieczysto\u015bci.<\/p>\n<p>\u015acierka pomo\u017ce Ci w czyszczeniu kuchni, salonu i \u0142azienki. Specyficzna tkanina, z kt\u00f3rej \u015bcierka jest wykonana:<br \/>\n&#8211; zbiera nieczysto\u015bci, poch\u0142ania wilgo\u0107;<br \/>\n&#8211; nie pozostawia plam;<br \/>\n&#8211; zapewnia d\u0142ug\u0105 \u017cywotno\u015b\u0107 \u015bcierce.<\/p>\n<p>\u015acierka jest skuteczna nawet bez u\u017cycia specjalnych detergent\u00f3w, w razie potrzeby mo\u017cna u\u017cy\u0107 \u015brodka myj\u0105cego.<\/p>\n<p><strong>ZASTOSOWANIE:<\/strong><\/p>\n<p>Aby oczy\u015bci\u0107 dowoln\u0105 powierzchni\u0119 z brudu, kurzu, t\u0142uszczu itp. nale\u017cy u\u017cy\u0107 mi\u0119kkiej strony szmatki. Szczeg\u00f3lnie odporny brud usuwa\u0107 grub\u0105 stron\u0105 szmatki (skrobakiem). W razie potrzeby u\u017cy\u0107 \u015brodka myj\u0105cego. Pra\u0107 oddzielnie od innych tkanin. Nie prasowa\u0107, nie suszy\u0107 przez ogrzewanie.<\/p>\n","protected":false},"excerpt":{"rendered":"<p>\u00a0Earn 9 points worth \u00a30.45 when buying this product Czy chcesz, aby Tw\u00f3j dom zosta\u0142 wysprz\u0105tany w jak najkr\u00f3tszym czasie i bez wysi\u0142ku? Wszechstronna dwustronna \u015bcierka \u2013 skrobak czyszcz\u0105cy \u201e2 w 1\u201d pomo\u017ce Ci szybko i skutecznie poradzi\u0107 sobie z pracami domowymi: &#8211; delikatna strona z mikrofibry usuwa wszelki brud, kurz i t\u0142uszcz z ka\u017cdej [&#8230;]\n","protected":false},"featured_media":12658,"comment_status":"open","ping_status":"closed","template":"","meta":[],"product_cat":[773,839,830],"product_tag":[],"class_list":{"0":"post-12660","1":"product","2":"type-product","3":"status-publish","4":"has-post-thumbnail","6":"product_cat-dla-domu","7":"product_cat-plyn-do-mycia-naczyn","8":"product_cat-promocje","10":"first","11":"instock","12":"sale","13":"shipping-taxable","14":"purchasable","15":"product-type-simple"},"yoast_head":"<!-- This site is optimized with the Yoast SEO plugin v23.6 - https:\/\/yoast.com\/wordpress\/plugins\/seo\/ -->\n<title>\u015aciereczka-skraber do sprz\u0105tania \u201e2 w 1\u201d, 1 szt. - TianDe Online Shop - Beauty &amp; Health<\/title>\n<meta name=\"robots\" content=\"index, follow, max-snippet:-1, max-image-preview:large, max-video-preview:-1\" \/>\n<link rel=\"canonical\" href=\"https:\/\/tiandeproducts.co.uk\/pl\/sciereczka-skraber-do-sprzatania-2-w-1-1-szt\/\" \/>\n<meta property=\"og:locale\" content=\"pl_PL\" \/>\n<meta property=\"og:type\" content=\"article\" \/>\n<meta property=\"og:title\" content=\"\u015aciereczka-skraber do sprz\u0105tania \u201e2 w 1\u201d, 1 szt. - TianDe Online Shop - Beauty &amp; Health\" \/>\n<meta property=\"og:description\" content=\"\u00a0Earn 9 points worth \u00a30.45 when buying this product Czy chcesz, aby Tw\u00f3j dom zosta\u0142 wysprz\u0105tany w jak najkr\u00f3tszym czasie i bez wysi\u0142ku? Wszechstronna dwustronna \u015bcierka \u2013 skrobak czyszcz\u0105cy \u201e2 w 1\u201d pomo\u017ce Ci szybko i skutecznie poradzi\u0107 sobie z pracami domowymi: &#8211; delikatna strona z mikrofibry usuwa wszelki brud, kurz i t\u0142uszcz z ka\u017cdej [...]\" \/>\n<meta property=\"og:url\" content=\"https:\/\/tiandeproducts.co.uk\/pl\/sciereczka-skraber-do-sprzatania-2-w-1-1-szt\/\" \/>\n<meta property=\"og:site_name\" content=\"TianDe Online Shop - Beauty &amp; Health\" \/>\n<meta property=\"article:publisher\" content=\"https:\/\/www.facebook.com\/tiande.products.england\/\" \/>\n<meta property=\"article:modified_time\" content=\"2021-02-05T18:16:57+00:00\" \/>\n<meta property=\"og:image\" content=\"https:\/\/tiandeproducts.co.uk\/wp-content\/uploads\/90188.1.png\" \/>\n\t<meta property=\"og:image:width\" content=\"700\" \/>\n\t<meta property=\"og:image:height\" content=\"700\" \/>\n\t<meta property=\"og:image:type\" content=\"image\/png\" \/>\n<meta name=\"twitter:card\" content=\"summary_large_image\" \/>\n<meta name=\"twitter:label1\" content=\"Szacowany czas czytania\" \/>\n\t<meta name=\"twitter:data1\" content=\"1 minuta\" \/>\n<script type=\"application\/ld+json\" class=\"yoast-schema-graph\">{\"@context\":\"https:\/\/schema.org\",\"@graph\":[{\"@type\":\"WebPage\",\"@id\":\"https:\/\/tiandeproducts.co.uk\/pl\/sciereczka-skraber-do-sprzatania-2-w-1-1-szt\/\",\"url\":\"https:\/\/tiandeproducts.co.uk\/pl\/sciereczka-skraber-do-sprzatania-2-w-1-1-szt\/\",\"name\":\"\u015aciereczka-skraber do sprz\u0105tania \u201e2 w 1\u201d, 1 szt. - TianDe Online Shop - Beauty &amp; Health\",\"isPartOf\":{\"@id\":\"https:\/\/tiandeproducts.co.uk\/#website\"},\"primaryImageOfPage\":{\"@id\":\"https:\/\/tiandeproducts.co.uk\/pl\/sciereczka-skraber-do-sprzatania-2-w-1-1-szt\/#primaryimage\"},\"image\":{\"@id\":\"https:\/\/tiandeproducts.co.uk\/pl\/sciereczka-skraber-do-sprzatania-2-w-1-1-szt\/#primaryimage\"},\"thumbnailUrl\":\"https:\/\/tiandeproducts.co.uk\/wp-content\/uploads\/90188.1.png\",\"datePublished\":\"2020-02-21T11:46:49+00:00\",\"dateModified\":\"2021-02-05T18:16:57+00:00\",\"breadcrumb\":{\"@id\":\"https:\/\/tiandeproducts.co.uk\/pl\/sciereczka-skraber-do-sprzatania-2-w-1-1-szt\/#breadcrumb\"},\"inLanguage\":\"pl-PL\",\"potentialAction\":[{\"@type\":\"ReadAction\",\"target\":[\"https:\/\/tiandeproducts.co.uk\/pl\/sciereczka-skraber-do-sprzatania-2-w-1-1-szt\/\"]}]},{\"@type\":\"ImageObject\",\"inLanguage\":\"pl-PL\",\"@id\":\"https:\/\/tiandeproducts.co.uk\/pl\/sciereczka-skraber-do-sprzatania-2-w-1-1-szt\/#primaryimage\",\"url\":\"https:\/\/tiandeproducts.co.uk\/wp-content\/uploads\/90188.1.png\",\"contentUrl\":\"https:\/\/tiandeproducts.co.uk\/wp-content\/uploads\/90188.1.png\",\"width\":700,\"height\":700},{\"@type\":\"BreadcrumbList\",\"@id\":\"https:\/\/tiandeproducts.co.uk\/pl\/sciereczka-skraber-do-sprzatania-2-w-1-1-szt\/#breadcrumb\",\"itemListElement\":[{\"@type\":\"ListItem\",\"position\":1,\"name\":\"Home\",\"item\":\"https:\/\/tiandeproducts.co.uk\/pl\/\"},{\"@type\":\"ListItem\",\"position\":2,\"name\":\"Shop\",\"item\":\"https:\/\/tiandeproducts.co.uk\/pl\/shop-2\/\"},{\"@type\":\"ListItem\",\"position\":3,\"name\":\"\u015aciereczka-skraber do sprz\u0105tania \u201e2 w 1\u201d, 1 szt.\"}]},{\"@type\":\"WebSite\",\"@id\":\"https:\/\/tiandeproducts.co.uk\/#website\",\"url\":\"https:\/\/tiandeproducts.co.uk\/\",\"name\":\"TianDe Online Shop - Beauty & Health\",\"description\":\"Traditional Chinese Medicine\",\"potentialAction\":[{\"@type\":\"SearchAction\",\"target\":{\"@type\":\"EntryPoint\",\"urlTemplate\":\"https:\/\/tiandeproducts.co.uk\/?s={search_term_string}\"},\"query-input\":{\"@type\":\"PropertyValueSpecification\",\"valueRequired\":true,\"valueName\":\"search_term_string\"}}],\"inLanguage\":\"pl-PL\"}]}<\/script>\n<!-- \/ Yoast SEO plugin. -->","yoast_head_json":{"title":"\u015aciereczka-skraber do sprz\u0105tania \u201e2 w 1\u201d, 1 szt. - TianDe Online Shop - Beauty &amp; Health","robots":{"index":"index","follow":"follow","max-snippet":"max-snippet:-1","max-image-preview":"max-image-preview:large","max-video-preview":"max-video-preview:-1"},"canonical":"https:\/\/tiandeproducts.co.uk\/pl\/sciereczka-skraber-do-sprzatania-2-w-1-1-szt\/","og_locale":"pl_PL","og_type":"article","og_title":"\u015aciereczka-skraber do sprz\u0105tania \u201e2 w 1\u201d, 1 szt. - TianDe Online Shop - Beauty &amp; Health","og_description":"\u00a0Earn 9 points worth \u00a30.45 when buying this product Czy chcesz, aby Tw\u00f3j dom zosta\u0142 wysprz\u0105tany w jak najkr\u00f3tszym czasie i bez wysi\u0142ku? Wszechstronna dwustronna \u015bcierka \u2013 skrobak czyszcz\u0105cy \u201e2 w 1\u201d pomo\u017ce Ci szybko i skutecznie poradzi\u0107 sobie z pracami domowymi: &#8211; delikatna strona z mikrofibry usuwa wszelki brud, kurz i t\u0142uszcz z ka\u017cdej [...]","og_url":"https:\/\/tiandeproducts.co.uk\/pl\/sciereczka-skraber-do-sprzatania-2-w-1-1-szt\/","og_site_name":"TianDe Online Shop - Beauty &amp; Health","article_publisher":"https:\/\/www.facebook.com\/tiande.products.england\/","article_modified_time":"2021-02-05T18:16:57+00:00","og_image":[{"width":700,"height":700,"url":"https:\/\/tiandeproducts.co.uk\/wp-content\/uploads\/90188.1.png","type":"image\/png"}],"twitter_card":"summary_large_image","twitter_misc":{"Szacowany czas czytania":"1 minuta"},"schema":{"@context":"https:\/\/schema.org","@graph":[{"@type":"WebPage","@id":"https:\/\/tiandeproducts.co.uk\/pl\/sciereczka-skraber-do-sprzatania-2-w-1-1-szt\/","url":"https:\/\/tiandeproducts.co.uk\/pl\/sciereczka-skraber-do-sprzatania-2-w-1-1-szt\/","name":"\u015aciereczka-skraber do sprz\u0105tania \u201e2 w 1\u201d, 1 szt. - TianDe Online Shop - Beauty &amp; Health","isPartOf":{"@id":"https:\/\/tiandeproducts.co.uk\/#website"},"primaryImageOfPage":{"@id":"https:\/\/tiandeproducts.co.uk\/pl\/sciereczka-skraber-do-sprzatania-2-w-1-1-szt\/#primaryimage"},"image":{"@id":"https:\/\/tiandeproducts.co.uk\/pl\/sciereczka-skraber-do-sprzatania-2-w-1-1-szt\/#primaryimage"},"thumbnailUrl":"https:\/\/tiandeproducts.co.uk\/wp-content\/uploads\/90188.1.png","datePublished":"2020-02-21T11:46:49+00:00","dateModified":"2021-02-05T18:16:57+00:00","breadcrumb":{"@id":"https:\/\/tiandeproducts.co.uk\/pl\/sciereczka-skraber-do-sprzatania-2-w-1-1-szt\/#breadcrumb"},"inLanguage":"pl-PL","potentialAction":[{"@type":"ReadAction","target":["https:\/\/tiandeproducts.co.uk\/pl\/sciereczka-skraber-do-sprzatania-2-w-1-1-szt\/"]}]},{"@type":"ImageObject","inLanguage":"pl-PL","@id":"https:\/\/tiandeproducts.co.uk\/pl\/sciereczka-skraber-do-sprzatania-2-w-1-1-szt\/#primaryimage","url":"https:\/\/tiandeproducts.co.uk\/wp-content\/uploads\/90188.1.png","contentUrl":"https:\/\/tiandeproducts.co.uk\/wp-content\/uploads\/90188.1.png","width":700,"height":700},{"@type":"BreadcrumbList","@id":"https:\/\/tiandeproducts.co.uk\/pl\/sciereczka-skraber-do-sprzatania-2-w-1-1-szt\/#breadcrumb","itemListElement":[{"@type":"ListItem","position":1,"name":"Home","item":"https:\/\/tiandeproducts.co.uk\/pl\/"},{"@type":"ListItem","position":2,"name":"Shop","item":"https:\/\/tiandeproducts.co.uk\/pl\/shop-2\/"},{"@type":"ListItem","position":3,"name":"\u015aciereczka-skraber do sprz\u0105tania \u201e2 w 1\u201d, 1 szt."}]},{"@type":"WebSite","@id":"https:\/\/tiandeproducts.co.uk\/#website","url":"https:\/\/tiandeproducts.co.uk\/","name":"TianDe Online Shop - Beauty & Health","description":"Traditional Chinese Medicine","potentialAction":[{"@type":"SearchAction","target":{"@type":"EntryPoint","urlTemplate":"https:\/\/tiandeproducts.co.uk\/?s={search_term_string}"},"query-input":{"@type":"PropertyValueSpecification","valueRequired":true,"valueName":"search_term_string"}}],"inLanguage":"pl-PL"}]}},"_links":{"self":[{"href":"https:\/\/tiandeproducts.co.uk\/pl\/wp-json\/wp\/v2\/product\/12660","targetHints":{"allow":["GET"]}}],"collection":[{"href":"https:\/\/tiandeproducts.co.uk\/pl\/wp-json\/wp\/v2\/product"}],"about":[{"href":"https:\/\/tiandeproducts.co.uk\/pl\/wp-json\/wp\/v2\/types\/product"}],"replies":[{"embeddable":true,"href":"https:\/\/tiandeproducts.co.uk\/pl\/wp-json\/wp\/v2\/comments?post=12660"}],"wp:featuredmedia":[{"embeddable":true,"href":"https:\/\/tiandeproducts.co.uk\/pl\/wp-json\/wp\/v2\/media\/12658"}],"wp:attachment":[{"href":"https:\/\/tiandeproducts.co.uk\/pl\/wp-json\/wp\/v2\/media?parent=12660"}],"wp:term":[{"taxonomy":"product_cat","embeddable":true,"href":"https:\/\/tiandeproducts.co.uk\/pl\/wp-json\/wp\/v2\/product_cat?post=12660"},{"taxonomy":"product_tag","embeddable":true,"href":"https:\/\/tiandeproducts.co.uk\/pl\/wp-json\/wp\/v2\/product_tag?post=12660"}],"curies":[{"name":"wp","href":"https:\/\/api.w.org\/{rel}","templated":true}]}}