{"id":8791,"date":"2019-12-11T09:47:06","date_gmt":"2019-12-11T09:47:06","guid":{"rendered":"https:\/\/www.tiandeproducts.co.uk\/sampunas-plaukams-senosios-juros-paslaptis-250-g\/"},"modified":"2021-02-05T18:17:32","modified_gmt":"2021-02-05T18:17:32","slug":"sampunas-plaukams-senosios-juros-paslaptis-250-g","status":"publish","type":"product","link":"https:\/\/tiandeproducts.co.uk\/lt\/sampunas-plaukams-senosios-juros-paslaptis-250-g\/","title":{"rendered":"\u0160amp\u016bnas plaukams &#8222;Senosios j\u016bros paslaptis&#8221; 250 g."},"content":{"rendered":"<p><img decoding=\"async\" style=\"max-width: 16px; margin-right: 5px;\" src=\"https:\/\/tiandeproducts.co.uk\/wp-content\/uploads\/points-green.svg\" \/>\u00a0Earn 5 points worth \u00a30.25 when buying this product<\/p>\n<p><strong>Plauk\u0173 gro\u017eis i\u0161 j\u016bros gelmi\u0173!<\/strong><\/p>\n<p>\u0160is &#8222;Old Sea Mystery serijos&#8221; \u0161amp\u016bnas ne tik puikus valantis ir pri\u017ei\u016brintis plaukus produktas visai \u0161eimai &#8211; J\u016bs atrasite senov\u0117s j\u016bros paslaptis. \u0160amp\u016bne yra populiari\u0173 ingredient\u0173 i\u0161 j\u016bros ir vandenyn\u0173 gelmi\u0173:<br \/>\n&#8211; raudonieji dumbliai, kuriuose gausu riebal\u0173 r\u016bg\u0161\u010di\u0173, baltym\u0173 ir vitamin\u0173, kurie gerina galvos odos b\u016bkl\u0119 ir stiprina plauk\u0173 strukt\u016br\u0105;<br \/>\n&#8211; Bischofito mineralinis junginys, kuris pagerina plauk\u0173 kamieno b\u016bkl\u0119, suteikia jiems mink\u0161tumo ir \u017evilgesio.<\/p>\n<p>Plaukai tampa mink\u0161tesni ir labiau valdomi. Nor\u0117dami gauti maksimal\u0173 efekt\u0105, naudokite \u0161amp\u016bn\u0105 su kondicionieriumi i\u0161 \u0161ios serijos.<\/p>\n<p><strong>Naudojimas:<\/strong> tepkite ant dr\u0117gn\u0173 plauk\u0173, masa\u017euokite, tada nuplaukite.<\/p>\n","protected":false},"excerpt":{"rendered":"<p>\u00a0Earn 5 points worth \u00a30.25 when buying this product Plauk\u0173 gro\u017eis i\u0161 j\u016bros gelmi\u0173! \u0160is &#8222;Old Sea Mystery serijos&#8221; \u0161amp\u016bnas ne tik puikus valantis ir pri\u017ei\u016brintis plaukus produktas visai \u0161eimai &#8211; J\u016bs atrasite senov\u0117s j\u016bros paslaptis. \u0160amp\u016bne yra populiari\u0173 ingredient\u0173 i\u0161 j\u016bros ir vandenyn\u0173 gelmi\u0173: &#8211; raudonieji dumbliai, kuriuose gausu riebal\u0173 r\u016bg\u0161\u010di\u0173, baltym\u0173 ir vitamin\u0173, [&#8230;]\n","protected":false},"featured_media":8779,"comment_status":"open","ping_status":"closed","template":"","meta":[],"product_cat":[1366,634,672],"product_tag":[],"class_list":{"0":"post-8791","1":"product","2":"type-product","3":"status-publish","4":"has-post-thumbnail","6":"product_cat-old-sea-mystery-lt","7":"product_cat-plaukams","8":"product_cat-sampunai","10":"first","11":"outofstock","12":"shipping-taxable","13":"purchasable","14":"product-type-simple"},"yoast_head":"<!-- This site is optimized with the Yoast SEO plugin v23.6 - https:\/\/yoast.com\/wordpress\/plugins\/seo\/ -->\n<title>\u0160amp\u016bnas plaukams &quot;Senosios j\u016bros paslaptis&quot; 250 g. - TianDe Online Shop - Beauty &amp; Health<\/title>\n<meta name=\"robots\" content=\"index, follow, max-snippet:-1, max-image-preview:large, max-video-preview:-1\" \/>\n<link rel=\"canonical\" href=\"https:\/\/tiandeproducts.co.uk\/lt\/sampunas-plaukams-senosios-juros-paslaptis-250-g\/\" \/>\n<meta property=\"og:locale\" content=\"lt_LT\" \/>\n<meta property=\"og:type\" content=\"article\" \/>\n<meta property=\"og:title\" content=\"\u0160amp\u016bnas plaukams &quot;Senosios j\u016bros paslaptis&quot; 250 g. - TianDe Online Shop - Beauty &amp; Health\" \/>\n<meta property=\"og:description\" content=\"\u00a0Earn 5 points worth \u00a30.25 when buying this product Plauk\u0173 gro\u017eis i\u0161 j\u016bros gelmi\u0173! \u0160is &#8222;Old Sea Mystery serijos&#8221; \u0161amp\u016bnas ne tik puikus valantis ir pri\u017ei\u016brintis plaukus produktas visai \u0161eimai &#8211; J\u016bs atrasite senov\u0117s j\u016bros paslaptis. \u0160amp\u016bne yra populiari\u0173 ingredient\u0173 i\u0161 j\u016bros ir vandenyn\u0173 gelmi\u0173: &#8211; raudonieji dumbliai, kuriuose gausu riebal\u0173 r\u016bg\u0161\u010di\u0173, baltym\u0173 ir vitamin\u0173, [...]\" \/>\n<meta property=\"og:url\" content=\"https:\/\/tiandeproducts.co.uk\/lt\/sampunas-plaukams-senosios-juros-paslaptis-250-g\/\" \/>\n<meta property=\"og:site_name\" content=\"TianDe Online Shop - Beauty &amp; Health\" \/>\n<meta property=\"article:publisher\" content=\"https:\/\/www.facebook.com\/tiande.products.england\/\" \/>\n<meta property=\"article:modified_time\" content=\"2021-02-05T18:17:32+00:00\" \/>\n<meta property=\"og:image\" content=\"https:\/\/tiandeproducts.co.uk\/wp-content\/uploads\/25713.png\" \/>\n\t<meta property=\"og:image:width\" content=\"700\" \/>\n\t<meta property=\"og:image:height\" content=\"700\" \/>\n\t<meta property=\"og:image:type\" content=\"image\/png\" \/>\n<meta name=\"twitter:card\" content=\"summary_large_image\" \/>\n<meta name=\"twitter:label1\" content=\"Est. reading time\" \/>\n\t<meta name=\"twitter:data1\" content=\"1 minut\u0117\" \/>\n<script type=\"application\/ld+json\" class=\"yoast-schema-graph\">{\"@context\":\"https:\/\/schema.org\",\"@graph\":[{\"@type\":\"WebPage\",\"@id\":\"https:\/\/tiandeproducts.co.uk\/lt\/sampunas-plaukams-senosios-juros-paslaptis-250-g\/\",\"url\":\"https:\/\/tiandeproducts.co.uk\/lt\/sampunas-plaukams-senosios-juros-paslaptis-250-g\/\",\"name\":\"\u0160amp\u016bnas plaukams \\\"Senosios j\u016bros paslaptis\\\" 250 g. - TianDe Online Shop - Beauty &amp; Health\",\"isPartOf\":{\"@id\":\"https:\/\/tiandeproducts.co.uk\/#website\"},\"primaryImageOfPage\":{\"@id\":\"https:\/\/tiandeproducts.co.uk\/lt\/sampunas-plaukams-senosios-juros-paslaptis-250-g\/#primaryimage\"},\"image\":{\"@id\":\"https:\/\/tiandeproducts.co.uk\/lt\/sampunas-plaukams-senosios-juros-paslaptis-250-g\/#primaryimage\"},\"thumbnailUrl\":\"https:\/\/tiandeproducts.co.uk\/wp-content\/uploads\/25713.png\",\"datePublished\":\"2019-12-11T09:47:06+00:00\",\"dateModified\":\"2021-02-05T18:17:32+00:00\",\"breadcrumb\":{\"@id\":\"https:\/\/tiandeproducts.co.uk\/lt\/sampunas-plaukams-senosios-juros-paslaptis-250-g\/#breadcrumb\"},\"inLanguage\":\"lt-LT\",\"potentialAction\":[{\"@type\":\"ReadAction\",\"target\":[\"https:\/\/tiandeproducts.co.uk\/lt\/sampunas-plaukams-senosios-juros-paslaptis-250-g\/\"]}]},{\"@type\":\"ImageObject\",\"inLanguage\":\"lt-LT\",\"@id\":\"https:\/\/tiandeproducts.co.uk\/lt\/sampunas-plaukams-senosios-juros-paslaptis-250-g\/#primaryimage\",\"url\":\"https:\/\/tiandeproducts.co.uk\/wp-content\/uploads\/25713.png\",\"contentUrl\":\"https:\/\/tiandeproducts.co.uk\/wp-content\/uploads\/25713.png\",\"width\":700,\"height\":700},{\"@type\":\"BreadcrumbList\",\"@id\":\"https:\/\/tiandeproducts.co.uk\/lt\/sampunas-plaukams-senosios-juros-paslaptis-250-g\/#breadcrumb\",\"itemListElement\":[{\"@type\":\"ListItem\",\"position\":1,\"name\":\"Home\",\"item\":\"https:\/\/tiandeproducts.co.uk\/lt\/\"},{\"@type\":\"ListItem\",\"position\":2,\"name\":\"Shop\",\"item\":\"https:\/\/tiandeproducts.co.uk\/lt\/shop-2\/\"},{\"@type\":\"ListItem\",\"position\":3,\"name\":\"\u0160amp\u016bnas plaukams &#8220;Senosios j\u016bros paslaptis&#8221; 250 g.\"}]},{\"@type\":\"WebSite\",\"@id\":\"https:\/\/tiandeproducts.co.uk\/#website\",\"url\":\"https:\/\/tiandeproducts.co.uk\/\",\"name\":\"TianDe Online Shop - Beauty & Health\",\"description\":\"Traditional Chinese Medicine\",\"potentialAction\":[{\"@type\":\"SearchAction\",\"target\":{\"@type\":\"EntryPoint\",\"urlTemplate\":\"https:\/\/tiandeproducts.co.uk\/?s={search_term_string}\"},\"query-input\":{\"@type\":\"PropertyValueSpecification\",\"valueRequired\":true,\"valueName\":\"search_term_string\"}}],\"inLanguage\":\"lt-LT\"}]}<\/script>\n<!-- \/ Yoast SEO plugin. -->","yoast_head_json":{"title":"\u0160amp\u016bnas plaukams \"Senosios j\u016bros paslaptis\" 250 g. - TianDe Online Shop - Beauty &amp; Health","robots":{"index":"index","follow":"follow","max-snippet":"max-snippet:-1","max-image-preview":"max-image-preview:large","max-video-preview":"max-video-preview:-1"},"canonical":"https:\/\/tiandeproducts.co.uk\/lt\/sampunas-plaukams-senosios-juros-paslaptis-250-g\/","og_locale":"lt_LT","og_type":"article","og_title":"\u0160amp\u016bnas plaukams \"Senosios j\u016bros paslaptis\" 250 g. - TianDe Online Shop - Beauty &amp; Health","og_description":"\u00a0Earn 5 points worth \u00a30.25 when buying this product Plauk\u0173 gro\u017eis i\u0161 j\u016bros gelmi\u0173! \u0160is &#8222;Old Sea Mystery serijos&#8221; \u0161amp\u016bnas ne tik puikus valantis ir pri\u017ei\u016brintis plaukus produktas visai \u0161eimai &#8211; J\u016bs atrasite senov\u0117s j\u016bros paslaptis. \u0160amp\u016bne yra populiari\u0173 ingredient\u0173 i\u0161 j\u016bros ir vandenyn\u0173 gelmi\u0173: &#8211; raudonieji dumbliai, kuriuose gausu riebal\u0173 r\u016bg\u0161\u010di\u0173, baltym\u0173 ir vitamin\u0173, [...]","og_url":"https:\/\/tiandeproducts.co.uk\/lt\/sampunas-plaukams-senosios-juros-paslaptis-250-g\/","og_site_name":"TianDe Online Shop - Beauty &amp; Health","article_publisher":"https:\/\/www.facebook.com\/tiande.products.england\/","article_modified_time":"2021-02-05T18:17:32+00:00","og_image":[{"width":700,"height":700,"url":"https:\/\/tiandeproducts.co.uk\/wp-content\/uploads\/25713.png","type":"image\/png"}],"twitter_card":"summary_large_image","twitter_misc":{"Est. reading time":"1 minut\u0117"},"schema":{"@context":"https:\/\/schema.org","@graph":[{"@type":"WebPage","@id":"https:\/\/tiandeproducts.co.uk\/lt\/sampunas-plaukams-senosios-juros-paslaptis-250-g\/","url":"https:\/\/tiandeproducts.co.uk\/lt\/sampunas-plaukams-senosios-juros-paslaptis-250-g\/","name":"\u0160amp\u016bnas plaukams \"Senosios j\u016bros paslaptis\" 250 g. - TianDe Online Shop - Beauty &amp; Health","isPartOf":{"@id":"https:\/\/tiandeproducts.co.uk\/#website"},"primaryImageOfPage":{"@id":"https:\/\/tiandeproducts.co.uk\/lt\/sampunas-plaukams-senosios-juros-paslaptis-250-g\/#primaryimage"},"image":{"@id":"https:\/\/tiandeproducts.co.uk\/lt\/sampunas-plaukams-senosios-juros-paslaptis-250-g\/#primaryimage"},"thumbnailUrl":"https:\/\/tiandeproducts.co.uk\/wp-content\/uploads\/25713.png","datePublished":"2019-12-11T09:47:06+00:00","dateModified":"2021-02-05T18:17:32+00:00","breadcrumb":{"@id":"https:\/\/tiandeproducts.co.uk\/lt\/sampunas-plaukams-senosios-juros-paslaptis-250-g\/#breadcrumb"},"inLanguage":"lt-LT","potentialAction":[{"@type":"ReadAction","target":["https:\/\/tiandeproducts.co.uk\/lt\/sampunas-plaukams-senosios-juros-paslaptis-250-g\/"]}]},{"@type":"ImageObject","inLanguage":"lt-LT","@id":"https:\/\/tiandeproducts.co.uk\/lt\/sampunas-plaukams-senosios-juros-paslaptis-250-g\/#primaryimage","url":"https:\/\/tiandeproducts.co.uk\/wp-content\/uploads\/25713.png","contentUrl":"https:\/\/tiandeproducts.co.uk\/wp-content\/uploads\/25713.png","width":700,"height":700},{"@type":"BreadcrumbList","@id":"https:\/\/tiandeproducts.co.uk\/lt\/sampunas-plaukams-senosios-juros-paslaptis-250-g\/#breadcrumb","itemListElement":[{"@type":"ListItem","position":1,"name":"Home","item":"https:\/\/tiandeproducts.co.uk\/lt\/"},{"@type":"ListItem","position":2,"name":"Shop","item":"https:\/\/tiandeproducts.co.uk\/lt\/shop-2\/"},{"@type":"ListItem","position":3,"name":"\u0160amp\u016bnas plaukams &#8220;Senosios j\u016bros paslaptis&#8221; 250 g."}]},{"@type":"WebSite","@id":"https:\/\/tiandeproducts.co.uk\/#website","url":"https:\/\/tiandeproducts.co.uk\/","name":"TianDe Online Shop - Beauty & Health","description":"Traditional Chinese Medicine","potentialAction":[{"@type":"SearchAction","target":{"@type":"EntryPoint","urlTemplate":"https:\/\/tiandeproducts.co.uk\/?s={search_term_string}"},"query-input":{"@type":"PropertyValueSpecification","valueRequired":true,"valueName":"search_term_string"}}],"inLanguage":"lt-LT"}]}},"_links":{"self":[{"href":"https:\/\/tiandeproducts.co.uk\/lt\/wp-json\/wp\/v2\/product\/8791","targetHints":{"allow":["GET"]}}],"collection":[{"href":"https:\/\/tiandeproducts.co.uk\/lt\/wp-json\/wp\/v2\/product"}],"about":[{"href":"https:\/\/tiandeproducts.co.uk\/lt\/wp-json\/wp\/v2\/types\/product"}],"replies":[{"embeddable":true,"href":"https:\/\/tiandeproducts.co.uk\/lt\/wp-json\/wp\/v2\/comments?post=8791"}],"wp:featuredmedia":[{"embeddable":true,"href":"https:\/\/tiandeproducts.co.uk\/lt\/wp-json\/wp\/v2\/media\/8779"}],"wp:attachment":[{"href":"https:\/\/tiandeproducts.co.uk\/lt\/wp-json\/wp\/v2\/media?parent=8791"}],"wp:term":[{"taxonomy":"product_cat","embeddable":true,"href":"https:\/\/tiandeproducts.co.uk\/lt\/wp-json\/wp\/v2\/product_cat?post=8791"},{"taxonomy":"product_tag","embeddable":true,"href":"https:\/\/tiandeproducts.co.uk\/lt\/wp-json\/wp\/v2\/product_tag?post=8791"}],"curies":[{"name":"wp","href":"https:\/\/api.w.org\/{rel}","templated":true}]}}