{"id":8790,"date":"2019-12-11T09:50:06","date_gmt":"2019-12-11T09:50:06","guid":{"rendered":"https:\/\/www.tiandeproducts.co.uk\/kondicionierius-plaukams-senosios-juros-paslaptis-250-g\/"},"modified":"2019-12-11T10:14:12","modified_gmt":"2019-12-11T10:14:12","slug":"kondicionierius-plaukams-senosios-juros-paslaptis-250-g","status":"publish","type":"product","link":"https:\/\/tiandeproducts.co.uk\/lt\/kondicionierius-plaukams-senosios-juros-paslaptis-250-g\/","title":{"rendered":"Kondicionierius plaukams &#8222;Senosios j\u016bros paslaptis&#8221; 250 g."},"content":{"rendered":"<p><strong>Plauk\u0173 blizgesys ir \u0161vyt\u0117jimas!<\/strong><\/p>\n<p>Senov\u0117s j\u016bros kondicionieriaus paslaptyje yra tikr\u0173 lobi\u0173 i\u0161 giliavandeni\u0173:<br \/>\n&#8211; raudonieji dumbliai, kuriuose gausu riebal\u0173 r\u016bg\u0161\u010di\u0173, baltym\u0173 ir vitamin\u0173, gerina galvos odos b\u016bkl\u0119 ir stiprina plauk\u0173 strukt\u016br\u0105;<br \/>\n&#8211; Bischofito mineralinis junginys, kuris pagerina plauk\u0173 kamieno b\u016bkl\u0119, suteikia jiems mink\u0161tumo ir \u017evilgesio.<\/p>\n<p>Tai atstato dr\u0117gm\u0117s balans\u0105, padidina nat\u016bral\u0173 plauk\u0173 spindes\u012f, nes taukmed\u017eio sviesto d\u0117ka jie tampa ypa\u010d patraukl\u016bs, \u0161veln\u016bs ir \u0161ilkiniai.<\/p>\n<p><strong>Naudojimas<\/strong>: tolygiai tepkite ant \u0161vari\u0173, dr\u0117gn\u0173 plauk\u0173. Po 2-3 minu\u010di\u0173 gerai nuplaukite vandeniu.<\/p>\n","protected":false},"excerpt":{"rendered":"<p>Plauk\u0173 blizgesys ir \u0161vyt\u0117jimas! Senov\u0117s j\u016bros kondicionieriaus paslaptyje yra tikr\u0173 lobi\u0173 i\u0161 giliavandeni\u0173: &#8211; raudonieji dumbliai, kuriuose gausu riebal\u0173 r\u016bg\u0161\u010di\u0173, baltym\u0173 ir vitamin\u0173, gerina galvos odos b\u016bkl\u0119 ir stiprina plauk\u0173 strukt\u016br\u0105; &#8211; Bischofito mineralinis junginys, kuris pagerina plauk\u0173 kamieno b\u016bkl\u0119, suteikia jiems mink\u0161tumo ir \u017evilgesio. Tai atstato dr\u0117gm\u0117s balans\u0105, padidina nat\u016bral\u0173 plauk\u0173 spindes\u012f, nes taukmed\u017eio [&#8230;]\n","protected":false},"featured_media":8784,"comment_status":"open","ping_status":"closed","template":"","meta":[],"product_cat":[654,715,1366,656],"product_tag":[],"class_list":{"0":"post-8790","1":"product","2":"type-product","3":"status-publish","4":"has-post-thumbnail","6":"product_cat-balzamai","7":"product_cat-naujienos","8":"product_cat-old-sea-mystery-lt","9":"product_cat-plauku-jaunyste","11":"first","12":"instock","13":"shipping-taxable","14":"purchasable","15":"product-type-simple"},"yoast_head":"<!-- This site is optimized with the Yoast SEO plugin v23.6 - https:\/\/yoast.com\/wordpress\/plugins\/seo\/ -->\n<title>Kondicionierius plaukams &quot;Senosios j\u016bros paslaptis&quot; 250 g. - TianDe Online Shop - Beauty &amp; Health<\/title>\n<meta name=\"robots\" content=\"index, follow, max-snippet:-1, max-image-preview:large, max-video-preview:-1\" \/>\n<link rel=\"canonical\" href=\"https:\/\/tiandeproducts.co.uk\/lt\/kondicionierius-plaukams-senosios-juros-paslaptis-250-g\/\" \/>\n<meta property=\"og:locale\" content=\"lt_LT\" \/>\n<meta property=\"og:type\" content=\"article\" \/>\n<meta property=\"og:title\" content=\"Kondicionierius plaukams &quot;Senosios j\u016bros paslaptis&quot; 250 g. - TianDe Online Shop - Beauty &amp; Health\" \/>\n<meta property=\"og:description\" content=\"Plauk\u0173 blizgesys ir \u0161vyt\u0117jimas! Senov\u0117s j\u016bros kondicionieriaus paslaptyje yra tikr\u0173 lobi\u0173 i\u0161 giliavandeni\u0173: &#8211; raudonieji dumbliai, kuriuose gausu riebal\u0173 r\u016bg\u0161\u010di\u0173, baltym\u0173 ir vitamin\u0173, gerina galvos odos b\u016bkl\u0119 ir stiprina plauk\u0173 strukt\u016br\u0105; &#8211; Bischofito mineralinis junginys, kuris pagerina plauk\u0173 kamieno b\u016bkl\u0119, suteikia jiems mink\u0161tumo ir \u017evilgesio. Tai atstato dr\u0117gm\u0117s balans\u0105, padidina nat\u016bral\u0173 plauk\u0173 spindes\u012f, nes taukmed\u017eio [...]\" \/>\n<meta property=\"og:url\" content=\"https:\/\/tiandeproducts.co.uk\/lt\/kondicionierius-plaukams-senosios-juros-paslaptis-250-g\/\" \/>\n<meta property=\"og:site_name\" content=\"TianDe Online Shop - Beauty &amp; Health\" \/>\n<meta property=\"article:publisher\" content=\"https:\/\/www.facebook.com\/tiande.products.england\/\" \/>\n<meta property=\"article:modified_time\" content=\"2019-12-11T10:14:12+00:00\" \/>\n<meta property=\"og:image\" content=\"https:\/\/tiandeproducts.co.uk\/wp-content\/uploads\/25714.png\" \/>\n\t<meta property=\"og:image:width\" content=\"700\" \/>\n\t<meta property=\"og:image:height\" content=\"700\" \/>\n\t<meta property=\"og:image:type\" content=\"image\/png\" \/>\n<meta name=\"twitter:card\" content=\"summary_large_image\" \/>\n<script type=\"application\/ld+json\" class=\"yoast-schema-graph\">{\"@context\":\"https:\/\/schema.org\",\"@graph\":[{\"@type\":\"WebPage\",\"@id\":\"https:\/\/tiandeproducts.co.uk\/lt\/kondicionierius-plaukams-senosios-juros-paslaptis-250-g\/\",\"url\":\"https:\/\/tiandeproducts.co.uk\/lt\/kondicionierius-plaukams-senosios-juros-paslaptis-250-g\/\",\"name\":\"Kondicionierius plaukams \\\"Senosios j\u016bros paslaptis\\\" 250 g. - TianDe Online Shop - Beauty &amp; Health\",\"isPartOf\":{\"@id\":\"https:\/\/tiandeproducts.co.uk\/#website\"},\"primaryImageOfPage\":{\"@id\":\"https:\/\/tiandeproducts.co.uk\/lt\/kondicionierius-plaukams-senosios-juros-paslaptis-250-g\/#primaryimage\"},\"image\":{\"@id\":\"https:\/\/tiandeproducts.co.uk\/lt\/kondicionierius-plaukams-senosios-juros-paslaptis-250-g\/#primaryimage\"},\"thumbnailUrl\":\"https:\/\/tiandeproducts.co.uk\/wp-content\/uploads\/25714.png\",\"datePublished\":\"2019-12-11T09:50:06+00:00\",\"dateModified\":\"2019-12-11T10:14:12+00:00\",\"breadcrumb\":{\"@id\":\"https:\/\/tiandeproducts.co.uk\/lt\/kondicionierius-plaukams-senosios-juros-paslaptis-250-g\/#breadcrumb\"},\"inLanguage\":\"lt-LT\",\"potentialAction\":[{\"@type\":\"ReadAction\",\"target\":[\"https:\/\/tiandeproducts.co.uk\/lt\/kondicionierius-plaukams-senosios-juros-paslaptis-250-g\/\"]}]},{\"@type\":\"ImageObject\",\"inLanguage\":\"lt-LT\",\"@id\":\"https:\/\/tiandeproducts.co.uk\/lt\/kondicionierius-plaukams-senosios-juros-paslaptis-250-g\/#primaryimage\",\"url\":\"https:\/\/tiandeproducts.co.uk\/wp-content\/uploads\/25714.png\",\"contentUrl\":\"https:\/\/tiandeproducts.co.uk\/wp-content\/uploads\/25714.png\",\"width\":700,\"height\":700},{\"@type\":\"BreadcrumbList\",\"@id\":\"https:\/\/tiandeproducts.co.uk\/lt\/kondicionierius-plaukams-senosios-juros-paslaptis-250-g\/#breadcrumb\",\"itemListElement\":[{\"@type\":\"ListItem\",\"position\":1,\"name\":\"Home\",\"item\":\"https:\/\/tiandeproducts.co.uk\/lt\/\"},{\"@type\":\"ListItem\",\"position\":2,\"name\":\"Shop\",\"item\":\"https:\/\/tiandeproducts.co.uk\/lt\/shop-2\/\"},{\"@type\":\"ListItem\",\"position\":3,\"name\":\"Kondicionierius plaukams &#8220;Senosios j\u016bros paslaptis&#8221; 250 g.\"}]},{\"@type\":\"WebSite\",\"@id\":\"https:\/\/tiandeproducts.co.uk\/#website\",\"url\":\"https:\/\/tiandeproducts.co.uk\/\",\"name\":\"TianDe Online Shop - Beauty & Health\",\"description\":\"Traditional Chinese Medicine\",\"potentialAction\":[{\"@type\":\"SearchAction\",\"target\":{\"@type\":\"EntryPoint\",\"urlTemplate\":\"https:\/\/tiandeproducts.co.uk\/?s={search_term_string}\"},\"query-input\":{\"@type\":\"PropertyValueSpecification\",\"valueRequired\":true,\"valueName\":\"search_term_string\"}}],\"inLanguage\":\"lt-LT\"}]}<\/script>\n<!-- \/ Yoast SEO plugin. -->","yoast_head_json":{"title":"Kondicionierius plaukams \"Senosios j\u016bros paslaptis\" 250 g. - TianDe Online Shop - Beauty &amp; Health","robots":{"index":"index","follow":"follow","max-snippet":"max-snippet:-1","max-image-preview":"max-image-preview:large","max-video-preview":"max-video-preview:-1"},"canonical":"https:\/\/tiandeproducts.co.uk\/lt\/kondicionierius-plaukams-senosios-juros-paslaptis-250-g\/","og_locale":"lt_LT","og_type":"article","og_title":"Kondicionierius plaukams \"Senosios j\u016bros paslaptis\" 250 g. - TianDe Online Shop - Beauty &amp; Health","og_description":"Plauk\u0173 blizgesys ir \u0161vyt\u0117jimas! Senov\u0117s j\u016bros kondicionieriaus paslaptyje yra tikr\u0173 lobi\u0173 i\u0161 giliavandeni\u0173: &#8211; raudonieji dumbliai, kuriuose gausu riebal\u0173 r\u016bg\u0161\u010di\u0173, baltym\u0173 ir vitamin\u0173, gerina galvos odos b\u016bkl\u0119 ir stiprina plauk\u0173 strukt\u016br\u0105; &#8211; Bischofito mineralinis junginys, kuris pagerina plauk\u0173 kamieno b\u016bkl\u0119, suteikia jiems mink\u0161tumo ir \u017evilgesio. Tai atstato dr\u0117gm\u0117s balans\u0105, padidina nat\u016bral\u0173 plauk\u0173 spindes\u012f, nes taukmed\u017eio [...]","og_url":"https:\/\/tiandeproducts.co.uk\/lt\/kondicionierius-plaukams-senosios-juros-paslaptis-250-g\/","og_site_name":"TianDe Online Shop - Beauty &amp; Health","article_publisher":"https:\/\/www.facebook.com\/tiande.products.england\/","article_modified_time":"2019-12-11T10:14:12+00:00","og_image":[{"width":700,"height":700,"url":"https:\/\/tiandeproducts.co.uk\/wp-content\/uploads\/25714.png","type":"image\/png"}],"twitter_card":"summary_large_image","schema":{"@context":"https:\/\/schema.org","@graph":[{"@type":"WebPage","@id":"https:\/\/tiandeproducts.co.uk\/lt\/kondicionierius-plaukams-senosios-juros-paslaptis-250-g\/","url":"https:\/\/tiandeproducts.co.uk\/lt\/kondicionierius-plaukams-senosios-juros-paslaptis-250-g\/","name":"Kondicionierius plaukams \"Senosios j\u016bros paslaptis\" 250 g. - TianDe Online Shop - Beauty &amp; Health","isPartOf":{"@id":"https:\/\/tiandeproducts.co.uk\/#website"},"primaryImageOfPage":{"@id":"https:\/\/tiandeproducts.co.uk\/lt\/kondicionierius-plaukams-senosios-juros-paslaptis-250-g\/#primaryimage"},"image":{"@id":"https:\/\/tiandeproducts.co.uk\/lt\/kondicionierius-plaukams-senosios-juros-paslaptis-250-g\/#primaryimage"},"thumbnailUrl":"https:\/\/tiandeproducts.co.uk\/wp-content\/uploads\/25714.png","datePublished":"2019-12-11T09:50:06+00:00","dateModified":"2019-12-11T10:14:12+00:00","breadcrumb":{"@id":"https:\/\/tiandeproducts.co.uk\/lt\/kondicionierius-plaukams-senosios-juros-paslaptis-250-g\/#breadcrumb"},"inLanguage":"lt-LT","potentialAction":[{"@type":"ReadAction","target":["https:\/\/tiandeproducts.co.uk\/lt\/kondicionierius-plaukams-senosios-juros-paslaptis-250-g\/"]}]},{"@type":"ImageObject","inLanguage":"lt-LT","@id":"https:\/\/tiandeproducts.co.uk\/lt\/kondicionierius-plaukams-senosios-juros-paslaptis-250-g\/#primaryimage","url":"https:\/\/tiandeproducts.co.uk\/wp-content\/uploads\/25714.png","contentUrl":"https:\/\/tiandeproducts.co.uk\/wp-content\/uploads\/25714.png","width":700,"height":700},{"@type":"BreadcrumbList","@id":"https:\/\/tiandeproducts.co.uk\/lt\/kondicionierius-plaukams-senosios-juros-paslaptis-250-g\/#breadcrumb","itemListElement":[{"@type":"ListItem","position":1,"name":"Home","item":"https:\/\/tiandeproducts.co.uk\/lt\/"},{"@type":"ListItem","position":2,"name":"Shop","item":"https:\/\/tiandeproducts.co.uk\/lt\/shop-2\/"},{"@type":"ListItem","position":3,"name":"Kondicionierius plaukams &#8220;Senosios j\u016bros paslaptis&#8221; 250 g."}]},{"@type":"WebSite","@id":"https:\/\/tiandeproducts.co.uk\/#website","url":"https:\/\/tiandeproducts.co.uk\/","name":"TianDe Online Shop - Beauty & Health","description":"Traditional Chinese Medicine","potentialAction":[{"@type":"SearchAction","target":{"@type":"EntryPoint","urlTemplate":"https:\/\/tiandeproducts.co.uk\/?s={search_term_string}"},"query-input":{"@type":"PropertyValueSpecification","valueRequired":true,"valueName":"search_term_string"}}],"inLanguage":"lt-LT"}]}},"_links":{"self":[{"href":"https:\/\/tiandeproducts.co.uk\/lt\/wp-json\/wp\/v2\/product\/8790","targetHints":{"allow":["GET"]}}],"collection":[{"href":"https:\/\/tiandeproducts.co.uk\/lt\/wp-json\/wp\/v2\/product"}],"about":[{"href":"https:\/\/tiandeproducts.co.uk\/lt\/wp-json\/wp\/v2\/types\/product"}],"replies":[{"embeddable":true,"href":"https:\/\/tiandeproducts.co.uk\/lt\/wp-json\/wp\/v2\/comments?post=8790"}],"wp:featuredmedia":[{"embeddable":true,"href":"https:\/\/tiandeproducts.co.uk\/lt\/wp-json\/wp\/v2\/media\/8784"}],"wp:attachment":[{"href":"https:\/\/tiandeproducts.co.uk\/lt\/wp-json\/wp\/v2\/media?parent=8790"}],"wp:term":[{"taxonomy":"product_cat","embeddable":true,"href":"https:\/\/tiandeproducts.co.uk\/lt\/wp-json\/wp\/v2\/product_cat?post=8790"},{"taxonomy":"product_tag","embeddable":true,"href":"https:\/\/tiandeproducts.co.uk\/lt\/wp-json\/wp\/v2\/product_tag?post=8790"}],"curies":[{"name":"wp","href":"https:\/\/api.w.org\/{rel}","templated":true}]}}