{"id":6778,"date":"2019-11-06T10:21:48","date_gmt":"2019-11-06T10:21:48","guid":{"rendered":"https:\/\/www.tiandeproducts.co.uk\/grikiu-burnociu-kose-su-siitake-grybais-35-g\/"},"modified":"2021-02-05T18:27:11","modified_gmt":"2021-02-05T18:27:11","slug":"grikiu-burnociu-kose-su-siitake-grybais-35-g","status":"publish","type":"product","link":"https:\/\/tiandeproducts.co.uk\/lt\/grikiu-burnociu-kose-su-siitake-grybais-35-g\/","title":{"rendered":"Griki\u0173 \u2013 burno\u010di\u0173 ko\u0161\u0117 su \u0161iitake grybais 35 g."},"content":{"rendered":"<p><img decoding=\"async\" style=\"max-width: 16px; margin-right: 5px;\" src=\"https:\/\/tiandeproducts.co.uk\/wp-content\/uploads\/points-green.svg\" \/>\u00a0Earn 2 points worth \u00a30.10 when buying this product<\/p>\n<p><strong>Maistingas, skanus, ma\u017eai kalorij\u0173 turintis produktas!<\/strong><\/p>\n<p>Kod\u0117l ko\u0161\u0117 laikoma geriausiu pusry\u010di\u0173 pasirinkimu, puikiu patiekalu pietums ar vakarienei? Viskas labai paprasta: javai yra gr\u016bdai, kuriuose gausu skaidul\u0173, vitamin\u0173, verting\u0173 augalini\u0173 baltym\u0173, \u201el\u0117t\u0173\u201c angliavandeni\u0173 ir tuo pa\u010diu yra gana ma\u017eai kalorij\u0173. Ko\u0161\u0117 ilg\u0105 laik\u0105 palaiko sotumo jausm\u0105, nesudaro papildomos na\u0161tos vir\u0161kinamajam traktui, \u012fpranta laikytis dietos, priver\u010dia k\u016bn\u0105 \u201eatsibusti\u201c ir \u201enepykti\u201c iki kito pilnaver\u010dio valgymo. Visa tai leid\u017eia valgyti ma\u017eiau \u2013 tai ypa\u010d naudinga, jei norite kontroliuoti maisto kiek\u012f siekiant lieknos fig\u016bros.<\/p>\n<p>Griki\u0173 \u2013 burno\u010di\u0173 ko\u0161\u0117 su \u0161iitake grybais \u2013 tai puikus skonis ir nauda! Jos nereikia virti, tiesiog u\u017epilkite verdan\u010diu vandeniu \u2013 ir po poros minu\u010di\u0173 skanus ir sveikas patiekalas yra paruo\u0161tas!<\/p>\n<p>Tai puikus vir\u0161kinimo trakto palaikymas:<\/p>\n<ul>\n<li>l\u0105steliena, kurios grikiuose yra didelis kiekis, padeda i\u0161vengti \u017earnyno disbioz\u0117s ir net priaugti svorio;<\/li>\n<li>burnotis, kuris yra ko\u0161\u0117s dalis, yra ilgaam\u017ei\u0161kumo, j\u0117gos ir energijos \u0161altinis. Senov\u0117s actekai naudojo burnot\u012f naujagimiams maitinti, o kariai pasi\u0117m\u0117 \u0161io augalo s\u0117klas su savimi \u012f sunkias keliones kaip j\u0117gos ir sveikatos \u0161altin\u012f.<\/li>\n<li>\u0161iitake grybai Rytuose laikomi ilgaam\u017ei\u0161kumo simboliu.<\/li>\n<\/ul>\n<p>Ko\u0161\u0117s sud\u0117tis pagardinta aromatin\u0117mis dar\u017eov\u0117mis ir prieskoniais. Tai yra 100% nat\u016bralus produktas tiems, kurie nori:<\/p>\n<ul>\n<li>gr\u0105\u017eint\u012f svor\u012f \u012f normal\u0173 ir palaikyti j\u012f;<\/li>\n<li>i\u0161valyti k\u016bn\u0105 nuo toksin\u0173 ir \u0161lak\u0173;<\/li>\n<li>palaikyti vidaus organ\u0173 darb\u0105 ir sul\u0117tinti sen\u0117jim\u0105;<\/li>\n<li>padidinti imunitet\u0105 ir re\u010diau sirgti.<\/li>\n<\/ul>\n<p>\u012e savo racion\u0105 \u012ftraukite tinkam\u0105 patiekal\u0105 \u2013 griki\u0173 \u2013 burno\u010di\u0173 ko\u0161\u0119 su \u0161iitake grybais!<\/p>\n<p><strong>Paruo\u0161imas:<\/strong>\u00a0nor\u0117dami paruo\u0161ti ko\u0161\u0119, \u012fpilkite 75\u201380 gram\u0173 kar\u0161to vandens, gerai i\u0161mai\u0161ykite. Po 3-5 minu\u010di\u0173 produktas yra paruo\u0161tas vartoti.<\/p>\n","protected":false},"excerpt":{"rendered":"<p>\u00a0Earn 2 points worth \u00a30.10 when buying this product Maistingas, skanus, ma\u017eai kalorij\u0173 turintis produktas! Kod\u0117l ko\u0161\u0117 laikoma geriausiu pusry\u010di\u0173 pasirinkimu, puikiu patiekalu pietums ar vakarienei? Viskas labai paprasta: javai yra gr\u016bdai, kuriuose gausu skaidul\u0173, vitamin\u0173, verting\u0173 augalini\u0173 baltym\u0173, \u201el\u0117t\u0173\u201c angliavandeni\u0173 ir tuo pa\u010diu yra gana ma\u017eai kalorij\u0173. Ko\u0161\u0117 ilg\u0105 laik\u0105 palaiko sotumo jausm\u0105, nesudaro [&#8230;]\n","protected":false},"featured_media":6755,"comment_status":"open","ping_status":"closed","template":"","meta":[],"product_cat":[620,1361],"product_tag":[],"class_list":{"0":"post-6778","1":"product","2":"type-product","3":"status-publish","4":"has-post-thumbnail","6":"product_cat-namams","7":"product_cat-sveikas-maistas","9":"first","10":"outofstock","11":"shipping-taxable","12":"purchasable","13":"product-type-simple"},"yoast_head":"<!-- This site is optimized with the Yoast SEO plugin v23.6 - https:\/\/yoast.com\/wordpress\/plugins\/seo\/ -->\n<title>Griki\u0173 \u2013 burno\u010di\u0173 ko\u0161\u0117 su \u0161iitake grybais 35 g. - TianDe Online Shop - Beauty &amp; Health<\/title>\n<meta name=\"robots\" content=\"index, follow, max-snippet:-1, max-image-preview:large, max-video-preview:-1\" \/>\n<link rel=\"canonical\" href=\"https:\/\/tiandeproducts.co.uk\/lt\/grikiu-burnociu-kose-su-siitake-grybais-35-g\/\" \/>\n<meta property=\"og:locale\" content=\"lt_LT\" \/>\n<meta property=\"og:type\" content=\"article\" \/>\n<meta property=\"og:title\" content=\"Griki\u0173 \u2013 burno\u010di\u0173 ko\u0161\u0117 su \u0161iitake grybais 35 g. - TianDe Online Shop - Beauty &amp; Health\" \/>\n<meta property=\"og:description\" content=\"\u00a0Earn 2 points worth \u00a30.10 when buying this product Maistingas, skanus, ma\u017eai kalorij\u0173 turintis produktas! Kod\u0117l ko\u0161\u0117 laikoma geriausiu pusry\u010di\u0173 pasirinkimu, puikiu patiekalu pietums ar vakarienei? Viskas labai paprasta: javai yra gr\u016bdai, kuriuose gausu skaidul\u0173, vitamin\u0173, verting\u0173 augalini\u0173 baltym\u0173, \u201el\u0117t\u0173\u201c angliavandeni\u0173 ir tuo pa\u010diu yra gana ma\u017eai kalorij\u0173. Ko\u0161\u0117 ilg\u0105 laik\u0105 palaiko sotumo jausm\u0105, nesudaro [...]\" \/>\n<meta property=\"og:url\" content=\"https:\/\/tiandeproducts.co.uk\/lt\/grikiu-burnociu-kose-su-siitake-grybais-35-g\/\" \/>\n<meta property=\"og:site_name\" content=\"TianDe Online Shop - Beauty &amp; Health\" \/>\n<meta property=\"article:publisher\" content=\"https:\/\/www.facebook.com\/tiande.products.england\/\" \/>\n<meta property=\"article:modified_time\" content=\"2021-02-05T18:27:11+00:00\" \/>\n<meta property=\"og:image\" content=\"https:\/\/tiandeproducts.co.uk\/wp-content\/uploads\/195433jpg.jpg\" \/>\n\t<meta property=\"og:image:width\" content=\"700\" \/>\n\t<meta property=\"og:image:height\" content=\"700\" \/>\n\t<meta property=\"og:image:type\" content=\"image\/jpeg\" \/>\n<meta name=\"twitter:card\" content=\"summary_large_image\" \/>\n<meta name=\"twitter:label1\" content=\"Est. reading time\" \/>\n\t<meta name=\"twitter:data1\" content=\"1 minut\u0117\" \/>\n<script type=\"application\/ld+json\" class=\"yoast-schema-graph\">{\"@context\":\"https:\/\/schema.org\",\"@graph\":[{\"@type\":\"WebPage\",\"@id\":\"https:\/\/tiandeproducts.co.uk\/lt\/grikiu-burnociu-kose-su-siitake-grybais-35-g\/\",\"url\":\"https:\/\/tiandeproducts.co.uk\/lt\/grikiu-burnociu-kose-su-siitake-grybais-35-g\/\",\"name\":\"Griki\u0173 \u2013 burno\u010di\u0173 ko\u0161\u0117 su \u0161iitake grybais 35 g. - TianDe Online Shop - Beauty &amp; Health\",\"isPartOf\":{\"@id\":\"https:\/\/tiandeproducts.co.uk\/#website\"},\"primaryImageOfPage\":{\"@id\":\"https:\/\/tiandeproducts.co.uk\/lt\/grikiu-burnociu-kose-su-siitake-grybais-35-g\/#primaryimage\"},\"image\":{\"@id\":\"https:\/\/tiandeproducts.co.uk\/lt\/grikiu-burnociu-kose-su-siitake-grybais-35-g\/#primaryimage\"},\"thumbnailUrl\":\"https:\/\/tiandeproducts.co.uk\/wp-content\/uploads\/195433jpg.jpg\",\"datePublished\":\"2019-11-06T10:21:48+00:00\",\"dateModified\":\"2021-02-05T18:27:11+00:00\",\"breadcrumb\":{\"@id\":\"https:\/\/tiandeproducts.co.uk\/lt\/grikiu-burnociu-kose-su-siitake-grybais-35-g\/#breadcrumb\"},\"inLanguage\":\"lt-LT\",\"potentialAction\":[{\"@type\":\"ReadAction\",\"target\":[\"https:\/\/tiandeproducts.co.uk\/lt\/grikiu-burnociu-kose-su-siitake-grybais-35-g\/\"]}]},{\"@type\":\"ImageObject\",\"inLanguage\":\"lt-LT\",\"@id\":\"https:\/\/tiandeproducts.co.uk\/lt\/grikiu-burnociu-kose-su-siitake-grybais-35-g\/#primaryimage\",\"url\":\"https:\/\/tiandeproducts.co.uk\/wp-content\/uploads\/195433jpg.jpg\",\"contentUrl\":\"https:\/\/tiandeproducts.co.uk\/wp-content\/uploads\/195433jpg.jpg\",\"width\":700,\"height\":700},{\"@type\":\"BreadcrumbList\",\"@id\":\"https:\/\/tiandeproducts.co.uk\/lt\/grikiu-burnociu-kose-su-siitake-grybais-35-g\/#breadcrumb\",\"itemListElement\":[{\"@type\":\"ListItem\",\"position\":1,\"name\":\"Home\",\"item\":\"https:\/\/tiandeproducts.co.uk\/lt\/\"},{\"@type\":\"ListItem\",\"position\":2,\"name\":\"Shop\",\"item\":\"https:\/\/tiandeproducts.co.uk\/lt\/shop-2\/\"},{\"@type\":\"ListItem\",\"position\":3,\"name\":\"Griki\u0173 \u2013 burno\u010di\u0173 ko\u0161\u0117 su \u0161iitake grybais 35 g.\"}]},{\"@type\":\"WebSite\",\"@id\":\"https:\/\/tiandeproducts.co.uk\/#website\",\"url\":\"https:\/\/tiandeproducts.co.uk\/\",\"name\":\"TianDe Online Shop - Beauty & Health\",\"description\":\"Traditional Chinese Medicine\",\"potentialAction\":[{\"@type\":\"SearchAction\",\"target\":{\"@type\":\"EntryPoint\",\"urlTemplate\":\"https:\/\/tiandeproducts.co.uk\/?s={search_term_string}\"},\"query-input\":{\"@type\":\"PropertyValueSpecification\",\"valueRequired\":true,\"valueName\":\"search_term_string\"}}],\"inLanguage\":\"lt-LT\"}]}<\/script>\n<!-- \/ Yoast SEO plugin. -->","yoast_head_json":{"title":"Griki\u0173 \u2013 burno\u010di\u0173 ko\u0161\u0117 su \u0161iitake grybais 35 g. - TianDe Online Shop - Beauty &amp; Health","robots":{"index":"index","follow":"follow","max-snippet":"max-snippet:-1","max-image-preview":"max-image-preview:large","max-video-preview":"max-video-preview:-1"},"canonical":"https:\/\/tiandeproducts.co.uk\/lt\/grikiu-burnociu-kose-su-siitake-grybais-35-g\/","og_locale":"lt_LT","og_type":"article","og_title":"Griki\u0173 \u2013 burno\u010di\u0173 ko\u0161\u0117 su \u0161iitake grybais 35 g. - TianDe Online Shop - Beauty &amp; Health","og_description":"\u00a0Earn 2 points worth \u00a30.10 when buying this product Maistingas, skanus, ma\u017eai kalorij\u0173 turintis produktas! Kod\u0117l ko\u0161\u0117 laikoma geriausiu pusry\u010di\u0173 pasirinkimu, puikiu patiekalu pietums ar vakarienei? Viskas labai paprasta: javai yra gr\u016bdai, kuriuose gausu skaidul\u0173, vitamin\u0173, verting\u0173 augalini\u0173 baltym\u0173, \u201el\u0117t\u0173\u201c angliavandeni\u0173 ir tuo pa\u010diu yra gana ma\u017eai kalorij\u0173. Ko\u0161\u0117 ilg\u0105 laik\u0105 palaiko sotumo jausm\u0105, nesudaro [...]","og_url":"https:\/\/tiandeproducts.co.uk\/lt\/grikiu-burnociu-kose-su-siitake-grybais-35-g\/","og_site_name":"TianDe Online Shop - Beauty &amp; Health","article_publisher":"https:\/\/www.facebook.com\/tiande.products.england\/","article_modified_time":"2021-02-05T18:27:11+00:00","og_image":[{"width":700,"height":700,"url":"https:\/\/tiandeproducts.co.uk\/wp-content\/uploads\/195433jpg.jpg","type":"image\/jpeg"}],"twitter_card":"summary_large_image","twitter_misc":{"Est. reading time":"1 minut\u0117"},"schema":{"@context":"https:\/\/schema.org","@graph":[{"@type":"WebPage","@id":"https:\/\/tiandeproducts.co.uk\/lt\/grikiu-burnociu-kose-su-siitake-grybais-35-g\/","url":"https:\/\/tiandeproducts.co.uk\/lt\/grikiu-burnociu-kose-su-siitake-grybais-35-g\/","name":"Griki\u0173 \u2013 burno\u010di\u0173 ko\u0161\u0117 su \u0161iitake grybais 35 g. - TianDe Online Shop - Beauty &amp; Health","isPartOf":{"@id":"https:\/\/tiandeproducts.co.uk\/#website"},"primaryImageOfPage":{"@id":"https:\/\/tiandeproducts.co.uk\/lt\/grikiu-burnociu-kose-su-siitake-grybais-35-g\/#primaryimage"},"image":{"@id":"https:\/\/tiandeproducts.co.uk\/lt\/grikiu-burnociu-kose-su-siitake-grybais-35-g\/#primaryimage"},"thumbnailUrl":"https:\/\/tiandeproducts.co.uk\/wp-content\/uploads\/195433jpg.jpg","datePublished":"2019-11-06T10:21:48+00:00","dateModified":"2021-02-05T18:27:11+00:00","breadcrumb":{"@id":"https:\/\/tiandeproducts.co.uk\/lt\/grikiu-burnociu-kose-su-siitake-grybais-35-g\/#breadcrumb"},"inLanguage":"lt-LT","potentialAction":[{"@type":"ReadAction","target":["https:\/\/tiandeproducts.co.uk\/lt\/grikiu-burnociu-kose-su-siitake-grybais-35-g\/"]}]},{"@type":"ImageObject","inLanguage":"lt-LT","@id":"https:\/\/tiandeproducts.co.uk\/lt\/grikiu-burnociu-kose-su-siitake-grybais-35-g\/#primaryimage","url":"https:\/\/tiandeproducts.co.uk\/wp-content\/uploads\/195433jpg.jpg","contentUrl":"https:\/\/tiandeproducts.co.uk\/wp-content\/uploads\/195433jpg.jpg","width":700,"height":700},{"@type":"BreadcrumbList","@id":"https:\/\/tiandeproducts.co.uk\/lt\/grikiu-burnociu-kose-su-siitake-grybais-35-g\/#breadcrumb","itemListElement":[{"@type":"ListItem","position":1,"name":"Home","item":"https:\/\/tiandeproducts.co.uk\/lt\/"},{"@type":"ListItem","position":2,"name":"Shop","item":"https:\/\/tiandeproducts.co.uk\/lt\/shop-2\/"},{"@type":"ListItem","position":3,"name":"Griki\u0173 \u2013 burno\u010di\u0173 ko\u0161\u0117 su \u0161iitake grybais 35 g."}]},{"@type":"WebSite","@id":"https:\/\/tiandeproducts.co.uk\/#website","url":"https:\/\/tiandeproducts.co.uk\/","name":"TianDe Online Shop - Beauty & Health","description":"Traditional Chinese Medicine","potentialAction":[{"@type":"SearchAction","target":{"@type":"EntryPoint","urlTemplate":"https:\/\/tiandeproducts.co.uk\/?s={search_term_string}"},"query-input":{"@type":"PropertyValueSpecification","valueRequired":true,"valueName":"search_term_string"}}],"inLanguage":"lt-LT"}]}},"_links":{"self":[{"href":"https:\/\/tiandeproducts.co.uk\/lt\/wp-json\/wp\/v2\/product\/6778","targetHints":{"allow":["GET"]}}],"collection":[{"href":"https:\/\/tiandeproducts.co.uk\/lt\/wp-json\/wp\/v2\/product"}],"about":[{"href":"https:\/\/tiandeproducts.co.uk\/lt\/wp-json\/wp\/v2\/types\/product"}],"replies":[{"embeddable":true,"href":"https:\/\/tiandeproducts.co.uk\/lt\/wp-json\/wp\/v2\/comments?post=6778"}],"wp:featuredmedia":[{"embeddable":true,"href":"https:\/\/tiandeproducts.co.uk\/lt\/wp-json\/wp\/v2\/media\/6755"}],"wp:attachment":[{"href":"https:\/\/tiandeproducts.co.uk\/lt\/wp-json\/wp\/v2\/media?parent=6778"}],"wp:term":[{"taxonomy":"product_cat","embeddable":true,"href":"https:\/\/tiandeproducts.co.uk\/lt\/wp-json\/wp\/v2\/product_cat?post=6778"},{"taxonomy":"product_tag","embeddable":true,"href":"https:\/\/tiandeproducts.co.uk\/lt\/wp-json\/wp\/v2\/product_tag?post=6778"}],"curies":[{"name":"wp","href":"https:\/\/api.w.org\/{rel}","templated":true}]}}