{"id":6777,"date":"2019-11-06T10:24:55","date_gmt":"2019-11-06T10:24:55","guid":{"rendered":"https:\/\/www.tiandeproducts.co.uk\/kremine-grietineles-sriuba-su-brokoliais-moliugais-ir-lesiais-25g\/"},"modified":"2021-02-05T18:25:42","modified_gmt":"2021-02-05T18:25:42","slug":"kremine-grietineles-sriuba-su-brokoliais-moliugais-ir-lesiais-25g","status":"publish","type":"product","link":"https:\/\/tiandeproducts.co.uk\/lt\/kremine-grietineles-sriuba-su-brokoliais-moliugais-ir-lesiais-25g\/","title":{"rendered":"Kremin\u0117 grietin\u0117l\u0117s sriuba su brokoliais, moli\u016bgais ir l\u0119\u0161iais 25g."},"content":{"rendered":"<p><img decoding=\"async\" style=\"max-width: 16px; margin-right: 5px;\" src=\"https:\/\/tiandeproducts.co.uk\/wp-content\/uploads\/points-green.svg\" \/>\u00a0Earn 2 points worth \u00a30.10 when buying this product<\/p>\n<p><strong>Maistas be vargo, sveikata be kompromis\u0173!<\/strong><\/p>\n<p>Kremin\u0117 grietin\u0117l\u0117s sriuba su brokoliais, moli\u016bgais ir l\u0119\u0161iais yra puikus sveik\u0173 dar\u017eovi\u0173 ir gr\u016bd\u0173 balansas ir tik 5 minutes J\u016bs\u0173 laiko! Tai puikiai tinka tiems, kurie pri\u017ei\u016bri savo fig\u016br\u0105 \u2013 kiekvienoje porcijoje yra tik 28 kalorijos!<\/p>\n<p>\u201eTianDe\u201c kremin\u0117 sriuba yra 100% pagaminta i\u0161 nat\u016brali\u0173 produkt\u0173 ir joje n\u0117ra konservant\u0173. M\u0117gaukit\u0117s sveiku maistu ir nepraleiskite savo laisvo laiko prie virykl\u0117s!<\/p>\n<p>Kas \u012feina \u012f sriub\u0105? Nat\u016bralios dar\u017eov\u0117s ir gr\u016bdai, taip pat veikliosios med\u017eiagos, nepaprastai naudingos organizmui! Tai yra tirpus inulinas, skaidinantis skaidulas, o lecitinas \u2013 statybin\u0117 med\u017eiaga l\u0105steli\u0173 sienel\u0117ms.<\/p>\n<p>Aktyvieji kremin\u0117s sriubos komponentai yra nepakei\u010diam\u0173 organizmui med\u017eiag\u0173 \u0161altiniai: \u201esportin\u0117s\u201c, \u201eprotingos\u201c ir \u201eregeneruojan\u010dios\u201c aminor\u016bg\u0161tys, vitaminas C \u2013 pagrindinis imuniteto \u201edraugas\u201c, o skvalenas \u2013 l\u0105steli\u0173 \u201eregeneratorius\u201c.<\/p>\n<p>Kremin\u0117 sriuba labai palengvina vir\u0161kinim\u0105. Jame yra b\u016btinas baltyminis maistas, dar\u017eov\u0117s, kompleksiniai angliavandeniai. Kadangi sriuboje yra ma\u017eai riebal\u0173, o komponentai smarkiai susmulkinami, vir\u0161kinimo traktas lengvai j\u012f apdoroja. Vitaminai ir mineralai greitai absorbuojami, taip pat greitai \u0161alinami toksinai ir \u0161lakai. Kremin\u0117 sriuba palaiko \u017earnyno mikroflor\u0105 ir pagerina jos judrum\u0105.<\/p>\n<p>D\u0117l patiekal\u0105 sudaran\u010di\u0173 dar\u017eovi\u0173 savybi\u0173, kremin\u0117 sriuba padeda atstatyti imunitet\u0105. Jame yra kry\u017ema\u017eied\u017ei\u0173 dar\u017eovi\u0173 \u2013 brokoli\u0173 ir \u0161pinat\u0173, \u0161altini\u0173 specialios med\u017eiagos indolio-3-karbinolio, kuris teigiamai veikia moters ir vyro lytin\u0119 sveikat\u0105. M\u0117gaukit\u0117s naudingu sveikatai puikiu skoniu!<\/p>\n<p><strong>Pruo\u0161imas:<\/strong>\u00a0\u012fpilkite 100-120 ml. verdan\u010dio vandens, gerai i\u0161mai\u0161ykite. Po 2-3 minu\u010di\u0173 produktas yra paruo\u0161tas vartoti.<\/p>\n","protected":false},"excerpt":{"rendered":"<p>\u00a0Earn 2 points worth \u00a30.10 when buying this product Maistas be vargo, sveikata be kompromis\u0173! Kremin\u0117 grietin\u0117l\u0117s sriuba su brokoliais, moli\u016bgais ir l\u0119\u0161iais yra puikus sveik\u0173 dar\u017eovi\u0173 ir gr\u016bd\u0173 balansas ir tik 5 minutes J\u016bs\u0173 laiko! Tai puikiai tinka tiems, kurie pri\u017ei\u016bri savo fig\u016br\u0105 \u2013 kiekvienoje porcijoje yra tik 28 kalorijos! \u201eTianDe\u201c kremin\u0117 sriuba yra [&#8230;]\n","protected":false},"featured_media":6760,"comment_status":"open","ping_status":"closed","template":"","meta":[],"product_cat":[620,1361],"product_tag":[],"class_list":{"0":"post-6777","1":"product","2":"type-product","3":"status-publish","4":"has-post-thumbnail","6":"product_cat-namams","7":"product_cat-sveikas-maistas","9":"first","10":"outofstock","11":"shipping-taxable","12":"purchasable","13":"product-type-simple"},"yoast_head":"<!-- This site is optimized with the Yoast SEO plugin v23.6 - https:\/\/yoast.com\/wordpress\/plugins\/seo\/ -->\n<title>Kremin\u0117 grietin\u0117l\u0117s sriuba su brokoliais, moli\u016bgais ir l\u0119\u0161iais 25g. - TianDe Online Shop - Beauty &amp; Health<\/title>\n<meta name=\"robots\" content=\"index, follow, max-snippet:-1, max-image-preview:large, max-video-preview:-1\" \/>\n<link rel=\"canonical\" href=\"https:\/\/tiandeproducts.co.uk\/lt\/kremine-grietineles-sriuba-su-brokoliais-moliugais-ir-lesiais-25g\/\" \/>\n<meta property=\"og:locale\" content=\"lt_LT\" \/>\n<meta property=\"og:type\" content=\"article\" \/>\n<meta property=\"og:title\" content=\"Kremin\u0117 grietin\u0117l\u0117s sriuba su brokoliais, moli\u016bgais ir l\u0119\u0161iais 25g. - TianDe Online Shop - Beauty &amp; Health\" \/>\n<meta property=\"og:description\" content=\"\u00a0Earn 2 points worth \u00a30.10 when buying this product Maistas be vargo, sveikata be kompromis\u0173! Kremin\u0117 grietin\u0117l\u0117s sriuba su brokoliais, moli\u016bgais ir l\u0119\u0161iais yra puikus sveik\u0173 dar\u017eovi\u0173 ir gr\u016bd\u0173 balansas ir tik 5 minutes J\u016bs\u0173 laiko! Tai puikiai tinka tiems, kurie pri\u017ei\u016bri savo fig\u016br\u0105 \u2013 kiekvienoje porcijoje yra tik 28 kalorijos! \u201eTianDe\u201c kremin\u0117 sriuba yra [...]\" \/>\n<meta property=\"og:url\" content=\"https:\/\/tiandeproducts.co.uk\/lt\/kremine-grietineles-sriuba-su-brokoliais-moliugais-ir-lesiais-25g\/\" \/>\n<meta property=\"og:site_name\" content=\"TianDe Online Shop - Beauty &amp; Health\" \/>\n<meta property=\"article:publisher\" content=\"https:\/\/www.facebook.com\/tiande.products.england\/\" \/>\n<meta property=\"article:modified_time\" content=\"2021-02-05T18:25:42+00:00\" \/>\n<meta property=\"og:image\" content=\"https:\/\/tiandeproducts.co.uk\/wp-content\/uploads\/195434.jpg\" \/>\n\t<meta property=\"og:image:width\" content=\"700\" \/>\n\t<meta property=\"og:image:height\" content=\"700\" \/>\n\t<meta property=\"og:image:type\" content=\"image\/jpeg\" \/>\n<meta name=\"twitter:card\" content=\"summary_large_image\" \/>\n<meta name=\"twitter:label1\" content=\"Est. reading time\" \/>\n\t<meta name=\"twitter:data1\" content=\"1 minut\u0117\" \/>\n<script type=\"application\/ld+json\" class=\"yoast-schema-graph\">{\"@context\":\"https:\/\/schema.org\",\"@graph\":[{\"@type\":\"WebPage\",\"@id\":\"https:\/\/tiandeproducts.co.uk\/lt\/kremine-grietineles-sriuba-su-brokoliais-moliugais-ir-lesiais-25g\/\",\"url\":\"https:\/\/tiandeproducts.co.uk\/lt\/kremine-grietineles-sriuba-su-brokoliais-moliugais-ir-lesiais-25g\/\",\"name\":\"Kremin\u0117 grietin\u0117l\u0117s sriuba su brokoliais, moli\u016bgais ir l\u0119\u0161iais 25g. - TianDe Online Shop - Beauty &amp; Health\",\"isPartOf\":{\"@id\":\"https:\/\/tiandeproducts.co.uk\/#website\"},\"primaryImageOfPage\":{\"@id\":\"https:\/\/tiandeproducts.co.uk\/lt\/kremine-grietineles-sriuba-su-brokoliais-moliugais-ir-lesiais-25g\/#primaryimage\"},\"image\":{\"@id\":\"https:\/\/tiandeproducts.co.uk\/lt\/kremine-grietineles-sriuba-su-brokoliais-moliugais-ir-lesiais-25g\/#primaryimage\"},\"thumbnailUrl\":\"https:\/\/tiandeproducts.co.uk\/wp-content\/uploads\/195434.jpg\",\"datePublished\":\"2019-11-06T10:24:55+00:00\",\"dateModified\":\"2021-02-05T18:25:42+00:00\",\"breadcrumb\":{\"@id\":\"https:\/\/tiandeproducts.co.uk\/lt\/kremine-grietineles-sriuba-su-brokoliais-moliugais-ir-lesiais-25g\/#breadcrumb\"},\"inLanguage\":\"lt-LT\",\"potentialAction\":[{\"@type\":\"ReadAction\",\"target\":[\"https:\/\/tiandeproducts.co.uk\/lt\/kremine-grietineles-sriuba-su-brokoliais-moliugais-ir-lesiais-25g\/\"]}]},{\"@type\":\"ImageObject\",\"inLanguage\":\"lt-LT\",\"@id\":\"https:\/\/tiandeproducts.co.uk\/lt\/kremine-grietineles-sriuba-su-brokoliais-moliugais-ir-lesiais-25g\/#primaryimage\",\"url\":\"https:\/\/tiandeproducts.co.uk\/wp-content\/uploads\/195434.jpg\",\"contentUrl\":\"https:\/\/tiandeproducts.co.uk\/wp-content\/uploads\/195434.jpg\",\"width\":700,\"height\":700},{\"@type\":\"BreadcrumbList\",\"@id\":\"https:\/\/tiandeproducts.co.uk\/lt\/kremine-grietineles-sriuba-su-brokoliais-moliugais-ir-lesiais-25g\/#breadcrumb\",\"itemListElement\":[{\"@type\":\"ListItem\",\"position\":1,\"name\":\"Home\",\"item\":\"https:\/\/tiandeproducts.co.uk\/lt\/\"},{\"@type\":\"ListItem\",\"position\":2,\"name\":\"Shop\",\"item\":\"https:\/\/tiandeproducts.co.uk\/lt\/shop-2\/\"},{\"@type\":\"ListItem\",\"position\":3,\"name\":\"Kremin\u0117 grietin\u0117l\u0117s sriuba su brokoliais, moli\u016bgais ir l\u0119\u0161iais 25g.\"}]},{\"@type\":\"WebSite\",\"@id\":\"https:\/\/tiandeproducts.co.uk\/#website\",\"url\":\"https:\/\/tiandeproducts.co.uk\/\",\"name\":\"TianDe Online Shop - Beauty & Health\",\"description\":\"Traditional Chinese Medicine\",\"potentialAction\":[{\"@type\":\"SearchAction\",\"target\":{\"@type\":\"EntryPoint\",\"urlTemplate\":\"https:\/\/tiandeproducts.co.uk\/?s={search_term_string}\"},\"query-input\":{\"@type\":\"PropertyValueSpecification\",\"valueRequired\":true,\"valueName\":\"search_term_string\"}}],\"inLanguage\":\"lt-LT\"}]}<\/script>\n<!-- \/ Yoast SEO plugin. -->","yoast_head_json":{"title":"Kremin\u0117 grietin\u0117l\u0117s sriuba su brokoliais, moli\u016bgais ir l\u0119\u0161iais 25g. - TianDe Online Shop - Beauty &amp; Health","robots":{"index":"index","follow":"follow","max-snippet":"max-snippet:-1","max-image-preview":"max-image-preview:large","max-video-preview":"max-video-preview:-1"},"canonical":"https:\/\/tiandeproducts.co.uk\/lt\/kremine-grietineles-sriuba-su-brokoliais-moliugais-ir-lesiais-25g\/","og_locale":"lt_LT","og_type":"article","og_title":"Kremin\u0117 grietin\u0117l\u0117s sriuba su brokoliais, moli\u016bgais ir l\u0119\u0161iais 25g. - TianDe Online Shop - Beauty &amp; Health","og_description":"\u00a0Earn 2 points worth \u00a30.10 when buying this product Maistas be vargo, sveikata be kompromis\u0173! Kremin\u0117 grietin\u0117l\u0117s sriuba su brokoliais, moli\u016bgais ir l\u0119\u0161iais yra puikus sveik\u0173 dar\u017eovi\u0173 ir gr\u016bd\u0173 balansas ir tik 5 minutes J\u016bs\u0173 laiko! Tai puikiai tinka tiems, kurie pri\u017ei\u016bri savo fig\u016br\u0105 \u2013 kiekvienoje porcijoje yra tik 28 kalorijos! \u201eTianDe\u201c kremin\u0117 sriuba yra [...]","og_url":"https:\/\/tiandeproducts.co.uk\/lt\/kremine-grietineles-sriuba-su-brokoliais-moliugais-ir-lesiais-25g\/","og_site_name":"TianDe Online Shop - Beauty &amp; Health","article_publisher":"https:\/\/www.facebook.com\/tiande.products.england\/","article_modified_time":"2021-02-05T18:25:42+00:00","og_image":[{"width":700,"height":700,"url":"https:\/\/tiandeproducts.co.uk\/wp-content\/uploads\/195434.jpg","type":"image\/jpeg"}],"twitter_card":"summary_large_image","twitter_misc":{"Est. reading time":"1 minut\u0117"},"schema":{"@context":"https:\/\/schema.org","@graph":[{"@type":"WebPage","@id":"https:\/\/tiandeproducts.co.uk\/lt\/kremine-grietineles-sriuba-su-brokoliais-moliugais-ir-lesiais-25g\/","url":"https:\/\/tiandeproducts.co.uk\/lt\/kremine-grietineles-sriuba-su-brokoliais-moliugais-ir-lesiais-25g\/","name":"Kremin\u0117 grietin\u0117l\u0117s sriuba su brokoliais, moli\u016bgais ir l\u0119\u0161iais 25g. - TianDe Online Shop - Beauty &amp; Health","isPartOf":{"@id":"https:\/\/tiandeproducts.co.uk\/#website"},"primaryImageOfPage":{"@id":"https:\/\/tiandeproducts.co.uk\/lt\/kremine-grietineles-sriuba-su-brokoliais-moliugais-ir-lesiais-25g\/#primaryimage"},"image":{"@id":"https:\/\/tiandeproducts.co.uk\/lt\/kremine-grietineles-sriuba-su-brokoliais-moliugais-ir-lesiais-25g\/#primaryimage"},"thumbnailUrl":"https:\/\/tiandeproducts.co.uk\/wp-content\/uploads\/195434.jpg","datePublished":"2019-11-06T10:24:55+00:00","dateModified":"2021-02-05T18:25:42+00:00","breadcrumb":{"@id":"https:\/\/tiandeproducts.co.uk\/lt\/kremine-grietineles-sriuba-su-brokoliais-moliugais-ir-lesiais-25g\/#breadcrumb"},"inLanguage":"lt-LT","potentialAction":[{"@type":"ReadAction","target":["https:\/\/tiandeproducts.co.uk\/lt\/kremine-grietineles-sriuba-su-brokoliais-moliugais-ir-lesiais-25g\/"]}]},{"@type":"ImageObject","inLanguage":"lt-LT","@id":"https:\/\/tiandeproducts.co.uk\/lt\/kremine-grietineles-sriuba-su-brokoliais-moliugais-ir-lesiais-25g\/#primaryimage","url":"https:\/\/tiandeproducts.co.uk\/wp-content\/uploads\/195434.jpg","contentUrl":"https:\/\/tiandeproducts.co.uk\/wp-content\/uploads\/195434.jpg","width":700,"height":700},{"@type":"BreadcrumbList","@id":"https:\/\/tiandeproducts.co.uk\/lt\/kremine-grietineles-sriuba-su-brokoliais-moliugais-ir-lesiais-25g\/#breadcrumb","itemListElement":[{"@type":"ListItem","position":1,"name":"Home","item":"https:\/\/tiandeproducts.co.uk\/lt\/"},{"@type":"ListItem","position":2,"name":"Shop","item":"https:\/\/tiandeproducts.co.uk\/lt\/shop-2\/"},{"@type":"ListItem","position":3,"name":"Kremin\u0117 grietin\u0117l\u0117s sriuba su brokoliais, moli\u016bgais ir l\u0119\u0161iais 25g."}]},{"@type":"WebSite","@id":"https:\/\/tiandeproducts.co.uk\/#website","url":"https:\/\/tiandeproducts.co.uk\/","name":"TianDe Online Shop - Beauty & Health","description":"Traditional Chinese Medicine","potentialAction":[{"@type":"SearchAction","target":{"@type":"EntryPoint","urlTemplate":"https:\/\/tiandeproducts.co.uk\/?s={search_term_string}"},"query-input":{"@type":"PropertyValueSpecification","valueRequired":true,"valueName":"search_term_string"}}],"inLanguage":"lt-LT"}]}},"_links":{"self":[{"href":"https:\/\/tiandeproducts.co.uk\/lt\/wp-json\/wp\/v2\/product\/6777","targetHints":{"allow":["GET"]}}],"collection":[{"href":"https:\/\/tiandeproducts.co.uk\/lt\/wp-json\/wp\/v2\/product"}],"about":[{"href":"https:\/\/tiandeproducts.co.uk\/lt\/wp-json\/wp\/v2\/types\/product"}],"replies":[{"embeddable":true,"href":"https:\/\/tiandeproducts.co.uk\/lt\/wp-json\/wp\/v2\/comments?post=6777"}],"wp:featuredmedia":[{"embeddable":true,"href":"https:\/\/tiandeproducts.co.uk\/lt\/wp-json\/wp\/v2\/media\/6760"}],"wp:attachment":[{"href":"https:\/\/tiandeproducts.co.uk\/lt\/wp-json\/wp\/v2\/media?parent=6777"}],"wp:term":[{"taxonomy":"product_cat","embeddable":true,"href":"https:\/\/tiandeproducts.co.uk\/lt\/wp-json\/wp\/v2\/product_cat?post=6777"},{"taxonomy":"product_tag","embeddable":true,"href":"https:\/\/tiandeproducts.co.uk\/lt\/wp-json\/wp\/v2\/product_tag?post=6777"}],"curies":[{"name":"wp","href":"https:\/\/api.w.org\/{rel}","templated":true}]}}