{"id":6776,"date":"2019-11-06T10:27:13","date_gmt":"2019-11-06T10:27:13","guid":{"rendered":"https:\/\/www.tiandeproducts.co.uk\/pektinu-kisielius-su-saltalankiu-sultimis-ir-obuoliais-balansas-15-g\/"},"modified":"2021-02-05T18:24:05","modified_gmt":"2021-02-05T18:24:05","slug":"pektinu-kisielius-su-saltalankiu-sultimis-ir-obuoliais-balansas-15-g","status":"publish","type":"product","link":"https:\/\/tiandeproducts.co.uk\/lt\/pektinu-kisielius-su-saltalankiu-sultimis-ir-obuoliais-balansas-15-g\/","title":{"rendered":"Pektin\u0173 kisielius su \u0161altalanki\u0173 sultimis ir obuoliais \u201eBalansas\u201c 15 g."},"content":{"rendered":"<p><img decoding=\"async\" style=\"max-width: 16px; margin-right: 5px;\" src=\"https:\/\/tiandeproducts.co.uk\/wp-content\/uploads\/points-green.svg\" \/>\u00a0Earn 2 points worth \u00a30.10 when buying this product<\/p>\n<p><strong>J\u016bs\u0173 k\u016bnas veikia kaip laikrodukas!<\/strong><br \/>\nPektin\u0173 kisielius su \u0161altalanki\u0173 sultimis ir obuoliais buvo sukurtas tam, kad k\u016bnas veikt\u0173 kaip laikrodis! J\u012f sudaro komponentai, kurie palankiausiai veikia vir\u0161kinimo trakto darb\u0105 ir leid\u017eia jaustis puikiai!<\/p>\n<p>Be cukraus, krakmolo, skonio stiprikli\u0173, konservant\u0173 ir da\u017eikli\u0173 \u2013 tik nat\u016bral\u016bs kompozicijos ingredientai ir tik 30 kilokalorij\u0173 vienoje porcijoje! Tiande kisieliaus sud\u0117tyje yra avi\u017e\u0173 skaidul\u0173, kurios valo organizm\u0105, aktyvaus prebiotinio inulino ir pektin\u0173.<\/p>\n<p>\u2013 mork\u0173 ir \u0161altalanki\u0173 sultys stiprina J\u016bs\u0173 imunin\u0119 sistem\u0105 ir suteikia energijos;<br \/>\n\u2013 obuoliai ir moli\u016bgai pagerina vir\u0161kinim\u0105;<br \/>\n\u2013 ananas\u0173 sultys padeda atsikratyti vir\u0161svorio.<\/p>\n<p>Pektin\u0173 kisielius yra skanus b\u016bdas palaikyti j\u016bs\u0173 vir\u0161kinam\u0105jo trakto darb\u0105. Pamir\u0161kite vir\u0161kinimo problemas, dabar j\u016bs\u0173 k\u016bnas dirbs be trikd\u017ei\u0173! \u201eTianDe\u201c pektin\u0173 kisielius bus puikus u\u017ekandis ar priedas prie pagrindinio patiekalo ir u\u017eims tinkam\u0105 viet\u0105 j\u016bs\u0173 dienos racione!<\/p>\n<p><strong>Paruo\u0161imas:<\/strong>\u00a0\u012fpilkite 180-200 ml. kar\u0161to vandens, gerai i\u0161mai\u0161ykite. Po 2-3 minu\u010di\u0173 produktas yra paruo\u0161tas vartoti.<\/p>\n","protected":false},"excerpt":{"rendered":"<p>\u00a0Earn 2 points worth \u00a30.10 when buying this product J\u016bs\u0173 k\u016bnas veikia kaip laikrodukas! Pektin\u0173 kisielius su \u0161altalanki\u0173 sultimis ir obuoliais buvo sukurtas tam, kad k\u016bnas veikt\u0173 kaip laikrodis! J\u012f sudaro komponentai, kurie palankiausiai veikia vir\u0161kinimo trakto darb\u0105 ir leid\u017eia jaustis puikiai! Be cukraus, krakmolo, skonio stiprikli\u0173, konservant\u0173 ir da\u017eikli\u0173 \u2013 tik nat\u016bral\u016bs kompozicijos ingredientai [&#8230;]\n","protected":false},"featured_media":6765,"comment_status":"open","ping_status":"closed","template":"","meta":[],"product_cat":[620,1361],"product_tag":[],"class_list":{"0":"post-6776","1":"product","2":"type-product","3":"status-publish","4":"has-post-thumbnail","6":"product_cat-namams","7":"product_cat-sveikas-maistas","9":"first","10":"instock","11":"shipping-taxable","12":"purchasable","13":"product-type-simple"},"yoast_head":"<!-- This site is optimized with the Yoast SEO plugin v23.6 - https:\/\/yoast.com\/wordpress\/plugins\/seo\/ -->\n<title>Pektin\u0173 kisielius su \u0161altalanki\u0173 sultimis ir obuoliais \u201eBalansas\u201c 15 g. - TianDe Online Shop - Beauty &amp; Health<\/title>\n<meta name=\"robots\" content=\"index, follow, max-snippet:-1, max-image-preview:large, max-video-preview:-1\" \/>\n<link rel=\"canonical\" href=\"https:\/\/tiandeproducts.co.uk\/lt\/pektinu-kisielius-su-saltalankiu-sultimis-ir-obuoliais-balansas-15-g\/\" \/>\n<meta property=\"og:locale\" content=\"lt_LT\" \/>\n<meta property=\"og:type\" content=\"article\" \/>\n<meta property=\"og:title\" content=\"Pektin\u0173 kisielius su \u0161altalanki\u0173 sultimis ir obuoliais \u201eBalansas\u201c 15 g. - TianDe Online Shop - Beauty &amp; Health\" \/>\n<meta property=\"og:description\" content=\"\u00a0Earn 2 points worth \u00a30.10 when buying this product J\u016bs\u0173 k\u016bnas veikia kaip laikrodukas! Pektin\u0173 kisielius su \u0161altalanki\u0173 sultimis ir obuoliais buvo sukurtas tam, kad k\u016bnas veikt\u0173 kaip laikrodis! J\u012f sudaro komponentai, kurie palankiausiai veikia vir\u0161kinimo trakto darb\u0105 ir leid\u017eia jaustis puikiai! Be cukraus, krakmolo, skonio stiprikli\u0173, konservant\u0173 ir da\u017eikli\u0173 \u2013 tik nat\u016bral\u016bs kompozicijos ingredientai [...]\" \/>\n<meta property=\"og:url\" content=\"https:\/\/tiandeproducts.co.uk\/lt\/pektinu-kisielius-su-saltalankiu-sultimis-ir-obuoliais-balansas-15-g\/\" \/>\n<meta property=\"og:site_name\" content=\"TianDe Online Shop - Beauty &amp; Health\" \/>\n<meta property=\"article:publisher\" content=\"https:\/\/www.facebook.com\/tiande.products.england\/\" \/>\n<meta property=\"article:modified_time\" content=\"2021-02-05T18:24:05+00:00\" \/>\n<meta property=\"og:image\" content=\"https:\/\/tiandeproducts.co.uk\/wp-content\/uploads\/195431-700x700.jpg\" \/>\n\t<meta property=\"og:image:width\" content=\"700\" \/>\n\t<meta property=\"og:image:height\" content=\"700\" \/>\n\t<meta property=\"og:image:type\" content=\"image\/jpeg\" \/>\n<meta name=\"twitter:card\" content=\"summary_large_image\" \/>\n<meta name=\"twitter:label1\" content=\"Est. reading time\" \/>\n\t<meta name=\"twitter:data1\" content=\"1 minut\u0117\" \/>\n<script type=\"application\/ld+json\" class=\"yoast-schema-graph\">{\"@context\":\"https:\/\/schema.org\",\"@graph\":[{\"@type\":\"WebPage\",\"@id\":\"https:\/\/tiandeproducts.co.uk\/lt\/pektinu-kisielius-su-saltalankiu-sultimis-ir-obuoliais-balansas-15-g\/\",\"url\":\"https:\/\/tiandeproducts.co.uk\/lt\/pektinu-kisielius-su-saltalankiu-sultimis-ir-obuoliais-balansas-15-g\/\",\"name\":\"Pektin\u0173 kisielius su \u0161altalanki\u0173 sultimis ir obuoliais \u201eBalansas\u201c 15 g. - TianDe Online Shop - Beauty &amp; Health\",\"isPartOf\":{\"@id\":\"https:\/\/tiandeproducts.co.uk\/#website\"},\"primaryImageOfPage\":{\"@id\":\"https:\/\/tiandeproducts.co.uk\/lt\/pektinu-kisielius-su-saltalankiu-sultimis-ir-obuoliais-balansas-15-g\/#primaryimage\"},\"image\":{\"@id\":\"https:\/\/tiandeproducts.co.uk\/lt\/pektinu-kisielius-su-saltalankiu-sultimis-ir-obuoliais-balansas-15-g\/#primaryimage\"},\"thumbnailUrl\":\"https:\/\/tiandeproducts.co.uk\/wp-content\/uploads\/195431-700x700.jpg\",\"datePublished\":\"2019-11-06T10:27:13+00:00\",\"dateModified\":\"2021-02-05T18:24:05+00:00\",\"breadcrumb\":{\"@id\":\"https:\/\/tiandeproducts.co.uk\/lt\/pektinu-kisielius-su-saltalankiu-sultimis-ir-obuoliais-balansas-15-g\/#breadcrumb\"},\"inLanguage\":\"lt-LT\",\"potentialAction\":[{\"@type\":\"ReadAction\",\"target\":[\"https:\/\/tiandeproducts.co.uk\/lt\/pektinu-kisielius-su-saltalankiu-sultimis-ir-obuoliais-balansas-15-g\/\"]}]},{\"@type\":\"ImageObject\",\"inLanguage\":\"lt-LT\",\"@id\":\"https:\/\/tiandeproducts.co.uk\/lt\/pektinu-kisielius-su-saltalankiu-sultimis-ir-obuoliais-balansas-15-g\/#primaryimage\",\"url\":\"https:\/\/tiandeproducts.co.uk\/wp-content\/uploads\/195431-700x700.jpg\",\"contentUrl\":\"https:\/\/tiandeproducts.co.uk\/wp-content\/uploads\/195431-700x700.jpg\",\"width\":700,\"height\":700},{\"@type\":\"BreadcrumbList\",\"@id\":\"https:\/\/tiandeproducts.co.uk\/lt\/pektinu-kisielius-su-saltalankiu-sultimis-ir-obuoliais-balansas-15-g\/#breadcrumb\",\"itemListElement\":[{\"@type\":\"ListItem\",\"position\":1,\"name\":\"Home\",\"item\":\"https:\/\/tiandeproducts.co.uk\/lt\/\"},{\"@type\":\"ListItem\",\"position\":2,\"name\":\"Shop\",\"item\":\"https:\/\/tiandeproducts.co.uk\/lt\/shop-2\/\"},{\"@type\":\"ListItem\",\"position\":3,\"name\":\"Pektin\u0173 kisielius su \u0161altalanki\u0173 sultimis ir obuoliais \u201eBalansas\u201c 15 g.\"}]},{\"@type\":\"WebSite\",\"@id\":\"https:\/\/tiandeproducts.co.uk\/#website\",\"url\":\"https:\/\/tiandeproducts.co.uk\/\",\"name\":\"TianDe Online Shop - Beauty & Health\",\"description\":\"Traditional Chinese Medicine\",\"potentialAction\":[{\"@type\":\"SearchAction\",\"target\":{\"@type\":\"EntryPoint\",\"urlTemplate\":\"https:\/\/tiandeproducts.co.uk\/?s={search_term_string}\"},\"query-input\":{\"@type\":\"PropertyValueSpecification\",\"valueRequired\":true,\"valueName\":\"search_term_string\"}}],\"inLanguage\":\"lt-LT\"}]}<\/script>\n<!-- \/ Yoast SEO plugin. -->","yoast_head_json":{"title":"Pektin\u0173 kisielius su \u0161altalanki\u0173 sultimis ir obuoliais \u201eBalansas\u201c 15 g. - TianDe Online Shop - Beauty &amp; Health","robots":{"index":"index","follow":"follow","max-snippet":"max-snippet:-1","max-image-preview":"max-image-preview:large","max-video-preview":"max-video-preview:-1"},"canonical":"https:\/\/tiandeproducts.co.uk\/lt\/pektinu-kisielius-su-saltalankiu-sultimis-ir-obuoliais-balansas-15-g\/","og_locale":"lt_LT","og_type":"article","og_title":"Pektin\u0173 kisielius su \u0161altalanki\u0173 sultimis ir obuoliais \u201eBalansas\u201c 15 g. - TianDe Online Shop - Beauty &amp; Health","og_description":"\u00a0Earn 2 points worth \u00a30.10 when buying this product J\u016bs\u0173 k\u016bnas veikia kaip laikrodukas! Pektin\u0173 kisielius su \u0161altalanki\u0173 sultimis ir obuoliais buvo sukurtas tam, kad k\u016bnas veikt\u0173 kaip laikrodis! J\u012f sudaro komponentai, kurie palankiausiai veikia vir\u0161kinimo trakto darb\u0105 ir leid\u017eia jaustis puikiai! Be cukraus, krakmolo, skonio stiprikli\u0173, konservant\u0173 ir da\u017eikli\u0173 \u2013 tik nat\u016bral\u016bs kompozicijos ingredientai [...]","og_url":"https:\/\/tiandeproducts.co.uk\/lt\/pektinu-kisielius-su-saltalankiu-sultimis-ir-obuoliais-balansas-15-g\/","og_site_name":"TianDe Online Shop - Beauty &amp; Health","article_publisher":"https:\/\/www.facebook.com\/tiande.products.england\/","article_modified_time":"2021-02-05T18:24:05+00:00","og_image":[{"width":700,"height":700,"url":"https:\/\/tiandeproducts.co.uk\/wp-content\/uploads\/195431-700x700.jpg","type":"image\/jpeg"}],"twitter_card":"summary_large_image","twitter_misc":{"Est. reading time":"1 minut\u0117"},"schema":{"@context":"https:\/\/schema.org","@graph":[{"@type":"WebPage","@id":"https:\/\/tiandeproducts.co.uk\/lt\/pektinu-kisielius-su-saltalankiu-sultimis-ir-obuoliais-balansas-15-g\/","url":"https:\/\/tiandeproducts.co.uk\/lt\/pektinu-kisielius-su-saltalankiu-sultimis-ir-obuoliais-balansas-15-g\/","name":"Pektin\u0173 kisielius su \u0161altalanki\u0173 sultimis ir obuoliais \u201eBalansas\u201c 15 g. - TianDe Online Shop - Beauty &amp; Health","isPartOf":{"@id":"https:\/\/tiandeproducts.co.uk\/#website"},"primaryImageOfPage":{"@id":"https:\/\/tiandeproducts.co.uk\/lt\/pektinu-kisielius-su-saltalankiu-sultimis-ir-obuoliais-balansas-15-g\/#primaryimage"},"image":{"@id":"https:\/\/tiandeproducts.co.uk\/lt\/pektinu-kisielius-su-saltalankiu-sultimis-ir-obuoliais-balansas-15-g\/#primaryimage"},"thumbnailUrl":"https:\/\/tiandeproducts.co.uk\/wp-content\/uploads\/195431-700x700.jpg","datePublished":"2019-11-06T10:27:13+00:00","dateModified":"2021-02-05T18:24:05+00:00","breadcrumb":{"@id":"https:\/\/tiandeproducts.co.uk\/lt\/pektinu-kisielius-su-saltalankiu-sultimis-ir-obuoliais-balansas-15-g\/#breadcrumb"},"inLanguage":"lt-LT","potentialAction":[{"@type":"ReadAction","target":["https:\/\/tiandeproducts.co.uk\/lt\/pektinu-kisielius-su-saltalankiu-sultimis-ir-obuoliais-balansas-15-g\/"]}]},{"@type":"ImageObject","inLanguage":"lt-LT","@id":"https:\/\/tiandeproducts.co.uk\/lt\/pektinu-kisielius-su-saltalankiu-sultimis-ir-obuoliais-balansas-15-g\/#primaryimage","url":"https:\/\/tiandeproducts.co.uk\/wp-content\/uploads\/195431-700x700.jpg","contentUrl":"https:\/\/tiandeproducts.co.uk\/wp-content\/uploads\/195431-700x700.jpg","width":700,"height":700},{"@type":"BreadcrumbList","@id":"https:\/\/tiandeproducts.co.uk\/lt\/pektinu-kisielius-su-saltalankiu-sultimis-ir-obuoliais-balansas-15-g\/#breadcrumb","itemListElement":[{"@type":"ListItem","position":1,"name":"Home","item":"https:\/\/tiandeproducts.co.uk\/lt\/"},{"@type":"ListItem","position":2,"name":"Shop","item":"https:\/\/tiandeproducts.co.uk\/lt\/shop-2\/"},{"@type":"ListItem","position":3,"name":"Pektin\u0173 kisielius su \u0161altalanki\u0173 sultimis ir obuoliais \u201eBalansas\u201c 15 g."}]},{"@type":"WebSite","@id":"https:\/\/tiandeproducts.co.uk\/#website","url":"https:\/\/tiandeproducts.co.uk\/","name":"TianDe Online Shop - Beauty & Health","description":"Traditional Chinese Medicine","potentialAction":[{"@type":"SearchAction","target":{"@type":"EntryPoint","urlTemplate":"https:\/\/tiandeproducts.co.uk\/?s={search_term_string}"},"query-input":{"@type":"PropertyValueSpecification","valueRequired":true,"valueName":"search_term_string"}}],"inLanguage":"lt-LT"}]}},"_links":{"self":[{"href":"https:\/\/tiandeproducts.co.uk\/lt\/wp-json\/wp\/v2\/product\/6776","targetHints":{"allow":["GET"]}}],"collection":[{"href":"https:\/\/tiandeproducts.co.uk\/lt\/wp-json\/wp\/v2\/product"}],"about":[{"href":"https:\/\/tiandeproducts.co.uk\/lt\/wp-json\/wp\/v2\/types\/product"}],"replies":[{"embeddable":true,"href":"https:\/\/tiandeproducts.co.uk\/lt\/wp-json\/wp\/v2\/comments?post=6776"}],"wp:featuredmedia":[{"embeddable":true,"href":"https:\/\/tiandeproducts.co.uk\/lt\/wp-json\/wp\/v2\/media\/6765"}],"wp:attachment":[{"href":"https:\/\/tiandeproducts.co.uk\/lt\/wp-json\/wp\/v2\/media?parent=6776"}],"wp:term":[{"taxonomy":"product_cat","embeddable":true,"href":"https:\/\/tiandeproducts.co.uk\/lt\/wp-json\/wp\/v2\/product_cat?post=6776"},{"taxonomy":"product_tag","embeddable":true,"href":"https:\/\/tiandeproducts.co.uk\/lt\/wp-json\/wp\/v2\/product_tag?post=6776"}],"curies":[{"name":"wp","href":"https:\/\/api.w.org\/{rel}","templated":true}]}}