{"id":5577,"date":"2019-09-19T07:36:14","date_gmt":"2019-09-19T06:36:14","guid":{"rendered":"https:\/\/www.tiandeproducts.co.uk\/?post_type=product&#038;p=5577"},"modified":"2021-02-25T11:56:35","modified_gmt":"2021-02-25T11:56:35","slug":"apsauginis-kuno-kremas-vaikams-baby-bambo-50-g","status":"publish","type":"product","link":"https:\/\/tiandeproducts.co.uk\/lt\/apsauginis-kuno-kremas-vaikams-baby-bambo-50-g\/","title":{"rendered":"Apsauginis k\u016bno kremas vaikams &#8222;Baby Bambo&#8221; 50 g."},"content":{"rendered":"<p><img decoding=\"async\" style=\"max-width: 16px; margin-right: 5px;\" src=\"https:\/\/tiandeproducts.co.uk\/wp-content\/uploads\/points-green.svg\" \/>\u00a0Earn 3 points worth \u00a30.15 when buying this product<\/p>\n<p>Vaiko oda skiriasi nuo suaugusiojo odos. Pirma, ji yra du kartus plonesn\u0117 o joje esanti dr\u0117gm\u0117 lengvai prarandama maudantis. Antra, vaik\u0173 oda yra lengvai pa\u017eeid\u017eiama ir ma\u017eiau apsaugota nuo infekcij\u0173. Tre\u010dia, ji yra jautresn\u0117 saul\u0117s, v\u0117jo, \u0161al\u010dio, vandens poveikiui&#8230; Labai svarbu r\u016bpintis vaiko oda nuo pat gimimo!<\/p>\n<p>Apsauginis k\u016bdikio k\u016bno kremas &#8222;Baby Bambo&#8221; r\u016bpinsis k\u016bdikio oda nuo pirm\u0173j\u0173 gyvenimo dien\u0173. Nat\u016brali\u0173 ingredient\u0173 d\u0117ka jis puikiai tinka pri\u017ei\u016br\u0117ti \u0161velni\u0105 ir jautri\u0105 k\u016bdikio od\u0105.<\/p>\n<p><strong>K\u016bdiki\u0173 kremas &#8222;Baby Bambo&#8221;:<\/strong><\/p>\n<ul>\n<li>maitina ir dr\u0117kina \u0161velni\u0105 od\u0105;<\/li>\n<li>patikimai apsaugo nuo v\u0117jo, \u0161al\u010dio ir kar\u0161\u010dio;<\/li>\n<li>pa\u0161alina sausum\u0105, \u0161erpetojim\u0105 ir dirginim\u0105;<\/li>\n<li>gali susidoroti su vystykl\u0173 b\u0117rimu ant odos.<\/li>\n<\/ul>\n<p>Krem\u0105 &#8222;Baby Bambo&#8221; galima naudoti po sauskeln\u0117mis &#8211; jis sudaro vanden\u012f atstumiant\u012f sluoksn\u012f, formuojant\u012f lipidin\u0119 pl\u0117vel\u0119, saugan\u010di\u0105 od\u0105 nuo sudirginimo. Apsaugin\u0117s pl\u0117vel\u0117s d\u0117ka sauskeln\u0117s netrins, o k\u016bdikiui niekas netrikdys! Jei oda jau sudirgusi, tada kremas pad\u0117s j\u0105 nuraminti.<\/p>\n<p>&#8222;Baby Bambo&#8221; kremas tinka ne tik vaikams. \u012e jo sud\u0117t\u012f \u012feinant\u012f aliej\u0173, vitaminus ir ekstraktus \u012fvertins ir suaugusieji!<\/p>\n<p><strong>Naudojimas<\/strong>: krem\u0105 tepkite ant \u0161varios k\u016bdikio odos ir \u012fmasa\u017euokite.<\/p>\n","protected":false},"excerpt":{"rendered":"<p>\u00a0Earn 3 points worth \u00a30.15 when buying this product Vaiko oda skiriasi nuo suaugusiojo odos. Pirma, ji yra du kartus plonesn\u0117 o joje esanti dr\u0117gm\u0117 lengvai prarandama maudantis. Antra, vaik\u0173 oda yra lengvai pa\u017eeid\u017eiama ir ma\u017eiau apsaugota nuo infekcij\u0173. Tre\u010dia, ji yra jautresn\u0117 saul\u0117s, v\u0117jo, \u0161al\u010dio, vandens poveikiui&#8230; Labai svarbu r\u016bpintis vaiko oda nuo pat [&#8230;]\n","protected":false},"featured_media":5579,"comment_status":"open","ping_status":"closed","template":"","meta":[],"product_cat":[617],"product_tag":[],"class_list":{"0":"post-5577","1":"product","2":"type-product","3":"status-publish","4":"has-post-thumbnail","6":"product_cat-vaikams","8":"first","9":"outofstock","10":"downloadable","11":"shipping-taxable","12":"purchasable","13":"product-type-simple"},"yoast_head":"<!-- This site is optimized with the Yoast SEO plugin v23.6 - https:\/\/yoast.com\/wordpress\/plugins\/seo\/ -->\n<title>Apsauginis k\u016bno kremas vaikams &quot;Baby Bambo&quot; 50 g. - TianDe Online Shop - Beauty &amp; Health<\/title>\n<meta name=\"robots\" content=\"index, follow, max-snippet:-1, max-image-preview:large, max-video-preview:-1\" \/>\n<link rel=\"canonical\" href=\"https:\/\/tiandeproducts.co.uk\/lt\/apsauginis-kuno-kremas-vaikams-baby-bambo-50-g\/\" \/>\n<meta property=\"og:locale\" content=\"lt_LT\" \/>\n<meta property=\"og:type\" content=\"article\" \/>\n<meta property=\"og:title\" content=\"Apsauginis k\u016bno kremas vaikams &quot;Baby Bambo&quot; 50 g. - TianDe Online Shop - Beauty &amp; Health\" \/>\n<meta property=\"og:description\" content=\"\u00a0Earn 3 points worth \u00a30.15 when buying this product Vaiko oda skiriasi nuo suaugusiojo odos. Pirma, ji yra du kartus plonesn\u0117 o joje esanti dr\u0117gm\u0117 lengvai prarandama maudantis. Antra, vaik\u0173 oda yra lengvai pa\u017eeid\u017eiama ir ma\u017eiau apsaugota nuo infekcij\u0173. Tre\u010dia, ji yra jautresn\u0117 saul\u0117s, v\u0117jo, \u0161al\u010dio, vandens poveikiui&#8230; Labai svarbu r\u016bpintis vaiko oda nuo pat [...]\" \/>\n<meta property=\"og:url\" content=\"https:\/\/tiandeproducts.co.uk\/lt\/apsauginis-kuno-kremas-vaikams-baby-bambo-50-g\/\" \/>\n<meta property=\"og:site_name\" content=\"TianDe Online Shop - Beauty &amp; Health\" \/>\n<meta property=\"article:publisher\" content=\"https:\/\/www.facebook.com\/tiande.products.england\/\" \/>\n<meta property=\"article:modified_time\" content=\"2021-02-25T11:56:35+00:00\" \/>\n<meta property=\"og:image\" content=\"https:\/\/tiandeproducts.co.uk\/wp-content\/uploads\/40124.png\" \/>\n\t<meta property=\"og:image:width\" content=\"700\" \/>\n\t<meta property=\"og:image:height\" content=\"700\" \/>\n\t<meta property=\"og:image:type\" content=\"image\/png\" \/>\n<meta name=\"twitter:card\" content=\"summary_large_image\" \/>\n<meta name=\"twitter:label1\" content=\"Est. reading time\" \/>\n\t<meta name=\"twitter:data1\" content=\"1 minut\u0117\" \/>\n<script type=\"application\/ld+json\" class=\"yoast-schema-graph\">{\"@context\":\"https:\/\/schema.org\",\"@graph\":[{\"@type\":\"WebPage\",\"@id\":\"https:\/\/tiandeproducts.co.uk\/lt\/apsauginis-kuno-kremas-vaikams-baby-bambo-50-g\/\",\"url\":\"https:\/\/tiandeproducts.co.uk\/lt\/apsauginis-kuno-kremas-vaikams-baby-bambo-50-g\/\",\"name\":\"Apsauginis k\u016bno kremas vaikams \\\"Baby Bambo\\\" 50 g. - TianDe Online Shop - Beauty &amp; Health\",\"isPartOf\":{\"@id\":\"https:\/\/tiandeproducts.co.uk\/#website\"},\"primaryImageOfPage\":{\"@id\":\"https:\/\/tiandeproducts.co.uk\/lt\/apsauginis-kuno-kremas-vaikams-baby-bambo-50-g\/#primaryimage\"},\"image\":{\"@id\":\"https:\/\/tiandeproducts.co.uk\/lt\/apsauginis-kuno-kremas-vaikams-baby-bambo-50-g\/#primaryimage\"},\"thumbnailUrl\":\"https:\/\/tiandeproducts.co.uk\/wp-content\/uploads\/40124.png\",\"datePublished\":\"2019-09-19T06:36:14+00:00\",\"dateModified\":\"2021-02-25T11:56:35+00:00\",\"breadcrumb\":{\"@id\":\"https:\/\/tiandeproducts.co.uk\/lt\/apsauginis-kuno-kremas-vaikams-baby-bambo-50-g\/#breadcrumb\"},\"inLanguage\":\"lt-LT\",\"potentialAction\":[{\"@type\":\"ReadAction\",\"target\":[\"https:\/\/tiandeproducts.co.uk\/lt\/apsauginis-kuno-kremas-vaikams-baby-bambo-50-g\/\"]}]},{\"@type\":\"ImageObject\",\"inLanguage\":\"lt-LT\",\"@id\":\"https:\/\/tiandeproducts.co.uk\/lt\/apsauginis-kuno-kremas-vaikams-baby-bambo-50-g\/#primaryimage\",\"url\":\"https:\/\/tiandeproducts.co.uk\/wp-content\/uploads\/40124.png\",\"contentUrl\":\"https:\/\/tiandeproducts.co.uk\/wp-content\/uploads\/40124.png\",\"width\":700,\"height\":700},{\"@type\":\"BreadcrumbList\",\"@id\":\"https:\/\/tiandeproducts.co.uk\/lt\/apsauginis-kuno-kremas-vaikams-baby-bambo-50-g\/#breadcrumb\",\"itemListElement\":[{\"@type\":\"ListItem\",\"position\":1,\"name\":\"Home\",\"item\":\"https:\/\/tiandeproducts.co.uk\/lt\/\"},{\"@type\":\"ListItem\",\"position\":2,\"name\":\"Shop\",\"item\":\"https:\/\/tiandeproducts.co.uk\/lt\/shop-2\/\"},{\"@type\":\"ListItem\",\"position\":3,\"name\":\"Apsauginis k\u016bno kremas vaikams &#8220;Baby Bambo&#8221; 50 g.\"}]},{\"@type\":\"WebSite\",\"@id\":\"https:\/\/tiandeproducts.co.uk\/#website\",\"url\":\"https:\/\/tiandeproducts.co.uk\/\",\"name\":\"TianDe Online Shop - Beauty & Health\",\"description\":\"Traditional Chinese Medicine\",\"potentialAction\":[{\"@type\":\"SearchAction\",\"target\":{\"@type\":\"EntryPoint\",\"urlTemplate\":\"https:\/\/tiandeproducts.co.uk\/?s={search_term_string}\"},\"query-input\":{\"@type\":\"PropertyValueSpecification\",\"valueRequired\":true,\"valueName\":\"search_term_string\"}}],\"inLanguage\":\"lt-LT\"}]}<\/script>\n<!-- \/ Yoast SEO plugin. -->","yoast_head_json":{"title":"Apsauginis k\u016bno kremas vaikams \"Baby Bambo\" 50 g. - TianDe Online Shop - Beauty &amp; Health","robots":{"index":"index","follow":"follow","max-snippet":"max-snippet:-1","max-image-preview":"max-image-preview:large","max-video-preview":"max-video-preview:-1"},"canonical":"https:\/\/tiandeproducts.co.uk\/lt\/apsauginis-kuno-kremas-vaikams-baby-bambo-50-g\/","og_locale":"lt_LT","og_type":"article","og_title":"Apsauginis k\u016bno kremas vaikams \"Baby Bambo\" 50 g. - TianDe Online Shop - Beauty &amp; Health","og_description":"\u00a0Earn 3 points worth \u00a30.15 when buying this product Vaiko oda skiriasi nuo suaugusiojo odos. Pirma, ji yra du kartus plonesn\u0117 o joje esanti dr\u0117gm\u0117 lengvai prarandama maudantis. Antra, vaik\u0173 oda yra lengvai pa\u017eeid\u017eiama ir ma\u017eiau apsaugota nuo infekcij\u0173. Tre\u010dia, ji yra jautresn\u0117 saul\u0117s, v\u0117jo, \u0161al\u010dio, vandens poveikiui&#8230; Labai svarbu r\u016bpintis vaiko oda nuo pat [...]","og_url":"https:\/\/tiandeproducts.co.uk\/lt\/apsauginis-kuno-kremas-vaikams-baby-bambo-50-g\/","og_site_name":"TianDe Online Shop - Beauty &amp; Health","article_publisher":"https:\/\/www.facebook.com\/tiande.products.england\/","article_modified_time":"2021-02-25T11:56:35+00:00","og_image":[{"width":700,"height":700,"url":"https:\/\/tiandeproducts.co.uk\/wp-content\/uploads\/40124.png","type":"image\/png"}],"twitter_card":"summary_large_image","twitter_misc":{"Est. reading time":"1 minut\u0117"},"schema":{"@context":"https:\/\/schema.org","@graph":[{"@type":"WebPage","@id":"https:\/\/tiandeproducts.co.uk\/lt\/apsauginis-kuno-kremas-vaikams-baby-bambo-50-g\/","url":"https:\/\/tiandeproducts.co.uk\/lt\/apsauginis-kuno-kremas-vaikams-baby-bambo-50-g\/","name":"Apsauginis k\u016bno kremas vaikams \"Baby Bambo\" 50 g. - TianDe Online Shop - Beauty &amp; Health","isPartOf":{"@id":"https:\/\/tiandeproducts.co.uk\/#website"},"primaryImageOfPage":{"@id":"https:\/\/tiandeproducts.co.uk\/lt\/apsauginis-kuno-kremas-vaikams-baby-bambo-50-g\/#primaryimage"},"image":{"@id":"https:\/\/tiandeproducts.co.uk\/lt\/apsauginis-kuno-kremas-vaikams-baby-bambo-50-g\/#primaryimage"},"thumbnailUrl":"https:\/\/tiandeproducts.co.uk\/wp-content\/uploads\/40124.png","datePublished":"2019-09-19T06:36:14+00:00","dateModified":"2021-02-25T11:56:35+00:00","breadcrumb":{"@id":"https:\/\/tiandeproducts.co.uk\/lt\/apsauginis-kuno-kremas-vaikams-baby-bambo-50-g\/#breadcrumb"},"inLanguage":"lt-LT","potentialAction":[{"@type":"ReadAction","target":["https:\/\/tiandeproducts.co.uk\/lt\/apsauginis-kuno-kremas-vaikams-baby-bambo-50-g\/"]}]},{"@type":"ImageObject","inLanguage":"lt-LT","@id":"https:\/\/tiandeproducts.co.uk\/lt\/apsauginis-kuno-kremas-vaikams-baby-bambo-50-g\/#primaryimage","url":"https:\/\/tiandeproducts.co.uk\/wp-content\/uploads\/40124.png","contentUrl":"https:\/\/tiandeproducts.co.uk\/wp-content\/uploads\/40124.png","width":700,"height":700},{"@type":"BreadcrumbList","@id":"https:\/\/tiandeproducts.co.uk\/lt\/apsauginis-kuno-kremas-vaikams-baby-bambo-50-g\/#breadcrumb","itemListElement":[{"@type":"ListItem","position":1,"name":"Home","item":"https:\/\/tiandeproducts.co.uk\/lt\/"},{"@type":"ListItem","position":2,"name":"Shop","item":"https:\/\/tiandeproducts.co.uk\/lt\/shop-2\/"},{"@type":"ListItem","position":3,"name":"Apsauginis k\u016bno kremas vaikams &#8220;Baby Bambo&#8221; 50 g."}]},{"@type":"WebSite","@id":"https:\/\/tiandeproducts.co.uk\/#website","url":"https:\/\/tiandeproducts.co.uk\/","name":"TianDe Online Shop - Beauty & Health","description":"Traditional Chinese Medicine","potentialAction":[{"@type":"SearchAction","target":{"@type":"EntryPoint","urlTemplate":"https:\/\/tiandeproducts.co.uk\/?s={search_term_string}"},"query-input":{"@type":"PropertyValueSpecification","valueRequired":true,"valueName":"search_term_string"}}],"inLanguage":"lt-LT"}]}},"_links":{"self":[{"href":"https:\/\/tiandeproducts.co.uk\/lt\/wp-json\/wp\/v2\/product\/5577","targetHints":{"allow":["GET"]}}],"collection":[{"href":"https:\/\/tiandeproducts.co.uk\/lt\/wp-json\/wp\/v2\/product"}],"about":[{"href":"https:\/\/tiandeproducts.co.uk\/lt\/wp-json\/wp\/v2\/types\/product"}],"replies":[{"embeddable":true,"href":"https:\/\/tiandeproducts.co.uk\/lt\/wp-json\/wp\/v2\/comments?post=5577"}],"wp:featuredmedia":[{"embeddable":true,"href":"https:\/\/tiandeproducts.co.uk\/lt\/wp-json\/wp\/v2\/media\/5579"}],"wp:attachment":[{"href":"https:\/\/tiandeproducts.co.uk\/lt\/wp-json\/wp\/v2\/media?parent=5577"}],"wp:term":[{"taxonomy":"product_cat","embeddable":true,"href":"https:\/\/tiandeproducts.co.uk\/lt\/wp-json\/wp\/v2\/product_cat?post=5577"},{"taxonomy":"product_tag","embeddable":true,"href":"https:\/\/tiandeproducts.co.uk\/lt\/wp-json\/wp\/v2\/product_tag?post=5577"}],"curies":[{"name":"wp","href":"https:\/\/api.w.org\/{rel}","templated":true}]}}