{"id":4258,"date":"2019-08-19T20:52:08","date_gmt":"2019-08-19T19:52:08","guid":{"rendered":"https:\/\/tnd.ontesting.co.uk\/vibracinis-masazuoklis-akiu-zonai-1-vnt\/"},"modified":"2021-02-05T18:30:00","modified_gmt":"2021-02-05T18:30:00","slug":"vibracinis-masazuoklis-akiu-zonai-1-vnt","status":"publish","type":"product","link":"https:\/\/tiandeproducts.co.uk\/lt\/vibracinis-masazuoklis-akiu-zonai-1-vnt\/","title":{"rendered":"Vibracinis masa\u017euoklis aki\u0173 zonai 1 vnt."},"content":{"rendered":"<p><img decoding=\"async\" style=\"max-width: 16px; margin-right: 5px;\" src=\"https:\/\/tiandeproducts.co.uk\/wp-content\/uploads\/points-green.svg\" \/>\u00a0Earn 196 points worth \u00a39.80 when buying this product<\/p>\n<p>Puikus reg\u0117jimas yra vertingiausia gamtos dovana. \u0160iandieniniame pasaulyje yra per daug veiksni\u0173, galin\u010di\u0173 neigiamai paveikti aki\u0173 sveikat\u0105: TV, kompiuteris, pastovus stresas, intensyvus gyvenimo ritmas, prasta ekologija &#8230; Rezultatas yra nuovargis ir aki\u0173 \u012ftampa, aki\u0173 problemos ir ankstyvas odos sen\u0117jimas.<\/p>\n<p>\u201eTianDe\u201c vibruojantis aki\u0173 masa\u017euoklis yra modernus prietaisas, kuris pad\u0117s jums pa\u017evelgti \u012f pasaul\u012f nauju \u017evilgsniu! Jo veiklos pagrindas yra rytieti\u0161kas akupres\u016bros regeneravimo b\u016bdas &#8211; masa\u017eas, veikiantis tam tikrus bioaktyvius ta\u0161kus. Vibracinis masa\u017euoklis suteikia trij\u0173 tip\u0173 masa\u017e\u0105 (pneumatin\u0119, vibracin\u0119 ir infraraudon\u0105j\u0105 (\u0161ilumin\u0119) ir turi audioterapijos funkcij\u0105.<\/p>\n<p>\u0160is prietaisas r\u016bpinasi aki\u0173 sveikata:<br \/>\n&#8211; padeda suma\u017einti nuovarg\u012f ir stres\u0105;<br \/>\n&#8211; prisideda prie reg\u0117jimo palaikymo;<br \/>\n&#8211; suteikia piln\u0105 atsipalaidavim\u0105 ir ger\u0105 mieg\u0105.<\/p>\n<p>Atpalaiduojantis raumenis vibruojantis masa\u017euoklis r\u016bpinasi gro\u017eiu ir jaunyste:<br \/>\n&#8211; padeda i\u0161vengti su am\u017eiumi susijusi\u0173 odos poky\u010di\u0173 aplink akis;<br \/>\n&#8211; pagerina odos tonus\u0105 ir elastingum\u0105, suma\u017eina mai\u0161elius po akimis;<br \/>\n&#8211; padeda koreguoti rauk\u0161les.<\/p>\n<p>Kam reikia \u0161io \u012frenginio? Tie, kurie patiria ilg\u0105 reg\u0117jimo apkrov\u0105, daug laiko praleid\u017eia prie kompiuterio, u\u017e vairo, sunkiai dirba ir u\u017emiega blogai. Geriau u\u017ekirsti keli\u0105 problemoms, nei spr\u0119sti jas v\u0117liau. Po \u012ftemptos dienos leiskite sau atsipalaiduoti, tegul J\u016bs\u0173 akys gerai pailsi!<\/p>\n<p><strong>Naudojimas:<\/strong> naudokite masa\u017euokl\u012f 1-2 kartus per dien\u0105 10-15 minu\u010di\u0173.<\/p>\n","protected":false},"excerpt":{"rendered":"<p>\u00a0Earn 196 points worth \u00a39.80 when buying this product Puikus reg\u0117jimas yra vertingiausia gamtos dovana. \u0160iandieniniame pasaulyje yra per daug veiksni\u0173, galin\u010di\u0173 neigiamai paveikti aki\u0173 sveikat\u0105: TV, kompiuteris, pastovus stresas, intensyvus gyvenimo ritmas, prasta ekologija &#8230; Rezultatas yra nuovargis ir aki\u0173 \u012ftampa, aki\u0173 problemos ir ankstyvas odos sen\u0117jimas. \u201eTianDe\u201c vibruojantis aki\u0173 masa\u017euoklis yra modernus prietaisas, [&#8230;]\n","protected":false},"featured_media":4253,"comment_status":"open","ping_status":"closed","template":"","meta":[],"product_cat":[461,482],"product_tag":[],"class_list":{"0":"post-4258","1":"product","2":"type-product","3":"status-publish","4":"has-post-thumbnail","6":"product_cat-aksesuarai","7":"product_cat-masazas","9":"first","10":"outofstock","11":"shipping-taxable","12":"purchasable","13":"product-type-simple"},"yoast_head":"<!-- This site is optimized with the Yoast SEO plugin v23.6 - https:\/\/yoast.com\/wordpress\/plugins\/seo\/ -->\n<title>Vibracinis masa\u017euoklis aki\u0173 zonai 1 vnt. - TianDe Online Shop - Beauty &amp; Health<\/title>\n<meta name=\"robots\" content=\"index, follow, max-snippet:-1, max-image-preview:large, max-video-preview:-1\" \/>\n<link rel=\"canonical\" href=\"https:\/\/tiandeproducts.co.uk\/lt\/vibracinis-masazuoklis-akiu-zonai-1-vnt\/\" \/>\n<meta property=\"og:locale\" content=\"lt_LT\" \/>\n<meta property=\"og:type\" content=\"article\" \/>\n<meta property=\"og:title\" content=\"Vibracinis masa\u017euoklis aki\u0173 zonai 1 vnt. - TianDe Online Shop - Beauty &amp; Health\" \/>\n<meta property=\"og:description\" content=\"\u00a0Earn 196 points worth \u00a39.80 when buying this product Puikus reg\u0117jimas yra vertingiausia gamtos dovana. \u0160iandieniniame pasaulyje yra per daug veiksni\u0173, galin\u010di\u0173 neigiamai paveikti aki\u0173 sveikat\u0105: TV, kompiuteris, pastovus stresas, intensyvus gyvenimo ritmas, prasta ekologija &#8230; Rezultatas yra nuovargis ir aki\u0173 \u012ftampa, aki\u0173 problemos ir ankstyvas odos sen\u0117jimas. \u201eTianDe\u201c vibruojantis aki\u0173 masa\u017euoklis yra modernus prietaisas, [...]\" \/>\n<meta property=\"og:url\" content=\"https:\/\/tiandeproducts.co.uk\/lt\/vibracinis-masazuoklis-akiu-zonai-1-vnt\/\" \/>\n<meta property=\"og:site_name\" content=\"TianDe Online Shop - Beauty &amp; Health\" \/>\n<meta property=\"article:publisher\" content=\"https:\/\/www.facebook.com\/tiande.products.england\/\" \/>\n<meta property=\"article:modified_time\" content=\"2021-02-05T18:30:00+00:00\" \/>\n<meta property=\"og:image\" content=\"https:\/\/tiandeproducts.co.uk\/wp-content\/uploads\/90178.png\" \/>\n\t<meta property=\"og:image:width\" content=\"700\" \/>\n\t<meta property=\"og:image:height\" content=\"700\" \/>\n\t<meta property=\"og:image:type\" content=\"image\/png\" \/>\n<meta name=\"twitter:card\" content=\"summary_large_image\" \/>\n<meta name=\"twitter:label1\" content=\"Est. reading time\" \/>\n\t<meta name=\"twitter:data1\" content=\"1 minut\u0117\" \/>\n<script type=\"application\/ld+json\" class=\"yoast-schema-graph\">{\"@context\":\"https:\/\/schema.org\",\"@graph\":[{\"@type\":\"WebPage\",\"@id\":\"https:\/\/tiandeproducts.co.uk\/lt\/vibracinis-masazuoklis-akiu-zonai-1-vnt\/\",\"url\":\"https:\/\/tiandeproducts.co.uk\/lt\/vibracinis-masazuoklis-akiu-zonai-1-vnt\/\",\"name\":\"Vibracinis masa\u017euoklis aki\u0173 zonai 1 vnt. - TianDe Online Shop - Beauty &amp; Health\",\"isPartOf\":{\"@id\":\"https:\/\/tiandeproducts.co.uk\/#website\"},\"primaryImageOfPage\":{\"@id\":\"https:\/\/tiandeproducts.co.uk\/lt\/vibracinis-masazuoklis-akiu-zonai-1-vnt\/#primaryimage\"},\"image\":{\"@id\":\"https:\/\/tiandeproducts.co.uk\/lt\/vibracinis-masazuoklis-akiu-zonai-1-vnt\/#primaryimage\"},\"thumbnailUrl\":\"https:\/\/tiandeproducts.co.uk\/wp-content\/uploads\/90178.png\",\"datePublished\":\"2019-08-19T19:52:08+00:00\",\"dateModified\":\"2021-02-05T18:30:00+00:00\",\"breadcrumb\":{\"@id\":\"https:\/\/tiandeproducts.co.uk\/lt\/vibracinis-masazuoklis-akiu-zonai-1-vnt\/#breadcrumb\"},\"inLanguage\":\"lt-LT\",\"potentialAction\":[{\"@type\":\"ReadAction\",\"target\":[\"https:\/\/tiandeproducts.co.uk\/lt\/vibracinis-masazuoklis-akiu-zonai-1-vnt\/\"]}]},{\"@type\":\"ImageObject\",\"inLanguage\":\"lt-LT\",\"@id\":\"https:\/\/tiandeproducts.co.uk\/lt\/vibracinis-masazuoklis-akiu-zonai-1-vnt\/#primaryimage\",\"url\":\"https:\/\/tiandeproducts.co.uk\/wp-content\/uploads\/90178.png\",\"contentUrl\":\"https:\/\/tiandeproducts.co.uk\/wp-content\/uploads\/90178.png\",\"width\":700,\"height\":700},{\"@type\":\"BreadcrumbList\",\"@id\":\"https:\/\/tiandeproducts.co.uk\/lt\/vibracinis-masazuoklis-akiu-zonai-1-vnt\/#breadcrumb\",\"itemListElement\":[{\"@type\":\"ListItem\",\"position\":1,\"name\":\"Home\",\"item\":\"https:\/\/tiandeproducts.co.uk\/lt\/\"},{\"@type\":\"ListItem\",\"position\":2,\"name\":\"Shop\",\"item\":\"https:\/\/tiandeproducts.co.uk\/lt\/shop-2\/\"},{\"@type\":\"ListItem\",\"position\":3,\"name\":\"Vibracinis masa\u017euoklis aki\u0173 zonai 1 vnt.\"}]},{\"@type\":\"WebSite\",\"@id\":\"https:\/\/tiandeproducts.co.uk\/#website\",\"url\":\"https:\/\/tiandeproducts.co.uk\/\",\"name\":\"TianDe Online Shop - Beauty & Health\",\"description\":\"Traditional Chinese Medicine\",\"potentialAction\":[{\"@type\":\"SearchAction\",\"target\":{\"@type\":\"EntryPoint\",\"urlTemplate\":\"https:\/\/tiandeproducts.co.uk\/?s={search_term_string}\"},\"query-input\":{\"@type\":\"PropertyValueSpecification\",\"valueRequired\":true,\"valueName\":\"search_term_string\"}}],\"inLanguage\":\"lt-LT\"}]}<\/script>\n<!-- \/ Yoast SEO plugin. -->","yoast_head_json":{"title":"Vibracinis masa\u017euoklis aki\u0173 zonai 1 vnt. - TianDe Online Shop - Beauty &amp; Health","robots":{"index":"index","follow":"follow","max-snippet":"max-snippet:-1","max-image-preview":"max-image-preview:large","max-video-preview":"max-video-preview:-1"},"canonical":"https:\/\/tiandeproducts.co.uk\/lt\/vibracinis-masazuoklis-akiu-zonai-1-vnt\/","og_locale":"lt_LT","og_type":"article","og_title":"Vibracinis masa\u017euoklis aki\u0173 zonai 1 vnt. - TianDe Online Shop - Beauty &amp; Health","og_description":"\u00a0Earn 196 points worth \u00a39.80 when buying this product Puikus reg\u0117jimas yra vertingiausia gamtos dovana. \u0160iandieniniame pasaulyje yra per daug veiksni\u0173, galin\u010di\u0173 neigiamai paveikti aki\u0173 sveikat\u0105: TV, kompiuteris, pastovus stresas, intensyvus gyvenimo ritmas, prasta ekologija &#8230; Rezultatas yra nuovargis ir aki\u0173 \u012ftampa, aki\u0173 problemos ir ankstyvas odos sen\u0117jimas. \u201eTianDe\u201c vibruojantis aki\u0173 masa\u017euoklis yra modernus prietaisas, [...]","og_url":"https:\/\/tiandeproducts.co.uk\/lt\/vibracinis-masazuoklis-akiu-zonai-1-vnt\/","og_site_name":"TianDe Online Shop - Beauty &amp; Health","article_publisher":"https:\/\/www.facebook.com\/tiande.products.england\/","article_modified_time":"2021-02-05T18:30:00+00:00","og_image":[{"width":700,"height":700,"url":"https:\/\/tiandeproducts.co.uk\/wp-content\/uploads\/90178.png","type":"image\/png"}],"twitter_card":"summary_large_image","twitter_misc":{"Est. reading time":"1 minut\u0117"},"schema":{"@context":"https:\/\/schema.org","@graph":[{"@type":"WebPage","@id":"https:\/\/tiandeproducts.co.uk\/lt\/vibracinis-masazuoklis-akiu-zonai-1-vnt\/","url":"https:\/\/tiandeproducts.co.uk\/lt\/vibracinis-masazuoklis-akiu-zonai-1-vnt\/","name":"Vibracinis masa\u017euoklis aki\u0173 zonai 1 vnt. - TianDe Online Shop - Beauty &amp; Health","isPartOf":{"@id":"https:\/\/tiandeproducts.co.uk\/#website"},"primaryImageOfPage":{"@id":"https:\/\/tiandeproducts.co.uk\/lt\/vibracinis-masazuoklis-akiu-zonai-1-vnt\/#primaryimage"},"image":{"@id":"https:\/\/tiandeproducts.co.uk\/lt\/vibracinis-masazuoklis-akiu-zonai-1-vnt\/#primaryimage"},"thumbnailUrl":"https:\/\/tiandeproducts.co.uk\/wp-content\/uploads\/90178.png","datePublished":"2019-08-19T19:52:08+00:00","dateModified":"2021-02-05T18:30:00+00:00","breadcrumb":{"@id":"https:\/\/tiandeproducts.co.uk\/lt\/vibracinis-masazuoklis-akiu-zonai-1-vnt\/#breadcrumb"},"inLanguage":"lt-LT","potentialAction":[{"@type":"ReadAction","target":["https:\/\/tiandeproducts.co.uk\/lt\/vibracinis-masazuoklis-akiu-zonai-1-vnt\/"]}]},{"@type":"ImageObject","inLanguage":"lt-LT","@id":"https:\/\/tiandeproducts.co.uk\/lt\/vibracinis-masazuoklis-akiu-zonai-1-vnt\/#primaryimage","url":"https:\/\/tiandeproducts.co.uk\/wp-content\/uploads\/90178.png","contentUrl":"https:\/\/tiandeproducts.co.uk\/wp-content\/uploads\/90178.png","width":700,"height":700},{"@type":"BreadcrumbList","@id":"https:\/\/tiandeproducts.co.uk\/lt\/vibracinis-masazuoklis-akiu-zonai-1-vnt\/#breadcrumb","itemListElement":[{"@type":"ListItem","position":1,"name":"Home","item":"https:\/\/tiandeproducts.co.uk\/lt\/"},{"@type":"ListItem","position":2,"name":"Shop","item":"https:\/\/tiandeproducts.co.uk\/lt\/shop-2\/"},{"@type":"ListItem","position":3,"name":"Vibracinis masa\u017euoklis aki\u0173 zonai 1 vnt."}]},{"@type":"WebSite","@id":"https:\/\/tiandeproducts.co.uk\/#website","url":"https:\/\/tiandeproducts.co.uk\/","name":"TianDe Online Shop - Beauty & Health","description":"Traditional Chinese Medicine","potentialAction":[{"@type":"SearchAction","target":{"@type":"EntryPoint","urlTemplate":"https:\/\/tiandeproducts.co.uk\/?s={search_term_string}"},"query-input":{"@type":"PropertyValueSpecification","valueRequired":true,"valueName":"search_term_string"}}],"inLanguage":"lt-LT"}]}},"_links":{"self":[{"href":"https:\/\/tiandeproducts.co.uk\/lt\/wp-json\/wp\/v2\/product\/4258","targetHints":{"allow":["GET"]}}],"collection":[{"href":"https:\/\/tiandeproducts.co.uk\/lt\/wp-json\/wp\/v2\/product"}],"about":[{"href":"https:\/\/tiandeproducts.co.uk\/lt\/wp-json\/wp\/v2\/types\/product"}],"replies":[{"embeddable":true,"href":"https:\/\/tiandeproducts.co.uk\/lt\/wp-json\/wp\/v2\/comments?post=4258"}],"wp:featuredmedia":[{"embeddable":true,"href":"https:\/\/tiandeproducts.co.uk\/lt\/wp-json\/wp\/v2\/media\/4253"}],"wp:attachment":[{"href":"https:\/\/tiandeproducts.co.uk\/lt\/wp-json\/wp\/v2\/media?parent=4258"}],"wp:term":[{"taxonomy":"product_cat","embeddable":true,"href":"https:\/\/tiandeproducts.co.uk\/lt\/wp-json\/wp\/v2\/product_cat?post=4258"},{"taxonomy":"product_tag","embeddable":true,"href":"https:\/\/tiandeproducts.co.uk\/lt\/wp-json\/wp\/v2\/product_tag?post=4258"}],"curies":[{"name":"wp","href":"https:\/\/api.w.org\/{rel}","templated":true}]}}