{"id":4248,"date":"2019-08-19T20:30:39","date_gmt":"2019-08-19T19:30:39","guid":{"rendered":"https:\/\/tnd.ontesting.co.uk\/raminantis-prausiklis-veidui-160-ml\/"},"modified":"2021-02-05T18:30:53","modified_gmt":"2021-02-05T18:30:53","slug":"raminantis-prausiklis-veidui-160-ml","status":"publish","type":"product","link":"https:\/\/tiandeproducts.co.uk\/lt\/raminantis-prausiklis-veidui-160-ml\/","title":{"rendered":"Raminantis prausiklis veidui 160 ml."},"content":{"rendered":"<p><img decoding=\"async\" style=\"max-width: 16px; margin-right: 5px;\" src=\"https:\/\/tiandeproducts.co.uk\/wp-content\/uploads\/points-green.svg\" \/>\u00a0Earn 23 points worth \u00a31.15 when buying this product<\/p>\n<p>&#8222;Vita Derm&#8221; serija yra puiki fitoapsauga odai, kuri yra jautri aplinkos poveikiui arba tapo jautri \u0161iuolaikinio didmies\u010dio s\u0105lygoms.<\/p>\n<p>Pirmasis prie\u017ei\u016bros \u017eingsnis &#8211; valymas &#8211; tur\u0117t\u0173 b\u016bti ypa\u010d \u0161velnus! Da\u017enai d\u0117l netinkamo prausimosi oda tampa jautri. &#8222;Vita Derm&#8221; raminantis veido prausiklis yra naujas valymo lygis! Jis:<\/p>\n<ul>\n<li>labai \u0161velniai valo bet kokio tipo od\u0105, palaikydama jos apsaugin\u012f barjer\u0105;<\/li>\n<li>nesukelia tempimo jausmo;<\/li>\n<li>suteikia komforto ir \u0161velnumo.<\/li>\n<\/ul>\n<p>Svarbu: putos tinka vis\u0173 tip\u0173 odai!<\/p>\n<p>Putuose yra galingi regeneruojantys ir raminantys kompleksai + beta gliukanas, pantenolis ir natrio hialuronatas.<\/p>\n<p>Naudoti \u0161i\u0105 priemon\u0119 yra tikras malonumas: patogaus dozatoriaus d\u0117ka J\u016bs gaunate mink\u0161\u010diausi\u0173 put\u0173 debes\u012f.<\/p>\n<p><strong>Naudojimas:<\/strong> lengvais masa\u017einiais judesiais tepkite putas ant dr\u0117gnos veido odos. Nuplaukite \u0161iltu vandeniu. Naudokite ryte ir vakare.<\/p>\n","protected":false},"excerpt":{"rendered":"<p>\u00a0Earn 23 points worth \u00a31.15 when buying this product &#8222;Vita Derm&#8221; serija yra puiki fitoapsauga odai, kuri yra jautri aplinkos poveikiui arba tapo jautri \u0161iuolaikinio didmies\u010dio s\u0105lygoms. Pirmasis prie\u017ei\u016bros \u017eingsnis &#8211; valymas &#8211; tur\u0117t\u0173 b\u016bti ypa\u010d \u0161velnus! Da\u017enai d\u0117l netinkamo prausimosi oda tampa jautri. &#8222;Vita Derm&#8221; raminantis veido prausiklis yra naujas valymo lygis! Jis: labai [&#8230;]\n","protected":false},"featured_media":4245,"comment_status":"open","ping_status":"closed","template":"","meta":[],"product_cat":[532,561,506,1321],"product_tag":[],"class_list":{"0":"post-4248","1":"product","2":"type-product","3":"status-publish","4":"has-post-thumbnail","6":"product_cat-jautriai-odai","7":"product_cat-veido-prausikliaipilingai","8":"product_cat-veidui","9":"product_cat-vita-derm-lt","11":"first","12":"instock","13":"shipping-taxable","14":"purchasable","15":"product-type-simple"},"yoast_head":"<!-- This site is optimized with the Yoast SEO plugin v23.6 - https:\/\/yoast.com\/wordpress\/plugins\/seo\/ -->\n<title>Raminantis prausiklis veidui 160 ml. - TianDe Online Shop - Beauty &amp; Health<\/title>\n<meta name=\"robots\" content=\"index, follow, max-snippet:-1, max-image-preview:large, max-video-preview:-1\" \/>\n<link rel=\"canonical\" href=\"https:\/\/tiandeproducts.co.uk\/lt\/raminantis-prausiklis-veidui-160-ml\/\" \/>\n<meta property=\"og:locale\" content=\"lt_LT\" \/>\n<meta property=\"og:type\" content=\"article\" \/>\n<meta property=\"og:title\" content=\"Raminantis prausiklis veidui 160 ml. - TianDe Online Shop - Beauty &amp; Health\" \/>\n<meta property=\"og:description\" content=\"\u00a0Earn 23 points worth \u00a31.15 when buying this product &#8222;Vita Derm&#8221; serija yra puiki fitoapsauga odai, kuri yra jautri aplinkos poveikiui arba tapo jautri \u0161iuolaikinio didmies\u010dio s\u0105lygoms. Pirmasis prie\u017ei\u016bros \u017eingsnis &#8211; valymas &#8211; tur\u0117t\u0173 b\u016bti ypa\u010d \u0161velnus! Da\u017enai d\u0117l netinkamo prausimosi oda tampa jautri. &#8222;Vita Derm&#8221; raminantis veido prausiklis yra naujas valymo lygis! Jis: labai [...]\" \/>\n<meta property=\"og:url\" content=\"https:\/\/tiandeproducts.co.uk\/lt\/raminantis-prausiklis-veidui-160-ml\/\" \/>\n<meta property=\"og:site_name\" content=\"TianDe Online Shop - Beauty &amp; Health\" \/>\n<meta property=\"article:publisher\" content=\"https:\/\/www.facebook.com\/tiande.products.england\/\" \/>\n<meta property=\"article:modified_time\" content=\"2021-02-05T18:30:53+00:00\" \/>\n<meta property=\"og:image\" content=\"https:\/\/tiandeproducts.co.uk\/wp-content\/uploads\/16304.png\" \/>\n\t<meta property=\"og:image:width\" content=\"700\" \/>\n\t<meta property=\"og:image:height\" content=\"700\" \/>\n\t<meta property=\"og:image:type\" content=\"image\/png\" \/>\n<meta name=\"twitter:card\" content=\"summary_large_image\" \/>\n<meta name=\"twitter:label1\" content=\"Est. reading time\" \/>\n\t<meta name=\"twitter:data1\" content=\"1 minut\u0117\" \/>\n<script type=\"application\/ld+json\" class=\"yoast-schema-graph\">{\"@context\":\"https:\/\/schema.org\",\"@graph\":[{\"@type\":\"WebPage\",\"@id\":\"https:\/\/tiandeproducts.co.uk\/lt\/raminantis-prausiklis-veidui-160-ml\/\",\"url\":\"https:\/\/tiandeproducts.co.uk\/lt\/raminantis-prausiklis-veidui-160-ml\/\",\"name\":\"Raminantis prausiklis veidui 160 ml. - TianDe Online Shop - Beauty &amp; Health\",\"isPartOf\":{\"@id\":\"https:\/\/tiandeproducts.co.uk\/#website\"},\"primaryImageOfPage\":{\"@id\":\"https:\/\/tiandeproducts.co.uk\/lt\/raminantis-prausiklis-veidui-160-ml\/#primaryimage\"},\"image\":{\"@id\":\"https:\/\/tiandeproducts.co.uk\/lt\/raminantis-prausiklis-veidui-160-ml\/#primaryimage\"},\"thumbnailUrl\":\"https:\/\/tiandeproducts.co.uk\/wp-content\/uploads\/16304.png\",\"datePublished\":\"2019-08-19T19:30:39+00:00\",\"dateModified\":\"2021-02-05T18:30:53+00:00\",\"breadcrumb\":{\"@id\":\"https:\/\/tiandeproducts.co.uk\/lt\/raminantis-prausiklis-veidui-160-ml\/#breadcrumb\"},\"inLanguage\":\"lt-LT\",\"potentialAction\":[{\"@type\":\"ReadAction\",\"target\":[\"https:\/\/tiandeproducts.co.uk\/lt\/raminantis-prausiklis-veidui-160-ml\/\"]}]},{\"@type\":\"ImageObject\",\"inLanguage\":\"lt-LT\",\"@id\":\"https:\/\/tiandeproducts.co.uk\/lt\/raminantis-prausiklis-veidui-160-ml\/#primaryimage\",\"url\":\"https:\/\/tiandeproducts.co.uk\/wp-content\/uploads\/16304.png\",\"contentUrl\":\"https:\/\/tiandeproducts.co.uk\/wp-content\/uploads\/16304.png\",\"width\":700,\"height\":700},{\"@type\":\"BreadcrumbList\",\"@id\":\"https:\/\/tiandeproducts.co.uk\/lt\/raminantis-prausiklis-veidui-160-ml\/#breadcrumb\",\"itemListElement\":[{\"@type\":\"ListItem\",\"position\":1,\"name\":\"Home\",\"item\":\"https:\/\/tiandeproducts.co.uk\/lt\/\"},{\"@type\":\"ListItem\",\"position\":2,\"name\":\"Shop\",\"item\":\"https:\/\/tiandeproducts.co.uk\/lt\/shop-2\/\"},{\"@type\":\"ListItem\",\"position\":3,\"name\":\"Raminantis prausiklis veidui 160 ml.\"}]},{\"@type\":\"WebSite\",\"@id\":\"https:\/\/tiandeproducts.co.uk\/#website\",\"url\":\"https:\/\/tiandeproducts.co.uk\/\",\"name\":\"TianDe Online Shop - Beauty & Health\",\"description\":\"Traditional Chinese Medicine\",\"potentialAction\":[{\"@type\":\"SearchAction\",\"target\":{\"@type\":\"EntryPoint\",\"urlTemplate\":\"https:\/\/tiandeproducts.co.uk\/?s={search_term_string}\"},\"query-input\":{\"@type\":\"PropertyValueSpecification\",\"valueRequired\":true,\"valueName\":\"search_term_string\"}}],\"inLanguage\":\"lt-LT\"}]}<\/script>\n<!-- \/ Yoast SEO plugin. -->","yoast_head_json":{"title":"Raminantis prausiklis veidui 160 ml. - TianDe Online Shop - Beauty &amp; Health","robots":{"index":"index","follow":"follow","max-snippet":"max-snippet:-1","max-image-preview":"max-image-preview:large","max-video-preview":"max-video-preview:-1"},"canonical":"https:\/\/tiandeproducts.co.uk\/lt\/raminantis-prausiklis-veidui-160-ml\/","og_locale":"lt_LT","og_type":"article","og_title":"Raminantis prausiklis veidui 160 ml. - TianDe Online Shop - Beauty &amp; Health","og_description":"\u00a0Earn 23 points worth \u00a31.15 when buying this product &#8222;Vita Derm&#8221; serija yra puiki fitoapsauga odai, kuri yra jautri aplinkos poveikiui arba tapo jautri \u0161iuolaikinio didmies\u010dio s\u0105lygoms. Pirmasis prie\u017ei\u016bros \u017eingsnis &#8211; valymas &#8211; tur\u0117t\u0173 b\u016bti ypa\u010d \u0161velnus! Da\u017enai d\u0117l netinkamo prausimosi oda tampa jautri. &#8222;Vita Derm&#8221; raminantis veido prausiklis yra naujas valymo lygis! Jis: labai [...]","og_url":"https:\/\/tiandeproducts.co.uk\/lt\/raminantis-prausiklis-veidui-160-ml\/","og_site_name":"TianDe Online Shop - Beauty &amp; Health","article_publisher":"https:\/\/www.facebook.com\/tiande.products.england\/","article_modified_time":"2021-02-05T18:30:53+00:00","og_image":[{"width":700,"height":700,"url":"https:\/\/tiandeproducts.co.uk\/wp-content\/uploads\/16304.png","type":"image\/png"}],"twitter_card":"summary_large_image","twitter_misc":{"Est. reading time":"1 minut\u0117"},"schema":{"@context":"https:\/\/schema.org","@graph":[{"@type":"WebPage","@id":"https:\/\/tiandeproducts.co.uk\/lt\/raminantis-prausiklis-veidui-160-ml\/","url":"https:\/\/tiandeproducts.co.uk\/lt\/raminantis-prausiklis-veidui-160-ml\/","name":"Raminantis prausiklis veidui 160 ml. - TianDe Online Shop - Beauty &amp; Health","isPartOf":{"@id":"https:\/\/tiandeproducts.co.uk\/#website"},"primaryImageOfPage":{"@id":"https:\/\/tiandeproducts.co.uk\/lt\/raminantis-prausiklis-veidui-160-ml\/#primaryimage"},"image":{"@id":"https:\/\/tiandeproducts.co.uk\/lt\/raminantis-prausiklis-veidui-160-ml\/#primaryimage"},"thumbnailUrl":"https:\/\/tiandeproducts.co.uk\/wp-content\/uploads\/16304.png","datePublished":"2019-08-19T19:30:39+00:00","dateModified":"2021-02-05T18:30:53+00:00","breadcrumb":{"@id":"https:\/\/tiandeproducts.co.uk\/lt\/raminantis-prausiklis-veidui-160-ml\/#breadcrumb"},"inLanguage":"lt-LT","potentialAction":[{"@type":"ReadAction","target":["https:\/\/tiandeproducts.co.uk\/lt\/raminantis-prausiklis-veidui-160-ml\/"]}]},{"@type":"ImageObject","inLanguage":"lt-LT","@id":"https:\/\/tiandeproducts.co.uk\/lt\/raminantis-prausiklis-veidui-160-ml\/#primaryimage","url":"https:\/\/tiandeproducts.co.uk\/wp-content\/uploads\/16304.png","contentUrl":"https:\/\/tiandeproducts.co.uk\/wp-content\/uploads\/16304.png","width":700,"height":700},{"@type":"BreadcrumbList","@id":"https:\/\/tiandeproducts.co.uk\/lt\/raminantis-prausiklis-veidui-160-ml\/#breadcrumb","itemListElement":[{"@type":"ListItem","position":1,"name":"Home","item":"https:\/\/tiandeproducts.co.uk\/lt\/"},{"@type":"ListItem","position":2,"name":"Shop","item":"https:\/\/tiandeproducts.co.uk\/lt\/shop-2\/"},{"@type":"ListItem","position":3,"name":"Raminantis prausiklis veidui 160 ml."}]},{"@type":"WebSite","@id":"https:\/\/tiandeproducts.co.uk\/#website","url":"https:\/\/tiandeproducts.co.uk\/","name":"TianDe Online Shop - Beauty & Health","description":"Traditional Chinese Medicine","potentialAction":[{"@type":"SearchAction","target":{"@type":"EntryPoint","urlTemplate":"https:\/\/tiandeproducts.co.uk\/?s={search_term_string}"},"query-input":{"@type":"PropertyValueSpecification","valueRequired":true,"valueName":"search_term_string"}}],"inLanguage":"lt-LT"}]}},"_links":{"self":[{"href":"https:\/\/tiandeproducts.co.uk\/lt\/wp-json\/wp\/v2\/product\/4248","targetHints":{"allow":["GET"]}}],"collection":[{"href":"https:\/\/tiandeproducts.co.uk\/lt\/wp-json\/wp\/v2\/product"}],"about":[{"href":"https:\/\/tiandeproducts.co.uk\/lt\/wp-json\/wp\/v2\/types\/product"}],"replies":[{"embeddable":true,"href":"https:\/\/tiandeproducts.co.uk\/lt\/wp-json\/wp\/v2\/comments?post=4248"}],"wp:featuredmedia":[{"embeddable":true,"href":"https:\/\/tiandeproducts.co.uk\/lt\/wp-json\/wp\/v2\/media\/4245"}],"wp:attachment":[{"href":"https:\/\/tiandeproducts.co.uk\/lt\/wp-json\/wp\/v2\/media?parent=4248"}],"wp:term":[{"taxonomy":"product_cat","embeddable":true,"href":"https:\/\/tiandeproducts.co.uk\/lt\/wp-json\/wp\/v2\/product_cat?post=4248"},{"taxonomy":"product_tag","embeddable":true,"href":"https:\/\/tiandeproducts.co.uk\/lt\/wp-json\/wp\/v2\/product_tag?post=4248"}],"curies":[{"name":"wp","href":"https:\/\/api.w.org\/{rel}","templated":true}]}}