{"id":4242,"date":"2019-08-19T20:18:04","date_gmt":"2019-08-19T19:18:04","guid":{"rendered":"https:\/\/tnd.ontesting.co.uk\/jauninantis-veido-toneris-100-ml\/"},"modified":"2021-02-05T18:31:36","modified_gmt":"2021-02-05T18:31:36","slug":"jauninantis-veido-toneris-100-ml","status":"publish","type":"product","link":"https:\/\/tiandeproducts.co.uk\/lt\/jauninantis-veido-toneris-100-ml\/","title":{"rendered":"Jauninantis veido toneris 100 ml."},"content":{"rendered":"<p><img decoding=\"async\" style=\"max-width: 16px; margin-right: 5px;\" src=\"https:\/\/tiandeproducts.co.uk\/wp-content\/uploads\/points-green.svg\" \/>\u00a0Earn 23 points worth \u00a31.15 when buying this product<\/p>\n<p>&#8222;Vita Derm&#8221; serija yra puiki fitoapsauga odai, kuri yra jautri aplinkos poveikiui arba tapo jautri \u0161iuolaikinio didmies\u010dio s\u0105lygoms.<\/p>\n<p>Tonikas Vita Derm &#8211; tai privalomo odos prie\u017ei\u016bros etapo priemon\u0117 po valymo. Negalima painioti su toniku! Toneris yra visavertis dr\u0117kintuvas, &#8222;paruo\u0161iantis keli\u0105&#8221; tankesnei kremo strukt\u016brai ir sustiprinantis v\u0117lesn\u012f jo poveik\u012f. Jis:<br \/>\n&#8211; atstato odos dr\u0117gm\u0119 po valymo;<br \/>\n&#8211; padeda i\u0161laikyti apsaugin\u012f barjer\u0105;<br \/>\n&#8211; ramina ir mink\u0161tina od\u0105;<br \/>\n&#8211; apsaugo nuo paraudimo;<br \/>\n&#8211; sukuria &#8222;aksomin\u012f efekt\u0105&#8221; &#8211; oda tampa labai \u0161velni ir \u0161ilkin\u0117.<\/p>\n<p>Tonerio pagrindas yra galingas keturi\u0173 skirting\u0173 form\u0173 hialurono r\u016bg\u0161ties dr\u0117kinamasis kompleksas, atstatantys ir raminantys kompleksai, taip pat efektyvus beta-gliukano, pantenolio ir natrio hialuronatas.<\/p>\n<p>Vita Derm sud\u0117tyje n\u0117ra paraben\u0173, da\u017eikli\u0173 ir alkoholio!<\/p>\n<p><strong>Naudojimas:<\/strong> pir\u0161t\u0173 galiukais paskirstykite toner\u012f ant veido. Galite naudoti medvilnin\u012f diskel\u012f. Neplaukite. Nor\u0117dami gauti geriausi\u0105 efekt\u0105, naudokite ryte ir vakare.<\/p>\n<p>&nbsp;<\/p>\n<p>&nbsp;<\/p>\n","protected":false},"excerpt":{"rendered":"<p>\u00a0Earn 23 points worth \u00a31.15 when buying this product &#8222;Vita Derm&#8221; serija yra puiki fitoapsauga odai, kuri yra jautri aplinkos poveikiui arba tapo jautri \u0161iuolaikinio didmies\u010dio s\u0105lygoms. Tonikas Vita Derm &#8211; tai privalomo odos prie\u017ei\u016bros etapo priemon\u0117 po valymo. Negalima painioti su toniku! Toneris yra visavertis dr\u0117kintuvas, &#8222;paruo\u0161iantis keli\u0105&#8221; tankesnei kremo strukt\u016brai ir sustiprinantis v\u0117lesn\u012f [&#8230;]\n","protected":false},"featured_media":4237,"comment_status":"open","ping_status":"closed","template":"","meta":[],"product_cat":[610,506,1321],"product_tag":[],"class_list":{"0":"post-4242","1":"product","2":"type-product","3":"status-publish","4":"has-post-thumbnail","6":"product_cat-tonikai-ir-losjonai","7":"product_cat-veidui","8":"product_cat-vita-derm-lt","10":"first","11":"instock","12":"shipping-taxable","13":"purchasable","14":"product-type-simple"},"yoast_head":"<!-- This site is optimized with the Yoast SEO plugin v23.6 - https:\/\/yoast.com\/wordpress\/plugins\/seo\/ -->\n<title>Jauninantis veido toneris 100 ml. - TianDe Online Shop - Beauty &amp; Health<\/title>\n<meta name=\"robots\" content=\"index, follow, max-snippet:-1, max-image-preview:large, max-video-preview:-1\" \/>\n<link rel=\"canonical\" href=\"https:\/\/tiandeproducts.co.uk\/lt\/jauninantis-veido-toneris-100-ml\/\" \/>\n<meta property=\"og:locale\" content=\"lt_LT\" \/>\n<meta property=\"og:type\" content=\"article\" \/>\n<meta property=\"og:title\" content=\"Jauninantis veido toneris 100 ml. - TianDe Online Shop - Beauty &amp; Health\" \/>\n<meta property=\"og:description\" content=\"\u00a0Earn 23 points worth \u00a31.15 when buying this product &#8222;Vita Derm&#8221; serija yra puiki fitoapsauga odai, kuri yra jautri aplinkos poveikiui arba tapo jautri \u0161iuolaikinio didmies\u010dio s\u0105lygoms. Tonikas Vita Derm &#8211; tai privalomo odos prie\u017ei\u016bros etapo priemon\u0117 po valymo. Negalima painioti su toniku! Toneris yra visavertis dr\u0117kintuvas, &#8222;paruo\u0161iantis keli\u0105&#8221; tankesnei kremo strukt\u016brai ir sustiprinantis v\u0117lesn\u012f [...]\" \/>\n<meta property=\"og:url\" content=\"https:\/\/tiandeproducts.co.uk\/lt\/jauninantis-veido-toneris-100-ml\/\" \/>\n<meta property=\"og:site_name\" content=\"TianDe Online Shop - Beauty &amp; Health\" \/>\n<meta property=\"article:publisher\" content=\"https:\/\/www.facebook.com\/tiande.products.england\/\" \/>\n<meta property=\"article:modified_time\" content=\"2021-02-05T18:31:36+00:00\" \/>\n<meta property=\"og:image\" content=\"https:\/\/tiandeproducts.co.uk\/wp-content\/uploads\/16303.png\" \/>\n\t<meta property=\"og:image:width\" content=\"700\" \/>\n\t<meta property=\"og:image:height\" content=\"700\" \/>\n\t<meta property=\"og:image:type\" content=\"image\/png\" \/>\n<meta name=\"twitter:card\" content=\"summary_large_image\" \/>\n<meta name=\"twitter:label1\" content=\"Est. reading time\" \/>\n\t<meta name=\"twitter:data1\" content=\"1 minut\u0117\" \/>\n<script type=\"application\/ld+json\" class=\"yoast-schema-graph\">{\"@context\":\"https:\/\/schema.org\",\"@graph\":[{\"@type\":\"WebPage\",\"@id\":\"https:\/\/tiandeproducts.co.uk\/lt\/jauninantis-veido-toneris-100-ml\/\",\"url\":\"https:\/\/tiandeproducts.co.uk\/lt\/jauninantis-veido-toneris-100-ml\/\",\"name\":\"Jauninantis veido toneris 100 ml. - TianDe Online Shop - Beauty &amp; Health\",\"isPartOf\":{\"@id\":\"https:\/\/tiandeproducts.co.uk\/#website\"},\"primaryImageOfPage\":{\"@id\":\"https:\/\/tiandeproducts.co.uk\/lt\/jauninantis-veido-toneris-100-ml\/#primaryimage\"},\"image\":{\"@id\":\"https:\/\/tiandeproducts.co.uk\/lt\/jauninantis-veido-toneris-100-ml\/#primaryimage\"},\"thumbnailUrl\":\"https:\/\/tiandeproducts.co.uk\/wp-content\/uploads\/16303.png\",\"datePublished\":\"2019-08-19T19:18:04+00:00\",\"dateModified\":\"2021-02-05T18:31:36+00:00\",\"breadcrumb\":{\"@id\":\"https:\/\/tiandeproducts.co.uk\/lt\/jauninantis-veido-toneris-100-ml\/#breadcrumb\"},\"inLanguage\":\"lt-LT\",\"potentialAction\":[{\"@type\":\"ReadAction\",\"target\":[\"https:\/\/tiandeproducts.co.uk\/lt\/jauninantis-veido-toneris-100-ml\/\"]}]},{\"@type\":\"ImageObject\",\"inLanguage\":\"lt-LT\",\"@id\":\"https:\/\/tiandeproducts.co.uk\/lt\/jauninantis-veido-toneris-100-ml\/#primaryimage\",\"url\":\"https:\/\/tiandeproducts.co.uk\/wp-content\/uploads\/16303.png\",\"contentUrl\":\"https:\/\/tiandeproducts.co.uk\/wp-content\/uploads\/16303.png\",\"width\":700,\"height\":700},{\"@type\":\"BreadcrumbList\",\"@id\":\"https:\/\/tiandeproducts.co.uk\/lt\/jauninantis-veido-toneris-100-ml\/#breadcrumb\",\"itemListElement\":[{\"@type\":\"ListItem\",\"position\":1,\"name\":\"Home\",\"item\":\"https:\/\/tiandeproducts.co.uk\/lt\/\"},{\"@type\":\"ListItem\",\"position\":2,\"name\":\"Shop\",\"item\":\"https:\/\/tiandeproducts.co.uk\/lt\/shop-2\/\"},{\"@type\":\"ListItem\",\"position\":3,\"name\":\"Jauninantis veido toneris 100 ml.\"}]},{\"@type\":\"WebSite\",\"@id\":\"https:\/\/tiandeproducts.co.uk\/#website\",\"url\":\"https:\/\/tiandeproducts.co.uk\/\",\"name\":\"TianDe Online Shop - Beauty & Health\",\"description\":\"Traditional Chinese Medicine\",\"potentialAction\":[{\"@type\":\"SearchAction\",\"target\":{\"@type\":\"EntryPoint\",\"urlTemplate\":\"https:\/\/tiandeproducts.co.uk\/?s={search_term_string}\"},\"query-input\":{\"@type\":\"PropertyValueSpecification\",\"valueRequired\":true,\"valueName\":\"search_term_string\"}}],\"inLanguage\":\"lt-LT\"}]}<\/script>\n<!-- \/ Yoast SEO plugin. -->","yoast_head_json":{"title":"Jauninantis veido toneris 100 ml. - TianDe Online Shop - Beauty &amp; Health","robots":{"index":"index","follow":"follow","max-snippet":"max-snippet:-1","max-image-preview":"max-image-preview:large","max-video-preview":"max-video-preview:-1"},"canonical":"https:\/\/tiandeproducts.co.uk\/lt\/jauninantis-veido-toneris-100-ml\/","og_locale":"lt_LT","og_type":"article","og_title":"Jauninantis veido toneris 100 ml. - TianDe Online Shop - Beauty &amp; Health","og_description":"\u00a0Earn 23 points worth \u00a31.15 when buying this product &#8222;Vita Derm&#8221; serija yra puiki fitoapsauga odai, kuri yra jautri aplinkos poveikiui arba tapo jautri \u0161iuolaikinio didmies\u010dio s\u0105lygoms. Tonikas Vita Derm &#8211; tai privalomo odos prie\u017ei\u016bros etapo priemon\u0117 po valymo. Negalima painioti su toniku! Toneris yra visavertis dr\u0117kintuvas, &#8222;paruo\u0161iantis keli\u0105&#8221; tankesnei kremo strukt\u016brai ir sustiprinantis v\u0117lesn\u012f [...]","og_url":"https:\/\/tiandeproducts.co.uk\/lt\/jauninantis-veido-toneris-100-ml\/","og_site_name":"TianDe Online Shop - Beauty &amp; Health","article_publisher":"https:\/\/www.facebook.com\/tiande.products.england\/","article_modified_time":"2021-02-05T18:31:36+00:00","og_image":[{"width":700,"height":700,"url":"https:\/\/tiandeproducts.co.uk\/wp-content\/uploads\/16303.png","type":"image\/png"}],"twitter_card":"summary_large_image","twitter_misc":{"Est. reading time":"1 minut\u0117"},"schema":{"@context":"https:\/\/schema.org","@graph":[{"@type":"WebPage","@id":"https:\/\/tiandeproducts.co.uk\/lt\/jauninantis-veido-toneris-100-ml\/","url":"https:\/\/tiandeproducts.co.uk\/lt\/jauninantis-veido-toneris-100-ml\/","name":"Jauninantis veido toneris 100 ml. - TianDe Online Shop - Beauty &amp; Health","isPartOf":{"@id":"https:\/\/tiandeproducts.co.uk\/#website"},"primaryImageOfPage":{"@id":"https:\/\/tiandeproducts.co.uk\/lt\/jauninantis-veido-toneris-100-ml\/#primaryimage"},"image":{"@id":"https:\/\/tiandeproducts.co.uk\/lt\/jauninantis-veido-toneris-100-ml\/#primaryimage"},"thumbnailUrl":"https:\/\/tiandeproducts.co.uk\/wp-content\/uploads\/16303.png","datePublished":"2019-08-19T19:18:04+00:00","dateModified":"2021-02-05T18:31:36+00:00","breadcrumb":{"@id":"https:\/\/tiandeproducts.co.uk\/lt\/jauninantis-veido-toneris-100-ml\/#breadcrumb"},"inLanguage":"lt-LT","potentialAction":[{"@type":"ReadAction","target":["https:\/\/tiandeproducts.co.uk\/lt\/jauninantis-veido-toneris-100-ml\/"]}]},{"@type":"ImageObject","inLanguage":"lt-LT","@id":"https:\/\/tiandeproducts.co.uk\/lt\/jauninantis-veido-toneris-100-ml\/#primaryimage","url":"https:\/\/tiandeproducts.co.uk\/wp-content\/uploads\/16303.png","contentUrl":"https:\/\/tiandeproducts.co.uk\/wp-content\/uploads\/16303.png","width":700,"height":700},{"@type":"BreadcrumbList","@id":"https:\/\/tiandeproducts.co.uk\/lt\/jauninantis-veido-toneris-100-ml\/#breadcrumb","itemListElement":[{"@type":"ListItem","position":1,"name":"Home","item":"https:\/\/tiandeproducts.co.uk\/lt\/"},{"@type":"ListItem","position":2,"name":"Shop","item":"https:\/\/tiandeproducts.co.uk\/lt\/shop-2\/"},{"@type":"ListItem","position":3,"name":"Jauninantis veido toneris 100 ml."}]},{"@type":"WebSite","@id":"https:\/\/tiandeproducts.co.uk\/#website","url":"https:\/\/tiandeproducts.co.uk\/","name":"TianDe Online Shop - Beauty & Health","description":"Traditional Chinese Medicine","potentialAction":[{"@type":"SearchAction","target":{"@type":"EntryPoint","urlTemplate":"https:\/\/tiandeproducts.co.uk\/?s={search_term_string}"},"query-input":{"@type":"PropertyValueSpecification","valueRequired":true,"valueName":"search_term_string"}}],"inLanguage":"lt-LT"}]}},"_links":{"self":[{"href":"https:\/\/tiandeproducts.co.uk\/lt\/wp-json\/wp\/v2\/product\/4242","targetHints":{"allow":["GET"]}}],"collection":[{"href":"https:\/\/tiandeproducts.co.uk\/lt\/wp-json\/wp\/v2\/product"}],"about":[{"href":"https:\/\/tiandeproducts.co.uk\/lt\/wp-json\/wp\/v2\/types\/product"}],"replies":[{"embeddable":true,"href":"https:\/\/tiandeproducts.co.uk\/lt\/wp-json\/wp\/v2\/comments?post=4242"}],"wp:featuredmedia":[{"embeddable":true,"href":"https:\/\/tiandeproducts.co.uk\/lt\/wp-json\/wp\/v2\/media\/4237"}],"wp:attachment":[{"href":"https:\/\/tiandeproducts.co.uk\/lt\/wp-json\/wp\/v2\/media?parent=4242"}],"wp:term":[{"taxonomy":"product_cat","embeddable":true,"href":"https:\/\/tiandeproducts.co.uk\/lt\/wp-json\/wp\/v2\/product_cat?post=4242"},{"taxonomy":"product_tag","embeddable":true,"href":"https:\/\/tiandeproducts.co.uk\/lt\/wp-json\/wp\/v2\/product_tag?post=4242"}],"curies":[{"name":"wp","href":"https:\/\/api.w.org\/{rel}","templated":true}]}}